{"id":83738,"date":"2026-02-18T08:18:57","date_gmt":"2026-02-18T06:18:57","guid":{"rendered":"https:\/\/kidsplay.lt\/produktas\/rozinis-elektrinis-motoroleris-vespa-gts-300-mini\/"},"modified":"2026-04-10T10:03:47","modified_gmt":"2026-04-10T07:03:47","slug":"rozinis-elektrinis-motoroleris-vespa-gts-300-mini","status":"publish","type":"product","link":"https:\/\/kidsplay.lt\/lv\/products\/rozinis-elektrinis-motoroleris-vespa-gts-300-mini\/","title":{"rendered":"Roz\u0101 elektriskais skrejritenis Vespa GTS 300 Mini"},"content":{"rendered":"<p>Ro\u017einis elektrinis motoroleris \u201eVespa GTS 300 Mini\u201c<br \/>\nNuo \u0161iol j\u016bs\u0173 vaikas gali tur\u0117ti savo nuosav\u0105 motoroler\u012f! I\u0161pildykite savo ma\u017eylio svajon\u0119 nupirkdami patog\u0173, baterija varom\u0105 \u201eVespa GTS 300 Mini\u201c ry\u0161kios ro\u017ein\u0117s spalvos. Ugdykite vaiko aistr\u0105 jau dabar \u2013 ateityje gal\u0117site ja dalintis kartu, \u012fveikdami pla\u010dius takus drauge. Leiskite jam pajusti savaranki\u0161ko vairavimo d\u017eiaugsm\u0105 ir laisv\u0119!<br \/>\n\u0160i vaiki\u0161ka, baterija varoma transporto priemon\u0117 atrodo kaip tikras motoroleris \u2013 tik pritaikyta keli\u0173 met\u0173 vaikui. Tvirta ir patikima konstrukcija, pagaminta i\u0161 auk\u0161tos kokyb\u0117s med\u017eiag\u0173, u\u017etikrina ilgalaik\u012f ir saug\u0173 naudojim\u0105. \u201eVespa GTS 300 Mini\u201c sukurtas moderniu stiliumi, kuris patiks ne tik ma\u017eiesiems transporto priemoni\u0173 m\u0117g\u0117jams, bet ir j\u0173 t\u0117vams. Kruop\u0161\u010diai i\u0161baigtas dizainas bei tikras detales imituojantys elementai leis vaikui pasijusti tikru motorolerio vairuotoju.<br \/>\n\u0160is \u017eaislinis motoroleris skirtas vaikams nuo 3 met\u0173, ta\u010diau pri\u017ei\u016brint suaugusiesiems juo gali naudotis ir jaunesni vaikai. Produktas turi CE sertifikat\u0105, o surinkimas yra paprastas ir greitas \u2013 u\u017etruksite apie 30 minu\u010di\u0173.<\/p>\n<p>Gamintojas<br \/>\nLEAN CARS<\/p>\n<p>Modelis<br \/>\nSkuter Vespa GTS 300 Mini<\/p>\n<p>Kr\u0101sa<br \/>\nRo\u017ein\u0117<\/p>\n<p>Techniniai duomenys<br \/>\nVariklis: 1 x 35WBaterija: 1 x 6V 4,5AhPavaros: Va\u017eiavimas pirmynMatmenys: 66,5 cm x 38 cm x 52 cmMaksimalus greitis: 2,5 km\/hSvoris (be apkrovos): 4,5 kgMaksimali apkrova: 25 kg\u012ekrovimo laikas: 8 valandosVa\u017eiavimo trukm\u0117: iki 1 valandosStabd\u017eiai: Automatiniai, atleidus akceleratori\u0173<\/p>\n<p>\u012eranga<br \/>\nSaugos dir\u017eai: N\u0117raAtidaromos durys: N\u0117raRakteliai: N\u0117raS\u0117dyn\u0117: Plastikin\u0117Ratai: Plastikiniai su gumine juostaNuotolinio valdymo pultas: N\u0117ra\u017dibintai: Priekiniai \u017eibintai<\/p>","protected":false},"excerpt":{"rendered":"<p>Ro\u017einis elektrinis motoroleris \u201eVespa GTS 300 Mini\u201c Nuo \u0161iol j\u016bs\u0173 vaikas gali tur\u0117ti savo nuosav\u0105 motoroler\u012f! I\u0161pildykite savo ma\u017eylio svajon\u0119<\/p>","protected":false},"featured_media":83740,"template":"","meta":{"_acf_changed":false,"_glsr_average":0,"_glsr_ranking":0,"_glsr_reviews":0},"product_brand":[],"product_cat":[310,237],"product_tag":[],"class_list":{"0":"post-83738","1":"product","2":"type-product","3":"status-publish","4":"has-post-thumbnail","6":"product_cat-akumuliatorines-transporto-priemones","7":"product_cat-judejimo-priemones","8":"\"style=\"background-color: #2ecc711c;\"","10":"first","11":"instock","12":"purchasable","13":"product-type-simple"},"acf":[],"yoast_head":"<!-- This site is optimized with the Yoast SEO plugin v27.3 - https:\/\/yoast.com\/product\/yoast-seo-wordpress\/ -->\n<title>Ro\u017einis elektrinis motoroleris Vespa GTS 300 Mini<\/title>\n<meta name=\"description\" content=\"Ro\u017einis elektrinis motoroleris Vespa GTS 300 Mini - KidsPlay. Did\u017eiausias vaik\u0173 \u017eaisl\u0173 pasirinkimas.\" \/>\n<meta name=\"robots\" content=\"index, follow, max-snippet:-1, max-image-preview:large, max-video-preview:-1\" \/>\n<link rel=\"canonical\" href=\"https:\/\/kidsplay.lt\/lv\/products\/rozinis-elektrinis-motoroleris-vespa-gts-300-mini\/\" \/>\n<meta property=\"og:locale\" content=\"lv_LV\" \/>\n<meta property=\"og:type\" content=\"article\" \/>\n<meta property=\"og:title\" content=\"Ro\u017einis elektrinis motoroleris Vespa GTS 300 Mini\" \/>\n<meta property=\"og:description\" content=\"Ro\u017einis elektrinis motoroleris Vespa GTS 300 Mini - KidsPlay. Did\u017eiausias vaik\u0173 \u017eaisl\u0173 pasirinkimas.\" \/>\n<meta property=\"og:url\" content=\"https:\/\/kidsplay.lt\/lv\/products\/rozinis-elektrinis-motoroleris-vespa-gts-300-mini\/\" \/>\n<meta property=\"og:site_name\" content=\"KidsPlay\" \/>\n<meta property=\"article:publisher\" content=\"https:\/\/www.facebook.com\/www.kidsplay.lt\" \/>\n<meta property=\"article:modified_time\" content=\"2026-04-10T07:03:47+00:00\" \/>\n<meta property=\"og:image\" content=\"https:\/\/kidsplay.lt\/wp-content\/uploads\/2026\/02\/Rozinis-elektrinis-motoroleris-Vespa-GTS-300-Mini.jpg\" \/>\n\t<meta property=\"og:image:width\" content=\"826\" \/>\n\t<meta property=\"og:image:height\" content=\"578\" \/>\n\t<meta property=\"og:image:type\" content=\"image\/jpeg\" \/>\n<meta name=\"twitter:card\" content=\"summary_large_image\" \/>\n<meta name=\"twitter:label1\" content=\"Est. reading time\" \/>\n\t<meta name=\"twitter:data1\" content=\"1 min\u016bte\" \/>\n<script type=\"application\/ld+json\" class=\"yoast-schema-graph\">{\"@context\":\"https:\\\/\\\/schema.org\",\"@graph\":[{\"@type\":\"WebPage\",\"@id\":\"https:\\\/\\\/kidsplay.lt\\\/produktas\\\/rozinis-elektrinis-motoroleris-vespa-gts-300-mini\\\/\",\"url\":\"https:\\\/\\\/kidsplay.lt\\\/produktas\\\/rozinis-elektrinis-motoroleris-vespa-gts-300-mini\\\/\",\"name\":\"Ro\u017einis elektrinis motoroleris Vespa GTS 300 Mini\",\"isPartOf\":{\"@id\":\"https:\\\/\\\/kidsplay.lt\\\/#website\"},\"primaryImageOfPage\":{\"@id\":\"https:\\\/\\\/kidsplay.lt\\\/produktas\\\/rozinis-elektrinis-motoroleris-vespa-gts-300-mini\\\/#primaryimage\"},\"image\":{\"@id\":\"https:\\\/\\\/kidsplay.lt\\\/produktas\\\/rozinis-elektrinis-motoroleris-vespa-gts-300-mini\\\/#primaryimage\"},\"thumbnailUrl\":\"https:\\\/\\\/kidsplay.lt\\\/wp-content\\\/uploads\\\/2026\\\/02\\\/Rozinis-elektrinis-motoroleris-Vespa-GTS-300-Mini.jpg\",\"datePublished\":\"2026-02-18T06:18:57+00:00\",\"dateModified\":\"2026-04-10T07:03:47+00:00\",\"description\":\"Ro\u017einis elektrinis motoroleris Vespa GTS 300 Mini - KidsPlay. Did\u017eiausias vaik\u0173 \u017eaisl\u0173 pasirinkimas.\",\"breadcrumb\":{\"@id\":\"https:\\\/\\\/kidsplay.lt\\\/produktas\\\/rozinis-elektrinis-motoroleris-vespa-gts-300-mini\\\/#breadcrumb\"},\"inLanguage\":\"lv-LV\",\"potentialAction\":[{\"@type\":\"ReadAction\",\"target\":[\"https:\\\/\\\/kidsplay.lt\\\/produktas\\\/rozinis-elektrinis-motoroleris-vespa-gts-300-mini\\\/\"]}]},{\"@type\":\"ImageObject\",\"inLanguage\":\"lv-LV\",\"@id\":\"https:\\\/\\\/kidsplay.lt\\\/produktas\\\/rozinis-elektrinis-motoroleris-vespa-gts-300-mini\\\/#primaryimage\",\"url\":\"https:\\\/\\\/kidsplay.lt\\\/wp-content\\\/uploads\\\/2026\\\/02\\\/Rozinis-elektrinis-motoroleris-Vespa-GTS-300-Mini.jpg\",\"contentUrl\":\"https:\\\/\\\/kidsplay.lt\\\/wp-content\\\/uploads\\\/2026\\\/02\\\/Rozinis-elektrinis-motoroleris-Vespa-GTS-300-Mini.jpg\",\"width\":826,\"height\":578,\"caption\":\"Ro\u017einis elektrinis motoroleris Vespa GTS 300 Mini\"},{\"@type\":\"BreadcrumbList\",\"@id\":\"https:\\\/\\\/kidsplay.lt\\\/produktas\\\/rozinis-elektrinis-motoroleris-vespa-gts-300-mini\\\/#breadcrumb\",\"itemListElement\":[{\"@type\":\"ListItem\",\"position\":1,\"name\":\"Pagrindinis\",\"item\":\"https:\\\/\\\/kidsplay.lt\\\/\"},{\"@type\":\"ListItem\",\"position\":2,\"name\":\"Parduotuv\u0117\",\"item\":\"https:\\\/\\\/kidsplay.lt\\\/parduotuve\\\/\"},{\"@type\":\"ListItem\",\"position\":3,\"name\":\"Ro\u017einis elektrinis motoroleris Vespa GTS 300 Mini\"}]},{\"@type\":\"WebSite\",\"@id\":\"https:\\\/\\\/kidsplay.lt\\\/#website\",\"url\":\"https:\\\/\\\/kidsplay.lt\\\/\",\"name\":\"Kidsplay.lt\",\"description\":\"\u012evairios prek\u0117s vaikams\",\"publisher\":{\"@id\":\"https:\\\/\\\/kidsplay.lt\\\/#organization\"},\"alternateName\":\"Kidsplay\",\"potentialAction\":[{\"@type\":\"SearchAction\",\"target\":{\"@type\":\"EntryPoint\",\"urlTemplate\":\"https:\\\/\\\/kidsplay.lt\\\/?s={search_term_string}\"},\"query-input\":{\"@type\":\"PropertyValueSpecification\",\"valueRequired\":true,\"valueName\":\"search_term_string\"}}],\"inLanguage\":\"lv-LV\"},{\"@type\":\"Organization\",\"@id\":\"https:\\\/\\\/kidsplay.lt\\\/#organization\",\"name\":\"KidsPlay\",\"url\":\"https:\\\/\\\/kidsplay.lt\\\/\",\"logo\":{\"@type\":\"ImageObject\",\"inLanguage\":\"lv-LV\",\"@id\":\"https:\\\/\\\/kidsplay.lt\\\/#\\\/schema\\\/logo\\\/image\\\/\",\"url\":\"https:\\\/\\\/kidsplay.lt\\\/wp-content\\\/uploads\\\/2023\\\/07\\\/kidsplay-logo.png\",\"contentUrl\":\"https:\\\/\\\/kidsplay.lt\\\/wp-content\\\/uploads\\\/2023\\\/07\\\/kidsplay-logo.png\",\"width\":451,\"height\":98,\"caption\":\"KidsPlay\"},\"image\":{\"@id\":\"https:\\\/\\\/kidsplay.lt\\\/#\\\/schema\\\/logo\\\/image\\\/\"},\"sameAs\":[\"https:\\\/\\\/www.facebook.com\\\/www.kidsplay.lt\"]}]}<\/script>\n<!-- \/ Yoast SEO plugin. -->","yoast_head_json":{"title":"Roz\u0101 elektriskais skrejritenis Vespa GTS 300 Mini","description":"Ro\u017einis elektrinis motoroleris Vespa GTS 300 Mini - KidsPlay. Did\u017eiausias vaik\u0173 \u017eaisl\u0173 pasirinkimas.","robots":{"index":"index","follow":"follow","max-snippet":"max-snippet:-1","max-image-preview":"max-image-preview:large","max-video-preview":"max-video-preview:-1"},"canonical":"https:\/\/kidsplay.lt\/lv\/products\/rozinis-elektrinis-motoroleris-vespa-gts-300-mini\/","og_locale":"lv_LV","og_type":"article","og_title":"Ro\u017einis elektrinis motoroleris Vespa GTS 300 Mini","og_description":"Ro\u017einis elektrinis motoroleris Vespa GTS 300 Mini - KidsPlay. Did\u017eiausias vaik\u0173 \u017eaisl\u0173 pasirinkimas.","og_url":"https:\/\/kidsplay.lt\/lv\/products\/rozinis-elektrinis-motoroleris-vespa-gts-300-mini\/","og_site_name":"KidsPlay","article_publisher":"https:\/\/www.facebook.com\/www.kidsplay.lt","article_modified_time":"2026-04-10T07:03:47+00:00","og_image":[{"width":826,"height":578,"url":"https:\/\/kidsplay.lt\/wp-content\/uploads\/2026\/02\/Rozinis-elektrinis-motoroleris-Vespa-GTS-300-Mini.jpg","type":"image\/jpeg"}],"twitter_card":"summary_large_image","twitter_misc":{"Est. reading time":"1 min\u016bte"},"schema":{"@context":"https:\/\/schema.org","@graph":[{"@type":"WebPage","@id":"https:\/\/kidsplay.lt\/produktas\/rozinis-elektrinis-motoroleris-vespa-gts-300-mini\/","url":"https:\/\/kidsplay.lt\/produktas\/rozinis-elektrinis-motoroleris-vespa-gts-300-mini\/","name":"Roz\u0101 elektriskais skrejritenis Vespa GTS 300 Mini","isPartOf":{"@id":"https:\/\/kidsplay.lt\/#website"},"primaryImageOfPage":{"@id":"https:\/\/kidsplay.lt\/produktas\/rozinis-elektrinis-motoroleris-vespa-gts-300-mini\/#primaryimage"},"image":{"@id":"https:\/\/kidsplay.lt\/produktas\/rozinis-elektrinis-motoroleris-vespa-gts-300-mini\/#primaryimage"},"thumbnailUrl":"https:\/\/kidsplay.lt\/wp-content\/uploads\/2026\/02\/Rozinis-elektrinis-motoroleris-Vespa-GTS-300-Mini.jpg","datePublished":"2026-02-18T06:18:57+00:00","dateModified":"2026-04-10T07:03:47+00:00","description":"Ro\u017einis elektrinis motoroleris Vespa GTS 300 Mini - KidsPlay. Did\u017eiausias vaik\u0173 \u017eaisl\u0173 pasirinkimas.","breadcrumb":{"@id":"https:\/\/kidsplay.lt\/produktas\/rozinis-elektrinis-motoroleris-vespa-gts-300-mini\/#breadcrumb"},"inLanguage":"lv-LV","potentialAction":[{"@type":"ReadAction","target":["https:\/\/kidsplay.lt\/produktas\/rozinis-elektrinis-motoroleris-vespa-gts-300-mini\/"]}]},{"@type":"ImageObject","inLanguage":"lv-LV","@id":"https:\/\/kidsplay.lt\/produktas\/rozinis-elektrinis-motoroleris-vespa-gts-300-mini\/#primaryimage","url":"https:\/\/kidsplay.lt\/wp-content\/uploads\/2026\/02\/Rozinis-elektrinis-motoroleris-Vespa-GTS-300-Mini.jpg","contentUrl":"https:\/\/kidsplay.lt\/wp-content\/uploads\/2026\/02\/Rozinis-elektrinis-motoroleris-Vespa-GTS-300-Mini.jpg","width":826,"height":578,"caption":"Ro\u017einis elektrinis motoroleris Vespa GTS 300 Mini"},{"@type":"BreadcrumbList","@id":"https:\/\/kidsplay.lt\/produktas\/rozinis-elektrinis-motoroleris-vespa-gts-300-mini\/#breadcrumb","itemListElement":[{"@type":"ListItem","position":1,"name":"Pagrindinis","item":"https:\/\/kidsplay.lt\/"},{"@type":"ListItem","position":2,"name":"Parduotuv\u0117","item":"https:\/\/kidsplay.lt\/parduotuve\/"},{"@type":"ListItem","position":3,"name":"Ro\u017einis elektrinis motoroleris Vespa GTS 300 Mini"}]},{"@type":"WebSite","@id":"https:\/\/kidsplay.lt\/#website","url":"https:\/\/kidsplay.lt\/","name":"B\u0113rnu sp\u0113les.lv","description":"\u012evairios prek\u0117s vaikams","publisher":{"@id":"https:\/\/kidsplay.lt\/#organization"},"alternateName":"Kidsplay","potentialAction":[{"@type":"SearchAction","target":{"@type":"EntryPoint","urlTemplate":"https:\/\/kidsplay.lt\/?s={search_term_string}"},"query-input":{"@type":"PropertyValueSpecification","valueRequired":true,"valueName":"search_term_string"}}],"inLanguage":"lv-LV"},{"@type":"Organization","@id":"https:\/\/kidsplay.lt\/#organization","name":"B\u0113rnu sp\u0113le","url":"https:\/\/kidsplay.lt\/","logo":{"@type":"ImageObject","inLanguage":"lv-LV","@id":"https:\/\/kidsplay.lt\/#\/schema\/logo\/image\/","url":"https:\/\/kidsplay.lt\/wp-content\/uploads\/2023\/07\/kidsplay-logo.png","contentUrl":"https:\/\/kidsplay.lt\/wp-content\/uploads\/2023\/07\/kidsplay-logo.png","width":451,"height":98,"caption":"KidsPlay"},"image":{"@id":"https:\/\/kidsplay.lt\/#\/schema\/logo\/image\/"},"sameAs":["https:\/\/www.facebook.com\/www.kidsplay.lt"]}]}},"_links":{"self":[{"href":"https:\/\/kidsplay.lt\/lv\/wp-json\/wp\/v2\/product\/83738","targetHints":{"allow":["GET"]}}],"collection":[{"href":"https:\/\/kidsplay.lt\/lv\/wp-json\/wp\/v2\/product"}],"about":[{"href":"https:\/\/kidsplay.lt\/lv\/wp-json\/wp\/v2\/types\/product"}],"version-history":[{"count":1,"href":"https:\/\/kidsplay.lt\/lv\/wp-json\/wp\/v2\/product\/83738\/revisions"}],"predecessor-version":[{"id":83739,"href":"https:\/\/kidsplay.lt\/lv\/wp-json\/wp\/v2\/product\/83738\/revisions\/83739"}],"wp:featuredmedia":[{"embeddable":true,"href":"https:\/\/kidsplay.lt\/lv\/wp-json\/wp\/v2\/media\/83740"}],"wp:attachment":[{"href":"https:\/\/kidsplay.lt\/lv\/wp-json\/wp\/v2\/media?parent=83738"}],"wp:term":[{"taxonomy":"product_brand","embeddable":true,"href":"https:\/\/kidsplay.lt\/lv\/wp-json\/wp\/v2\/product_brand?post=83738"},{"taxonomy":"product_cat","embeddable":true,"href":"https:\/\/kidsplay.lt\/lv\/wp-json\/wp\/v2\/product_cat?post=83738"},{"taxonomy":"product_tag","embeddable":true,"href":"https:\/\/kidsplay.lt\/lv\/wp-json\/wp\/v2\/product_tag?post=83738"}],"curies":[{"name":"wp","href":"https:\/\/api.w.org\/{rel}","templated":true}]}}