{"id":83752,"date":"2026-02-18T08:19:20","date_gmt":"2026-02-18T06:19:20","guid":{"rendered":"https:\/\/kidsplay.lt\/produktas\/motorbike-bmw-s1000rr-red\/"},"modified":"2026-04-15T15:39:18","modified_gmt":"2026-04-15T12:39:18","slug":"motorbike-bmw-s1000rr-red","status":"publish","type":"product","link":"https:\/\/kidsplay.lt\/lv\/products\/motorbike-bmw-s1000rr-red\/","title":{"rendered":"Motorbike BMW S1000RR Red"},"content":{"rendered":"<p>\u0160is didelis ir dailus motociklas pagamintas i\u0161 itin tvirt\u0173 ir aplinkai draugi\u0161k\u0173 med\u017eiag\u0173. Modernus dizainas prad\u017eiugins kiekvien\u0105 motocikl\u0173 gerb\u0117j\u0105. Jei j\u016bs\u0173 vaikas visada nor\u0117jo pajusti, k\u0105 rei\u0161kia va\u017eiuoti motociklu \u2013 dabar turite galimyb\u0119 jam tai leisti! Gra\u017ei ir stilinga i\u0161vaizda leis i\u0161siskirti bet kur.<\/p>\n<p>&gt;&gt;&gt; CE sertifikuota &lt;&lt;&lt; Reikalingas surinkimas (20\u201330 minu\u010di\u0173, pridedama naudojimo instrukcija)<\/p>\n<p>BENDRA INFORMACIJA<br \/>\nModelis: BMW S1000RR motociklas Spalva: Raudona<br \/>\nTECHNINIAI DUOMENYS<\/p>\n<p> \tVariklis: 1 x 45W<br \/>\n \tBaterija: 6V 4Ah<br \/>\n \tPavaros: pirmyn<br \/>\n \tRatai: plastikiniai<br \/>\n \tMotociklo dydis: 66 cm x 37 cm x 44 cm<br \/>\n \tGrei\u010dio diapazonas: 2\u20135 km\/h<br \/>\n \tSvoris: 5 kg<br \/>\n \tMaksim\u0101l\u0101 slodze: 30 kg<br \/>\n \tKrovimo laikas: 8\u201312 val.<br \/>\n \tVa\u017eiavimo laikas: iki 1 valandos<br \/>\n \tKita: elektrinis stabdis veikia atleidus akceleratoriaus pedal\u0105<\/p>\n<p>\u012eRANGA<\/p>\n<p> \tSaugos dir\u017eai: \u2013<br \/>\n \tAtidaromos durel\u0117s: \u2013<br \/>\n \tRaktai: \u2013<br \/>\n \tNuotolinio valdymo pultas: \u2013<br \/>\n \t\u0160viesos: LED priekiniai \u017eibintai<br \/>\n \tGarsas: \u2013<br \/>\n \tS\u0117dyn\u0117: plastikin\u0117<br \/>\n \tAudio: \u2013<br \/>\n \tChromuoti elementai: apdailos detal\u0117s<br \/>\n \tKita: \u2013<\/p>\n<p>PAPILDOMA INFORMACIJA<\/p>\n<p> \tTransporto priemon\u0117s paskirtis: lygi danga, trinkel\u0117s, asfaltas, \u017eol\u0117, vidutiniai nelygumai<br \/>\n \tSertifikatai: CE, EN<\/p>","protected":false},"excerpt":{"rendered":"<p>\u0160is didelis ir dailus motociklas pagamintas i\u0161 itin tvirt\u0173 ir aplinkai draugi\u0161k\u0173 med\u017eiag\u0173. Modernus dizainas prad\u017eiugins kiekvien\u0105 motocikl\u0173 gerb\u0117j\u0105. Jei<\/p>","protected":false},"featured_media":83754,"template":"","meta":{"_acf_changed":false,"_glsr_average":0,"_glsr_ranking":0,"_glsr_reviews":0},"product_brand":[],"product_cat":[310,237],"product_tag":[],"class_list":{"0":"post-83752","1":"product","2":"type-product","3":"status-publish","4":"has-post-thumbnail","6":"product_cat-akumuliatorines-transporto-priemones","7":"product_cat-judejimo-priemones","8":"\"style=\"background-color: #2ecc711c;\"","10":"first","11":"instock","12":"purchasable","13":"product-type-simple"},"acf":[],"yoast_head":"<!-- This site is optimized with the Yoast SEO plugin v27.4 - https:\/\/yoast.com\/product\/yoast-seo-wordpress\/ -->\n<title>Motorbike BMW S1000RR Red<\/title>\n<meta name=\"description\" content=\"Motorbike BMW S1000RR Red - KidsPlay. Did\u017eiausias vaik\u0173 \u017eaisl\u0173 pasirinkimas.\" \/>\n<meta name=\"robots\" content=\"index, follow, max-snippet:-1, max-image-preview:large, max-video-preview:-1\" \/>\n<link rel=\"canonical\" href=\"https:\/\/kidsplay.lt\/lv\/products\/motorbike-bmw-s1000rr-red\/\" \/>\n<meta property=\"og:locale\" content=\"lv_LV\" \/>\n<meta property=\"og:type\" content=\"article\" \/>\n<meta property=\"og:title\" content=\"Motorbike BMW S1000RR Red\" \/>\n<meta property=\"og:description\" content=\"Motorbike BMW S1000RR Red - KidsPlay. Did\u017eiausias vaik\u0173 \u017eaisl\u0173 pasirinkimas.\" \/>\n<meta property=\"og:url\" content=\"https:\/\/kidsplay.lt\/lv\/products\/motorbike-bmw-s1000rr-red\/\" \/>\n<meta property=\"og:site_name\" content=\"KidsPlay\" \/>\n<meta property=\"article:publisher\" content=\"https:\/\/www.facebook.com\/www.kidsplay.lt\" \/>\n<meta property=\"article:modified_time\" content=\"2026-04-15T12:39:18+00:00\" \/>\n<meta property=\"og:image\" content=\"https:\/\/kidsplay.lt\/wp-content\/uploads\/2026\/02\/Motorbike-BMW-S1000RR-Red.jpg\" \/>\n\t<meta property=\"og:image:width\" content=\"826\" \/>\n\t<meta property=\"og:image:height\" content=\"578\" \/>\n\t<meta property=\"og:image:type\" content=\"image\/jpeg\" \/>\n<meta name=\"twitter:card\" content=\"summary_large_image\" \/>\n<meta name=\"twitter:label1\" content=\"Est. reading time\" \/>\n\t<meta name=\"twitter:data1\" content=\"1 min\u016bte\" \/>\n<script type=\"application\/ld+json\" class=\"yoast-schema-graph\">{\"@context\":\"https:\\\/\\\/schema.org\",\"@graph\":[{\"@type\":\"WebPage\",\"@id\":\"https:\\\/\\\/kidsplay.lt\\\/produktas\\\/motorbike-bmw-s1000rr-red\\\/\",\"url\":\"https:\\\/\\\/kidsplay.lt\\\/produktas\\\/motorbike-bmw-s1000rr-red\\\/\",\"name\":\"Motorbike BMW S1000RR Red\",\"isPartOf\":{\"@id\":\"https:\\\/\\\/kidsplay.lt\\\/#website\"},\"primaryImageOfPage\":{\"@id\":\"https:\\\/\\\/kidsplay.lt\\\/produktas\\\/motorbike-bmw-s1000rr-red\\\/#primaryimage\"},\"image\":{\"@id\":\"https:\\\/\\\/kidsplay.lt\\\/produktas\\\/motorbike-bmw-s1000rr-red\\\/#primaryimage\"},\"thumbnailUrl\":\"https:\\\/\\\/kidsplay.lt\\\/wp-content\\\/uploads\\\/2026\\\/02\\\/Motorbike-BMW-S1000RR-Red.jpg\",\"datePublished\":\"2026-02-18T06:19:20+00:00\",\"dateModified\":\"2026-04-15T12:39:18+00:00\",\"description\":\"Motorbike BMW S1000RR Red - KidsPlay. Did\u017eiausias vaik\u0173 \u017eaisl\u0173 pasirinkimas.\",\"breadcrumb\":{\"@id\":\"https:\\\/\\\/kidsplay.lt\\\/produktas\\\/motorbike-bmw-s1000rr-red\\\/#breadcrumb\"},\"inLanguage\":\"lv-LV\",\"potentialAction\":[{\"@type\":\"ReadAction\",\"target\":[\"https:\\\/\\\/kidsplay.lt\\\/produktas\\\/motorbike-bmw-s1000rr-red\\\/\"]}]},{\"@type\":\"ImageObject\",\"inLanguage\":\"lv-LV\",\"@id\":\"https:\\\/\\\/kidsplay.lt\\\/produktas\\\/motorbike-bmw-s1000rr-red\\\/#primaryimage\",\"url\":\"https:\\\/\\\/kidsplay.lt\\\/wp-content\\\/uploads\\\/2026\\\/02\\\/Motorbike-BMW-S1000RR-Red.jpg\",\"contentUrl\":\"https:\\\/\\\/kidsplay.lt\\\/wp-content\\\/uploads\\\/2026\\\/02\\\/Motorbike-BMW-S1000RR-Red.jpg\",\"width\":826,\"height\":578,\"caption\":\"Motorbike BMW S1000RR Red\"},{\"@type\":\"BreadcrumbList\",\"@id\":\"https:\\\/\\\/kidsplay.lt\\\/produktas\\\/motorbike-bmw-s1000rr-red\\\/#breadcrumb\",\"itemListElement\":[{\"@type\":\"ListItem\",\"position\":1,\"name\":\"Pagrindinis\",\"item\":\"https:\\\/\\\/kidsplay.lt\\\/\"},{\"@type\":\"ListItem\",\"position\":2,\"name\":\"Parduotuv\u0117\",\"item\":\"https:\\\/\\\/kidsplay.lt\\\/parduotuve\\\/\"},{\"@type\":\"ListItem\",\"position\":3,\"name\":\"Motorbike BMW S1000RR Red\"}]},{\"@type\":\"WebSite\",\"@id\":\"https:\\\/\\\/kidsplay.lt\\\/#website\",\"url\":\"https:\\\/\\\/kidsplay.lt\\\/\",\"name\":\"Kidsplay.lt\",\"description\":\"\u012evairios prek\u0117s vaikams\",\"publisher\":{\"@id\":\"https:\\\/\\\/kidsplay.lt\\\/#organization\"},\"alternateName\":\"Kidsplay\",\"potentialAction\":[{\"@type\":\"SearchAction\",\"target\":{\"@type\":\"EntryPoint\",\"urlTemplate\":\"https:\\\/\\\/kidsplay.lt\\\/?s={search_term_string}\"},\"query-input\":{\"@type\":\"PropertyValueSpecification\",\"valueRequired\":true,\"valueName\":\"search_term_string\"}}],\"inLanguage\":\"lv-LV\"},{\"@type\":\"Organization\",\"@id\":\"https:\\\/\\\/kidsplay.lt\\\/#organization\",\"name\":\"KidsPlay\",\"url\":\"https:\\\/\\\/kidsplay.lt\\\/\",\"logo\":{\"@type\":\"ImageObject\",\"inLanguage\":\"lv-LV\",\"@id\":\"https:\\\/\\\/kidsplay.lt\\\/#\\\/schema\\\/logo\\\/image\\\/\",\"url\":\"https:\\\/\\\/kidsplay.lt\\\/wp-content\\\/uploads\\\/2023\\\/07\\\/kidsplay-logo.png\",\"contentUrl\":\"https:\\\/\\\/kidsplay.lt\\\/wp-content\\\/uploads\\\/2023\\\/07\\\/kidsplay-logo.png\",\"width\":451,\"height\":98,\"caption\":\"KidsPlay\"},\"image\":{\"@id\":\"https:\\\/\\\/kidsplay.lt\\\/#\\\/schema\\\/logo\\\/image\\\/\"},\"sameAs\":[\"https:\\\/\\\/www.facebook.com\\\/www.kidsplay.lt\"]}]}<\/script>\n<!-- \/ Yoast SEO plugin. -->","yoast_head_json":{"title":"Motorbike BMW S1000RR Red","description":"Motorbike BMW S1000RR Red - KidsPlay. Did\u017eiausias vaik\u0173 \u017eaisl\u0173 pasirinkimas.","robots":{"index":"index","follow":"follow","max-snippet":"max-snippet:-1","max-image-preview":"max-image-preview:large","max-video-preview":"max-video-preview:-1"},"canonical":"https:\/\/kidsplay.lt\/lv\/products\/motorbike-bmw-s1000rr-red\/","og_locale":"lv_LV","og_type":"article","og_title":"Motorbike BMW S1000RR Red","og_description":"Motorbike BMW S1000RR Red - KidsPlay. Did\u017eiausias vaik\u0173 \u017eaisl\u0173 pasirinkimas.","og_url":"https:\/\/kidsplay.lt\/lv\/products\/motorbike-bmw-s1000rr-red\/","og_site_name":"KidsPlay","article_publisher":"https:\/\/www.facebook.com\/www.kidsplay.lt","article_modified_time":"2026-04-15T12:39:18+00:00","og_image":[{"width":826,"height":578,"url":"https:\/\/kidsplay.lt\/wp-content\/uploads\/2026\/02\/Motorbike-BMW-S1000RR-Red.jpg","type":"image\/jpeg"}],"twitter_card":"summary_large_image","twitter_misc":{"Est. reading time":"1 min\u016bte"},"schema":{"@context":"https:\/\/schema.org","@graph":[{"@type":"WebPage","@id":"https:\/\/kidsplay.lt\/produktas\/motorbike-bmw-s1000rr-red\/","url":"https:\/\/kidsplay.lt\/produktas\/motorbike-bmw-s1000rr-red\/","name":"Motorbike BMW S1000RR Red","isPartOf":{"@id":"https:\/\/kidsplay.lt\/#website"},"primaryImageOfPage":{"@id":"https:\/\/kidsplay.lt\/produktas\/motorbike-bmw-s1000rr-red\/#primaryimage"},"image":{"@id":"https:\/\/kidsplay.lt\/produktas\/motorbike-bmw-s1000rr-red\/#primaryimage"},"thumbnailUrl":"https:\/\/kidsplay.lt\/wp-content\/uploads\/2026\/02\/Motorbike-BMW-S1000RR-Red.jpg","datePublished":"2026-02-18T06:19:20+00:00","dateModified":"2026-04-15T12:39:18+00:00","description":"Motorbike BMW S1000RR Red - KidsPlay. Did\u017eiausias vaik\u0173 \u017eaisl\u0173 pasirinkimas.","breadcrumb":{"@id":"https:\/\/kidsplay.lt\/produktas\/motorbike-bmw-s1000rr-red\/#breadcrumb"},"inLanguage":"lv-LV","potentialAction":[{"@type":"ReadAction","target":["https:\/\/kidsplay.lt\/produktas\/motorbike-bmw-s1000rr-red\/"]}]},{"@type":"ImageObject","inLanguage":"lv-LV","@id":"https:\/\/kidsplay.lt\/produktas\/motorbike-bmw-s1000rr-red\/#primaryimage","url":"https:\/\/kidsplay.lt\/wp-content\/uploads\/2026\/02\/Motorbike-BMW-S1000RR-Red.jpg","contentUrl":"https:\/\/kidsplay.lt\/wp-content\/uploads\/2026\/02\/Motorbike-BMW-S1000RR-Red.jpg","width":826,"height":578,"caption":"Motorbike BMW S1000RR Red"},{"@type":"BreadcrumbList","@id":"https:\/\/kidsplay.lt\/produktas\/motorbike-bmw-s1000rr-red\/#breadcrumb","itemListElement":[{"@type":"ListItem","position":1,"name":"Pagrindinis","item":"https:\/\/kidsplay.lt\/"},{"@type":"ListItem","position":2,"name":"Parduotuv\u0117","item":"https:\/\/kidsplay.lt\/parduotuve\/"},{"@type":"ListItem","position":3,"name":"Motorbike BMW S1000RR Red"}]},{"@type":"WebSite","@id":"https:\/\/kidsplay.lt\/#website","url":"https:\/\/kidsplay.lt\/","name":"B\u0113rnu sp\u0113les.lv","description":"\u012evairios prek\u0117s vaikams","publisher":{"@id":"https:\/\/kidsplay.lt\/#organization"},"alternateName":"Kidsplay","potentialAction":[{"@type":"SearchAction","target":{"@type":"EntryPoint","urlTemplate":"https:\/\/kidsplay.lt\/?s={search_term_string}"},"query-input":{"@type":"PropertyValueSpecification","valueRequired":true,"valueName":"search_term_string"}}],"inLanguage":"lv-LV"},{"@type":"Organization","@id":"https:\/\/kidsplay.lt\/#organization","name":"B\u0113rnu sp\u0113le","url":"https:\/\/kidsplay.lt\/","logo":{"@type":"ImageObject","inLanguage":"lv-LV","@id":"https:\/\/kidsplay.lt\/#\/schema\/logo\/image\/","url":"https:\/\/kidsplay.lt\/wp-content\/uploads\/2023\/07\/kidsplay-logo.png","contentUrl":"https:\/\/kidsplay.lt\/wp-content\/uploads\/2023\/07\/kidsplay-logo.png","width":451,"height":98,"caption":"KidsPlay"},"image":{"@id":"https:\/\/kidsplay.lt\/#\/schema\/logo\/image\/"},"sameAs":["https:\/\/www.facebook.com\/www.kidsplay.lt"]}]}},"_links":{"self":[{"href":"https:\/\/kidsplay.lt\/lv\/wp-json\/wp\/v2\/product\/83752","targetHints":{"allow":["GET"]}}],"collection":[{"href":"https:\/\/kidsplay.lt\/lv\/wp-json\/wp\/v2\/product"}],"about":[{"href":"https:\/\/kidsplay.lt\/lv\/wp-json\/wp\/v2\/types\/product"}],"version-history":[{"count":1,"href":"https:\/\/kidsplay.lt\/lv\/wp-json\/wp\/v2\/product\/83752\/revisions"}],"predecessor-version":[{"id":83753,"href":"https:\/\/kidsplay.lt\/lv\/wp-json\/wp\/v2\/product\/83752\/revisions\/83753"}],"wp:featuredmedia":[{"embeddable":true,"href":"https:\/\/kidsplay.lt\/lv\/wp-json\/wp\/v2\/media\/83754"}],"wp:attachment":[{"href":"https:\/\/kidsplay.lt\/lv\/wp-json\/wp\/v2\/media?parent=83752"}],"wp:term":[{"taxonomy":"product_brand","embeddable":true,"href":"https:\/\/kidsplay.lt\/lv\/wp-json\/wp\/v2\/product_brand?post=83752"},{"taxonomy":"product_cat","embeddable":true,"href":"https:\/\/kidsplay.lt\/lv\/wp-json\/wp\/v2\/product_cat?post=83752"},{"taxonomy":"product_tag","embeddable":true,"href":"https:\/\/kidsplay.lt\/lv\/wp-json\/wp\/v2\/product_tag?post=83752"}],"curies":[{"name":"wp","href":"https:\/\/api.w.org\/{rel}","templated":true}]}}