{"id":83836,"date":"2026-02-19T10:48:59","date_gmt":"2026-02-19T08:48:59","guid":{"rendered":"https:\/\/kidsplay.lt\/produktas\/bmw-s1000rr-silver-elektrinis-vaikiskas-motociklas\/"},"modified":"2026-04-15T15:40:56","modified_gmt":"2026-04-15T12:40:56","slug":"bmw-s1000rr-silver-elektrinis-vaikiskas-motociklas","status":"publish","type":"product","link":"https:\/\/kidsplay.lt\/lv\/products\/bmw-s1000rr-silver-elektrinis-vaikiskas-motociklas\/","title":{"rendered":"BMW S1000RR Silver \u2013 elektriskais b\u0113rnu motocikls"},"content":{"rendered":"<p>Nuo \u0161iol j\u016bs\u0173 vaikas gali tur\u0117ti savo motocikl\u0105! \u012egyvendinkite ma\u017eylio svajon\u0119 pirkdami patog\u0173 BMW S1000RR motocikl\u0105 ak\u012f traukian\u010dia sidabrine spalva. Ugdykite vaiko aistr\u0105 automobiliams jau dabar, kuri\u0105 gal\u0117site dalintis kartu ateityje, \u012fveikdami pla\u010dius kelius kartu. Leiskite jam pajusti vairavimo d\u017eiaugsm\u0105 ir laisv\u0119!<br \/>\n\u0160is baterija varomas vaiki\u0161kas motociklas atrodo kaip tikras \u2013 skirtumas tik tas, kad pritaikytas keli\u0173 met\u0173 vaikui. Tvirta konstrukcija i\u0161 auk\u0161tos kokyb\u0117s med\u017eiag\u0173 u\u017etikrina nuolatin\u012f smagum\u0105 daugel\u012f met\u0173. BMW S1000RR sukurtas moderniu stiliumi, kuris patiks ne tik jauniausiems automobili\u0173 \u017eaisl\u0173 m\u0117g\u0117jams, bet ir j\u0173 t\u0117vams. Interjeras, detal\u0117s imituojan\u010dios tikras dalis, leis vaikui pasijusti kaip tikram motociklo vairuotojui.<br \/>\n\u0160is elektromobilis skirtas vaikams nuo 3 met\u0173, ta\u010diau pri\u017ei\u016brint suaugusiajam, gali naudoti ir jaunesni vaikai. \u017daislas yra CE sertifikuotas, o surinkimas labai paprastas \u2013 u\u017etruks apie 30 minu\u010di\u0173.<\/p>\n<p>Bendra informacija<\/p>\n<p>Modelis: BMW S1000RR<\/p>\n<p>Spalva: sidabrin\u0117<\/p>\n<p>Technin\u0117 specifikacija<\/p>\n<p>Variklis: 1 \u00d7 45 W<\/p>\n<p>Baterija: 12V 7Ah<\/p>\n<p>Pavaros: 2 pirmyn ir 2 atgal (l\u0117tas ir greitas re\u017eimas)<\/p>\n<p>Ratai: EVA, u\u017etikrinantys komfort\u0105<\/p>\n<p>Dydis: 100 cm \u00d7 28 cm \u00d7 68 cm<\/p>\n<p>Rato skersmuo: 30 cm<\/p>\n<p>Greitis: 2\u20134 km\/h (1 pavara); 4\u20136 km\/h (2 pavara)<\/p>\n<p>Svoris: 11,6 kg<\/p>\n<p>Maksim\u0101l\u0101 slodze: 30 kg<\/p>\n<p>\u012ekrovimo laikas: 8\u201312 val.<\/p>\n<p>Va\u017eiavimo laikas: ~1 val.<\/p>\n<p>Kita: elektrinis stabdys veikia, kai atleid\u017eiamas akseleratoriaus pedalas<\/p>\n<p>\u012eranga<\/p>\n<p>Dro\u0161\u012bbas jostas<\/p>\n<p>Atidaromos durys<\/p>\n<p>Raktai<\/p>\n<p>T\u0101lvad\u012bbas pults<\/p>\n<p>Priekini\u0173 ir galini\u0173 LED \u017eibint\u0173 ap\u0161vietimas<\/p>\n<p>Garso mygtukai ant vairo<\/p>\n<p>Mink\u0161ta s\u0117dyn\u0117 i\u0161 odos<\/p>\n<p>Signalas, garsai ir melodijos<\/p>\n<p>Chromo elementai<\/p>\n<p>Elektrinis stabdys<\/p>\n<p>Papildoma informacija<\/p>\n<p>Ieteicamais vecums: 3+<\/p>\n<p>Sertifikatai: CE, EN<\/p>","protected":false},"excerpt":{"rendered":"<p>Nuo \u0161iol j\u016bs\u0173 vaikas gali tur\u0117ti savo motocikl\u0105! \u012egyvendinkite ma\u017eylio svajon\u0119 pirkdami patog\u0173 BMW S1000RR motocikl\u0105 ak\u012f traukian\u010dia sidabrine spalva.<\/p>","protected":false},"featured_media":83838,"template":"","meta":{"_acf_changed":false,"_glsr_average":0,"_glsr_ranking":0,"_glsr_reviews":0},"product_brand":[],"product_cat":[310,237],"product_tag":[],"class_list":{"0":"post-83836","1":"product","2":"type-product","3":"status-publish","4":"has-post-thumbnail","6":"product_cat-akumuliatorines-transporto-priemones","7":"product_cat-judejimo-priemones","8":"\"style=\"background-color: #2ecc711c;\"","10":"first","11":"instock","12":"sale","13":"purchasable","14":"product-type-simple"},"acf":[],"yoast_head":"<!-- This site is optimized with the Yoast SEO plugin v27.4 - https:\/\/yoast.com\/product\/yoast-seo-wordpress\/ -->\n<title>BMW S1000RR Silver \u2013 elektrinis vaiki\u0161kas motociklas<\/title>\n<meta name=\"description\" content=\"BMW S1000RR Silver \u2013 elektrinis vaiki\u0161kas motociklas - KidsPlay. Did\u017eiausias vaik\u0173 \u017eaisl\u0173 pasirinkimas.\" \/>\n<meta name=\"robots\" content=\"index, follow, max-snippet:-1, max-image-preview:large, max-video-preview:-1\" \/>\n<link rel=\"canonical\" href=\"https:\/\/kidsplay.lt\/lv\/products\/bmw-s1000rr-silver-elektrinis-vaikiskas-motociklas\/\" \/>\n<meta property=\"og:locale\" content=\"lv_LV\" \/>\n<meta property=\"og:type\" content=\"article\" \/>\n<meta property=\"og:title\" content=\"BMW S1000RR Silver \u2013 elektrinis vaiki\u0161kas motociklas\" \/>\n<meta property=\"og:description\" content=\"BMW S1000RR Silver \u2013 elektrinis vaiki\u0161kas motociklas - KidsPlay. Did\u017eiausias vaik\u0173 \u017eaisl\u0173 pasirinkimas.\" \/>\n<meta property=\"og:url\" content=\"https:\/\/kidsplay.lt\/lv\/products\/bmw-s1000rr-silver-elektrinis-vaikiskas-motociklas\/\" \/>\n<meta property=\"og:site_name\" content=\"KidsPlay\" \/>\n<meta property=\"article:publisher\" content=\"https:\/\/www.facebook.com\/www.kidsplay.lt\" \/>\n<meta property=\"article:modified_time\" content=\"2026-04-15T12:40:56+00:00\" \/>\n<meta property=\"og:image\" content=\"https:\/\/kidsplay.lt\/wp-content\/uploads\/2026\/02\/BMW-S1000RR-Silver-\u2013-elektrinis-vaikiskas-motociklas.jpg\" \/>\n\t<meta property=\"og:image:width\" content=\"826\" \/>\n\t<meta property=\"og:image:height\" content=\"578\" \/>\n\t<meta property=\"og:image:type\" content=\"image\/jpeg\" \/>\n<meta name=\"twitter:card\" content=\"summary_large_image\" \/>\n<meta name=\"twitter:label1\" content=\"Est. reading time\" \/>\n\t<meta name=\"twitter:data1\" content=\"2 min\u016btes\" \/>\n<script type=\"application\/ld+json\" class=\"yoast-schema-graph\">{\"@context\":\"https:\\\/\\\/schema.org\",\"@graph\":[{\"@type\":\"WebPage\",\"@id\":\"https:\\\/\\\/kidsplay.lt\\\/produktas\\\/bmw-s1000rr-silver-elektrinis-vaikiskas-motociklas\\\/\",\"url\":\"https:\\\/\\\/kidsplay.lt\\\/produktas\\\/bmw-s1000rr-silver-elektrinis-vaikiskas-motociklas\\\/\",\"name\":\"BMW S1000RR Silver \u2013 elektrinis vaiki\u0161kas motociklas\",\"isPartOf\":{\"@id\":\"https:\\\/\\\/kidsplay.lt\\\/#website\"},\"primaryImageOfPage\":{\"@id\":\"https:\\\/\\\/kidsplay.lt\\\/produktas\\\/bmw-s1000rr-silver-elektrinis-vaikiskas-motociklas\\\/#primaryimage\"},\"image\":{\"@id\":\"https:\\\/\\\/kidsplay.lt\\\/produktas\\\/bmw-s1000rr-silver-elektrinis-vaikiskas-motociklas\\\/#primaryimage\"},\"thumbnailUrl\":\"https:\\\/\\\/kidsplay.lt\\\/wp-content\\\/uploads\\\/2026\\\/02\\\/BMW-S1000RR-Silver-\u2013-elektrinis-vaikiskas-motociklas.jpg\",\"datePublished\":\"2026-02-19T08:48:59+00:00\",\"dateModified\":\"2026-04-15T12:40:56+00:00\",\"description\":\"BMW S1000RR Silver \u2013 elektrinis vaiki\u0161kas motociklas - KidsPlay. Did\u017eiausias vaik\u0173 \u017eaisl\u0173 pasirinkimas.\",\"breadcrumb\":{\"@id\":\"https:\\\/\\\/kidsplay.lt\\\/produktas\\\/bmw-s1000rr-silver-elektrinis-vaikiskas-motociklas\\\/#breadcrumb\"},\"inLanguage\":\"lv-LV\",\"potentialAction\":[{\"@type\":\"ReadAction\",\"target\":[\"https:\\\/\\\/kidsplay.lt\\\/produktas\\\/bmw-s1000rr-silver-elektrinis-vaikiskas-motociklas\\\/\"]}]},{\"@type\":\"ImageObject\",\"inLanguage\":\"lv-LV\",\"@id\":\"https:\\\/\\\/kidsplay.lt\\\/produktas\\\/bmw-s1000rr-silver-elektrinis-vaikiskas-motociklas\\\/#primaryimage\",\"url\":\"https:\\\/\\\/kidsplay.lt\\\/wp-content\\\/uploads\\\/2026\\\/02\\\/BMW-S1000RR-Silver-\u2013-elektrinis-vaikiskas-motociklas.jpg\",\"contentUrl\":\"https:\\\/\\\/kidsplay.lt\\\/wp-content\\\/uploads\\\/2026\\\/02\\\/BMW-S1000RR-Silver-\u2013-elektrinis-vaikiskas-motociklas.jpg\",\"width\":826,\"height\":578,\"caption\":\"BMW S1000RR Silver \u2013 elektrinis vaiki\u0161kas motociklas\"},{\"@type\":\"BreadcrumbList\",\"@id\":\"https:\\\/\\\/kidsplay.lt\\\/produktas\\\/bmw-s1000rr-silver-elektrinis-vaikiskas-motociklas\\\/#breadcrumb\",\"itemListElement\":[{\"@type\":\"ListItem\",\"position\":1,\"name\":\"Pagrindinis\",\"item\":\"https:\\\/\\\/kidsplay.lt\\\/\"},{\"@type\":\"ListItem\",\"position\":2,\"name\":\"Parduotuv\u0117\",\"item\":\"https:\\\/\\\/kidsplay.lt\\\/parduotuve\\\/\"},{\"@type\":\"ListItem\",\"position\":3,\"name\":\"BMW S1000RR Silver \u2013 elektrinis vaiki\u0161kas motociklas\"}]},{\"@type\":\"WebSite\",\"@id\":\"https:\\\/\\\/kidsplay.lt\\\/#website\",\"url\":\"https:\\\/\\\/kidsplay.lt\\\/\",\"name\":\"Kidsplay.lt\",\"description\":\"\u012evairios prek\u0117s vaikams\",\"publisher\":{\"@id\":\"https:\\\/\\\/kidsplay.lt\\\/#organization\"},\"alternateName\":\"Kidsplay\",\"potentialAction\":[{\"@type\":\"SearchAction\",\"target\":{\"@type\":\"EntryPoint\",\"urlTemplate\":\"https:\\\/\\\/kidsplay.lt\\\/?s={search_term_string}\"},\"query-input\":{\"@type\":\"PropertyValueSpecification\",\"valueRequired\":true,\"valueName\":\"search_term_string\"}}],\"inLanguage\":\"lv-LV\"},{\"@type\":\"Organization\",\"@id\":\"https:\\\/\\\/kidsplay.lt\\\/#organization\",\"name\":\"KidsPlay\",\"url\":\"https:\\\/\\\/kidsplay.lt\\\/\",\"logo\":{\"@type\":\"ImageObject\",\"inLanguage\":\"lv-LV\",\"@id\":\"https:\\\/\\\/kidsplay.lt\\\/#\\\/schema\\\/logo\\\/image\\\/\",\"url\":\"https:\\\/\\\/kidsplay.lt\\\/wp-content\\\/uploads\\\/2023\\\/07\\\/kidsplay-logo.png\",\"contentUrl\":\"https:\\\/\\\/kidsplay.lt\\\/wp-content\\\/uploads\\\/2023\\\/07\\\/kidsplay-logo.png\",\"width\":451,\"height\":98,\"caption\":\"KidsPlay\"},\"image\":{\"@id\":\"https:\\\/\\\/kidsplay.lt\\\/#\\\/schema\\\/logo\\\/image\\\/\"},\"sameAs\":[\"https:\\\/\\\/www.facebook.com\\\/www.kidsplay.lt\"]}]}<\/script>\n<!-- \/ Yoast SEO plugin. -->","yoast_head_json":{"title":"BMW S1000RR Silver \u2013 elektriskais b\u0113rnu motocikls","description":"BMW S1000RR Silver \u2013 elektrinis vaiki\u0161kas motociklas - KidsPlay. Did\u017eiausias vaik\u0173 \u017eaisl\u0173 pasirinkimas.","robots":{"index":"index","follow":"follow","max-snippet":"max-snippet:-1","max-image-preview":"max-image-preview:large","max-video-preview":"max-video-preview:-1"},"canonical":"https:\/\/kidsplay.lt\/lv\/products\/bmw-s1000rr-silver-elektrinis-vaikiskas-motociklas\/","og_locale":"lv_LV","og_type":"article","og_title":"BMW S1000RR Silver \u2013 elektrinis vaiki\u0161kas motociklas","og_description":"BMW S1000RR Silver \u2013 elektrinis vaiki\u0161kas motociklas - KidsPlay. Did\u017eiausias vaik\u0173 \u017eaisl\u0173 pasirinkimas.","og_url":"https:\/\/kidsplay.lt\/lv\/products\/bmw-s1000rr-silver-elektrinis-vaikiskas-motociklas\/","og_site_name":"KidsPlay","article_publisher":"https:\/\/www.facebook.com\/www.kidsplay.lt","article_modified_time":"2026-04-15T12:40:56+00:00","og_image":[{"width":826,"height":578,"url":"https:\/\/kidsplay.lt\/wp-content\/uploads\/2026\/02\/BMW-S1000RR-Silver-\u2013-elektrinis-vaikiskas-motociklas.jpg","type":"image\/jpeg"}],"twitter_card":"summary_large_image","twitter_misc":{"Est. reading time":"2 min\u016btes"},"schema":{"@context":"https:\/\/schema.org","@graph":[{"@type":"WebPage","@id":"https:\/\/kidsplay.lt\/produktas\/bmw-s1000rr-silver-elektrinis-vaikiskas-motociklas\/","url":"https:\/\/kidsplay.lt\/produktas\/bmw-s1000rr-silver-elektrinis-vaikiskas-motociklas\/","name":"BMW S1000RR Silver \u2013 elektriskais b\u0113rnu motocikls","isPartOf":{"@id":"https:\/\/kidsplay.lt\/#website"},"primaryImageOfPage":{"@id":"https:\/\/kidsplay.lt\/produktas\/bmw-s1000rr-silver-elektrinis-vaikiskas-motociklas\/#primaryimage"},"image":{"@id":"https:\/\/kidsplay.lt\/produktas\/bmw-s1000rr-silver-elektrinis-vaikiskas-motociklas\/#primaryimage"},"thumbnailUrl":"https:\/\/kidsplay.lt\/wp-content\/uploads\/2026\/02\/BMW-S1000RR-Silver-\u2013-elektrinis-vaikiskas-motociklas.jpg","datePublished":"2026-02-19T08:48:59+00:00","dateModified":"2026-04-15T12:40:56+00:00","description":"BMW S1000RR Silver \u2013 elektrinis vaiki\u0161kas motociklas - KidsPlay. Did\u017eiausias vaik\u0173 \u017eaisl\u0173 pasirinkimas.","breadcrumb":{"@id":"https:\/\/kidsplay.lt\/produktas\/bmw-s1000rr-silver-elektrinis-vaikiskas-motociklas\/#breadcrumb"},"inLanguage":"lv-LV","potentialAction":[{"@type":"ReadAction","target":["https:\/\/kidsplay.lt\/produktas\/bmw-s1000rr-silver-elektrinis-vaikiskas-motociklas\/"]}]},{"@type":"ImageObject","inLanguage":"lv-LV","@id":"https:\/\/kidsplay.lt\/produktas\/bmw-s1000rr-silver-elektrinis-vaikiskas-motociklas\/#primaryimage","url":"https:\/\/kidsplay.lt\/wp-content\/uploads\/2026\/02\/BMW-S1000RR-Silver-\u2013-elektrinis-vaikiskas-motociklas.jpg","contentUrl":"https:\/\/kidsplay.lt\/wp-content\/uploads\/2026\/02\/BMW-S1000RR-Silver-\u2013-elektrinis-vaikiskas-motociklas.jpg","width":826,"height":578,"caption":"BMW S1000RR Silver \u2013 elektrinis vaiki\u0161kas motociklas"},{"@type":"BreadcrumbList","@id":"https:\/\/kidsplay.lt\/produktas\/bmw-s1000rr-silver-elektrinis-vaikiskas-motociklas\/#breadcrumb","itemListElement":[{"@type":"ListItem","position":1,"name":"Pagrindinis","item":"https:\/\/kidsplay.lt\/"},{"@type":"ListItem","position":2,"name":"Parduotuv\u0117","item":"https:\/\/kidsplay.lt\/parduotuve\/"},{"@type":"ListItem","position":3,"name":"BMW S1000RR Silver \u2013 elektrinis vaiki\u0161kas motociklas"}]},{"@type":"WebSite","@id":"https:\/\/kidsplay.lt\/#website","url":"https:\/\/kidsplay.lt\/","name":"B\u0113rnu sp\u0113les.lv","description":"\u012evairios prek\u0117s vaikams","publisher":{"@id":"https:\/\/kidsplay.lt\/#organization"},"alternateName":"Kidsplay","potentialAction":[{"@type":"SearchAction","target":{"@type":"EntryPoint","urlTemplate":"https:\/\/kidsplay.lt\/?s={search_term_string}"},"query-input":{"@type":"PropertyValueSpecification","valueRequired":true,"valueName":"search_term_string"}}],"inLanguage":"lv-LV"},{"@type":"Organization","@id":"https:\/\/kidsplay.lt\/#organization","name":"B\u0113rnu sp\u0113le","url":"https:\/\/kidsplay.lt\/","logo":{"@type":"ImageObject","inLanguage":"lv-LV","@id":"https:\/\/kidsplay.lt\/#\/schema\/logo\/image\/","url":"https:\/\/kidsplay.lt\/wp-content\/uploads\/2023\/07\/kidsplay-logo.png","contentUrl":"https:\/\/kidsplay.lt\/wp-content\/uploads\/2023\/07\/kidsplay-logo.png","width":451,"height":98,"caption":"KidsPlay"},"image":{"@id":"https:\/\/kidsplay.lt\/#\/schema\/logo\/image\/"},"sameAs":["https:\/\/www.facebook.com\/www.kidsplay.lt"]}]}},"_links":{"self":[{"href":"https:\/\/kidsplay.lt\/lv\/wp-json\/wp\/v2\/product\/83836","targetHints":{"allow":["GET"]}}],"collection":[{"href":"https:\/\/kidsplay.lt\/lv\/wp-json\/wp\/v2\/product"}],"about":[{"href":"https:\/\/kidsplay.lt\/lv\/wp-json\/wp\/v2\/types\/product"}],"version-history":[{"count":3,"href":"https:\/\/kidsplay.lt\/lv\/wp-json\/wp\/v2\/product\/83836\/revisions"}],"predecessor-version":[{"id":88456,"href":"https:\/\/kidsplay.lt\/lv\/wp-json\/wp\/v2\/product\/83836\/revisions\/88456"}],"wp:featuredmedia":[{"embeddable":true,"href":"https:\/\/kidsplay.lt\/lv\/wp-json\/wp\/v2\/media\/83838"}],"wp:attachment":[{"href":"https:\/\/kidsplay.lt\/lv\/wp-json\/wp\/v2\/media?parent=83836"}],"wp:term":[{"taxonomy":"product_brand","embeddable":true,"href":"https:\/\/kidsplay.lt\/lv\/wp-json\/wp\/v2\/product_brand?post=83836"},{"taxonomy":"product_cat","embeddable":true,"href":"https:\/\/kidsplay.lt\/lv\/wp-json\/wp\/v2\/product_cat?post=83836"},{"taxonomy":"product_tag","embeddable":true,"href":"https:\/\/kidsplay.lt\/lv\/wp-json\/wp\/v2\/product_tag?post=83836"}],"curies":[{"name":"wp","href":"https:\/\/api.w.org\/{rel}","templated":true}]}}