{"id":83946,"date":"2026-02-21T11:48:10","date_gmt":"2026-02-21T09:48:10","guid":{"rendered":"https:\/\/kidsplay.lt\/produktas\/akumuliatorinis-bagis-can-am-dk-ca003-melynos-spalvos\/"},"modified":"2026-04-10T09:27:07","modified_gmt":"2026-04-10T06:27:07","slug":"akumuliatorinis-bagis-can-am-dk-ca003-melynos-spalvos","status":"publish","type":"product","link":"https:\/\/kidsplay.lt\/lv\/products\/akumuliatorinis-bagis-can-am-dk-ca003-melynos-spalvos\/","title":{"rendered":"Akumulatora bagijs &quot;Can-am DK-CA003&quot; zils"},"content":{"rendered":"<p>Pakuot\u0117s matmenys:<br \/>\n118 cm x 61,5 cm x 33 cm<\/p>\n<p>Pakuot\u0117s svoris:<br \/>\n23 kg<\/p>\n<p>Gamintojas<br \/>\nLEAN CARS<\/p>\n<p>Modelis<br \/>\nDK-CA003<\/p>\n<p>Kr\u0101sa<br \/>\nM\u0117lyna<\/p>\n<p>Techniniai duomenys<br \/>\nVariklis: 4 x 200W<br \/>\nBaterija: 24V 5Ah<br \/>\nPavar\u0173 d\u0117\u017e\u0117: Automatin\u0117, 3 pavaros<br \/>\nMatmenys: 108 cm x 73,5 cm x 63,5 cm<br \/>\nMaksimalus greitis: 3\u20138 km\/h<br \/>\nSvoris (be apkrovos): 19 kg<br \/>\nMaksimali apkrova: 30 kg<br \/>\n\u012ekrovimo laikas: 8 valandos<br \/>\nVa\u017eiavimo trukm\u0117: iki 1 valandos<br \/>\nStabd\u017eiai: Automatiniai, atleidus akceleratori\u0173<br \/>\nAvarinis stabdis: Valdomas nuotoliniu pultu<\/p>\n<p>\u012eranga<br \/>\nSaugos dir\u017eai: \u2713<br \/>\nAtidaromos durys: \u2713<br \/>\nRakteliai: N\u0117ra<br \/>\nS\u0117dyn\u0117: Mink\u0161ta ekologi\u0161kos odos (eko odos)<br \/>\nRatai: EVA (mink\u0161ti, tyl\u016bs)<br \/>\nNuotolinio valdymo pultas: 2.4G<br \/>\n\u017dibintai: Priekiniai ir galiniai<br \/>\nGarso funkcijos: USB, Bluetooth, FM radijas, MP3, AUX<\/p>","protected":false},"excerpt":{"rendered":"<p>Pakuot\u0117s matmenys: 118 cm x 61,5 cm x 33 cm Pakuot\u0117s svoris: 23 kg Gamintojas LEAN CARS Modelis DK-CA003 Spalva<\/p>","protected":false},"featured_media":83948,"template":"","meta":{"_acf_changed":false,"_glsr_average":0,"_glsr_ranking":0,"_glsr_reviews":0},"product_brand":[],"product_cat":[310,237],"product_tag":[],"class_list":{"0":"post-83946","1":"product","2":"type-product","3":"status-publish","4":"has-post-thumbnail","6":"product_cat-akumuliatorines-transporto-priemones","7":"product_cat-judejimo-priemones","8":"\"style=\"background-color: #2ecc711c;\"","10":"first","11":"instock","12":"purchasable","13":"product-type-simple"},"acf":[],"yoast_head":"<!-- This site is optimized with the Yoast SEO plugin v27.3 - https:\/\/yoast.com\/product\/yoast-seo-wordpress\/ -->\n<title>Akumuliatorinis bagis \u201eCan-am DK-CA003\u201c m\u0117lynos spalvos<\/title>\n<meta name=\"description\" content=\"Akumuliatorinis bagis \u201eCan-am DK-CA003\u201c m\u0117lynos spalvos - KidsPlay. Did\u017eiausias vaik\u0173 \u017eaisl\u0173 pasirinkimas.\" \/>\n<meta name=\"robots\" content=\"index, follow, max-snippet:-1, max-image-preview:large, max-video-preview:-1\" \/>\n<link rel=\"canonical\" href=\"https:\/\/kidsplay.lt\/lv\/products\/akumuliatorinis-bagis-can-am-dk-ca003-melynos-spalvos\/\" \/>\n<meta property=\"og:locale\" content=\"lv_LV\" \/>\n<meta property=\"og:type\" content=\"article\" \/>\n<meta property=\"og:title\" content=\"Akumuliatorinis bagis \u201eCan-am DK-CA003\u201c m\u0117lynos spalvos\" \/>\n<meta property=\"og:description\" content=\"Akumuliatorinis bagis \u201eCan-am DK-CA003\u201c m\u0117lynos spalvos - KidsPlay. Did\u017eiausias vaik\u0173 \u017eaisl\u0173 pasirinkimas.\" \/>\n<meta property=\"og:url\" content=\"https:\/\/kidsplay.lt\/lv\/products\/akumuliatorinis-bagis-can-am-dk-ca003-melynos-spalvos\/\" \/>\n<meta property=\"og:site_name\" content=\"KidsPlay\" \/>\n<meta property=\"article:publisher\" content=\"https:\/\/www.facebook.com\/www.kidsplay.lt\" \/>\n<meta property=\"article:modified_time\" content=\"2026-04-10T06:27:07+00:00\" \/>\n<meta property=\"og:image\" content=\"https:\/\/kidsplay.lt\/wp-content\/uploads\/2026\/02\/Akumuliatorinis-bagis-\u201eCan-am-DK-CA003-melynos-spalvos.jpg\" \/>\n\t<meta property=\"og:image:width\" content=\"1000\" \/>\n\t<meta property=\"og:image:height\" content=\"707\" \/>\n\t<meta property=\"og:image:type\" content=\"image\/jpeg\" \/>\n<meta name=\"twitter:card\" content=\"summary_large_image\" \/>\n<meta name=\"twitter:label1\" content=\"Est. reading time\" \/>\n\t<meta name=\"twitter:data1\" content=\"1 min\u016bte\" \/>\n<script type=\"application\/ld+json\" class=\"yoast-schema-graph\">{\"@context\":\"https:\\\/\\\/schema.org\",\"@graph\":[{\"@type\":\"WebPage\",\"@id\":\"https:\\\/\\\/kidsplay.lt\\\/produktas\\\/akumuliatorinis-bagis-can-am-dk-ca003-melynos-spalvos\\\/\",\"url\":\"https:\\\/\\\/kidsplay.lt\\\/produktas\\\/akumuliatorinis-bagis-can-am-dk-ca003-melynos-spalvos\\\/\",\"name\":\"Akumuliatorinis bagis \u201eCan-am DK-CA003\u201c m\u0117lynos spalvos\",\"isPartOf\":{\"@id\":\"https:\\\/\\\/kidsplay.lt\\\/#website\"},\"primaryImageOfPage\":{\"@id\":\"https:\\\/\\\/kidsplay.lt\\\/produktas\\\/akumuliatorinis-bagis-can-am-dk-ca003-melynos-spalvos\\\/#primaryimage\"},\"image\":{\"@id\":\"https:\\\/\\\/kidsplay.lt\\\/produktas\\\/akumuliatorinis-bagis-can-am-dk-ca003-melynos-spalvos\\\/#primaryimage\"},\"thumbnailUrl\":\"https:\\\/\\\/kidsplay.lt\\\/wp-content\\\/uploads\\\/2026\\\/02\\\/Akumuliatorinis-bagis-\u201eCan-am-DK-CA003-melynos-spalvos.jpg\",\"datePublished\":\"2026-02-21T09:48:10+00:00\",\"dateModified\":\"2026-04-10T06:27:07+00:00\",\"description\":\"Akumuliatorinis bagis \u201eCan-am DK-CA003\u201c m\u0117lynos spalvos - KidsPlay. Did\u017eiausias vaik\u0173 \u017eaisl\u0173 pasirinkimas.\",\"breadcrumb\":{\"@id\":\"https:\\\/\\\/kidsplay.lt\\\/produktas\\\/akumuliatorinis-bagis-can-am-dk-ca003-melynos-spalvos\\\/#breadcrumb\"},\"inLanguage\":\"lv-LV\",\"potentialAction\":[{\"@type\":\"ReadAction\",\"target\":[\"https:\\\/\\\/kidsplay.lt\\\/produktas\\\/akumuliatorinis-bagis-can-am-dk-ca003-melynos-spalvos\\\/\"]}]},{\"@type\":\"ImageObject\",\"inLanguage\":\"lv-LV\",\"@id\":\"https:\\\/\\\/kidsplay.lt\\\/produktas\\\/akumuliatorinis-bagis-can-am-dk-ca003-melynos-spalvos\\\/#primaryimage\",\"url\":\"https:\\\/\\\/kidsplay.lt\\\/wp-content\\\/uploads\\\/2026\\\/02\\\/Akumuliatorinis-bagis-\u201eCan-am-DK-CA003-melynos-spalvos.jpg\",\"contentUrl\":\"https:\\\/\\\/kidsplay.lt\\\/wp-content\\\/uploads\\\/2026\\\/02\\\/Akumuliatorinis-bagis-\u201eCan-am-DK-CA003-melynos-spalvos.jpg\",\"width\":1000,\"height\":707,\"caption\":\"Akumuliatorinis bagis \u201eCan-am DK-CA003\u201c m\u0117lynos spalvos\"},{\"@type\":\"BreadcrumbList\",\"@id\":\"https:\\\/\\\/kidsplay.lt\\\/produktas\\\/akumuliatorinis-bagis-can-am-dk-ca003-melynos-spalvos\\\/#breadcrumb\",\"itemListElement\":[{\"@type\":\"ListItem\",\"position\":1,\"name\":\"Pagrindinis\",\"item\":\"https:\\\/\\\/kidsplay.lt\\\/\"},{\"@type\":\"ListItem\",\"position\":2,\"name\":\"Parduotuv\u0117\",\"item\":\"https:\\\/\\\/kidsplay.lt\\\/parduotuve\\\/\"},{\"@type\":\"ListItem\",\"position\":3,\"name\":\"Akumuliatorinis bagis \u201eCan-am DK-CA003\u201c m\u0117lynos spalvos\"}]},{\"@type\":\"WebSite\",\"@id\":\"https:\\\/\\\/kidsplay.lt\\\/#website\",\"url\":\"https:\\\/\\\/kidsplay.lt\\\/\",\"name\":\"Kidsplay.lt\",\"description\":\"\u012evairios prek\u0117s vaikams\",\"publisher\":{\"@id\":\"https:\\\/\\\/kidsplay.lt\\\/#organization\"},\"alternateName\":\"Kidsplay\",\"potentialAction\":[{\"@type\":\"SearchAction\",\"target\":{\"@type\":\"EntryPoint\",\"urlTemplate\":\"https:\\\/\\\/kidsplay.lt\\\/?s={search_term_string}\"},\"query-input\":{\"@type\":\"PropertyValueSpecification\",\"valueRequired\":true,\"valueName\":\"search_term_string\"}}],\"inLanguage\":\"lv-LV\"},{\"@type\":\"Organization\",\"@id\":\"https:\\\/\\\/kidsplay.lt\\\/#organization\",\"name\":\"KidsPlay\",\"url\":\"https:\\\/\\\/kidsplay.lt\\\/\",\"logo\":{\"@type\":\"ImageObject\",\"inLanguage\":\"lv-LV\",\"@id\":\"https:\\\/\\\/kidsplay.lt\\\/#\\\/schema\\\/logo\\\/image\\\/\",\"url\":\"https:\\\/\\\/kidsplay.lt\\\/wp-content\\\/uploads\\\/2023\\\/07\\\/kidsplay-logo.png\",\"contentUrl\":\"https:\\\/\\\/kidsplay.lt\\\/wp-content\\\/uploads\\\/2023\\\/07\\\/kidsplay-logo.png\",\"width\":451,\"height\":98,\"caption\":\"KidsPlay\"},\"image\":{\"@id\":\"https:\\\/\\\/kidsplay.lt\\\/#\\\/schema\\\/logo\\\/image\\\/\"},\"sameAs\":[\"https:\\\/\\\/www.facebook.com\\\/www.kidsplay.lt\"]}]}<\/script>\n<!-- \/ Yoast SEO plugin. -->","yoast_head_json":{"title":"Akumulatora bagijs &quot;Can-am DK-CA003&quot; zils","description":"Akumuliatorinis bagis \u201eCan-am DK-CA003\u201c m\u0117lynos spalvos - KidsPlay. Did\u017eiausias vaik\u0173 \u017eaisl\u0173 pasirinkimas.","robots":{"index":"index","follow":"follow","max-snippet":"max-snippet:-1","max-image-preview":"max-image-preview:large","max-video-preview":"max-video-preview:-1"},"canonical":"https:\/\/kidsplay.lt\/lv\/products\/akumuliatorinis-bagis-can-am-dk-ca003-melynos-spalvos\/","og_locale":"lv_LV","og_type":"article","og_title":"Akumuliatorinis bagis \u201eCan-am DK-CA003\u201c m\u0117lynos spalvos","og_description":"Akumuliatorinis bagis \u201eCan-am DK-CA003\u201c m\u0117lynos spalvos - KidsPlay. Did\u017eiausias vaik\u0173 \u017eaisl\u0173 pasirinkimas.","og_url":"https:\/\/kidsplay.lt\/lv\/products\/akumuliatorinis-bagis-can-am-dk-ca003-melynos-spalvos\/","og_site_name":"KidsPlay","article_publisher":"https:\/\/www.facebook.com\/www.kidsplay.lt","article_modified_time":"2026-04-10T06:27:07+00:00","og_image":[{"width":1000,"height":707,"url":"https:\/\/kidsplay.lt\/wp-content\/uploads\/2026\/02\/Akumuliatorinis-bagis-\u201eCan-am-DK-CA003-melynos-spalvos.jpg","type":"image\/jpeg"}],"twitter_card":"summary_large_image","twitter_misc":{"Est. reading time":"1 min\u016bte"},"schema":{"@context":"https:\/\/schema.org","@graph":[{"@type":"WebPage","@id":"https:\/\/kidsplay.lt\/produktas\/akumuliatorinis-bagis-can-am-dk-ca003-melynos-spalvos\/","url":"https:\/\/kidsplay.lt\/produktas\/akumuliatorinis-bagis-can-am-dk-ca003-melynos-spalvos\/","name":"Akumulatora bagijs &quot;Can-am DK-CA003&quot; zils","isPartOf":{"@id":"https:\/\/kidsplay.lt\/#website"},"primaryImageOfPage":{"@id":"https:\/\/kidsplay.lt\/produktas\/akumuliatorinis-bagis-can-am-dk-ca003-melynos-spalvos\/#primaryimage"},"image":{"@id":"https:\/\/kidsplay.lt\/produktas\/akumuliatorinis-bagis-can-am-dk-ca003-melynos-spalvos\/#primaryimage"},"thumbnailUrl":"https:\/\/kidsplay.lt\/wp-content\/uploads\/2026\/02\/Akumuliatorinis-bagis-\u201eCan-am-DK-CA003-melynos-spalvos.jpg","datePublished":"2026-02-21T09:48:10+00:00","dateModified":"2026-04-10T06:27:07+00:00","description":"Akumuliatorinis bagis \u201eCan-am DK-CA003\u201c m\u0117lynos spalvos - KidsPlay. Did\u017eiausias vaik\u0173 \u017eaisl\u0173 pasirinkimas.","breadcrumb":{"@id":"https:\/\/kidsplay.lt\/produktas\/akumuliatorinis-bagis-can-am-dk-ca003-melynos-spalvos\/#breadcrumb"},"inLanguage":"lv-LV","potentialAction":[{"@type":"ReadAction","target":["https:\/\/kidsplay.lt\/produktas\/akumuliatorinis-bagis-can-am-dk-ca003-melynos-spalvos\/"]}]},{"@type":"ImageObject","inLanguage":"lv-LV","@id":"https:\/\/kidsplay.lt\/produktas\/akumuliatorinis-bagis-can-am-dk-ca003-melynos-spalvos\/#primaryimage","url":"https:\/\/kidsplay.lt\/wp-content\/uploads\/2026\/02\/Akumuliatorinis-bagis-\u201eCan-am-DK-CA003-melynos-spalvos.jpg","contentUrl":"https:\/\/kidsplay.lt\/wp-content\/uploads\/2026\/02\/Akumuliatorinis-bagis-\u201eCan-am-DK-CA003-melynos-spalvos.jpg","width":1000,"height":707,"caption":"Akumuliatorinis bagis \u201eCan-am DK-CA003\u201c m\u0117lynos spalvos"},{"@type":"BreadcrumbList","@id":"https:\/\/kidsplay.lt\/produktas\/akumuliatorinis-bagis-can-am-dk-ca003-melynos-spalvos\/#breadcrumb","itemListElement":[{"@type":"ListItem","position":1,"name":"Pagrindinis","item":"https:\/\/kidsplay.lt\/"},{"@type":"ListItem","position":2,"name":"Parduotuv\u0117","item":"https:\/\/kidsplay.lt\/parduotuve\/"},{"@type":"ListItem","position":3,"name":"Akumuliatorinis bagis \u201eCan-am DK-CA003\u201c m\u0117lynos spalvos"}]},{"@type":"WebSite","@id":"https:\/\/kidsplay.lt\/#website","url":"https:\/\/kidsplay.lt\/","name":"B\u0113rnu sp\u0113les.lv","description":"\u012evairios prek\u0117s vaikams","publisher":{"@id":"https:\/\/kidsplay.lt\/#organization"},"alternateName":"Kidsplay","potentialAction":[{"@type":"SearchAction","target":{"@type":"EntryPoint","urlTemplate":"https:\/\/kidsplay.lt\/?s={search_term_string}"},"query-input":{"@type":"PropertyValueSpecification","valueRequired":true,"valueName":"search_term_string"}}],"inLanguage":"lv-LV"},{"@type":"Organization","@id":"https:\/\/kidsplay.lt\/#organization","name":"B\u0113rnu sp\u0113le","url":"https:\/\/kidsplay.lt\/","logo":{"@type":"ImageObject","inLanguage":"lv-LV","@id":"https:\/\/kidsplay.lt\/#\/schema\/logo\/image\/","url":"https:\/\/kidsplay.lt\/wp-content\/uploads\/2023\/07\/kidsplay-logo.png","contentUrl":"https:\/\/kidsplay.lt\/wp-content\/uploads\/2023\/07\/kidsplay-logo.png","width":451,"height":98,"caption":"KidsPlay"},"image":{"@id":"https:\/\/kidsplay.lt\/#\/schema\/logo\/image\/"},"sameAs":["https:\/\/www.facebook.com\/www.kidsplay.lt"]}]}},"_links":{"self":[{"href":"https:\/\/kidsplay.lt\/lv\/wp-json\/wp\/v2\/product\/83946","targetHints":{"allow":["GET"]}}],"collection":[{"href":"https:\/\/kidsplay.lt\/lv\/wp-json\/wp\/v2\/product"}],"about":[{"href":"https:\/\/kidsplay.lt\/lv\/wp-json\/wp\/v2\/types\/product"}],"version-history":[{"count":3,"href":"https:\/\/kidsplay.lt\/lv\/wp-json\/wp\/v2\/product\/83946\/revisions"}],"predecessor-version":[{"id":84919,"href":"https:\/\/kidsplay.lt\/lv\/wp-json\/wp\/v2\/product\/83946\/revisions\/84919"}],"wp:featuredmedia":[{"embeddable":true,"href":"https:\/\/kidsplay.lt\/lv\/wp-json\/wp\/v2\/media\/83948"}],"wp:attachment":[{"href":"https:\/\/kidsplay.lt\/lv\/wp-json\/wp\/v2\/media?parent=83946"}],"wp:term":[{"taxonomy":"product_brand","embeddable":true,"href":"https:\/\/kidsplay.lt\/lv\/wp-json\/wp\/v2\/product_brand?post=83946"},{"taxonomy":"product_cat","embeddable":true,"href":"https:\/\/kidsplay.lt\/lv\/wp-json\/wp\/v2\/product_cat?post=83946"},{"taxonomy":"product_tag","embeddable":true,"href":"https:\/\/kidsplay.lt\/lv\/wp-json\/wp\/v2\/product_tag?post=83946"}],"curies":[{"name":"wp","href":"https:\/\/api.w.org\/{rel}","templated":true}]}}