{"id":83994,"date":"2026-02-21T11:49:48","date_gmt":"2026-02-21T09:49:48","guid":{"rendered":"https:\/\/kidsplay.lt\/produktas\/hl1638-electric-ride-on-car-baltas-elektrinis-vaikiskas-automobilis\/"},"modified":"2026-04-10T10:08:39","modified_gmt":"2026-04-10T07:08:39","slug":"hl1638-electric-ride-on-car-baltas-elektrinis-vaikiskas-automobilis","status":"publish","type":"product","link":"https:\/\/kidsplay.lt\/lv\/products\/hl1638-electric-ride-on-car-baltas-elektrinis-vaikiskas-automobilis\/","title":{"rendered":"HL1638 elektrisk\u0101 braucam\u0101 automa\u0161\u012bna \u2013 balta elektrisk\u0101 b\u0113rnu automa\u0161\u012bna"},"content":{"rendered":"<p>Nuo \u0161iol j\u016bs\u0173 vaikas gali tur\u0117ti savo automobil\u012f! I\u0161pildykite savo ma\u017eylio svajon\u0119 \u012fsigydami patog\u0173 HL1638 baterijin\u012f automobil\u012f patrauklia raudona spalva. Ugdykite vaiko aistr\u0105 jau dabar, kuri\u0105 gal\u0117site kartu dalintis ateityje, \u012fveikdami pla\u010dius kelius. Leiskite jam pajusti va\u017ein\u0117jimo dviguba trasa d\u017eiaugsm\u0105 ir laisv\u0119!<br \/>\nVaiki\u0161kas \u017eaislinis automobilis atrodo kaip tikras \u2013 skirtumas tik tas, kad jis pritaikytas ma\u017eam vaikui. Tvirta konstrukcija i\u0161 auk\u0161tos kokyb\u0117s med\u017eiag\u0173 u\u017etikrina nuolatin\u012f \u017eaidimo d\u017eiaugsm\u0105 daugel\u012f met\u0173. HL1638 baterijinis automobilis sukurtas moderniu stiliumi, kuris patiks ne tik jauniausiems automobili\u0173 \u017eaisl\u0173 myl\u0117tojams, bet ir j\u0173 t\u0117vams. Interjeras detalizuotas iki smulkmen\u0173, o elementai, imituojantys tikras automobilio dalis, leis vaikui jaustis lyg tikrame automobilyje \u2013 kur\u012f, \u017einoma, jis gali vairuoti pats.<br \/>\nHL1638 automobilis skirtas vaikams nuo 3 met\u0173, ta\u010diau pri\u017ei\u016brint t\u0117vams, j\u012f gali naudoti ir jaunesni vaikai. Automobilis turi CE sertifikat\u0105, o surinkimas labai paprastas \u2013 u\u017etrunka apie 30 minu\u010di\u0173.<\/p>\n<p>BENDROJI INFORMACIJA<\/p>\n<p>Ra\u017eot\u0101js: LEAN CARS<\/p>\n<p>Modelis: HL1638<\/p>\n<p>Spalva: Balta<\/p>\n<p>Tipas: Elektrinis vaiki\u0161kas automobilis<\/p>\n<p>TECHNINIAI DUOMENYS<\/p>\n<p>Variklis: 2 \u00d7 45W<\/p>\n<p>Baterija: 2 \u00d7 6V 4,5Ah<\/p>\n<p>Pavaros: pirmyn \/ atgal<\/p>\n<p>Grei\u010dio re\u017eimai: 2 (l\u0117tas \/ greitas)<\/p>\n<p>Matmenys: 93 \u00d7 58 \u00d7 49 cm<\/p>\n<p>Maksimalus greitis: 3\u20136 km\/h<\/p>\n<p>Svoris: 12 kg<\/p>\n<p>Maksimali apkrova: 30 kg<\/p>\n<p>\u012ekrovimo laikas: 8 val.<\/p>\n<p>Va\u017eiavimo trukm\u0117: iki 1 val.<\/p>\n<p>Stabd\u017eiai: automatiniai atleidus pedal\u0105<\/p>\n<p>Avarinis stabdis: per nuotolinio valdymo pult\u0105<\/p>\n<p>\u012eRANGA<\/p>\n<p>Saugos dir\u017eai: +<\/p>\n<p>Atidaromos durys: +<\/p>\n<p>S\u0117dyn\u0117: ekologi\u0161ka oda<\/p>\n<p>Ratai: EVA<\/p>\n<p>Nuotolinio valdymo pultas: 2.4G<\/p>\n<p>3 grei\u010dio re\u017eim\u0173 pasirinkimas: l\u0117tas \/ normalus \/ greitas<\/p>\n<p>\u017dibintai: priekiniai, prietais\u0173 skydelio LED<\/p>\n<p>Audio: MP3, AUX, USB, SD kortel\u0117, re\u017eimo perjungimo funkcija<\/p>\n<p>Vecums: no 3 gadiem<\/p>","protected":false},"excerpt":{"rendered":"<p>Nuo \u0161iol j\u016bs\u0173 vaikas gali tur\u0117ti savo automobil\u012f! I\u0161pildykite savo ma\u017eylio svajon\u0119 \u012fsigydami patog\u0173 HL1638 baterijin\u012f automobil\u012f patrauklia raudona spalva.<\/p>","protected":false},"featured_media":83996,"template":"","meta":{"_acf_changed":false,"_glsr_average":0,"_glsr_ranking":0,"_glsr_reviews":0},"product_brand":[],"product_cat":[310,237],"product_tag":[],"class_list":{"0":"post-83994","1":"product","2":"type-product","3":"status-publish","4":"has-post-thumbnail","6":"product_cat-akumuliatorines-transporto-priemones","7":"product_cat-judejimo-priemones","8":"\"style=\"background-color: #2ecc711c;\"","10":"first","11":"instock","12":"purchasable","13":"product-type-simple"},"acf":[],"yoast_head":"<!-- This site is optimized with the Yoast SEO plugin v27.3 - https:\/\/yoast.com\/product\/yoast-seo-wordpress\/ -->\n<title>HL1638 Electric Ride On Car \u2013 baltas elektrinis vaiki\u0161kas automobilis<\/title>\n<meta name=\"description\" content=\"HL1638 Electric Ride On Car \u2013 baltas elektrinis vaiki\u0161kas automobilis - KidsPlay. Did\u017eiausias vaik\u0173 \u017eaisl\u0173 pasirinkimas.\" \/>\n<meta name=\"robots\" content=\"index, follow, max-snippet:-1, max-image-preview:large, max-video-preview:-1\" \/>\n<link rel=\"canonical\" href=\"https:\/\/kidsplay.lt\/lv\/products\/hl1638-electric-ride-on-car-baltas-elektrinis-vaikiskas-automobilis\/\" \/>\n<meta property=\"og:locale\" content=\"lv_LV\" \/>\n<meta property=\"og:type\" content=\"article\" \/>\n<meta property=\"og:title\" content=\"HL1638 Electric Ride On Car \u2013 baltas elektrinis vaiki\u0161kas automobilis\" \/>\n<meta property=\"og:description\" content=\"HL1638 Electric Ride On Car \u2013 baltas elektrinis vaiki\u0161kas automobilis - KidsPlay. Did\u017eiausias vaik\u0173 \u017eaisl\u0173 pasirinkimas.\" \/>\n<meta property=\"og:url\" content=\"https:\/\/kidsplay.lt\/lv\/products\/hl1638-electric-ride-on-car-baltas-elektrinis-vaikiskas-automobilis\/\" \/>\n<meta property=\"og:site_name\" content=\"KidsPlay\" \/>\n<meta property=\"article:publisher\" content=\"https:\/\/www.facebook.com\/www.kidsplay.lt\" \/>\n<meta property=\"article:modified_time\" content=\"2026-04-10T07:08:39+00:00\" \/>\n<meta property=\"og:image\" content=\"https:\/\/kidsplay.lt\/wp-content\/uploads\/2026\/02\/HL1638-Electric-Ride-On-Car-\u2013-baltas-elektrinis-vaikiskas-automobilis.jpg\" \/>\n\t<meta property=\"og:image:width\" content=\"826\" \/>\n\t<meta property=\"og:image:height\" content=\"578\" \/>\n\t<meta property=\"og:image:type\" content=\"image\/jpeg\" \/>\n<meta name=\"twitter:card\" content=\"summary_large_image\" \/>\n<meta name=\"twitter:label1\" content=\"Est. reading time\" \/>\n\t<meta name=\"twitter:data1\" content=\"1 min\u016bte\" \/>\n<script type=\"application\/ld+json\" class=\"yoast-schema-graph\">{\"@context\":\"https:\\\/\\\/schema.org\",\"@graph\":[{\"@type\":\"WebPage\",\"@id\":\"https:\\\/\\\/kidsplay.lt\\\/produktas\\\/hl1638-electric-ride-on-car-baltas-elektrinis-vaikiskas-automobilis\\\/\",\"url\":\"https:\\\/\\\/kidsplay.lt\\\/produktas\\\/hl1638-electric-ride-on-car-baltas-elektrinis-vaikiskas-automobilis\\\/\",\"name\":\"HL1638 Electric Ride On Car \u2013 baltas elektrinis vaiki\u0161kas automobilis\",\"isPartOf\":{\"@id\":\"https:\\\/\\\/kidsplay.lt\\\/#website\"},\"primaryImageOfPage\":{\"@id\":\"https:\\\/\\\/kidsplay.lt\\\/produktas\\\/hl1638-electric-ride-on-car-baltas-elektrinis-vaikiskas-automobilis\\\/#primaryimage\"},\"image\":{\"@id\":\"https:\\\/\\\/kidsplay.lt\\\/produktas\\\/hl1638-electric-ride-on-car-baltas-elektrinis-vaikiskas-automobilis\\\/#primaryimage\"},\"thumbnailUrl\":\"https:\\\/\\\/kidsplay.lt\\\/wp-content\\\/uploads\\\/2026\\\/02\\\/HL1638-Electric-Ride-On-Car-\u2013-baltas-elektrinis-vaikiskas-automobilis.jpg\",\"datePublished\":\"2026-02-21T09:49:48+00:00\",\"dateModified\":\"2026-04-10T07:08:39+00:00\",\"description\":\"HL1638 Electric Ride On Car \u2013 baltas elektrinis vaiki\u0161kas automobilis - KidsPlay. Did\u017eiausias vaik\u0173 \u017eaisl\u0173 pasirinkimas.\",\"breadcrumb\":{\"@id\":\"https:\\\/\\\/kidsplay.lt\\\/produktas\\\/hl1638-electric-ride-on-car-baltas-elektrinis-vaikiskas-automobilis\\\/#breadcrumb\"},\"inLanguage\":\"lv-LV\",\"potentialAction\":[{\"@type\":\"ReadAction\",\"target\":[\"https:\\\/\\\/kidsplay.lt\\\/produktas\\\/hl1638-electric-ride-on-car-baltas-elektrinis-vaikiskas-automobilis\\\/\"]}]},{\"@type\":\"ImageObject\",\"inLanguage\":\"lv-LV\",\"@id\":\"https:\\\/\\\/kidsplay.lt\\\/produktas\\\/hl1638-electric-ride-on-car-baltas-elektrinis-vaikiskas-automobilis\\\/#primaryimage\",\"url\":\"https:\\\/\\\/kidsplay.lt\\\/wp-content\\\/uploads\\\/2026\\\/02\\\/HL1638-Electric-Ride-On-Car-\u2013-baltas-elektrinis-vaikiskas-automobilis.jpg\",\"contentUrl\":\"https:\\\/\\\/kidsplay.lt\\\/wp-content\\\/uploads\\\/2026\\\/02\\\/HL1638-Electric-Ride-On-Car-\u2013-baltas-elektrinis-vaikiskas-automobilis.jpg\",\"width\":826,\"height\":578,\"caption\":\"HL1638 Electric Ride On Car \u2013 baltas elektrinis vaiki\u0161kas automobilis\"},{\"@type\":\"BreadcrumbList\",\"@id\":\"https:\\\/\\\/kidsplay.lt\\\/produktas\\\/hl1638-electric-ride-on-car-baltas-elektrinis-vaikiskas-automobilis\\\/#breadcrumb\",\"itemListElement\":[{\"@type\":\"ListItem\",\"position\":1,\"name\":\"Pagrindinis\",\"item\":\"https:\\\/\\\/kidsplay.lt\\\/\"},{\"@type\":\"ListItem\",\"position\":2,\"name\":\"Parduotuv\u0117\",\"item\":\"https:\\\/\\\/kidsplay.lt\\\/parduotuve\\\/\"},{\"@type\":\"ListItem\",\"position\":3,\"name\":\"HL1638 Electric Ride On Car \u2013 baltas elektrinis vaiki\u0161kas automobilis\"}]},{\"@type\":\"WebSite\",\"@id\":\"https:\\\/\\\/kidsplay.lt\\\/#website\",\"url\":\"https:\\\/\\\/kidsplay.lt\\\/\",\"name\":\"Kidsplay.lt\",\"description\":\"\u012evairios prek\u0117s vaikams\",\"publisher\":{\"@id\":\"https:\\\/\\\/kidsplay.lt\\\/#organization\"},\"alternateName\":\"Kidsplay\",\"potentialAction\":[{\"@type\":\"SearchAction\",\"target\":{\"@type\":\"EntryPoint\",\"urlTemplate\":\"https:\\\/\\\/kidsplay.lt\\\/?s={search_term_string}\"},\"query-input\":{\"@type\":\"PropertyValueSpecification\",\"valueRequired\":true,\"valueName\":\"search_term_string\"}}],\"inLanguage\":\"lv-LV\"},{\"@type\":\"Organization\",\"@id\":\"https:\\\/\\\/kidsplay.lt\\\/#organization\",\"name\":\"KidsPlay\",\"url\":\"https:\\\/\\\/kidsplay.lt\\\/\",\"logo\":{\"@type\":\"ImageObject\",\"inLanguage\":\"lv-LV\",\"@id\":\"https:\\\/\\\/kidsplay.lt\\\/#\\\/schema\\\/logo\\\/image\\\/\",\"url\":\"https:\\\/\\\/kidsplay.lt\\\/wp-content\\\/uploads\\\/2023\\\/07\\\/kidsplay-logo.png\",\"contentUrl\":\"https:\\\/\\\/kidsplay.lt\\\/wp-content\\\/uploads\\\/2023\\\/07\\\/kidsplay-logo.png\",\"width\":451,\"height\":98,\"caption\":\"KidsPlay\"},\"image\":{\"@id\":\"https:\\\/\\\/kidsplay.lt\\\/#\\\/schema\\\/logo\\\/image\\\/\"},\"sameAs\":[\"https:\\\/\\\/www.facebook.com\\\/www.kidsplay.lt\"]}]}<\/script>\n<!-- \/ Yoast SEO plugin. -->","yoast_head_json":{"title":"HL1638 elektrisk\u0101 braucam\u0101 automa\u0161\u012bna \u2013 balta elektrisk\u0101 b\u0113rnu automa\u0161\u012bna","description":"HL1638 Electric Ride On Car \u2013 baltas elektrinis vaiki\u0161kas automobilis - KidsPlay. Did\u017eiausias vaik\u0173 \u017eaisl\u0173 pasirinkimas.","robots":{"index":"index","follow":"follow","max-snippet":"max-snippet:-1","max-image-preview":"max-image-preview:large","max-video-preview":"max-video-preview:-1"},"canonical":"https:\/\/kidsplay.lt\/lv\/products\/hl1638-electric-ride-on-car-baltas-elektrinis-vaikiskas-automobilis\/","og_locale":"lv_LV","og_type":"article","og_title":"HL1638 Electric Ride On Car \u2013 baltas elektrinis vaiki\u0161kas automobilis","og_description":"HL1638 Electric Ride On Car \u2013 baltas elektrinis vaiki\u0161kas automobilis - KidsPlay. Did\u017eiausias vaik\u0173 \u017eaisl\u0173 pasirinkimas.","og_url":"https:\/\/kidsplay.lt\/lv\/products\/hl1638-electric-ride-on-car-baltas-elektrinis-vaikiskas-automobilis\/","og_site_name":"KidsPlay","article_publisher":"https:\/\/www.facebook.com\/www.kidsplay.lt","article_modified_time":"2026-04-10T07:08:39+00:00","og_image":[{"width":826,"height":578,"url":"https:\/\/kidsplay.lt\/wp-content\/uploads\/2026\/02\/HL1638-Electric-Ride-On-Car-\u2013-baltas-elektrinis-vaikiskas-automobilis.jpg","type":"image\/jpeg"}],"twitter_card":"summary_large_image","twitter_misc":{"Est. reading time":"1 min\u016bte"},"schema":{"@context":"https:\/\/schema.org","@graph":[{"@type":"WebPage","@id":"https:\/\/kidsplay.lt\/produktas\/hl1638-electric-ride-on-car-baltas-elektrinis-vaikiskas-automobilis\/","url":"https:\/\/kidsplay.lt\/produktas\/hl1638-electric-ride-on-car-baltas-elektrinis-vaikiskas-automobilis\/","name":"HL1638 elektrisk\u0101 braucam\u0101 automa\u0161\u012bna \u2013 balta elektrisk\u0101 b\u0113rnu automa\u0161\u012bna","isPartOf":{"@id":"https:\/\/kidsplay.lt\/#website"},"primaryImageOfPage":{"@id":"https:\/\/kidsplay.lt\/produktas\/hl1638-electric-ride-on-car-baltas-elektrinis-vaikiskas-automobilis\/#primaryimage"},"image":{"@id":"https:\/\/kidsplay.lt\/produktas\/hl1638-electric-ride-on-car-baltas-elektrinis-vaikiskas-automobilis\/#primaryimage"},"thumbnailUrl":"https:\/\/kidsplay.lt\/wp-content\/uploads\/2026\/02\/HL1638-Electric-Ride-On-Car-\u2013-baltas-elektrinis-vaikiskas-automobilis.jpg","datePublished":"2026-02-21T09:49:48+00:00","dateModified":"2026-04-10T07:08:39+00:00","description":"HL1638 Electric Ride On Car \u2013 baltas elektrinis vaiki\u0161kas automobilis - KidsPlay. Did\u017eiausias vaik\u0173 \u017eaisl\u0173 pasirinkimas.","breadcrumb":{"@id":"https:\/\/kidsplay.lt\/produktas\/hl1638-electric-ride-on-car-baltas-elektrinis-vaikiskas-automobilis\/#breadcrumb"},"inLanguage":"lv-LV","potentialAction":[{"@type":"ReadAction","target":["https:\/\/kidsplay.lt\/produktas\/hl1638-electric-ride-on-car-baltas-elektrinis-vaikiskas-automobilis\/"]}]},{"@type":"ImageObject","inLanguage":"lv-LV","@id":"https:\/\/kidsplay.lt\/produktas\/hl1638-electric-ride-on-car-baltas-elektrinis-vaikiskas-automobilis\/#primaryimage","url":"https:\/\/kidsplay.lt\/wp-content\/uploads\/2026\/02\/HL1638-Electric-Ride-On-Car-\u2013-baltas-elektrinis-vaikiskas-automobilis.jpg","contentUrl":"https:\/\/kidsplay.lt\/wp-content\/uploads\/2026\/02\/HL1638-Electric-Ride-On-Car-\u2013-baltas-elektrinis-vaikiskas-automobilis.jpg","width":826,"height":578,"caption":"HL1638 Electric Ride On Car \u2013 baltas elektrinis vaiki\u0161kas automobilis"},{"@type":"BreadcrumbList","@id":"https:\/\/kidsplay.lt\/produktas\/hl1638-electric-ride-on-car-baltas-elektrinis-vaikiskas-automobilis\/#breadcrumb","itemListElement":[{"@type":"ListItem","position":1,"name":"Pagrindinis","item":"https:\/\/kidsplay.lt\/"},{"@type":"ListItem","position":2,"name":"Parduotuv\u0117","item":"https:\/\/kidsplay.lt\/parduotuve\/"},{"@type":"ListItem","position":3,"name":"HL1638 Electric Ride On Car \u2013 baltas elektrinis vaiki\u0161kas automobilis"}]},{"@type":"WebSite","@id":"https:\/\/kidsplay.lt\/#website","url":"https:\/\/kidsplay.lt\/","name":"B\u0113rnu sp\u0113les.lv","description":"\u012evairios prek\u0117s vaikams","publisher":{"@id":"https:\/\/kidsplay.lt\/#organization"},"alternateName":"Kidsplay","potentialAction":[{"@type":"SearchAction","target":{"@type":"EntryPoint","urlTemplate":"https:\/\/kidsplay.lt\/?s={search_term_string}"},"query-input":{"@type":"PropertyValueSpecification","valueRequired":true,"valueName":"search_term_string"}}],"inLanguage":"lv-LV"},{"@type":"Organization","@id":"https:\/\/kidsplay.lt\/#organization","name":"B\u0113rnu sp\u0113le","url":"https:\/\/kidsplay.lt\/","logo":{"@type":"ImageObject","inLanguage":"lv-LV","@id":"https:\/\/kidsplay.lt\/#\/schema\/logo\/image\/","url":"https:\/\/kidsplay.lt\/wp-content\/uploads\/2023\/07\/kidsplay-logo.png","contentUrl":"https:\/\/kidsplay.lt\/wp-content\/uploads\/2023\/07\/kidsplay-logo.png","width":451,"height":98,"caption":"KidsPlay"},"image":{"@id":"https:\/\/kidsplay.lt\/#\/schema\/logo\/image\/"},"sameAs":["https:\/\/www.facebook.com\/www.kidsplay.lt"]}]}},"_links":{"self":[{"href":"https:\/\/kidsplay.lt\/lv\/wp-json\/wp\/v2\/product\/83994","targetHints":{"allow":["GET"]}}],"collection":[{"href":"https:\/\/kidsplay.lt\/lv\/wp-json\/wp\/v2\/product"}],"about":[{"href":"https:\/\/kidsplay.lt\/lv\/wp-json\/wp\/v2\/types\/product"}],"version-history":[{"count":2,"href":"https:\/\/kidsplay.lt\/lv\/wp-json\/wp\/v2\/product\/83994\/revisions"}],"predecessor-version":[{"id":84887,"href":"https:\/\/kidsplay.lt\/lv\/wp-json\/wp\/v2\/product\/83994\/revisions\/84887"}],"wp:featuredmedia":[{"embeddable":true,"href":"https:\/\/kidsplay.lt\/lv\/wp-json\/wp\/v2\/media\/83996"}],"wp:attachment":[{"href":"https:\/\/kidsplay.lt\/lv\/wp-json\/wp\/v2\/media?parent=83994"}],"wp:term":[{"taxonomy":"product_brand","embeddable":true,"href":"https:\/\/kidsplay.lt\/lv\/wp-json\/wp\/v2\/product_brand?post=83994"},{"taxonomy":"product_cat","embeddable":true,"href":"https:\/\/kidsplay.lt\/lv\/wp-json\/wp\/v2\/product_cat?post=83994"},{"taxonomy":"product_tag","embeddable":true,"href":"https:\/\/kidsplay.lt\/lv\/wp-json\/wp\/v2\/product_tag?post=83994"}],"curies":[{"name":"wp","href":"https:\/\/api.w.org\/{rel}","templated":true}]}}