{"id":84036,"date":"2026-02-21T11:50:37","date_gmt":"2026-02-21T09:50:37","guid":{"rendered":"https:\/\/kidsplay.lt\/produktas\/coronet-s-juodas-elektrinis-vaikiskas-automobilis\/"},"modified":"2026-04-13T11:18:32","modified_gmt":"2026-04-13T08:18:32","slug":"coronet-s-juodas-elektrinis-vaikiskas-automobilis","status":"publish","type":"product","link":"https:\/\/kidsplay.lt\/lv\/products\/coronet-s-juodas-elektrinis-vaikiskas-automobilis\/","title":{"rendered":"Coronet S Black \u2013 elektrisk\u0101 b\u0113rnu automa\u0161\u012bna"},"content":{"rendered":"<p>Nuo \u0161iol j\u016bs\u0173 vaikas gali tur\u0117ti savo automobil\u012f! I\u0161pildykite savo ma\u017eylio svajon\u0119 \u012fsigydami patog\u0173 Coronet S baterijin\u012f automobil\u012f patrauklia, juoda spalva. Ugdykite vaiko aistr\u0105 jau dabar, kuri\u0105 gal\u0117site kartu dalintis ateityje, \u012fveikdami pla\u010dius kelius. Leiskite jam pajusti va\u017ein\u0117jimo dviguba trasa d\u017eiaugsm\u0105 ir laisv\u0119!<br \/>\nVaiki\u0161kas \u017eaislinis automobilis atrodo kaip tikras \u2013 skirtumas tik tas, kad jis pritaikytas ma\u017eam vaikui. Tvirta konstrukcija i\u0161 auk\u0161tos kokyb\u0117s med\u017eiag\u0173 u\u017etikrina nuolatin\u012f \u017eaidimo d\u017eiaugsm\u0105 daugel\u012f met\u0173. Coronet S baterijinis automobilis sukurtas moderniu stiliumi, kuris patiks ne tik jauniausiems automobili\u0173 \u017eaisl\u0173 myl\u0117tojams, bet ir j\u0173 t\u0117vams. Interjeras detalizuotas iki smulkmen\u0173, o elementai, imituojantys tikras automobilio dalis, leis vaikui jaustis lyg tikrame automobilyje \u2013 kur\u012f, \u017einoma, jis gali vairuoti pats.<br \/>\nCoronet S automobilis skirtas vaikams nuo 3 met\u0173, ta\u010diau pri\u017ei\u016brint t\u0117vams, j\u012f gali naudoti ir jaunesni vaikai. Automobilis turi CE sertifikat\u0105, o surinkimas labai paprastas \u2013 u\u017etrunka apie 30 minu\u010di\u0173.<br \/>\n2.4G nuotolinio valdymo pultas, mink\u0161ti EVA ratai, \u017eibintai, atidaromos durys<\/p>\n<p>BENDROJI INFORMACIJA<\/p>\n<p>Automobilio modelis: Coronet S<\/p>\n<p>Spalva: Juoda<\/p>\n<p>TECHNINIAI DUOMENYS<\/p>\n<p>Variklis: 2 \u00d7 45W<\/p>\n<p>Baterija: 2 \u00d7 6V 4,5Ah<\/p>\n<p>P\u0101rnesumi: uz priek\u0161u\/atpaka\u013cgait\u0101<\/p>\n<p>Ratai: mink\u0161ti EVA, u\u017etikrinantys komfort\u0105<\/p>\n<p>Automobilio matmenys: 105 \u00d7 62 \u00d7 52 cm<\/p>\n<p>Rato skersmuo: 23 cm<\/p>\n<p>Pakabos auk\u0161tis: 13 cm<\/p>\n<p>Greitis: 3\u20135 km\/h<\/p>\n<p>Svoris: 20 kg<\/p>\n<p>Maksimali apkrova: 30 kg<\/p>\n<p>\u012ekrovimo laikas: 8\u201310 val.<\/p>\n<p>Va\u017eiavimo trukm\u0117: 1,5\u20133 val.<\/p>\n<p>\u012eRANGA<\/p>\n<p>Saugos dir\u017eai: penki\u0173 ta\u0161k\u0173<\/p>\n<p>Atidaromos durys: su u\u017eraktu<\/p>\n<p>Nuotolinio valdymo pultas: 2,4G RC<\/p>\n<p>\u017dibintai: priekiniai, galiniai, prietais\u0173 skydelio, \u012fjungimo\/i\u0161jungimo funkcija<\/p>\n<p>Garsai: variklio paleidimas, garso signalas, melodijos<\/p>\n<p>S\u0117dyn\u0117: odin\u0117<\/p>\n<p>Audio: JACK (MP3), USB, SD kortel\u0117s lizdas<\/p>\n<p>Kiti elementai: funkcionalus skydelis, baterijos lygio indikatorius, elektrinis stabdys, traukimo rankena<\/p>\n<p>PAPILDOMA INFORMACIJA<\/p>\n<p>Naudojimo pavir\u0161iai: asfaltas, trinkel\u0117s, \u017eol\u0117, vidutiniai nelygumai<\/p>\n<p>Sertifikatas: CE<\/p>\n<p>Ra\u017eot\u0101js: LEAN CARS<\/p>\n<p>Modelis: Coronet S<\/p>\n<p>Spalva: Juoda<\/p>\n<p>Automatin\u0117 pavar\u0173 d\u0117\u017e\u0117: 3 pavaros<\/p>\n<p>S\u0117dyn\u0117: plastikin\u0117<\/p>\n<p>Rite\u0146i: EVA<\/p>\n<p>Nuotolinio valdymo funkcijos: 2.4G, 3 grei\u010dio re\u017eimai (l\u0117tas, normalus, greitas)<\/p>\n<p>Audio funkcijos: MP3, AUX, melodijos mygtukai ant vairo, USB, SD kortel\u0117, re\u017eimo perjungimas<\/p>","protected":false},"excerpt":{"rendered":"<p>Nuo \u0161iol j\u016bs\u0173 vaikas gali tur\u0117ti savo automobil\u012f! I\u0161pildykite savo ma\u017eylio svajon\u0119 \u012fsigydami patog\u0173 Coronet S baterijin\u012f automobil\u012f patrauklia, juoda<\/p>","protected":false},"featured_media":84038,"template":"","meta":{"_acf_changed":false,"_glsr_average":0,"_glsr_ranking":0,"_glsr_reviews":0},"product_brand":[],"product_cat":[310,237],"product_tag":[],"class_list":{"0":"post-84036","1":"product","2":"type-product","3":"status-publish","4":"has-post-thumbnail","6":"product_cat-akumuliatorines-transporto-priemones","7":"product_cat-judejimo-priemones","8":"\"style=\"background-color: #2ecc711c;\"","10":"first","11":"instock","12":"purchasable","13":"product-type-simple"},"acf":[],"yoast_head":"<!-- This site is optimized with the Yoast SEO plugin v27.3 - https:\/\/yoast.com\/product\/yoast-seo-wordpress\/ -->\n<title>Coronet S Juodas \u2013 elektrinis vaiki\u0161kas automobilis<\/title>\n<meta name=\"description\" content=\"Coronet S Juodas \u2013 elektrinis vaiki\u0161kas automobilis - KidsPlay. Did\u017eiausias vaik\u0173 \u017eaisl\u0173 pasirinkimas.\" \/>\n<meta name=\"robots\" content=\"index, follow, max-snippet:-1, max-image-preview:large, max-video-preview:-1\" \/>\n<link rel=\"canonical\" href=\"https:\/\/kidsplay.lt\/lv\/products\/coronet-s-juodas-elektrinis-vaikiskas-automobilis\/\" \/>\n<meta property=\"og:locale\" content=\"lv_LV\" \/>\n<meta property=\"og:type\" content=\"article\" \/>\n<meta property=\"og:title\" content=\"Coronet S Juodas \u2013 elektrinis vaiki\u0161kas automobilis\" \/>\n<meta property=\"og:description\" content=\"Coronet S Juodas \u2013 elektrinis vaiki\u0161kas automobilis - KidsPlay. Did\u017eiausias vaik\u0173 \u017eaisl\u0173 pasirinkimas.\" \/>\n<meta property=\"og:url\" content=\"https:\/\/kidsplay.lt\/lv\/products\/coronet-s-juodas-elektrinis-vaikiskas-automobilis\/\" \/>\n<meta property=\"og:site_name\" content=\"KidsPlay\" \/>\n<meta property=\"article:publisher\" content=\"https:\/\/www.facebook.com\/www.kidsplay.lt\" \/>\n<meta property=\"article:modified_time\" content=\"2026-04-13T08:18:32+00:00\" \/>\n<meta property=\"og:image\" content=\"https:\/\/kidsplay.lt\/wp-content\/uploads\/2026\/02\/Coronet-S-Juodas-\u2013-elektrinis-vaikiskas-automobilis.jpg\" \/>\n\t<meta property=\"og:image:width\" content=\"826\" \/>\n\t<meta property=\"og:image:height\" content=\"578\" \/>\n\t<meta property=\"og:image:type\" content=\"image\/jpeg\" \/>\n<meta name=\"twitter:card\" content=\"summary_large_image\" \/>\n<meta name=\"twitter:label1\" content=\"Est. reading time\" \/>\n\t<meta name=\"twitter:data1\" content=\"2 min\u016btes\" \/>\n<script type=\"application\/ld+json\" class=\"yoast-schema-graph\">{\"@context\":\"https:\\\/\\\/schema.org\",\"@graph\":[{\"@type\":\"WebPage\",\"@id\":\"https:\\\/\\\/kidsplay.lt\\\/produktas\\\/coronet-s-juodas-elektrinis-vaikiskas-automobilis\\\/\",\"url\":\"https:\\\/\\\/kidsplay.lt\\\/produktas\\\/coronet-s-juodas-elektrinis-vaikiskas-automobilis\\\/\",\"name\":\"Coronet S Juodas \u2013 elektrinis vaiki\u0161kas automobilis\",\"isPartOf\":{\"@id\":\"https:\\\/\\\/kidsplay.lt\\\/#website\"},\"primaryImageOfPage\":{\"@id\":\"https:\\\/\\\/kidsplay.lt\\\/produktas\\\/coronet-s-juodas-elektrinis-vaikiskas-automobilis\\\/#primaryimage\"},\"image\":{\"@id\":\"https:\\\/\\\/kidsplay.lt\\\/produktas\\\/coronet-s-juodas-elektrinis-vaikiskas-automobilis\\\/#primaryimage\"},\"thumbnailUrl\":\"https:\\\/\\\/kidsplay.lt\\\/wp-content\\\/uploads\\\/2026\\\/02\\\/Coronet-S-Juodas-\u2013-elektrinis-vaikiskas-automobilis.jpg\",\"datePublished\":\"2026-02-21T09:50:37+00:00\",\"dateModified\":\"2026-04-13T08:18:32+00:00\",\"description\":\"Coronet S Juodas \u2013 elektrinis vaiki\u0161kas automobilis - KidsPlay. Did\u017eiausias vaik\u0173 \u017eaisl\u0173 pasirinkimas.\",\"breadcrumb\":{\"@id\":\"https:\\\/\\\/kidsplay.lt\\\/produktas\\\/coronet-s-juodas-elektrinis-vaikiskas-automobilis\\\/#breadcrumb\"},\"inLanguage\":\"lv-LV\",\"potentialAction\":[{\"@type\":\"ReadAction\",\"target\":[\"https:\\\/\\\/kidsplay.lt\\\/produktas\\\/coronet-s-juodas-elektrinis-vaikiskas-automobilis\\\/\"]}]},{\"@type\":\"ImageObject\",\"inLanguage\":\"lv-LV\",\"@id\":\"https:\\\/\\\/kidsplay.lt\\\/produktas\\\/coronet-s-juodas-elektrinis-vaikiskas-automobilis\\\/#primaryimage\",\"url\":\"https:\\\/\\\/kidsplay.lt\\\/wp-content\\\/uploads\\\/2026\\\/02\\\/Coronet-S-Juodas-\u2013-elektrinis-vaikiskas-automobilis.jpg\",\"contentUrl\":\"https:\\\/\\\/kidsplay.lt\\\/wp-content\\\/uploads\\\/2026\\\/02\\\/Coronet-S-Juodas-\u2013-elektrinis-vaikiskas-automobilis.jpg\",\"width\":826,\"height\":578,\"caption\":\"Coronet S Juodas \u2013 elektrinis vaiki\u0161kas automobilis\"},{\"@type\":\"BreadcrumbList\",\"@id\":\"https:\\\/\\\/kidsplay.lt\\\/produktas\\\/coronet-s-juodas-elektrinis-vaikiskas-automobilis\\\/#breadcrumb\",\"itemListElement\":[{\"@type\":\"ListItem\",\"position\":1,\"name\":\"Pagrindinis\",\"item\":\"https:\\\/\\\/kidsplay.lt\\\/\"},{\"@type\":\"ListItem\",\"position\":2,\"name\":\"Parduotuv\u0117\",\"item\":\"https:\\\/\\\/kidsplay.lt\\\/parduotuve\\\/\"},{\"@type\":\"ListItem\",\"position\":3,\"name\":\"Coronet S Juodas \u2013 elektrinis vaiki\u0161kas automobilis\"}]},{\"@type\":\"WebSite\",\"@id\":\"https:\\\/\\\/kidsplay.lt\\\/#website\",\"url\":\"https:\\\/\\\/kidsplay.lt\\\/\",\"name\":\"Kidsplay.lt\",\"description\":\"\u012evairios prek\u0117s vaikams\",\"publisher\":{\"@id\":\"https:\\\/\\\/kidsplay.lt\\\/#organization\"},\"alternateName\":\"Kidsplay\",\"potentialAction\":[{\"@type\":\"SearchAction\",\"target\":{\"@type\":\"EntryPoint\",\"urlTemplate\":\"https:\\\/\\\/kidsplay.lt\\\/?s={search_term_string}\"},\"query-input\":{\"@type\":\"PropertyValueSpecification\",\"valueRequired\":true,\"valueName\":\"search_term_string\"}}],\"inLanguage\":\"lv-LV\"},{\"@type\":\"Organization\",\"@id\":\"https:\\\/\\\/kidsplay.lt\\\/#organization\",\"name\":\"KidsPlay\",\"url\":\"https:\\\/\\\/kidsplay.lt\\\/\",\"logo\":{\"@type\":\"ImageObject\",\"inLanguage\":\"lv-LV\",\"@id\":\"https:\\\/\\\/kidsplay.lt\\\/#\\\/schema\\\/logo\\\/image\\\/\",\"url\":\"https:\\\/\\\/kidsplay.lt\\\/wp-content\\\/uploads\\\/2023\\\/07\\\/kidsplay-logo.png\",\"contentUrl\":\"https:\\\/\\\/kidsplay.lt\\\/wp-content\\\/uploads\\\/2023\\\/07\\\/kidsplay-logo.png\",\"width\":451,\"height\":98,\"caption\":\"KidsPlay\"},\"image\":{\"@id\":\"https:\\\/\\\/kidsplay.lt\\\/#\\\/schema\\\/logo\\\/image\\\/\"},\"sameAs\":[\"https:\\\/\\\/www.facebook.com\\\/www.kidsplay.lt\"]}]}<\/script>\n<!-- \/ Yoast SEO plugin. -->","yoast_head_json":{"title":"Coronet S Black \u2013 elektrisk\u0101 b\u0113rnu automa\u0161\u012bna","description":"Coronet S Juodas \u2013 elektrinis vaiki\u0161kas automobilis - KidsPlay. Did\u017eiausias vaik\u0173 \u017eaisl\u0173 pasirinkimas.","robots":{"index":"index","follow":"follow","max-snippet":"max-snippet:-1","max-image-preview":"max-image-preview:large","max-video-preview":"max-video-preview:-1"},"canonical":"https:\/\/kidsplay.lt\/lv\/products\/coronet-s-juodas-elektrinis-vaikiskas-automobilis\/","og_locale":"lv_LV","og_type":"article","og_title":"Coronet S Juodas \u2013 elektrinis vaiki\u0161kas automobilis","og_description":"Coronet S Juodas \u2013 elektrinis vaiki\u0161kas automobilis - KidsPlay. Did\u017eiausias vaik\u0173 \u017eaisl\u0173 pasirinkimas.","og_url":"https:\/\/kidsplay.lt\/lv\/products\/coronet-s-juodas-elektrinis-vaikiskas-automobilis\/","og_site_name":"KidsPlay","article_publisher":"https:\/\/www.facebook.com\/www.kidsplay.lt","article_modified_time":"2026-04-13T08:18:32+00:00","og_image":[{"width":826,"height":578,"url":"https:\/\/kidsplay.lt\/wp-content\/uploads\/2026\/02\/Coronet-S-Juodas-\u2013-elektrinis-vaikiskas-automobilis.jpg","type":"image\/jpeg"}],"twitter_card":"summary_large_image","twitter_misc":{"Est. reading time":"2 min\u016btes"},"schema":{"@context":"https:\/\/schema.org","@graph":[{"@type":"WebPage","@id":"https:\/\/kidsplay.lt\/produktas\/coronet-s-juodas-elektrinis-vaikiskas-automobilis\/","url":"https:\/\/kidsplay.lt\/produktas\/coronet-s-juodas-elektrinis-vaikiskas-automobilis\/","name":"Coronet S Black \u2013 elektrisk\u0101 b\u0113rnu automa\u0161\u012bna","isPartOf":{"@id":"https:\/\/kidsplay.lt\/#website"},"primaryImageOfPage":{"@id":"https:\/\/kidsplay.lt\/produktas\/coronet-s-juodas-elektrinis-vaikiskas-automobilis\/#primaryimage"},"image":{"@id":"https:\/\/kidsplay.lt\/produktas\/coronet-s-juodas-elektrinis-vaikiskas-automobilis\/#primaryimage"},"thumbnailUrl":"https:\/\/kidsplay.lt\/wp-content\/uploads\/2026\/02\/Coronet-S-Juodas-\u2013-elektrinis-vaikiskas-automobilis.jpg","datePublished":"2026-02-21T09:50:37+00:00","dateModified":"2026-04-13T08:18:32+00:00","description":"Coronet S Juodas \u2013 elektrinis vaiki\u0161kas automobilis - KidsPlay. Did\u017eiausias vaik\u0173 \u017eaisl\u0173 pasirinkimas.","breadcrumb":{"@id":"https:\/\/kidsplay.lt\/produktas\/coronet-s-juodas-elektrinis-vaikiskas-automobilis\/#breadcrumb"},"inLanguage":"lv-LV","potentialAction":[{"@type":"ReadAction","target":["https:\/\/kidsplay.lt\/produktas\/coronet-s-juodas-elektrinis-vaikiskas-automobilis\/"]}]},{"@type":"ImageObject","inLanguage":"lv-LV","@id":"https:\/\/kidsplay.lt\/produktas\/coronet-s-juodas-elektrinis-vaikiskas-automobilis\/#primaryimage","url":"https:\/\/kidsplay.lt\/wp-content\/uploads\/2026\/02\/Coronet-S-Juodas-\u2013-elektrinis-vaikiskas-automobilis.jpg","contentUrl":"https:\/\/kidsplay.lt\/wp-content\/uploads\/2026\/02\/Coronet-S-Juodas-\u2013-elektrinis-vaikiskas-automobilis.jpg","width":826,"height":578,"caption":"Coronet S Juodas \u2013 elektrinis vaiki\u0161kas automobilis"},{"@type":"BreadcrumbList","@id":"https:\/\/kidsplay.lt\/produktas\/coronet-s-juodas-elektrinis-vaikiskas-automobilis\/#breadcrumb","itemListElement":[{"@type":"ListItem","position":1,"name":"Pagrindinis","item":"https:\/\/kidsplay.lt\/"},{"@type":"ListItem","position":2,"name":"Parduotuv\u0117","item":"https:\/\/kidsplay.lt\/parduotuve\/"},{"@type":"ListItem","position":3,"name":"Coronet S Juodas \u2013 elektrinis vaiki\u0161kas automobilis"}]},{"@type":"WebSite","@id":"https:\/\/kidsplay.lt\/#website","url":"https:\/\/kidsplay.lt\/","name":"B\u0113rnu sp\u0113les.lv","description":"\u012evairios prek\u0117s vaikams","publisher":{"@id":"https:\/\/kidsplay.lt\/#organization"},"alternateName":"Kidsplay","potentialAction":[{"@type":"SearchAction","target":{"@type":"EntryPoint","urlTemplate":"https:\/\/kidsplay.lt\/?s={search_term_string}"},"query-input":{"@type":"PropertyValueSpecification","valueRequired":true,"valueName":"search_term_string"}}],"inLanguage":"lv-LV"},{"@type":"Organization","@id":"https:\/\/kidsplay.lt\/#organization","name":"B\u0113rnu sp\u0113le","url":"https:\/\/kidsplay.lt\/","logo":{"@type":"ImageObject","inLanguage":"lv-LV","@id":"https:\/\/kidsplay.lt\/#\/schema\/logo\/image\/","url":"https:\/\/kidsplay.lt\/wp-content\/uploads\/2023\/07\/kidsplay-logo.png","contentUrl":"https:\/\/kidsplay.lt\/wp-content\/uploads\/2023\/07\/kidsplay-logo.png","width":451,"height":98,"caption":"KidsPlay"},"image":{"@id":"https:\/\/kidsplay.lt\/#\/schema\/logo\/image\/"},"sameAs":["https:\/\/www.facebook.com\/www.kidsplay.lt"]}]}},"_links":{"self":[{"href":"https:\/\/kidsplay.lt\/lv\/wp-json\/wp\/v2\/product\/84036","targetHints":{"allow":["GET"]}}],"collection":[{"href":"https:\/\/kidsplay.lt\/lv\/wp-json\/wp\/v2\/product"}],"about":[{"href":"https:\/\/kidsplay.lt\/lv\/wp-json\/wp\/v2\/types\/product"}],"version-history":[{"count":1,"href":"https:\/\/kidsplay.lt\/lv\/wp-json\/wp\/v2\/product\/84036\/revisions"}],"predecessor-version":[{"id":84037,"href":"https:\/\/kidsplay.lt\/lv\/wp-json\/wp\/v2\/product\/84036\/revisions\/84037"}],"wp:featuredmedia":[{"embeddable":true,"href":"https:\/\/kidsplay.lt\/lv\/wp-json\/wp\/v2\/media\/84038"}],"wp:attachment":[{"href":"https:\/\/kidsplay.lt\/lv\/wp-json\/wp\/v2\/media?parent=84036"}],"wp:term":[{"taxonomy":"product_brand","embeddable":true,"href":"https:\/\/kidsplay.lt\/lv\/wp-json\/wp\/v2\/product_brand?post=84036"},{"taxonomy":"product_cat","embeddable":true,"href":"https:\/\/kidsplay.lt\/lv\/wp-json\/wp\/v2\/product_cat?post=84036"},{"taxonomy":"product_tag","embeddable":true,"href":"https:\/\/kidsplay.lt\/lv\/wp-json\/wp\/v2\/product_tag?post=84036"}],"curies":[{"name":"wp","href":"https:\/\/api.w.org\/{rel}","templated":true}]}}