{"id":84057,"date":"2026-02-21T11:51:13","date_gmt":"2026-02-21T09:51:13","guid":{"rendered":"https:\/\/kidsplay.lt\/produktas\/kupe-tipo-rankiniu-budu-valdoma-vaziuojama-masinele-su-tevu-rankena-violetine\/"},"modified":"2026-04-15T15:42:44","modified_gmt":"2026-04-15T12:42:44","slug":"kupe-tipo-rankiniu-budu-valdoma-vaziuojama-masinele-su-tevu-rankena-violetine","status":"publish","type":"product","link":"https:\/\/kidsplay.lt\/lv\/products\/kupe-tipo-rankiniu-budu-valdoma-vaziuojama-masinele-su-tevu-rankena-violetine\/","title":{"rendered":"Kupejas tipa manu\u0101li vad\u0101ma b\u0113rnu automa\u0161\u012bna ar vec\u0101ku rokturi \u2013 violeta"},"content":{"rendered":"<p>Sukurta taip, kad k\u016bdikiai ir ma\u017eyliai, kurie jau moka s\u0117d\u0117ti ir ropoti, gal\u0117t\u0173 i\u0161bandyti b\u016btent tai, kas jiems tinkamiausia \u2013 stiprius, pasikartojan\u010dius koj\u0173 judesius.Nauja patirtis, padedanti vaikui dar labiau tobul\u0117ti.<br \/>\n\u0160i \u0161auni stumiama ma\u0161in\u0117l\u0117 su t\u0117v\u0173 rankena ir nugaros atrama \u2013 puiki dovana kiekvienam vaikui. \u017dema s\u0117dyn\u0117 leid\u017eia vaikui lengvai \u012flipti ir i\u0161lipti. Automobilis turi stabil\u0173 svorio centr\u0105 ir ergonomi\u0161k\u0105 s\u0117dyn\u0119.<br \/>\nSt\u016bmimo rankena, koj\u0173 atramos ir apsauginiai lankai yra nuimami.<br \/>\nPo s\u0117dyne esantis daiktad\u0117\u017e\u0117s skyrius leid\u017eia pasiimti visus svarbiausius smulkius daiktus \u012f kelion\u0119.<br \/>\nGarso efektai suteikia dar daugiau smagumo!<\/p>\n<p>Izm\u0113ri:<br \/>\nAuk\u0161tis su rankena \u2013 85 cm<br \/>\nPlotis \u2013 40 cm<br \/>\nIlgis \u2013 60 cm<\/p>\n<p>Tinka vaikams nuo 18 m\u0117n.<\/p>","protected":false},"excerpt":{"rendered":"<p>Sukurta taip, kad k\u016bdikiai ir ma\u017eyliai, kurie jau moka s\u0117d\u0117ti ir ropoti, gal\u0117t\u0173 i\u0161bandyti b\u016btent tai, kas jiems tinkamiausia \u2013<\/p>","protected":false},"featured_media":84059,"template":"","meta":{"_acf_changed":false,"_glsr_average":0,"_glsr_ranking":0,"_glsr_reviews":0},"product_brand":[],"product_cat":[237,238],"product_tag":[],"class_list":{"0":"post-84057","1":"product","2":"type-product","3":"status-publish","4":"has-post-thumbnail","6":"product_cat-judejimo-priemones","7":"product_cat-stumdomos-masineles","8":"\"style=\"background-color: #2ecc711c;\"","10":"first","11":"instock","12":"purchasable","13":"product-type-simple"},"acf":[],"yoast_head":"<!-- This site is optimized with the Yoast SEO plugin v27.4 - https:\/\/yoast.com\/product\/yoast-seo-wordpress\/ -->\n<title>Kup\u0117 tipo rankiniu b\u016bdu valdoma va\u017eiuojama ma\u0161in\u0117l\u0117 su t\u0117v\u0173 rankena \u2013 violetin\u0117<\/title>\n<meta name=\"description\" content=\"Kup\u0117 tipo rankiniu b\u016bdu valdoma va\u017eiuojama ma\u0161in\u0117l\u0117 su t\u0117v\u0173 rankena \u2013 violetin\u0117 - KidsPlay. Did\u017eiausias vaik\u0173 \u017eaisl\u0173 pasirinkimas.\" \/>\n<meta name=\"robots\" content=\"index, follow, max-snippet:-1, max-image-preview:large, max-video-preview:-1\" \/>\n<link rel=\"canonical\" href=\"https:\/\/kidsplay.lt\/lv\/products\/kupe-tipo-rankiniu-budu-valdoma-vaziuojama-masinele-su-tevu-rankena-violetine\/\" \/>\n<meta property=\"og:locale\" content=\"lv_LV\" \/>\n<meta property=\"og:type\" content=\"article\" \/>\n<meta property=\"og:title\" content=\"Kup\u0117 tipo rankiniu b\u016bdu valdoma va\u017eiuojama ma\u0161in\u0117l\u0117 su t\u0117v\u0173 rankena \u2013 violetin\u0117\" \/>\n<meta property=\"og:description\" content=\"Kup\u0117 tipo rankiniu b\u016bdu valdoma va\u017eiuojama ma\u0161in\u0117l\u0117 su t\u0117v\u0173 rankena \u2013 violetin\u0117 - KidsPlay. Did\u017eiausias vaik\u0173 \u017eaisl\u0173 pasirinkimas.\" \/>\n<meta property=\"og:url\" content=\"https:\/\/kidsplay.lt\/lv\/products\/kupe-tipo-rankiniu-budu-valdoma-vaziuojama-masinele-su-tevu-rankena-violetine\/\" \/>\n<meta property=\"og:site_name\" content=\"KidsPlay\" \/>\n<meta property=\"article:publisher\" content=\"https:\/\/www.facebook.com\/www.kidsplay.lt\" \/>\n<meta property=\"article:modified_time\" content=\"2026-04-15T12:42:44+00:00\" \/>\n<meta property=\"og:image\" content=\"https:\/\/kidsplay.lt\/wp-content\/uploads\/2026\/02\/Kupe-tipo-rankiniu-budu-valdoma-vaziuojama-masinele-su-tevu-rankena-\u2013-violetine.jpg\" \/>\n\t<meta property=\"og:image:width\" content=\"700\" \/>\n\t<meta property=\"og:image:height\" content=\"507\" \/>\n\t<meta property=\"og:image:type\" content=\"image\/jpeg\" \/>\n<meta name=\"twitter:card\" content=\"summary_large_image\" \/>\n<meta name=\"twitter:label1\" content=\"Est. reading time\" \/>\n\t<meta name=\"twitter:data1\" content=\"1 min\u016bte\" \/>\n<script type=\"application\/ld+json\" class=\"yoast-schema-graph\">{\"@context\":\"https:\\\/\\\/schema.org\",\"@graph\":[{\"@type\":\"WebPage\",\"@id\":\"https:\\\/\\\/kidsplay.lt\\\/produktas\\\/kupe-tipo-rankiniu-budu-valdoma-vaziuojama-masinele-su-tevu-rankena-violetine\\\/\",\"url\":\"https:\\\/\\\/kidsplay.lt\\\/produktas\\\/kupe-tipo-rankiniu-budu-valdoma-vaziuojama-masinele-su-tevu-rankena-violetine\\\/\",\"name\":\"Kup\u0117 tipo rankiniu b\u016bdu valdoma va\u017eiuojama ma\u0161in\u0117l\u0117 su t\u0117v\u0173 rankena \u2013 violetin\u0117\",\"isPartOf\":{\"@id\":\"https:\\\/\\\/kidsplay.lt\\\/#website\"},\"primaryImageOfPage\":{\"@id\":\"https:\\\/\\\/kidsplay.lt\\\/produktas\\\/kupe-tipo-rankiniu-budu-valdoma-vaziuojama-masinele-su-tevu-rankena-violetine\\\/#primaryimage\"},\"image\":{\"@id\":\"https:\\\/\\\/kidsplay.lt\\\/produktas\\\/kupe-tipo-rankiniu-budu-valdoma-vaziuojama-masinele-su-tevu-rankena-violetine\\\/#primaryimage\"},\"thumbnailUrl\":\"https:\\\/\\\/kidsplay.lt\\\/wp-content\\\/uploads\\\/2026\\\/02\\\/Kupe-tipo-rankiniu-budu-valdoma-vaziuojama-masinele-su-tevu-rankena-\u2013-violetine.jpg\",\"datePublished\":\"2026-02-21T09:51:13+00:00\",\"dateModified\":\"2026-04-15T12:42:44+00:00\",\"description\":\"Kup\u0117 tipo rankiniu b\u016bdu valdoma va\u017eiuojama ma\u0161in\u0117l\u0117 su t\u0117v\u0173 rankena \u2013 violetin\u0117 - KidsPlay. Did\u017eiausias vaik\u0173 \u017eaisl\u0173 pasirinkimas.\",\"breadcrumb\":{\"@id\":\"https:\\\/\\\/kidsplay.lt\\\/produktas\\\/kupe-tipo-rankiniu-budu-valdoma-vaziuojama-masinele-su-tevu-rankena-violetine\\\/#breadcrumb\"},\"inLanguage\":\"lv-LV\",\"potentialAction\":[{\"@type\":\"ReadAction\",\"target\":[\"https:\\\/\\\/kidsplay.lt\\\/produktas\\\/kupe-tipo-rankiniu-budu-valdoma-vaziuojama-masinele-su-tevu-rankena-violetine\\\/\"]}]},{\"@type\":\"ImageObject\",\"inLanguage\":\"lv-LV\",\"@id\":\"https:\\\/\\\/kidsplay.lt\\\/produktas\\\/kupe-tipo-rankiniu-budu-valdoma-vaziuojama-masinele-su-tevu-rankena-violetine\\\/#primaryimage\",\"url\":\"https:\\\/\\\/kidsplay.lt\\\/wp-content\\\/uploads\\\/2026\\\/02\\\/Kupe-tipo-rankiniu-budu-valdoma-vaziuojama-masinele-su-tevu-rankena-\u2013-violetine.jpg\",\"contentUrl\":\"https:\\\/\\\/kidsplay.lt\\\/wp-content\\\/uploads\\\/2026\\\/02\\\/Kupe-tipo-rankiniu-budu-valdoma-vaziuojama-masinele-su-tevu-rankena-\u2013-violetine.jpg\",\"width\":700,\"height\":507,\"caption\":\"Kup\u0117 tipo rankiniu b\u016bdu valdoma va\u017eiuojama ma\u0161in\u0117l\u0117 su t\u0117v\u0173 rankena \u2013 violetin\u0117\"},{\"@type\":\"BreadcrumbList\",\"@id\":\"https:\\\/\\\/kidsplay.lt\\\/produktas\\\/kupe-tipo-rankiniu-budu-valdoma-vaziuojama-masinele-su-tevu-rankena-violetine\\\/#breadcrumb\",\"itemListElement\":[{\"@type\":\"ListItem\",\"position\":1,\"name\":\"Pagrindinis\",\"item\":\"https:\\\/\\\/kidsplay.lt\\\/\"},{\"@type\":\"ListItem\",\"position\":2,\"name\":\"Parduotuv\u0117\",\"item\":\"https:\\\/\\\/kidsplay.lt\\\/parduotuve\\\/\"},{\"@type\":\"ListItem\",\"position\":3,\"name\":\"Kup\u0117 tipo rankiniu b\u016bdu valdoma va\u017eiuojama ma\u0161in\u0117l\u0117 su t\u0117v\u0173 rankena \u2013 violetin\u0117\"}]},{\"@type\":\"WebSite\",\"@id\":\"https:\\\/\\\/kidsplay.lt\\\/#website\",\"url\":\"https:\\\/\\\/kidsplay.lt\\\/\",\"name\":\"Kidsplay.lt\",\"description\":\"\u012evairios prek\u0117s vaikams\",\"publisher\":{\"@id\":\"https:\\\/\\\/kidsplay.lt\\\/#organization\"},\"alternateName\":\"Kidsplay\",\"potentialAction\":[{\"@type\":\"SearchAction\",\"target\":{\"@type\":\"EntryPoint\",\"urlTemplate\":\"https:\\\/\\\/kidsplay.lt\\\/?s={search_term_string}\"},\"query-input\":{\"@type\":\"PropertyValueSpecification\",\"valueRequired\":true,\"valueName\":\"search_term_string\"}}],\"inLanguage\":\"lv-LV\"},{\"@type\":\"Organization\",\"@id\":\"https:\\\/\\\/kidsplay.lt\\\/#organization\",\"name\":\"KidsPlay\",\"url\":\"https:\\\/\\\/kidsplay.lt\\\/\",\"logo\":{\"@type\":\"ImageObject\",\"inLanguage\":\"lv-LV\",\"@id\":\"https:\\\/\\\/kidsplay.lt\\\/#\\\/schema\\\/logo\\\/image\\\/\",\"url\":\"https:\\\/\\\/kidsplay.lt\\\/wp-content\\\/uploads\\\/2023\\\/07\\\/kidsplay-logo.png\",\"contentUrl\":\"https:\\\/\\\/kidsplay.lt\\\/wp-content\\\/uploads\\\/2023\\\/07\\\/kidsplay-logo.png\",\"width\":451,\"height\":98,\"caption\":\"KidsPlay\"},\"image\":{\"@id\":\"https:\\\/\\\/kidsplay.lt\\\/#\\\/schema\\\/logo\\\/image\\\/\"},\"sameAs\":[\"https:\\\/\\\/www.facebook.com\\\/www.kidsplay.lt\"]}]}<\/script>\n<!-- \/ Yoast SEO plugin. -->","yoast_head_json":{"title":"Kupejas tipa manu\u0101li vad\u0101ma b\u0113rnu automa\u0161\u012bna ar vec\u0101ku rokturi \u2013 violeta","description":"Kup\u0117 tipo rankiniu b\u016bdu valdoma va\u017eiuojama ma\u0161in\u0117l\u0117 su t\u0117v\u0173 rankena \u2013 violetin\u0117 - KidsPlay. Did\u017eiausias vaik\u0173 \u017eaisl\u0173 pasirinkimas.","robots":{"index":"index","follow":"follow","max-snippet":"max-snippet:-1","max-image-preview":"max-image-preview:large","max-video-preview":"max-video-preview:-1"},"canonical":"https:\/\/kidsplay.lt\/lv\/products\/kupe-tipo-rankiniu-budu-valdoma-vaziuojama-masinele-su-tevu-rankena-violetine\/","og_locale":"lv_LV","og_type":"article","og_title":"Kup\u0117 tipo rankiniu b\u016bdu valdoma va\u017eiuojama ma\u0161in\u0117l\u0117 su t\u0117v\u0173 rankena \u2013 violetin\u0117","og_description":"Kup\u0117 tipo rankiniu b\u016bdu valdoma va\u017eiuojama ma\u0161in\u0117l\u0117 su t\u0117v\u0173 rankena \u2013 violetin\u0117 - KidsPlay. Did\u017eiausias vaik\u0173 \u017eaisl\u0173 pasirinkimas.","og_url":"https:\/\/kidsplay.lt\/lv\/products\/kupe-tipo-rankiniu-budu-valdoma-vaziuojama-masinele-su-tevu-rankena-violetine\/","og_site_name":"KidsPlay","article_publisher":"https:\/\/www.facebook.com\/www.kidsplay.lt","article_modified_time":"2026-04-15T12:42:44+00:00","og_image":[{"width":700,"height":507,"url":"https:\/\/kidsplay.lt\/wp-content\/uploads\/2026\/02\/Kupe-tipo-rankiniu-budu-valdoma-vaziuojama-masinele-su-tevu-rankena-\u2013-violetine.jpg","type":"image\/jpeg"}],"twitter_card":"summary_large_image","twitter_misc":{"Est. reading time":"1 min\u016bte"},"schema":{"@context":"https:\/\/schema.org","@graph":[{"@type":"WebPage","@id":"https:\/\/kidsplay.lt\/produktas\/kupe-tipo-rankiniu-budu-valdoma-vaziuojama-masinele-su-tevu-rankena-violetine\/","url":"https:\/\/kidsplay.lt\/produktas\/kupe-tipo-rankiniu-budu-valdoma-vaziuojama-masinele-su-tevu-rankena-violetine\/","name":"Kupejas tipa manu\u0101li vad\u0101ma b\u0113rnu automa\u0161\u012bna ar vec\u0101ku rokturi \u2013 violeta","isPartOf":{"@id":"https:\/\/kidsplay.lt\/#website"},"primaryImageOfPage":{"@id":"https:\/\/kidsplay.lt\/produktas\/kupe-tipo-rankiniu-budu-valdoma-vaziuojama-masinele-su-tevu-rankena-violetine\/#primaryimage"},"image":{"@id":"https:\/\/kidsplay.lt\/produktas\/kupe-tipo-rankiniu-budu-valdoma-vaziuojama-masinele-su-tevu-rankena-violetine\/#primaryimage"},"thumbnailUrl":"https:\/\/kidsplay.lt\/wp-content\/uploads\/2026\/02\/Kupe-tipo-rankiniu-budu-valdoma-vaziuojama-masinele-su-tevu-rankena-\u2013-violetine.jpg","datePublished":"2026-02-21T09:51:13+00:00","dateModified":"2026-04-15T12:42:44+00:00","description":"Kup\u0117 tipo rankiniu b\u016bdu valdoma va\u017eiuojama ma\u0161in\u0117l\u0117 su t\u0117v\u0173 rankena \u2013 violetin\u0117 - KidsPlay. Did\u017eiausias vaik\u0173 \u017eaisl\u0173 pasirinkimas.","breadcrumb":{"@id":"https:\/\/kidsplay.lt\/produktas\/kupe-tipo-rankiniu-budu-valdoma-vaziuojama-masinele-su-tevu-rankena-violetine\/#breadcrumb"},"inLanguage":"lv-LV","potentialAction":[{"@type":"ReadAction","target":["https:\/\/kidsplay.lt\/produktas\/kupe-tipo-rankiniu-budu-valdoma-vaziuojama-masinele-su-tevu-rankena-violetine\/"]}]},{"@type":"ImageObject","inLanguage":"lv-LV","@id":"https:\/\/kidsplay.lt\/produktas\/kupe-tipo-rankiniu-budu-valdoma-vaziuojama-masinele-su-tevu-rankena-violetine\/#primaryimage","url":"https:\/\/kidsplay.lt\/wp-content\/uploads\/2026\/02\/Kupe-tipo-rankiniu-budu-valdoma-vaziuojama-masinele-su-tevu-rankena-\u2013-violetine.jpg","contentUrl":"https:\/\/kidsplay.lt\/wp-content\/uploads\/2026\/02\/Kupe-tipo-rankiniu-budu-valdoma-vaziuojama-masinele-su-tevu-rankena-\u2013-violetine.jpg","width":700,"height":507,"caption":"Kup\u0117 tipo rankiniu b\u016bdu valdoma va\u017eiuojama ma\u0161in\u0117l\u0117 su t\u0117v\u0173 rankena \u2013 violetin\u0117"},{"@type":"BreadcrumbList","@id":"https:\/\/kidsplay.lt\/produktas\/kupe-tipo-rankiniu-budu-valdoma-vaziuojama-masinele-su-tevu-rankena-violetine\/#breadcrumb","itemListElement":[{"@type":"ListItem","position":1,"name":"Pagrindinis","item":"https:\/\/kidsplay.lt\/"},{"@type":"ListItem","position":2,"name":"Parduotuv\u0117","item":"https:\/\/kidsplay.lt\/parduotuve\/"},{"@type":"ListItem","position":3,"name":"Kup\u0117 tipo rankiniu b\u016bdu valdoma va\u017eiuojama ma\u0161in\u0117l\u0117 su t\u0117v\u0173 rankena \u2013 violetin\u0117"}]},{"@type":"WebSite","@id":"https:\/\/kidsplay.lt\/#website","url":"https:\/\/kidsplay.lt\/","name":"B\u0113rnu sp\u0113les.lv","description":"\u012evairios prek\u0117s vaikams","publisher":{"@id":"https:\/\/kidsplay.lt\/#organization"},"alternateName":"Kidsplay","potentialAction":[{"@type":"SearchAction","target":{"@type":"EntryPoint","urlTemplate":"https:\/\/kidsplay.lt\/?s={search_term_string}"},"query-input":{"@type":"PropertyValueSpecification","valueRequired":true,"valueName":"search_term_string"}}],"inLanguage":"lv-LV"},{"@type":"Organization","@id":"https:\/\/kidsplay.lt\/#organization","name":"B\u0113rnu sp\u0113le","url":"https:\/\/kidsplay.lt\/","logo":{"@type":"ImageObject","inLanguage":"lv-LV","@id":"https:\/\/kidsplay.lt\/#\/schema\/logo\/image\/","url":"https:\/\/kidsplay.lt\/wp-content\/uploads\/2023\/07\/kidsplay-logo.png","contentUrl":"https:\/\/kidsplay.lt\/wp-content\/uploads\/2023\/07\/kidsplay-logo.png","width":451,"height":98,"caption":"KidsPlay"},"image":{"@id":"https:\/\/kidsplay.lt\/#\/schema\/logo\/image\/"},"sameAs":["https:\/\/www.facebook.com\/www.kidsplay.lt"]}]}},"_links":{"self":[{"href":"https:\/\/kidsplay.lt\/lv\/wp-json\/wp\/v2\/product\/84057","targetHints":{"allow":["GET"]}}],"collection":[{"href":"https:\/\/kidsplay.lt\/lv\/wp-json\/wp\/v2\/product"}],"about":[{"href":"https:\/\/kidsplay.lt\/lv\/wp-json\/wp\/v2\/types\/product"}],"version-history":[{"count":2,"href":"https:\/\/kidsplay.lt\/lv\/wp-json\/wp\/v2\/product\/84057\/revisions"}],"predecessor-version":[{"id":84793,"href":"https:\/\/kidsplay.lt\/lv\/wp-json\/wp\/v2\/product\/84057\/revisions\/84793"}],"wp:featuredmedia":[{"embeddable":true,"href":"https:\/\/kidsplay.lt\/lv\/wp-json\/wp\/v2\/media\/84059"}],"wp:attachment":[{"href":"https:\/\/kidsplay.lt\/lv\/wp-json\/wp\/v2\/media?parent=84057"}],"wp:term":[{"taxonomy":"product_brand","embeddable":true,"href":"https:\/\/kidsplay.lt\/lv\/wp-json\/wp\/v2\/product_brand?post=84057"},{"taxonomy":"product_cat","embeddable":true,"href":"https:\/\/kidsplay.lt\/lv\/wp-json\/wp\/v2\/product_cat?post=84057"},{"taxonomy":"product_tag","embeddable":true,"href":"https:\/\/kidsplay.lt\/lv\/wp-json\/wp\/v2\/product_tag?post=84057"}],"curies":[{"name":"wp","href":"https:\/\/api.w.org\/{rel}","templated":true}]}}