{"id":84102,"date":"2026-02-21T17:30:29","date_gmt":"2026-02-21T15:30:29","guid":{"rendered":"https:\/\/kidsplay.lt\/produktas\/masterkidz-montessori-spalvu-ir-formu-tangramo-mozaika\/"},"modified":"2026-04-13T14:07:44","modified_gmt":"2026-04-13T11:07:44","slug":"masterkidz-montessori-spalvu-ir-formu-tangramo-mozaika","status":"publish","type":"product","link":"https:\/\/kidsplay.lt\/lv\/products\/masterkidz-montessori-spalvu-ir-formu-tangramo-mozaika\/","title":{"rendered":"MASTERKIDZ Montessori kr\u0101su un formu tangramu moza\u012bka"},"content":{"rendered":"<p>\u0160is unikalus edukacinis galvos\u016bkis sujungia mokym\u0105si ir k\u016brybin\u012f \u017eaidim\u0105, supa\u017eindindamas vaikus su \u017eaviu spalv\u0173 ir form\u0173 pasauliu. Gra\u017eiai pagamintos detal\u0117s su blizgiais akmen\u0117liais ir \u012fvairiaspalviais blokeliais skatina ma\u017euosius tyrin\u0117tojus kurti unikalius mozaikos ra\u0161tus bei ornamentus ir kartu lavinti svarbius pa\u017eintinius geb\u0117jimus.<\/p>\n<p>Raksturojums:<br \/>\nMediniai \u012fvairi\u0173 form\u0173 ir ry\u0161ki\u0173 spalv\u0173 blokeliai<br \/>\nElementai su gra\u017eiais, skaidriais \u201ekristalais\u201c<br \/>\nGalimyb\u0117 kurti mozaikas, geometrines fig\u016bras ir persona\u017eus pagal savo id\u0117jas<br \/>\nRinkinyje yra kortel\u0117s su paruo\u0161tais statymo pavyzd\u017eiais<br \/>\nPagaminta i\u0161 auk\u0161tos kokyb\u0117s medienos<\/p>\n<p>Rota\u013clietu lav\u012bna:<br \/>\nMotorinius \u012fg\u016bd\u017eius<br \/>\nSensorik\u0105<br \/>\nVaizduot\u0119<br \/>\nD\u0117mesio koncentracij\u0105<br \/>\nSmalsum\u0105<\/p>","protected":false},"excerpt":{"rendered":"<p>\u0160is unikalus edukacinis galvos\u016bkis sujungia mokym\u0105si ir k\u016brybin\u012f \u017eaidim\u0105, supa\u017eindindamas vaikus su \u017eaviu spalv\u0173 ir form\u0173 pasauliu. Gra\u017eiai pagamintos detal\u0117s<\/p>","protected":false},"featured_media":84103,"template":"","meta":{"_acf_changed":false,"_glsr_average":0,"_glsr_ranking":0,"_glsr_reviews":0},"product_brand":[],"product_cat":[673,229],"product_tag":[],"class_list":{"0":"post-84102","1":"product","2":"type-product","3":"status-publish","4":"has-post-thumbnail","6":"product_cat-ugdomosios-priemones","7":"product_cat-zaislai-vaikams","8":"\"style=\"background-color: #2ecc711c;\"","10":"first","11":"instock","12":"purchasable","13":"product-type-simple"},"acf":[],"yoast_head":"<!-- This site is optimized with the Yoast SEO plugin v27.4 - https:\/\/yoast.com\/product\/yoast-seo-wordpress\/ -->\n<title>MASTERKIDZ Montessori spalv\u0173 ir form\u0173 tangramo mozaika<\/title>\n<meta name=\"description\" content=\"MASTERKIDZ Montessori spalv\u0173 ir form\u0173 tangramo mozaika - KidsPlay. Did\u017eiausias vaik\u0173 \u017eaisl\u0173 pasirinkimas.\" \/>\n<meta name=\"robots\" content=\"index, follow, max-snippet:-1, max-image-preview:large, max-video-preview:-1\" \/>\n<link rel=\"canonical\" href=\"https:\/\/kidsplay.lt\/lv\/products\/masterkidz-montessori-spalvu-ir-formu-tangramo-mozaika\/\" \/>\n<meta property=\"og:locale\" content=\"lv_LV\" \/>\n<meta property=\"og:type\" content=\"article\" \/>\n<meta property=\"og:title\" content=\"MASTERKIDZ Montessori spalv\u0173 ir form\u0173 tangramo mozaika\" \/>\n<meta property=\"og:description\" content=\"MASTERKIDZ Montessori spalv\u0173 ir form\u0173 tangramo mozaika - KidsPlay. Did\u017eiausias vaik\u0173 \u017eaisl\u0173 pasirinkimas.\" \/>\n<meta property=\"og:url\" content=\"https:\/\/kidsplay.lt\/lv\/products\/masterkidz-montessori-spalvu-ir-formu-tangramo-mozaika\/\" \/>\n<meta property=\"og:site_name\" content=\"KidsPlay\" \/>\n<meta property=\"article:publisher\" content=\"https:\/\/www.facebook.com\/www.kidsplay.lt\" \/>\n<meta property=\"article:modified_time\" content=\"2026-04-13T11:07:44+00:00\" \/>\n<meta property=\"og:image\" content=\"https:\/\/kidsplay.lt\/wp-content\/uploads\/2026\/02\/MASTERKIDZ-Montessori-spalvu-ir-formu-tangramo-mozaika.jpg\" \/>\n\t<meta property=\"og:image:width\" content=\"2560\" \/>\n\t<meta property=\"og:image:height\" content=\"2560\" \/>\n\t<meta property=\"og:image:type\" content=\"image\/jpeg\" \/>\n<meta name=\"twitter:card\" content=\"summary_large_image\" \/>\n<meta name=\"twitter:label1\" content=\"Est. reading time\" \/>\n\t<meta name=\"twitter:data1\" content=\"1 min\u016bte\" \/>\n<script type=\"application\/ld+json\" class=\"yoast-schema-graph\">{\"@context\":\"https:\\\/\\\/schema.org\",\"@graph\":[{\"@type\":\"WebPage\",\"@id\":\"https:\\\/\\\/kidsplay.lt\\\/produktas\\\/masterkidz-montessori-spalvu-ir-formu-tangramo-mozaika\\\/\",\"url\":\"https:\\\/\\\/kidsplay.lt\\\/produktas\\\/masterkidz-montessori-spalvu-ir-formu-tangramo-mozaika\\\/\",\"name\":\"MASTERKIDZ Montessori spalv\u0173 ir form\u0173 tangramo mozaika\",\"isPartOf\":{\"@id\":\"https:\\\/\\\/kidsplay.lt\\\/#website\"},\"primaryImageOfPage\":{\"@id\":\"https:\\\/\\\/kidsplay.lt\\\/produktas\\\/masterkidz-montessori-spalvu-ir-formu-tangramo-mozaika\\\/#primaryimage\"},\"image\":{\"@id\":\"https:\\\/\\\/kidsplay.lt\\\/produktas\\\/masterkidz-montessori-spalvu-ir-formu-tangramo-mozaika\\\/#primaryimage\"},\"thumbnailUrl\":\"https:\\\/\\\/kidsplay.lt\\\/wp-content\\\/uploads\\\/2026\\\/02\\\/MASTERKIDZ-Montessori-spalvu-ir-formu-tangramo-mozaika.jpg\",\"datePublished\":\"2026-02-21T15:30:29+00:00\",\"dateModified\":\"2026-04-13T11:07:44+00:00\",\"description\":\"MASTERKIDZ Montessori spalv\u0173 ir form\u0173 tangramo mozaika - KidsPlay. Did\u017eiausias vaik\u0173 \u017eaisl\u0173 pasirinkimas.\",\"breadcrumb\":{\"@id\":\"https:\\\/\\\/kidsplay.lt\\\/produktas\\\/masterkidz-montessori-spalvu-ir-formu-tangramo-mozaika\\\/#breadcrumb\"},\"inLanguage\":\"lv-LV\",\"potentialAction\":[{\"@type\":\"ReadAction\",\"target\":[\"https:\\\/\\\/kidsplay.lt\\\/produktas\\\/masterkidz-montessori-spalvu-ir-formu-tangramo-mozaika\\\/\"]}]},{\"@type\":\"ImageObject\",\"inLanguage\":\"lv-LV\",\"@id\":\"https:\\\/\\\/kidsplay.lt\\\/produktas\\\/masterkidz-montessori-spalvu-ir-formu-tangramo-mozaika\\\/#primaryimage\",\"url\":\"https:\\\/\\\/kidsplay.lt\\\/wp-content\\\/uploads\\\/2026\\\/02\\\/MASTERKIDZ-Montessori-spalvu-ir-formu-tangramo-mozaika.jpg\",\"contentUrl\":\"https:\\\/\\\/kidsplay.lt\\\/wp-content\\\/uploads\\\/2026\\\/02\\\/MASTERKIDZ-Montessori-spalvu-ir-formu-tangramo-mozaika.jpg\",\"width\":2560,\"height\":2560,\"caption\":\"MASTERKIDZ Montessori spalv\u0173 ir form\u0173 tangramo mozaika\"},{\"@type\":\"BreadcrumbList\",\"@id\":\"https:\\\/\\\/kidsplay.lt\\\/produktas\\\/masterkidz-montessori-spalvu-ir-formu-tangramo-mozaika\\\/#breadcrumb\",\"itemListElement\":[{\"@type\":\"ListItem\",\"position\":1,\"name\":\"Pagrindinis\",\"item\":\"https:\\\/\\\/kidsplay.lt\\\/\"},{\"@type\":\"ListItem\",\"position\":2,\"name\":\"Parduotuv\u0117\",\"item\":\"https:\\\/\\\/kidsplay.lt\\\/parduotuve\\\/\"},{\"@type\":\"ListItem\",\"position\":3,\"name\":\"MASTERKIDZ Montessori spalv\u0173 ir form\u0173 tangramo mozaika\"}]},{\"@type\":\"WebSite\",\"@id\":\"https:\\\/\\\/kidsplay.lt\\\/#website\",\"url\":\"https:\\\/\\\/kidsplay.lt\\\/\",\"name\":\"Kidsplay.lt\",\"description\":\"\u012evairios prek\u0117s vaikams\",\"publisher\":{\"@id\":\"https:\\\/\\\/kidsplay.lt\\\/#organization\"},\"alternateName\":\"Kidsplay\",\"potentialAction\":[{\"@type\":\"SearchAction\",\"target\":{\"@type\":\"EntryPoint\",\"urlTemplate\":\"https:\\\/\\\/kidsplay.lt\\\/?s={search_term_string}\"},\"query-input\":{\"@type\":\"PropertyValueSpecification\",\"valueRequired\":true,\"valueName\":\"search_term_string\"}}],\"inLanguage\":\"lv-LV\"},{\"@type\":\"Organization\",\"@id\":\"https:\\\/\\\/kidsplay.lt\\\/#organization\",\"name\":\"KidsPlay\",\"url\":\"https:\\\/\\\/kidsplay.lt\\\/\",\"logo\":{\"@type\":\"ImageObject\",\"inLanguage\":\"lv-LV\",\"@id\":\"https:\\\/\\\/kidsplay.lt\\\/#\\\/schema\\\/logo\\\/image\\\/\",\"url\":\"https:\\\/\\\/kidsplay.lt\\\/wp-content\\\/uploads\\\/2023\\\/07\\\/kidsplay-logo.png\",\"contentUrl\":\"https:\\\/\\\/kidsplay.lt\\\/wp-content\\\/uploads\\\/2023\\\/07\\\/kidsplay-logo.png\",\"width\":451,\"height\":98,\"caption\":\"KidsPlay\"},\"image\":{\"@id\":\"https:\\\/\\\/kidsplay.lt\\\/#\\\/schema\\\/logo\\\/image\\\/\"},\"sameAs\":[\"https:\\\/\\\/www.facebook.com\\\/www.kidsplay.lt\"]}]}<\/script>\n<!-- \/ Yoast SEO plugin. -->","yoast_head_json":{"title":"MASTERKIDZ Montessori kr\u0101su un formu tangramu moza\u012bka","description":"MASTERKIDZ Montessori spalv\u0173 ir form\u0173 tangramo mozaika - KidsPlay. Did\u017eiausias vaik\u0173 \u017eaisl\u0173 pasirinkimas.","robots":{"index":"index","follow":"follow","max-snippet":"max-snippet:-1","max-image-preview":"max-image-preview:large","max-video-preview":"max-video-preview:-1"},"canonical":"https:\/\/kidsplay.lt\/lv\/products\/masterkidz-montessori-spalvu-ir-formu-tangramo-mozaika\/","og_locale":"lv_LV","og_type":"article","og_title":"MASTERKIDZ Montessori spalv\u0173 ir form\u0173 tangramo mozaika","og_description":"MASTERKIDZ Montessori spalv\u0173 ir form\u0173 tangramo mozaika - KidsPlay. Did\u017eiausias vaik\u0173 \u017eaisl\u0173 pasirinkimas.","og_url":"https:\/\/kidsplay.lt\/lv\/products\/masterkidz-montessori-spalvu-ir-formu-tangramo-mozaika\/","og_site_name":"KidsPlay","article_publisher":"https:\/\/www.facebook.com\/www.kidsplay.lt","article_modified_time":"2026-04-13T11:07:44+00:00","og_image":[{"width":2560,"height":2560,"url":"https:\/\/kidsplay.lt\/wp-content\/uploads\/2026\/02\/MASTERKIDZ-Montessori-spalvu-ir-formu-tangramo-mozaika.jpg","type":"image\/jpeg"}],"twitter_card":"summary_large_image","twitter_misc":{"Est. reading time":"1 min\u016bte"},"schema":{"@context":"https:\/\/schema.org","@graph":[{"@type":"WebPage","@id":"https:\/\/kidsplay.lt\/produktas\/masterkidz-montessori-spalvu-ir-formu-tangramo-mozaika\/","url":"https:\/\/kidsplay.lt\/produktas\/masterkidz-montessori-spalvu-ir-formu-tangramo-mozaika\/","name":"MASTERKIDZ Montessori kr\u0101su un formu tangramu moza\u012bka","isPartOf":{"@id":"https:\/\/kidsplay.lt\/#website"},"primaryImageOfPage":{"@id":"https:\/\/kidsplay.lt\/produktas\/masterkidz-montessori-spalvu-ir-formu-tangramo-mozaika\/#primaryimage"},"image":{"@id":"https:\/\/kidsplay.lt\/produktas\/masterkidz-montessori-spalvu-ir-formu-tangramo-mozaika\/#primaryimage"},"thumbnailUrl":"https:\/\/kidsplay.lt\/wp-content\/uploads\/2026\/02\/MASTERKIDZ-Montessori-spalvu-ir-formu-tangramo-mozaika.jpg","datePublished":"2026-02-21T15:30:29+00:00","dateModified":"2026-04-13T11:07:44+00:00","description":"MASTERKIDZ Montessori spalv\u0173 ir form\u0173 tangramo mozaika - KidsPlay. Did\u017eiausias vaik\u0173 \u017eaisl\u0173 pasirinkimas.","breadcrumb":{"@id":"https:\/\/kidsplay.lt\/produktas\/masterkidz-montessori-spalvu-ir-formu-tangramo-mozaika\/#breadcrumb"},"inLanguage":"lv-LV","potentialAction":[{"@type":"ReadAction","target":["https:\/\/kidsplay.lt\/produktas\/masterkidz-montessori-spalvu-ir-formu-tangramo-mozaika\/"]}]},{"@type":"ImageObject","inLanguage":"lv-LV","@id":"https:\/\/kidsplay.lt\/produktas\/masterkidz-montessori-spalvu-ir-formu-tangramo-mozaika\/#primaryimage","url":"https:\/\/kidsplay.lt\/wp-content\/uploads\/2026\/02\/MASTERKIDZ-Montessori-spalvu-ir-formu-tangramo-mozaika.jpg","contentUrl":"https:\/\/kidsplay.lt\/wp-content\/uploads\/2026\/02\/MASTERKIDZ-Montessori-spalvu-ir-formu-tangramo-mozaika.jpg","width":2560,"height":2560,"caption":"MASTERKIDZ Montessori spalv\u0173 ir form\u0173 tangramo mozaika"},{"@type":"BreadcrumbList","@id":"https:\/\/kidsplay.lt\/produktas\/masterkidz-montessori-spalvu-ir-formu-tangramo-mozaika\/#breadcrumb","itemListElement":[{"@type":"ListItem","position":1,"name":"Pagrindinis","item":"https:\/\/kidsplay.lt\/"},{"@type":"ListItem","position":2,"name":"Parduotuv\u0117","item":"https:\/\/kidsplay.lt\/parduotuve\/"},{"@type":"ListItem","position":3,"name":"MASTERKIDZ Montessori spalv\u0173 ir form\u0173 tangramo mozaika"}]},{"@type":"WebSite","@id":"https:\/\/kidsplay.lt\/#website","url":"https:\/\/kidsplay.lt\/","name":"B\u0113rnu sp\u0113les.lv","description":"\u012evairios prek\u0117s vaikams","publisher":{"@id":"https:\/\/kidsplay.lt\/#organization"},"alternateName":"Kidsplay","potentialAction":[{"@type":"SearchAction","target":{"@type":"EntryPoint","urlTemplate":"https:\/\/kidsplay.lt\/?s={search_term_string}"},"query-input":{"@type":"PropertyValueSpecification","valueRequired":true,"valueName":"search_term_string"}}],"inLanguage":"lv-LV"},{"@type":"Organization","@id":"https:\/\/kidsplay.lt\/#organization","name":"B\u0113rnu sp\u0113le","url":"https:\/\/kidsplay.lt\/","logo":{"@type":"ImageObject","inLanguage":"lv-LV","@id":"https:\/\/kidsplay.lt\/#\/schema\/logo\/image\/","url":"https:\/\/kidsplay.lt\/wp-content\/uploads\/2023\/07\/kidsplay-logo.png","contentUrl":"https:\/\/kidsplay.lt\/wp-content\/uploads\/2023\/07\/kidsplay-logo.png","width":451,"height":98,"caption":"KidsPlay"},"image":{"@id":"https:\/\/kidsplay.lt\/#\/schema\/logo\/image\/"},"sameAs":["https:\/\/www.facebook.com\/www.kidsplay.lt"]}]}},"_links":{"self":[{"href":"https:\/\/kidsplay.lt\/lv\/wp-json\/wp\/v2\/product\/84102","targetHints":{"allow":["GET"]}}],"collection":[{"href":"https:\/\/kidsplay.lt\/lv\/wp-json\/wp\/v2\/product"}],"about":[{"href":"https:\/\/kidsplay.lt\/lv\/wp-json\/wp\/v2\/types\/product"}],"version-history":[{"count":3,"href":"https:\/\/kidsplay.lt\/lv\/wp-json\/wp\/v2\/product\/84102\/revisions"}],"predecessor-version":[{"id":84613,"href":"https:\/\/kidsplay.lt\/lv\/wp-json\/wp\/v2\/product\/84102\/revisions\/84613"}],"wp:featuredmedia":[{"embeddable":true,"href":"https:\/\/kidsplay.lt\/lv\/wp-json\/wp\/v2\/media\/84103"}],"wp:attachment":[{"href":"https:\/\/kidsplay.lt\/lv\/wp-json\/wp\/v2\/media?parent=84102"}],"wp:term":[{"taxonomy":"product_brand","embeddable":true,"href":"https:\/\/kidsplay.lt\/lv\/wp-json\/wp\/v2\/product_brand?post=84102"},{"taxonomy":"product_cat","embeddable":true,"href":"https:\/\/kidsplay.lt\/lv\/wp-json\/wp\/v2\/product_cat?post=84102"},{"taxonomy":"product_tag","embeddable":true,"href":"https:\/\/kidsplay.lt\/lv\/wp-json\/wp\/v2\/product_tag?post=84102"}],"curies":[{"name":"wp","href":"https:\/\/api.w.org\/{rel}","templated":true}]}}