{"id":84237,"date":"2026-02-22T12:52:30","date_gmt":"2026-02-22T10:52:30","guid":{"rendered":"https:\/\/kidsplay.lt\/produktas\/masterkidz-montessori-tangram-mozaikos-blokeliu-rinkinys-140-vnt\/"},"modified":"2026-04-13T14:07:13","modified_gmt":"2026-04-13T11:07:13","slug":"masterkidz-montessori-tangram-mozaikos-blokeliu-rinkinys-140-vnt","status":"publish","type":"product","link":"https:\/\/kidsplay.lt\/lv\/products\/masterkidz-montessori-tangram-mozaikos-blokeliu-rinkinys-140-vnt\/","title":{"rendered":"MASTERKIDZ Montessori tangramu moza\u012bkas kluc\u012b\u0161u komplekts, 140 gab."},"content":{"rendered":"<p>\u0160\u012f rinkin\u012f sudaro 140 ry\u0161ki\u0173, permatom\u0173 detali\u0173 \u2013 6 spalv\u0173 ir 6 form\u0173 (\u0161e\u0161iakampiai, kvadratai, trapecijos, trikampiai, rombai ir lygiagretainiai). Vaikai gali kurti mozaikas ir ra\u0161tus, lavindami smulki\u0105j\u0105 motorik\u0105 bei mokydamiesi atpa\u017einti formas, spalvas ir simetrij\u0105. Detal\u0117s laikomos patogiame inde, jas galima naudoti tiek atskirai, tiek grup\u0117mis. Puikiai tinka mokymuisi per \u017eaidim\u0105.<br \/>\nFunkcijas:<\/p>\n<p>Puikiai tinka naudoti ant \u0161viesos stalo<\/p>\n<p>Padeda mokytis geometrini\u0173 form\u0173 pavadinim\u0173 ir savybi\u0173<\/p>\n<p>Rinkimas, r\u016b\u0161iavimas ir d\u0117liojimas lavina smulki\u0105j\u0105 motorik\u0105<\/p>\n<p>Puikiai tinka kurti paveiksl\u0117lius, ra\u0161tus ir mozaikas<\/p>\n<p>Detal\u0117s yra 6 spalv\u0173 \u2013 m\u0117lynos, raudonos, \u017ealios, geltonos, violetin\u0117s ir oran\u017ein\u0117s<\/p>\n<p>Kvadrat\u0173 kra\u0161tin\u0117 \u2013 25 mm, \u0161e\u0161iakampi\u0173 skersmuo \u2013 apie 50 mm<\/p>\n<p>Rinkin\u012f sudaro:<\/p>\n<p>15 \u0161e\u0161iakampi\u0173<\/p>\n<p>25 kvadratai<\/p>\n<p>25 trapecijos<\/p>\n<p>25 trikampiai<\/p>\n<p>25 rombai<\/p>\n<p>25 lygiagretainiai<\/p>\n<p>kauliukas<\/p>\n<p>Rota\u013clietu lav\u012bna:<\/p>\n<p>vaizduot\u0119<\/p>\n<p>rank\u0173 \u012fg\u016bd\u017eius<\/p>\n<p>pa\u017eintinius geb\u0117jimus<\/p>\n<p>login\u012f m\u0105stym\u0105<\/p>\n<p>susikaupim\u0105<\/p>\n<p>smulki\u0105j\u0105 motorik\u0105<\/p>","protected":false},"excerpt":{"rendered":"<p>\u0160\u012f rinkin\u012f sudaro 140 ry\u0161ki\u0173, permatom\u0173 detali\u0173 \u2013 6 spalv\u0173 ir 6 form\u0173 (\u0161e\u0161iakampiai, kvadratai, trapecijos, trikampiai, rombai ir lygiagretainiai).<\/p>","protected":false},"featured_media":84239,"template":"","meta":{"_acf_changed":false,"_glsr_average":0,"_glsr_ranking":0,"_glsr_reviews":0},"product_brand":[],"product_cat":[673,229],"product_tag":[],"class_list":{"0":"post-84237","1":"product","2":"type-product","3":"status-publish","4":"has-post-thumbnail","6":"product_cat-ugdomosios-priemones","7":"product_cat-zaislai-vaikams","8":"\"style=\"background-color: #2ecc711c;\"","10":"first","11":"instock","12":"purchasable","13":"product-type-simple"},"acf":[],"yoast_head":"<!-- This site is optimized with the Yoast SEO plugin v27.4 - https:\/\/yoast.com\/product\/yoast-seo-wordpress\/ -->\n<title>MASTERKIDZ Montessori Tangram mozaikos blokeli\u0173 rinkinys, 140 vnt<\/title>\n<meta name=\"description\" content=\"MASTERKIDZ Montessori Tangram mozaikos blokeli\u0173 rinkinys, 140 vnt - KidsPlay. Did\u017eiausias vaik\u0173 \u017eaisl\u0173 pasirinkimas.\" \/>\n<meta name=\"robots\" content=\"index, follow, max-snippet:-1, max-image-preview:large, max-video-preview:-1\" \/>\n<link rel=\"canonical\" href=\"https:\/\/kidsplay.lt\/lv\/products\/masterkidz-montessori-tangram-mozaikos-blokeliu-rinkinys-140-vnt\/\" \/>\n<meta property=\"og:locale\" content=\"lv_LV\" \/>\n<meta property=\"og:type\" content=\"article\" \/>\n<meta property=\"og:title\" content=\"MASTERKIDZ Montessori Tangram mozaikos blokeli\u0173 rinkinys, 140 vnt\" \/>\n<meta property=\"og:description\" content=\"MASTERKIDZ Montessori Tangram mozaikos blokeli\u0173 rinkinys, 140 vnt - KidsPlay. Did\u017eiausias vaik\u0173 \u017eaisl\u0173 pasirinkimas.\" \/>\n<meta property=\"og:url\" content=\"https:\/\/kidsplay.lt\/lv\/products\/masterkidz-montessori-tangram-mozaikos-blokeliu-rinkinys-140-vnt\/\" \/>\n<meta property=\"og:site_name\" content=\"KidsPlay\" \/>\n<meta property=\"article:publisher\" content=\"https:\/\/www.facebook.com\/www.kidsplay.lt\" \/>\n<meta property=\"article:modified_time\" content=\"2026-04-13T11:07:13+00:00\" \/>\n<meta property=\"og:image\" content=\"https:\/\/kidsplay.lt\/wp-content\/uploads\/2026\/02\/MASTERKIDZ-Montessori-Tangram-mozaikos-blokeliu-rinkinys-140-vnt.jpg\" \/>\n\t<meta property=\"og:image:width\" content=\"2500\" \/>\n\t<meta property=\"og:image:height\" content=\"2500\" \/>\n\t<meta property=\"og:image:type\" content=\"image\/jpeg\" \/>\n<meta name=\"twitter:card\" content=\"summary_large_image\" \/>\n<meta name=\"twitter:label1\" content=\"Est. reading time\" \/>\n\t<meta name=\"twitter:data1\" content=\"1 min\u016bte\" \/>\n<script type=\"application\/ld+json\" class=\"yoast-schema-graph\">{\"@context\":\"https:\\\/\\\/schema.org\",\"@graph\":[{\"@type\":\"WebPage\",\"@id\":\"https:\\\/\\\/kidsplay.lt\\\/produktas\\\/masterkidz-montessori-tangram-mozaikos-blokeliu-rinkinys-140-vnt\\\/\",\"url\":\"https:\\\/\\\/kidsplay.lt\\\/produktas\\\/masterkidz-montessori-tangram-mozaikos-blokeliu-rinkinys-140-vnt\\\/\",\"name\":\"MASTERKIDZ Montessori Tangram mozaikos blokeli\u0173 rinkinys, 140 vnt\",\"isPartOf\":{\"@id\":\"https:\\\/\\\/kidsplay.lt\\\/#website\"},\"primaryImageOfPage\":{\"@id\":\"https:\\\/\\\/kidsplay.lt\\\/produktas\\\/masterkidz-montessori-tangram-mozaikos-blokeliu-rinkinys-140-vnt\\\/#primaryimage\"},\"image\":{\"@id\":\"https:\\\/\\\/kidsplay.lt\\\/produktas\\\/masterkidz-montessori-tangram-mozaikos-blokeliu-rinkinys-140-vnt\\\/#primaryimage\"},\"thumbnailUrl\":\"https:\\\/\\\/kidsplay.lt\\\/wp-content\\\/uploads\\\/2026\\\/02\\\/MASTERKIDZ-Montessori-Tangram-mozaikos-blokeliu-rinkinys-140-vnt.jpg\",\"datePublished\":\"2026-02-22T10:52:30+00:00\",\"dateModified\":\"2026-04-13T11:07:13+00:00\",\"description\":\"MASTERKIDZ Montessori Tangram mozaikos blokeli\u0173 rinkinys, 140 vnt - KidsPlay. Did\u017eiausias vaik\u0173 \u017eaisl\u0173 pasirinkimas.\",\"breadcrumb\":{\"@id\":\"https:\\\/\\\/kidsplay.lt\\\/produktas\\\/masterkidz-montessori-tangram-mozaikos-blokeliu-rinkinys-140-vnt\\\/#breadcrumb\"},\"inLanguage\":\"lv-LV\",\"potentialAction\":[{\"@type\":\"ReadAction\",\"target\":[\"https:\\\/\\\/kidsplay.lt\\\/produktas\\\/masterkidz-montessori-tangram-mozaikos-blokeliu-rinkinys-140-vnt\\\/\"]}]},{\"@type\":\"ImageObject\",\"inLanguage\":\"lv-LV\",\"@id\":\"https:\\\/\\\/kidsplay.lt\\\/produktas\\\/masterkidz-montessori-tangram-mozaikos-blokeliu-rinkinys-140-vnt\\\/#primaryimage\",\"url\":\"https:\\\/\\\/kidsplay.lt\\\/wp-content\\\/uploads\\\/2026\\\/02\\\/MASTERKIDZ-Montessori-Tangram-mozaikos-blokeliu-rinkinys-140-vnt.jpg\",\"contentUrl\":\"https:\\\/\\\/kidsplay.lt\\\/wp-content\\\/uploads\\\/2026\\\/02\\\/MASTERKIDZ-Montessori-Tangram-mozaikos-blokeliu-rinkinys-140-vnt.jpg\",\"width\":2500,\"height\":2500,\"caption\":\"MASTERKIDZ Montessori Tangram mozaikos blokeli\u0173 rinkinys\"},{\"@type\":\"BreadcrumbList\",\"@id\":\"https:\\\/\\\/kidsplay.lt\\\/produktas\\\/masterkidz-montessori-tangram-mozaikos-blokeliu-rinkinys-140-vnt\\\/#breadcrumb\",\"itemListElement\":[{\"@type\":\"ListItem\",\"position\":1,\"name\":\"Pagrindinis\",\"item\":\"https:\\\/\\\/kidsplay.lt\\\/\"},{\"@type\":\"ListItem\",\"position\":2,\"name\":\"Parduotuv\u0117\",\"item\":\"https:\\\/\\\/kidsplay.lt\\\/parduotuve\\\/\"},{\"@type\":\"ListItem\",\"position\":3,\"name\":\"MASTERKIDZ Montessori Tangram mozaikos blokeli\u0173 rinkinys, 140 vnt\"}]},{\"@type\":\"WebSite\",\"@id\":\"https:\\\/\\\/kidsplay.lt\\\/#website\",\"url\":\"https:\\\/\\\/kidsplay.lt\\\/\",\"name\":\"Kidsplay.lt\",\"description\":\"\u012evairios prek\u0117s vaikams\",\"publisher\":{\"@id\":\"https:\\\/\\\/kidsplay.lt\\\/#organization\"},\"alternateName\":\"Kidsplay\",\"potentialAction\":[{\"@type\":\"SearchAction\",\"target\":{\"@type\":\"EntryPoint\",\"urlTemplate\":\"https:\\\/\\\/kidsplay.lt\\\/?s={search_term_string}\"},\"query-input\":{\"@type\":\"PropertyValueSpecification\",\"valueRequired\":true,\"valueName\":\"search_term_string\"}}],\"inLanguage\":\"lv-LV\"},{\"@type\":\"Organization\",\"@id\":\"https:\\\/\\\/kidsplay.lt\\\/#organization\",\"name\":\"KidsPlay\",\"url\":\"https:\\\/\\\/kidsplay.lt\\\/\",\"logo\":{\"@type\":\"ImageObject\",\"inLanguage\":\"lv-LV\",\"@id\":\"https:\\\/\\\/kidsplay.lt\\\/#\\\/schema\\\/logo\\\/image\\\/\",\"url\":\"https:\\\/\\\/kidsplay.lt\\\/wp-content\\\/uploads\\\/2023\\\/07\\\/kidsplay-logo.png\",\"contentUrl\":\"https:\\\/\\\/kidsplay.lt\\\/wp-content\\\/uploads\\\/2023\\\/07\\\/kidsplay-logo.png\",\"width\":451,\"height\":98,\"caption\":\"KidsPlay\"},\"image\":{\"@id\":\"https:\\\/\\\/kidsplay.lt\\\/#\\\/schema\\\/logo\\\/image\\\/\"},\"sameAs\":[\"https:\\\/\\\/www.facebook.com\\\/www.kidsplay.lt\"]}]}<\/script>\n<!-- \/ Yoast SEO plugin. -->","yoast_head_json":{"title":"MASTERKIDZ Montessori tangramu moza\u012bkas kluc\u012b\u0161u komplekts, 140 gab.","description":"MASTERKIDZ Montessori Tangram mozaikos blokeli\u0173 rinkinys, 140 vnt - KidsPlay. Did\u017eiausias vaik\u0173 \u017eaisl\u0173 pasirinkimas.","robots":{"index":"index","follow":"follow","max-snippet":"max-snippet:-1","max-image-preview":"max-image-preview:large","max-video-preview":"max-video-preview:-1"},"canonical":"https:\/\/kidsplay.lt\/lv\/products\/masterkidz-montessori-tangram-mozaikos-blokeliu-rinkinys-140-vnt\/","og_locale":"lv_LV","og_type":"article","og_title":"MASTERKIDZ Montessori Tangram mozaikos blokeli\u0173 rinkinys, 140 vnt","og_description":"MASTERKIDZ Montessori Tangram mozaikos blokeli\u0173 rinkinys, 140 vnt - KidsPlay. Did\u017eiausias vaik\u0173 \u017eaisl\u0173 pasirinkimas.","og_url":"https:\/\/kidsplay.lt\/lv\/products\/masterkidz-montessori-tangram-mozaikos-blokeliu-rinkinys-140-vnt\/","og_site_name":"KidsPlay","article_publisher":"https:\/\/www.facebook.com\/www.kidsplay.lt","article_modified_time":"2026-04-13T11:07:13+00:00","og_image":[{"width":2500,"height":2500,"url":"https:\/\/kidsplay.lt\/wp-content\/uploads\/2026\/02\/MASTERKIDZ-Montessori-Tangram-mozaikos-blokeliu-rinkinys-140-vnt.jpg","type":"image\/jpeg"}],"twitter_card":"summary_large_image","twitter_misc":{"Est. reading time":"1 min\u016bte"},"schema":{"@context":"https:\/\/schema.org","@graph":[{"@type":"WebPage","@id":"https:\/\/kidsplay.lt\/produktas\/masterkidz-montessori-tangram-mozaikos-blokeliu-rinkinys-140-vnt\/","url":"https:\/\/kidsplay.lt\/produktas\/masterkidz-montessori-tangram-mozaikos-blokeliu-rinkinys-140-vnt\/","name":"MASTERKIDZ Montessori tangramu moza\u012bkas kluc\u012b\u0161u komplekts, 140 gab.","isPartOf":{"@id":"https:\/\/kidsplay.lt\/#website"},"primaryImageOfPage":{"@id":"https:\/\/kidsplay.lt\/produktas\/masterkidz-montessori-tangram-mozaikos-blokeliu-rinkinys-140-vnt\/#primaryimage"},"image":{"@id":"https:\/\/kidsplay.lt\/produktas\/masterkidz-montessori-tangram-mozaikos-blokeliu-rinkinys-140-vnt\/#primaryimage"},"thumbnailUrl":"https:\/\/kidsplay.lt\/wp-content\/uploads\/2026\/02\/MASTERKIDZ-Montessori-Tangram-mozaikos-blokeliu-rinkinys-140-vnt.jpg","datePublished":"2026-02-22T10:52:30+00:00","dateModified":"2026-04-13T11:07:13+00:00","description":"MASTERKIDZ Montessori Tangram mozaikos blokeli\u0173 rinkinys, 140 vnt - KidsPlay. Did\u017eiausias vaik\u0173 \u017eaisl\u0173 pasirinkimas.","breadcrumb":{"@id":"https:\/\/kidsplay.lt\/produktas\/masterkidz-montessori-tangram-mozaikos-blokeliu-rinkinys-140-vnt\/#breadcrumb"},"inLanguage":"lv-LV","potentialAction":[{"@type":"ReadAction","target":["https:\/\/kidsplay.lt\/produktas\/masterkidz-montessori-tangram-mozaikos-blokeliu-rinkinys-140-vnt\/"]}]},{"@type":"ImageObject","inLanguage":"lv-LV","@id":"https:\/\/kidsplay.lt\/produktas\/masterkidz-montessori-tangram-mozaikos-blokeliu-rinkinys-140-vnt\/#primaryimage","url":"https:\/\/kidsplay.lt\/wp-content\/uploads\/2026\/02\/MASTERKIDZ-Montessori-Tangram-mozaikos-blokeliu-rinkinys-140-vnt.jpg","contentUrl":"https:\/\/kidsplay.lt\/wp-content\/uploads\/2026\/02\/MASTERKIDZ-Montessori-Tangram-mozaikos-blokeliu-rinkinys-140-vnt.jpg","width":2500,"height":2500,"caption":"MASTERKIDZ Montessori Tangram mozaikos blokeli\u0173 rinkinys"},{"@type":"BreadcrumbList","@id":"https:\/\/kidsplay.lt\/produktas\/masterkidz-montessori-tangram-mozaikos-blokeliu-rinkinys-140-vnt\/#breadcrumb","itemListElement":[{"@type":"ListItem","position":1,"name":"Pagrindinis","item":"https:\/\/kidsplay.lt\/"},{"@type":"ListItem","position":2,"name":"Parduotuv\u0117","item":"https:\/\/kidsplay.lt\/parduotuve\/"},{"@type":"ListItem","position":3,"name":"MASTERKIDZ Montessori Tangram mozaikos blokeli\u0173 rinkinys, 140 vnt"}]},{"@type":"WebSite","@id":"https:\/\/kidsplay.lt\/#website","url":"https:\/\/kidsplay.lt\/","name":"B\u0113rnu sp\u0113les.lv","description":"\u012evairios prek\u0117s vaikams","publisher":{"@id":"https:\/\/kidsplay.lt\/#organization"},"alternateName":"Kidsplay","potentialAction":[{"@type":"SearchAction","target":{"@type":"EntryPoint","urlTemplate":"https:\/\/kidsplay.lt\/?s={search_term_string}"},"query-input":{"@type":"PropertyValueSpecification","valueRequired":true,"valueName":"search_term_string"}}],"inLanguage":"lv-LV"},{"@type":"Organization","@id":"https:\/\/kidsplay.lt\/#organization","name":"B\u0113rnu sp\u0113le","url":"https:\/\/kidsplay.lt\/","logo":{"@type":"ImageObject","inLanguage":"lv-LV","@id":"https:\/\/kidsplay.lt\/#\/schema\/logo\/image\/","url":"https:\/\/kidsplay.lt\/wp-content\/uploads\/2023\/07\/kidsplay-logo.png","contentUrl":"https:\/\/kidsplay.lt\/wp-content\/uploads\/2023\/07\/kidsplay-logo.png","width":451,"height":98,"caption":"KidsPlay"},"image":{"@id":"https:\/\/kidsplay.lt\/#\/schema\/logo\/image\/"},"sameAs":["https:\/\/www.facebook.com\/www.kidsplay.lt"]}]}},"_links":{"self":[{"href":"https:\/\/kidsplay.lt\/lv\/wp-json\/wp\/v2\/product\/84237","targetHints":{"allow":["GET"]}}],"collection":[{"href":"https:\/\/kidsplay.lt\/lv\/wp-json\/wp\/v2\/product"}],"about":[{"href":"https:\/\/kidsplay.lt\/lv\/wp-json\/wp\/v2\/types\/product"}],"version-history":[{"count":1,"href":"https:\/\/kidsplay.lt\/lv\/wp-json\/wp\/v2\/product\/84237\/revisions"}],"predecessor-version":[{"id":84238,"href":"https:\/\/kidsplay.lt\/lv\/wp-json\/wp\/v2\/product\/84237\/revisions\/84238"}],"wp:featuredmedia":[{"embeddable":true,"href":"https:\/\/kidsplay.lt\/lv\/wp-json\/wp\/v2\/media\/84239"}],"wp:attachment":[{"href":"https:\/\/kidsplay.lt\/lv\/wp-json\/wp\/v2\/media?parent=84237"}],"wp:term":[{"taxonomy":"product_brand","embeddable":true,"href":"https:\/\/kidsplay.lt\/lv\/wp-json\/wp\/v2\/product_brand?post=84237"},{"taxonomy":"product_cat","embeddable":true,"href":"https:\/\/kidsplay.lt\/lv\/wp-json\/wp\/v2\/product_cat?post=84237"},{"taxonomy":"product_tag","embeddable":true,"href":"https:\/\/kidsplay.lt\/lv\/wp-json\/wp\/v2\/product_tag?post=84237"}],"curies":[{"name":"wp","href":"https:\/\/api.w.org\/{rel}","templated":true}]}}