{"id":84264,"date":"2026-02-22T12:54:01","date_gmt":"2026-02-22T10:54:01","guid":{"rendered":"https:\/\/kidsplay.lt\/produktas\/masterkidz-stem-kurybine-mokslo-lenta-su-montavimo-panele-120x80-cm\/"},"modified":"2026-04-13T14:07:37","modified_gmt":"2026-04-13T11:07:37","slug":"masterkidz-stem-kurybine-mokslo-lenta-su-montavimo-panele-120x80-cm","status":"publish","type":"product","link":"https:\/\/kidsplay.lt\/lv\/products\/masterkidz-stem-kurybine-mokslo-lenta-su-montavimo-panele-120x80-cm\/","title":{"rendered":"MASTERKIDZ STEM rado\u0161\u0101 zin\u0101tnes t\u0101fele ar mont\u0101\u017eas paneli, 120 \u00d7 80 cm"},"content":{"rendered":"<p>Masterkidz STEM manipuliacin\u0117 sienin\u0117 lenta leid\u017eia vaikams k\u016brybi\u0161kai \u017eaisti ir tyrin\u0117ti mokslo pasaul\u012f. Platus 80 \u00d7 120 cm skydas turi skylutes, \u012f kurias galima \u012fstatyti spalvotus kai\u0161\u010dius ir kurti \u012fvairius ra\u0161tus. Prie lentos taip pat galima tvirtinti \u012fvairias edukacines priemones: krumpliara\u010dius, vamzd\u017ei\u0173 sistemas su pompa ir daugyb\u0119 kit\u0173 \u012fdomi\u0173 element\u0173.<\/p>\n<p>Naudodamasis Masterkidz STEM mokom\u0105ja lenta, j\u016bs\u0173 vaikas leisis \u012f k\u016brybin\u0119 ir edukacin\u0119 kelion\u0119, kurdamas nuostabius ra\u0161tus, strukt\u016bras ir mechanizmus. Ma\u017eylis gal\u0117s statyti krumpliara\u010di\u0173 sistemas, vamzdynus ar kurti tikrus meno k\u016brinius.<br \/>\nRaksturojums:<\/p>\n<p> \tSuderinama su visais STEM priedais<br \/>\n \tAuk\u0161tos kokyb\u0117s gamyba, u\u017etikrinanti patvarum\u0105 ir saug\u0173 naudojim\u0105<br \/>\n \tKomplekte yra montavimo panel\u0117, leid\u017eianti greitai ir lengvai keisti lentos elementus be tvirtinimo prie sienos<br \/>\n \tPuikiai tinka tiek ugdymo \u012fstaigoms, tiek namams<\/p>\n<p>Rota\u013clietu lav\u012bna:<\/p>\n<p> \tVaizduot\u0119<br \/>\n \tK\u016brybi\u0161kum\u0105<br \/>\n \tSmalk\u0101s motorikas prasmes<br \/>\n \tLogin\u012f m\u0105stym\u0105<\/p>\n<p>Elementai, tinkantys \u0161iai lentai (parduodami atskirai):<\/p>\n<p> \tSpalvoti kai\u0161\u010diai: ME12746, ME14450, ME21113, ME21137, ME21120, ME21144<br \/>\n \tSpalvoti kristalai: ME13989<br \/>\n \tSpalvotos virvel\u0117s jungimui su kai\u0161\u010diais: ME14467<br \/>\n \tSpalvoti var\u017etai: ME20963, ME29911<br \/>\n \tKonstravimo kalad\u0117l\u0117s: ME29027, ME29010, ME29089<br \/>\n \tGeometrin\u0117s fig\u016bros: ME14696, ME14702, ME14818, ME14825, ME31181<br \/>\n \tKrumpliara\u010diai ir grandin\u0117s: ME13460, ME24343, ME31204<br \/>\n \tKamuoliuk\u0173 ir vandens trasos: ME14788, ME14870, ME14665, ME15143, ME25043<br \/>\n \tVamzd\u017ei\u0173 sistem\u0173 rinkinys su pompa: ME13149<br \/>\n \tRaid\u017ei\u0173 ir skai\u010di\u0173 rinkinys: ME30412, ME30429<br \/>\n \tTalpyklos ir priedai: ME12845, ME16560, ME14672<\/p>","protected":false},"excerpt":{"rendered":"<p>Masterkidz STEM manipuliacin\u0117 sienin\u0117 lenta leid\u017eia vaikams k\u016brybi\u0161kai \u017eaisti ir tyrin\u0117ti mokslo pasaul\u012f. Platus 80 \u00d7 120 cm skydas turi<\/p>","protected":false},"featured_media":84266,"template":"","meta":{"_acf_changed":false,"_glsr_average":0,"_glsr_ranking":0,"_glsr_reviews":0},"product_brand":[],"product_cat":[673,229],"product_tag":[],"class_list":{"0":"post-84264","1":"product","2":"type-product","3":"status-publish","4":"has-post-thumbnail","6":"product_cat-ugdomosios-priemones","7":"product_cat-zaislai-vaikams","8":"\"style=\"background-color: #2ecc711c;\"","10":"first","11":"instock","12":"purchasable","13":"product-type-simple"},"acf":[],"yoast_head":"<!-- This site is optimized with the Yoast SEO plugin v27.3 - https:\/\/yoast.com\/product\/yoast-seo-wordpress\/ -->\n<title>MASTERKIDZ STEM k\u016brybin\u0117 mokslo lenta su montavimo panele, 120\u00d780 cm<\/title>\n<meta name=\"description\" content=\"MASTERKIDZ STEM k\u016brybin\u0117 mokslo lenta su montavimo panele, 120\u00d780 cm - KidsPlay. Did\u017eiausias vaik\u0173 \u017eaisl\u0173 pasirinkimas.\" \/>\n<meta name=\"robots\" content=\"index, follow, max-snippet:-1, max-image-preview:large, max-video-preview:-1\" \/>\n<link rel=\"canonical\" href=\"https:\/\/kidsplay.lt\/lv\/products\/masterkidz-stem-kurybine-mokslo-lenta-su-montavimo-panele-120x80-cm\/\" \/>\n<meta property=\"og:locale\" content=\"lv_LV\" \/>\n<meta property=\"og:type\" content=\"article\" \/>\n<meta property=\"og:title\" content=\"MASTERKIDZ STEM k\u016brybin\u0117 mokslo lenta su montavimo panele, 120\u00d780 cm\" \/>\n<meta property=\"og:description\" content=\"MASTERKIDZ STEM k\u016brybin\u0117 mokslo lenta su montavimo panele, 120\u00d780 cm - KidsPlay. Did\u017eiausias vaik\u0173 \u017eaisl\u0173 pasirinkimas.\" \/>\n<meta property=\"og:url\" content=\"https:\/\/kidsplay.lt\/lv\/products\/masterkidz-stem-kurybine-mokslo-lenta-su-montavimo-panele-120x80-cm\/\" \/>\n<meta property=\"og:site_name\" content=\"KidsPlay\" \/>\n<meta property=\"article:publisher\" content=\"https:\/\/www.facebook.com\/www.kidsplay.lt\" \/>\n<meta property=\"article:modified_time\" content=\"2026-04-13T11:07:37+00:00\" \/>\n<meta property=\"og:image\" content=\"https:\/\/kidsplay.lt\/wp-content\/uploads\/2026\/02\/MASTERKIDZ-STEM-kurybine-mokslo-lenta-su-montavimo-panele-120\u00d780-cm.jpg\" \/>\n\t<meta property=\"og:image:width\" content=\"2500\" \/>\n\t<meta property=\"og:image:height\" content=\"2500\" \/>\n\t<meta property=\"og:image:type\" content=\"image\/jpeg\" \/>\n<meta name=\"twitter:card\" content=\"summary_large_image\" \/>\n<meta name=\"twitter:label1\" content=\"Est. reading time\" \/>\n\t<meta name=\"twitter:data1\" content=\"1 min\u016bte\" \/>\n<script type=\"application\/ld+json\" class=\"yoast-schema-graph\">{\"@context\":\"https:\\\/\\\/schema.org\",\"@graph\":[{\"@type\":\"WebPage\",\"@id\":\"https:\\\/\\\/kidsplay.lt\\\/produktas\\\/masterkidz-stem-kurybine-mokslo-lenta-su-montavimo-panele-120x80-cm\\\/\",\"url\":\"https:\\\/\\\/kidsplay.lt\\\/produktas\\\/masterkidz-stem-kurybine-mokslo-lenta-su-montavimo-panele-120x80-cm\\\/\",\"name\":\"MASTERKIDZ STEM k\u016brybin\u0117 mokslo lenta su montavimo panele, 120\u00d780 cm\",\"isPartOf\":{\"@id\":\"https:\\\/\\\/kidsplay.lt\\\/#website\"},\"primaryImageOfPage\":{\"@id\":\"https:\\\/\\\/kidsplay.lt\\\/produktas\\\/masterkidz-stem-kurybine-mokslo-lenta-su-montavimo-panele-120x80-cm\\\/#primaryimage\"},\"image\":{\"@id\":\"https:\\\/\\\/kidsplay.lt\\\/produktas\\\/masterkidz-stem-kurybine-mokslo-lenta-su-montavimo-panele-120x80-cm\\\/#primaryimage\"},\"thumbnailUrl\":\"https:\\\/\\\/kidsplay.lt\\\/wp-content\\\/uploads\\\/2026\\\/02\\\/MASTERKIDZ-STEM-kurybine-mokslo-lenta-su-montavimo-panele-120\u00d780-cm.jpg\",\"datePublished\":\"2026-02-22T10:54:01+00:00\",\"dateModified\":\"2026-04-13T11:07:37+00:00\",\"description\":\"MASTERKIDZ STEM k\u016brybin\u0117 mokslo lenta su montavimo panele, 120\u00d780 cm - KidsPlay. Did\u017eiausias vaik\u0173 \u017eaisl\u0173 pasirinkimas.\",\"breadcrumb\":{\"@id\":\"https:\\\/\\\/kidsplay.lt\\\/produktas\\\/masterkidz-stem-kurybine-mokslo-lenta-su-montavimo-panele-120x80-cm\\\/#breadcrumb\"},\"inLanguage\":\"lv-LV\",\"potentialAction\":[{\"@type\":\"ReadAction\",\"target\":[\"https:\\\/\\\/kidsplay.lt\\\/produktas\\\/masterkidz-stem-kurybine-mokslo-lenta-su-montavimo-panele-120x80-cm\\\/\"]}]},{\"@type\":\"ImageObject\",\"inLanguage\":\"lv-LV\",\"@id\":\"https:\\\/\\\/kidsplay.lt\\\/produktas\\\/masterkidz-stem-kurybine-mokslo-lenta-su-montavimo-panele-120x80-cm\\\/#primaryimage\",\"url\":\"https:\\\/\\\/kidsplay.lt\\\/wp-content\\\/uploads\\\/2026\\\/02\\\/MASTERKIDZ-STEM-kurybine-mokslo-lenta-su-montavimo-panele-120\u00d780-cm.jpg\",\"contentUrl\":\"https:\\\/\\\/kidsplay.lt\\\/wp-content\\\/uploads\\\/2026\\\/02\\\/MASTERKIDZ-STEM-kurybine-mokslo-lenta-su-montavimo-panele-120\u00d780-cm.jpg\",\"width\":2500,\"height\":2500,\"caption\":\"MASTERKIDZ STEM k\u016brybin\u0117 mokslo lenta su montavimo panele\"},{\"@type\":\"BreadcrumbList\",\"@id\":\"https:\\\/\\\/kidsplay.lt\\\/produktas\\\/masterkidz-stem-kurybine-mokslo-lenta-su-montavimo-panele-120x80-cm\\\/#breadcrumb\",\"itemListElement\":[{\"@type\":\"ListItem\",\"position\":1,\"name\":\"Pagrindinis\",\"item\":\"https:\\\/\\\/kidsplay.lt\\\/\"},{\"@type\":\"ListItem\",\"position\":2,\"name\":\"Parduotuv\u0117\",\"item\":\"https:\\\/\\\/kidsplay.lt\\\/parduotuve\\\/\"},{\"@type\":\"ListItem\",\"position\":3,\"name\":\"MASTERKIDZ STEM k\u016brybin\u0117 mokslo lenta su montavimo panele, 120\u00d780 cm\"}]},{\"@type\":\"WebSite\",\"@id\":\"https:\\\/\\\/kidsplay.lt\\\/#website\",\"url\":\"https:\\\/\\\/kidsplay.lt\\\/\",\"name\":\"Kidsplay.lt\",\"description\":\"\u012evairios prek\u0117s vaikams\",\"publisher\":{\"@id\":\"https:\\\/\\\/kidsplay.lt\\\/#organization\"},\"alternateName\":\"Kidsplay\",\"potentialAction\":[{\"@type\":\"SearchAction\",\"target\":{\"@type\":\"EntryPoint\",\"urlTemplate\":\"https:\\\/\\\/kidsplay.lt\\\/?s={search_term_string}\"},\"query-input\":{\"@type\":\"PropertyValueSpecification\",\"valueRequired\":true,\"valueName\":\"search_term_string\"}}],\"inLanguage\":\"lv-LV\"},{\"@type\":\"Organization\",\"@id\":\"https:\\\/\\\/kidsplay.lt\\\/#organization\",\"name\":\"KidsPlay\",\"url\":\"https:\\\/\\\/kidsplay.lt\\\/\",\"logo\":{\"@type\":\"ImageObject\",\"inLanguage\":\"lv-LV\",\"@id\":\"https:\\\/\\\/kidsplay.lt\\\/#\\\/schema\\\/logo\\\/image\\\/\",\"url\":\"https:\\\/\\\/kidsplay.lt\\\/wp-content\\\/uploads\\\/2023\\\/07\\\/kidsplay-logo.png\",\"contentUrl\":\"https:\\\/\\\/kidsplay.lt\\\/wp-content\\\/uploads\\\/2023\\\/07\\\/kidsplay-logo.png\",\"width\":451,\"height\":98,\"caption\":\"KidsPlay\"},\"image\":{\"@id\":\"https:\\\/\\\/kidsplay.lt\\\/#\\\/schema\\\/logo\\\/image\\\/\"},\"sameAs\":[\"https:\\\/\\\/www.facebook.com\\\/www.kidsplay.lt\"]}]}<\/script>\n<!-- \/ Yoast SEO plugin. -->","yoast_head_json":{"title":"MASTERKIDZ STEM rado\u0161\u0101 zin\u0101tnes t\u0101fele ar mont\u0101\u017eas paneli, 120 \u00d7 80 cm","description":"MASTERKIDZ STEM k\u016brybin\u0117 mokslo lenta su montavimo panele, 120\u00d780 cm - KidsPlay. Did\u017eiausias vaik\u0173 \u017eaisl\u0173 pasirinkimas.","robots":{"index":"index","follow":"follow","max-snippet":"max-snippet:-1","max-image-preview":"max-image-preview:large","max-video-preview":"max-video-preview:-1"},"canonical":"https:\/\/kidsplay.lt\/lv\/products\/masterkidz-stem-kurybine-mokslo-lenta-su-montavimo-panele-120x80-cm\/","og_locale":"lv_LV","og_type":"article","og_title":"MASTERKIDZ STEM k\u016brybin\u0117 mokslo lenta su montavimo panele, 120\u00d780 cm","og_description":"MASTERKIDZ STEM k\u016brybin\u0117 mokslo lenta su montavimo panele, 120\u00d780 cm - KidsPlay. Did\u017eiausias vaik\u0173 \u017eaisl\u0173 pasirinkimas.","og_url":"https:\/\/kidsplay.lt\/lv\/products\/masterkidz-stem-kurybine-mokslo-lenta-su-montavimo-panele-120x80-cm\/","og_site_name":"KidsPlay","article_publisher":"https:\/\/www.facebook.com\/www.kidsplay.lt","article_modified_time":"2026-04-13T11:07:37+00:00","og_image":[{"width":2500,"height":2500,"url":"https:\/\/kidsplay.lt\/wp-content\/uploads\/2026\/02\/MASTERKIDZ-STEM-kurybine-mokslo-lenta-su-montavimo-panele-120\u00d780-cm.jpg","type":"image\/jpeg"}],"twitter_card":"summary_large_image","twitter_misc":{"Est. reading time":"1 min\u016bte"},"schema":{"@context":"https:\/\/schema.org","@graph":[{"@type":"WebPage","@id":"https:\/\/kidsplay.lt\/produktas\/masterkidz-stem-kurybine-mokslo-lenta-su-montavimo-panele-120x80-cm\/","url":"https:\/\/kidsplay.lt\/produktas\/masterkidz-stem-kurybine-mokslo-lenta-su-montavimo-panele-120x80-cm\/","name":"MASTERKIDZ STEM rado\u0161\u0101 zin\u0101tnes t\u0101fele ar mont\u0101\u017eas paneli, 120 \u00d7 80 cm","isPartOf":{"@id":"https:\/\/kidsplay.lt\/#website"},"primaryImageOfPage":{"@id":"https:\/\/kidsplay.lt\/produktas\/masterkidz-stem-kurybine-mokslo-lenta-su-montavimo-panele-120x80-cm\/#primaryimage"},"image":{"@id":"https:\/\/kidsplay.lt\/produktas\/masterkidz-stem-kurybine-mokslo-lenta-su-montavimo-panele-120x80-cm\/#primaryimage"},"thumbnailUrl":"https:\/\/kidsplay.lt\/wp-content\/uploads\/2026\/02\/MASTERKIDZ-STEM-kurybine-mokslo-lenta-su-montavimo-panele-120\u00d780-cm.jpg","datePublished":"2026-02-22T10:54:01+00:00","dateModified":"2026-04-13T11:07:37+00:00","description":"MASTERKIDZ STEM k\u016brybin\u0117 mokslo lenta su montavimo panele, 120\u00d780 cm - KidsPlay. Did\u017eiausias vaik\u0173 \u017eaisl\u0173 pasirinkimas.","breadcrumb":{"@id":"https:\/\/kidsplay.lt\/produktas\/masterkidz-stem-kurybine-mokslo-lenta-su-montavimo-panele-120x80-cm\/#breadcrumb"},"inLanguage":"lv-LV","potentialAction":[{"@type":"ReadAction","target":["https:\/\/kidsplay.lt\/produktas\/masterkidz-stem-kurybine-mokslo-lenta-su-montavimo-panele-120x80-cm\/"]}]},{"@type":"ImageObject","inLanguage":"lv-LV","@id":"https:\/\/kidsplay.lt\/produktas\/masterkidz-stem-kurybine-mokslo-lenta-su-montavimo-panele-120x80-cm\/#primaryimage","url":"https:\/\/kidsplay.lt\/wp-content\/uploads\/2026\/02\/MASTERKIDZ-STEM-kurybine-mokslo-lenta-su-montavimo-panele-120\u00d780-cm.jpg","contentUrl":"https:\/\/kidsplay.lt\/wp-content\/uploads\/2026\/02\/MASTERKIDZ-STEM-kurybine-mokslo-lenta-su-montavimo-panele-120\u00d780-cm.jpg","width":2500,"height":2500,"caption":"MASTERKIDZ STEM k\u016brybin\u0117 mokslo lenta su montavimo panele"},{"@type":"BreadcrumbList","@id":"https:\/\/kidsplay.lt\/produktas\/masterkidz-stem-kurybine-mokslo-lenta-su-montavimo-panele-120x80-cm\/#breadcrumb","itemListElement":[{"@type":"ListItem","position":1,"name":"Pagrindinis","item":"https:\/\/kidsplay.lt\/"},{"@type":"ListItem","position":2,"name":"Parduotuv\u0117","item":"https:\/\/kidsplay.lt\/parduotuve\/"},{"@type":"ListItem","position":3,"name":"MASTERKIDZ STEM k\u016brybin\u0117 mokslo lenta su montavimo panele, 120\u00d780 cm"}]},{"@type":"WebSite","@id":"https:\/\/kidsplay.lt\/#website","url":"https:\/\/kidsplay.lt\/","name":"B\u0113rnu sp\u0113les.lv","description":"\u012evairios prek\u0117s vaikams","publisher":{"@id":"https:\/\/kidsplay.lt\/#organization"},"alternateName":"Kidsplay","potentialAction":[{"@type":"SearchAction","target":{"@type":"EntryPoint","urlTemplate":"https:\/\/kidsplay.lt\/?s={search_term_string}"},"query-input":{"@type":"PropertyValueSpecification","valueRequired":true,"valueName":"search_term_string"}}],"inLanguage":"lv-LV"},{"@type":"Organization","@id":"https:\/\/kidsplay.lt\/#organization","name":"B\u0113rnu sp\u0113le","url":"https:\/\/kidsplay.lt\/","logo":{"@type":"ImageObject","inLanguage":"lv-LV","@id":"https:\/\/kidsplay.lt\/#\/schema\/logo\/image\/","url":"https:\/\/kidsplay.lt\/wp-content\/uploads\/2023\/07\/kidsplay-logo.png","contentUrl":"https:\/\/kidsplay.lt\/wp-content\/uploads\/2023\/07\/kidsplay-logo.png","width":451,"height":98,"caption":"KidsPlay"},"image":{"@id":"https:\/\/kidsplay.lt\/#\/schema\/logo\/image\/"},"sameAs":["https:\/\/www.facebook.com\/www.kidsplay.lt"]}]}},"_links":{"self":[{"href":"https:\/\/kidsplay.lt\/lv\/wp-json\/wp\/v2\/product\/84264","targetHints":{"allow":["GET"]}}],"collection":[{"href":"https:\/\/kidsplay.lt\/lv\/wp-json\/wp\/v2\/product"}],"about":[{"href":"https:\/\/kidsplay.lt\/lv\/wp-json\/wp\/v2\/types\/product"}],"version-history":[{"count":1,"href":"https:\/\/kidsplay.lt\/lv\/wp-json\/wp\/v2\/product\/84264\/revisions"}],"predecessor-version":[{"id":84265,"href":"https:\/\/kidsplay.lt\/lv\/wp-json\/wp\/v2\/product\/84264\/revisions\/84265"}],"wp:featuredmedia":[{"embeddable":true,"href":"https:\/\/kidsplay.lt\/lv\/wp-json\/wp\/v2\/media\/84266"}],"wp:attachment":[{"href":"https:\/\/kidsplay.lt\/lv\/wp-json\/wp\/v2\/media?parent=84264"}],"wp:term":[{"taxonomy":"product_brand","embeddable":true,"href":"https:\/\/kidsplay.lt\/lv\/wp-json\/wp\/v2\/product_brand?post=84264"},{"taxonomy":"product_cat","embeddable":true,"href":"https:\/\/kidsplay.lt\/lv\/wp-json\/wp\/v2\/product_cat?post=84264"},{"taxonomy":"product_tag","embeddable":true,"href":"https:\/\/kidsplay.lt\/lv\/wp-json\/wp\/v2\/product_tag?post=84264"}],"curies":[{"name":"wp","href":"https:\/\/api.w.org\/{rel}","templated":true}]}}