{"id":84280,"date":"2026-02-22T12:55:02","date_gmt":"2026-02-22T10:55:02","guid":{"rendered":"https:\/\/kidsplay.lt\/produktas\/masterkidz-atspek-lieciant-zaidimo-deze\/"},"modified":"2026-04-13T14:07:48","modified_gmt":"2026-04-13T11:07:48","slug":"masterkidz-atspek-lieciant-zaidimo-deze","status":"publish","type":"product","link":"https:\/\/kidsplay.lt\/lv\/products\/masterkidz-atspek-lieciant-zaidimo-deze\/","title":{"rendered":"MASTERKIDZ &quot;Uzmini ar piesk\u0101rienu&quot; sp\u0113les kaste"},"content":{"rendered":"<p>Masterkidz sensorin\u0117 \u017eaidim\u0173 d\u0117\u017e\u0117 \u2013 tai unikalus sprendimas vaikams, kuris pakelia \u017eaidim\u0105 \u012f nauj\u0105 lyg\u012f, lavindamas lyt\u0117jimo poj\u016bt\u012f ir k\u016brybi\u0161kum\u0105. Tiesiog \u012fki\u0161kite rankas \u012f d\u0117\u017e\u0119, palieskite pasl\u0117pt\u0105 daikt\u0105 ir pabandykite atsp\u0117ti, kas tai yra \u2013 apib\u016bdinkite savo poj\u016b\u010dius ir spr\u0119skite u\u017eduotis kartu su draugais. \u0160is inovatyvus produktas sukurtas atsi\u017evelgiant \u012f sensorinius pratimus ir visapusi\u0161k\u0105 vaiko raid\u0105. D\u0117\u017e\u0117je yra dvi angos rankoms, leid\u017eian\u010dios atpa\u017einti lie\u010diam\u0105 objekt\u0105 jo nematant.<br \/>\n\u2705 Charakteristika:<br \/>\n\u2714\ufe0f Pagaminta i\u0161 patvarios, saugios medienos\u2714\ufe0f Dvi angos rankoms, skirtos objekt\u0173 atpa\u017einimui be reg\u0117jimo\u2714\ufe0f Puikus papildymas produktams: ME04031, ME05359, ME05342<br \/>\n\u2705 \u017daislas lavina:<br \/>\n\u2714\ufe0f Rank\u0173 \u012fg\u016bd\u017eius ir motorin\u0119 koordinacij\u0105\u2714\ufe0f Raid\u017ei\u0173, skai\u010di\u0173 ir pagrindini\u0173 geometrini\u0173 form\u0173 pa\u017einim\u0105\u2714\ufe0f Login\u012f m\u0105stym\u0105 ir d\u0117mesio koncentracij\u0105<\/p>","protected":false},"excerpt":{"rendered":"<p>Masterkidz sensorin\u0117 \u017eaidim\u0173 d\u0117\u017e\u0117 \u2013 tai unikalus sprendimas vaikams, kuris pakelia \u017eaidim\u0105 \u012f nauj\u0105 lyg\u012f, lavindamas lyt\u0117jimo poj\u016bt\u012f ir k\u016brybi\u0161kum\u0105.<\/p>","protected":false},"featured_media":84282,"template":"","meta":{"_acf_changed":false,"_glsr_average":0,"_glsr_ranking":0,"_glsr_reviews":0},"product_brand":[],"product_cat":[673,229],"product_tag":[],"class_list":{"0":"post-84280","1":"product","2":"type-product","3":"status-publish","4":"has-post-thumbnail","6":"product_cat-ugdomosios-priemones","7":"product_cat-zaislai-vaikams","8":"\"style=\"background-color: #2ecc711c;\"","10":"first","11":"instock","12":"purchasable","13":"product-type-simple"},"acf":[],"yoast_head":"<!-- This site is optimized with the Yoast SEO plugin v27.4 - https:\/\/yoast.com\/product\/yoast-seo-wordpress\/ -->\n<title>MASTERKIDZ \u201eAtsp\u0117k lie\u010diant\u201c \u017eaidimo d\u0117\u017e\u0117<\/title>\n<meta name=\"description\" content=\"MASTERKIDZ \u201eAtsp\u0117k lie\u010diant\u201c \u017eaidimo d\u0117\u017e\u0117 - KidsPlay. Did\u017eiausias vaik\u0173 \u017eaisl\u0173 pasirinkimas.\" \/>\n<meta name=\"robots\" content=\"index, follow, max-snippet:-1, max-image-preview:large, max-video-preview:-1\" \/>\n<link rel=\"canonical\" href=\"https:\/\/kidsplay.lt\/lv\/products\/masterkidz-atspek-lieciant-zaidimo-deze\/\" \/>\n<meta property=\"og:locale\" content=\"lv_LV\" \/>\n<meta property=\"og:type\" content=\"article\" \/>\n<meta property=\"og:title\" content=\"MASTERKIDZ \u201eAtsp\u0117k lie\u010diant\u201c \u017eaidimo d\u0117\u017e\u0117\" \/>\n<meta property=\"og:description\" content=\"MASTERKIDZ \u201eAtsp\u0117k lie\u010diant\u201c \u017eaidimo d\u0117\u017e\u0117 - KidsPlay. Did\u017eiausias vaik\u0173 \u017eaisl\u0173 pasirinkimas.\" \/>\n<meta property=\"og:url\" content=\"https:\/\/kidsplay.lt\/lv\/products\/masterkidz-atspek-lieciant-zaidimo-deze\/\" \/>\n<meta property=\"og:site_name\" content=\"KidsPlay\" \/>\n<meta property=\"article:publisher\" content=\"https:\/\/www.facebook.com\/www.kidsplay.lt\" \/>\n<meta property=\"article:modified_time\" content=\"2026-04-13T11:07:48+00:00\" \/>\n<meta property=\"og:image\" content=\"https:\/\/kidsplay.lt\/wp-content\/uploads\/2026\/02\/MASTERKIDZ-\u201eAtspek-lieciant-zaidimo-deze.jpg\" \/>\n\t<meta property=\"og:image:width\" content=\"2560\" \/>\n\t<meta property=\"og:image:height\" content=\"1707\" \/>\n\t<meta property=\"og:image:type\" content=\"image\/jpeg\" \/>\n<meta name=\"twitter:card\" content=\"summary_large_image\" \/>\n<meta name=\"twitter:label1\" content=\"Est. reading time\" \/>\n\t<meta name=\"twitter:data1\" content=\"1 min\u016bte\" \/>\n<script type=\"application\/ld+json\" class=\"yoast-schema-graph\">{\"@context\":\"https:\\\/\\\/schema.org\",\"@graph\":[{\"@type\":\"WebPage\",\"@id\":\"https:\\\/\\\/kidsplay.lt\\\/produktas\\\/masterkidz-atspek-lieciant-zaidimo-deze\\\/\",\"url\":\"https:\\\/\\\/kidsplay.lt\\\/produktas\\\/masterkidz-atspek-lieciant-zaidimo-deze\\\/\",\"name\":\"MASTERKIDZ \u201eAtsp\u0117k lie\u010diant\u201c \u017eaidimo d\u0117\u017e\u0117\",\"isPartOf\":{\"@id\":\"https:\\\/\\\/kidsplay.lt\\\/#website\"},\"primaryImageOfPage\":{\"@id\":\"https:\\\/\\\/kidsplay.lt\\\/produktas\\\/masterkidz-atspek-lieciant-zaidimo-deze\\\/#primaryimage\"},\"image\":{\"@id\":\"https:\\\/\\\/kidsplay.lt\\\/produktas\\\/masterkidz-atspek-lieciant-zaidimo-deze\\\/#primaryimage\"},\"thumbnailUrl\":\"https:\\\/\\\/kidsplay.lt\\\/wp-content\\\/uploads\\\/2026\\\/02\\\/MASTERKIDZ-\u201eAtspek-lieciant-zaidimo-deze.jpg\",\"datePublished\":\"2026-02-22T10:55:02+00:00\",\"dateModified\":\"2026-04-13T11:07:48+00:00\",\"description\":\"MASTERKIDZ \u201eAtsp\u0117k lie\u010diant\u201c \u017eaidimo d\u0117\u017e\u0117 - KidsPlay. Did\u017eiausias vaik\u0173 \u017eaisl\u0173 pasirinkimas.\",\"breadcrumb\":{\"@id\":\"https:\\\/\\\/kidsplay.lt\\\/produktas\\\/masterkidz-atspek-lieciant-zaidimo-deze\\\/#breadcrumb\"},\"inLanguage\":\"lv-LV\",\"potentialAction\":[{\"@type\":\"ReadAction\",\"target\":[\"https:\\\/\\\/kidsplay.lt\\\/produktas\\\/masterkidz-atspek-lieciant-zaidimo-deze\\\/\"]}]},{\"@type\":\"ImageObject\",\"inLanguage\":\"lv-LV\",\"@id\":\"https:\\\/\\\/kidsplay.lt\\\/produktas\\\/masterkidz-atspek-lieciant-zaidimo-deze\\\/#primaryimage\",\"url\":\"https:\\\/\\\/kidsplay.lt\\\/wp-content\\\/uploads\\\/2026\\\/02\\\/MASTERKIDZ-\u201eAtspek-lieciant-zaidimo-deze.jpg\",\"contentUrl\":\"https:\\\/\\\/kidsplay.lt\\\/wp-content\\\/uploads\\\/2026\\\/02\\\/MASTERKIDZ-\u201eAtspek-lieciant-zaidimo-deze.jpg\",\"width\":2560,\"height\":1707,\"caption\":\"MASTERKIDZ \u201eAtsp\u0117k lie\u010diant\u201c \u017eaidimo d\u0117\u017e\u0117\"},{\"@type\":\"BreadcrumbList\",\"@id\":\"https:\\\/\\\/kidsplay.lt\\\/produktas\\\/masterkidz-atspek-lieciant-zaidimo-deze\\\/#breadcrumb\",\"itemListElement\":[{\"@type\":\"ListItem\",\"position\":1,\"name\":\"Pagrindinis\",\"item\":\"https:\\\/\\\/kidsplay.lt\\\/\"},{\"@type\":\"ListItem\",\"position\":2,\"name\":\"Parduotuv\u0117\",\"item\":\"https:\\\/\\\/kidsplay.lt\\\/parduotuve\\\/\"},{\"@type\":\"ListItem\",\"position\":3,\"name\":\"MASTERKIDZ \u201eAtsp\u0117k lie\u010diant\u201c \u017eaidimo d\u0117\u017e\u0117\"}]},{\"@type\":\"WebSite\",\"@id\":\"https:\\\/\\\/kidsplay.lt\\\/#website\",\"url\":\"https:\\\/\\\/kidsplay.lt\\\/\",\"name\":\"Kidsplay.lt\",\"description\":\"\u012evairios prek\u0117s vaikams\",\"publisher\":{\"@id\":\"https:\\\/\\\/kidsplay.lt\\\/#organization\"},\"alternateName\":\"Kidsplay\",\"potentialAction\":[{\"@type\":\"SearchAction\",\"target\":{\"@type\":\"EntryPoint\",\"urlTemplate\":\"https:\\\/\\\/kidsplay.lt\\\/?s={search_term_string}\"},\"query-input\":{\"@type\":\"PropertyValueSpecification\",\"valueRequired\":true,\"valueName\":\"search_term_string\"}}],\"inLanguage\":\"lv-LV\"},{\"@type\":\"Organization\",\"@id\":\"https:\\\/\\\/kidsplay.lt\\\/#organization\",\"name\":\"KidsPlay\",\"url\":\"https:\\\/\\\/kidsplay.lt\\\/\",\"logo\":{\"@type\":\"ImageObject\",\"inLanguage\":\"lv-LV\",\"@id\":\"https:\\\/\\\/kidsplay.lt\\\/#\\\/schema\\\/logo\\\/image\\\/\",\"url\":\"https:\\\/\\\/kidsplay.lt\\\/wp-content\\\/uploads\\\/2023\\\/07\\\/kidsplay-logo.png\",\"contentUrl\":\"https:\\\/\\\/kidsplay.lt\\\/wp-content\\\/uploads\\\/2023\\\/07\\\/kidsplay-logo.png\",\"width\":451,\"height\":98,\"caption\":\"KidsPlay\"},\"image\":{\"@id\":\"https:\\\/\\\/kidsplay.lt\\\/#\\\/schema\\\/logo\\\/image\\\/\"},\"sameAs\":[\"https:\\\/\\\/www.facebook.com\\\/www.kidsplay.lt\"]}]}<\/script>\n<!-- \/ Yoast SEO plugin. -->","yoast_head_json":{"title":"MASTERKIDZ &quot;Uzmini ar piesk\u0101rienu&quot; sp\u0113les kaste","description":"MASTERKIDZ \u201eAtsp\u0117k lie\u010diant\u201c \u017eaidimo d\u0117\u017e\u0117 - KidsPlay. Did\u017eiausias vaik\u0173 \u017eaisl\u0173 pasirinkimas.","robots":{"index":"index","follow":"follow","max-snippet":"max-snippet:-1","max-image-preview":"max-image-preview:large","max-video-preview":"max-video-preview:-1"},"canonical":"https:\/\/kidsplay.lt\/lv\/products\/masterkidz-atspek-lieciant-zaidimo-deze\/","og_locale":"lv_LV","og_type":"article","og_title":"MASTERKIDZ \u201eAtsp\u0117k lie\u010diant\u201c \u017eaidimo d\u0117\u017e\u0117","og_description":"MASTERKIDZ \u201eAtsp\u0117k lie\u010diant\u201c \u017eaidimo d\u0117\u017e\u0117 - KidsPlay. Did\u017eiausias vaik\u0173 \u017eaisl\u0173 pasirinkimas.","og_url":"https:\/\/kidsplay.lt\/lv\/products\/masterkidz-atspek-lieciant-zaidimo-deze\/","og_site_name":"KidsPlay","article_publisher":"https:\/\/www.facebook.com\/www.kidsplay.lt","article_modified_time":"2026-04-13T11:07:48+00:00","og_image":[{"width":2560,"height":1707,"url":"https:\/\/kidsplay.lt\/wp-content\/uploads\/2026\/02\/MASTERKIDZ-\u201eAtspek-lieciant-zaidimo-deze.jpg","type":"image\/jpeg"}],"twitter_card":"summary_large_image","twitter_misc":{"Est. reading time":"1 min\u016bte"},"schema":{"@context":"https:\/\/schema.org","@graph":[{"@type":"WebPage","@id":"https:\/\/kidsplay.lt\/produktas\/masterkidz-atspek-lieciant-zaidimo-deze\/","url":"https:\/\/kidsplay.lt\/produktas\/masterkidz-atspek-lieciant-zaidimo-deze\/","name":"MASTERKIDZ &quot;Uzmini ar piesk\u0101rienu&quot; sp\u0113les kaste","isPartOf":{"@id":"https:\/\/kidsplay.lt\/#website"},"primaryImageOfPage":{"@id":"https:\/\/kidsplay.lt\/produktas\/masterkidz-atspek-lieciant-zaidimo-deze\/#primaryimage"},"image":{"@id":"https:\/\/kidsplay.lt\/produktas\/masterkidz-atspek-lieciant-zaidimo-deze\/#primaryimage"},"thumbnailUrl":"https:\/\/kidsplay.lt\/wp-content\/uploads\/2026\/02\/MASTERKIDZ-\u201eAtspek-lieciant-zaidimo-deze.jpg","datePublished":"2026-02-22T10:55:02+00:00","dateModified":"2026-04-13T11:07:48+00:00","description":"MASTERKIDZ \u201eAtsp\u0117k lie\u010diant\u201c \u017eaidimo d\u0117\u017e\u0117 - KidsPlay. Did\u017eiausias vaik\u0173 \u017eaisl\u0173 pasirinkimas.","breadcrumb":{"@id":"https:\/\/kidsplay.lt\/produktas\/masterkidz-atspek-lieciant-zaidimo-deze\/#breadcrumb"},"inLanguage":"lv-LV","potentialAction":[{"@type":"ReadAction","target":["https:\/\/kidsplay.lt\/produktas\/masterkidz-atspek-lieciant-zaidimo-deze\/"]}]},{"@type":"ImageObject","inLanguage":"lv-LV","@id":"https:\/\/kidsplay.lt\/produktas\/masterkidz-atspek-lieciant-zaidimo-deze\/#primaryimage","url":"https:\/\/kidsplay.lt\/wp-content\/uploads\/2026\/02\/MASTERKIDZ-\u201eAtspek-lieciant-zaidimo-deze.jpg","contentUrl":"https:\/\/kidsplay.lt\/wp-content\/uploads\/2026\/02\/MASTERKIDZ-\u201eAtspek-lieciant-zaidimo-deze.jpg","width":2560,"height":1707,"caption":"MASTERKIDZ \u201eAtsp\u0117k lie\u010diant\u201c \u017eaidimo d\u0117\u017e\u0117"},{"@type":"BreadcrumbList","@id":"https:\/\/kidsplay.lt\/produktas\/masterkidz-atspek-lieciant-zaidimo-deze\/#breadcrumb","itemListElement":[{"@type":"ListItem","position":1,"name":"Pagrindinis","item":"https:\/\/kidsplay.lt\/"},{"@type":"ListItem","position":2,"name":"Parduotuv\u0117","item":"https:\/\/kidsplay.lt\/parduotuve\/"},{"@type":"ListItem","position":3,"name":"MASTERKIDZ \u201eAtsp\u0117k lie\u010diant\u201c \u017eaidimo d\u0117\u017e\u0117"}]},{"@type":"WebSite","@id":"https:\/\/kidsplay.lt\/#website","url":"https:\/\/kidsplay.lt\/","name":"B\u0113rnu sp\u0113les.lv","description":"\u012evairios prek\u0117s vaikams","publisher":{"@id":"https:\/\/kidsplay.lt\/#organization"},"alternateName":"Kidsplay","potentialAction":[{"@type":"SearchAction","target":{"@type":"EntryPoint","urlTemplate":"https:\/\/kidsplay.lt\/?s={search_term_string}"},"query-input":{"@type":"PropertyValueSpecification","valueRequired":true,"valueName":"search_term_string"}}],"inLanguage":"lv-LV"},{"@type":"Organization","@id":"https:\/\/kidsplay.lt\/#organization","name":"B\u0113rnu sp\u0113le","url":"https:\/\/kidsplay.lt\/","logo":{"@type":"ImageObject","inLanguage":"lv-LV","@id":"https:\/\/kidsplay.lt\/#\/schema\/logo\/image\/","url":"https:\/\/kidsplay.lt\/wp-content\/uploads\/2023\/07\/kidsplay-logo.png","contentUrl":"https:\/\/kidsplay.lt\/wp-content\/uploads\/2023\/07\/kidsplay-logo.png","width":451,"height":98,"caption":"KidsPlay"},"image":{"@id":"https:\/\/kidsplay.lt\/#\/schema\/logo\/image\/"},"sameAs":["https:\/\/www.facebook.com\/www.kidsplay.lt"]}]}},"_links":{"self":[{"href":"https:\/\/kidsplay.lt\/lv\/wp-json\/wp\/v2\/product\/84280","targetHints":{"allow":["GET"]}}],"collection":[{"href":"https:\/\/kidsplay.lt\/lv\/wp-json\/wp\/v2\/product"}],"about":[{"href":"https:\/\/kidsplay.lt\/lv\/wp-json\/wp\/v2\/types\/product"}],"version-history":[{"count":1,"href":"https:\/\/kidsplay.lt\/lv\/wp-json\/wp\/v2\/product\/84280\/revisions"}],"predecessor-version":[{"id":84281,"href":"https:\/\/kidsplay.lt\/lv\/wp-json\/wp\/v2\/product\/84280\/revisions\/84281"}],"wp:featuredmedia":[{"embeddable":true,"href":"https:\/\/kidsplay.lt\/lv\/wp-json\/wp\/v2\/media\/84282"}],"wp:attachment":[{"href":"https:\/\/kidsplay.lt\/lv\/wp-json\/wp\/v2\/media?parent=84280"}],"wp:term":[{"taxonomy":"product_brand","embeddable":true,"href":"https:\/\/kidsplay.lt\/lv\/wp-json\/wp\/v2\/product_brand?post=84280"},{"taxonomy":"product_cat","embeddable":true,"href":"https:\/\/kidsplay.lt\/lv\/wp-json\/wp\/v2\/product_cat?post=84280"},{"taxonomy":"product_tag","embeddable":true,"href":"https:\/\/kidsplay.lt\/lv\/wp-json\/wp\/v2\/product_tag?post=84280"}],"curies":[{"name":"wp","href":"https:\/\/api.w.org\/{rel}","templated":true}]}}