{"id":84287,"date":"2026-02-22T12:55:18","date_gmt":"2026-02-22T10:55:18","guid":{"rendered":"https:\/\/kidsplay.lt\/produktas\/masterkidz-montessori-skaiciavimo-ir-spalvu-rusiuoklis\/"},"modified":"2026-04-07T09:46:33","modified_gmt":"2026-04-07T06:46:33","slug":"masterkidz-montessori-skaiciavimo-ir-spalvu-rusiuoklis","status":"publish","type":"product","link":"https:\/\/kidsplay.lt\/lv\/products\/masterkidz-montessori-skaiciavimo-ir-spalvu-rusiuoklis\/","title":{"rendered":"MASTERKIDZ Montessori skait\u012b\u0161anas un kr\u0101su \u0161\u0137iro\u0161anas ier\u012bce"},"content":{"rendered":"<p>\u0160i edukacin\u0117 lenta \u2013 puikus sek\u0173 sudarymo galvos\u016bkis vaikams nuo 2 met\u0173. Rinkin\u012f sudaro 6 spalvot\u0173 \u017eied\u0173 rinkiniai, kuriuos galima naudoti \u017eaidimams, spalv\u0173 pa\u017einimui, r\u016b\u0161iavimui ir sek\u0173 sudarymui. Vaikai gali d\u0117lioti \u017eiedus tam tikra tvarka arba kurti savo sekas. Priekyje esan\u010dios vietos prie\u0161 strypelius leid\u017eia sudaryti kalad\u0117li\u0173 sekas, taip suteikiant papildom\u0105 i\u0161\u0161\u016bk\u012f ir lavinant susikaupim\u0105, erdvin\u012f suvokim\u0105, login\u012f m\u0105stym\u0105 bei spalv\u0173 atpa\u017einimo \u012fg\u016bd\u017eius.<br \/>\nCharakteristika:<\/p>\n<p>\u017daislas skirtas vaikams nuo 2 met\u0173<\/p>\n<p>Rinkin\u012f sudaro 30 spalvot\u0173 \u017eied\u0173 (6 rinkiniai po 5 pana\u0161ios spalvos elementus)<\/p>\n<p>Padeda vaikams suprasti eili\u0161kum\u0105 ir spalv\u0173 derinim\u0105<\/p>\n<p>Medinis r\u016b\u0161iuoklis spalv\u0173 atpa\u017einimui ir skai\u010diavimo pradmenims<\/p>\n<p>\u017daislas lavina:<\/p>\n<p>Motorinius \u012fg\u016bd\u017eius<\/p>\n<p>Sensorik\u0105<\/p>\n<p>Rank\u0173 ir aki\u0173 koordinacij\u0105<\/p>","protected":false},"excerpt":{"rendered":"<p>\u0160i edukacin\u0117 lenta \u2013 puikus sek\u0173 sudarymo galvos\u016bkis vaikams nuo 2 met\u0173. Rinkin\u012f sudaro 6 spalvot\u0173 \u017eied\u0173 rinkiniai, kuriuos galima<\/p>","protected":false},"featured_media":84289,"template":"","meta":{"_acf_changed":false,"_glsr_average":0,"_glsr_ranking":0,"_glsr_reviews":0},"product_brand":[],"product_cat":[673,229],"product_tag":[],"class_list":{"0":"post-84287","1":"product","2":"type-product","3":"status-publish","4":"has-post-thumbnail","6":"product_cat-ugdomosios-priemones","7":"product_cat-zaislai-vaikams","8":"\"style=\"background-color: #2ecc711c;\"","10":"first","11":"instock","12":"purchasable","13":"product-type-simple"},"acf":[],"yoast_head":"<!-- This site is optimized with the Yoast SEO plugin v27.3 - https:\/\/yoast.com\/product\/yoast-seo-wordpress\/ -->\n<title>MASTERKIDZ Montessori skai\u010diavimo ir spalv\u0173 r\u016b\u0161iuoklis<\/title>\n<meta name=\"description\" content=\"MASTERKIDZ Montessori skai\u010diavimo ir spalv\u0173 r\u016b\u0161iuoklis - KidsPlay. Did\u017eiausias vaik\u0173 \u017eaisl\u0173 pasirinkimas.\" \/>\n<meta name=\"robots\" content=\"index, follow, max-snippet:-1, max-image-preview:large, max-video-preview:-1\" \/>\n<link rel=\"canonical\" href=\"https:\/\/kidsplay.lt\/lv\/products\/masterkidz-montessori-skaiciavimo-ir-spalvu-rusiuoklis\/\" \/>\n<meta property=\"og:locale\" content=\"lv_LV\" \/>\n<meta property=\"og:type\" content=\"article\" \/>\n<meta property=\"og:title\" content=\"MASTERKIDZ Montessori skai\u010diavimo ir spalv\u0173 r\u016b\u0161iuoklis\" \/>\n<meta property=\"og:description\" content=\"MASTERKIDZ Montessori skai\u010diavimo ir spalv\u0173 r\u016b\u0161iuoklis - KidsPlay. Did\u017eiausias vaik\u0173 \u017eaisl\u0173 pasirinkimas.\" \/>\n<meta property=\"og:url\" content=\"https:\/\/kidsplay.lt\/lv\/products\/masterkidz-montessori-skaiciavimo-ir-spalvu-rusiuoklis\/\" \/>\n<meta property=\"og:site_name\" content=\"KidsPlay\" \/>\n<meta property=\"article:publisher\" content=\"https:\/\/www.facebook.com\/www.kidsplay.lt\" \/>\n<meta property=\"article:modified_time\" content=\"2026-04-07T06:46:33+00:00\" \/>\n<meta property=\"og:image\" content=\"https:\/\/kidsplay.lt\/wp-content\/uploads\/2026\/02\/MASTERKIDZ-Montessori-skaiciavimo-ir-spalvu-rusiuoklis.jpg\" \/>\n\t<meta property=\"og:image:width\" content=\"2500\" \/>\n\t<meta property=\"og:image:height\" content=\"2500\" \/>\n\t<meta property=\"og:image:type\" content=\"image\/jpeg\" \/>\n<meta name=\"twitter:card\" content=\"summary_large_image\" \/>\n<meta name=\"twitter:label1\" content=\"Est. reading time\" \/>\n\t<meta name=\"twitter:data1\" content=\"1 min\u016bte\" \/>\n<script type=\"application\/ld+json\" class=\"yoast-schema-graph\">{\"@context\":\"https:\\\/\\\/schema.org\",\"@graph\":[{\"@type\":\"WebPage\",\"@id\":\"https:\\\/\\\/kidsplay.lt\\\/produktas\\\/masterkidz-montessori-skaiciavimo-ir-spalvu-rusiuoklis\\\/\",\"url\":\"https:\\\/\\\/kidsplay.lt\\\/produktas\\\/masterkidz-montessori-skaiciavimo-ir-spalvu-rusiuoklis\\\/\",\"name\":\"MASTERKIDZ Montessori skai\u010diavimo ir spalv\u0173 r\u016b\u0161iuoklis\",\"isPartOf\":{\"@id\":\"https:\\\/\\\/kidsplay.lt\\\/#website\"},\"primaryImageOfPage\":{\"@id\":\"https:\\\/\\\/kidsplay.lt\\\/produktas\\\/masterkidz-montessori-skaiciavimo-ir-spalvu-rusiuoklis\\\/#primaryimage\"},\"image\":{\"@id\":\"https:\\\/\\\/kidsplay.lt\\\/produktas\\\/masterkidz-montessori-skaiciavimo-ir-spalvu-rusiuoklis\\\/#primaryimage\"},\"thumbnailUrl\":\"https:\\\/\\\/kidsplay.lt\\\/wp-content\\\/uploads\\\/2026\\\/02\\\/MASTERKIDZ-Montessori-skaiciavimo-ir-spalvu-rusiuoklis.jpg\",\"datePublished\":\"2026-02-22T10:55:18+00:00\",\"dateModified\":\"2026-04-07T06:46:33+00:00\",\"description\":\"MASTERKIDZ Montessori skai\u010diavimo ir spalv\u0173 r\u016b\u0161iuoklis - KidsPlay. Did\u017eiausias vaik\u0173 \u017eaisl\u0173 pasirinkimas.\",\"breadcrumb\":{\"@id\":\"https:\\\/\\\/kidsplay.lt\\\/produktas\\\/masterkidz-montessori-skaiciavimo-ir-spalvu-rusiuoklis\\\/#breadcrumb\"},\"inLanguage\":\"lv-LV\",\"potentialAction\":[{\"@type\":\"ReadAction\",\"target\":[\"https:\\\/\\\/kidsplay.lt\\\/produktas\\\/masterkidz-montessori-skaiciavimo-ir-spalvu-rusiuoklis\\\/\"]}]},{\"@type\":\"ImageObject\",\"inLanguage\":\"lv-LV\",\"@id\":\"https:\\\/\\\/kidsplay.lt\\\/produktas\\\/masterkidz-montessori-skaiciavimo-ir-spalvu-rusiuoklis\\\/#primaryimage\",\"url\":\"https:\\\/\\\/kidsplay.lt\\\/wp-content\\\/uploads\\\/2026\\\/02\\\/MASTERKIDZ-Montessori-skaiciavimo-ir-spalvu-rusiuoklis.jpg\",\"contentUrl\":\"https:\\\/\\\/kidsplay.lt\\\/wp-content\\\/uploads\\\/2026\\\/02\\\/MASTERKIDZ-Montessori-skaiciavimo-ir-spalvu-rusiuoklis.jpg\",\"width\":2500,\"height\":2500,\"caption\":\"MASTERKIDZ Montessori skai\u010diavimo ir spalv\u0173 r\u016b\u0161iuoklis\"},{\"@type\":\"BreadcrumbList\",\"@id\":\"https:\\\/\\\/kidsplay.lt\\\/produktas\\\/masterkidz-montessori-skaiciavimo-ir-spalvu-rusiuoklis\\\/#breadcrumb\",\"itemListElement\":[{\"@type\":\"ListItem\",\"position\":1,\"name\":\"Pagrindinis\",\"item\":\"https:\\\/\\\/kidsplay.lt\\\/\"},{\"@type\":\"ListItem\",\"position\":2,\"name\":\"Parduotuv\u0117\",\"item\":\"https:\\\/\\\/kidsplay.lt\\\/parduotuve\\\/\"},{\"@type\":\"ListItem\",\"position\":3,\"name\":\"MASTERKIDZ Montessori skai\u010diavimo ir spalv\u0173 r\u016b\u0161iuoklis\"}]},{\"@type\":\"WebSite\",\"@id\":\"https:\\\/\\\/kidsplay.lt\\\/#website\",\"url\":\"https:\\\/\\\/kidsplay.lt\\\/\",\"name\":\"Kidsplay.lt\",\"description\":\"\u012evairios prek\u0117s vaikams\",\"publisher\":{\"@id\":\"https:\\\/\\\/kidsplay.lt\\\/#organization\"},\"alternateName\":\"Kidsplay\",\"potentialAction\":[{\"@type\":\"SearchAction\",\"target\":{\"@type\":\"EntryPoint\",\"urlTemplate\":\"https:\\\/\\\/kidsplay.lt\\\/?s={search_term_string}\"},\"query-input\":{\"@type\":\"PropertyValueSpecification\",\"valueRequired\":true,\"valueName\":\"search_term_string\"}}],\"inLanguage\":\"lv-LV\"},{\"@type\":\"Organization\",\"@id\":\"https:\\\/\\\/kidsplay.lt\\\/#organization\",\"name\":\"KidsPlay\",\"url\":\"https:\\\/\\\/kidsplay.lt\\\/\",\"logo\":{\"@type\":\"ImageObject\",\"inLanguage\":\"lv-LV\",\"@id\":\"https:\\\/\\\/kidsplay.lt\\\/#\\\/schema\\\/logo\\\/image\\\/\",\"url\":\"https:\\\/\\\/kidsplay.lt\\\/wp-content\\\/uploads\\\/2023\\\/07\\\/kidsplay-logo.png\",\"contentUrl\":\"https:\\\/\\\/kidsplay.lt\\\/wp-content\\\/uploads\\\/2023\\\/07\\\/kidsplay-logo.png\",\"width\":451,\"height\":98,\"caption\":\"KidsPlay\"},\"image\":{\"@id\":\"https:\\\/\\\/kidsplay.lt\\\/#\\\/schema\\\/logo\\\/image\\\/\"},\"sameAs\":[\"https:\\\/\\\/www.facebook.com\\\/www.kidsplay.lt\"]}]}<\/script>\n<!-- \/ Yoast SEO plugin. -->","yoast_head_json":{"title":"MASTERKIDZ Montessori skait\u012b\u0161anas un kr\u0101su \u0161\u0137iro\u0161anas ier\u012bce","description":"MASTERKIDZ Montessori skai\u010diavimo ir spalv\u0173 r\u016b\u0161iuoklis - KidsPlay. Did\u017eiausias vaik\u0173 \u017eaisl\u0173 pasirinkimas.","robots":{"index":"index","follow":"follow","max-snippet":"max-snippet:-1","max-image-preview":"max-image-preview:large","max-video-preview":"max-video-preview:-1"},"canonical":"https:\/\/kidsplay.lt\/lv\/products\/masterkidz-montessori-skaiciavimo-ir-spalvu-rusiuoklis\/","og_locale":"lv_LV","og_type":"article","og_title":"MASTERKIDZ Montessori skai\u010diavimo ir spalv\u0173 r\u016b\u0161iuoklis","og_description":"MASTERKIDZ Montessori skai\u010diavimo ir spalv\u0173 r\u016b\u0161iuoklis - KidsPlay. Did\u017eiausias vaik\u0173 \u017eaisl\u0173 pasirinkimas.","og_url":"https:\/\/kidsplay.lt\/lv\/products\/masterkidz-montessori-skaiciavimo-ir-spalvu-rusiuoklis\/","og_site_name":"KidsPlay","article_publisher":"https:\/\/www.facebook.com\/www.kidsplay.lt","article_modified_time":"2026-04-07T06:46:33+00:00","og_image":[{"width":2500,"height":2500,"url":"https:\/\/kidsplay.lt\/wp-content\/uploads\/2026\/02\/MASTERKIDZ-Montessori-skaiciavimo-ir-spalvu-rusiuoklis.jpg","type":"image\/jpeg"}],"twitter_card":"summary_large_image","twitter_misc":{"Est. reading time":"1 min\u016bte"},"schema":{"@context":"https:\/\/schema.org","@graph":[{"@type":"WebPage","@id":"https:\/\/kidsplay.lt\/produktas\/masterkidz-montessori-skaiciavimo-ir-spalvu-rusiuoklis\/","url":"https:\/\/kidsplay.lt\/produktas\/masterkidz-montessori-skaiciavimo-ir-spalvu-rusiuoklis\/","name":"MASTERKIDZ Montessori skait\u012b\u0161anas un kr\u0101su \u0161\u0137iro\u0161anas ier\u012bce","isPartOf":{"@id":"https:\/\/kidsplay.lt\/#website"},"primaryImageOfPage":{"@id":"https:\/\/kidsplay.lt\/produktas\/masterkidz-montessori-skaiciavimo-ir-spalvu-rusiuoklis\/#primaryimage"},"image":{"@id":"https:\/\/kidsplay.lt\/produktas\/masterkidz-montessori-skaiciavimo-ir-spalvu-rusiuoklis\/#primaryimage"},"thumbnailUrl":"https:\/\/kidsplay.lt\/wp-content\/uploads\/2026\/02\/MASTERKIDZ-Montessori-skaiciavimo-ir-spalvu-rusiuoklis.jpg","datePublished":"2026-02-22T10:55:18+00:00","dateModified":"2026-04-07T06:46:33+00:00","description":"MASTERKIDZ Montessori skai\u010diavimo ir spalv\u0173 r\u016b\u0161iuoklis - KidsPlay. Did\u017eiausias vaik\u0173 \u017eaisl\u0173 pasirinkimas.","breadcrumb":{"@id":"https:\/\/kidsplay.lt\/produktas\/masterkidz-montessori-skaiciavimo-ir-spalvu-rusiuoklis\/#breadcrumb"},"inLanguage":"lv-LV","potentialAction":[{"@type":"ReadAction","target":["https:\/\/kidsplay.lt\/produktas\/masterkidz-montessori-skaiciavimo-ir-spalvu-rusiuoklis\/"]}]},{"@type":"ImageObject","inLanguage":"lv-LV","@id":"https:\/\/kidsplay.lt\/produktas\/masterkidz-montessori-skaiciavimo-ir-spalvu-rusiuoklis\/#primaryimage","url":"https:\/\/kidsplay.lt\/wp-content\/uploads\/2026\/02\/MASTERKIDZ-Montessori-skaiciavimo-ir-spalvu-rusiuoklis.jpg","contentUrl":"https:\/\/kidsplay.lt\/wp-content\/uploads\/2026\/02\/MASTERKIDZ-Montessori-skaiciavimo-ir-spalvu-rusiuoklis.jpg","width":2500,"height":2500,"caption":"MASTERKIDZ Montessori skai\u010diavimo ir spalv\u0173 r\u016b\u0161iuoklis"},{"@type":"BreadcrumbList","@id":"https:\/\/kidsplay.lt\/produktas\/masterkidz-montessori-skaiciavimo-ir-spalvu-rusiuoklis\/#breadcrumb","itemListElement":[{"@type":"ListItem","position":1,"name":"Pagrindinis","item":"https:\/\/kidsplay.lt\/"},{"@type":"ListItem","position":2,"name":"Parduotuv\u0117","item":"https:\/\/kidsplay.lt\/parduotuve\/"},{"@type":"ListItem","position":3,"name":"MASTERKIDZ Montessori skai\u010diavimo ir spalv\u0173 r\u016b\u0161iuoklis"}]},{"@type":"WebSite","@id":"https:\/\/kidsplay.lt\/#website","url":"https:\/\/kidsplay.lt\/","name":"B\u0113rnu sp\u0113les.lv","description":"\u012evairios prek\u0117s vaikams","publisher":{"@id":"https:\/\/kidsplay.lt\/#organization"},"alternateName":"Kidsplay","potentialAction":[{"@type":"SearchAction","target":{"@type":"EntryPoint","urlTemplate":"https:\/\/kidsplay.lt\/?s={search_term_string}"},"query-input":{"@type":"PropertyValueSpecification","valueRequired":true,"valueName":"search_term_string"}}],"inLanguage":"lv-LV"},{"@type":"Organization","@id":"https:\/\/kidsplay.lt\/#organization","name":"B\u0113rnu sp\u0113le","url":"https:\/\/kidsplay.lt\/","logo":{"@type":"ImageObject","inLanguage":"lv-LV","@id":"https:\/\/kidsplay.lt\/#\/schema\/logo\/image\/","url":"https:\/\/kidsplay.lt\/wp-content\/uploads\/2023\/07\/kidsplay-logo.png","contentUrl":"https:\/\/kidsplay.lt\/wp-content\/uploads\/2023\/07\/kidsplay-logo.png","width":451,"height":98,"caption":"KidsPlay"},"image":{"@id":"https:\/\/kidsplay.lt\/#\/schema\/logo\/image\/"},"sameAs":["https:\/\/www.facebook.com\/www.kidsplay.lt"]}]}},"_links":{"self":[{"href":"https:\/\/kidsplay.lt\/lv\/wp-json\/wp\/v2\/product\/84287","targetHints":{"allow":["GET"]}}],"collection":[{"href":"https:\/\/kidsplay.lt\/lv\/wp-json\/wp\/v2\/product"}],"about":[{"href":"https:\/\/kidsplay.lt\/lv\/wp-json\/wp\/v2\/types\/product"}],"version-history":[{"count":2,"href":"https:\/\/kidsplay.lt\/lv\/wp-json\/wp\/v2\/product\/84287\/revisions"}],"predecessor-version":[{"id":85173,"href":"https:\/\/kidsplay.lt\/lv\/wp-json\/wp\/v2\/product\/84287\/revisions\/85173"}],"wp:featuredmedia":[{"embeddable":true,"href":"https:\/\/kidsplay.lt\/lv\/wp-json\/wp\/v2\/media\/84289"}],"wp:attachment":[{"href":"https:\/\/kidsplay.lt\/lv\/wp-json\/wp\/v2\/media?parent=84287"}],"wp:term":[{"taxonomy":"product_brand","embeddable":true,"href":"https:\/\/kidsplay.lt\/lv\/wp-json\/wp\/v2\/product_brand?post=84287"},{"taxonomy":"product_cat","embeddable":true,"href":"https:\/\/kidsplay.lt\/lv\/wp-json\/wp\/v2\/product_cat?post=84287"},{"taxonomy":"product_tag","embeddable":true,"href":"https:\/\/kidsplay.lt\/lv\/wp-json\/wp\/v2\/product_tag?post=84287"}],"curies":[{"name":"wp","href":"https:\/\/api.w.org\/{rel}","templated":true}]}}