{"id":84316,"date":"2026-02-22T12:56:42","date_gmt":"2026-02-22T10:56:42","guid":{"rendered":"https:\/\/kidsplay.lt\/produktas\/masterkidz-akriliniai-stem-lentos-elementu-laikikliai-6-vnt\/"},"modified":"2026-04-13T14:08:10","modified_gmt":"2026-04-13T11:08:10","slug":"masterkidz-akriliniai-stem-lentos-elementu-laikikliai-6-vnt","status":"publish","type":"product","link":"https:\/\/kidsplay.lt\/lv\/products\/masterkidz-akriliniai-stem-lentos-elementu-laikikliai-6-vnt\/","title":{"rendered":"Masterkidz akrila STEM pl\u0101t\u0146u elementu tur\u0113t\u0101ji \u2013 6 gab."},"content":{"rendered":"<p>Pagaminti i\u0161 patvaraus ir saugaus akrilo, \u0161ie \u017eaisl\u0173 laikymo konteineriai skirti laikyti visus priedus, naudojamus Masterkidz k\u016brybin\u0117se ir mokslin\u0117se lentose. Juose galima laikyti kai\u0161telius, var\u017etelius ir kitus elementus, kuriuos vaikas nor\u0117t\u0173 tur\u0117ti po ranka bet kuriuo metu.<br \/>\nKonteineriai sukurti naudoti kartu su specialia Masterkidz lentyn\u0173 sistema (ME13095), leid\u017eian\u010dia sud\u0117ti visus 12 konteineri\u0173 \u012f tam skirtas lentynas. Taip visi priedai visada bus lengvai pasiekiami, o \u017eaidimo \u012frang\u0105 bus paprasta perkelti \u012f kitas vietas, u\u017etikrinant patogum\u0105 ir universalum\u0105.<\/p>","protected":false},"excerpt":{"rendered":"<p>Pagaminti i\u0161 patvaraus ir saugaus akrilo, \u0161ie \u017eaisl\u0173 laikymo konteineriai skirti laikyti visus priedus, naudojamus Masterkidz k\u016brybin\u0117se ir mokslin\u0117se lentose.<\/p>","protected":false},"featured_media":84318,"template":"","meta":{"_acf_changed":false,"_glsr_average":0,"_glsr_ranking":0,"_glsr_reviews":0},"product_brand":[],"product_cat":[673,229],"product_tag":[],"class_list":{"0":"post-84316","1":"product","2":"type-product","3":"status-publish","4":"has-post-thumbnail","6":"product_cat-ugdomosios-priemones","7":"product_cat-zaislai-vaikams","8":"\"style=\"background-color: #2ecc711c;\"","10":"first","11":"instock","12":"purchasable","13":"product-type-simple"},"acf":[],"yoast_head":"<!-- This site is optimized with the Yoast SEO plugin v27.4 - https:\/\/yoast.com\/product\/yoast-seo-wordpress\/ -->\n<title>Masterkidz akriliniai STEM lentos element\u0173 laikikliai \u2013 6 vnt.<\/title>\n<meta name=\"description\" content=\"Masterkidz akriliniai STEM lentos element\u0173 laikikliai \u2013 6 vnt. - KidsPlay. Did\u017eiausias vaik\u0173 \u017eaisl\u0173 pasirinkimas.\" \/>\n<meta name=\"robots\" content=\"index, follow, max-snippet:-1, max-image-preview:large, max-video-preview:-1\" \/>\n<link rel=\"canonical\" href=\"https:\/\/kidsplay.lt\/lv\/products\/masterkidz-akriliniai-stem-lentos-elementu-laikikliai-6-vnt\/\" \/>\n<meta property=\"og:locale\" content=\"lv_LV\" \/>\n<meta property=\"og:type\" content=\"article\" \/>\n<meta property=\"og:title\" content=\"Masterkidz akriliniai STEM lentos element\u0173 laikikliai \u2013 6 vnt.\" \/>\n<meta property=\"og:description\" content=\"Masterkidz akriliniai STEM lentos element\u0173 laikikliai \u2013 6 vnt. - KidsPlay. Did\u017eiausias vaik\u0173 \u017eaisl\u0173 pasirinkimas.\" \/>\n<meta property=\"og:url\" content=\"https:\/\/kidsplay.lt\/lv\/products\/masterkidz-akriliniai-stem-lentos-elementu-laikikliai-6-vnt\/\" \/>\n<meta property=\"og:site_name\" content=\"KidsPlay\" \/>\n<meta property=\"article:publisher\" content=\"https:\/\/www.facebook.com\/www.kidsplay.lt\" \/>\n<meta property=\"article:modified_time\" content=\"2026-04-13T11:08:10+00:00\" \/>\n<meta property=\"og:image\" content=\"https:\/\/kidsplay.lt\/wp-content\/uploads\/2026\/02\/Masterkidz-akriliniai-STEM-lentos-elementu-laikikliai-\u2013-6-vnt.jpg\" \/>\n\t<meta property=\"og:image:width\" content=\"948\" \/>\n\t<meta property=\"og:image:height\" content=\"948\" \/>\n\t<meta property=\"og:image:type\" content=\"image\/jpeg\" \/>\n<meta name=\"twitter:card\" content=\"summary_large_image\" \/>\n<script type=\"application\/ld+json\" class=\"yoast-schema-graph\">{\"@context\":\"https:\\\/\\\/schema.org\",\"@graph\":[{\"@type\":\"WebPage\",\"@id\":\"https:\\\/\\\/kidsplay.lt\\\/produktas\\\/masterkidz-akriliniai-stem-lentos-elementu-laikikliai-6-vnt\\\/\",\"url\":\"https:\\\/\\\/kidsplay.lt\\\/produktas\\\/masterkidz-akriliniai-stem-lentos-elementu-laikikliai-6-vnt\\\/\",\"name\":\"Masterkidz akriliniai STEM lentos element\u0173 laikikliai \u2013 6 vnt.\",\"isPartOf\":{\"@id\":\"https:\\\/\\\/kidsplay.lt\\\/#website\"},\"primaryImageOfPage\":{\"@id\":\"https:\\\/\\\/kidsplay.lt\\\/produktas\\\/masterkidz-akriliniai-stem-lentos-elementu-laikikliai-6-vnt\\\/#primaryimage\"},\"image\":{\"@id\":\"https:\\\/\\\/kidsplay.lt\\\/produktas\\\/masterkidz-akriliniai-stem-lentos-elementu-laikikliai-6-vnt\\\/#primaryimage\"},\"thumbnailUrl\":\"https:\\\/\\\/kidsplay.lt\\\/wp-content\\\/uploads\\\/2026\\\/02\\\/Masterkidz-akriliniai-STEM-lentos-elementu-laikikliai-\u2013-6-vnt.jpg\",\"datePublished\":\"2026-02-22T10:56:42+00:00\",\"dateModified\":\"2026-04-13T11:08:10+00:00\",\"description\":\"Masterkidz akriliniai STEM lentos element\u0173 laikikliai \u2013 6 vnt. - KidsPlay. Did\u017eiausias vaik\u0173 \u017eaisl\u0173 pasirinkimas.\",\"breadcrumb\":{\"@id\":\"https:\\\/\\\/kidsplay.lt\\\/produktas\\\/masterkidz-akriliniai-stem-lentos-elementu-laikikliai-6-vnt\\\/#breadcrumb\"},\"inLanguage\":\"lv-LV\",\"potentialAction\":[{\"@type\":\"ReadAction\",\"target\":[\"https:\\\/\\\/kidsplay.lt\\\/produktas\\\/masterkidz-akriliniai-stem-lentos-elementu-laikikliai-6-vnt\\\/\"]}]},{\"@type\":\"ImageObject\",\"inLanguage\":\"lv-LV\",\"@id\":\"https:\\\/\\\/kidsplay.lt\\\/produktas\\\/masterkidz-akriliniai-stem-lentos-elementu-laikikliai-6-vnt\\\/#primaryimage\",\"url\":\"https:\\\/\\\/kidsplay.lt\\\/wp-content\\\/uploads\\\/2026\\\/02\\\/Masterkidz-akriliniai-STEM-lentos-elementu-laikikliai-\u2013-6-vnt.jpg\",\"contentUrl\":\"https:\\\/\\\/kidsplay.lt\\\/wp-content\\\/uploads\\\/2026\\\/02\\\/Masterkidz-akriliniai-STEM-lentos-elementu-laikikliai-\u2013-6-vnt.jpg\",\"width\":948,\"height\":948,\"caption\":\"Masterkidz akriliniai STEM lentos element\u0173 laikikliai \u2013 6 vnt.\"},{\"@type\":\"BreadcrumbList\",\"@id\":\"https:\\\/\\\/kidsplay.lt\\\/produktas\\\/masterkidz-akriliniai-stem-lentos-elementu-laikikliai-6-vnt\\\/#breadcrumb\",\"itemListElement\":[{\"@type\":\"ListItem\",\"position\":1,\"name\":\"Pagrindinis\",\"item\":\"https:\\\/\\\/kidsplay.lt\\\/\"},{\"@type\":\"ListItem\",\"position\":2,\"name\":\"Parduotuv\u0117\",\"item\":\"https:\\\/\\\/kidsplay.lt\\\/parduotuve\\\/\"},{\"@type\":\"ListItem\",\"position\":3,\"name\":\"Masterkidz akriliniai STEM lentos element\u0173 laikikliai \u2013 6 vnt.\"}]},{\"@type\":\"WebSite\",\"@id\":\"https:\\\/\\\/kidsplay.lt\\\/#website\",\"url\":\"https:\\\/\\\/kidsplay.lt\\\/\",\"name\":\"Kidsplay.lt\",\"description\":\"\u012evairios prek\u0117s vaikams\",\"publisher\":{\"@id\":\"https:\\\/\\\/kidsplay.lt\\\/#organization\"},\"alternateName\":\"Kidsplay\",\"potentialAction\":[{\"@type\":\"SearchAction\",\"target\":{\"@type\":\"EntryPoint\",\"urlTemplate\":\"https:\\\/\\\/kidsplay.lt\\\/?s={search_term_string}\"},\"query-input\":{\"@type\":\"PropertyValueSpecification\",\"valueRequired\":true,\"valueName\":\"search_term_string\"}}],\"inLanguage\":\"lv-LV\"},{\"@type\":\"Organization\",\"@id\":\"https:\\\/\\\/kidsplay.lt\\\/#organization\",\"name\":\"KidsPlay\",\"url\":\"https:\\\/\\\/kidsplay.lt\\\/\",\"logo\":{\"@type\":\"ImageObject\",\"inLanguage\":\"lv-LV\",\"@id\":\"https:\\\/\\\/kidsplay.lt\\\/#\\\/schema\\\/logo\\\/image\\\/\",\"url\":\"https:\\\/\\\/kidsplay.lt\\\/wp-content\\\/uploads\\\/2023\\\/07\\\/kidsplay-logo.png\",\"contentUrl\":\"https:\\\/\\\/kidsplay.lt\\\/wp-content\\\/uploads\\\/2023\\\/07\\\/kidsplay-logo.png\",\"width\":451,\"height\":98,\"caption\":\"KidsPlay\"},\"image\":{\"@id\":\"https:\\\/\\\/kidsplay.lt\\\/#\\\/schema\\\/logo\\\/image\\\/\"},\"sameAs\":[\"https:\\\/\\\/www.facebook.com\\\/www.kidsplay.lt\"]}]}<\/script>\n<!-- \/ Yoast SEO plugin. -->","yoast_head_json":{"title":"Masterkidz akrila STEM pl\u0101t\u0146u elementu tur\u0113t\u0101ji \u2013 6 gab.","description":"Masterkidz akriliniai STEM lentos element\u0173 laikikliai \u2013 6 vnt. - KidsPlay. Did\u017eiausias vaik\u0173 \u017eaisl\u0173 pasirinkimas.","robots":{"index":"index","follow":"follow","max-snippet":"max-snippet:-1","max-image-preview":"max-image-preview:large","max-video-preview":"max-video-preview:-1"},"canonical":"https:\/\/kidsplay.lt\/lv\/products\/masterkidz-akriliniai-stem-lentos-elementu-laikikliai-6-vnt\/","og_locale":"lv_LV","og_type":"article","og_title":"Masterkidz akriliniai STEM lentos element\u0173 laikikliai \u2013 6 vnt.","og_description":"Masterkidz akriliniai STEM lentos element\u0173 laikikliai \u2013 6 vnt. - KidsPlay. Did\u017eiausias vaik\u0173 \u017eaisl\u0173 pasirinkimas.","og_url":"https:\/\/kidsplay.lt\/lv\/products\/masterkidz-akriliniai-stem-lentos-elementu-laikikliai-6-vnt\/","og_site_name":"KidsPlay","article_publisher":"https:\/\/www.facebook.com\/www.kidsplay.lt","article_modified_time":"2026-04-13T11:08:10+00:00","og_image":[{"width":948,"height":948,"url":"https:\/\/kidsplay.lt\/wp-content\/uploads\/2026\/02\/Masterkidz-akriliniai-STEM-lentos-elementu-laikikliai-\u2013-6-vnt.jpg","type":"image\/jpeg"}],"twitter_card":"summary_large_image","schema":{"@context":"https:\/\/schema.org","@graph":[{"@type":"WebPage","@id":"https:\/\/kidsplay.lt\/produktas\/masterkidz-akriliniai-stem-lentos-elementu-laikikliai-6-vnt\/","url":"https:\/\/kidsplay.lt\/produktas\/masterkidz-akriliniai-stem-lentos-elementu-laikikliai-6-vnt\/","name":"Masterkidz akrila STEM pl\u0101t\u0146u elementu tur\u0113t\u0101ji \u2013 6 gab.","isPartOf":{"@id":"https:\/\/kidsplay.lt\/#website"},"primaryImageOfPage":{"@id":"https:\/\/kidsplay.lt\/produktas\/masterkidz-akriliniai-stem-lentos-elementu-laikikliai-6-vnt\/#primaryimage"},"image":{"@id":"https:\/\/kidsplay.lt\/produktas\/masterkidz-akriliniai-stem-lentos-elementu-laikikliai-6-vnt\/#primaryimage"},"thumbnailUrl":"https:\/\/kidsplay.lt\/wp-content\/uploads\/2026\/02\/Masterkidz-akriliniai-STEM-lentos-elementu-laikikliai-\u2013-6-vnt.jpg","datePublished":"2026-02-22T10:56:42+00:00","dateModified":"2026-04-13T11:08:10+00:00","description":"Masterkidz akriliniai STEM lentos element\u0173 laikikliai \u2013 6 vnt. - KidsPlay. Did\u017eiausias vaik\u0173 \u017eaisl\u0173 pasirinkimas.","breadcrumb":{"@id":"https:\/\/kidsplay.lt\/produktas\/masterkidz-akriliniai-stem-lentos-elementu-laikikliai-6-vnt\/#breadcrumb"},"inLanguage":"lv-LV","potentialAction":[{"@type":"ReadAction","target":["https:\/\/kidsplay.lt\/produktas\/masterkidz-akriliniai-stem-lentos-elementu-laikikliai-6-vnt\/"]}]},{"@type":"ImageObject","inLanguage":"lv-LV","@id":"https:\/\/kidsplay.lt\/produktas\/masterkidz-akriliniai-stem-lentos-elementu-laikikliai-6-vnt\/#primaryimage","url":"https:\/\/kidsplay.lt\/wp-content\/uploads\/2026\/02\/Masterkidz-akriliniai-STEM-lentos-elementu-laikikliai-\u2013-6-vnt.jpg","contentUrl":"https:\/\/kidsplay.lt\/wp-content\/uploads\/2026\/02\/Masterkidz-akriliniai-STEM-lentos-elementu-laikikliai-\u2013-6-vnt.jpg","width":948,"height":948,"caption":"Masterkidz akriliniai STEM lentos element\u0173 laikikliai \u2013 6 vnt."},{"@type":"BreadcrumbList","@id":"https:\/\/kidsplay.lt\/produktas\/masterkidz-akriliniai-stem-lentos-elementu-laikikliai-6-vnt\/#breadcrumb","itemListElement":[{"@type":"ListItem","position":1,"name":"Pagrindinis","item":"https:\/\/kidsplay.lt\/"},{"@type":"ListItem","position":2,"name":"Parduotuv\u0117","item":"https:\/\/kidsplay.lt\/parduotuve\/"},{"@type":"ListItem","position":3,"name":"Masterkidz akriliniai STEM lentos element\u0173 laikikliai \u2013 6 vnt."}]},{"@type":"WebSite","@id":"https:\/\/kidsplay.lt\/#website","url":"https:\/\/kidsplay.lt\/","name":"B\u0113rnu sp\u0113les.lv","description":"\u012evairios prek\u0117s vaikams","publisher":{"@id":"https:\/\/kidsplay.lt\/#organization"},"alternateName":"Kidsplay","potentialAction":[{"@type":"SearchAction","target":{"@type":"EntryPoint","urlTemplate":"https:\/\/kidsplay.lt\/?s={search_term_string}"},"query-input":{"@type":"PropertyValueSpecification","valueRequired":true,"valueName":"search_term_string"}}],"inLanguage":"lv-LV"},{"@type":"Organization","@id":"https:\/\/kidsplay.lt\/#organization","name":"B\u0113rnu sp\u0113le","url":"https:\/\/kidsplay.lt\/","logo":{"@type":"ImageObject","inLanguage":"lv-LV","@id":"https:\/\/kidsplay.lt\/#\/schema\/logo\/image\/","url":"https:\/\/kidsplay.lt\/wp-content\/uploads\/2023\/07\/kidsplay-logo.png","contentUrl":"https:\/\/kidsplay.lt\/wp-content\/uploads\/2023\/07\/kidsplay-logo.png","width":451,"height":98,"caption":"KidsPlay"},"image":{"@id":"https:\/\/kidsplay.lt\/#\/schema\/logo\/image\/"},"sameAs":["https:\/\/www.facebook.com\/www.kidsplay.lt"]}]}},"_links":{"self":[{"href":"https:\/\/kidsplay.lt\/lv\/wp-json\/wp\/v2\/product\/84316","targetHints":{"allow":["GET"]}}],"collection":[{"href":"https:\/\/kidsplay.lt\/lv\/wp-json\/wp\/v2\/product"}],"about":[{"href":"https:\/\/kidsplay.lt\/lv\/wp-json\/wp\/v2\/types\/product"}],"version-history":[{"count":1,"href":"https:\/\/kidsplay.lt\/lv\/wp-json\/wp\/v2\/product\/84316\/revisions"}],"predecessor-version":[{"id":84317,"href":"https:\/\/kidsplay.lt\/lv\/wp-json\/wp\/v2\/product\/84316\/revisions\/84317"}],"wp:featuredmedia":[{"embeddable":true,"href":"https:\/\/kidsplay.lt\/lv\/wp-json\/wp\/v2\/media\/84318"}],"wp:attachment":[{"href":"https:\/\/kidsplay.lt\/lv\/wp-json\/wp\/v2\/media?parent=84316"}],"wp:term":[{"taxonomy":"product_brand","embeddable":true,"href":"https:\/\/kidsplay.lt\/lv\/wp-json\/wp\/v2\/product_brand?post=84316"},{"taxonomy":"product_cat","embeddable":true,"href":"https:\/\/kidsplay.lt\/lv\/wp-json\/wp\/v2\/product_cat?post=84316"},{"taxonomy":"product_tag","embeddable":true,"href":"https:\/\/kidsplay.lt\/lv\/wp-json\/wp\/v2\/product_tag?post=84316"}],"curies":[{"name":"wp","href":"https:\/\/api.w.org\/{rel}","templated":true}]}}