{"id":84337,"date":"2026-02-22T12:59:30","date_gmt":"2026-02-22T10:59:30","guid":{"rendered":"https:\/\/kidsplay.lt\/produktas\/masterkidz-led-sviesos-panele-keicianti-spalvas-su-nuotolinio-valdymo-pultu-montessori-mozaikos-blokai-140-vnt\/"},"modified":"2026-04-13T14:08:21","modified_gmt":"2026-04-13T11:08:21","slug":"masterkidz-led-sviesos-panele-keicianti-spalvas-su-nuotolinio-valdymo-pultu-montessori-mozaikos-blokai-140-vnt","status":"publish","type":"product","link":"https:\/\/kidsplay.lt\/lv\/products\/masterkidz-led-sviesos-panele-keicianti-spalvas-su-nuotolinio-valdymo-pultu-montessori-mozaikos-blokai-140-vnt\/","title":{"rendered":"Masterkidz LED gaismas panelis, main\u012bgas kr\u0101sas ar t\u0101lvad\u012bbas pulti + Montessori moza\u012bkas bloki (140 gab.)"},"content":{"rendered":"<p>Masterkidz LED sensorin\u0117 d\u0117\u017e\u0117 su spalvas kei\u010dian\u010dia LED panele + Montessori mozaikos blokai (140 vnt.)<br \/>\nMedin\u0117, tvirta sensorin\u0117 d\u0117\u017e\u0117 su spalvas kei\u010dian\u010dia LED ap\u0161vietimo sistema. Nuotolinio valdymo pultelis leid\u017eia pasirinkti vien\u0105 i\u0161 11 i\u0161 anksto nustatyt\u0173 spalv\u0173 arba rankiniu b\u016bdu reguliuoti \u0161vies\u0105 naudojant pagrindines raudonos, \u017ealios ir m\u0117lynos spalv\u0173 kombinacijas. Taip pat galima naudoti skland\u017eius spalv\u0173 per\u0117jimus ir i\u0161saugoti pasirinktus nustatymus v\u0117lesniam naudojimui.<br \/>\nLED \u0161viesos panel\u0117 suteikia galimyb\u0119 atlikti \u012fvairias k\u016brybines ir edukacines veiklas, \u012fskaitant spalv\u0173 mai\u0161ym\u0105 bei STEM mokym\u0105si. \u012esp\u016bdingi \u0161viesos efektai atsiranda, kai \u0161viesa sklinda per skirtingas med\u017eiagas \u2013 lapus, popieri\u0173, sm\u0117lio sluoksn\u012f ar skaidr\u0173 vanden\u012f. Panel\u0117 puikiai dera su pridedamomis skaidriomis, spalvotomis geometrin\u0117mis formomis, kurios skatina k\u016brybi\u0161kum\u0105 ir vaizduot\u0119 \u017eaidimo metu.<br \/>\nRaksturojums:<\/p>\n<p>D\u0117\u017e\u0117 pagaminta i\u0161 europinio buko medienos ir rusi\u0161kos ber\u017eo faneros<\/p>\n<p>Kabelio ilgis: 1,5 m<\/p>\n<p>Skirta \u012fvairioms sensorin\u0117ms ir edukacin\u0117ms veikloms<\/p>\n<p>Kuria patrauklius \u0161viesos efektus su skirtingomis med\u017eiagomis<\/p>\n<p>Puikiai suderinama su Masterkidz priedais<\/p>\n<p>Auk\u0161tos kokyb\u0117s gamyba u\u017etikrina patvarum\u0105 ir saugum\u0105<\/p>\n<p>Produktas N\u0116RA atsparus vandeniui<\/p>\n<p>Rota\u013clietu lav\u012bna:<\/p>\n<p>K\u016brybi\u0161kum\u0105<\/p>\n<p>Vaizduot\u0119<\/p>\n<p>Motorinius \u012fg\u016bd\u017eius<\/p>\n<p>Sensorik\u0105<\/p>\n<p>Komplekt\u0101 ietilpst:<\/p>\n<p>Medin\u0117 d\u0117\u017e\u0117 su spalvas kei\u010dian\u010dia LED panele<\/p>\n<p>Montessori mozaikos blokai (140 vnt.)<\/p>\n<p>Rinkinio komponentai:<\/p>\n<p>ME07452<\/p>\n<p>ME30368<\/p>\n<p>Suderinami elementai:<\/p>\n<p>Mink\u0161tos spalvotos raid\u0117s ir skai\u010diai \u2013 ME15945<\/p>\n<p>Spalvotos raid\u0117s \u2013 ME07308<\/p>\n<p>Didel\u0117s spalvotos geometrin\u0117s fig\u016bros \u2013 ME08602<\/p>\n<p>Spalvoti akmen\u0117liai \u2013 ME30375<\/p>\n<p>Geometrini\u0173 fig\u016br\u0173 mozaika \u2013 ME30368<\/p>\n<p>Akrilin\u0117 vandens \u017eaidim\u0173 lenta \u2013 ME12395<\/p>\n<p>Akrilin\u0117 pie\u0161imo lenta \u2013 ME12401<\/p>\n<p>Medinis sm\u0117lio pie\u0161imo r\u0117mas \u2013 ME07216<\/p>\n<p>STEM lentos tvirtinimo r\u0117mas \u2013 ME14801<\/p>","protected":false},"excerpt":{"rendered":"<p>Masterkidz LED sensorin\u0117 d\u0117\u017e\u0117 su spalvas kei\u010dian\u010dia LED panele + Montessori mozaikos blokai (140 vnt.) Medin\u0117, tvirta sensorin\u0117 d\u0117\u017e\u0117 su<\/p>","protected":false},"featured_media":84339,"template":"","meta":{"_acf_changed":false,"_glsr_average":0,"_glsr_ranking":0,"_glsr_reviews":0},"product_brand":[],"product_cat":[673,229],"product_tag":[],"class_list":{"0":"post-84337","1":"product","2":"type-product","3":"status-publish","4":"has-post-thumbnail","6":"product_cat-ugdomosios-priemones","7":"product_cat-zaislai-vaikams","8":"\"style=\"background-color: #2ecc711c;\"","10":"first","11":"instock","12":"purchasable","13":"product-type-simple"},"acf":[],"yoast_head":"<!-- This site is optimized with the Yoast SEO plugin v27.4 - https:\/\/yoast.com\/product\/yoast-seo-wordpress\/ -->\n<title>Masterkidz LED \u0161viesos panel\u0117, kei\u010dianti spalvas su nuotolinio valdymo pultu + Montessori mozaikos blokai (140 vnt.)<\/title>\n<meta name=\"description\" content=\"Masterkidz LED \u0161viesos panel\u0117, kei\u010dianti spalvas su nuotolinio valdymo pultu + Montessori mozaikos blokai (140 vnt.) - KidsPlay. Did\u017eiausias vaik\u0173 \u017eaisl\u0173 pasirinkimas.\" \/>\n<meta name=\"robots\" content=\"index, follow, max-snippet:-1, max-image-preview:large, max-video-preview:-1\" \/>\n<link rel=\"canonical\" href=\"https:\/\/kidsplay.lt\/lv\/products\/masterkidz-led-sviesos-panele-keicianti-spalvas-su-nuotolinio-valdymo-pultu-montessori-mozaikos-blokai-140-vnt\/\" \/>\n<meta property=\"og:locale\" content=\"lv_LV\" \/>\n<meta property=\"og:type\" content=\"article\" \/>\n<meta property=\"og:title\" content=\"Masterkidz LED \u0161viesos panel\u0117, kei\u010dianti spalvas su nuotolinio valdymo pultu + Montessori mozaikos blokai (140 vnt.)\" \/>\n<meta property=\"og:description\" content=\"Masterkidz LED \u0161viesos panel\u0117, kei\u010dianti spalvas su nuotolinio valdymo pultu + Montessori mozaikos blokai (140 vnt.) - KidsPlay. Did\u017eiausias vaik\u0173 \u017eaisl\u0173 pasirinkimas.\" \/>\n<meta property=\"og:url\" content=\"https:\/\/kidsplay.lt\/lv\/products\/masterkidz-led-sviesos-panele-keicianti-spalvas-su-nuotolinio-valdymo-pultu-montessori-mozaikos-blokai-140-vnt\/\" \/>\n<meta property=\"og:site_name\" content=\"KidsPlay\" \/>\n<meta property=\"article:publisher\" content=\"https:\/\/www.facebook.com\/www.kidsplay.lt\" \/>\n<meta property=\"article:modified_time\" content=\"2026-04-13T11:08:21+00:00\" \/>\n<meta property=\"og:image\" content=\"https:\/\/kidsplay.lt\/wp-content\/uploads\/2026\/02\/Masterkidz-LED-sviesos-panele-keicianti-spalvas-su-nuotolinio-valdymo-pultu-Montessori-mozaikos-blokai-140-vnt.jpg\" \/>\n\t<meta property=\"og:image:width\" content=\"1000\" \/>\n\t<meta property=\"og:image:height\" content=\"1000\" \/>\n\t<meta property=\"og:image:type\" content=\"image\/jpeg\" \/>\n<meta name=\"twitter:card\" content=\"summary_large_image\" \/>\n<meta name=\"twitter:label1\" content=\"Est. reading time\" \/>\n\t<meta name=\"twitter:data1\" content=\"1 min\u016bte\" \/>\n<script type=\"application\/ld+json\" class=\"yoast-schema-graph\">{\"@context\":\"https:\\\/\\\/schema.org\",\"@graph\":[{\"@type\":\"WebPage\",\"@id\":\"https:\\\/\\\/kidsplay.lt\\\/produktas\\\/masterkidz-led-sviesos-panele-keicianti-spalvas-su-nuotolinio-valdymo-pultu-montessori-mozaikos-blokai-140-vnt\\\/\",\"url\":\"https:\\\/\\\/kidsplay.lt\\\/produktas\\\/masterkidz-led-sviesos-panele-keicianti-spalvas-su-nuotolinio-valdymo-pultu-montessori-mozaikos-blokai-140-vnt\\\/\",\"name\":\"Masterkidz LED \u0161viesos panel\u0117, kei\u010dianti spalvas su nuotolinio valdymo pultu + Montessori mozaikos blokai (140 vnt.)\",\"isPartOf\":{\"@id\":\"https:\\\/\\\/kidsplay.lt\\\/#website\"},\"primaryImageOfPage\":{\"@id\":\"https:\\\/\\\/kidsplay.lt\\\/produktas\\\/masterkidz-led-sviesos-panele-keicianti-spalvas-su-nuotolinio-valdymo-pultu-montessori-mozaikos-blokai-140-vnt\\\/#primaryimage\"},\"image\":{\"@id\":\"https:\\\/\\\/kidsplay.lt\\\/produktas\\\/masterkidz-led-sviesos-panele-keicianti-spalvas-su-nuotolinio-valdymo-pultu-montessori-mozaikos-blokai-140-vnt\\\/#primaryimage\"},\"thumbnailUrl\":\"https:\\\/\\\/kidsplay.lt\\\/wp-content\\\/uploads\\\/2026\\\/02\\\/Masterkidz-LED-sviesos-panele-keicianti-spalvas-su-nuotolinio-valdymo-pultu-Montessori-mozaikos-blokai-140-vnt.jpg\",\"datePublished\":\"2026-02-22T10:59:30+00:00\",\"dateModified\":\"2026-04-13T11:08:21+00:00\",\"description\":\"Masterkidz LED \u0161viesos panel\u0117, kei\u010dianti spalvas su nuotolinio valdymo pultu + Montessori mozaikos blokai (140 vnt.) - KidsPlay. Did\u017eiausias vaik\u0173 \u017eaisl\u0173 pasirinkimas.\",\"breadcrumb\":{\"@id\":\"https:\\\/\\\/kidsplay.lt\\\/produktas\\\/masterkidz-led-sviesos-panele-keicianti-spalvas-su-nuotolinio-valdymo-pultu-montessori-mozaikos-blokai-140-vnt\\\/#breadcrumb\"},\"inLanguage\":\"lv-LV\",\"potentialAction\":[{\"@type\":\"ReadAction\",\"target\":[\"https:\\\/\\\/kidsplay.lt\\\/produktas\\\/masterkidz-led-sviesos-panele-keicianti-spalvas-su-nuotolinio-valdymo-pultu-montessori-mozaikos-blokai-140-vnt\\\/\"]}]},{\"@type\":\"ImageObject\",\"inLanguage\":\"lv-LV\",\"@id\":\"https:\\\/\\\/kidsplay.lt\\\/produktas\\\/masterkidz-led-sviesos-panele-keicianti-spalvas-su-nuotolinio-valdymo-pultu-montessori-mozaikos-blokai-140-vnt\\\/#primaryimage\",\"url\":\"https:\\\/\\\/kidsplay.lt\\\/wp-content\\\/uploads\\\/2026\\\/02\\\/Masterkidz-LED-sviesos-panele-keicianti-spalvas-su-nuotolinio-valdymo-pultu-Montessori-mozaikos-blokai-140-vnt.jpg\",\"contentUrl\":\"https:\\\/\\\/kidsplay.lt\\\/wp-content\\\/uploads\\\/2026\\\/02\\\/Masterkidz-LED-sviesos-panele-keicianti-spalvas-su-nuotolinio-valdymo-pultu-Montessori-mozaikos-blokai-140-vnt.jpg\",\"width\":1000,\"height\":1000,\"caption\":\"Masterkidz LED \u0161viesos panel\u0117\"},{\"@type\":\"BreadcrumbList\",\"@id\":\"https:\\\/\\\/kidsplay.lt\\\/produktas\\\/masterkidz-led-sviesos-panele-keicianti-spalvas-su-nuotolinio-valdymo-pultu-montessori-mozaikos-blokai-140-vnt\\\/#breadcrumb\",\"itemListElement\":[{\"@type\":\"ListItem\",\"position\":1,\"name\":\"Pagrindinis\",\"item\":\"https:\\\/\\\/kidsplay.lt\\\/\"},{\"@type\":\"ListItem\",\"position\":2,\"name\":\"Parduotuv\u0117\",\"item\":\"https:\\\/\\\/kidsplay.lt\\\/parduotuve\\\/\"},{\"@type\":\"ListItem\",\"position\":3,\"name\":\"Masterkidz LED \u0161viesos panel\u0117, kei\u010dianti spalvas su nuotolinio valdymo pultu + Montessori mozaikos blokai (140 vnt.)\"}]},{\"@type\":\"WebSite\",\"@id\":\"https:\\\/\\\/kidsplay.lt\\\/#website\",\"url\":\"https:\\\/\\\/kidsplay.lt\\\/\",\"name\":\"Kidsplay.lt\",\"description\":\"\u012evairios prek\u0117s vaikams\",\"publisher\":{\"@id\":\"https:\\\/\\\/kidsplay.lt\\\/#organization\"},\"alternateName\":\"Kidsplay\",\"potentialAction\":[{\"@type\":\"SearchAction\",\"target\":{\"@type\":\"EntryPoint\",\"urlTemplate\":\"https:\\\/\\\/kidsplay.lt\\\/?s={search_term_string}\"},\"query-input\":{\"@type\":\"PropertyValueSpecification\",\"valueRequired\":true,\"valueName\":\"search_term_string\"}}],\"inLanguage\":\"lv-LV\"},{\"@type\":\"Organization\",\"@id\":\"https:\\\/\\\/kidsplay.lt\\\/#organization\",\"name\":\"KidsPlay\",\"url\":\"https:\\\/\\\/kidsplay.lt\\\/\",\"logo\":{\"@type\":\"ImageObject\",\"inLanguage\":\"lv-LV\",\"@id\":\"https:\\\/\\\/kidsplay.lt\\\/#\\\/schema\\\/logo\\\/image\\\/\",\"url\":\"https:\\\/\\\/kidsplay.lt\\\/wp-content\\\/uploads\\\/2023\\\/07\\\/kidsplay-logo.png\",\"contentUrl\":\"https:\\\/\\\/kidsplay.lt\\\/wp-content\\\/uploads\\\/2023\\\/07\\\/kidsplay-logo.png\",\"width\":451,\"height\":98,\"caption\":\"KidsPlay\"},\"image\":{\"@id\":\"https:\\\/\\\/kidsplay.lt\\\/#\\\/schema\\\/logo\\\/image\\\/\"},\"sameAs\":[\"https:\\\/\\\/www.facebook.com\\\/www.kidsplay.lt\"]}]}<\/script>\n<!-- \/ Yoast SEO plugin. -->","yoast_head_json":{"title":"Masterkidz LED gaismas panelis, main\u012bgas kr\u0101sas ar t\u0101lvad\u012bbas pulti + Montessori moza\u012bkas bloki (140 gab.)","description":"Masterkidz LED \u0161viesos panel\u0117, kei\u010dianti spalvas su nuotolinio valdymo pultu + Montessori mozaikos blokai (140 vnt.) - KidsPlay. Did\u017eiausias vaik\u0173 \u017eaisl\u0173 pasirinkimas.","robots":{"index":"index","follow":"follow","max-snippet":"max-snippet:-1","max-image-preview":"max-image-preview:large","max-video-preview":"max-video-preview:-1"},"canonical":"https:\/\/kidsplay.lt\/lv\/products\/masterkidz-led-sviesos-panele-keicianti-spalvas-su-nuotolinio-valdymo-pultu-montessori-mozaikos-blokai-140-vnt\/","og_locale":"lv_LV","og_type":"article","og_title":"Masterkidz LED \u0161viesos panel\u0117, kei\u010dianti spalvas su nuotolinio valdymo pultu + Montessori mozaikos blokai (140 vnt.)","og_description":"Masterkidz LED \u0161viesos panel\u0117, kei\u010dianti spalvas su nuotolinio valdymo pultu + Montessori mozaikos blokai (140 vnt.) - KidsPlay. Did\u017eiausias vaik\u0173 \u017eaisl\u0173 pasirinkimas.","og_url":"https:\/\/kidsplay.lt\/lv\/products\/masterkidz-led-sviesos-panele-keicianti-spalvas-su-nuotolinio-valdymo-pultu-montessori-mozaikos-blokai-140-vnt\/","og_site_name":"KidsPlay","article_publisher":"https:\/\/www.facebook.com\/www.kidsplay.lt","article_modified_time":"2026-04-13T11:08:21+00:00","og_image":[{"width":1000,"height":1000,"url":"https:\/\/kidsplay.lt\/wp-content\/uploads\/2026\/02\/Masterkidz-LED-sviesos-panele-keicianti-spalvas-su-nuotolinio-valdymo-pultu-Montessori-mozaikos-blokai-140-vnt.jpg","type":"image\/jpeg"}],"twitter_card":"summary_large_image","twitter_misc":{"Est. reading time":"1 min\u016bte"},"schema":{"@context":"https:\/\/schema.org","@graph":[{"@type":"WebPage","@id":"https:\/\/kidsplay.lt\/produktas\/masterkidz-led-sviesos-panele-keicianti-spalvas-su-nuotolinio-valdymo-pultu-montessori-mozaikos-blokai-140-vnt\/","url":"https:\/\/kidsplay.lt\/produktas\/masterkidz-led-sviesos-panele-keicianti-spalvas-su-nuotolinio-valdymo-pultu-montessori-mozaikos-blokai-140-vnt\/","name":"Masterkidz LED gaismas panelis, main\u012bgas kr\u0101sas ar t\u0101lvad\u012bbas pulti + Montessori moza\u012bkas bloki (140 gab.)","isPartOf":{"@id":"https:\/\/kidsplay.lt\/#website"},"primaryImageOfPage":{"@id":"https:\/\/kidsplay.lt\/produktas\/masterkidz-led-sviesos-panele-keicianti-spalvas-su-nuotolinio-valdymo-pultu-montessori-mozaikos-blokai-140-vnt\/#primaryimage"},"image":{"@id":"https:\/\/kidsplay.lt\/produktas\/masterkidz-led-sviesos-panele-keicianti-spalvas-su-nuotolinio-valdymo-pultu-montessori-mozaikos-blokai-140-vnt\/#primaryimage"},"thumbnailUrl":"https:\/\/kidsplay.lt\/wp-content\/uploads\/2026\/02\/Masterkidz-LED-sviesos-panele-keicianti-spalvas-su-nuotolinio-valdymo-pultu-Montessori-mozaikos-blokai-140-vnt.jpg","datePublished":"2026-02-22T10:59:30+00:00","dateModified":"2026-04-13T11:08:21+00:00","description":"Masterkidz LED \u0161viesos panel\u0117, kei\u010dianti spalvas su nuotolinio valdymo pultu + Montessori mozaikos blokai (140 vnt.) - KidsPlay. Did\u017eiausias vaik\u0173 \u017eaisl\u0173 pasirinkimas.","breadcrumb":{"@id":"https:\/\/kidsplay.lt\/produktas\/masterkidz-led-sviesos-panele-keicianti-spalvas-su-nuotolinio-valdymo-pultu-montessori-mozaikos-blokai-140-vnt\/#breadcrumb"},"inLanguage":"lv-LV","potentialAction":[{"@type":"ReadAction","target":["https:\/\/kidsplay.lt\/produktas\/masterkidz-led-sviesos-panele-keicianti-spalvas-su-nuotolinio-valdymo-pultu-montessori-mozaikos-blokai-140-vnt\/"]}]},{"@type":"ImageObject","inLanguage":"lv-LV","@id":"https:\/\/kidsplay.lt\/produktas\/masterkidz-led-sviesos-panele-keicianti-spalvas-su-nuotolinio-valdymo-pultu-montessori-mozaikos-blokai-140-vnt\/#primaryimage","url":"https:\/\/kidsplay.lt\/wp-content\/uploads\/2026\/02\/Masterkidz-LED-sviesos-panele-keicianti-spalvas-su-nuotolinio-valdymo-pultu-Montessori-mozaikos-blokai-140-vnt.jpg","contentUrl":"https:\/\/kidsplay.lt\/wp-content\/uploads\/2026\/02\/Masterkidz-LED-sviesos-panele-keicianti-spalvas-su-nuotolinio-valdymo-pultu-Montessori-mozaikos-blokai-140-vnt.jpg","width":1000,"height":1000,"caption":"Masterkidz LED \u0161viesos panel\u0117"},{"@type":"BreadcrumbList","@id":"https:\/\/kidsplay.lt\/produktas\/masterkidz-led-sviesos-panele-keicianti-spalvas-su-nuotolinio-valdymo-pultu-montessori-mozaikos-blokai-140-vnt\/#breadcrumb","itemListElement":[{"@type":"ListItem","position":1,"name":"Pagrindinis","item":"https:\/\/kidsplay.lt\/"},{"@type":"ListItem","position":2,"name":"Parduotuv\u0117","item":"https:\/\/kidsplay.lt\/parduotuve\/"},{"@type":"ListItem","position":3,"name":"Masterkidz LED \u0161viesos panel\u0117, kei\u010dianti spalvas su nuotolinio valdymo pultu + Montessori mozaikos blokai (140 vnt.)"}]},{"@type":"WebSite","@id":"https:\/\/kidsplay.lt\/#website","url":"https:\/\/kidsplay.lt\/","name":"B\u0113rnu sp\u0113les.lv","description":"\u012evairios prek\u0117s vaikams","publisher":{"@id":"https:\/\/kidsplay.lt\/#organization"},"alternateName":"Kidsplay","potentialAction":[{"@type":"SearchAction","target":{"@type":"EntryPoint","urlTemplate":"https:\/\/kidsplay.lt\/?s={search_term_string}"},"query-input":{"@type":"PropertyValueSpecification","valueRequired":true,"valueName":"search_term_string"}}],"inLanguage":"lv-LV"},{"@type":"Organization","@id":"https:\/\/kidsplay.lt\/#organization","name":"B\u0113rnu sp\u0113le","url":"https:\/\/kidsplay.lt\/","logo":{"@type":"ImageObject","inLanguage":"lv-LV","@id":"https:\/\/kidsplay.lt\/#\/schema\/logo\/image\/","url":"https:\/\/kidsplay.lt\/wp-content\/uploads\/2023\/07\/kidsplay-logo.png","contentUrl":"https:\/\/kidsplay.lt\/wp-content\/uploads\/2023\/07\/kidsplay-logo.png","width":451,"height":98,"caption":"KidsPlay"},"image":{"@id":"https:\/\/kidsplay.lt\/#\/schema\/logo\/image\/"},"sameAs":["https:\/\/www.facebook.com\/www.kidsplay.lt"]}]}},"_links":{"self":[{"href":"https:\/\/kidsplay.lt\/lv\/wp-json\/wp\/v2\/product\/84337","targetHints":{"allow":["GET"]}}],"collection":[{"href":"https:\/\/kidsplay.lt\/lv\/wp-json\/wp\/v2\/product"}],"about":[{"href":"https:\/\/kidsplay.lt\/lv\/wp-json\/wp\/v2\/types\/product"}],"version-history":[{"count":1,"href":"https:\/\/kidsplay.lt\/lv\/wp-json\/wp\/v2\/product\/84337\/revisions"}],"predecessor-version":[{"id":84338,"href":"https:\/\/kidsplay.lt\/lv\/wp-json\/wp\/v2\/product\/84337\/revisions\/84338"}],"wp:featuredmedia":[{"embeddable":true,"href":"https:\/\/kidsplay.lt\/lv\/wp-json\/wp\/v2\/media\/84339"}],"wp:attachment":[{"href":"https:\/\/kidsplay.lt\/lv\/wp-json\/wp\/v2\/media?parent=84337"}],"wp:term":[{"taxonomy":"product_brand","embeddable":true,"href":"https:\/\/kidsplay.lt\/lv\/wp-json\/wp\/v2\/product_brand?post=84337"},{"taxonomy":"product_cat","embeddable":true,"href":"https:\/\/kidsplay.lt\/lv\/wp-json\/wp\/v2\/product_cat?post=84337"},{"taxonomy":"product_tag","embeddable":true,"href":"https:\/\/kidsplay.lt\/lv\/wp-json\/wp\/v2\/product_tag?post=84337"}],"curies":[{"name":"wp","href":"https:\/\/api.w.org\/{rel}","templated":true}]}}