{"id":84395,"date":"2026-02-22T13:02:06","date_gmt":"2026-02-22T11:02:06","guid":{"rendered":"https:\/\/kidsplay.lt\/produktas\/masterkidz-akriline-lenta-su-skaidriu-piesimo-pavirsiumi\/"},"modified":"2026-04-13T14:08:51","modified_gmt":"2026-04-13T11:08:51","slug":"masterkidz-akriline-lenta-su-skaidriu-piesimo-pavirsiumi","status":"publish","type":"product","link":"https:\/\/kidsplay.lt\/lv\/products\/masterkidz-akriline-lenta-su-skaidriu-piesimo-pavirsiumi\/","title":{"rendered":"Masterkidz akrilin\u0117 lenta su skaidriu pie\u0161imo pavir\u0161iumi"},"content":{"rendered":"<p>Skaidri akrilin\u0117 pie\u0161imo lenta \u2013 puikus sprendimas vaikams, m\u0117gstantiems pie\u0161ti. Jie gali kurti savo meno k\u016brinius naudodami vandens pagrindo ar akrilinius da\u017eus, o spalvos bus ai\u0161kiai matomos. Skaidrus pavir\u0161ius leid\u017eia vaikams matyti pro lent\u0105 ir pie\u0161ti tai, k\u0105 jie mato \u2013 peiza\u017eus, daiktus ar net draugus kitoje pus\u0117je. Ratukai leid\u017eia lent\u0105 lengvai perkelti, tod\u0117l j\u0105 patogu transportuoti tarp klasi\u0173 ar naudoti lauke. Pasibaigus \u017eaidimui, pie\u0161in\u012f galima lengvai nuvalyti, tod\u0117l pavir\u0161ius v\u0117l paruo\u0161tas naudojimui.<br \/>\nGalima \u012fsigyti u\u017erakinamus ratukus ME32539, kad lent\u0105 b\u016bt\u0173 patogu perkelti tarp kambari\u0173 ar \u012f lauk\u0105.<br \/>\nRaksturojums:<\/p>\n<p>Didelis skaidraus akrilo pavir\u0161ius, skirtas pie\u0161imui<\/p>\n<p>Pavir\u0161ius siekia grindis, tod\u0117l patogiai gali pie\u0161ti \u012fvairaus am\u017eiaus vaikai<\/p>\n<p>Atspari vandeniui konstrukcija, atspari UV spinduliams, pel\u0117siui ir puvimui \u2013 puikiai tinka naudoti lauke<\/p>\n<p>Rota\u013clietu lav\u012bna:<\/p>\n<p>Rado\u0161ums un izt\u0113le<\/p>\n<p>Spalv\u0173 ir pie\u0161imo technik\u0173 eksperimentavim\u0105<\/p>\n<p>Vizualin\u012f suvokim\u0105 ir motorin\u0119 koordinacij\u0105<\/p>\n<p>Bendradarbiavim\u0105 ir \u017eaidim\u0105 kartu<\/p>","protected":false},"excerpt":{"rendered":"<p>Skaidri akrilin\u0117 pie\u0161imo lenta \u2013 puikus sprendimas vaikams, m\u0117gstantiems pie\u0161ti. Jie gali kurti savo meno k\u016brinius naudodami vandens pagrindo ar<\/p>","protected":false},"featured_media":84397,"template":"","meta":{"_acf_changed":false,"_glsr_average":0,"_glsr_ranking":0,"_glsr_reviews":0},"product_brand":[],"product_cat":[673,229],"product_tag":[],"class_list":{"0":"post-84395","1":"product","2":"type-product","3":"status-publish","4":"has-post-thumbnail","6":"product_cat-ugdomosios-priemones","7":"product_cat-zaislai-vaikams","8":"\"style=\"background-color: #2ecc711c;\"","10":"first","11":"instock","12":"purchasable","13":"product-type-simple"},"acf":[],"yoast_head":"<!-- This site is optimized with the Yoast SEO plugin v27.4 - https:\/\/yoast.com\/product\/yoast-seo-wordpress\/ -->\n<title>Masterkidz akrilin\u0117 lenta su skaidriu pie\u0161imo pavir\u0161iumi<\/title>\n<meta name=\"description\" content=\"Masterkidz akrilin\u0117 lenta su skaidriu pie\u0161imo pavir\u0161iumi - KidsPlay. Did\u017eiausias vaik\u0173 \u017eaisl\u0173 pasirinkimas.\" \/>\n<meta name=\"robots\" content=\"index, follow, max-snippet:-1, max-image-preview:large, max-video-preview:-1\" \/>\n<link rel=\"canonical\" href=\"https:\/\/kidsplay.lt\/lv\/products\/masterkidz-akriline-lenta-su-skaidriu-piesimo-pavirsiumi\/\" \/>\n<meta property=\"og:locale\" content=\"lv_LV\" \/>\n<meta property=\"og:type\" content=\"article\" \/>\n<meta property=\"og:title\" content=\"Masterkidz akrilin\u0117 lenta su skaidriu pie\u0161imo pavir\u0161iumi\" \/>\n<meta property=\"og:description\" content=\"Masterkidz akrilin\u0117 lenta su skaidriu pie\u0161imo pavir\u0161iumi - KidsPlay. Did\u017eiausias vaik\u0173 \u017eaisl\u0173 pasirinkimas.\" \/>\n<meta property=\"og:url\" content=\"https:\/\/kidsplay.lt\/lv\/products\/masterkidz-akriline-lenta-su-skaidriu-piesimo-pavirsiumi\/\" \/>\n<meta property=\"og:site_name\" content=\"KidsPlay\" \/>\n<meta property=\"article:publisher\" content=\"https:\/\/www.facebook.com\/www.kidsplay.lt\" \/>\n<meta property=\"article:modified_time\" content=\"2026-04-13T11:08:51+00:00\" \/>\n<meta property=\"og:image\" content=\"https:\/\/kidsplay.lt\/wp-content\/uploads\/2026\/02\/Masterkidz-akriline-lenta-su-skaidriu-piesimo-pavirsiumi.jpg\" \/>\n\t<meta property=\"og:image:width\" content=\"2553\" \/>\n\t<meta property=\"og:image:height\" content=\"2553\" \/>\n\t<meta property=\"og:image:type\" content=\"image\/jpeg\" \/>\n<meta name=\"twitter:card\" content=\"summary_large_image\" \/>\n<meta name=\"twitter:label1\" content=\"Est. reading time\" \/>\n\t<meta name=\"twitter:data1\" content=\"1 min\u016bte\" \/>\n<script type=\"application\/ld+json\" class=\"yoast-schema-graph\">{\"@context\":\"https:\\\/\\\/schema.org\",\"@graph\":[{\"@type\":\"WebPage\",\"@id\":\"https:\\\/\\\/kidsplay.lt\\\/produktas\\\/masterkidz-akriline-lenta-su-skaidriu-piesimo-pavirsiumi\\\/\",\"url\":\"https:\\\/\\\/kidsplay.lt\\\/produktas\\\/masterkidz-akriline-lenta-su-skaidriu-piesimo-pavirsiumi\\\/\",\"name\":\"Masterkidz akrilin\u0117 lenta su skaidriu pie\u0161imo pavir\u0161iumi\",\"isPartOf\":{\"@id\":\"https:\\\/\\\/kidsplay.lt\\\/#website\"},\"primaryImageOfPage\":{\"@id\":\"https:\\\/\\\/kidsplay.lt\\\/produktas\\\/masterkidz-akriline-lenta-su-skaidriu-piesimo-pavirsiumi\\\/#primaryimage\"},\"image\":{\"@id\":\"https:\\\/\\\/kidsplay.lt\\\/produktas\\\/masterkidz-akriline-lenta-su-skaidriu-piesimo-pavirsiumi\\\/#primaryimage\"},\"thumbnailUrl\":\"https:\\\/\\\/kidsplay.lt\\\/wp-content\\\/uploads\\\/2026\\\/02\\\/Masterkidz-akriline-lenta-su-skaidriu-piesimo-pavirsiumi.jpg\",\"datePublished\":\"2026-02-22T11:02:06+00:00\",\"dateModified\":\"2026-04-13T11:08:51+00:00\",\"description\":\"Masterkidz akrilin\u0117 lenta su skaidriu pie\u0161imo pavir\u0161iumi - KidsPlay. Did\u017eiausias vaik\u0173 \u017eaisl\u0173 pasirinkimas.\",\"breadcrumb\":{\"@id\":\"https:\\\/\\\/kidsplay.lt\\\/produktas\\\/masterkidz-akriline-lenta-su-skaidriu-piesimo-pavirsiumi\\\/#breadcrumb\"},\"inLanguage\":\"lv-LV\",\"potentialAction\":[{\"@type\":\"ReadAction\",\"target\":[\"https:\\\/\\\/kidsplay.lt\\\/produktas\\\/masterkidz-akriline-lenta-su-skaidriu-piesimo-pavirsiumi\\\/\"]}]},{\"@type\":\"ImageObject\",\"inLanguage\":\"lv-LV\",\"@id\":\"https:\\\/\\\/kidsplay.lt\\\/produktas\\\/masterkidz-akriline-lenta-su-skaidriu-piesimo-pavirsiumi\\\/#primaryimage\",\"url\":\"https:\\\/\\\/kidsplay.lt\\\/wp-content\\\/uploads\\\/2026\\\/02\\\/Masterkidz-akriline-lenta-su-skaidriu-piesimo-pavirsiumi.jpg\",\"contentUrl\":\"https:\\\/\\\/kidsplay.lt\\\/wp-content\\\/uploads\\\/2026\\\/02\\\/Masterkidz-akriline-lenta-su-skaidriu-piesimo-pavirsiumi.jpg\",\"width\":2553,\"height\":2553,\"caption\":\"Masterkidz akrilin\u0117 lenta su skaidriu pie\u0161imo pavir\u0161iumi\"},{\"@type\":\"BreadcrumbList\",\"@id\":\"https:\\\/\\\/kidsplay.lt\\\/produktas\\\/masterkidz-akriline-lenta-su-skaidriu-piesimo-pavirsiumi\\\/#breadcrumb\",\"itemListElement\":[{\"@type\":\"ListItem\",\"position\":1,\"name\":\"Pagrindinis\",\"item\":\"https:\\\/\\\/kidsplay.lt\\\/\"},{\"@type\":\"ListItem\",\"position\":2,\"name\":\"Parduotuv\u0117\",\"item\":\"https:\\\/\\\/kidsplay.lt\\\/parduotuve\\\/\"},{\"@type\":\"ListItem\",\"position\":3,\"name\":\"Masterkidz akrilin\u0117 lenta su skaidriu pie\u0161imo pavir\u0161iumi\"}]},{\"@type\":\"WebSite\",\"@id\":\"https:\\\/\\\/kidsplay.lt\\\/#website\",\"url\":\"https:\\\/\\\/kidsplay.lt\\\/\",\"name\":\"Kidsplay.lt\",\"description\":\"\u012evairios prek\u0117s vaikams\",\"publisher\":{\"@id\":\"https:\\\/\\\/kidsplay.lt\\\/#organization\"},\"alternateName\":\"Kidsplay\",\"potentialAction\":[{\"@type\":\"SearchAction\",\"target\":{\"@type\":\"EntryPoint\",\"urlTemplate\":\"https:\\\/\\\/kidsplay.lt\\\/?s={search_term_string}\"},\"query-input\":{\"@type\":\"PropertyValueSpecification\",\"valueRequired\":true,\"valueName\":\"search_term_string\"}}],\"inLanguage\":\"lv-LV\"},{\"@type\":\"Organization\",\"@id\":\"https:\\\/\\\/kidsplay.lt\\\/#organization\",\"name\":\"KidsPlay\",\"url\":\"https:\\\/\\\/kidsplay.lt\\\/\",\"logo\":{\"@type\":\"ImageObject\",\"inLanguage\":\"lv-LV\",\"@id\":\"https:\\\/\\\/kidsplay.lt\\\/#\\\/schema\\\/logo\\\/image\\\/\",\"url\":\"https:\\\/\\\/kidsplay.lt\\\/wp-content\\\/uploads\\\/2023\\\/07\\\/kidsplay-logo.png\",\"contentUrl\":\"https:\\\/\\\/kidsplay.lt\\\/wp-content\\\/uploads\\\/2023\\\/07\\\/kidsplay-logo.png\",\"width\":451,\"height\":98,\"caption\":\"KidsPlay\"},\"image\":{\"@id\":\"https:\\\/\\\/kidsplay.lt\\\/#\\\/schema\\\/logo\\\/image\\\/\"},\"sameAs\":[\"https:\\\/\\\/www.facebook.com\\\/www.kidsplay.lt\"]}]}<\/script>\n<!-- \/ Yoast SEO plugin. -->","yoast_head_json":{"title":"Masterkidz akrilin\u0117 lenta su skaidriu pie\u0161imo pavir\u0161iumi","description":"Masterkidz akrilin\u0117 lenta su skaidriu pie\u0161imo pavir\u0161iumi - KidsPlay. Did\u017eiausias vaik\u0173 \u017eaisl\u0173 pasirinkimas.","robots":{"index":"index","follow":"follow","max-snippet":"max-snippet:-1","max-image-preview":"max-image-preview:large","max-video-preview":"max-video-preview:-1"},"canonical":"https:\/\/kidsplay.lt\/lv\/products\/masterkidz-akriline-lenta-su-skaidriu-piesimo-pavirsiumi\/","og_locale":"lv_LV","og_type":"article","og_title":"Masterkidz akrilin\u0117 lenta su skaidriu pie\u0161imo pavir\u0161iumi","og_description":"Masterkidz akrilin\u0117 lenta su skaidriu pie\u0161imo pavir\u0161iumi - KidsPlay. Did\u017eiausias vaik\u0173 \u017eaisl\u0173 pasirinkimas.","og_url":"https:\/\/kidsplay.lt\/lv\/products\/masterkidz-akriline-lenta-su-skaidriu-piesimo-pavirsiumi\/","og_site_name":"KidsPlay","article_publisher":"https:\/\/www.facebook.com\/www.kidsplay.lt","article_modified_time":"2026-04-13T11:08:51+00:00","og_image":[{"width":2553,"height":2553,"url":"https:\/\/kidsplay.lt\/wp-content\/uploads\/2026\/02\/Masterkidz-akriline-lenta-su-skaidriu-piesimo-pavirsiumi.jpg","type":"image\/jpeg"}],"twitter_card":"summary_large_image","twitter_misc":{"Est. reading time":"1 min\u016bte"},"schema":{"@context":"https:\/\/schema.org","@graph":[{"@type":"WebPage","@id":"https:\/\/kidsplay.lt\/produktas\/masterkidz-akriline-lenta-su-skaidriu-piesimo-pavirsiumi\/","url":"https:\/\/kidsplay.lt\/produktas\/masterkidz-akriline-lenta-su-skaidriu-piesimo-pavirsiumi\/","name":"Masterkidz akrilin\u0117 lenta su skaidriu pie\u0161imo pavir\u0161iumi","isPartOf":{"@id":"https:\/\/kidsplay.lt\/#website"},"primaryImageOfPage":{"@id":"https:\/\/kidsplay.lt\/produktas\/masterkidz-akriline-lenta-su-skaidriu-piesimo-pavirsiumi\/#primaryimage"},"image":{"@id":"https:\/\/kidsplay.lt\/produktas\/masterkidz-akriline-lenta-su-skaidriu-piesimo-pavirsiumi\/#primaryimage"},"thumbnailUrl":"https:\/\/kidsplay.lt\/wp-content\/uploads\/2026\/02\/Masterkidz-akriline-lenta-su-skaidriu-piesimo-pavirsiumi.jpg","datePublished":"2026-02-22T11:02:06+00:00","dateModified":"2026-04-13T11:08:51+00:00","description":"Masterkidz akrilin\u0117 lenta su skaidriu pie\u0161imo pavir\u0161iumi - KidsPlay. Did\u017eiausias vaik\u0173 \u017eaisl\u0173 pasirinkimas.","breadcrumb":{"@id":"https:\/\/kidsplay.lt\/produktas\/masterkidz-akriline-lenta-su-skaidriu-piesimo-pavirsiumi\/#breadcrumb"},"inLanguage":"lv-LV","potentialAction":[{"@type":"ReadAction","target":["https:\/\/kidsplay.lt\/produktas\/masterkidz-akriline-lenta-su-skaidriu-piesimo-pavirsiumi\/"]}]},{"@type":"ImageObject","inLanguage":"lv-LV","@id":"https:\/\/kidsplay.lt\/produktas\/masterkidz-akriline-lenta-su-skaidriu-piesimo-pavirsiumi\/#primaryimage","url":"https:\/\/kidsplay.lt\/wp-content\/uploads\/2026\/02\/Masterkidz-akriline-lenta-su-skaidriu-piesimo-pavirsiumi.jpg","contentUrl":"https:\/\/kidsplay.lt\/wp-content\/uploads\/2026\/02\/Masterkidz-akriline-lenta-su-skaidriu-piesimo-pavirsiumi.jpg","width":2553,"height":2553,"caption":"Masterkidz akrilin\u0117 lenta su skaidriu pie\u0161imo pavir\u0161iumi"},{"@type":"BreadcrumbList","@id":"https:\/\/kidsplay.lt\/produktas\/masterkidz-akriline-lenta-su-skaidriu-piesimo-pavirsiumi\/#breadcrumb","itemListElement":[{"@type":"ListItem","position":1,"name":"Pagrindinis","item":"https:\/\/kidsplay.lt\/"},{"@type":"ListItem","position":2,"name":"Parduotuv\u0117","item":"https:\/\/kidsplay.lt\/parduotuve\/"},{"@type":"ListItem","position":3,"name":"Masterkidz akrilin\u0117 lenta su skaidriu pie\u0161imo pavir\u0161iumi"}]},{"@type":"WebSite","@id":"https:\/\/kidsplay.lt\/#website","url":"https:\/\/kidsplay.lt\/","name":"B\u0113rnu sp\u0113les.lv","description":"\u012evairios prek\u0117s vaikams","publisher":{"@id":"https:\/\/kidsplay.lt\/#organization"},"alternateName":"Kidsplay","potentialAction":[{"@type":"SearchAction","target":{"@type":"EntryPoint","urlTemplate":"https:\/\/kidsplay.lt\/?s={search_term_string}"},"query-input":{"@type":"PropertyValueSpecification","valueRequired":true,"valueName":"search_term_string"}}],"inLanguage":"lv-LV"},{"@type":"Organization","@id":"https:\/\/kidsplay.lt\/#organization","name":"B\u0113rnu sp\u0113le","url":"https:\/\/kidsplay.lt\/","logo":{"@type":"ImageObject","inLanguage":"lv-LV","@id":"https:\/\/kidsplay.lt\/#\/schema\/logo\/image\/","url":"https:\/\/kidsplay.lt\/wp-content\/uploads\/2023\/07\/kidsplay-logo.png","contentUrl":"https:\/\/kidsplay.lt\/wp-content\/uploads\/2023\/07\/kidsplay-logo.png","width":451,"height":98,"caption":"KidsPlay"},"image":{"@id":"https:\/\/kidsplay.lt\/#\/schema\/logo\/image\/"},"sameAs":["https:\/\/www.facebook.com\/www.kidsplay.lt"]}]}},"_links":{"self":[{"href":"https:\/\/kidsplay.lt\/lv\/wp-json\/wp\/v2\/product\/84395","targetHints":{"allow":["GET"]}}],"collection":[{"href":"https:\/\/kidsplay.lt\/lv\/wp-json\/wp\/v2\/product"}],"about":[{"href":"https:\/\/kidsplay.lt\/lv\/wp-json\/wp\/v2\/types\/product"}],"version-history":[{"count":1,"href":"https:\/\/kidsplay.lt\/lv\/wp-json\/wp\/v2\/product\/84395\/revisions"}],"predecessor-version":[{"id":84396,"href":"https:\/\/kidsplay.lt\/lv\/wp-json\/wp\/v2\/product\/84395\/revisions\/84396"}],"wp:featuredmedia":[{"embeddable":true,"href":"https:\/\/kidsplay.lt\/lv\/wp-json\/wp\/v2\/media\/84397"}],"wp:attachment":[{"href":"https:\/\/kidsplay.lt\/lv\/wp-json\/wp\/v2\/media?parent=84395"}],"wp:term":[{"taxonomy":"product_brand","embeddable":true,"href":"https:\/\/kidsplay.lt\/lv\/wp-json\/wp\/v2\/product_brand?post=84395"},{"taxonomy":"product_cat","embeddable":true,"href":"https:\/\/kidsplay.lt\/lv\/wp-json\/wp\/v2\/product_cat?post=84395"},{"taxonomy":"product_tag","embeddable":true,"href":"https:\/\/kidsplay.lt\/lv\/wp-json\/wp\/v2\/product_tag?post=84395"}],"curies":[{"name":"wp","href":"https:\/\/api.w.org\/{rel}","templated":true}]}}