{"id":84425,"date":"2026-02-22T13:03:18","date_gmt":"2026-02-22T11:03:18","guid":{"rendered":"https:\/\/kidsplay.lt\/produktas\/masterkidz-montessori-atlieku-rusiavimo-edukacine-lenta\/"},"modified":"2026-04-13T14:08:58","modified_gmt":"2026-04-13T11:08:58","slug":"masterkidz-montessori-atlieku-rusiavimo-edukacine-lenta","status":"publish","type":"product","link":"https:\/\/kidsplay.lt\/lv\/products\/masterkidz-montessori-atlieku-rusiavimo-edukacine-lenta\/","title":{"rendered":"MASTERKIDZ \u2013 Montessori atliek\u0173 r\u016b\u0161iavimo edukacin\u0117 lenta"},"content":{"rendered":"<p>MASTERKIDZ edukacin\u0117s lentos \u2013 mokymasis per \u017eaidim\u0105<br \/>\nEdukacin\u0117s lentos leid\u017eia vaikams lavinti daugyb\u0119 \u012fg\u016bd\u017ei\u0173 vienu metu. Kiekviena lenta supa\u017eindina su \u012fdomiomis temomis ir padeda pa\u017einti pasaul\u012f per praktin\u012f tyrin\u0117jim\u0105. Galime tur\u0117ti kelias lentas ir lengvai jas keisti \u2013 special\u016bs r\u0117mai patikimai laiko lent\u0105 prie sienos, ta\u010diau j\u0105 taip pat galima naudoti be r\u0117mo, pavyzd\u017eiui, ant stalo ar grind\u0173.<br \/>\nRaksturojums:<\/p>\n<p>Galima tur\u0117ti kelias lentas ir jas lengvai keisti; special\u016bs r\u0117mai tvirtai laiko lent\u0105 prie sienos<\/p>\n<p>Lent\u0105 galima naudoti ir be r\u0117mo \u2013 ant stalo ar grind\u0173<\/p>\n<p>Lentoje vaizduojamas \u0161iuk\u0161liave\u017eis su konteineriais atitinkamomis spalvomis<\/p>\n<p>Vaiko u\u017eduotis \u2013 lazdele perkelti \u0161iuk\u0161li\u0173 pie\u0161inius \u012f tinkam\u0105 konteinerio dal\u012f<\/p>\n<p>Lenta moko nuo ma\u017eens r\u016b\u0161iuoti atliekas ir r\u016bpintis aplinka<\/p>\n<p>\u017daislas ugdo:<\/p>\n<p>motorik\u0105<\/p>\n<p>sensorik\u0105<\/p>\n<p>aki\u0173 ir rank\u0173 koordinacij\u0105<\/p>\n<p>vaizduot\u0119<\/p>\n<p>koncentracij\u0105<\/p>\n<p>smalsum\u0105<\/p>\n<p>MASTERKIDZ \u017eaislai yra auk\u0161tos kokyb\u0117s, patvar\u016bs ir saug\u016bs mediniai edukaciniai \u017eaislai, sukurti atsi\u017evelgiant \u012f skirtingus vaik\u0173 raidos etapus. K\u016brybi\u0161kas, edukacinis ir nuotyki\u0173 kupinas \u017eaidimas \u2013 pagrindinis \u0161io prek\u0117s \u017eenklo privalumas. \u017daislai puikiai tinka Montessori metodikai, tod\u0117l yra idealus pasirinkimas namams, dar\u017eeliui, vie\u0161bu\u010diui ar restoranui. Galime sukurti \u017eaidim\u0173 kampel\u012f ar didelio formato edukacin\u0119 sienel\u0119 \u2013 si\u016blome sienines ir mobili\u0105sias lentas, \u0161viesos stalus, pie\u0161imo plok\u0161tes, teminius mokymosi modulius ir daugyb\u0119 aksesuar\u0173, suteikian\u010di\u0173 begalines k\u016brybos galimybes.<\/p>","protected":false},"excerpt":{"rendered":"<p>MASTERKIDZ edukacin\u0117s lentos \u2013 mokymasis per \u017eaidim\u0105 Edukacin\u0117s lentos leid\u017eia vaikams lavinti daugyb\u0119 \u012fg\u016bd\u017ei\u0173 vienu metu. Kiekviena lenta supa\u017eindina su<\/p>","protected":false},"featured_media":84427,"template":"","meta":{"_acf_changed":false,"_glsr_average":0,"_glsr_ranking":0,"_glsr_reviews":0},"product_brand":[],"product_cat":[673,229],"product_tag":[],"class_list":{"0":"post-84425","1":"product","2":"type-product","3":"status-publish","4":"has-post-thumbnail","6":"product_cat-ugdomosios-priemones","7":"product_cat-zaislai-vaikams","8":"\"style=\"background-color: #2ecc711c;\"","10":"first","11":"instock","12":"purchasable","13":"product-type-simple"},"acf":[],"yoast_head":"<!-- This site is optimized with the Yoast SEO plugin v27.3 - https:\/\/yoast.com\/product\/yoast-seo-wordpress\/ -->\n<title>MASTERKIDZ \u2013 Montessori atliek\u0173 r\u016b\u0161iavimo edukacin\u0117 lenta<\/title>\n<meta name=\"description\" content=\"MASTERKIDZ \u2013 Montessori atliek\u0173 r\u016b\u0161iavimo edukacin\u0117 lenta - KidsPlay. Did\u017eiausias vaik\u0173 \u017eaisl\u0173 pasirinkimas.\" \/>\n<meta name=\"robots\" content=\"index, follow, max-snippet:-1, max-image-preview:large, max-video-preview:-1\" \/>\n<link rel=\"canonical\" href=\"https:\/\/kidsplay.lt\/lv\/products\/masterkidz-montessori-atlieku-rusiavimo-edukacine-lenta\/\" \/>\n<meta property=\"og:locale\" content=\"lv_LV\" \/>\n<meta property=\"og:type\" content=\"article\" \/>\n<meta property=\"og:title\" content=\"MASTERKIDZ \u2013 Montessori atliek\u0173 r\u016b\u0161iavimo edukacin\u0117 lenta\" \/>\n<meta property=\"og:description\" content=\"MASTERKIDZ \u2013 Montessori atliek\u0173 r\u016b\u0161iavimo edukacin\u0117 lenta - KidsPlay. Did\u017eiausias vaik\u0173 \u017eaisl\u0173 pasirinkimas.\" \/>\n<meta property=\"og:url\" content=\"https:\/\/kidsplay.lt\/lv\/products\/masterkidz-montessori-atlieku-rusiavimo-edukacine-lenta\/\" \/>\n<meta property=\"og:site_name\" content=\"KidsPlay\" \/>\n<meta property=\"article:publisher\" content=\"https:\/\/www.facebook.com\/www.kidsplay.lt\" \/>\n<meta property=\"article:modified_time\" content=\"2026-04-13T11:08:58+00:00\" \/>\n<meta property=\"og:image\" content=\"https:\/\/kidsplay.lt\/wp-content\/uploads\/2026\/02\/MASTERKIDZ-\u2013-Montessori-atlieku-rusiavimo-edukacine-lenta.jpg\" \/>\n\t<meta property=\"og:image:width\" content=\"1325\" \/>\n\t<meta property=\"og:image:height\" content=\"1370\" \/>\n\t<meta property=\"og:image:type\" content=\"image\/jpeg\" \/>\n<meta name=\"twitter:card\" content=\"summary_large_image\" \/>\n<meta name=\"twitter:label1\" content=\"Est. reading time\" \/>\n\t<meta name=\"twitter:data1\" content=\"1 min\u016bte\" \/>\n<script type=\"application\/ld+json\" class=\"yoast-schema-graph\">{\"@context\":\"https:\\\/\\\/schema.org\",\"@graph\":[{\"@type\":\"WebPage\",\"@id\":\"https:\\\/\\\/kidsplay.lt\\\/produktas\\\/masterkidz-montessori-atlieku-rusiavimo-edukacine-lenta\\\/\",\"url\":\"https:\\\/\\\/kidsplay.lt\\\/produktas\\\/masterkidz-montessori-atlieku-rusiavimo-edukacine-lenta\\\/\",\"name\":\"MASTERKIDZ \u2013 Montessori atliek\u0173 r\u016b\u0161iavimo edukacin\u0117 lenta\",\"isPartOf\":{\"@id\":\"https:\\\/\\\/kidsplay.lt\\\/#website\"},\"primaryImageOfPage\":{\"@id\":\"https:\\\/\\\/kidsplay.lt\\\/produktas\\\/masterkidz-montessori-atlieku-rusiavimo-edukacine-lenta\\\/#primaryimage\"},\"image\":{\"@id\":\"https:\\\/\\\/kidsplay.lt\\\/produktas\\\/masterkidz-montessori-atlieku-rusiavimo-edukacine-lenta\\\/#primaryimage\"},\"thumbnailUrl\":\"https:\\\/\\\/kidsplay.lt\\\/wp-content\\\/uploads\\\/2026\\\/02\\\/MASTERKIDZ-\u2013-Montessori-atlieku-rusiavimo-edukacine-lenta.jpg\",\"datePublished\":\"2026-02-22T11:03:18+00:00\",\"dateModified\":\"2026-04-13T11:08:58+00:00\",\"description\":\"MASTERKIDZ \u2013 Montessori atliek\u0173 r\u016b\u0161iavimo edukacin\u0117 lenta - KidsPlay. Did\u017eiausias vaik\u0173 \u017eaisl\u0173 pasirinkimas.\",\"breadcrumb\":{\"@id\":\"https:\\\/\\\/kidsplay.lt\\\/produktas\\\/masterkidz-montessori-atlieku-rusiavimo-edukacine-lenta\\\/#breadcrumb\"},\"inLanguage\":\"lv-LV\",\"potentialAction\":[{\"@type\":\"ReadAction\",\"target\":[\"https:\\\/\\\/kidsplay.lt\\\/produktas\\\/masterkidz-montessori-atlieku-rusiavimo-edukacine-lenta\\\/\"]}]},{\"@type\":\"ImageObject\",\"inLanguage\":\"lv-LV\",\"@id\":\"https:\\\/\\\/kidsplay.lt\\\/produktas\\\/masterkidz-montessori-atlieku-rusiavimo-edukacine-lenta\\\/#primaryimage\",\"url\":\"https:\\\/\\\/kidsplay.lt\\\/wp-content\\\/uploads\\\/2026\\\/02\\\/MASTERKIDZ-\u2013-Montessori-atlieku-rusiavimo-edukacine-lenta.jpg\",\"contentUrl\":\"https:\\\/\\\/kidsplay.lt\\\/wp-content\\\/uploads\\\/2026\\\/02\\\/MASTERKIDZ-\u2013-Montessori-atlieku-rusiavimo-edukacine-lenta.jpg\",\"width\":1325,\"height\":1370,\"caption\":\"MASTERKIDZ \u2013 Montessori atliek\u0173 r\u016b\u0161iavimo edukacin\u0117 lenta\"},{\"@type\":\"BreadcrumbList\",\"@id\":\"https:\\\/\\\/kidsplay.lt\\\/produktas\\\/masterkidz-montessori-atlieku-rusiavimo-edukacine-lenta\\\/#breadcrumb\",\"itemListElement\":[{\"@type\":\"ListItem\",\"position\":1,\"name\":\"Pagrindinis\",\"item\":\"https:\\\/\\\/kidsplay.lt\\\/\"},{\"@type\":\"ListItem\",\"position\":2,\"name\":\"Parduotuv\u0117\",\"item\":\"https:\\\/\\\/kidsplay.lt\\\/parduotuve\\\/\"},{\"@type\":\"ListItem\",\"position\":3,\"name\":\"MASTERKIDZ \u2013 Montessori atliek\u0173 r\u016b\u0161iavimo edukacin\u0117 lenta\"}]},{\"@type\":\"WebSite\",\"@id\":\"https:\\\/\\\/kidsplay.lt\\\/#website\",\"url\":\"https:\\\/\\\/kidsplay.lt\\\/\",\"name\":\"Kidsplay.lt\",\"description\":\"\u012evairios prek\u0117s vaikams\",\"publisher\":{\"@id\":\"https:\\\/\\\/kidsplay.lt\\\/#organization\"},\"alternateName\":\"Kidsplay\",\"potentialAction\":[{\"@type\":\"SearchAction\",\"target\":{\"@type\":\"EntryPoint\",\"urlTemplate\":\"https:\\\/\\\/kidsplay.lt\\\/?s={search_term_string}\"},\"query-input\":{\"@type\":\"PropertyValueSpecification\",\"valueRequired\":true,\"valueName\":\"search_term_string\"}}],\"inLanguage\":\"lv-LV\"},{\"@type\":\"Organization\",\"@id\":\"https:\\\/\\\/kidsplay.lt\\\/#organization\",\"name\":\"KidsPlay\",\"url\":\"https:\\\/\\\/kidsplay.lt\\\/\",\"logo\":{\"@type\":\"ImageObject\",\"inLanguage\":\"lv-LV\",\"@id\":\"https:\\\/\\\/kidsplay.lt\\\/#\\\/schema\\\/logo\\\/image\\\/\",\"url\":\"https:\\\/\\\/kidsplay.lt\\\/wp-content\\\/uploads\\\/2023\\\/07\\\/kidsplay-logo.png\",\"contentUrl\":\"https:\\\/\\\/kidsplay.lt\\\/wp-content\\\/uploads\\\/2023\\\/07\\\/kidsplay-logo.png\",\"width\":451,\"height\":98,\"caption\":\"KidsPlay\"},\"image\":{\"@id\":\"https:\\\/\\\/kidsplay.lt\\\/#\\\/schema\\\/logo\\\/image\\\/\"},\"sameAs\":[\"https:\\\/\\\/www.facebook.com\\\/www.kidsplay.lt\"]}]}<\/script>\n<!-- \/ Yoast SEO plugin. -->","yoast_head_json":{"title":"MASTERKIDZ \u2013 Montessori atliek\u0173 r\u016b\u0161iavimo edukacin\u0117 lenta","description":"MASTERKIDZ \u2013 Montessori atliek\u0173 r\u016b\u0161iavimo edukacin\u0117 lenta - KidsPlay. Did\u017eiausias vaik\u0173 \u017eaisl\u0173 pasirinkimas.","robots":{"index":"index","follow":"follow","max-snippet":"max-snippet:-1","max-image-preview":"max-image-preview:large","max-video-preview":"max-video-preview:-1"},"canonical":"https:\/\/kidsplay.lt\/lv\/products\/masterkidz-montessori-atlieku-rusiavimo-edukacine-lenta\/","og_locale":"lv_LV","og_type":"article","og_title":"MASTERKIDZ \u2013 Montessori atliek\u0173 r\u016b\u0161iavimo edukacin\u0117 lenta","og_description":"MASTERKIDZ \u2013 Montessori atliek\u0173 r\u016b\u0161iavimo edukacin\u0117 lenta - KidsPlay. Did\u017eiausias vaik\u0173 \u017eaisl\u0173 pasirinkimas.","og_url":"https:\/\/kidsplay.lt\/lv\/products\/masterkidz-montessori-atlieku-rusiavimo-edukacine-lenta\/","og_site_name":"KidsPlay","article_publisher":"https:\/\/www.facebook.com\/www.kidsplay.lt","article_modified_time":"2026-04-13T11:08:58+00:00","og_image":[{"width":1325,"height":1370,"url":"https:\/\/kidsplay.lt\/wp-content\/uploads\/2026\/02\/MASTERKIDZ-\u2013-Montessori-atlieku-rusiavimo-edukacine-lenta.jpg","type":"image\/jpeg"}],"twitter_card":"summary_large_image","twitter_misc":{"Est. reading time":"1 min\u016bte"},"schema":{"@context":"https:\/\/schema.org","@graph":[{"@type":"WebPage","@id":"https:\/\/kidsplay.lt\/produktas\/masterkidz-montessori-atlieku-rusiavimo-edukacine-lenta\/","url":"https:\/\/kidsplay.lt\/produktas\/masterkidz-montessori-atlieku-rusiavimo-edukacine-lenta\/","name":"MASTERKIDZ \u2013 Montessori atliek\u0173 r\u016b\u0161iavimo edukacin\u0117 lenta","isPartOf":{"@id":"https:\/\/kidsplay.lt\/#website"},"primaryImageOfPage":{"@id":"https:\/\/kidsplay.lt\/produktas\/masterkidz-montessori-atlieku-rusiavimo-edukacine-lenta\/#primaryimage"},"image":{"@id":"https:\/\/kidsplay.lt\/produktas\/masterkidz-montessori-atlieku-rusiavimo-edukacine-lenta\/#primaryimage"},"thumbnailUrl":"https:\/\/kidsplay.lt\/wp-content\/uploads\/2026\/02\/MASTERKIDZ-\u2013-Montessori-atlieku-rusiavimo-edukacine-lenta.jpg","datePublished":"2026-02-22T11:03:18+00:00","dateModified":"2026-04-13T11:08:58+00:00","description":"MASTERKIDZ \u2013 Montessori atliek\u0173 r\u016b\u0161iavimo edukacin\u0117 lenta - KidsPlay. Did\u017eiausias vaik\u0173 \u017eaisl\u0173 pasirinkimas.","breadcrumb":{"@id":"https:\/\/kidsplay.lt\/produktas\/masterkidz-montessori-atlieku-rusiavimo-edukacine-lenta\/#breadcrumb"},"inLanguage":"lv-LV","potentialAction":[{"@type":"ReadAction","target":["https:\/\/kidsplay.lt\/produktas\/masterkidz-montessori-atlieku-rusiavimo-edukacine-lenta\/"]}]},{"@type":"ImageObject","inLanguage":"lv-LV","@id":"https:\/\/kidsplay.lt\/produktas\/masterkidz-montessori-atlieku-rusiavimo-edukacine-lenta\/#primaryimage","url":"https:\/\/kidsplay.lt\/wp-content\/uploads\/2026\/02\/MASTERKIDZ-\u2013-Montessori-atlieku-rusiavimo-edukacine-lenta.jpg","contentUrl":"https:\/\/kidsplay.lt\/wp-content\/uploads\/2026\/02\/MASTERKIDZ-\u2013-Montessori-atlieku-rusiavimo-edukacine-lenta.jpg","width":1325,"height":1370,"caption":"MASTERKIDZ \u2013 Montessori atliek\u0173 r\u016b\u0161iavimo edukacin\u0117 lenta"},{"@type":"BreadcrumbList","@id":"https:\/\/kidsplay.lt\/produktas\/masterkidz-montessori-atlieku-rusiavimo-edukacine-lenta\/#breadcrumb","itemListElement":[{"@type":"ListItem","position":1,"name":"Pagrindinis","item":"https:\/\/kidsplay.lt\/"},{"@type":"ListItem","position":2,"name":"Parduotuv\u0117","item":"https:\/\/kidsplay.lt\/parduotuve\/"},{"@type":"ListItem","position":3,"name":"MASTERKIDZ \u2013 Montessori atliek\u0173 r\u016b\u0161iavimo edukacin\u0117 lenta"}]},{"@type":"WebSite","@id":"https:\/\/kidsplay.lt\/#website","url":"https:\/\/kidsplay.lt\/","name":"B\u0113rnu sp\u0113les.lv","description":"\u012evairios prek\u0117s vaikams","publisher":{"@id":"https:\/\/kidsplay.lt\/#organization"},"alternateName":"Kidsplay","potentialAction":[{"@type":"SearchAction","target":{"@type":"EntryPoint","urlTemplate":"https:\/\/kidsplay.lt\/?s={search_term_string}"},"query-input":{"@type":"PropertyValueSpecification","valueRequired":true,"valueName":"search_term_string"}}],"inLanguage":"lv-LV"},{"@type":"Organization","@id":"https:\/\/kidsplay.lt\/#organization","name":"B\u0113rnu sp\u0113le","url":"https:\/\/kidsplay.lt\/","logo":{"@type":"ImageObject","inLanguage":"lv-LV","@id":"https:\/\/kidsplay.lt\/#\/schema\/logo\/image\/","url":"https:\/\/kidsplay.lt\/wp-content\/uploads\/2023\/07\/kidsplay-logo.png","contentUrl":"https:\/\/kidsplay.lt\/wp-content\/uploads\/2023\/07\/kidsplay-logo.png","width":451,"height":98,"caption":"KidsPlay"},"image":{"@id":"https:\/\/kidsplay.lt\/#\/schema\/logo\/image\/"},"sameAs":["https:\/\/www.facebook.com\/www.kidsplay.lt"]}]}},"_links":{"self":[{"href":"https:\/\/kidsplay.lt\/lv\/wp-json\/wp\/v2\/product\/84425","targetHints":{"allow":["GET"]}}],"collection":[{"href":"https:\/\/kidsplay.lt\/lv\/wp-json\/wp\/v2\/product"}],"about":[{"href":"https:\/\/kidsplay.lt\/lv\/wp-json\/wp\/v2\/types\/product"}],"version-history":[{"count":1,"href":"https:\/\/kidsplay.lt\/lv\/wp-json\/wp\/v2\/product\/84425\/revisions"}],"predecessor-version":[{"id":84426,"href":"https:\/\/kidsplay.lt\/lv\/wp-json\/wp\/v2\/product\/84425\/revisions\/84426"}],"wp:featuredmedia":[{"embeddable":true,"href":"https:\/\/kidsplay.lt\/lv\/wp-json\/wp\/v2\/media\/84427"}],"wp:attachment":[{"href":"https:\/\/kidsplay.lt\/lv\/wp-json\/wp\/v2\/media?parent=84425"}],"wp:term":[{"taxonomy":"product_brand","embeddable":true,"href":"https:\/\/kidsplay.lt\/lv\/wp-json\/wp\/v2\/product_brand?post=84425"},{"taxonomy":"product_cat","embeddable":true,"href":"https:\/\/kidsplay.lt\/lv\/wp-json\/wp\/v2\/product_cat?post=84425"},{"taxonomy":"product_tag","embeddable":true,"href":"https:\/\/kidsplay.lt\/lv\/wp-json\/wp\/v2\/product_tag?post=84425"}],"curies":[{"name":"wp","href":"https:\/\/api.w.org\/{rel}","templated":true}]}}