{"id":84441,"date":"2026-02-22T13:03:56","date_gmt":"2026-02-22T11:03:56","guid":{"rendered":"https:\/\/kidsplay.lt\/produktas\/masterkidz-edukacine-lenta-su-labirintais\/"},"modified":"2026-04-07T09:47:41","modified_gmt":"2026-04-07T06:47:41","slug":"masterkidz-edukacine-lenta-su-labirintais","status":"publish","type":"product","link":"https:\/\/kidsplay.lt\/lv\/product\/masterkidz-edukacine-lenta-su-labirintais\/","title":{"rendered":"MASTERKIDZ edukacin\u0117 lenta su labirintais"},"content":{"rendered":"<p>MASTERKIDZ edukacin\u0117 lenta su labirintais<br \/>\nEdukacin\u0117s lentos leid\u017eia vaikams lavinti daugyb\u0119 \u012fg\u016bd\u017ei\u0173 vienu metu. Kiekviena lenta supa\u017eindina su \u012fdomiomis temomis ir padeda pa\u017einti pasaul\u012f, mokantis praktini\u0173 socialini\u0173 ir pa\u017eintini\u0173 \u012fg\u016bd\u017ei\u0173. Kei\u010diam\u0173 lent\u0173 sistema ir special\u016bs r\u0117mai leid\u017eia lengvai atnaujinti \u017eaidimo erdv\u0119, o lenta patikimai tvirtinama prie sienos.<br \/>\nCharakteristika:<\/p>\n<p>Galima tur\u0117ti kelias lentas ir jas lengvai keisti; r\u0117mai patikimai laiko lent\u0105 prie sienos<\/p>\n<p>Lent\u0105 galima naudoti ir be r\u0117mo \u2013 ant stalo ar grind\u0173<\/p>\n<p>Slenkantis labirintas lavina motorik\u0105 ir form\u0173 atpa\u017einim\u0105<\/p>\n<p>Lentoje yra \u012fvair\u016bs labirintai, skatinantys m\u0105stym\u0105 ir koncentracij\u0105<\/p>\n<p>Spalvotos ranken\u0117l\u0117s padeda mokytis spalv\u0173<\/p>\n<p>Lentoje yra 4 kai\u0161tukai, kuri\u0173 6 skirtingos spalvos<\/p>\n<p>\u017daislas ugdo:<\/p>\n<p>motorik\u0105<\/p>\n<p>sensorinius \u012fg\u016bd\u017eius<\/p>\n<p>aki\u0173 ir rank\u0173 koordinacij\u0105<\/p>\n<p>vaizduot\u0119<\/p>\n<p>koncentracij\u0105<\/p>\n<p>smalsum\u0105<\/p>\n<p>MASTERKIDZ edukaciniai \u017eaislai yra auk\u0161tos kokyb\u0117s, patvar\u016bs ir saug\u016bs mediniai mokymosi \u012frankiai, pritaikyti \u012fvairiems vaik\u0173 raidos etapams. Jie skatina k\u016brybi\u0161kum\u0105, savaranki\u0161k\u0105 tyrin\u0117jim\u0105 ir socialini\u0173 \u012fg\u016bd\u017ei\u0173 ugdym\u0105, tod\u0117l puikiai tinka namams, dar\u017eeliams, vie\u0161bu\u010diams ar edukacin\u0117ms erdv\u0117ms.<\/p>","protected":false},"excerpt":{"rendered":"<p>MASTERKIDZ edukacin\u0117 lenta su labirintais Edukacin\u0117s lentos leid\u017eia vaikams lavinti daugyb\u0119 \u012fg\u016bd\u017ei\u0173 vienu metu. Kiekviena lenta supa\u017eindina su \u012fdomiomis temomis<\/p>","protected":false},"featured_media":84443,"template":"","meta":{"_acf_changed":false,"_glsr_average":0,"_glsr_ranking":0,"_glsr_reviews":0},"product_brand":[],"product_cat":[673,229],"product_tag":[],"class_list":{"0":"post-84441","1":"product","2":"type-product","3":"status-publish","4":"has-post-thumbnail","6":"product_cat-ugdomosios-priemones","7":"product_cat-zaislai-vaikams","8":"\"style=\"background-color: #2ecc711c;\"","10":"first","11":"instock","12":"purchasable","13":"product-type-simple"},"acf":[],"yoast_head":"<!-- This site is optimized with the Yoast SEO plugin v27.3 - https:\/\/yoast.com\/product\/yoast-seo-wordpress\/ -->\n<title>MASTERKIDZ edukacin\u0117 lenta su labirintais<\/title>\n<meta name=\"description\" content=\"MASTERKIDZ edukacin\u0117 lenta su labirintais - KidsPlay. Did\u017eiausias vaik\u0173 \u017eaisl\u0173 pasirinkimas.\" \/>\n<meta name=\"robots\" content=\"index, follow, max-snippet:-1, max-image-preview:large, max-video-preview:-1\" \/>\n<link rel=\"canonical\" href=\"https:\/\/kidsplay.lt\/lv\/product\/masterkidz-edukacine-lenta-su-labirintais\/\" \/>\n<meta property=\"og:locale\" content=\"lv_LV\" \/>\n<meta property=\"og:type\" content=\"article\" \/>\n<meta property=\"og:title\" content=\"MASTERKIDZ edukacin\u0117 lenta su labirintais\" \/>\n<meta property=\"og:description\" content=\"MASTERKIDZ edukacin\u0117 lenta su labirintais - KidsPlay. Did\u017eiausias vaik\u0173 \u017eaisl\u0173 pasirinkimas.\" \/>\n<meta property=\"og:url\" content=\"https:\/\/kidsplay.lt\/lv\/product\/masterkidz-edukacine-lenta-su-labirintais\/\" \/>\n<meta property=\"og:site_name\" content=\"KidsPlay\" \/>\n<meta property=\"article:publisher\" content=\"https:\/\/www.facebook.com\/www.kidsplay.lt\" \/>\n<meta property=\"article:modified_time\" content=\"2026-04-07T06:47:41+00:00\" \/>\n<meta property=\"og:image\" content=\"https:\/\/kidsplay.lt\/wp-content\/uploads\/2026\/02\/MASTERKIDZ-edukacine-lenta-su-labirintais.jpg\" \/>\n\t<meta property=\"og:image:width\" content=\"2500\" \/>\n\t<meta property=\"og:image:height\" content=\"2500\" \/>\n\t<meta property=\"og:image:type\" content=\"image\/jpeg\" \/>\n<meta name=\"twitter:card\" content=\"summary_large_image\" \/>\n<meta name=\"twitter:label1\" content=\"Est. reading time\" \/>\n\t<meta name=\"twitter:data1\" content=\"1 min\u016bte\" \/>\n<script type=\"application\/ld+json\" class=\"yoast-schema-graph\">{\"@context\":\"https:\\\/\\\/schema.org\",\"@graph\":[{\"@type\":\"WebPage\",\"@id\":\"https:\\\/\\\/kidsplay.lt\\\/produktas\\\/masterkidz-edukacine-lenta-su-labirintais\\\/\",\"url\":\"https:\\\/\\\/kidsplay.lt\\\/produktas\\\/masterkidz-edukacine-lenta-su-labirintais\\\/\",\"name\":\"MASTERKIDZ edukacin\u0117 lenta su labirintais\",\"isPartOf\":{\"@id\":\"https:\\\/\\\/kidsplay.lt\\\/#website\"},\"primaryImageOfPage\":{\"@id\":\"https:\\\/\\\/kidsplay.lt\\\/produktas\\\/masterkidz-edukacine-lenta-su-labirintais\\\/#primaryimage\"},\"image\":{\"@id\":\"https:\\\/\\\/kidsplay.lt\\\/produktas\\\/masterkidz-edukacine-lenta-su-labirintais\\\/#primaryimage\"},\"thumbnailUrl\":\"https:\\\/\\\/kidsplay.lt\\\/wp-content\\\/uploads\\\/2026\\\/02\\\/MASTERKIDZ-edukacine-lenta-su-labirintais.jpg\",\"datePublished\":\"2026-02-22T11:03:56+00:00\",\"dateModified\":\"2026-04-07T06:47:41+00:00\",\"description\":\"MASTERKIDZ edukacin\u0117 lenta su labirintais - KidsPlay. Did\u017eiausias vaik\u0173 \u017eaisl\u0173 pasirinkimas.\",\"breadcrumb\":{\"@id\":\"https:\\\/\\\/kidsplay.lt\\\/produktas\\\/masterkidz-edukacine-lenta-su-labirintais\\\/#breadcrumb\"},\"inLanguage\":\"lv-LV\",\"potentialAction\":[{\"@type\":\"ReadAction\",\"target\":[\"https:\\\/\\\/kidsplay.lt\\\/produktas\\\/masterkidz-edukacine-lenta-su-labirintais\\\/\"]}]},{\"@type\":\"ImageObject\",\"inLanguage\":\"lv-LV\",\"@id\":\"https:\\\/\\\/kidsplay.lt\\\/produktas\\\/masterkidz-edukacine-lenta-su-labirintais\\\/#primaryimage\",\"url\":\"https:\\\/\\\/kidsplay.lt\\\/wp-content\\\/uploads\\\/2026\\\/02\\\/MASTERKIDZ-edukacine-lenta-su-labirintais.jpg\",\"contentUrl\":\"https:\\\/\\\/kidsplay.lt\\\/wp-content\\\/uploads\\\/2026\\\/02\\\/MASTERKIDZ-edukacine-lenta-su-labirintais.jpg\",\"width\":2500,\"height\":2500,\"caption\":\"MASTERKIDZ edukacin\u0117 lenta su labirintais\"},{\"@type\":\"BreadcrumbList\",\"@id\":\"https:\\\/\\\/kidsplay.lt\\\/produktas\\\/masterkidz-edukacine-lenta-su-labirintais\\\/#breadcrumb\",\"itemListElement\":[{\"@type\":\"ListItem\",\"position\":1,\"name\":\"Pagrindinis\",\"item\":\"https:\\\/\\\/kidsplay.lt\\\/\"},{\"@type\":\"ListItem\",\"position\":2,\"name\":\"Parduotuv\u0117\",\"item\":\"https:\\\/\\\/kidsplay.lt\\\/parduotuve\\\/\"},{\"@type\":\"ListItem\",\"position\":3,\"name\":\"MASTERKIDZ edukacin\u0117 lenta su labirintais\"}]},{\"@type\":\"WebSite\",\"@id\":\"https:\\\/\\\/kidsplay.lt\\\/#website\",\"url\":\"https:\\\/\\\/kidsplay.lt\\\/\",\"name\":\"Kidsplay.lt\",\"description\":\"\u012evairios prek\u0117s vaikams\",\"publisher\":{\"@id\":\"https:\\\/\\\/kidsplay.lt\\\/#organization\"},\"alternateName\":\"Kidsplay\",\"potentialAction\":[{\"@type\":\"SearchAction\",\"target\":{\"@type\":\"EntryPoint\",\"urlTemplate\":\"https:\\\/\\\/kidsplay.lt\\\/?s={search_term_string}\"},\"query-input\":{\"@type\":\"PropertyValueSpecification\",\"valueRequired\":true,\"valueName\":\"search_term_string\"}}],\"inLanguage\":\"lv-LV\"},{\"@type\":\"Organization\",\"@id\":\"https:\\\/\\\/kidsplay.lt\\\/#organization\",\"name\":\"KidsPlay\",\"url\":\"https:\\\/\\\/kidsplay.lt\\\/\",\"logo\":{\"@type\":\"ImageObject\",\"inLanguage\":\"lv-LV\",\"@id\":\"https:\\\/\\\/kidsplay.lt\\\/#\\\/schema\\\/logo\\\/image\\\/\",\"url\":\"https:\\\/\\\/kidsplay.lt\\\/wp-content\\\/uploads\\\/2023\\\/07\\\/kidsplay-logo.png\",\"contentUrl\":\"https:\\\/\\\/kidsplay.lt\\\/wp-content\\\/uploads\\\/2023\\\/07\\\/kidsplay-logo.png\",\"width\":451,\"height\":98,\"caption\":\"KidsPlay\"},\"image\":{\"@id\":\"https:\\\/\\\/kidsplay.lt\\\/#\\\/schema\\\/logo\\\/image\\\/\"},\"sameAs\":[\"https:\\\/\\\/www.facebook.com\\\/www.kidsplay.lt\"]}]}<\/script>\n<!-- \/ Yoast SEO plugin. -->","yoast_head_json":{"title":"MASTERKIDZ edukacin\u0117 lenta su labirintais","description":"MASTERKIDZ edukacin\u0117 lenta su labirintais - KidsPlay. Did\u017eiausias vaik\u0173 \u017eaisl\u0173 pasirinkimas.","robots":{"index":"index","follow":"follow","max-snippet":"max-snippet:-1","max-image-preview":"max-image-preview:large","max-video-preview":"max-video-preview:-1"},"canonical":"https:\/\/kidsplay.lt\/lv\/product\/masterkidz-edukacine-lenta-su-labirintais\/","og_locale":"lv_LV","og_type":"article","og_title":"MASTERKIDZ edukacin\u0117 lenta su labirintais","og_description":"MASTERKIDZ edukacin\u0117 lenta su labirintais - KidsPlay. Did\u017eiausias vaik\u0173 \u017eaisl\u0173 pasirinkimas.","og_url":"https:\/\/kidsplay.lt\/lv\/product\/masterkidz-edukacine-lenta-su-labirintais\/","og_site_name":"KidsPlay","article_publisher":"https:\/\/www.facebook.com\/www.kidsplay.lt","article_modified_time":"2026-04-07T06:47:41+00:00","og_image":[{"width":2500,"height":2500,"url":"https:\/\/kidsplay.lt\/wp-content\/uploads\/2026\/02\/MASTERKIDZ-edukacine-lenta-su-labirintais.jpg","type":"image\/jpeg"}],"twitter_card":"summary_large_image","twitter_misc":{"Est. reading time":"1 min\u016bte"},"schema":{"@context":"https:\/\/schema.org","@graph":[{"@type":"WebPage","@id":"https:\/\/kidsplay.lt\/produktas\/masterkidz-edukacine-lenta-su-labirintais\/","url":"https:\/\/kidsplay.lt\/produktas\/masterkidz-edukacine-lenta-su-labirintais\/","name":"MASTERKIDZ edukacin\u0117 lenta su labirintais","isPartOf":{"@id":"https:\/\/kidsplay.lt\/#website"},"primaryImageOfPage":{"@id":"https:\/\/kidsplay.lt\/produktas\/masterkidz-edukacine-lenta-su-labirintais\/#primaryimage"},"image":{"@id":"https:\/\/kidsplay.lt\/produktas\/masterkidz-edukacine-lenta-su-labirintais\/#primaryimage"},"thumbnailUrl":"https:\/\/kidsplay.lt\/wp-content\/uploads\/2026\/02\/MASTERKIDZ-edukacine-lenta-su-labirintais.jpg","datePublished":"2026-02-22T11:03:56+00:00","dateModified":"2026-04-07T06:47:41+00:00","description":"MASTERKIDZ edukacin\u0117 lenta su labirintais - KidsPlay. Did\u017eiausias vaik\u0173 \u017eaisl\u0173 pasirinkimas.","breadcrumb":{"@id":"https:\/\/kidsplay.lt\/produktas\/masterkidz-edukacine-lenta-su-labirintais\/#breadcrumb"},"inLanguage":"lv-LV","potentialAction":[{"@type":"ReadAction","target":["https:\/\/kidsplay.lt\/produktas\/masterkidz-edukacine-lenta-su-labirintais\/"]}]},{"@type":"ImageObject","inLanguage":"lv-LV","@id":"https:\/\/kidsplay.lt\/produktas\/masterkidz-edukacine-lenta-su-labirintais\/#primaryimage","url":"https:\/\/kidsplay.lt\/wp-content\/uploads\/2026\/02\/MASTERKIDZ-edukacine-lenta-su-labirintais.jpg","contentUrl":"https:\/\/kidsplay.lt\/wp-content\/uploads\/2026\/02\/MASTERKIDZ-edukacine-lenta-su-labirintais.jpg","width":2500,"height":2500,"caption":"MASTERKIDZ edukacin\u0117 lenta su labirintais"},{"@type":"BreadcrumbList","@id":"https:\/\/kidsplay.lt\/produktas\/masterkidz-edukacine-lenta-su-labirintais\/#breadcrumb","itemListElement":[{"@type":"ListItem","position":1,"name":"Pagrindinis","item":"https:\/\/kidsplay.lt\/"},{"@type":"ListItem","position":2,"name":"Parduotuv\u0117","item":"https:\/\/kidsplay.lt\/parduotuve\/"},{"@type":"ListItem","position":3,"name":"MASTERKIDZ edukacin\u0117 lenta su labirintais"}]},{"@type":"WebSite","@id":"https:\/\/kidsplay.lt\/#website","url":"https:\/\/kidsplay.lt\/","name":"B\u0113rnu sp\u0113les.lv","description":"\u012evairios prek\u0117s vaikams","publisher":{"@id":"https:\/\/kidsplay.lt\/#organization"},"alternateName":"Kidsplay","potentialAction":[{"@type":"SearchAction","target":{"@type":"EntryPoint","urlTemplate":"https:\/\/kidsplay.lt\/?s={search_term_string}"},"query-input":{"@type":"PropertyValueSpecification","valueRequired":true,"valueName":"search_term_string"}}],"inLanguage":"lv-LV"},{"@type":"Organization","@id":"https:\/\/kidsplay.lt\/#organization","name":"B\u0113rnu sp\u0113le","url":"https:\/\/kidsplay.lt\/","logo":{"@type":"ImageObject","inLanguage":"lv-LV","@id":"https:\/\/kidsplay.lt\/#\/schema\/logo\/image\/","url":"https:\/\/kidsplay.lt\/wp-content\/uploads\/2023\/07\/kidsplay-logo.png","contentUrl":"https:\/\/kidsplay.lt\/wp-content\/uploads\/2023\/07\/kidsplay-logo.png","width":451,"height":98,"caption":"KidsPlay"},"image":{"@id":"https:\/\/kidsplay.lt\/#\/schema\/logo\/image\/"},"sameAs":["https:\/\/www.facebook.com\/www.kidsplay.lt"]}]}},"_links":{"self":[{"href":"https:\/\/kidsplay.lt\/lv\/wp-json\/wp\/v2\/product\/84441","targetHints":{"allow":["GET"]}}],"collection":[{"href":"https:\/\/kidsplay.lt\/lv\/wp-json\/wp\/v2\/product"}],"about":[{"href":"https:\/\/kidsplay.lt\/lv\/wp-json\/wp\/v2\/types\/product"}],"version-history":[{"count":1,"href":"https:\/\/kidsplay.lt\/lv\/wp-json\/wp\/v2\/product\/84441\/revisions"}],"predecessor-version":[{"id":84442,"href":"https:\/\/kidsplay.lt\/lv\/wp-json\/wp\/v2\/product\/84441\/revisions\/84442"}],"wp:featuredmedia":[{"embeddable":true,"href":"https:\/\/kidsplay.lt\/lv\/wp-json\/wp\/v2\/media\/84443"}],"wp:attachment":[{"href":"https:\/\/kidsplay.lt\/lv\/wp-json\/wp\/v2\/media?parent=84441"}],"wp:term":[{"taxonomy":"product_brand","embeddable":true,"href":"https:\/\/kidsplay.lt\/lv\/wp-json\/wp\/v2\/product_brand?post=84441"},{"taxonomy":"product_cat","embeddable":true,"href":"https:\/\/kidsplay.lt\/lv\/wp-json\/wp\/v2\/product_cat?post=84441"},{"taxonomy":"product_tag","embeddable":true,"href":"https:\/\/kidsplay.lt\/lv\/wp-json\/wp\/v2\/product_tag?post=84441"}],"curies":[{"name":"wp","href":"https:\/\/api.w.org\/{rel}","templated":true}]}}