{"id":84448,"date":"2026-02-22T13:04:15","date_gmt":"2026-02-22T11:04:15","guid":{"rendered":"https:\/\/kidsplay.lt\/produktas\/masterkidz-edukacine-vandens-ciklo-lenta\/"},"modified":"2026-04-07T09:47:45","modified_gmt":"2026-04-07T06:47:45","slug":"masterkidz-edukacine-vandens-ciklo-lenta","status":"publish","type":"product","link":"https:\/\/kidsplay.lt\/lv\/products\/masterkidz-edukacine-vandens-ciklo-lenta\/","title":{"rendered":"MASTERKIDZ edukacin\u0117 vandens ciklo lenta"},"content":{"rendered":"<p>MASTERKIDZ edukacin\u0117s lentos \u2013 vandens ciklo lenta<br \/>\nEdukacin\u0117s lentos leid\u017eia vaikams lavinti daugyb\u0119 \u012fg\u016bd\u017ei\u0173 vienu metu. Kiekviena lenta supa\u017eindina su \u012fdomiomis temomis, padedan\u010diomis suprasti visuomen\u0119 ir pasaul\u012f. Galime tur\u0117ti kelias lentas ir lengvai jas keisti, o special\u016bs r\u0117mai patikimai laiko lent\u0105 pritvirtint\u0105 prie sienos.<br \/>\nCharakteristika:<\/p>\n<p>Galime tur\u0117ti kelias lentas ir jas lengvai keisti; special\u016bs r\u0117mai patikimai laiko lent\u0105 prie sienos<\/p>\n<p>Lent\u0105 galima naudoti ir be r\u0117mo \u2013 pavyzd\u017eiui, ant stalo ar grind\u0173<\/p>\n<p>Vandens ciklas \u2013 tai nuolatinis vandens jud\u0117jimas i\u0161 j\u016bros \u012f dang\u0173, \u012f \u017eem\u0119 ir atgal \u012f j\u016br\u0105<\/p>\n<p>Vandens jud\u0117jimas m\u016bs\u0173 planetoje yra b\u016btinas gyvybei, nes jis palaiko augalus ir gyv\u016bnus<\/p>\n<p>\u0160i lenta paprastai demonstruoja vis\u0105 vandens cikl\u0105<\/p>\n<p>Paspaudus tam tikrus atmosferos rei\u0161kinius, \u012fsijungia atitinkamos \u0161viesos<\/p>\n<p>Lentoje taip pat yra vandens ciklo mygtukas, kuris parodo vis\u0105 proces\u0105 m\u016bs\u0173 aplinkoje<\/p>\n<p>Veikimui reikalingos baterijos<\/p>\n<p>\u017daislas ugdo:<\/p>\n<p>motorik\u0105<\/p>\n<p>sensorik\u0105<\/p>\n<p>aki\u0173 ir rank\u0173 koordinacij\u0105<\/p>\n<p>vaizduot\u0119<\/p>\n<p>koncentracij\u0105<\/p>\n<p>smalsum\u0105<\/p>","protected":false},"excerpt":{"rendered":"<p>MASTERKIDZ edukacin\u0117s lentos \u2013 vandens ciklo lenta Edukacin\u0117s lentos leid\u017eia vaikams lavinti daugyb\u0119 \u012fg\u016bd\u017ei\u0173 vienu metu. Kiekviena lenta supa\u017eindina su<\/p>","protected":false},"featured_media":84450,"template":"","meta":{"_acf_changed":false,"_glsr_average":0,"_glsr_ranking":0,"_glsr_reviews":0},"product_brand":[],"product_cat":[673,229],"product_tag":[],"class_list":{"0":"post-84448","1":"product","2":"type-product","3":"status-publish","4":"has-post-thumbnail","6":"product_cat-ugdomosios-priemones","7":"product_cat-zaislai-vaikams","8":"\"style=\"background-color: #2ecc711c;\"","10":"first","11":"instock","12":"purchasable","13":"product-type-simple"},"acf":[],"yoast_head":"<!-- This site is optimized with the Yoast SEO plugin v27.3 - https:\/\/yoast.com\/product\/yoast-seo-wordpress\/ -->\n<title>MASTERKIDZ edukacin\u0117 vandens ciklo lenta<\/title>\n<meta name=\"description\" content=\"MASTERKIDZ edukacin\u0117 vandens ciklo lenta - KidsPlay. Did\u017eiausias vaik\u0173 \u017eaisl\u0173 pasirinkimas.\" \/>\n<meta name=\"robots\" content=\"index, follow, max-snippet:-1, max-image-preview:large, max-video-preview:-1\" \/>\n<link rel=\"canonical\" href=\"https:\/\/kidsplay.lt\/lv\/products\/masterkidz-edukacine-vandens-ciklo-lenta\/\" \/>\n<meta property=\"og:locale\" content=\"lv_LV\" \/>\n<meta property=\"og:type\" content=\"article\" \/>\n<meta property=\"og:title\" content=\"MASTERKIDZ edukacin\u0117 vandens ciklo lenta\" \/>\n<meta property=\"og:description\" content=\"MASTERKIDZ edukacin\u0117 vandens ciklo lenta - KidsPlay. Did\u017eiausias vaik\u0173 \u017eaisl\u0173 pasirinkimas.\" \/>\n<meta property=\"og:url\" content=\"https:\/\/kidsplay.lt\/lv\/products\/masterkidz-edukacine-vandens-ciklo-lenta\/\" \/>\n<meta property=\"og:site_name\" content=\"KidsPlay\" \/>\n<meta property=\"article:publisher\" content=\"https:\/\/www.facebook.com\/www.kidsplay.lt\" \/>\n<meta property=\"article:modified_time\" content=\"2026-04-07T06:47:45+00:00\" \/>\n<meta property=\"og:image\" content=\"https:\/\/kidsplay.lt\/wp-content\/uploads\/2026\/02\/MASTERKIDZ-edukacine-vandens-ciklo-lenta.jpg\" \/>\n\t<meta property=\"og:image:width\" content=\"2560\" \/>\n\t<meta property=\"og:image:height\" content=\"2560\" \/>\n\t<meta property=\"og:image:type\" content=\"image\/jpeg\" \/>\n<meta name=\"twitter:card\" content=\"summary_large_image\" \/>\n<meta name=\"twitter:label1\" content=\"Est. reading time\" \/>\n\t<meta name=\"twitter:data1\" content=\"1 min\u016bte\" \/>\n<script type=\"application\/ld+json\" class=\"yoast-schema-graph\">{\"@context\":\"https:\\\/\\\/schema.org\",\"@graph\":[{\"@type\":\"WebPage\",\"@id\":\"https:\\\/\\\/kidsplay.lt\\\/produktas\\\/masterkidz-edukacine-vandens-ciklo-lenta\\\/\",\"url\":\"https:\\\/\\\/kidsplay.lt\\\/produktas\\\/masterkidz-edukacine-vandens-ciklo-lenta\\\/\",\"name\":\"MASTERKIDZ edukacin\u0117 vandens ciklo lenta\",\"isPartOf\":{\"@id\":\"https:\\\/\\\/kidsplay.lt\\\/#website\"},\"primaryImageOfPage\":{\"@id\":\"https:\\\/\\\/kidsplay.lt\\\/produktas\\\/masterkidz-edukacine-vandens-ciklo-lenta\\\/#primaryimage\"},\"image\":{\"@id\":\"https:\\\/\\\/kidsplay.lt\\\/produktas\\\/masterkidz-edukacine-vandens-ciklo-lenta\\\/#primaryimage\"},\"thumbnailUrl\":\"https:\\\/\\\/kidsplay.lt\\\/wp-content\\\/uploads\\\/2026\\\/02\\\/MASTERKIDZ-edukacine-vandens-ciklo-lenta.jpg\",\"datePublished\":\"2026-02-22T11:04:15+00:00\",\"dateModified\":\"2026-04-07T06:47:45+00:00\",\"description\":\"MASTERKIDZ edukacin\u0117 vandens ciklo lenta - KidsPlay. Did\u017eiausias vaik\u0173 \u017eaisl\u0173 pasirinkimas.\",\"breadcrumb\":{\"@id\":\"https:\\\/\\\/kidsplay.lt\\\/produktas\\\/masterkidz-edukacine-vandens-ciklo-lenta\\\/#breadcrumb\"},\"inLanguage\":\"lv-LV\",\"potentialAction\":[{\"@type\":\"ReadAction\",\"target\":[\"https:\\\/\\\/kidsplay.lt\\\/produktas\\\/masterkidz-edukacine-vandens-ciklo-lenta\\\/\"]}]},{\"@type\":\"ImageObject\",\"inLanguage\":\"lv-LV\",\"@id\":\"https:\\\/\\\/kidsplay.lt\\\/produktas\\\/masterkidz-edukacine-vandens-ciklo-lenta\\\/#primaryimage\",\"url\":\"https:\\\/\\\/kidsplay.lt\\\/wp-content\\\/uploads\\\/2026\\\/02\\\/MASTERKIDZ-edukacine-vandens-ciklo-lenta.jpg\",\"contentUrl\":\"https:\\\/\\\/kidsplay.lt\\\/wp-content\\\/uploads\\\/2026\\\/02\\\/MASTERKIDZ-edukacine-vandens-ciklo-lenta.jpg\",\"width\":2560,\"height\":2560,\"caption\":\"MASTERKIDZ edukacin\u0117 vandens ciklo lenta\"},{\"@type\":\"BreadcrumbList\",\"@id\":\"https:\\\/\\\/kidsplay.lt\\\/produktas\\\/masterkidz-edukacine-vandens-ciklo-lenta\\\/#breadcrumb\",\"itemListElement\":[{\"@type\":\"ListItem\",\"position\":1,\"name\":\"Pagrindinis\",\"item\":\"https:\\\/\\\/kidsplay.lt\\\/\"},{\"@type\":\"ListItem\",\"position\":2,\"name\":\"Parduotuv\u0117\",\"item\":\"https:\\\/\\\/kidsplay.lt\\\/parduotuve\\\/\"},{\"@type\":\"ListItem\",\"position\":3,\"name\":\"MASTERKIDZ edukacin\u0117 vandens ciklo lenta\"}]},{\"@type\":\"WebSite\",\"@id\":\"https:\\\/\\\/kidsplay.lt\\\/#website\",\"url\":\"https:\\\/\\\/kidsplay.lt\\\/\",\"name\":\"Kidsplay.lt\",\"description\":\"\u012evairios prek\u0117s vaikams\",\"publisher\":{\"@id\":\"https:\\\/\\\/kidsplay.lt\\\/#organization\"},\"alternateName\":\"Kidsplay\",\"potentialAction\":[{\"@type\":\"SearchAction\",\"target\":{\"@type\":\"EntryPoint\",\"urlTemplate\":\"https:\\\/\\\/kidsplay.lt\\\/?s={search_term_string}\"},\"query-input\":{\"@type\":\"PropertyValueSpecification\",\"valueRequired\":true,\"valueName\":\"search_term_string\"}}],\"inLanguage\":\"lv-LV\"},{\"@type\":\"Organization\",\"@id\":\"https:\\\/\\\/kidsplay.lt\\\/#organization\",\"name\":\"KidsPlay\",\"url\":\"https:\\\/\\\/kidsplay.lt\\\/\",\"logo\":{\"@type\":\"ImageObject\",\"inLanguage\":\"lv-LV\",\"@id\":\"https:\\\/\\\/kidsplay.lt\\\/#\\\/schema\\\/logo\\\/image\\\/\",\"url\":\"https:\\\/\\\/kidsplay.lt\\\/wp-content\\\/uploads\\\/2023\\\/07\\\/kidsplay-logo.png\",\"contentUrl\":\"https:\\\/\\\/kidsplay.lt\\\/wp-content\\\/uploads\\\/2023\\\/07\\\/kidsplay-logo.png\",\"width\":451,\"height\":98,\"caption\":\"KidsPlay\"},\"image\":{\"@id\":\"https:\\\/\\\/kidsplay.lt\\\/#\\\/schema\\\/logo\\\/image\\\/\"},\"sameAs\":[\"https:\\\/\\\/www.facebook.com\\\/www.kidsplay.lt\"]}]}<\/script>\n<!-- \/ Yoast SEO plugin. -->","yoast_head_json":{"title":"MASTERKIDZ edukacin\u0117 vandens ciklo lenta","description":"MASTERKIDZ edukacin\u0117 vandens ciklo lenta - KidsPlay. Did\u017eiausias vaik\u0173 \u017eaisl\u0173 pasirinkimas.","robots":{"index":"index","follow":"follow","max-snippet":"max-snippet:-1","max-image-preview":"max-image-preview:large","max-video-preview":"max-video-preview:-1"},"canonical":"https:\/\/kidsplay.lt\/lv\/products\/masterkidz-edukacine-vandens-ciklo-lenta\/","og_locale":"lv_LV","og_type":"article","og_title":"MASTERKIDZ edukacin\u0117 vandens ciklo lenta","og_description":"MASTERKIDZ edukacin\u0117 vandens ciklo lenta - KidsPlay. Did\u017eiausias vaik\u0173 \u017eaisl\u0173 pasirinkimas.","og_url":"https:\/\/kidsplay.lt\/lv\/products\/masterkidz-edukacine-vandens-ciklo-lenta\/","og_site_name":"KidsPlay","article_publisher":"https:\/\/www.facebook.com\/www.kidsplay.lt","article_modified_time":"2026-04-07T06:47:45+00:00","og_image":[{"width":2560,"height":2560,"url":"https:\/\/kidsplay.lt\/wp-content\/uploads\/2026\/02\/MASTERKIDZ-edukacine-vandens-ciklo-lenta.jpg","type":"image\/jpeg"}],"twitter_card":"summary_large_image","twitter_misc":{"Est. reading time":"1 min\u016bte"},"schema":{"@context":"https:\/\/schema.org","@graph":[{"@type":"WebPage","@id":"https:\/\/kidsplay.lt\/produktas\/masterkidz-edukacine-vandens-ciklo-lenta\/","url":"https:\/\/kidsplay.lt\/produktas\/masterkidz-edukacine-vandens-ciklo-lenta\/","name":"MASTERKIDZ edukacin\u0117 vandens ciklo lenta","isPartOf":{"@id":"https:\/\/kidsplay.lt\/#website"},"primaryImageOfPage":{"@id":"https:\/\/kidsplay.lt\/produktas\/masterkidz-edukacine-vandens-ciklo-lenta\/#primaryimage"},"image":{"@id":"https:\/\/kidsplay.lt\/produktas\/masterkidz-edukacine-vandens-ciklo-lenta\/#primaryimage"},"thumbnailUrl":"https:\/\/kidsplay.lt\/wp-content\/uploads\/2026\/02\/MASTERKIDZ-edukacine-vandens-ciklo-lenta.jpg","datePublished":"2026-02-22T11:04:15+00:00","dateModified":"2026-04-07T06:47:45+00:00","description":"MASTERKIDZ edukacin\u0117 vandens ciklo lenta - KidsPlay. Did\u017eiausias vaik\u0173 \u017eaisl\u0173 pasirinkimas.","breadcrumb":{"@id":"https:\/\/kidsplay.lt\/produktas\/masterkidz-edukacine-vandens-ciklo-lenta\/#breadcrumb"},"inLanguage":"lv-LV","potentialAction":[{"@type":"ReadAction","target":["https:\/\/kidsplay.lt\/produktas\/masterkidz-edukacine-vandens-ciklo-lenta\/"]}]},{"@type":"ImageObject","inLanguage":"lv-LV","@id":"https:\/\/kidsplay.lt\/produktas\/masterkidz-edukacine-vandens-ciklo-lenta\/#primaryimage","url":"https:\/\/kidsplay.lt\/wp-content\/uploads\/2026\/02\/MASTERKIDZ-edukacine-vandens-ciklo-lenta.jpg","contentUrl":"https:\/\/kidsplay.lt\/wp-content\/uploads\/2026\/02\/MASTERKIDZ-edukacine-vandens-ciklo-lenta.jpg","width":2560,"height":2560,"caption":"MASTERKIDZ edukacin\u0117 vandens ciklo lenta"},{"@type":"BreadcrumbList","@id":"https:\/\/kidsplay.lt\/produktas\/masterkidz-edukacine-vandens-ciklo-lenta\/#breadcrumb","itemListElement":[{"@type":"ListItem","position":1,"name":"Pagrindinis","item":"https:\/\/kidsplay.lt\/"},{"@type":"ListItem","position":2,"name":"Parduotuv\u0117","item":"https:\/\/kidsplay.lt\/parduotuve\/"},{"@type":"ListItem","position":3,"name":"MASTERKIDZ edukacin\u0117 vandens ciklo lenta"}]},{"@type":"WebSite","@id":"https:\/\/kidsplay.lt\/#website","url":"https:\/\/kidsplay.lt\/","name":"B\u0113rnu sp\u0113les.lv","description":"\u012evairios prek\u0117s vaikams","publisher":{"@id":"https:\/\/kidsplay.lt\/#organization"},"alternateName":"Kidsplay","potentialAction":[{"@type":"SearchAction","target":{"@type":"EntryPoint","urlTemplate":"https:\/\/kidsplay.lt\/?s={search_term_string}"},"query-input":{"@type":"PropertyValueSpecification","valueRequired":true,"valueName":"search_term_string"}}],"inLanguage":"lv-LV"},{"@type":"Organization","@id":"https:\/\/kidsplay.lt\/#organization","name":"B\u0113rnu sp\u0113le","url":"https:\/\/kidsplay.lt\/","logo":{"@type":"ImageObject","inLanguage":"lv-LV","@id":"https:\/\/kidsplay.lt\/#\/schema\/logo\/image\/","url":"https:\/\/kidsplay.lt\/wp-content\/uploads\/2023\/07\/kidsplay-logo.png","contentUrl":"https:\/\/kidsplay.lt\/wp-content\/uploads\/2023\/07\/kidsplay-logo.png","width":451,"height":98,"caption":"KidsPlay"},"image":{"@id":"https:\/\/kidsplay.lt\/#\/schema\/logo\/image\/"},"sameAs":["https:\/\/www.facebook.com\/www.kidsplay.lt"]}]}},"_links":{"self":[{"href":"https:\/\/kidsplay.lt\/lv\/wp-json\/wp\/v2\/product\/84448","targetHints":{"allow":["GET"]}}],"collection":[{"href":"https:\/\/kidsplay.lt\/lv\/wp-json\/wp\/v2\/product"}],"about":[{"href":"https:\/\/kidsplay.lt\/lv\/wp-json\/wp\/v2\/types\/product"}],"version-history":[{"count":1,"href":"https:\/\/kidsplay.lt\/lv\/wp-json\/wp\/v2\/product\/84448\/revisions"}],"predecessor-version":[{"id":84449,"href":"https:\/\/kidsplay.lt\/lv\/wp-json\/wp\/v2\/product\/84448\/revisions\/84449"}],"wp:featuredmedia":[{"embeddable":true,"href":"https:\/\/kidsplay.lt\/lv\/wp-json\/wp\/v2\/media\/84450"}],"wp:attachment":[{"href":"https:\/\/kidsplay.lt\/lv\/wp-json\/wp\/v2\/media?parent=84448"}],"wp:term":[{"taxonomy":"product_brand","embeddable":true,"href":"https:\/\/kidsplay.lt\/lv\/wp-json\/wp\/v2\/product_brand?post=84448"},{"taxonomy":"product_cat","embeddable":true,"href":"https:\/\/kidsplay.lt\/lv\/wp-json\/wp\/v2\/product_cat?post=84448"},{"taxonomy":"product_tag","embeddable":true,"href":"https:\/\/kidsplay.lt\/lv\/wp-json\/wp\/v2\/product_tag?post=84448"}],"curies":[{"name":"wp","href":"https:\/\/api.w.org\/{rel}","templated":true}]}}