{"id":84464,"date":"2026-02-22T13:05:05","date_gmt":"2026-02-22T11:05:05","guid":{"rendered":"https:\/\/kidsplay.lt\/produktas\/masterkidz-laidumo-eksperimentu-mokomoji-lenta\/"},"modified":"2026-04-13T14:09:20","modified_gmt":"2026-04-13T11:09:20","slug":"masterkidz-laidumo-eksperimentu-mokomoji-lenta","status":"publish","type":"product","link":"https:\/\/kidsplay.lt\/lv\/products\/masterkidz-laidumo-eksperimentu-mokomoji-lenta\/","title":{"rendered":"MASTERKIDZ Vad\u012b\u0161anas eksperimenta izgl\u012bt\u012bbas padome"},"content":{"rendered":"<p>MASTERKIDZ Vad\u012b\u0161anas eksperimenta izgl\u012bt\u012bbas padome<br \/>\nAtraskite \u017eav\u0173 elektros pasaul\u012f su laidumo eksperiment\u0173 mokom\u0105ja lenta! \u0160is inovatyvus \u017eaislas leid\u017eia vaikams nuo 3 met\u0173 eksperimentuoti su elektros grandin\u0117mis saugiu ir \u012fdomiu b\u016bdu. Tur\u0117dami dvi interaktyvias grandines, ma\u017eieji gali mokytis, kaip veikia elektra, bandydami skirtingas med\u017eiagas kaip laidininkus ir su\u017einodami, kad net \u017emogaus k\u016bnas gali laidyti elektr\u0105. Tai puikus mokymosi ir \u017eaidimo derinys, skatinantis smalsum\u0105 ir tyrin\u0117jim\u0105!<br \/>\nRaksturojums:<\/p>\n<p>Suderinama su MASTERKIDZ edukacini\u0173 lent\u0173 tvirtinimo sistemomis<\/p>\n<p>Lent\u0105 galima naudoti ir be r\u0117mo \u2013 pavyzd\u017eiui, ant stalo ar grind\u0173<\/p>\n<p>Lentoje yra dvi elektrin\u0117s grandin\u0117s<\/p>\n<p>Pirmoji grandin\u0117 (vir\u0161utin\u0117je lentos dalyje) yra atvira, o vaik\u0173 u\u017eduotis \u2013 j\u0105 u\u017edaryti paspaud\u017eiant vien\u0105 i\u0161 keturi\u0173 mygtuk\u0173<\/p>\n<p>Kiekvienas mygtukas atitinka skirting\u0105 med\u017eiagos tip\u0105 su nevienodu elektros laidumu \u2013 tai padeda vaikui suprasti, kurios med\u017eiagos yra izoliatoriai; paspaudus tinkam\u0105 mygtuk\u0105, u\u017esidega \u0161viesa<\/p>\n<p>Antroji grandin\u0117 (apatin\u0117je dalyje) taip pat yra atvira, ta\u010diau kai vaikas u\u017ededa abi rankas ant panel\u0117s, u\u017esidega \u0161viesa<\/p>\n<p>Vaikams tikrai patiks \u0161is rei\u0161kinys ir jie supras, kad \u017emogaus k\u016bnas taip pat gali laidyti elektr\u0105<\/p>\n<p>Veikimui reikalingos 4xAA baterijos (nepridedamos)<br \/>\n\u017daislas ugdo:<\/p>\n<p>motorik\u0105<\/p>\n<p>sensorik\u0105<\/p>\n<p>aki\u0173 ir rank\u0173 koordinacij\u0105<\/p>\n<p>vaizduot\u0119<\/p>\n<p>koncentracij\u0105<\/p>\n<p>smalsum\u0105<\/p>","protected":false},"excerpt":{"rendered":"<p>MASTERKIDZ laidumo eksperiment\u0173 mokomoji lenta Atraskite \u017eav\u0173 elektros pasaul\u012f su laidumo eksperiment\u0173 mokom\u0105ja lenta! \u0160is inovatyvus \u017eaislas leid\u017eia vaikams nuo<\/p>","protected":false},"featured_media":84466,"template":"","meta":{"_acf_changed":false,"_glsr_average":0,"_glsr_ranking":0,"_glsr_reviews":0},"product_brand":[],"product_cat":[673,229],"product_tag":[],"class_list":{"0":"post-84464","1":"product","2":"type-product","3":"status-publish","4":"has-post-thumbnail","6":"product_cat-ugdomosios-priemones","7":"product_cat-zaislai-vaikams","8":"\"style=\"background-color: #2ecc711c;\"","10":"first","11":"instock","12":"purchasable","13":"product-type-simple"},"acf":[],"yoast_head":"<!-- This site is optimized with the Yoast SEO plugin v27.4 - https:\/\/yoast.com\/product\/yoast-seo-wordpress\/ -->\n<title>MASTERKIDZ laidumo eksperiment\u0173 mokomoji lenta<\/title>\n<meta name=\"description\" content=\"MASTERKIDZ laidumo eksperiment\u0173 mokomoji lenta - KidsPlay. Did\u017eiausias vaik\u0173 \u017eaisl\u0173 pasirinkimas.\" \/>\n<meta name=\"robots\" content=\"index, follow, max-snippet:-1, max-image-preview:large, max-video-preview:-1\" \/>\n<link rel=\"canonical\" href=\"https:\/\/kidsplay.lt\/lv\/products\/masterkidz-laidumo-eksperimentu-mokomoji-lenta\/\" \/>\n<meta property=\"og:locale\" content=\"lv_LV\" \/>\n<meta property=\"og:type\" content=\"article\" \/>\n<meta property=\"og:title\" content=\"MASTERKIDZ laidumo eksperiment\u0173 mokomoji lenta\" \/>\n<meta property=\"og:description\" content=\"MASTERKIDZ laidumo eksperiment\u0173 mokomoji lenta - KidsPlay. Did\u017eiausias vaik\u0173 \u017eaisl\u0173 pasirinkimas.\" \/>\n<meta property=\"og:url\" content=\"https:\/\/kidsplay.lt\/lv\/products\/masterkidz-laidumo-eksperimentu-mokomoji-lenta\/\" \/>\n<meta property=\"og:site_name\" content=\"KidsPlay\" \/>\n<meta property=\"article:publisher\" content=\"https:\/\/www.facebook.com\/www.kidsplay.lt\" \/>\n<meta property=\"article:modified_time\" content=\"2026-04-13T11:09:20+00:00\" \/>\n<meta property=\"og:image\" content=\"https:\/\/kidsplay.lt\/wp-content\/uploads\/2026\/02\/MASTERKIDZ-laidumo-eksperimentu-mokomoji-lenta.jpg\" \/>\n\t<meta property=\"og:image:width\" content=\"2560\" \/>\n\t<meta property=\"og:image:height\" content=\"2560\" \/>\n\t<meta property=\"og:image:type\" content=\"image\/jpeg\" \/>\n<meta name=\"twitter:card\" content=\"summary_large_image\" \/>\n<meta name=\"twitter:label1\" content=\"Est. reading time\" \/>\n\t<meta name=\"twitter:data1\" content=\"1 min\u016bte\" \/>\n<script type=\"application\/ld+json\" class=\"yoast-schema-graph\">{\"@context\":\"https:\\\/\\\/schema.org\",\"@graph\":[{\"@type\":\"WebPage\",\"@id\":\"https:\\\/\\\/kidsplay.lt\\\/produktas\\\/masterkidz-laidumo-eksperimentu-mokomoji-lenta\\\/\",\"url\":\"https:\\\/\\\/kidsplay.lt\\\/produktas\\\/masterkidz-laidumo-eksperimentu-mokomoji-lenta\\\/\",\"name\":\"MASTERKIDZ laidumo eksperiment\u0173 mokomoji lenta\",\"isPartOf\":{\"@id\":\"https:\\\/\\\/kidsplay.lt\\\/#website\"},\"primaryImageOfPage\":{\"@id\":\"https:\\\/\\\/kidsplay.lt\\\/produktas\\\/masterkidz-laidumo-eksperimentu-mokomoji-lenta\\\/#primaryimage\"},\"image\":{\"@id\":\"https:\\\/\\\/kidsplay.lt\\\/produktas\\\/masterkidz-laidumo-eksperimentu-mokomoji-lenta\\\/#primaryimage\"},\"thumbnailUrl\":\"https:\\\/\\\/kidsplay.lt\\\/wp-content\\\/uploads\\\/2026\\\/02\\\/MASTERKIDZ-laidumo-eksperimentu-mokomoji-lenta.jpg\",\"datePublished\":\"2026-02-22T11:05:05+00:00\",\"dateModified\":\"2026-04-13T11:09:20+00:00\",\"description\":\"MASTERKIDZ laidumo eksperiment\u0173 mokomoji lenta - KidsPlay. Did\u017eiausias vaik\u0173 \u017eaisl\u0173 pasirinkimas.\",\"breadcrumb\":{\"@id\":\"https:\\\/\\\/kidsplay.lt\\\/produktas\\\/masterkidz-laidumo-eksperimentu-mokomoji-lenta\\\/#breadcrumb\"},\"inLanguage\":\"lv-LV\",\"potentialAction\":[{\"@type\":\"ReadAction\",\"target\":[\"https:\\\/\\\/kidsplay.lt\\\/produktas\\\/masterkidz-laidumo-eksperimentu-mokomoji-lenta\\\/\"]}]},{\"@type\":\"ImageObject\",\"inLanguage\":\"lv-LV\",\"@id\":\"https:\\\/\\\/kidsplay.lt\\\/produktas\\\/masterkidz-laidumo-eksperimentu-mokomoji-lenta\\\/#primaryimage\",\"url\":\"https:\\\/\\\/kidsplay.lt\\\/wp-content\\\/uploads\\\/2026\\\/02\\\/MASTERKIDZ-laidumo-eksperimentu-mokomoji-lenta.jpg\",\"contentUrl\":\"https:\\\/\\\/kidsplay.lt\\\/wp-content\\\/uploads\\\/2026\\\/02\\\/MASTERKIDZ-laidumo-eksperimentu-mokomoji-lenta.jpg\",\"width\":2560,\"height\":2560,\"caption\":\"MASTERKIDZ laidumo eksperiment\u0173 mokomoji lenta\"},{\"@type\":\"BreadcrumbList\",\"@id\":\"https:\\\/\\\/kidsplay.lt\\\/produktas\\\/masterkidz-laidumo-eksperimentu-mokomoji-lenta\\\/#breadcrumb\",\"itemListElement\":[{\"@type\":\"ListItem\",\"position\":1,\"name\":\"Pagrindinis\",\"item\":\"https:\\\/\\\/kidsplay.lt\\\/\"},{\"@type\":\"ListItem\",\"position\":2,\"name\":\"Parduotuv\u0117\",\"item\":\"https:\\\/\\\/kidsplay.lt\\\/parduotuve\\\/\"},{\"@type\":\"ListItem\",\"position\":3,\"name\":\"MASTERKIDZ laidumo eksperiment\u0173 mokomoji lenta\"}]},{\"@type\":\"WebSite\",\"@id\":\"https:\\\/\\\/kidsplay.lt\\\/#website\",\"url\":\"https:\\\/\\\/kidsplay.lt\\\/\",\"name\":\"Kidsplay.lt\",\"description\":\"\u012evairios prek\u0117s vaikams\",\"publisher\":{\"@id\":\"https:\\\/\\\/kidsplay.lt\\\/#organization\"},\"alternateName\":\"Kidsplay\",\"potentialAction\":[{\"@type\":\"SearchAction\",\"target\":{\"@type\":\"EntryPoint\",\"urlTemplate\":\"https:\\\/\\\/kidsplay.lt\\\/?s={search_term_string}\"},\"query-input\":{\"@type\":\"PropertyValueSpecification\",\"valueRequired\":true,\"valueName\":\"search_term_string\"}}],\"inLanguage\":\"lv-LV\"},{\"@type\":\"Organization\",\"@id\":\"https:\\\/\\\/kidsplay.lt\\\/#organization\",\"name\":\"KidsPlay\",\"url\":\"https:\\\/\\\/kidsplay.lt\\\/\",\"logo\":{\"@type\":\"ImageObject\",\"inLanguage\":\"lv-LV\",\"@id\":\"https:\\\/\\\/kidsplay.lt\\\/#\\\/schema\\\/logo\\\/image\\\/\",\"url\":\"https:\\\/\\\/kidsplay.lt\\\/wp-content\\\/uploads\\\/2023\\\/07\\\/kidsplay-logo.png\",\"contentUrl\":\"https:\\\/\\\/kidsplay.lt\\\/wp-content\\\/uploads\\\/2023\\\/07\\\/kidsplay-logo.png\",\"width\":451,\"height\":98,\"caption\":\"KidsPlay\"},\"image\":{\"@id\":\"https:\\\/\\\/kidsplay.lt\\\/#\\\/schema\\\/logo\\\/image\\\/\"},\"sameAs\":[\"https:\\\/\\\/www.facebook.com\\\/www.kidsplay.lt\"]}]}<\/script>\n<!-- \/ Yoast SEO plugin. -->","yoast_head_json":{"title":"MASTERKIDZ Vad\u012b\u0161anas eksperimenta izgl\u012bt\u012bbas padome","description":"MASTERKIDZ laidumo eksperiment\u0173 mokomoji lenta - KidsPlay. Did\u017eiausias vaik\u0173 \u017eaisl\u0173 pasirinkimas.","robots":{"index":"index","follow":"follow","max-snippet":"max-snippet:-1","max-image-preview":"max-image-preview:large","max-video-preview":"max-video-preview:-1"},"canonical":"https:\/\/kidsplay.lt\/lv\/products\/masterkidz-laidumo-eksperimentu-mokomoji-lenta\/","og_locale":"lv_LV","og_type":"article","og_title":"MASTERKIDZ laidumo eksperiment\u0173 mokomoji lenta","og_description":"MASTERKIDZ laidumo eksperiment\u0173 mokomoji lenta - KidsPlay. Did\u017eiausias vaik\u0173 \u017eaisl\u0173 pasirinkimas.","og_url":"https:\/\/kidsplay.lt\/lv\/products\/masterkidz-laidumo-eksperimentu-mokomoji-lenta\/","og_site_name":"KidsPlay","article_publisher":"https:\/\/www.facebook.com\/www.kidsplay.lt","article_modified_time":"2026-04-13T11:09:20+00:00","og_image":[{"width":2560,"height":2560,"url":"https:\/\/kidsplay.lt\/wp-content\/uploads\/2026\/02\/MASTERKIDZ-laidumo-eksperimentu-mokomoji-lenta.jpg","type":"image\/jpeg"}],"twitter_card":"summary_large_image","twitter_misc":{"Est. reading time":"1 min\u016bte"},"schema":{"@context":"https:\/\/schema.org","@graph":[{"@type":"WebPage","@id":"https:\/\/kidsplay.lt\/produktas\/masterkidz-laidumo-eksperimentu-mokomoji-lenta\/","url":"https:\/\/kidsplay.lt\/produktas\/masterkidz-laidumo-eksperimentu-mokomoji-lenta\/","name":"MASTERKIDZ Vad\u012b\u0161anas eksperimenta izgl\u012bt\u012bbas padome","isPartOf":{"@id":"https:\/\/kidsplay.lt\/#website"},"primaryImageOfPage":{"@id":"https:\/\/kidsplay.lt\/produktas\/masterkidz-laidumo-eksperimentu-mokomoji-lenta\/#primaryimage"},"image":{"@id":"https:\/\/kidsplay.lt\/produktas\/masterkidz-laidumo-eksperimentu-mokomoji-lenta\/#primaryimage"},"thumbnailUrl":"https:\/\/kidsplay.lt\/wp-content\/uploads\/2026\/02\/MASTERKIDZ-laidumo-eksperimentu-mokomoji-lenta.jpg","datePublished":"2026-02-22T11:05:05+00:00","dateModified":"2026-04-13T11:09:20+00:00","description":"MASTERKIDZ laidumo eksperiment\u0173 mokomoji lenta - KidsPlay. Did\u017eiausias vaik\u0173 \u017eaisl\u0173 pasirinkimas.","breadcrumb":{"@id":"https:\/\/kidsplay.lt\/produktas\/masterkidz-laidumo-eksperimentu-mokomoji-lenta\/#breadcrumb"},"inLanguage":"lv-LV","potentialAction":[{"@type":"ReadAction","target":["https:\/\/kidsplay.lt\/produktas\/masterkidz-laidumo-eksperimentu-mokomoji-lenta\/"]}]},{"@type":"ImageObject","inLanguage":"lv-LV","@id":"https:\/\/kidsplay.lt\/produktas\/masterkidz-laidumo-eksperimentu-mokomoji-lenta\/#primaryimage","url":"https:\/\/kidsplay.lt\/wp-content\/uploads\/2026\/02\/MASTERKIDZ-laidumo-eksperimentu-mokomoji-lenta.jpg","contentUrl":"https:\/\/kidsplay.lt\/wp-content\/uploads\/2026\/02\/MASTERKIDZ-laidumo-eksperimentu-mokomoji-lenta.jpg","width":2560,"height":2560,"caption":"MASTERKIDZ laidumo eksperiment\u0173 mokomoji lenta"},{"@type":"BreadcrumbList","@id":"https:\/\/kidsplay.lt\/produktas\/masterkidz-laidumo-eksperimentu-mokomoji-lenta\/#breadcrumb","itemListElement":[{"@type":"ListItem","position":1,"name":"Pagrindinis","item":"https:\/\/kidsplay.lt\/"},{"@type":"ListItem","position":2,"name":"Parduotuv\u0117","item":"https:\/\/kidsplay.lt\/parduotuve\/"},{"@type":"ListItem","position":3,"name":"MASTERKIDZ laidumo eksperiment\u0173 mokomoji lenta"}]},{"@type":"WebSite","@id":"https:\/\/kidsplay.lt\/#website","url":"https:\/\/kidsplay.lt\/","name":"B\u0113rnu sp\u0113les.lv","description":"\u012evairios prek\u0117s vaikams","publisher":{"@id":"https:\/\/kidsplay.lt\/#organization"},"alternateName":"Kidsplay","potentialAction":[{"@type":"SearchAction","target":{"@type":"EntryPoint","urlTemplate":"https:\/\/kidsplay.lt\/?s={search_term_string}"},"query-input":{"@type":"PropertyValueSpecification","valueRequired":true,"valueName":"search_term_string"}}],"inLanguage":"lv-LV"},{"@type":"Organization","@id":"https:\/\/kidsplay.lt\/#organization","name":"B\u0113rnu sp\u0113le","url":"https:\/\/kidsplay.lt\/","logo":{"@type":"ImageObject","inLanguage":"lv-LV","@id":"https:\/\/kidsplay.lt\/#\/schema\/logo\/image\/","url":"https:\/\/kidsplay.lt\/wp-content\/uploads\/2023\/07\/kidsplay-logo.png","contentUrl":"https:\/\/kidsplay.lt\/wp-content\/uploads\/2023\/07\/kidsplay-logo.png","width":451,"height":98,"caption":"KidsPlay"},"image":{"@id":"https:\/\/kidsplay.lt\/#\/schema\/logo\/image\/"},"sameAs":["https:\/\/www.facebook.com\/www.kidsplay.lt"]}]}},"_links":{"self":[{"href":"https:\/\/kidsplay.lt\/lv\/wp-json\/wp\/v2\/product\/84464","targetHints":{"allow":["GET"]}}],"collection":[{"href":"https:\/\/kidsplay.lt\/lv\/wp-json\/wp\/v2\/product"}],"about":[{"href":"https:\/\/kidsplay.lt\/lv\/wp-json\/wp\/v2\/types\/product"}],"version-history":[{"count":1,"href":"https:\/\/kidsplay.lt\/lv\/wp-json\/wp\/v2\/product\/84464\/revisions"}],"predecessor-version":[{"id":84465,"href":"https:\/\/kidsplay.lt\/lv\/wp-json\/wp\/v2\/product\/84464\/revisions\/84465"}],"wp:featuredmedia":[{"embeddable":true,"href":"https:\/\/kidsplay.lt\/lv\/wp-json\/wp\/v2\/media\/84466"}],"wp:attachment":[{"href":"https:\/\/kidsplay.lt\/lv\/wp-json\/wp\/v2\/media?parent=84464"}],"wp:term":[{"taxonomy":"product_brand","embeddable":true,"href":"https:\/\/kidsplay.lt\/lv\/wp-json\/wp\/v2\/product_brand?post=84464"},{"taxonomy":"product_cat","embeddable":true,"href":"https:\/\/kidsplay.lt\/lv\/wp-json\/wp\/v2\/product_cat?post=84464"},{"taxonomy":"product_tag","embeddable":true,"href":"https:\/\/kidsplay.lt\/lv\/wp-json\/wp\/v2\/product_tag?post=84464"}],"curies":[{"name":"wp","href":"https:\/\/api.w.org\/{rel}","templated":true}]}}