{"id":84479,"date":"2026-02-22T13:05:45","date_gmt":"2026-02-22T11:05:45","guid":{"rendered":"https:\/\/kidsplay.lt\/produktas\/masterkidz-5-lentu-traukinuko-tvirtinimo-sistema\/"},"modified":"2026-04-13T14:09:27","modified_gmt":"2026-04-13T11:09:27","slug":"masterkidz-5-lentu-traukinuko-tvirtinimo-sistema","status":"publish","type":"product","link":"https:\/\/kidsplay.lt\/lv\/products\/masterkidz-5-lentu-traukinuko-tvirtinimo-sistema\/","title":{"rendered":"MASTERKIDZ \u2013 5 platformu vilciena mont\u0101\u017eas sist\u0113ma"},"content":{"rendered":"<p>Pavargote nuo t\u0173 pa\u010di\u0173 vaik\u0173 sienini\u0173 lent\u0173, kaban\u010di\u0173 metus? Ne\u017einote, k\u0105 daryti, kai viena i\u0161 j\u0173 sugenda ir siena po ja lieka pa\u017eeista nuo gr\u0119\u017eimo? \u0160tai sprendimas: MASTERKIDZ Flex sienini\u0173 lent\u0173 tvirtinimo sistema. Lentos keitimas nereikalauja joki\u0173 \u012franki\u0173, o atskir\u0173 \u017eaisl\u0173 montavimas ir demontavimas yra ne\u012ftik\u0117tinai paprastas ir greitas.<br \/>\nSistema turi penkis lent\u0173 r\u0117mus. Vien\u0105 nu\u0117mus ir pakeitus kitu, procesas trunka ma\u017eiau nei minut\u0119. Mokytojai gali laisvai keisti mokymo priemones tarp pamok\u0173, pasirinkdami, pavyzd\u017eiui, \u017eaislus i\u0161 konkre\u010dios kategorijos: sensorinius, motorikos, matematikos ir kt.<br \/>\nTraukinuko formos dizainas yra \u017eavus ir taip pat puikiai tinka kaip paprasta dekoracija.<br \/>\n\u017daislas pagamintas i\u0161 med\u017eio. Rinkdamiesi MASTERKIDZ medinius \u017eaislus, j\u016bs r\u016bpinat\u0117s aplinka ir ma\u017einate plastiko atliekas.<\/p>","protected":false},"excerpt":{"rendered":"<p>Pavargote nuo t\u0173 pa\u010di\u0173 vaik\u0173 sienini\u0173 lent\u0173, kaban\u010di\u0173 metus? Ne\u017einote, k\u0105 daryti, kai viena i\u0161 j\u0173 sugenda ir siena po<\/p>","protected":false},"featured_media":84481,"template":"","meta":{"_acf_changed":false,"_glsr_average":0,"_glsr_ranking":0,"_glsr_reviews":0},"product_brand":[],"product_cat":[673,229],"product_tag":[],"class_list":{"0":"post-84479","1":"product","2":"type-product","3":"status-publish","4":"has-post-thumbnail","6":"product_cat-ugdomosios-priemones","7":"product_cat-zaislai-vaikams","8":"\"style=\"background-color: #2ecc711c;\"","10":"first","11":"instock","12":"purchasable","13":"product-type-simple"},"acf":[],"yoast_head":"<!-- This site is optimized with the Yoast SEO plugin v27.4 - https:\/\/yoast.com\/product\/yoast-seo-wordpress\/ -->\n<title>MASTERKIDZ \u2013 5 lent\u0173 traukinuko tvirtinimo sistema<\/title>\n<meta name=\"description\" content=\"MASTERKIDZ \u2013 5 lent\u0173 traukinuko tvirtinimo sistema - KidsPlay. Did\u017eiausias vaik\u0173 \u017eaisl\u0173 pasirinkimas.\" \/>\n<meta name=\"robots\" content=\"index, follow, max-snippet:-1, max-image-preview:large, max-video-preview:-1\" \/>\n<link rel=\"canonical\" href=\"https:\/\/kidsplay.lt\/lv\/products\/masterkidz-5-lentu-traukinuko-tvirtinimo-sistema\/\" \/>\n<meta property=\"og:locale\" content=\"lv_LV\" \/>\n<meta property=\"og:type\" content=\"article\" \/>\n<meta property=\"og:title\" content=\"MASTERKIDZ \u2013 5 lent\u0173 traukinuko tvirtinimo sistema\" \/>\n<meta property=\"og:description\" content=\"MASTERKIDZ \u2013 5 lent\u0173 traukinuko tvirtinimo sistema - KidsPlay. Did\u017eiausias vaik\u0173 \u017eaisl\u0173 pasirinkimas.\" \/>\n<meta property=\"og:url\" content=\"https:\/\/kidsplay.lt\/lv\/products\/masterkidz-5-lentu-traukinuko-tvirtinimo-sistema\/\" \/>\n<meta property=\"og:site_name\" content=\"KidsPlay\" \/>\n<meta property=\"article:publisher\" content=\"https:\/\/www.facebook.com\/www.kidsplay.lt\" \/>\n<meta property=\"article:modified_time\" content=\"2026-04-13T11:09:27+00:00\" \/>\n<meta property=\"og:image\" content=\"https:\/\/kidsplay.lt\/wp-content\/uploads\/2026\/02\/MASTERKIDZ-\u2013-5-lentu-traukinuko-tvirtinimo-sistema.jpg\" \/>\n\t<meta property=\"og:image:width\" content=\"2500\" \/>\n\t<meta property=\"og:image:height\" content=\"2500\" \/>\n\t<meta property=\"og:image:type\" content=\"image\/jpeg\" \/>\n<meta name=\"twitter:card\" content=\"summary_large_image\" \/>\n<meta name=\"twitter:label1\" content=\"Est. reading time\" \/>\n\t<meta name=\"twitter:data1\" content=\"1 min\u016bte\" \/>\n<script type=\"application\/ld+json\" class=\"yoast-schema-graph\">{\"@context\":\"https:\\\/\\\/schema.org\",\"@graph\":[{\"@type\":\"WebPage\",\"@id\":\"https:\\\/\\\/kidsplay.lt\\\/produktas\\\/masterkidz-5-lentu-traukinuko-tvirtinimo-sistema\\\/\",\"url\":\"https:\\\/\\\/kidsplay.lt\\\/produktas\\\/masterkidz-5-lentu-traukinuko-tvirtinimo-sistema\\\/\",\"name\":\"MASTERKIDZ \u2013 5 lent\u0173 traukinuko tvirtinimo sistema\",\"isPartOf\":{\"@id\":\"https:\\\/\\\/kidsplay.lt\\\/#website\"},\"primaryImageOfPage\":{\"@id\":\"https:\\\/\\\/kidsplay.lt\\\/produktas\\\/masterkidz-5-lentu-traukinuko-tvirtinimo-sistema\\\/#primaryimage\"},\"image\":{\"@id\":\"https:\\\/\\\/kidsplay.lt\\\/produktas\\\/masterkidz-5-lentu-traukinuko-tvirtinimo-sistema\\\/#primaryimage\"},\"thumbnailUrl\":\"https:\\\/\\\/kidsplay.lt\\\/wp-content\\\/uploads\\\/2026\\\/02\\\/MASTERKIDZ-\u2013-5-lentu-traukinuko-tvirtinimo-sistema.jpg\",\"datePublished\":\"2026-02-22T11:05:45+00:00\",\"dateModified\":\"2026-04-13T11:09:27+00:00\",\"description\":\"MASTERKIDZ \u2013 5 lent\u0173 traukinuko tvirtinimo sistema - KidsPlay. Did\u017eiausias vaik\u0173 \u017eaisl\u0173 pasirinkimas.\",\"breadcrumb\":{\"@id\":\"https:\\\/\\\/kidsplay.lt\\\/produktas\\\/masterkidz-5-lentu-traukinuko-tvirtinimo-sistema\\\/#breadcrumb\"},\"inLanguage\":\"lv-LV\",\"potentialAction\":[{\"@type\":\"ReadAction\",\"target\":[\"https:\\\/\\\/kidsplay.lt\\\/produktas\\\/masterkidz-5-lentu-traukinuko-tvirtinimo-sistema\\\/\"]}]},{\"@type\":\"ImageObject\",\"inLanguage\":\"lv-LV\",\"@id\":\"https:\\\/\\\/kidsplay.lt\\\/produktas\\\/masterkidz-5-lentu-traukinuko-tvirtinimo-sistema\\\/#primaryimage\",\"url\":\"https:\\\/\\\/kidsplay.lt\\\/wp-content\\\/uploads\\\/2026\\\/02\\\/MASTERKIDZ-\u2013-5-lentu-traukinuko-tvirtinimo-sistema.jpg\",\"contentUrl\":\"https:\\\/\\\/kidsplay.lt\\\/wp-content\\\/uploads\\\/2026\\\/02\\\/MASTERKIDZ-\u2013-5-lentu-traukinuko-tvirtinimo-sistema.jpg\",\"width\":2500,\"height\":2500,\"caption\":\"MASTERKIDZ \u2013 5 lent\u0173 traukinuko tvirtinimo sistema\"},{\"@type\":\"BreadcrumbList\",\"@id\":\"https:\\\/\\\/kidsplay.lt\\\/produktas\\\/masterkidz-5-lentu-traukinuko-tvirtinimo-sistema\\\/#breadcrumb\",\"itemListElement\":[{\"@type\":\"ListItem\",\"position\":1,\"name\":\"Pagrindinis\",\"item\":\"https:\\\/\\\/kidsplay.lt\\\/\"},{\"@type\":\"ListItem\",\"position\":2,\"name\":\"Parduotuv\u0117\",\"item\":\"https:\\\/\\\/kidsplay.lt\\\/parduotuve\\\/\"},{\"@type\":\"ListItem\",\"position\":3,\"name\":\"MASTERKIDZ \u2013 5 lent\u0173 traukinuko tvirtinimo sistema\"}]},{\"@type\":\"WebSite\",\"@id\":\"https:\\\/\\\/kidsplay.lt\\\/#website\",\"url\":\"https:\\\/\\\/kidsplay.lt\\\/\",\"name\":\"Kidsplay.lt\",\"description\":\"\u012evairios prek\u0117s vaikams\",\"publisher\":{\"@id\":\"https:\\\/\\\/kidsplay.lt\\\/#organization\"},\"alternateName\":\"Kidsplay\",\"potentialAction\":[{\"@type\":\"SearchAction\",\"target\":{\"@type\":\"EntryPoint\",\"urlTemplate\":\"https:\\\/\\\/kidsplay.lt\\\/?s={search_term_string}\"},\"query-input\":{\"@type\":\"PropertyValueSpecification\",\"valueRequired\":true,\"valueName\":\"search_term_string\"}}],\"inLanguage\":\"lv-LV\"},{\"@type\":\"Organization\",\"@id\":\"https:\\\/\\\/kidsplay.lt\\\/#organization\",\"name\":\"KidsPlay\",\"url\":\"https:\\\/\\\/kidsplay.lt\\\/\",\"logo\":{\"@type\":\"ImageObject\",\"inLanguage\":\"lv-LV\",\"@id\":\"https:\\\/\\\/kidsplay.lt\\\/#\\\/schema\\\/logo\\\/image\\\/\",\"url\":\"https:\\\/\\\/kidsplay.lt\\\/wp-content\\\/uploads\\\/2023\\\/07\\\/kidsplay-logo.png\",\"contentUrl\":\"https:\\\/\\\/kidsplay.lt\\\/wp-content\\\/uploads\\\/2023\\\/07\\\/kidsplay-logo.png\",\"width\":451,\"height\":98,\"caption\":\"KidsPlay\"},\"image\":{\"@id\":\"https:\\\/\\\/kidsplay.lt\\\/#\\\/schema\\\/logo\\\/image\\\/\"},\"sameAs\":[\"https:\\\/\\\/www.facebook.com\\\/www.kidsplay.lt\"]}]}<\/script>\n<!-- \/ Yoast SEO plugin. -->","yoast_head_json":{"title":"MASTERKIDZ \u2013 5 platformu vilciena mont\u0101\u017eas sist\u0113ma","description":"MASTERKIDZ \u2013 5 lent\u0173 traukinuko tvirtinimo sistema - KidsPlay. Did\u017eiausias vaik\u0173 \u017eaisl\u0173 pasirinkimas.","robots":{"index":"index","follow":"follow","max-snippet":"max-snippet:-1","max-image-preview":"max-image-preview:large","max-video-preview":"max-video-preview:-1"},"canonical":"https:\/\/kidsplay.lt\/lv\/products\/masterkidz-5-lentu-traukinuko-tvirtinimo-sistema\/","og_locale":"lv_LV","og_type":"article","og_title":"MASTERKIDZ \u2013 5 lent\u0173 traukinuko tvirtinimo sistema","og_description":"MASTERKIDZ \u2013 5 lent\u0173 traukinuko tvirtinimo sistema - KidsPlay. Did\u017eiausias vaik\u0173 \u017eaisl\u0173 pasirinkimas.","og_url":"https:\/\/kidsplay.lt\/lv\/products\/masterkidz-5-lentu-traukinuko-tvirtinimo-sistema\/","og_site_name":"KidsPlay","article_publisher":"https:\/\/www.facebook.com\/www.kidsplay.lt","article_modified_time":"2026-04-13T11:09:27+00:00","og_image":[{"width":2500,"height":2500,"url":"https:\/\/kidsplay.lt\/wp-content\/uploads\/2026\/02\/MASTERKIDZ-\u2013-5-lentu-traukinuko-tvirtinimo-sistema.jpg","type":"image\/jpeg"}],"twitter_card":"summary_large_image","twitter_misc":{"Est. reading time":"1 min\u016bte"},"schema":{"@context":"https:\/\/schema.org","@graph":[{"@type":"WebPage","@id":"https:\/\/kidsplay.lt\/produktas\/masterkidz-5-lentu-traukinuko-tvirtinimo-sistema\/","url":"https:\/\/kidsplay.lt\/produktas\/masterkidz-5-lentu-traukinuko-tvirtinimo-sistema\/","name":"MASTERKIDZ \u2013 5 platformu vilciena mont\u0101\u017eas sist\u0113ma","isPartOf":{"@id":"https:\/\/kidsplay.lt\/#website"},"primaryImageOfPage":{"@id":"https:\/\/kidsplay.lt\/produktas\/masterkidz-5-lentu-traukinuko-tvirtinimo-sistema\/#primaryimage"},"image":{"@id":"https:\/\/kidsplay.lt\/produktas\/masterkidz-5-lentu-traukinuko-tvirtinimo-sistema\/#primaryimage"},"thumbnailUrl":"https:\/\/kidsplay.lt\/wp-content\/uploads\/2026\/02\/MASTERKIDZ-\u2013-5-lentu-traukinuko-tvirtinimo-sistema.jpg","datePublished":"2026-02-22T11:05:45+00:00","dateModified":"2026-04-13T11:09:27+00:00","description":"MASTERKIDZ \u2013 5 lent\u0173 traukinuko tvirtinimo sistema - KidsPlay. Did\u017eiausias vaik\u0173 \u017eaisl\u0173 pasirinkimas.","breadcrumb":{"@id":"https:\/\/kidsplay.lt\/produktas\/masterkidz-5-lentu-traukinuko-tvirtinimo-sistema\/#breadcrumb"},"inLanguage":"lv-LV","potentialAction":[{"@type":"ReadAction","target":["https:\/\/kidsplay.lt\/produktas\/masterkidz-5-lentu-traukinuko-tvirtinimo-sistema\/"]}]},{"@type":"ImageObject","inLanguage":"lv-LV","@id":"https:\/\/kidsplay.lt\/produktas\/masterkidz-5-lentu-traukinuko-tvirtinimo-sistema\/#primaryimage","url":"https:\/\/kidsplay.lt\/wp-content\/uploads\/2026\/02\/MASTERKIDZ-\u2013-5-lentu-traukinuko-tvirtinimo-sistema.jpg","contentUrl":"https:\/\/kidsplay.lt\/wp-content\/uploads\/2026\/02\/MASTERKIDZ-\u2013-5-lentu-traukinuko-tvirtinimo-sistema.jpg","width":2500,"height":2500,"caption":"MASTERKIDZ \u2013 5 lent\u0173 traukinuko tvirtinimo sistema"},{"@type":"BreadcrumbList","@id":"https:\/\/kidsplay.lt\/produktas\/masterkidz-5-lentu-traukinuko-tvirtinimo-sistema\/#breadcrumb","itemListElement":[{"@type":"ListItem","position":1,"name":"Pagrindinis","item":"https:\/\/kidsplay.lt\/"},{"@type":"ListItem","position":2,"name":"Parduotuv\u0117","item":"https:\/\/kidsplay.lt\/parduotuve\/"},{"@type":"ListItem","position":3,"name":"MASTERKIDZ \u2013 5 lent\u0173 traukinuko tvirtinimo sistema"}]},{"@type":"WebSite","@id":"https:\/\/kidsplay.lt\/#website","url":"https:\/\/kidsplay.lt\/","name":"B\u0113rnu sp\u0113les.lv","description":"\u012evairios prek\u0117s vaikams","publisher":{"@id":"https:\/\/kidsplay.lt\/#organization"},"alternateName":"Kidsplay","potentialAction":[{"@type":"SearchAction","target":{"@type":"EntryPoint","urlTemplate":"https:\/\/kidsplay.lt\/?s={search_term_string}"},"query-input":{"@type":"PropertyValueSpecification","valueRequired":true,"valueName":"search_term_string"}}],"inLanguage":"lv-LV"},{"@type":"Organization","@id":"https:\/\/kidsplay.lt\/#organization","name":"B\u0113rnu sp\u0113le","url":"https:\/\/kidsplay.lt\/","logo":{"@type":"ImageObject","inLanguage":"lv-LV","@id":"https:\/\/kidsplay.lt\/#\/schema\/logo\/image\/","url":"https:\/\/kidsplay.lt\/wp-content\/uploads\/2023\/07\/kidsplay-logo.png","contentUrl":"https:\/\/kidsplay.lt\/wp-content\/uploads\/2023\/07\/kidsplay-logo.png","width":451,"height":98,"caption":"KidsPlay"},"image":{"@id":"https:\/\/kidsplay.lt\/#\/schema\/logo\/image\/"},"sameAs":["https:\/\/www.facebook.com\/www.kidsplay.lt"]}]}},"_links":{"self":[{"href":"https:\/\/kidsplay.lt\/lv\/wp-json\/wp\/v2\/product\/84479","targetHints":{"allow":["GET"]}}],"collection":[{"href":"https:\/\/kidsplay.lt\/lv\/wp-json\/wp\/v2\/product"}],"about":[{"href":"https:\/\/kidsplay.lt\/lv\/wp-json\/wp\/v2\/types\/product"}],"version-history":[{"count":1,"href":"https:\/\/kidsplay.lt\/lv\/wp-json\/wp\/v2\/product\/84479\/revisions"}],"predecessor-version":[{"id":84480,"href":"https:\/\/kidsplay.lt\/lv\/wp-json\/wp\/v2\/product\/84479\/revisions\/84480"}],"wp:featuredmedia":[{"embeddable":true,"href":"https:\/\/kidsplay.lt\/lv\/wp-json\/wp\/v2\/media\/84481"}],"wp:attachment":[{"href":"https:\/\/kidsplay.lt\/lv\/wp-json\/wp\/v2\/media?parent=84479"}],"wp:term":[{"taxonomy":"product_brand","embeddable":true,"href":"https:\/\/kidsplay.lt\/lv\/wp-json\/wp\/v2\/product_brand?post=84479"},{"taxonomy":"product_cat","embeddable":true,"href":"https:\/\/kidsplay.lt\/lv\/wp-json\/wp\/v2\/product_cat?post=84479"},{"taxonomy":"product_tag","embeddable":true,"href":"https:\/\/kidsplay.lt\/lv\/wp-json\/wp\/v2\/product_tag?post=84479"}],"curies":[{"name":"wp","href":"https:\/\/api.w.org\/{rel}","templated":true}]}}