{"id":84495,"date":"2026-02-22T13:06:30","date_gmt":"2026-02-22T11:06:30","guid":{"rendered":"https:\/\/kidsplay.lt\/produktas\/masterkidz-termosensoriska-edukacine-lenta-reaguojanti-i-siluma\/"},"modified":"2026-04-13T14:09:33","modified_gmt":"2026-04-13T11:09:33","slug":"masterkidz-termosensoriska-edukacine-lenta-reaguojanti-i-siluma","status":"publish","type":"product","link":"https:\/\/kidsplay.lt\/lv\/products\/masterkidz-termosensoriska-edukacine-lenta-reaguojanti-i-siluma\/","title":{"rendered":"MASTERKIDZ Termosensori\u0161ka edukacin\u0117 lenta, reaguojanti \u012f \u0161ilum\u0105"},"content":{"rendered":"<p>\u0160is unikalus \u017eaislas d\u017eiugina vaikus savo spalvomis. Kai vaikai ant jo u\u017ededa \u0161iltas rankas ar pir\u0161tus, jo pavir\u0161iuje atsiranda spalvoti atspaudai, kurie po keli\u0173 sekund\u017ei\u0173 i\u0161nyksta. Tai smagus b\u016bdas pa\u017einti temperat\u016br\u0105 ir \u017emogaus k\u016bn\u0105. Vaikai gali pasitikrinti, ar j\u0173 rankos \u0161iltesn\u0117s ar v\u0117sesn\u0117s nei kit\u0173, ir pie\u0161ti br\u016bk\u0161nius bei ra\u0161tus ant lentos. Lenta kei\u010dia spalvas nuo \u0161ilumos, taip skatindama vaik\u0173 vizualin\u012f suvokim\u0105 ir smalsum\u0105.<br \/>\nFunkcijas:<\/p>\n<p>Interaktyvus \u017eaidimas: vaikai gali steb\u0117ti ir lyginti ant lentos paliekamus atspaudus. Taip pat jie gali pie\u0161ti br\u016bk\u0161nius ir ra\u0161tus.<\/p>\n<p>Dydis: lenta yra 46 x 46 cm, tod\u0117l joje gali \u017eaisti keli vaikai vienu metu.<\/p>\n<p>Edukacin\u0117 vert\u0117: \u0161i lenta padeda vaikams per interaktyv\u0173 \u017eaidim\u0105 mokytis apie temperat\u016br\u0105 ir \u017emogaus k\u016bn\u0105. Jie gali su\u017einoti, kieno rankos \u0161iltesn\u0117s, o kieno v\u0117sesn\u0117s.<\/p>\n<p>Daugiafunkci\u0161kumas: lent\u0105 galima montuoti ant sienos, \u201eFlex\u201c sistemoje arba naudoti su \u201eMasterkidz\u201c (edukacini\u0173 \u017eaisl\u0173 \u012fmon\u0117) laisvai pastatomu stovu.<\/p>\n<p>Ekologi\u0161kumas: lentos r\u0117mas pagamintas i\u0161 auk\u0161tos kokyb\u0117s med\u017eio, kuris yra draugi\u0161kas aplinkai ir nekuria plastiko atliek\u0173.<\/p>\n<p>\u201eMasterkidz\u201c \u017eaislai yra auk\u0161tos kokyb\u0117s, patvar\u016bs ir saug\u016bs mediniai edukaciniai \u017eaislai. Jie sukurti ir pritaikyti \u012fvairiems vaik\u0173 raidos etapams. K\u016brybi\u0161kas, nuotyki\u0173 kupinas ir edukacinis \u017eaidimas \u2013 pagrindiniai \u0161io prek\u0117s \u017eenklo \u017eaisl\u0173 privalumai. Jie puikiai tinka Montessori metodikai. Tai geriausias pasirinkimas namams, dar\u017eeliui, vie\u0161bu\u010diui ar restoranui. Sukurkite tobul\u0105 \u017eaidim\u0173 kampel\u012f arba didelio formato edukacin\u0119 sien\u0105. Si\u016blome sienines ir mobili\u0105sias lentas, \u0161viesos stalus, pie\u0161imo paneles, teminius mokymosi modulius ir dar daugiau. Ne\u012ftik\u0117tinas pried\u0173 skai\u010dius ir neribotos k\u016brybinio \u017eaidimo galimyb\u0117s.<\/p>","protected":false},"excerpt":{"rendered":"<p>\u0160is unikalus \u017eaislas d\u017eiugina vaikus savo spalvomis. Kai vaikai ant jo u\u017ededa \u0161iltas rankas ar pir\u0161tus, jo pavir\u0161iuje atsiranda spalvoti<\/p>","protected":false},"featured_media":84497,"template":"","meta":{"_acf_changed":false,"_glsr_average":0,"_glsr_ranking":0,"_glsr_reviews":0},"product_brand":[],"product_cat":[673,229],"product_tag":[],"class_list":{"0":"post-84495","1":"product","2":"type-product","3":"status-publish","4":"has-post-thumbnail","6":"product_cat-ugdomosios-priemones","7":"product_cat-zaislai-vaikams","8":"\"style=\"background-color: #2ecc711c;\"","10":"first","11":"instock","12":"purchasable","13":"product-type-simple"},"acf":[],"yoast_head":"<!-- This site is optimized with the Yoast SEO plugin v27.4 - https:\/\/yoast.com\/product\/yoast-seo-wordpress\/ -->\n<title>MASTERKIDZ Termosensori\u0161ka edukacin\u0117 lenta, reaguojanti \u012f \u0161ilum\u0105<\/title>\n<meta name=\"description\" content=\"MASTERKIDZ Termosensori\u0161ka edukacin\u0117 lenta, reaguojanti \u012f \u0161ilum\u0105 - KidsPlay. Did\u017eiausias vaik\u0173 \u017eaisl\u0173 pasirinkimas.\" \/>\n<meta name=\"robots\" content=\"index, follow, max-snippet:-1, max-image-preview:large, max-video-preview:-1\" \/>\n<link rel=\"canonical\" href=\"https:\/\/kidsplay.lt\/lv\/products\/masterkidz-termosensoriska-edukacine-lenta-reaguojanti-i-siluma\/\" \/>\n<meta property=\"og:locale\" content=\"lv_LV\" \/>\n<meta property=\"og:type\" content=\"article\" \/>\n<meta property=\"og:title\" content=\"MASTERKIDZ Termosensori\u0161ka edukacin\u0117 lenta, reaguojanti \u012f \u0161ilum\u0105\" \/>\n<meta property=\"og:description\" content=\"MASTERKIDZ Termosensori\u0161ka edukacin\u0117 lenta, reaguojanti \u012f \u0161ilum\u0105 - KidsPlay. Did\u017eiausias vaik\u0173 \u017eaisl\u0173 pasirinkimas.\" \/>\n<meta property=\"og:url\" content=\"https:\/\/kidsplay.lt\/lv\/products\/masterkidz-termosensoriska-edukacine-lenta-reaguojanti-i-siluma\/\" \/>\n<meta property=\"og:site_name\" content=\"KidsPlay\" \/>\n<meta property=\"article:publisher\" content=\"https:\/\/www.facebook.com\/www.kidsplay.lt\" \/>\n<meta property=\"article:modified_time\" content=\"2026-04-13T11:09:33+00:00\" \/>\n<meta property=\"og:image\" content=\"https:\/\/kidsplay.lt\/wp-content\/uploads\/2026\/02\/MASTERKIDZ-Termosensoriska-edukacine-lenta-reaguojanti-i-siluma.jpg\" \/>\n\t<meta property=\"og:image:width\" content=\"2560\" \/>\n\t<meta property=\"og:image:height\" content=\"2560\" \/>\n\t<meta property=\"og:image:type\" content=\"image\/jpeg\" \/>\n<meta name=\"twitter:card\" content=\"summary_large_image\" \/>\n<meta name=\"twitter:label1\" content=\"Est. reading time\" \/>\n\t<meta name=\"twitter:data1\" content=\"1 min\u016bte\" \/>\n<script type=\"application\/ld+json\" class=\"yoast-schema-graph\">{\"@context\":\"https:\\\/\\\/schema.org\",\"@graph\":[{\"@type\":\"WebPage\",\"@id\":\"https:\\\/\\\/kidsplay.lt\\\/produktas\\\/masterkidz-termosensoriska-edukacine-lenta-reaguojanti-i-siluma\\\/\",\"url\":\"https:\\\/\\\/kidsplay.lt\\\/produktas\\\/masterkidz-termosensoriska-edukacine-lenta-reaguojanti-i-siluma\\\/\",\"name\":\"MASTERKIDZ Termosensori\u0161ka edukacin\u0117 lenta, reaguojanti \u012f \u0161ilum\u0105\",\"isPartOf\":{\"@id\":\"https:\\\/\\\/kidsplay.lt\\\/#website\"},\"primaryImageOfPage\":{\"@id\":\"https:\\\/\\\/kidsplay.lt\\\/produktas\\\/masterkidz-termosensoriska-edukacine-lenta-reaguojanti-i-siluma\\\/#primaryimage\"},\"image\":{\"@id\":\"https:\\\/\\\/kidsplay.lt\\\/produktas\\\/masterkidz-termosensoriska-edukacine-lenta-reaguojanti-i-siluma\\\/#primaryimage\"},\"thumbnailUrl\":\"https:\\\/\\\/kidsplay.lt\\\/wp-content\\\/uploads\\\/2026\\\/02\\\/MASTERKIDZ-Termosensoriska-edukacine-lenta-reaguojanti-i-siluma.jpg\",\"datePublished\":\"2026-02-22T11:06:30+00:00\",\"dateModified\":\"2026-04-13T11:09:33+00:00\",\"description\":\"MASTERKIDZ Termosensori\u0161ka edukacin\u0117 lenta, reaguojanti \u012f \u0161ilum\u0105 - KidsPlay. Did\u017eiausias vaik\u0173 \u017eaisl\u0173 pasirinkimas.\",\"breadcrumb\":{\"@id\":\"https:\\\/\\\/kidsplay.lt\\\/produktas\\\/masterkidz-termosensoriska-edukacine-lenta-reaguojanti-i-siluma\\\/#breadcrumb\"},\"inLanguage\":\"lv-LV\",\"potentialAction\":[{\"@type\":\"ReadAction\",\"target\":[\"https:\\\/\\\/kidsplay.lt\\\/produktas\\\/masterkidz-termosensoriska-edukacine-lenta-reaguojanti-i-siluma\\\/\"]}]},{\"@type\":\"ImageObject\",\"inLanguage\":\"lv-LV\",\"@id\":\"https:\\\/\\\/kidsplay.lt\\\/produktas\\\/masterkidz-termosensoriska-edukacine-lenta-reaguojanti-i-siluma\\\/#primaryimage\",\"url\":\"https:\\\/\\\/kidsplay.lt\\\/wp-content\\\/uploads\\\/2026\\\/02\\\/MASTERKIDZ-Termosensoriska-edukacine-lenta-reaguojanti-i-siluma.jpg\",\"contentUrl\":\"https:\\\/\\\/kidsplay.lt\\\/wp-content\\\/uploads\\\/2026\\\/02\\\/MASTERKIDZ-Termosensoriska-edukacine-lenta-reaguojanti-i-siluma.jpg\",\"width\":2560,\"height\":2560,\"caption\":\"MASTERKIDZ Termosensori\u0161ka edukacin\u0117 lenta\"},{\"@type\":\"BreadcrumbList\",\"@id\":\"https:\\\/\\\/kidsplay.lt\\\/produktas\\\/masterkidz-termosensoriska-edukacine-lenta-reaguojanti-i-siluma\\\/#breadcrumb\",\"itemListElement\":[{\"@type\":\"ListItem\",\"position\":1,\"name\":\"Pagrindinis\",\"item\":\"https:\\\/\\\/kidsplay.lt\\\/\"},{\"@type\":\"ListItem\",\"position\":2,\"name\":\"Parduotuv\u0117\",\"item\":\"https:\\\/\\\/kidsplay.lt\\\/parduotuve\\\/\"},{\"@type\":\"ListItem\",\"position\":3,\"name\":\"MASTERKIDZ Termosensori\u0161ka edukacin\u0117 lenta, reaguojanti \u012f \u0161ilum\u0105\"}]},{\"@type\":\"WebSite\",\"@id\":\"https:\\\/\\\/kidsplay.lt\\\/#website\",\"url\":\"https:\\\/\\\/kidsplay.lt\\\/\",\"name\":\"Kidsplay.lt\",\"description\":\"\u012evairios prek\u0117s vaikams\",\"publisher\":{\"@id\":\"https:\\\/\\\/kidsplay.lt\\\/#organization\"},\"alternateName\":\"Kidsplay\",\"potentialAction\":[{\"@type\":\"SearchAction\",\"target\":{\"@type\":\"EntryPoint\",\"urlTemplate\":\"https:\\\/\\\/kidsplay.lt\\\/?s={search_term_string}\"},\"query-input\":{\"@type\":\"PropertyValueSpecification\",\"valueRequired\":true,\"valueName\":\"search_term_string\"}}],\"inLanguage\":\"lv-LV\"},{\"@type\":\"Organization\",\"@id\":\"https:\\\/\\\/kidsplay.lt\\\/#organization\",\"name\":\"KidsPlay\",\"url\":\"https:\\\/\\\/kidsplay.lt\\\/\",\"logo\":{\"@type\":\"ImageObject\",\"inLanguage\":\"lv-LV\",\"@id\":\"https:\\\/\\\/kidsplay.lt\\\/#\\\/schema\\\/logo\\\/image\\\/\",\"url\":\"https:\\\/\\\/kidsplay.lt\\\/wp-content\\\/uploads\\\/2023\\\/07\\\/kidsplay-logo.png\",\"contentUrl\":\"https:\\\/\\\/kidsplay.lt\\\/wp-content\\\/uploads\\\/2023\\\/07\\\/kidsplay-logo.png\",\"width\":451,\"height\":98,\"caption\":\"KidsPlay\"},\"image\":{\"@id\":\"https:\\\/\\\/kidsplay.lt\\\/#\\\/schema\\\/logo\\\/image\\\/\"},\"sameAs\":[\"https:\\\/\\\/www.facebook.com\\\/www.kidsplay.lt\"]}]}<\/script>\n<!-- \/ Yoast SEO plugin. -->","yoast_head_json":{"title":"MASTERKIDZ Termosensori\u0161ka edukacin\u0117 lenta, reaguojanti \u012f \u0161ilum\u0105","description":"MASTERKIDZ Termosensori\u0161ka edukacin\u0117 lenta, reaguojanti \u012f \u0161ilum\u0105 - KidsPlay. Did\u017eiausias vaik\u0173 \u017eaisl\u0173 pasirinkimas.","robots":{"index":"index","follow":"follow","max-snippet":"max-snippet:-1","max-image-preview":"max-image-preview:large","max-video-preview":"max-video-preview:-1"},"canonical":"https:\/\/kidsplay.lt\/lv\/products\/masterkidz-termosensoriska-edukacine-lenta-reaguojanti-i-siluma\/","og_locale":"lv_LV","og_type":"article","og_title":"MASTERKIDZ Termosensori\u0161ka edukacin\u0117 lenta, reaguojanti \u012f \u0161ilum\u0105","og_description":"MASTERKIDZ Termosensori\u0161ka edukacin\u0117 lenta, reaguojanti \u012f \u0161ilum\u0105 - KidsPlay. Did\u017eiausias vaik\u0173 \u017eaisl\u0173 pasirinkimas.","og_url":"https:\/\/kidsplay.lt\/lv\/products\/masterkidz-termosensoriska-edukacine-lenta-reaguojanti-i-siluma\/","og_site_name":"KidsPlay","article_publisher":"https:\/\/www.facebook.com\/www.kidsplay.lt","article_modified_time":"2026-04-13T11:09:33+00:00","og_image":[{"width":2560,"height":2560,"url":"https:\/\/kidsplay.lt\/wp-content\/uploads\/2026\/02\/MASTERKIDZ-Termosensoriska-edukacine-lenta-reaguojanti-i-siluma.jpg","type":"image\/jpeg"}],"twitter_card":"summary_large_image","twitter_misc":{"Est. reading time":"1 min\u016bte"},"schema":{"@context":"https:\/\/schema.org","@graph":[{"@type":"WebPage","@id":"https:\/\/kidsplay.lt\/produktas\/masterkidz-termosensoriska-edukacine-lenta-reaguojanti-i-siluma\/","url":"https:\/\/kidsplay.lt\/produktas\/masterkidz-termosensoriska-edukacine-lenta-reaguojanti-i-siluma\/","name":"MASTERKIDZ Termosensori\u0161ka edukacin\u0117 lenta, reaguojanti \u012f \u0161ilum\u0105","isPartOf":{"@id":"https:\/\/kidsplay.lt\/#website"},"primaryImageOfPage":{"@id":"https:\/\/kidsplay.lt\/produktas\/masterkidz-termosensoriska-edukacine-lenta-reaguojanti-i-siluma\/#primaryimage"},"image":{"@id":"https:\/\/kidsplay.lt\/produktas\/masterkidz-termosensoriska-edukacine-lenta-reaguojanti-i-siluma\/#primaryimage"},"thumbnailUrl":"https:\/\/kidsplay.lt\/wp-content\/uploads\/2026\/02\/MASTERKIDZ-Termosensoriska-edukacine-lenta-reaguojanti-i-siluma.jpg","datePublished":"2026-02-22T11:06:30+00:00","dateModified":"2026-04-13T11:09:33+00:00","description":"MASTERKIDZ Termosensori\u0161ka edukacin\u0117 lenta, reaguojanti \u012f \u0161ilum\u0105 - KidsPlay. Did\u017eiausias vaik\u0173 \u017eaisl\u0173 pasirinkimas.","breadcrumb":{"@id":"https:\/\/kidsplay.lt\/produktas\/masterkidz-termosensoriska-edukacine-lenta-reaguojanti-i-siluma\/#breadcrumb"},"inLanguage":"lv-LV","potentialAction":[{"@type":"ReadAction","target":["https:\/\/kidsplay.lt\/produktas\/masterkidz-termosensoriska-edukacine-lenta-reaguojanti-i-siluma\/"]}]},{"@type":"ImageObject","inLanguage":"lv-LV","@id":"https:\/\/kidsplay.lt\/produktas\/masterkidz-termosensoriska-edukacine-lenta-reaguojanti-i-siluma\/#primaryimage","url":"https:\/\/kidsplay.lt\/wp-content\/uploads\/2026\/02\/MASTERKIDZ-Termosensoriska-edukacine-lenta-reaguojanti-i-siluma.jpg","contentUrl":"https:\/\/kidsplay.lt\/wp-content\/uploads\/2026\/02\/MASTERKIDZ-Termosensoriska-edukacine-lenta-reaguojanti-i-siluma.jpg","width":2560,"height":2560,"caption":"MASTERKIDZ Termosensori\u0161ka edukacin\u0117 lenta"},{"@type":"BreadcrumbList","@id":"https:\/\/kidsplay.lt\/produktas\/masterkidz-termosensoriska-edukacine-lenta-reaguojanti-i-siluma\/#breadcrumb","itemListElement":[{"@type":"ListItem","position":1,"name":"Pagrindinis","item":"https:\/\/kidsplay.lt\/"},{"@type":"ListItem","position":2,"name":"Parduotuv\u0117","item":"https:\/\/kidsplay.lt\/parduotuve\/"},{"@type":"ListItem","position":3,"name":"MASTERKIDZ Termosensori\u0161ka edukacin\u0117 lenta, reaguojanti \u012f \u0161ilum\u0105"}]},{"@type":"WebSite","@id":"https:\/\/kidsplay.lt\/#website","url":"https:\/\/kidsplay.lt\/","name":"B\u0113rnu sp\u0113les.lv","description":"\u012evairios prek\u0117s vaikams","publisher":{"@id":"https:\/\/kidsplay.lt\/#organization"},"alternateName":"Kidsplay","potentialAction":[{"@type":"SearchAction","target":{"@type":"EntryPoint","urlTemplate":"https:\/\/kidsplay.lt\/?s={search_term_string}"},"query-input":{"@type":"PropertyValueSpecification","valueRequired":true,"valueName":"search_term_string"}}],"inLanguage":"lv-LV"},{"@type":"Organization","@id":"https:\/\/kidsplay.lt\/#organization","name":"B\u0113rnu sp\u0113le","url":"https:\/\/kidsplay.lt\/","logo":{"@type":"ImageObject","inLanguage":"lv-LV","@id":"https:\/\/kidsplay.lt\/#\/schema\/logo\/image\/","url":"https:\/\/kidsplay.lt\/wp-content\/uploads\/2023\/07\/kidsplay-logo.png","contentUrl":"https:\/\/kidsplay.lt\/wp-content\/uploads\/2023\/07\/kidsplay-logo.png","width":451,"height":98,"caption":"KidsPlay"},"image":{"@id":"https:\/\/kidsplay.lt\/#\/schema\/logo\/image\/"},"sameAs":["https:\/\/www.facebook.com\/www.kidsplay.lt"]}]}},"_links":{"self":[{"href":"https:\/\/kidsplay.lt\/lv\/wp-json\/wp\/v2\/product\/84495","targetHints":{"allow":["GET"]}}],"collection":[{"href":"https:\/\/kidsplay.lt\/lv\/wp-json\/wp\/v2\/product"}],"about":[{"href":"https:\/\/kidsplay.lt\/lv\/wp-json\/wp\/v2\/types\/product"}],"version-history":[{"count":1,"href":"https:\/\/kidsplay.lt\/lv\/wp-json\/wp\/v2\/product\/84495\/revisions"}],"predecessor-version":[{"id":84496,"href":"https:\/\/kidsplay.lt\/lv\/wp-json\/wp\/v2\/product\/84495\/revisions\/84496"}],"wp:featuredmedia":[{"embeddable":true,"href":"https:\/\/kidsplay.lt\/lv\/wp-json\/wp\/v2\/media\/84497"}],"wp:attachment":[{"href":"https:\/\/kidsplay.lt\/lv\/wp-json\/wp\/v2\/media?parent=84495"}],"wp:term":[{"taxonomy":"product_brand","embeddable":true,"href":"https:\/\/kidsplay.lt\/lv\/wp-json\/wp\/v2\/product_brand?post=84495"},{"taxonomy":"product_cat","embeddable":true,"href":"https:\/\/kidsplay.lt\/lv\/wp-json\/wp\/v2\/product_cat?post=84495"},{"taxonomy":"product_tag","embeddable":true,"href":"https:\/\/kidsplay.lt\/lv\/wp-json\/wp\/v2\/product_tag?post=84495"}],"curies":[{"name":"wp","href":"https:\/\/api.w.org\/{rel}","templated":true}]}}