{"id":84502,"date":"2026-02-22T13:07:07","date_gmt":"2026-02-22T11:07:07","guid":{"rendered":"https:\/\/kidsplay.lt\/produktas\/masterkidz-montessori-sienine-lenta-su-atidarymo-ir-uzdarymo-uzraktais-slankikliais-ir-sagomis\/"},"modified":"2026-04-13T14:09:36","modified_gmt":"2026-04-13T11:09:36","slug":"masterkidz-montessori-sienine-lenta-su-atidarymo-ir-uzdarymo-uzraktais-slankikliais-ir-sagomis","status":"publish","type":"product","link":"https:\/\/kidsplay.lt\/lv\/products\/masterkidz-montessori-sienine-lenta-su-atidarymo-ir-uzdarymo-uzraktais-slankikliais-ir-sagomis\/","title":{"rendered":"MASTERKIDZ Montessori sienas d\u0113lis ar atv\u0113r\u0161anas un aizv\u0113r\u0161anas sl\u0113dzen\u0113m, sl\u012bd\u0146iem un pog\u0101m"},"content":{"rendered":"<p>\u012evairi\u0173 tip\u0173 sud\u0117tingi u\u017etrauktukai ir u\u017esegimai gali b\u016bti tikras i\u0161\u0161\u016bkis tiek vaikams, tiek suaugusiems. Tod\u0117l verta lavinti pir\u0161t\u0173 miklum\u0105 \u2013 tai padaryti pad\u0117s \u0161i medin\u0117 edukacin\u0117 lenta i\u0161 \u201eMasterkidz\u201c.<br \/>\nLenta turi \u0161e\u0161ias horizontaliai pritvirtintas ki\u0161enes, imituojan\u010dias striuk\u0119, megztin\u012f ar mar\u0161kinius. Ki\u0161en\u0117se yra \u012fvairi\u0173 tip\u0173 u\u017esegimai:<\/p>\n<p>slankiklis<\/p>\n<p>ma\u017eos sagos<\/p>\n<p>didel\u0117s sagos<\/p>\n<p>dvigubas u\u017etrauktukas<\/p>\n<p>spaud\u0117s<\/p>\n<p>Lenta pagaminta i\u0161 med\u017eio. Rinkdamiesi medinius \u201eMasterkidz\u201c \u017eaislus, prisidedate prie aplinkos tausojimo ir ma\u017einate plastiko atliek\u0173 kiek\u012f.<\/p>","protected":false},"excerpt":{"rendered":"<p>\u012evairi\u0173 tip\u0173 sud\u0117tingi u\u017etrauktukai ir u\u017esegimai gali b\u016bti tikras i\u0161\u0161\u016bkis tiek vaikams, tiek suaugusiems. Tod\u0117l verta lavinti pir\u0161t\u0173 miklum\u0105 \u2013<\/p>","protected":false},"featured_media":84505,"template":"","meta":{"_acf_changed":false,"_glsr_average":0,"_glsr_ranking":0,"_glsr_reviews":0},"product_brand":[],"product_cat":[673,229],"product_tag":[],"class_list":{"0":"post-84502","1":"product","2":"type-product","3":"status-publish","4":"has-post-thumbnail","6":"product_cat-ugdomosios-priemones","7":"product_cat-zaislai-vaikams","8":"\"style=\"background-color: #2ecc711c;\"","10":"first","11":"instock","12":"purchasable","13":"product-type-simple"},"acf":[],"yoast_head":"<!-- This site is optimized with the Yoast SEO plugin v27.3 - https:\/\/yoast.com\/product\/yoast-seo-wordpress\/ -->\n<title>MASTERKIDZ Montessori sienin\u0117 lenta su atidarymo ir u\u017edarymo u\u017eraktais, slankikliais ir sagomis<\/title>\n<meta name=\"description\" content=\"MASTERKIDZ Montessori sienin\u0117 lenta su atidarymo ir u\u017edarymo u\u017eraktais, slankikliais ir sagomis - KidsPlay. Did\u017eiausias vaik\u0173 \u017eaisl\u0173 pasirinkimas.\" \/>\n<meta name=\"robots\" content=\"index, follow, max-snippet:-1, max-image-preview:large, max-video-preview:-1\" \/>\n<link rel=\"canonical\" href=\"https:\/\/kidsplay.lt\/lv\/products\/masterkidz-montessori-sienine-lenta-su-atidarymo-ir-uzdarymo-uzraktais-slankikliais-ir-sagomis\/\" \/>\n<meta property=\"og:locale\" content=\"lv_LV\" \/>\n<meta property=\"og:type\" content=\"article\" \/>\n<meta property=\"og:title\" content=\"MASTERKIDZ Montessori sienin\u0117 lenta su atidarymo ir u\u017edarymo u\u017eraktais, slankikliais ir sagomis\" \/>\n<meta property=\"og:description\" content=\"MASTERKIDZ Montessori sienin\u0117 lenta su atidarymo ir u\u017edarymo u\u017eraktais, slankikliais ir sagomis - KidsPlay. Did\u017eiausias vaik\u0173 \u017eaisl\u0173 pasirinkimas.\" \/>\n<meta property=\"og:url\" content=\"https:\/\/kidsplay.lt\/lv\/products\/masterkidz-montessori-sienine-lenta-su-atidarymo-ir-uzdarymo-uzraktais-slankikliais-ir-sagomis\/\" \/>\n<meta property=\"og:site_name\" content=\"KidsPlay\" \/>\n<meta property=\"article:publisher\" content=\"https:\/\/www.facebook.com\/www.kidsplay.lt\" \/>\n<meta property=\"article:modified_time\" content=\"2026-04-13T11:09:36+00:00\" \/>\n<meta property=\"og:image\" content=\"https:\/\/kidsplay.lt\/wp-content\/uploads\/2026\/02\/MASTERKIDZ-Montessori-sienine-lenta-su-atidarymo-ir-uzdarymo-uzraktais-slankikliais-ir-sagomis.jpg\" \/>\n\t<meta property=\"og:image:width\" content=\"2560\" \/>\n\t<meta property=\"og:image:height\" content=\"2167\" \/>\n\t<meta property=\"og:image:type\" content=\"image\/jpeg\" \/>\n<meta name=\"twitter:card\" content=\"summary_large_image\" \/>\n<script type=\"application\/ld+json\" class=\"yoast-schema-graph\">{\"@context\":\"https:\\\/\\\/schema.org\",\"@graph\":[{\"@type\":\"WebPage\",\"@id\":\"https:\\\/\\\/kidsplay.lt\\\/produktas\\\/masterkidz-montessori-sienine-lenta-su-atidarymo-ir-uzdarymo-uzraktais-slankikliais-ir-sagomis\\\/\",\"url\":\"https:\\\/\\\/kidsplay.lt\\\/produktas\\\/masterkidz-montessori-sienine-lenta-su-atidarymo-ir-uzdarymo-uzraktais-slankikliais-ir-sagomis\\\/\",\"name\":\"MASTERKIDZ Montessori sienin\u0117 lenta su atidarymo ir u\u017edarymo u\u017eraktais, slankikliais ir sagomis\",\"isPartOf\":{\"@id\":\"https:\\\/\\\/kidsplay.lt\\\/#website\"},\"primaryImageOfPage\":{\"@id\":\"https:\\\/\\\/kidsplay.lt\\\/produktas\\\/masterkidz-montessori-sienine-lenta-su-atidarymo-ir-uzdarymo-uzraktais-slankikliais-ir-sagomis\\\/#primaryimage\"},\"image\":{\"@id\":\"https:\\\/\\\/kidsplay.lt\\\/produktas\\\/masterkidz-montessori-sienine-lenta-su-atidarymo-ir-uzdarymo-uzraktais-slankikliais-ir-sagomis\\\/#primaryimage\"},\"thumbnailUrl\":\"https:\\\/\\\/kidsplay.lt\\\/wp-content\\\/uploads\\\/2026\\\/02\\\/MASTERKIDZ-Montessori-sienine-lenta-su-atidarymo-ir-uzdarymo-uzraktais-slankikliais-ir-sagomis.jpg\",\"datePublished\":\"2026-02-22T11:07:07+00:00\",\"dateModified\":\"2026-04-13T11:09:36+00:00\",\"description\":\"MASTERKIDZ Montessori sienin\u0117 lenta su atidarymo ir u\u017edarymo u\u017eraktais, slankikliais ir sagomis - KidsPlay. Did\u017eiausias vaik\u0173 \u017eaisl\u0173 pasirinkimas.\",\"breadcrumb\":{\"@id\":\"https:\\\/\\\/kidsplay.lt\\\/produktas\\\/masterkidz-montessori-sienine-lenta-su-atidarymo-ir-uzdarymo-uzraktais-slankikliais-ir-sagomis\\\/#breadcrumb\"},\"inLanguage\":\"lv-LV\",\"potentialAction\":[{\"@type\":\"ReadAction\",\"target\":[\"https:\\\/\\\/kidsplay.lt\\\/produktas\\\/masterkidz-montessori-sienine-lenta-su-atidarymo-ir-uzdarymo-uzraktais-slankikliais-ir-sagomis\\\/\"]}]},{\"@type\":\"ImageObject\",\"inLanguage\":\"lv-LV\",\"@id\":\"https:\\\/\\\/kidsplay.lt\\\/produktas\\\/masterkidz-montessori-sienine-lenta-su-atidarymo-ir-uzdarymo-uzraktais-slankikliais-ir-sagomis\\\/#primaryimage\",\"url\":\"https:\\\/\\\/kidsplay.lt\\\/wp-content\\\/uploads\\\/2026\\\/02\\\/MASTERKIDZ-Montessori-sienine-lenta-su-atidarymo-ir-uzdarymo-uzraktais-slankikliais-ir-sagomis.jpg\",\"contentUrl\":\"https:\\\/\\\/kidsplay.lt\\\/wp-content\\\/uploads\\\/2026\\\/02\\\/MASTERKIDZ-Montessori-sienine-lenta-su-atidarymo-ir-uzdarymo-uzraktais-slankikliais-ir-sagomis.jpg\",\"width\":2560,\"height\":2167,\"caption\":\"MASTERKIDZ Montessori sienin\u0117 lenta su atidarymo ir u\u017edarymo u\u017eraktais\"},{\"@type\":\"BreadcrumbList\",\"@id\":\"https:\\\/\\\/kidsplay.lt\\\/produktas\\\/masterkidz-montessori-sienine-lenta-su-atidarymo-ir-uzdarymo-uzraktais-slankikliais-ir-sagomis\\\/#breadcrumb\",\"itemListElement\":[{\"@type\":\"ListItem\",\"position\":1,\"name\":\"Pagrindinis\",\"item\":\"https:\\\/\\\/kidsplay.lt\\\/\"},{\"@type\":\"ListItem\",\"position\":2,\"name\":\"Parduotuv\u0117\",\"item\":\"https:\\\/\\\/kidsplay.lt\\\/parduotuve\\\/\"},{\"@type\":\"ListItem\",\"position\":3,\"name\":\"MASTERKIDZ Montessori sienin\u0117 lenta su atidarymo ir u\u017edarymo u\u017eraktais, slankikliais ir sagomis\"}]},{\"@type\":\"WebSite\",\"@id\":\"https:\\\/\\\/kidsplay.lt\\\/#website\",\"url\":\"https:\\\/\\\/kidsplay.lt\\\/\",\"name\":\"Kidsplay.lt\",\"description\":\"\u012evairios prek\u0117s vaikams\",\"publisher\":{\"@id\":\"https:\\\/\\\/kidsplay.lt\\\/#organization\"},\"alternateName\":\"Kidsplay\",\"potentialAction\":[{\"@type\":\"SearchAction\",\"target\":{\"@type\":\"EntryPoint\",\"urlTemplate\":\"https:\\\/\\\/kidsplay.lt\\\/?s={search_term_string}\"},\"query-input\":{\"@type\":\"PropertyValueSpecification\",\"valueRequired\":true,\"valueName\":\"search_term_string\"}}],\"inLanguage\":\"lv-LV\"},{\"@type\":\"Organization\",\"@id\":\"https:\\\/\\\/kidsplay.lt\\\/#organization\",\"name\":\"KidsPlay\",\"url\":\"https:\\\/\\\/kidsplay.lt\\\/\",\"logo\":{\"@type\":\"ImageObject\",\"inLanguage\":\"lv-LV\",\"@id\":\"https:\\\/\\\/kidsplay.lt\\\/#\\\/schema\\\/logo\\\/image\\\/\",\"url\":\"https:\\\/\\\/kidsplay.lt\\\/wp-content\\\/uploads\\\/2023\\\/07\\\/kidsplay-logo.png\",\"contentUrl\":\"https:\\\/\\\/kidsplay.lt\\\/wp-content\\\/uploads\\\/2023\\\/07\\\/kidsplay-logo.png\",\"width\":451,\"height\":98,\"caption\":\"KidsPlay\"},\"image\":{\"@id\":\"https:\\\/\\\/kidsplay.lt\\\/#\\\/schema\\\/logo\\\/image\\\/\"},\"sameAs\":[\"https:\\\/\\\/www.facebook.com\\\/www.kidsplay.lt\"]}]}<\/script>\n<!-- \/ Yoast SEO plugin. -->","yoast_head_json":{"title":"MASTERKIDZ Montessori sienas d\u0113lis ar atv\u0113r\u0161anas un aizv\u0113r\u0161anas sl\u0113dzen\u0113m, sl\u012bd\u0146iem un pog\u0101m","description":"MASTERKIDZ Montessori sienin\u0117 lenta su atidarymo ir u\u017edarymo u\u017eraktais, slankikliais ir sagomis - KidsPlay. Did\u017eiausias vaik\u0173 \u017eaisl\u0173 pasirinkimas.","robots":{"index":"index","follow":"follow","max-snippet":"max-snippet:-1","max-image-preview":"max-image-preview:large","max-video-preview":"max-video-preview:-1"},"canonical":"https:\/\/kidsplay.lt\/lv\/products\/masterkidz-montessori-sienine-lenta-su-atidarymo-ir-uzdarymo-uzraktais-slankikliais-ir-sagomis\/","og_locale":"lv_LV","og_type":"article","og_title":"MASTERKIDZ Montessori sienin\u0117 lenta su atidarymo ir u\u017edarymo u\u017eraktais, slankikliais ir sagomis","og_description":"MASTERKIDZ Montessori sienin\u0117 lenta su atidarymo ir u\u017edarymo u\u017eraktais, slankikliais ir sagomis - KidsPlay. Did\u017eiausias vaik\u0173 \u017eaisl\u0173 pasirinkimas.","og_url":"https:\/\/kidsplay.lt\/lv\/products\/masterkidz-montessori-sienine-lenta-su-atidarymo-ir-uzdarymo-uzraktais-slankikliais-ir-sagomis\/","og_site_name":"KidsPlay","article_publisher":"https:\/\/www.facebook.com\/www.kidsplay.lt","article_modified_time":"2026-04-13T11:09:36+00:00","og_image":[{"width":2560,"height":2167,"url":"https:\/\/kidsplay.lt\/wp-content\/uploads\/2026\/02\/MASTERKIDZ-Montessori-sienine-lenta-su-atidarymo-ir-uzdarymo-uzraktais-slankikliais-ir-sagomis.jpg","type":"image\/jpeg"}],"twitter_card":"summary_large_image","schema":{"@context":"https:\/\/schema.org","@graph":[{"@type":"WebPage","@id":"https:\/\/kidsplay.lt\/produktas\/masterkidz-montessori-sienine-lenta-su-atidarymo-ir-uzdarymo-uzraktais-slankikliais-ir-sagomis\/","url":"https:\/\/kidsplay.lt\/produktas\/masterkidz-montessori-sienine-lenta-su-atidarymo-ir-uzdarymo-uzraktais-slankikliais-ir-sagomis\/","name":"MASTERKIDZ Montessori sienas d\u0113lis ar atv\u0113r\u0161anas un aizv\u0113r\u0161anas sl\u0113dzen\u0113m, sl\u012bd\u0146iem un pog\u0101m","isPartOf":{"@id":"https:\/\/kidsplay.lt\/#website"},"primaryImageOfPage":{"@id":"https:\/\/kidsplay.lt\/produktas\/masterkidz-montessori-sienine-lenta-su-atidarymo-ir-uzdarymo-uzraktais-slankikliais-ir-sagomis\/#primaryimage"},"image":{"@id":"https:\/\/kidsplay.lt\/produktas\/masterkidz-montessori-sienine-lenta-su-atidarymo-ir-uzdarymo-uzraktais-slankikliais-ir-sagomis\/#primaryimage"},"thumbnailUrl":"https:\/\/kidsplay.lt\/wp-content\/uploads\/2026\/02\/MASTERKIDZ-Montessori-sienine-lenta-su-atidarymo-ir-uzdarymo-uzraktais-slankikliais-ir-sagomis.jpg","datePublished":"2026-02-22T11:07:07+00:00","dateModified":"2026-04-13T11:09:36+00:00","description":"MASTERKIDZ Montessori sienin\u0117 lenta su atidarymo ir u\u017edarymo u\u017eraktais, slankikliais ir sagomis - KidsPlay. Did\u017eiausias vaik\u0173 \u017eaisl\u0173 pasirinkimas.","breadcrumb":{"@id":"https:\/\/kidsplay.lt\/produktas\/masterkidz-montessori-sienine-lenta-su-atidarymo-ir-uzdarymo-uzraktais-slankikliais-ir-sagomis\/#breadcrumb"},"inLanguage":"lv-LV","potentialAction":[{"@type":"ReadAction","target":["https:\/\/kidsplay.lt\/produktas\/masterkidz-montessori-sienine-lenta-su-atidarymo-ir-uzdarymo-uzraktais-slankikliais-ir-sagomis\/"]}]},{"@type":"ImageObject","inLanguage":"lv-LV","@id":"https:\/\/kidsplay.lt\/produktas\/masterkidz-montessori-sienine-lenta-su-atidarymo-ir-uzdarymo-uzraktais-slankikliais-ir-sagomis\/#primaryimage","url":"https:\/\/kidsplay.lt\/wp-content\/uploads\/2026\/02\/MASTERKIDZ-Montessori-sienine-lenta-su-atidarymo-ir-uzdarymo-uzraktais-slankikliais-ir-sagomis.jpg","contentUrl":"https:\/\/kidsplay.lt\/wp-content\/uploads\/2026\/02\/MASTERKIDZ-Montessori-sienine-lenta-su-atidarymo-ir-uzdarymo-uzraktais-slankikliais-ir-sagomis.jpg","width":2560,"height":2167,"caption":"MASTERKIDZ Montessori sienin\u0117 lenta su atidarymo ir u\u017edarymo u\u017eraktais"},{"@type":"BreadcrumbList","@id":"https:\/\/kidsplay.lt\/produktas\/masterkidz-montessori-sienine-lenta-su-atidarymo-ir-uzdarymo-uzraktais-slankikliais-ir-sagomis\/#breadcrumb","itemListElement":[{"@type":"ListItem","position":1,"name":"Pagrindinis","item":"https:\/\/kidsplay.lt\/"},{"@type":"ListItem","position":2,"name":"Parduotuv\u0117","item":"https:\/\/kidsplay.lt\/parduotuve\/"},{"@type":"ListItem","position":3,"name":"MASTERKIDZ Montessori sienin\u0117 lenta su atidarymo ir u\u017edarymo u\u017eraktais, slankikliais ir sagomis"}]},{"@type":"WebSite","@id":"https:\/\/kidsplay.lt\/#website","url":"https:\/\/kidsplay.lt\/","name":"B\u0113rnu sp\u0113les.lv","description":"\u012evairios prek\u0117s vaikams","publisher":{"@id":"https:\/\/kidsplay.lt\/#organization"},"alternateName":"Kidsplay","potentialAction":[{"@type":"SearchAction","target":{"@type":"EntryPoint","urlTemplate":"https:\/\/kidsplay.lt\/?s={search_term_string}"},"query-input":{"@type":"PropertyValueSpecification","valueRequired":true,"valueName":"search_term_string"}}],"inLanguage":"lv-LV"},{"@type":"Organization","@id":"https:\/\/kidsplay.lt\/#organization","name":"B\u0113rnu sp\u0113le","url":"https:\/\/kidsplay.lt\/","logo":{"@type":"ImageObject","inLanguage":"lv-LV","@id":"https:\/\/kidsplay.lt\/#\/schema\/logo\/image\/","url":"https:\/\/kidsplay.lt\/wp-content\/uploads\/2023\/07\/kidsplay-logo.png","contentUrl":"https:\/\/kidsplay.lt\/wp-content\/uploads\/2023\/07\/kidsplay-logo.png","width":451,"height":98,"caption":"KidsPlay"},"image":{"@id":"https:\/\/kidsplay.lt\/#\/schema\/logo\/image\/"},"sameAs":["https:\/\/www.facebook.com\/www.kidsplay.lt"]}]}},"_links":{"self":[{"href":"https:\/\/kidsplay.lt\/lv\/wp-json\/wp\/v2\/product\/84502","targetHints":{"allow":["GET"]}}],"collection":[{"href":"https:\/\/kidsplay.lt\/lv\/wp-json\/wp\/v2\/product"}],"about":[{"href":"https:\/\/kidsplay.lt\/lv\/wp-json\/wp\/v2\/types\/product"}],"version-history":[{"count":1,"href":"https:\/\/kidsplay.lt\/lv\/wp-json\/wp\/v2\/product\/84502\/revisions"}],"predecessor-version":[{"id":84504,"href":"https:\/\/kidsplay.lt\/lv\/wp-json\/wp\/v2\/product\/84502\/revisions\/84504"}],"wp:featuredmedia":[{"embeddable":true,"href":"https:\/\/kidsplay.lt\/lv\/wp-json\/wp\/v2\/media\/84505"}],"wp:attachment":[{"href":"https:\/\/kidsplay.lt\/lv\/wp-json\/wp\/v2\/media?parent=84502"}],"wp:term":[{"taxonomy":"product_brand","embeddable":true,"href":"https:\/\/kidsplay.lt\/lv\/wp-json\/wp\/v2\/product_brand?post=84502"},{"taxonomy":"product_cat","embeddable":true,"href":"https:\/\/kidsplay.lt\/lv\/wp-json\/wp\/v2\/product_cat?post=84502"},{"taxonomy":"product_tag","embeddable":true,"href":"https:\/\/kidsplay.lt\/lv\/wp-json\/wp\/v2\/product_tag?post=84502"}],"curies":[{"name":"wp","href":"https:\/\/api.w.org\/{rel}","templated":true}]}}