{"id":84510,"date":"2026-02-22T13:07:44","date_gmt":"2026-02-22T11:07:44","guid":{"rendered":"https:\/\/kidsplay.lt\/produktas\/masterkidz-sensorine-sienine-lenta-pavirsiaus-teksturai-atpazinti\/"},"modified":"2026-04-13T14:09:39","modified_gmt":"2026-04-13T11:09:39","slug":"masterkidz-sensorine-sienine-lenta-pavirsiaus-teksturai-atpazinti","status":"publish","type":"product","link":"https:\/\/kidsplay.lt\/lv\/products\/masterkidz-sensorine-sienine-lenta-pavirsiaus-teksturai-atpazinti\/","title":{"rendered":"MASTERKIDZ Sensorin\u0117 sienin\u0117 lenta pavir\u0161iaus tekst\u016brai atpa\u017einti"},"content":{"rendered":"<p>Sensorin\u0117s lentos yra puik\u016bs \u017eaislai, skirti ma\u017e\u0173j\u0173 poj\u016b\u010diams lavinti. Tekst\u016br\u0173 atpa\u017einimo lenta ugdo lyt\u0117jimo poj\u016bt\u012f, kuris v\u0117liau padeda geriau pa\u017einti aplink\u0105. \u017daidimo esm\u0117 \u2013 u\u017emerktomis akimis surasti poras plyteli\u0173 su vienodomis tekst\u016bromis. U\u017eduotis n\u0117ra tokia paprasta, kaip gali pasirodyti, tod\u0117l vaikas turi susikaupti ir pasitelkti poj\u016b\u010dius.<br \/>\n\u017daisl\u0105 sudaro devynios poros plyteli\u0173. Vir\u0161uje esan\u010dios ma\u017eos plytel\u0117s pirmiausia ap\u010diupin\u0117jamos, kad b\u016bt\u0173 galima pa\u017einti j\u0173 tekst\u016br\u0105 ir ra\u0161t\u0105. Po to vaikas turi surasti toki\u0105 pa\u010di\u0105 plytel\u0119 tarp devyni\u0173 didesni\u0173.<br \/>\nLent\u0105 galima montuoti trimis b\u016bdais:<\/p>\n<p>tvirtinimas prie sienos<\/p>\n<p>montavimas specialioje \u201eMasterkidz\u201c Flex sistemoje<\/p>\n<p>tvirtinimas prie laisvai pastatomo \u201eMasterkidz\u201c stovo<\/p>\n<p>\u017daislas pagamintas vien i\u0161 med\u017eio. Rinkdamiesi medines \u201eMasterkidz\u201c lentas, prisidedate prie aplinkos tausojimo ir ma\u017einate plastiko atliek\u0173 kiek\u012f.<\/p>","protected":false},"excerpt":{"rendered":"<p>Sensorin\u0117s lentos yra puik\u016bs \u017eaislai, skirti ma\u017e\u0173j\u0173 poj\u016b\u010diams lavinti. Tekst\u016br\u0173 atpa\u017einimo lenta ugdo lyt\u0117jimo poj\u016bt\u012f, kuris v\u0117liau padeda geriau pa\u017einti<\/p>","protected":false},"featured_media":84512,"template":"","meta":{"_acf_changed":false,"_glsr_average":0,"_glsr_ranking":0,"_glsr_reviews":0},"product_brand":[],"product_cat":[673,229],"product_tag":[],"class_list":{"0":"post-84510","1":"product","2":"type-product","3":"status-publish","4":"has-post-thumbnail","6":"product_cat-ugdomosios-priemones","7":"product_cat-zaislai-vaikams","8":"\"style=\"background-color: #2ecc711c;\"","10":"first","11":"instock","12":"purchasable","13":"product-type-simple"},"acf":[],"yoast_head":"<!-- This site is optimized with the Yoast SEO plugin v27.4 - https:\/\/yoast.com\/product\/yoast-seo-wordpress\/ -->\n<title>MASTERKIDZ Sensorin\u0117 sienin\u0117 lenta pavir\u0161iaus tekst\u016brai atpa\u017einti<\/title>\n<meta name=\"description\" content=\"MASTERKIDZ Sensorin\u0117 sienin\u0117 lenta pavir\u0161iaus tekst\u016brai atpa\u017einti - KidsPlay. Did\u017eiausias vaik\u0173 \u017eaisl\u0173 pasirinkimas.\" \/>\n<meta name=\"robots\" content=\"index, follow, max-snippet:-1, max-image-preview:large, max-video-preview:-1\" \/>\n<link rel=\"canonical\" href=\"https:\/\/kidsplay.lt\/lv\/products\/masterkidz-sensorine-sienine-lenta-pavirsiaus-teksturai-atpazinti\/\" \/>\n<meta property=\"og:locale\" content=\"lv_LV\" \/>\n<meta property=\"og:type\" content=\"article\" \/>\n<meta property=\"og:title\" content=\"MASTERKIDZ Sensorin\u0117 sienin\u0117 lenta pavir\u0161iaus tekst\u016brai atpa\u017einti\" \/>\n<meta property=\"og:description\" content=\"MASTERKIDZ Sensorin\u0117 sienin\u0117 lenta pavir\u0161iaus tekst\u016brai atpa\u017einti - KidsPlay. Did\u017eiausias vaik\u0173 \u017eaisl\u0173 pasirinkimas.\" \/>\n<meta property=\"og:url\" content=\"https:\/\/kidsplay.lt\/lv\/products\/masterkidz-sensorine-sienine-lenta-pavirsiaus-teksturai-atpazinti\/\" \/>\n<meta property=\"og:site_name\" content=\"KidsPlay\" \/>\n<meta property=\"article:publisher\" content=\"https:\/\/www.facebook.com\/www.kidsplay.lt\" \/>\n<meta property=\"article:modified_time\" content=\"2026-04-13T11:09:39+00:00\" \/>\n<meta property=\"og:image\" content=\"https:\/\/kidsplay.lt\/wp-content\/uploads\/2026\/02\/MASTERKIDZ-Sensorine-sienine-lenta-pavirsiaus-teksturai-atpazinti.jpg\" \/>\n\t<meta property=\"og:image:width\" content=\"2560\" \/>\n\t<meta property=\"og:image:height\" content=\"2553\" \/>\n\t<meta property=\"og:image:type\" content=\"image\/jpeg\" \/>\n<meta name=\"twitter:card\" content=\"summary_large_image\" \/>\n<meta name=\"twitter:label1\" content=\"Est. reading time\" \/>\n\t<meta name=\"twitter:data1\" content=\"1 min\u016bte\" \/>\n<script type=\"application\/ld+json\" class=\"yoast-schema-graph\">{\"@context\":\"https:\\\/\\\/schema.org\",\"@graph\":[{\"@type\":\"WebPage\",\"@id\":\"https:\\\/\\\/kidsplay.lt\\\/produktas\\\/masterkidz-sensorine-sienine-lenta-pavirsiaus-teksturai-atpazinti\\\/\",\"url\":\"https:\\\/\\\/kidsplay.lt\\\/produktas\\\/masterkidz-sensorine-sienine-lenta-pavirsiaus-teksturai-atpazinti\\\/\",\"name\":\"MASTERKIDZ Sensorin\u0117 sienin\u0117 lenta pavir\u0161iaus tekst\u016brai atpa\u017einti\",\"isPartOf\":{\"@id\":\"https:\\\/\\\/kidsplay.lt\\\/#website\"},\"primaryImageOfPage\":{\"@id\":\"https:\\\/\\\/kidsplay.lt\\\/produktas\\\/masterkidz-sensorine-sienine-lenta-pavirsiaus-teksturai-atpazinti\\\/#primaryimage\"},\"image\":{\"@id\":\"https:\\\/\\\/kidsplay.lt\\\/produktas\\\/masterkidz-sensorine-sienine-lenta-pavirsiaus-teksturai-atpazinti\\\/#primaryimage\"},\"thumbnailUrl\":\"https:\\\/\\\/kidsplay.lt\\\/wp-content\\\/uploads\\\/2026\\\/02\\\/MASTERKIDZ-Sensorine-sienine-lenta-pavirsiaus-teksturai-atpazinti.jpg\",\"datePublished\":\"2026-02-22T11:07:44+00:00\",\"dateModified\":\"2026-04-13T11:09:39+00:00\",\"description\":\"MASTERKIDZ Sensorin\u0117 sienin\u0117 lenta pavir\u0161iaus tekst\u016brai atpa\u017einti - KidsPlay. Did\u017eiausias vaik\u0173 \u017eaisl\u0173 pasirinkimas.\",\"breadcrumb\":{\"@id\":\"https:\\\/\\\/kidsplay.lt\\\/produktas\\\/masterkidz-sensorine-sienine-lenta-pavirsiaus-teksturai-atpazinti\\\/#breadcrumb\"},\"inLanguage\":\"lv-LV\",\"potentialAction\":[{\"@type\":\"ReadAction\",\"target\":[\"https:\\\/\\\/kidsplay.lt\\\/produktas\\\/masterkidz-sensorine-sienine-lenta-pavirsiaus-teksturai-atpazinti\\\/\"]}]},{\"@type\":\"ImageObject\",\"inLanguage\":\"lv-LV\",\"@id\":\"https:\\\/\\\/kidsplay.lt\\\/produktas\\\/masterkidz-sensorine-sienine-lenta-pavirsiaus-teksturai-atpazinti\\\/#primaryimage\",\"url\":\"https:\\\/\\\/kidsplay.lt\\\/wp-content\\\/uploads\\\/2026\\\/02\\\/MASTERKIDZ-Sensorine-sienine-lenta-pavirsiaus-teksturai-atpazinti.jpg\",\"contentUrl\":\"https:\\\/\\\/kidsplay.lt\\\/wp-content\\\/uploads\\\/2026\\\/02\\\/MASTERKIDZ-Sensorine-sienine-lenta-pavirsiaus-teksturai-atpazinti.jpg\",\"width\":2560,\"height\":2553,\"caption\":\"MASTERKIDZ Sensorin\u0117 sienin\u0117 lenta pavir\u0161iaus tekst\u016brai atpa\u017einti\"},{\"@type\":\"BreadcrumbList\",\"@id\":\"https:\\\/\\\/kidsplay.lt\\\/produktas\\\/masterkidz-sensorine-sienine-lenta-pavirsiaus-teksturai-atpazinti\\\/#breadcrumb\",\"itemListElement\":[{\"@type\":\"ListItem\",\"position\":1,\"name\":\"Pagrindinis\",\"item\":\"https:\\\/\\\/kidsplay.lt\\\/\"},{\"@type\":\"ListItem\",\"position\":2,\"name\":\"Parduotuv\u0117\",\"item\":\"https:\\\/\\\/kidsplay.lt\\\/parduotuve\\\/\"},{\"@type\":\"ListItem\",\"position\":3,\"name\":\"MASTERKIDZ Sensorin\u0117 sienin\u0117 lenta pavir\u0161iaus tekst\u016brai atpa\u017einti\"}]},{\"@type\":\"WebSite\",\"@id\":\"https:\\\/\\\/kidsplay.lt\\\/#website\",\"url\":\"https:\\\/\\\/kidsplay.lt\\\/\",\"name\":\"Kidsplay.lt\",\"description\":\"\u012evairios prek\u0117s vaikams\",\"publisher\":{\"@id\":\"https:\\\/\\\/kidsplay.lt\\\/#organization\"},\"alternateName\":\"Kidsplay\",\"potentialAction\":[{\"@type\":\"SearchAction\",\"target\":{\"@type\":\"EntryPoint\",\"urlTemplate\":\"https:\\\/\\\/kidsplay.lt\\\/?s={search_term_string}\"},\"query-input\":{\"@type\":\"PropertyValueSpecification\",\"valueRequired\":true,\"valueName\":\"search_term_string\"}}],\"inLanguage\":\"lv-LV\"},{\"@type\":\"Organization\",\"@id\":\"https:\\\/\\\/kidsplay.lt\\\/#organization\",\"name\":\"KidsPlay\",\"url\":\"https:\\\/\\\/kidsplay.lt\\\/\",\"logo\":{\"@type\":\"ImageObject\",\"inLanguage\":\"lv-LV\",\"@id\":\"https:\\\/\\\/kidsplay.lt\\\/#\\\/schema\\\/logo\\\/image\\\/\",\"url\":\"https:\\\/\\\/kidsplay.lt\\\/wp-content\\\/uploads\\\/2023\\\/07\\\/kidsplay-logo.png\",\"contentUrl\":\"https:\\\/\\\/kidsplay.lt\\\/wp-content\\\/uploads\\\/2023\\\/07\\\/kidsplay-logo.png\",\"width\":451,\"height\":98,\"caption\":\"KidsPlay\"},\"image\":{\"@id\":\"https:\\\/\\\/kidsplay.lt\\\/#\\\/schema\\\/logo\\\/image\\\/\"},\"sameAs\":[\"https:\\\/\\\/www.facebook.com\\\/www.kidsplay.lt\"]}]}<\/script>\n<!-- \/ Yoast SEO plugin. -->","yoast_head_json":{"title":"MASTERKIDZ Sensorin\u0117 sienin\u0117 lenta pavir\u0161iaus tekst\u016brai atpa\u017einti","description":"MASTERKIDZ Sensorin\u0117 sienin\u0117 lenta pavir\u0161iaus tekst\u016brai atpa\u017einti - KidsPlay. Did\u017eiausias vaik\u0173 \u017eaisl\u0173 pasirinkimas.","robots":{"index":"index","follow":"follow","max-snippet":"max-snippet:-1","max-image-preview":"max-image-preview:large","max-video-preview":"max-video-preview:-1"},"canonical":"https:\/\/kidsplay.lt\/lv\/products\/masterkidz-sensorine-sienine-lenta-pavirsiaus-teksturai-atpazinti\/","og_locale":"lv_LV","og_type":"article","og_title":"MASTERKIDZ Sensorin\u0117 sienin\u0117 lenta pavir\u0161iaus tekst\u016brai atpa\u017einti","og_description":"MASTERKIDZ Sensorin\u0117 sienin\u0117 lenta pavir\u0161iaus tekst\u016brai atpa\u017einti - KidsPlay. Did\u017eiausias vaik\u0173 \u017eaisl\u0173 pasirinkimas.","og_url":"https:\/\/kidsplay.lt\/lv\/products\/masterkidz-sensorine-sienine-lenta-pavirsiaus-teksturai-atpazinti\/","og_site_name":"KidsPlay","article_publisher":"https:\/\/www.facebook.com\/www.kidsplay.lt","article_modified_time":"2026-04-13T11:09:39+00:00","og_image":[{"width":2560,"height":2553,"url":"https:\/\/kidsplay.lt\/wp-content\/uploads\/2026\/02\/MASTERKIDZ-Sensorine-sienine-lenta-pavirsiaus-teksturai-atpazinti.jpg","type":"image\/jpeg"}],"twitter_card":"summary_large_image","twitter_misc":{"Est. reading time":"1 min\u016bte"},"schema":{"@context":"https:\/\/schema.org","@graph":[{"@type":"WebPage","@id":"https:\/\/kidsplay.lt\/produktas\/masterkidz-sensorine-sienine-lenta-pavirsiaus-teksturai-atpazinti\/","url":"https:\/\/kidsplay.lt\/produktas\/masterkidz-sensorine-sienine-lenta-pavirsiaus-teksturai-atpazinti\/","name":"MASTERKIDZ Sensorin\u0117 sienin\u0117 lenta pavir\u0161iaus tekst\u016brai atpa\u017einti","isPartOf":{"@id":"https:\/\/kidsplay.lt\/#website"},"primaryImageOfPage":{"@id":"https:\/\/kidsplay.lt\/produktas\/masterkidz-sensorine-sienine-lenta-pavirsiaus-teksturai-atpazinti\/#primaryimage"},"image":{"@id":"https:\/\/kidsplay.lt\/produktas\/masterkidz-sensorine-sienine-lenta-pavirsiaus-teksturai-atpazinti\/#primaryimage"},"thumbnailUrl":"https:\/\/kidsplay.lt\/wp-content\/uploads\/2026\/02\/MASTERKIDZ-Sensorine-sienine-lenta-pavirsiaus-teksturai-atpazinti.jpg","datePublished":"2026-02-22T11:07:44+00:00","dateModified":"2026-04-13T11:09:39+00:00","description":"MASTERKIDZ Sensorin\u0117 sienin\u0117 lenta pavir\u0161iaus tekst\u016brai atpa\u017einti - KidsPlay. Did\u017eiausias vaik\u0173 \u017eaisl\u0173 pasirinkimas.","breadcrumb":{"@id":"https:\/\/kidsplay.lt\/produktas\/masterkidz-sensorine-sienine-lenta-pavirsiaus-teksturai-atpazinti\/#breadcrumb"},"inLanguage":"lv-LV","potentialAction":[{"@type":"ReadAction","target":["https:\/\/kidsplay.lt\/produktas\/masterkidz-sensorine-sienine-lenta-pavirsiaus-teksturai-atpazinti\/"]}]},{"@type":"ImageObject","inLanguage":"lv-LV","@id":"https:\/\/kidsplay.lt\/produktas\/masterkidz-sensorine-sienine-lenta-pavirsiaus-teksturai-atpazinti\/#primaryimage","url":"https:\/\/kidsplay.lt\/wp-content\/uploads\/2026\/02\/MASTERKIDZ-Sensorine-sienine-lenta-pavirsiaus-teksturai-atpazinti.jpg","contentUrl":"https:\/\/kidsplay.lt\/wp-content\/uploads\/2026\/02\/MASTERKIDZ-Sensorine-sienine-lenta-pavirsiaus-teksturai-atpazinti.jpg","width":2560,"height":2553,"caption":"MASTERKIDZ Sensorin\u0117 sienin\u0117 lenta pavir\u0161iaus tekst\u016brai atpa\u017einti"},{"@type":"BreadcrumbList","@id":"https:\/\/kidsplay.lt\/produktas\/masterkidz-sensorine-sienine-lenta-pavirsiaus-teksturai-atpazinti\/#breadcrumb","itemListElement":[{"@type":"ListItem","position":1,"name":"Pagrindinis","item":"https:\/\/kidsplay.lt\/"},{"@type":"ListItem","position":2,"name":"Parduotuv\u0117","item":"https:\/\/kidsplay.lt\/parduotuve\/"},{"@type":"ListItem","position":3,"name":"MASTERKIDZ Sensorin\u0117 sienin\u0117 lenta pavir\u0161iaus tekst\u016brai atpa\u017einti"}]},{"@type":"WebSite","@id":"https:\/\/kidsplay.lt\/#website","url":"https:\/\/kidsplay.lt\/","name":"B\u0113rnu sp\u0113les.lv","description":"\u012evairios prek\u0117s vaikams","publisher":{"@id":"https:\/\/kidsplay.lt\/#organization"},"alternateName":"Kidsplay","potentialAction":[{"@type":"SearchAction","target":{"@type":"EntryPoint","urlTemplate":"https:\/\/kidsplay.lt\/?s={search_term_string}"},"query-input":{"@type":"PropertyValueSpecification","valueRequired":true,"valueName":"search_term_string"}}],"inLanguage":"lv-LV"},{"@type":"Organization","@id":"https:\/\/kidsplay.lt\/#organization","name":"B\u0113rnu sp\u0113le","url":"https:\/\/kidsplay.lt\/","logo":{"@type":"ImageObject","inLanguage":"lv-LV","@id":"https:\/\/kidsplay.lt\/#\/schema\/logo\/image\/","url":"https:\/\/kidsplay.lt\/wp-content\/uploads\/2023\/07\/kidsplay-logo.png","contentUrl":"https:\/\/kidsplay.lt\/wp-content\/uploads\/2023\/07\/kidsplay-logo.png","width":451,"height":98,"caption":"KidsPlay"},"image":{"@id":"https:\/\/kidsplay.lt\/#\/schema\/logo\/image\/"},"sameAs":["https:\/\/www.facebook.com\/www.kidsplay.lt"]}]}},"_links":{"self":[{"href":"https:\/\/kidsplay.lt\/lv\/wp-json\/wp\/v2\/product\/84510","targetHints":{"allow":["GET"]}}],"collection":[{"href":"https:\/\/kidsplay.lt\/lv\/wp-json\/wp\/v2\/product"}],"about":[{"href":"https:\/\/kidsplay.lt\/lv\/wp-json\/wp\/v2\/types\/product"}],"version-history":[{"count":1,"href":"https:\/\/kidsplay.lt\/lv\/wp-json\/wp\/v2\/product\/84510\/revisions"}],"predecessor-version":[{"id":84511,"href":"https:\/\/kidsplay.lt\/lv\/wp-json\/wp\/v2\/product\/84510\/revisions\/84511"}],"wp:featuredmedia":[{"embeddable":true,"href":"https:\/\/kidsplay.lt\/lv\/wp-json\/wp\/v2\/media\/84512"}],"wp:attachment":[{"href":"https:\/\/kidsplay.lt\/lv\/wp-json\/wp\/v2\/media?parent=84510"}],"wp:term":[{"taxonomy":"product_brand","embeddable":true,"href":"https:\/\/kidsplay.lt\/lv\/wp-json\/wp\/v2\/product_brand?post=84510"},{"taxonomy":"product_cat","embeddable":true,"href":"https:\/\/kidsplay.lt\/lv\/wp-json\/wp\/v2\/product_cat?post=84510"},{"taxonomy":"product_tag","embeddable":true,"href":"https:\/\/kidsplay.lt\/lv\/wp-json\/wp\/v2\/product_tag?post=84510"}],"curies":[{"name":"wp","href":"https:\/\/api.w.org\/{rel}","templated":true}]}}