{"id":84518,"date":"2026-02-22T13:08:24","date_gmt":"2026-02-22T11:08:24","guid":{"rendered":"https:\/\/kidsplay.lt\/produktas\/masterkidz-stem-kaladeliu-rinkinys-135-vnt-su-4-paneliu-uzklotais\/"},"modified":"2026-04-07T09:48:16","modified_gmt":"2026-04-07T06:48:16","slug":"masterkidz-stem-kaladeliu-rinkinys-135-vnt-su-4-paneliu-uzklotais","status":"publish","type":"product","link":"https:\/\/kidsplay.lt\/lv\/products\/masterkidz-stem-kaladeliu-rinkinys-135-vnt-su-4-paneliu-uzklotais\/","title":{"rendered":"Masterkidz STEM kalad\u0117li\u0173 rinkinys (135 vnt.) su 4 paneli\u0173 u\u017eklotais."},"content":{"rendered":"<p>Paverskite \u012fprast\u0105 STEM sien\u0105 interaktyvia k\u016brybinio \u017eaidimo erdve su kalad\u0117l\u0117mis! Keturi pagrindo pad\u0117klai su 135 statybin\u0117mis kalad\u0117l\u0117mis \u2013 k\u016brybi\u0161kas priedas, leid\u017eiantis vaikams kurti 3D strukt\u016bras ir eksperimentuoti su \u012fvairiomis formomis. Suderinama su daugeliu \u201eMasterkidz\u201c lent\u0173.<br \/>\nFunkcijas:<\/p>\n<p>Specialus dizainas su i\u0161kilimais leid\u017eia lengvai tvirtinti ir neribotai konstruoti.<\/p>\n<p>Pad\u0117kl\u0105 galima lengvai \u012fspausti \u012f bet kuri\u0105 STEM sienos plok\u0161t\u0119, taip i\u0161ple\u010diant jos funkcionalum\u0105.<\/p>\n<p>Puikus sprendimas mokykloms, dar\u017eeliams, bendruomen\u0117s centrams ir nam\u0173 k\u016brybin\u0117ms erdv\u0117ms.<\/p>\n<p>Greitas montavimas \u2013 \u012fspaud\u017eiamas \u012f STEM lentas.<\/p>\n<p>U\u017eklotai suderinami su daugeliu MASTERKIDZ lent\u0173.<\/p>\n<p>Suderinama su populiari\u0173 kalad\u0117li\u0173 preki\u0173 \u017eenklais.<\/p>\n<p>Rinkin\u012f sudaro:<\/p>\n<p>135 statybin\u0117s kalad\u0117l\u0117s<\/p>\n<p>4 lent\u0173 ir stal\u0173 u\u017eklotai<\/p>\n<p>Lenta lavina:<\/p>\n<p>k\u016brybi\u0161kum\u0105<\/p>\n<p>vaizduot\u0119<\/p>\n<p>smulki\u0105j\u0105 motorik\u0105<\/p>\n<p>U\u017eklotai suderinami su lentomis:<\/p>\n<p>ME10971<\/p>\n<p>ME12838<\/p>\n<p>ME15358<\/p>\n<p>ME15365<\/p>\n<p>ME11343<\/p>\n<p>ME09548<\/p>\n<p>ME10964<\/p>\n<p>ME15372<\/p>\n<p>ME15389<\/p>\n<p>ME25166<\/p>\n<p>ME09531<\/p>\n<p>ME30849<\/p>\n<p>Papildomi elementai, suderinami su u\u017eklotais (parduodami atskirai):<\/p>\n<p>ME29027<\/p>\n<p>ME29089<\/p>","protected":false},"excerpt":{"rendered":"<p>Paverskite \u012fprast\u0105 STEM sien\u0105 interaktyvia k\u016brybinio \u017eaidimo erdve su kalad\u0117l\u0117mis! Keturi pagrindo pad\u0117klai su 135 statybin\u0117mis kalad\u0117l\u0117mis \u2013 k\u016brybi\u0161kas priedas,<\/p>","protected":false},"featured_media":84520,"template":"","meta":{"_acf_changed":false,"_glsr_average":0,"_glsr_ranking":0,"_glsr_reviews":0},"product_brand":[],"product_cat":[673,229],"product_tag":[],"class_list":{"0":"post-84518","1":"product","2":"type-product","3":"status-publish","4":"has-post-thumbnail","6":"product_cat-ugdomosios-priemones","7":"product_cat-zaislai-vaikams","8":"\"style=\"background-color: #2ecc711c;\"","10":"first","11":"instock","12":"purchasable","13":"product-type-simple"},"acf":[],"yoast_head":"<!-- This site is optimized with the Yoast SEO plugin v27.3 - https:\/\/yoast.com\/product\/yoast-seo-wordpress\/ -->\n<title>Masterkidz STEM kalad\u0117li\u0173 rinkinys (135 vnt.) su 4 paneli\u0173 u\u017eklotais.<\/title>\n<meta name=\"description\" content=\"Masterkidz STEM kalad\u0117li\u0173 rinkinys (135 vnt.) su 4 paneli\u0173 u\u017eklotais. - KidsPlay. Did\u017eiausias vaik\u0173 \u017eaisl\u0173 pasirinkimas.\" \/>\n<meta name=\"robots\" content=\"index, follow, max-snippet:-1, max-image-preview:large, max-video-preview:-1\" \/>\n<link rel=\"canonical\" href=\"https:\/\/kidsplay.lt\/lv\/products\/masterkidz-stem-kaladeliu-rinkinys-135-vnt-su-4-paneliu-uzklotais\/\" \/>\n<meta property=\"og:locale\" content=\"lv_LV\" \/>\n<meta property=\"og:type\" content=\"article\" \/>\n<meta property=\"og:title\" content=\"Masterkidz STEM kalad\u0117li\u0173 rinkinys (135 vnt.) su 4 paneli\u0173 u\u017eklotais.\" \/>\n<meta property=\"og:description\" content=\"Masterkidz STEM kalad\u0117li\u0173 rinkinys (135 vnt.) su 4 paneli\u0173 u\u017eklotais. - KidsPlay. Did\u017eiausias vaik\u0173 \u017eaisl\u0173 pasirinkimas.\" \/>\n<meta property=\"og:url\" content=\"https:\/\/kidsplay.lt\/lv\/products\/masterkidz-stem-kaladeliu-rinkinys-135-vnt-su-4-paneliu-uzklotais\/\" \/>\n<meta property=\"og:site_name\" content=\"KidsPlay\" \/>\n<meta property=\"article:publisher\" content=\"https:\/\/www.facebook.com\/www.kidsplay.lt\" \/>\n<meta property=\"article:modified_time\" content=\"2026-04-07T06:48:16+00:00\" \/>\n<meta property=\"og:image\" content=\"https:\/\/kidsplay.lt\/wp-content\/uploads\/2026\/02\/Masterkidz-STEM-kaladeliu-rinkinys-135-vnt.-su-4-paneliu-uzklotais.jpg\" \/>\n\t<meta property=\"og:image:width\" content=\"2500\" \/>\n\t<meta property=\"og:image:height\" content=\"2500\" \/>\n\t<meta property=\"og:image:type\" content=\"image\/jpeg\" \/>\n<meta name=\"twitter:card\" content=\"summary_large_image\" \/>\n<meta name=\"twitter:label1\" content=\"Est. reading time\" \/>\n\t<meta name=\"twitter:data1\" content=\"1 min\u016bte\" \/>\n<script type=\"application\/ld+json\" class=\"yoast-schema-graph\">{\"@context\":\"https:\\\/\\\/schema.org\",\"@graph\":[{\"@type\":\"WebPage\",\"@id\":\"https:\\\/\\\/kidsplay.lt\\\/produktas\\\/masterkidz-stem-kaladeliu-rinkinys-135-vnt-su-4-paneliu-uzklotais\\\/\",\"url\":\"https:\\\/\\\/kidsplay.lt\\\/produktas\\\/masterkidz-stem-kaladeliu-rinkinys-135-vnt-su-4-paneliu-uzklotais\\\/\",\"name\":\"Masterkidz STEM kalad\u0117li\u0173 rinkinys (135 vnt.) su 4 paneli\u0173 u\u017eklotais.\",\"isPartOf\":{\"@id\":\"https:\\\/\\\/kidsplay.lt\\\/#website\"},\"primaryImageOfPage\":{\"@id\":\"https:\\\/\\\/kidsplay.lt\\\/produktas\\\/masterkidz-stem-kaladeliu-rinkinys-135-vnt-su-4-paneliu-uzklotais\\\/#primaryimage\"},\"image\":{\"@id\":\"https:\\\/\\\/kidsplay.lt\\\/produktas\\\/masterkidz-stem-kaladeliu-rinkinys-135-vnt-su-4-paneliu-uzklotais\\\/#primaryimage\"},\"thumbnailUrl\":\"https:\\\/\\\/kidsplay.lt\\\/wp-content\\\/uploads\\\/2026\\\/02\\\/Masterkidz-STEM-kaladeliu-rinkinys-135-vnt.-su-4-paneliu-uzklotais.jpg\",\"datePublished\":\"2026-02-22T11:08:24+00:00\",\"dateModified\":\"2026-04-07T06:48:16+00:00\",\"description\":\"Masterkidz STEM kalad\u0117li\u0173 rinkinys (135 vnt.) su 4 paneli\u0173 u\u017eklotais. - KidsPlay. Did\u017eiausias vaik\u0173 \u017eaisl\u0173 pasirinkimas.\",\"breadcrumb\":{\"@id\":\"https:\\\/\\\/kidsplay.lt\\\/produktas\\\/masterkidz-stem-kaladeliu-rinkinys-135-vnt-su-4-paneliu-uzklotais\\\/#breadcrumb\"},\"inLanguage\":\"lv-LV\",\"potentialAction\":[{\"@type\":\"ReadAction\",\"target\":[\"https:\\\/\\\/kidsplay.lt\\\/produktas\\\/masterkidz-stem-kaladeliu-rinkinys-135-vnt-su-4-paneliu-uzklotais\\\/\"]}]},{\"@type\":\"ImageObject\",\"inLanguage\":\"lv-LV\",\"@id\":\"https:\\\/\\\/kidsplay.lt\\\/produktas\\\/masterkidz-stem-kaladeliu-rinkinys-135-vnt-su-4-paneliu-uzklotais\\\/#primaryimage\",\"url\":\"https:\\\/\\\/kidsplay.lt\\\/wp-content\\\/uploads\\\/2026\\\/02\\\/Masterkidz-STEM-kaladeliu-rinkinys-135-vnt.-su-4-paneliu-uzklotais.jpg\",\"contentUrl\":\"https:\\\/\\\/kidsplay.lt\\\/wp-content\\\/uploads\\\/2026\\\/02\\\/Masterkidz-STEM-kaladeliu-rinkinys-135-vnt.-su-4-paneliu-uzklotais.jpg\",\"width\":2500,\"height\":2500,\"caption\":\"Masterkidz STEM kalad\u0117li\u0173 rinkinys (135 vnt.) su 4 paneli\u0173 u\u017eklotais.\"},{\"@type\":\"BreadcrumbList\",\"@id\":\"https:\\\/\\\/kidsplay.lt\\\/produktas\\\/masterkidz-stem-kaladeliu-rinkinys-135-vnt-su-4-paneliu-uzklotais\\\/#breadcrumb\",\"itemListElement\":[{\"@type\":\"ListItem\",\"position\":1,\"name\":\"Pagrindinis\",\"item\":\"https:\\\/\\\/kidsplay.lt\\\/\"},{\"@type\":\"ListItem\",\"position\":2,\"name\":\"Parduotuv\u0117\",\"item\":\"https:\\\/\\\/kidsplay.lt\\\/parduotuve\\\/\"},{\"@type\":\"ListItem\",\"position\":3,\"name\":\"Masterkidz STEM kalad\u0117li\u0173 rinkinys (135 vnt.) su 4 paneli\u0173 u\u017eklotais.\"}]},{\"@type\":\"WebSite\",\"@id\":\"https:\\\/\\\/kidsplay.lt\\\/#website\",\"url\":\"https:\\\/\\\/kidsplay.lt\\\/\",\"name\":\"Kidsplay.lt\",\"description\":\"\u012evairios prek\u0117s vaikams\",\"publisher\":{\"@id\":\"https:\\\/\\\/kidsplay.lt\\\/#organization\"},\"alternateName\":\"Kidsplay\",\"potentialAction\":[{\"@type\":\"SearchAction\",\"target\":{\"@type\":\"EntryPoint\",\"urlTemplate\":\"https:\\\/\\\/kidsplay.lt\\\/?s={search_term_string}\"},\"query-input\":{\"@type\":\"PropertyValueSpecification\",\"valueRequired\":true,\"valueName\":\"search_term_string\"}}],\"inLanguage\":\"lv-LV\"},{\"@type\":\"Organization\",\"@id\":\"https:\\\/\\\/kidsplay.lt\\\/#organization\",\"name\":\"KidsPlay\",\"url\":\"https:\\\/\\\/kidsplay.lt\\\/\",\"logo\":{\"@type\":\"ImageObject\",\"inLanguage\":\"lv-LV\",\"@id\":\"https:\\\/\\\/kidsplay.lt\\\/#\\\/schema\\\/logo\\\/image\\\/\",\"url\":\"https:\\\/\\\/kidsplay.lt\\\/wp-content\\\/uploads\\\/2023\\\/07\\\/kidsplay-logo.png\",\"contentUrl\":\"https:\\\/\\\/kidsplay.lt\\\/wp-content\\\/uploads\\\/2023\\\/07\\\/kidsplay-logo.png\",\"width\":451,\"height\":98,\"caption\":\"KidsPlay\"},\"image\":{\"@id\":\"https:\\\/\\\/kidsplay.lt\\\/#\\\/schema\\\/logo\\\/image\\\/\"},\"sameAs\":[\"https:\\\/\\\/www.facebook.com\\\/www.kidsplay.lt\"]}]}<\/script>\n<!-- \/ Yoast SEO plugin. -->","yoast_head_json":{"title":"Masterkidz STEM kalad\u0117li\u0173 rinkinys (135 vnt.) su 4 paneli\u0173 u\u017eklotais.","description":"Masterkidz STEM kalad\u0117li\u0173 rinkinys (135 vnt.) su 4 paneli\u0173 u\u017eklotais. - KidsPlay. Did\u017eiausias vaik\u0173 \u017eaisl\u0173 pasirinkimas.","robots":{"index":"index","follow":"follow","max-snippet":"max-snippet:-1","max-image-preview":"max-image-preview:large","max-video-preview":"max-video-preview:-1"},"canonical":"https:\/\/kidsplay.lt\/lv\/products\/masterkidz-stem-kaladeliu-rinkinys-135-vnt-su-4-paneliu-uzklotais\/","og_locale":"lv_LV","og_type":"article","og_title":"Masterkidz STEM kalad\u0117li\u0173 rinkinys (135 vnt.) su 4 paneli\u0173 u\u017eklotais.","og_description":"Masterkidz STEM kalad\u0117li\u0173 rinkinys (135 vnt.) su 4 paneli\u0173 u\u017eklotais. - KidsPlay. Did\u017eiausias vaik\u0173 \u017eaisl\u0173 pasirinkimas.","og_url":"https:\/\/kidsplay.lt\/lv\/products\/masterkidz-stem-kaladeliu-rinkinys-135-vnt-su-4-paneliu-uzklotais\/","og_site_name":"KidsPlay","article_publisher":"https:\/\/www.facebook.com\/www.kidsplay.lt","article_modified_time":"2026-04-07T06:48:16+00:00","og_image":[{"width":2500,"height":2500,"url":"https:\/\/kidsplay.lt\/wp-content\/uploads\/2026\/02\/Masterkidz-STEM-kaladeliu-rinkinys-135-vnt.-su-4-paneliu-uzklotais.jpg","type":"image\/jpeg"}],"twitter_card":"summary_large_image","twitter_misc":{"Est. reading time":"1 min\u016bte"},"schema":{"@context":"https:\/\/schema.org","@graph":[{"@type":"WebPage","@id":"https:\/\/kidsplay.lt\/produktas\/masterkidz-stem-kaladeliu-rinkinys-135-vnt-su-4-paneliu-uzklotais\/","url":"https:\/\/kidsplay.lt\/produktas\/masterkidz-stem-kaladeliu-rinkinys-135-vnt-su-4-paneliu-uzklotais\/","name":"Masterkidz STEM kalad\u0117li\u0173 rinkinys (135 vnt.) su 4 paneli\u0173 u\u017eklotais.","isPartOf":{"@id":"https:\/\/kidsplay.lt\/#website"},"primaryImageOfPage":{"@id":"https:\/\/kidsplay.lt\/produktas\/masterkidz-stem-kaladeliu-rinkinys-135-vnt-su-4-paneliu-uzklotais\/#primaryimage"},"image":{"@id":"https:\/\/kidsplay.lt\/produktas\/masterkidz-stem-kaladeliu-rinkinys-135-vnt-su-4-paneliu-uzklotais\/#primaryimage"},"thumbnailUrl":"https:\/\/kidsplay.lt\/wp-content\/uploads\/2026\/02\/Masterkidz-STEM-kaladeliu-rinkinys-135-vnt.-su-4-paneliu-uzklotais.jpg","datePublished":"2026-02-22T11:08:24+00:00","dateModified":"2026-04-07T06:48:16+00:00","description":"Masterkidz STEM kalad\u0117li\u0173 rinkinys (135 vnt.) su 4 paneli\u0173 u\u017eklotais. - KidsPlay. Did\u017eiausias vaik\u0173 \u017eaisl\u0173 pasirinkimas.","breadcrumb":{"@id":"https:\/\/kidsplay.lt\/produktas\/masterkidz-stem-kaladeliu-rinkinys-135-vnt-su-4-paneliu-uzklotais\/#breadcrumb"},"inLanguage":"lv-LV","potentialAction":[{"@type":"ReadAction","target":["https:\/\/kidsplay.lt\/produktas\/masterkidz-stem-kaladeliu-rinkinys-135-vnt-su-4-paneliu-uzklotais\/"]}]},{"@type":"ImageObject","inLanguage":"lv-LV","@id":"https:\/\/kidsplay.lt\/produktas\/masterkidz-stem-kaladeliu-rinkinys-135-vnt-su-4-paneliu-uzklotais\/#primaryimage","url":"https:\/\/kidsplay.lt\/wp-content\/uploads\/2026\/02\/Masterkidz-STEM-kaladeliu-rinkinys-135-vnt.-su-4-paneliu-uzklotais.jpg","contentUrl":"https:\/\/kidsplay.lt\/wp-content\/uploads\/2026\/02\/Masterkidz-STEM-kaladeliu-rinkinys-135-vnt.-su-4-paneliu-uzklotais.jpg","width":2500,"height":2500,"caption":"Masterkidz STEM kalad\u0117li\u0173 rinkinys (135 vnt.) su 4 paneli\u0173 u\u017eklotais."},{"@type":"BreadcrumbList","@id":"https:\/\/kidsplay.lt\/produktas\/masterkidz-stem-kaladeliu-rinkinys-135-vnt-su-4-paneliu-uzklotais\/#breadcrumb","itemListElement":[{"@type":"ListItem","position":1,"name":"Pagrindinis","item":"https:\/\/kidsplay.lt\/"},{"@type":"ListItem","position":2,"name":"Parduotuv\u0117","item":"https:\/\/kidsplay.lt\/parduotuve\/"},{"@type":"ListItem","position":3,"name":"Masterkidz STEM kalad\u0117li\u0173 rinkinys (135 vnt.) su 4 paneli\u0173 u\u017eklotais."}]},{"@type":"WebSite","@id":"https:\/\/kidsplay.lt\/#website","url":"https:\/\/kidsplay.lt\/","name":"B\u0113rnu sp\u0113les.lv","description":"\u012evairios prek\u0117s vaikams","publisher":{"@id":"https:\/\/kidsplay.lt\/#organization"},"alternateName":"Kidsplay","potentialAction":[{"@type":"SearchAction","target":{"@type":"EntryPoint","urlTemplate":"https:\/\/kidsplay.lt\/?s={search_term_string}"},"query-input":{"@type":"PropertyValueSpecification","valueRequired":true,"valueName":"search_term_string"}}],"inLanguage":"lv-LV"},{"@type":"Organization","@id":"https:\/\/kidsplay.lt\/#organization","name":"B\u0113rnu sp\u0113le","url":"https:\/\/kidsplay.lt\/","logo":{"@type":"ImageObject","inLanguage":"lv-LV","@id":"https:\/\/kidsplay.lt\/#\/schema\/logo\/image\/","url":"https:\/\/kidsplay.lt\/wp-content\/uploads\/2023\/07\/kidsplay-logo.png","contentUrl":"https:\/\/kidsplay.lt\/wp-content\/uploads\/2023\/07\/kidsplay-logo.png","width":451,"height":98,"caption":"KidsPlay"},"image":{"@id":"https:\/\/kidsplay.lt\/#\/schema\/logo\/image\/"},"sameAs":["https:\/\/www.facebook.com\/www.kidsplay.lt"]}]}},"_links":{"self":[{"href":"https:\/\/kidsplay.lt\/lv\/wp-json\/wp\/v2\/product\/84518","targetHints":{"allow":["GET"]}}],"collection":[{"href":"https:\/\/kidsplay.lt\/lv\/wp-json\/wp\/v2\/product"}],"about":[{"href":"https:\/\/kidsplay.lt\/lv\/wp-json\/wp\/v2\/types\/product"}],"version-history":[{"count":1,"href":"https:\/\/kidsplay.lt\/lv\/wp-json\/wp\/v2\/product\/84518\/revisions"}],"predecessor-version":[{"id":84519,"href":"https:\/\/kidsplay.lt\/lv\/wp-json\/wp\/v2\/product\/84518\/revisions\/84519"}],"wp:featuredmedia":[{"embeddable":true,"href":"https:\/\/kidsplay.lt\/lv\/wp-json\/wp\/v2\/media\/84520"}],"wp:attachment":[{"href":"https:\/\/kidsplay.lt\/lv\/wp-json\/wp\/v2\/media?parent=84518"}],"wp:term":[{"taxonomy":"product_brand","embeddable":true,"href":"https:\/\/kidsplay.lt\/lv\/wp-json\/wp\/v2\/product_brand?post=84518"},{"taxonomy":"product_cat","embeddable":true,"href":"https:\/\/kidsplay.lt\/lv\/wp-json\/wp\/v2\/product_cat?post=84518"},{"taxonomy":"product_tag","embeddable":true,"href":"https:\/\/kidsplay.lt\/lv\/wp-json\/wp\/v2\/product_tag?post=84518"}],"curies":[{"name":"wp","href":"https:\/\/api.w.org\/{rel}","templated":true}]}}