{"id":84580,"date":"2026-02-22T13:12:06","date_gmt":"2026-02-22T11:12:06","guid":{"rendered":"https:\/\/kidsplay.lt\/produktas\/masterkidz-spalvingi-dideli-kaisciai-stem-lentai-128-vnt-6-spalvos\/"},"modified":"2026-04-13T14:10:22","modified_gmt":"2026-04-13T11:10:22","slug":"masterkidz-spalvingi-dideli-kaisciai-stem-lentai-128-vnt-6-spalvos","status":"publish","type":"product","link":"https:\/\/kidsplay.lt\/lv\/products\/masterkidz-spalvingi-dideli-kaisciai-stem-lentai-128-vnt-6-spalvos\/","title":{"rendered":"MASTERKIDZ kr\u0101saini lieli mieti\u0146i STEM t\u0101felei \u2013 128 gab., 6 kr\u0101sas"},"content":{"rendered":"<p>Su spalvotais \u201eMasterkidz\u201c kai\u0161\u010diais galite kurti nepamir\u0161tamas strukt\u016bras ar paveiksl\u0117lius lentoje. Vienintel\u0117 riba \u2013 j\u016bs\u0173 vaizduot\u0117, tod\u0117l leiskite jai pasireik\u0161ti ir sukurkite ka\u017ek\u0105 gra\u017eaus! Kai\u0161\u010diai yra \u0161e\u0161i\u0173 spalv\u0173, tod\u0117l galite kurti \u012fvairias kompozicijas.<br \/>\nFunkcijas:<\/p>\n<p>rinkin\u012f sudaro 64 vnt. (24 kai\u0161\u010diai 5 spalv\u0173 + 8 kilput\u0117s formos kai\u0161\u010diai)<\/p>\n<p>spalvoti kai\u0161\u010diai \u0161e\u0161i\u0173 spalv\u0173<\/p>\n<p>galima kurti gyv\u016bnus, automobilius, paveiksl\u0117lius ir daugyb\u0119 kit\u0173 form\u0173 STEM lentose<\/p>\n<p>lentos skatina vaikus k\u016brybi\u0161kai \u017eaisti, logi\u0161kai m\u0105styti, lavinti smulki\u0105j\u0105 ir stambi\u0105j\u0105 motorik\u0105, dalintis \u017eaislais ir bendrauti<\/p>\n<p>miklios rankos lengvai \u012fstatys kai\u0161\u010dius \u012f STEM lentas<\/p>\n<p>kai\u0161\u010diai pagaminti i\u0161 vandeniui ir saul\u0117s poveikiui atspari\u0173 med\u017eiag\u0173, tod\u0117l nesideformuoja ir nei\u0161blunka \u2013 puikiai tinka naudoti tiek viduje, tiek lauke<\/p>","protected":false},"excerpt":{"rendered":"<p>Su spalvotais \u201eMasterkidz\u201c kai\u0161\u010diais galite kurti nepamir\u0161tamas strukt\u016bras ar paveiksl\u0117lius lentoje. Vienintel\u0117 riba \u2013 j\u016bs\u0173 vaizduot\u0117, tod\u0117l leiskite jai pasireik\u0161ti<\/p>","protected":false},"featured_media":84582,"template":"","meta":{"_acf_changed":false,"_glsr_average":0,"_glsr_ranking":0,"_glsr_reviews":0},"product_brand":[],"product_cat":[673,229],"product_tag":[],"class_list":{"0":"post-84580","1":"product","2":"type-product","3":"status-publish","4":"has-post-thumbnail","6":"product_cat-ugdomosios-priemones","7":"product_cat-zaislai-vaikams","8":"\"style=\"background-color: #2ecc711c;\"","10":"first","11":"instock","12":"purchasable","13":"product-type-simple"},"acf":[],"yoast_head":"<!-- This site is optimized with the Yoast SEO plugin v27.4 - https:\/\/yoast.com\/product\/yoast-seo-wordpress\/ -->\n<title>MASTERKIDZ Spalvingi dideli kai\u0161\u010diai STEM lentai \u2013 128 vnt., 6 spalvos<\/title>\n<meta name=\"description\" content=\"MASTERKIDZ Spalvingi dideli kai\u0161\u010diai STEM lentai \u2013 128 vnt., 6 spalvos - KidsPlay. Did\u017eiausias vaik\u0173 \u017eaisl\u0173 pasirinkimas.\" \/>\n<meta name=\"robots\" content=\"index, follow, max-snippet:-1, max-image-preview:large, max-video-preview:-1\" \/>\n<link rel=\"canonical\" href=\"https:\/\/kidsplay.lt\/lv\/products\/masterkidz-spalvingi-dideli-kaisciai-stem-lentai-128-vnt-6-spalvos\/\" \/>\n<meta property=\"og:locale\" content=\"lv_LV\" \/>\n<meta property=\"og:type\" content=\"article\" \/>\n<meta property=\"og:title\" content=\"MASTERKIDZ Spalvingi dideli kai\u0161\u010diai STEM lentai \u2013 128 vnt., 6 spalvos\" \/>\n<meta property=\"og:description\" content=\"MASTERKIDZ Spalvingi dideli kai\u0161\u010diai STEM lentai \u2013 128 vnt., 6 spalvos - KidsPlay. Did\u017eiausias vaik\u0173 \u017eaisl\u0173 pasirinkimas.\" \/>\n<meta property=\"og:url\" content=\"https:\/\/kidsplay.lt\/lv\/products\/masterkidz-spalvingi-dideli-kaisciai-stem-lentai-128-vnt-6-spalvos\/\" \/>\n<meta property=\"og:site_name\" content=\"KidsPlay\" \/>\n<meta property=\"article:publisher\" content=\"https:\/\/www.facebook.com\/www.kidsplay.lt\" \/>\n<meta property=\"article:modified_time\" content=\"2026-04-13T11:10:22+00:00\" \/>\n<meta property=\"og:image\" content=\"https:\/\/kidsplay.lt\/wp-content\/uploads\/2026\/02\/MASTERKIDZ-Spalvingi-dideli-kaisciai-STEM-lentai-\u2013-128-vnt.-6-spalvos.jpg\" \/>\n\t<meta property=\"og:image:width\" content=\"2500\" \/>\n\t<meta property=\"og:image:height\" content=\"2500\" \/>\n\t<meta property=\"og:image:type\" content=\"image\/jpeg\" \/>\n<meta name=\"twitter:card\" content=\"summary_large_image\" \/>\n<meta name=\"twitter:label1\" content=\"Est. reading time\" \/>\n\t<meta name=\"twitter:data1\" content=\"1 min\u016bte\" \/>\n<script type=\"application\/ld+json\" class=\"yoast-schema-graph\">{\"@context\":\"https:\\\/\\\/schema.org\",\"@graph\":[{\"@type\":\"WebPage\",\"@id\":\"https:\\\/\\\/kidsplay.lt\\\/produktas\\\/masterkidz-spalvingi-dideli-kaisciai-stem-lentai-128-vnt-6-spalvos\\\/\",\"url\":\"https:\\\/\\\/kidsplay.lt\\\/produktas\\\/masterkidz-spalvingi-dideli-kaisciai-stem-lentai-128-vnt-6-spalvos\\\/\",\"name\":\"MASTERKIDZ Spalvingi dideli kai\u0161\u010diai STEM lentai \u2013 128 vnt., 6 spalvos\",\"isPartOf\":{\"@id\":\"https:\\\/\\\/kidsplay.lt\\\/#website\"},\"primaryImageOfPage\":{\"@id\":\"https:\\\/\\\/kidsplay.lt\\\/produktas\\\/masterkidz-spalvingi-dideli-kaisciai-stem-lentai-128-vnt-6-spalvos\\\/#primaryimage\"},\"image\":{\"@id\":\"https:\\\/\\\/kidsplay.lt\\\/produktas\\\/masterkidz-spalvingi-dideli-kaisciai-stem-lentai-128-vnt-6-spalvos\\\/#primaryimage\"},\"thumbnailUrl\":\"https:\\\/\\\/kidsplay.lt\\\/wp-content\\\/uploads\\\/2026\\\/02\\\/MASTERKIDZ-Spalvingi-dideli-kaisciai-STEM-lentai-\u2013-128-vnt.-6-spalvos.jpg\",\"datePublished\":\"2026-02-22T11:12:06+00:00\",\"dateModified\":\"2026-04-13T11:10:22+00:00\",\"description\":\"MASTERKIDZ Spalvingi dideli kai\u0161\u010diai STEM lentai \u2013 128 vnt., 6 spalvos - KidsPlay. Did\u017eiausias vaik\u0173 \u017eaisl\u0173 pasirinkimas.\",\"breadcrumb\":{\"@id\":\"https:\\\/\\\/kidsplay.lt\\\/produktas\\\/masterkidz-spalvingi-dideli-kaisciai-stem-lentai-128-vnt-6-spalvos\\\/#breadcrumb\"},\"inLanguage\":\"lv-LV\",\"potentialAction\":[{\"@type\":\"ReadAction\",\"target\":[\"https:\\\/\\\/kidsplay.lt\\\/produktas\\\/masterkidz-spalvingi-dideli-kaisciai-stem-lentai-128-vnt-6-spalvos\\\/\"]}]},{\"@type\":\"ImageObject\",\"inLanguage\":\"lv-LV\",\"@id\":\"https:\\\/\\\/kidsplay.lt\\\/produktas\\\/masterkidz-spalvingi-dideli-kaisciai-stem-lentai-128-vnt-6-spalvos\\\/#primaryimage\",\"url\":\"https:\\\/\\\/kidsplay.lt\\\/wp-content\\\/uploads\\\/2026\\\/02\\\/MASTERKIDZ-Spalvingi-dideli-kaisciai-STEM-lentai-\u2013-128-vnt.-6-spalvos.jpg\",\"contentUrl\":\"https:\\\/\\\/kidsplay.lt\\\/wp-content\\\/uploads\\\/2026\\\/02\\\/MASTERKIDZ-Spalvingi-dideli-kaisciai-STEM-lentai-\u2013-128-vnt.-6-spalvos.jpg\",\"width\":2500,\"height\":2500,\"caption\":\"MASTERKIDZ Spalvingi dideli kai\u0161\u010diai STEM lentai \u2013 128 vnt.\"},{\"@type\":\"BreadcrumbList\",\"@id\":\"https:\\\/\\\/kidsplay.lt\\\/produktas\\\/masterkidz-spalvingi-dideli-kaisciai-stem-lentai-128-vnt-6-spalvos\\\/#breadcrumb\",\"itemListElement\":[{\"@type\":\"ListItem\",\"position\":1,\"name\":\"Pagrindinis\",\"item\":\"https:\\\/\\\/kidsplay.lt\\\/\"},{\"@type\":\"ListItem\",\"position\":2,\"name\":\"Parduotuv\u0117\",\"item\":\"https:\\\/\\\/kidsplay.lt\\\/parduotuve\\\/\"},{\"@type\":\"ListItem\",\"position\":3,\"name\":\"MASTERKIDZ Spalvingi dideli kai\u0161\u010diai STEM lentai \u2013 128 vnt., 6 spalvos\"}]},{\"@type\":\"WebSite\",\"@id\":\"https:\\\/\\\/kidsplay.lt\\\/#website\",\"url\":\"https:\\\/\\\/kidsplay.lt\\\/\",\"name\":\"Kidsplay.lt\",\"description\":\"\u012evairios prek\u0117s vaikams\",\"publisher\":{\"@id\":\"https:\\\/\\\/kidsplay.lt\\\/#organization\"},\"alternateName\":\"Kidsplay\",\"potentialAction\":[{\"@type\":\"SearchAction\",\"target\":{\"@type\":\"EntryPoint\",\"urlTemplate\":\"https:\\\/\\\/kidsplay.lt\\\/?s={search_term_string}\"},\"query-input\":{\"@type\":\"PropertyValueSpecification\",\"valueRequired\":true,\"valueName\":\"search_term_string\"}}],\"inLanguage\":\"lv-LV\"},{\"@type\":\"Organization\",\"@id\":\"https:\\\/\\\/kidsplay.lt\\\/#organization\",\"name\":\"KidsPlay\",\"url\":\"https:\\\/\\\/kidsplay.lt\\\/\",\"logo\":{\"@type\":\"ImageObject\",\"inLanguage\":\"lv-LV\",\"@id\":\"https:\\\/\\\/kidsplay.lt\\\/#\\\/schema\\\/logo\\\/image\\\/\",\"url\":\"https:\\\/\\\/kidsplay.lt\\\/wp-content\\\/uploads\\\/2023\\\/07\\\/kidsplay-logo.png\",\"contentUrl\":\"https:\\\/\\\/kidsplay.lt\\\/wp-content\\\/uploads\\\/2023\\\/07\\\/kidsplay-logo.png\",\"width\":451,\"height\":98,\"caption\":\"KidsPlay\"},\"image\":{\"@id\":\"https:\\\/\\\/kidsplay.lt\\\/#\\\/schema\\\/logo\\\/image\\\/\"},\"sameAs\":[\"https:\\\/\\\/www.facebook.com\\\/www.kidsplay.lt\"]}]}<\/script>\n<!-- \/ Yoast SEO plugin. -->","yoast_head_json":{"title":"MASTERKIDZ kr\u0101saini lieli mieti\u0146i STEM t\u0101felei \u2013 128 gab., 6 kr\u0101sas","description":"MASTERKIDZ Spalvingi dideli kai\u0161\u010diai STEM lentai \u2013 128 vnt., 6 spalvos - KidsPlay. Did\u017eiausias vaik\u0173 \u017eaisl\u0173 pasirinkimas.","robots":{"index":"index","follow":"follow","max-snippet":"max-snippet:-1","max-image-preview":"max-image-preview:large","max-video-preview":"max-video-preview:-1"},"canonical":"https:\/\/kidsplay.lt\/lv\/products\/masterkidz-spalvingi-dideli-kaisciai-stem-lentai-128-vnt-6-spalvos\/","og_locale":"lv_LV","og_type":"article","og_title":"MASTERKIDZ Spalvingi dideli kai\u0161\u010diai STEM lentai \u2013 128 vnt., 6 spalvos","og_description":"MASTERKIDZ Spalvingi dideli kai\u0161\u010diai STEM lentai \u2013 128 vnt., 6 spalvos - KidsPlay. Did\u017eiausias vaik\u0173 \u017eaisl\u0173 pasirinkimas.","og_url":"https:\/\/kidsplay.lt\/lv\/products\/masterkidz-spalvingi-dideli-kaisciai-stem-lentai-128-vnt-6-spalvos\/","og_site_name":"KidsPlay","article_publisher":"https:\/\/www.facebook.com\/www.kidsplay.lt","article_modified_time":"2026-04-13T11:10:22+00:00","og_image":[{"width":2500,"height":2500,"url":"https:\/\/kidsplay.lt\/wp-content\/uploads\/2026\/02\/MASTERKIDZ-Spalvingi-dideli-kaisciai-STEM-lentai-\u2013-128-vnt.-6-spalvos.jpg","type":"image\/jpeg"}],"twitter_card":"summary_large_image","twitter_misc":{"Est. reading time":"1 min\u016bte"},"schema":{"@context":"https:\/\/schema.org","@graph":[{"@type":"WebPage","@id":"https:\/\/kidsplay.lt\/produktas\/masterkidz-spalvingi-dideli-kaisciai-stem-lentai-128-vnt-6-spalvos\/","url":"https:\/\/kidsplay.lt\/produktas\/masterkidz-spalvingi-dideli-kaisciai-stem-lentai-128-vnt-6-spalvos\/","name":"MASTERKIDZ kr\u0101saini lieli mieti\u0146i STEM t\u0101felei \u2013 128 gab., 6 kr\u0101sas","isPartOf":{"@id":"https:\/\/kidsplay.lt\/#website"},"primaryImageOfPage":{"@id":"https:\/\/kidsplay.lt\/produktas\/masterkidz-spalvingi-dideli-kaisciai-stem-lentai-128-vnt-6-spalvos\/#primaryimage"},"image":{"@id":"https:\/\/kidsplay.lt\/produktas\/masterkidz-spalvingi-dideli-kaisciai-stem-lentai-128-vnt-6-spalvos\/#primaryimage"},"thumbnailUrl":"https:\/\/kidsplay.lt\/wp-content\/uploads\/2026\/02\/MASTERKIDZ-Spalvingi-dideli-kaisciai-STEM-lentai-\u2013-128-vnt.-6-spalvos.jpg","datePublished":"2026-02-22T11:12:06+00:00","dateModified":"2026-04-13T11:10:22+00:00","description":"MASTERKIDZ Spalvingi dideli kai\u0161\u010diai STEM lentai \u2013 128 vnt., 6 spalvos - KidsPlay. Did\u017eiausias vaik\u0173 \u017eaisl\u0173 pasirinkimas.","breadcrumb":{"@id":"https:\/\/kidsplay.lt\/produktas\/masterkidz-spalvingi-dideli-kaisciai-stem-lentai-128-vnt-6-spalvos\/#breadcrumb"},"inLanguage":"lv-LV","potentialAction":[{"@type":"ReadAction","target":["https:\/\/kidsplay.lt\/produktas\/masterkidz-spalvingi-dideli-kaisciai-stem-lentai-128-vnt-6-spalvos\/"]}]},{"@type":"ImageObject","inLanguage":"lv-LV","@id":"https:\/\/kidsplay.lt\/produktas\/masterkidz-spalvingi-dideli-kaisciai-stem-lentai-128-vnt-6-spalvos\/#primaryimage","url":"https:\/\/kidsplay.lt\/wp-content\/uploads\/2026\/02\/MASTERKIDZ-Spalvingi-dideli-kaisciai-STEM-lentai-\u2013-128-vnt.-6-spalvos.jpg","contentUrl":"https:\/\/kidsplay.lt\/wp-content\/uploads\/2026\/02\/MASTERKIDZ-Spalvingi-dideli-kaisciai-STEM-lentai-\u2013-128-vnt.-6-spalvos.jpg","width":2500,"height":2500,"caption":"MASTERKIDZ Spalvingi dideli kai\u0161\u010diai STEM lentai \u2013 128 vnt."},{"@type":"BreadcrumbList","@id":"https:\/\/kidsplay.lt\/produktas\/masterkidz-spalvingi-dideli-kaisciai-stem-lentai-128-vnt-6-spalvos\/#breadcrumb","itemListElement":[{"@type":"ListItem","position":1,"name":"Pagrindinis","item":"https:\/\/kidsplay.lt\/"},{"@type":"ListItem","position":2,"name":"Parduotuv\u0117","item":"https:\/\/kidsplay.lt\/parduotuve\/"},{"@type":"ListItem","position":3,"name":"MASTERKIDZ Spalvingi dideli kai\u0161\u010diai STEM lentai \u2013 128 vnt., 6 spalvos"}]},{"@type":"WebSite","@id":"https:\/\/kidsplay.lt\/#website","url":"https:\/\/kidsplay.lt\/","name":"B\u0113rnu sp\u0113les.lv","description":"\u012evairios prek\u0117s vaikams","publisher":{"@id":"https:\/\/kidsplay.lt\/#organization"},"alternateName":"Kidsplay","potentialAction":[{"@type":"SearchAction","target":{"@type":"EntryPoint","urlTemplate":"https:\/\/kidsplay.lt\/?s={search_term_string}"},"query-input":{"@type":"PropertyValueSpecification","valueRequired":true,"valueName":"search_term_string"}}],"inLanguage":"lv-LV"},{"@type":"Organization","@id":"https:\/\/kidsplay.lt\/#organization","name":"B\u0113rnu sp\u0113le","url":"https:\/\/kidsplay.lt\/","logo":{"@type":"ImageObject","inLanguage":"lv-LV","@id":"https:\/\/kidsplay.lt\/#\/schema\/logo\/image\/","url":"https:\/\/kidsplay.lt\/wp-content\/uploads\/2023\/07\/kidsplay-logo.png","contentUrl":"https:\/\/kidsplay.lt\/wp-content\/uploads\/2023\/07\/kidsplay-logo.png","width":451,"height":98,"caption":"KidsPlay"},"image":{"@id":"https:\/\/kidsplay.lt\/#\/schema\/logo\/image\/"},"sameAs":["https:\/\/www.facebook.com\/www.kidsplay.lt"]}]}},"_links":{"self":[{"href":"https:\/\/kidsplay.lt\/lv\/wp-json\/wp\/v2\/product\/84580","targetHints":{"allow":["GET"]}}],"collection":[{"href":"https:\/\/kidsplay.lt\/lv\/wp-json\/wp\/v2\/product"}],"about":[{"href":"https:\/\/kidsplay.lt\/lv\/wp-json\/wp\/v2\/types\/product"}],"version-history":[{"count":1,"href":"https:\/\/kidsplay.lt\/lv\/wp-json\/wp\/v2\/product\/84580\/revisions"}],"predecessor-version":[{"id":84581,"href":"https:\/\/kidsplay.lt\/lv\/wp-json\/wp\/v2\/product\/84580\/revisions\/84581"}],"wp:featuredmedia":[{"embeddable":true,"href":"https:\/\/kidsplay.lt\/lv\/wp-json\/wp\/v2\/media\/84582"}],"wp:attachment":[{"href":"https:\/\/kidsplay.lt\/lv\/wp-json\/wp\/v2\/media?parent=84580"}],"wp:term":[{"taxonomy":"product_brand","embeddable":true,"href":"https:\/\/kidsplay.lt\/lv\/wp-json\/wp\/v2\/product_brand?post=84580"},{"taxonomy":"product_cat","embeddable":true,"href":"https:\/\/kidsplay.lt\/lv\/wp-json\/wp\/v2\/product_cat?post=84580"},{"taxonomy":"product_tag","embeddable":true,"href":"https:\/\/kidsplay.lt\/lv\/wp-json\/wp\/v2\/product_tag?post=84580"}],"curies":[{"name":"wp","href":"https:\/\/api.w.org\/{rel}","templated":true}]}}