{"id":84608,"date":"2026-02-22T13:13:17","date_gmt":"2026-02-22T11:13:17","guid":{"rendered":"https:\/\/kidsplay.lt\/produktas\/masterkidz-kamuoliuku-trasos-konstravimo-rinkinys-stem-lentai-440-daliu\/"},"modified":"2026-04-13T14:10:38","modified_gmt":"2026-04-13T11:10:38","slug":"masterkidz-kamuoliuku-trasos-konstravimo-rinkinys-stem-lentai-440-daliu","status":"publish","type":"product","link":"https:\/\/kidsplay.lt\/lv\/products\/masterkidz-kamuoliuku-trasos-konstravimo-rinkinys-stem-lentai-440-daliu\/","title":{"rendered":"Masterkidz kamuoliuk\u0173 trasos konstravimo rinkinys STEM lentai 440 dali\u0173"},"content":{"rendered":"<p>Su \u201eMasterkidz\u201c STEM edukacine lenta j\u016bs\u0173 vaikas leisis \u012f k\u016brybin\u0119 ir edukacin\u0119 kelion\u0119, kurdamas gra\u017eius ra\u0161tus ir strukt\u016bras i\u0161 daugyb\u0117s \u017eaidimo element\u0173. Ma\u017eylis gal\u0117s i\u0161laisvinti vaizduot\u0119, kurdamas meistryst\u0117s darbus arba konstruodamas mechanizmus i\u0161 krumpliara\u010di\u0173 ir vamzdyn\u0173 sistem\u0173.<br \/>\nFunkcijas:<\/p>\n<p>tai puikus kamuoliuk\u0173 trasos rinkinys, su kuriuo vaikai gali konstruoti takelius ir kelius, naudodami skirtingus blokus, krypties keitiklius bei kitus jud\u0117jimo mechanizmus<\/p>\n<p>sistema gali b\u016bti naudojama ant stalo, grind\u0173 ir, svarbiausia, STEM lentoje<\/p>\n<p>rinkin\u012f sudaro 440 element\u0173<\/p>\n<p>rinkinys pagamintas i\u0161 med\u017eiag\u0173, atspari\u0173 aplinkos poveikiui, tod\u0117l nesideformuoja ir nei\u0161blunka<\/p>\n<p>Rota\u013clietu lav\u012bna:<\/p>\n<p>motorik\u0105<\/p>\n<p>vaizduot\u0119<\/p>\n<p>k\u016brybi\u0161kum\u0105<\/p>\n<p>aki\u0173 ir rank\u0173 koordinacij\u0105<\/p>","protected":false},"excerpt":{"rendered":"<p>Su \u201eMasterkidz\u201c STEM edukacine lenta j\u016bs\u0173 vaikas leisis \u012f k\u016brybin\u0119 ir edukacin\u0119 kelion\u0119, kurdamas gra\u017eius ra\u0161tus ir strukt\u016bras i\u0161 daugyb\u0117s<\/p>","protected":false},"featured_media":84610,"template":"","meta":{"_acf_changed":false,"_glsr_average":0,"_glsr_ranking":0,"_glsr_reviews":0},"product_brand":[],"product_cat":[673,229],"product_tag":[],"class_list":{"0":"post-84608","1":"product","2":"type-product","3":"status-publish","4":"has-post-thumbnail","6":"product_cat-ugdomosios-priemones","7":"product_cat-zaislai-vaikams","8":"\"style=\"background-color: #2ecc711c;\"","10":"first","11":"instock","12":"purchasable","13":"product-type-simple"},"acf":[],"yoast_head":"<!-- This site is optimized with the Yoast SEO plugin v27.4 - https:\/\/yoast.com\/product\/yoast-seo-wordpress\/ -->\n<title>Masterkidz kamuoliuk\u0173 trasos konstravimo rinkinys STEM lentai 440 dali\u0173<\/title>\n<meta name=\"description\" content=\"Masterkidz kamuoliuk\u0173 trasos konstravimo rinkinys STEM lentai 440 dali\u0173 - KidsPlay. Did\u017eiausias vaik\u0173 \u017eaisl\u0173 pasirinkimas.\" \/>\n<meta name=\"robots\" content=\"index, follow, max-snippet:-1, max-image-preview:large, max-video-preview:-1\" \/>\n<link rel=\"canonical\" href=\"https:\/\/kidsplay.lt\/lv\/products\/masterkidz-kamuoliuku-trasos-konstravimo-rinkinys-stem-lentai-440-daliu\/\" \/>\n<meta property=\"og:locale\" content=\"lv_LV\" \/>\n<meta property=\"og:type\" content=\"article\" \/>\n<meta property=\"og:title\" content=\"Masterkidz kamuoliuk\u0173 trasos konstravimo rinkinys STEM lentai 440 dali\u0173\" \/>\n<meta property=\"og:description\" content=\"Masterkidz kamuoliuk\u0173 trasos konstravimo rinkinys STEM lentai 440 dali\u0173 - KidsPlay. Did\u017eiausias vaik\u0173 \u017eaisl\u0173 pasirinkimas.\" \/>\n<meta property=\"og:url\" content=\"https:\/\/kidsplay.lt\/lv\/products\/masterkidz-kamuoliuku-trasos-konstravimo-rinkinys-stem-lentai-440-daliu\/\" \/>\n<meta property=\"og:site_name\" content=\"KidsPlay\" \/>\n<meta property=\"article:publisher\" content=\"https:\/\/www.facebook.com\/www.kidsplay.lt\" \/>\n<meta property=\"article:modified_time\" content=\"2026-04-13T11:10:38+00:00\" \/>\n<meta property=\"og:image\" content=\"https:\/\/kidsplay.lt\/wp-content\/uploads\/2026\/02\/Masterkidz-kamuoliuku-trasos-konstravimo-rinkinys-STEM-lentai-440-daliu.jpg\" \/>\n\t<meta property=\"og:image:width\" content=\"1130\" \/>\n\t<meta property=\"og:image:height\" content=\"1130\" \/>\n\t<meta property=\"og:image:type\" content=\"image\/jpeg\" \/>\n<meta name=\"twitter:card\" content=\"summary_large_image\" \/>\n<meta name=\"twitter:label1\" content=\"Est. reading time\" \/>\n\t<meta name=\"twitter:data1\" content=\"1 min\u016bte\" \/>\n<script type=\"application\/ld+json\" class=\"yoast-schema-graph\">{\"@context\":\"https:\\\/\\\/schema.org\",\"@graph\":[{\"@type\":\"WebPage\",\"@id\":\"https:\\\/\\\/kidsplay.lt\\\/produktas\\\/masterkidz-kamuoliuku-trasos-konstravimo-rinkinys-stem-lentai-440-daliu\\\/\",\"url\":\"https:\\\/\\\/kidsplay.lt\\\/produktas\\\/masterkidz-kamuoliuku-trasos-konstravimo-rinkinys-stem-lentai-440-daliu\\\/\",\"name\":\"Masterkidz kamuoliuk\u0173 trasos konstravimo rinkinys STEM lentai 440 dali\u0173\",\"isPartOf\":{\"@id\":\"https:\\\/\\\/kidsplay.lt\\\/#website\"},\"primaryImageOfPage\":{\"@id\":\"https:\\\/\\\/kidsplay.lt\\\/produktas\\\/masterkidz-kamuoliuku-trasos-konstravimo-rinkinys-stem-lentai-440-daliu\\\/#primaryimage\"},\"image\":{\"@id\":\"https:\\\/\\\/kidsplay.lt\\\/produktas\\\/masterkidz-kamuoliuku-trasos-konstravimo-rinkinys-stem-lentai-440-daliu\\\/#primaryimage\"},\"thumbnailUrl\":\"https:\\\/\\\/kidsplay.lt\\\/wp-content\\\/uploads\\\/2026\\\/02\\\/Masterkidz-kamuoliuku-trasos-konstravimo-rinkinys-STEM-lentai-440-daliu.jpg\",\"datePublished\":\"2026-02-22T11:13:17+00:00\",\"dateModified\":\"2026-04-13T11:10:38+00:00\",\"description\":\"Masterkidz kamuoliuk\u0173 trasos konstravimo rinkinys STEM lentai 440 dali\u0173 - KidsPlay. Did\u017eiausias vaik\u0173 \u017eaisl\u0173 pasirinkimas.\",\"breadcrumb\":{\"@id\":\"https:\\\/\\\/kidsplay.lt\\\/produktas\\\/masterkidz-kamuoliuku-trasos-konstravimo-rinkinys-stem-lentai-440-daliu\\\/#breadcrumb\"},\"inLanguage\":\"lv-LV\",\"potentialAction\":[{\"@type\":\"ReadAction\",\"target\":[\"https:\\\/\\\/kidsplay.lt\\\/produktas\\\/masterkidz-kamuoliuku-trasos-konstravimo-rinkinys-stem-lentai-440-daliu\\\/\"]}]},{\"@type\":\"ImageObject\",\"inLanguage\":\"lv-LV\",\"@id\":\"https:\\\/\\\/kidsplay.lt\\\/produktas\\\/masterkidz-kamuoliuku-trasos-konstravimo-rinkinys-stem-lentai-440-daliu\\\/#primaryimage\",\"url\":\"https:\\\/\\\/kidsplay.lt\\\/wp-content\\\/uploads\\\/2026\\\/02\\\/Masterkidz-kamuoliuku-trasos-konstravimo-rinkinys-STEM-lentai-440-daliu.jpg\",\"contentUrl\":\"https:\\\/\\\/kidsplay.lt\\\/wp-content\\\/uploads\\\/2026\\\/02\\\/Masterkidz-kamuoliuku-trasos-konstravimo-rinkinys-STEM-lentai-440-daliu.jpg\",\"width\":1130,\"height\":1130,\"caption\":\"Masterkidz kamuoliuk\u0173 trasos konstravimo rinkinys STEM lentai 440 dali\u0173\"},{\"@type\":\"BreadcrumbList\",\"@id\":\"https:\\\/\\\/kidsplay.lt\\\/produktas\\\/masterkidz-kamuoliuku-trasos-konstravimo-rinkinys-stem-lentai-440-daliu\\\/#breadcrumb\",\"itemListElement\":[{\"@type\":\"ListItem\",\"position\":1,\"name\":\"Pagrindinis\",\"item\":\"https:\\\/\\\/kidsplay.lt\\\/\"},{\"@type\":\"ListItem\",\"position\":2,\"name\":\"Parduotuv\u0117\",\"item\":\"https:\\\/\\\/kidsplay.lt\\\/parduotuve\\\/\"},{\"@type\":\"ListItem\",\"position\":3,\"name\":\"Masterkidz kamuoliuk\u0173 trasos konstravimo rinkinys STEM lentai 440 dali\u0173\"}]},{\"@type\":\"WebSite\",\"@id\":\"https:\\\/\\\/kidsplay.lt\\\/#website\",\"url\":\"https:\\\/\\\/kidsplay.lt\\\/\",\"name\":\"Kidsplay.lt\",\"description\":\"\u012evairios prek\u0117s vaikams\",\"publisher\":{\"@id\":\"https:\\\/\\\/kidsplay.lt\\\/#organization\"},\"alternateName\":\"Kidsplay\",\"potentialAction\":[{\"@type\":\"SearchAction\",\"target\":{\"@type\":\"EntryPoint\",\"urlTemplate\":\"https:\\\/\\\/kidsplay.lt\\\/?s={search_term_string}\"},\"query-input\":{\"@type\":\"PropertyValueSpecification\",\"valueRequired\":true,\"valueName\":\"search_term_string\"}}],\"inLanguage\":\"lv-LV\"},{\"@type\":\"Organization\",\"@id\":\"https:\\\/\\\/kidsplay.lt\\\/#organization\",\"name\":\"KidsPlay\",\"url\":\"https:\\\/\\\/kidsplay.lt\\\/\",\"logo\":{\"@type\":\"ImageObject\",\"inLanguage\":\"lv-LV\",\"@id\":\"https:\\\/\\\/kidsplay.lt\\\/#\\\/schema\\\/logo\\\/image\\\/\",\"url\":\"https:\\\/\\\/kidsplay.lt\\\/wp-content\\\/uploads\\\/2023\\\/07\\\/kidsplay-logo.png\",\"contentUrl\":\"https:\\\/\\\/kidsplay.lt\\\/wp-content\\\/uploads\\\/2023\\\/07\\\/kidsplay-logo.png\",\"width\":451,\"height\":98,\"caption\":\"KidsPlay\"},\"image\":{\"@id\":\"https:\\\/\\\/kidsplay.lt\\\/#\\\/schema\\\/logo\\\/image\\\/\"},\"sameAs\":[\"https:\\\/\\\/www.facebook.com\\\/www.kidsplay.lt\"]}]}<\/script>\n<!-- \/ Yoast SEO plugin. -->","yoast_head_json":{"title":"Masterkidz kamuoliuk\u0173 trasos konstravimo rinkinys STEM lentai 440 dali\u0173","description":"Masterkidz kamuoliuk\u0173 trasos konstravimo rinkinys STEM lentai 440 dali\u0173 - KidsPlay. Did\u017eiausias vaik\u0173 \u017eaisl\u0173 pasirinkimas.","robots":{"index":"index","follow":"follow","max-snippet":"max-snippet:-1","max-image-preview":"max-image-preview:large","max-video-preview":"max-video-preview:-1"},"canonical":"https:\/\/kidsplay.lt\/lv\/products\/masterkidz-kamuoliuku-trasos-konstravimo-rinkinys-stem-lentai-440-daliu\/","og_locale":"lv_LV","og_type":"article","og_title":"Masterkidz kamuoliuk\u0173 trasos konstravimo rinkinys STEM lentai 440 dali\u0173","og_description":"Masterkidz kamuoliuk\u0173 trasos konstravimo rinkinys STEM lentai 440 dali\u0173 - KidsPlay. Did\u017eiausias vaik\u0173 \u017eaisl\u0173 pasirinkimas.","og_url":"https:\/\/kidsplay.lt\/lv\/products\/masterkidz-kamuoliuku-trasos-konstravimo-rinkinys-stem-lentai-440-daliu\/","og_site_name":"KidsPlay","article_publisher":"https:\/\/www.facebook.com\/www.kidsplay.lt","article_modified_time":"2026-04-13T11:10:38+00:00","og_image":[{"width":1130,"height":1130,"url":"https:\/\/kidsplay.lt\/wp-content\/uploads\/2026\/02\/Masterkidz-kamuoliuku-trasos-konstravimo-rinkinys-STEM-lentai-440-daliu.jpg","type":"image\/jpeg"}],"twitter_card":"summary_large_image","twitter_misc":{"Est. reading time":"1 min\u016bte"},"schema":{"@context":"https:\/\/schema.org","@graph":[{"@type":"WebPage","@id":"https:\/\/kidsplay.lt\/produktas\/masterkidz-kamuoliuku-trasos-konstravimo-rinkinys-stem-lentai-440-daliu\/","url":"https:\/\/kidsplay.lt\/produktas\/masterkidz-kamuoliuku-trasos-konstravimo-rinkinys-stem-lentai-440-daliu\/","name":"Masterkidz kamuoliuk\u0173 trasos konstravimo rinkinys STEM lentai 440 dali\u0173","isPartOf":{"@id":"https:\/\/kidsplay.lt\/#website"},"primaryImageOfPage":{"@id":"https:\/\/kidsplay.lt\/produktas\/masterkidz-kamuoliuku-trasos-konstravimo-rinkinys-stem-lentai-440-daliu\/#primaryimage"},"image":{"@id":"https:\/\/kidsplay.lt\/produktas\/masterkidz-kamuoliuku-trasos-konstravimo-rinkinys-stem-lentai-440-daliu\/#primaryimage"},"thumbnailUrl":"https:\/\/kidsplay.lt\/wp-content\/uploads\/2026\/02\/Masterkidz-kamuoliuku-trasos-konstravimo-rinkinys-STEM-lentai-440-daliu.jpg","datePublished":"2026-02-22T11:13:17+00:00","dateModified":"2026-04-13T11:10:38+00:00","description":"Masterkidz kamuoliuk\u0173 trasos konstravimo rinkinys STEM lentai 440 dali\u0173 - KidsPlay. Did\u017eiausias vaik\u0173 \u017eaisl\u0173 pasirinkimas.","breadcrumb":{"@id":"https:\/\/kidsplay.lt\/produktas\/masterkidz-kamuoliuku-trasos-konstravimo-rinkinys-stem-lentai-440-daliu\/#breadcrumb"},"inLanguage":"lv-LV","potentialAction":[{"@type":"ReadAction","target":["https:\/\/kidsplay.lt\/produktas\/masterkidz-kamuoliuku-trasos-konstravimo-rinkinys-stem-lentai-440-daliu\/"]}]},{"@type":"ImageObject","inLanguage":"lv-LV","@id":"https:\/\/kidsplay.lt\/produktas\/masterkidz-kamuoliuku-trasos-konstravimo-rinkinys-stem-lentai-440-daliu\/#primaryimage","url":"https:\/\/kidsplay.lt\/wp-content\/uploads\/2026\/02\/Masterkidz-kamuoliuku-trasos-konstravimo-rinkinys-STEM-lentai-440-daliu.jpg","contentUrl":"https:\/\/kidsplay.lt\/wp-content\/uploads\/2026\/02\/Masterkidz-kamuoliuku-trasos-konstravimo-rinkinys-STEM-lentai-440-daliu.jpg","width":1130,"height":1130,"caption":"Masterkidz kamuoliuk\u0173 trasos konstravimo rinkinys STEM lentai 440 dali\u0173"},{"@type":"BreadcrumbList","@id":"https:\/\/kidsplay.lt\/produktas\/masterkidz-kamuoliuku-trasos-konstravimo-rinkinys-stem-lentai-440-daliu\/#breadcrumb","itemListElement":[{"@type":"ListItem","position":1,"name":"Pagrindinis","item":"https:\/\/kidsplay.lt\/"},{"@type":"ListItem","position":2,"name":"Parduotuv\u0117","item":"https:\/\/kidsplay.lt\/parduotuve\/"},{"@type":"ListItem","position":3,"name":"Masterkidz kamuoliuk\u0173 trasos konstravimo rinkinys STEM lentai 440 dali\u0173"}]},{"@type":"WebSite","@id":"https:\/\/kidsplay.lt\/#website","url":"https:\/\/kidsplay.lt\/","name":"B\u0113rnu sp\u0113les.lv","description":"\u012evairios prek\u0117s vaikams","publisher":{"@id":"https:\/\/kidsplay.lt\/#organization"},"alternateName":"Kidsplay","potentialAction":[{"@type":"SearchAction","target":{"@type":"EntryPoint","urlTemplate":"https:\/\/kidsplay.lt\/?s={search_term_string}"},"query-input":{"@type":"PropertyValueSpecification","valueRequired":true,"valueName":"search_term_string"}}],"inLanguage":"lv-LV"},{"@type":"Organization","@id":"https:\/\/kidsplay.lt\/#organization","name":"B\u0113rnu sp\u0113le","url":"https:\/\/kidsplay.lt\/","logo":{"@type":"ImageObject","inLanguage":"lv-LV","@id":"https:\/\/kidsplay.lt\/#\/schema\/logo\/image\/","url":"https:\/\/kidsplay.lt\/wp-content\/uploads\/2023\/07\/kidsplay-logo.png","contentUrl":"https:\/\/kidsplay.lt\/wp-content\/uploads\/2023\/07\/kidsplay-logo.png","width":451,"height":98,"caption":"KidsPlay"},"image":{"@id":"https:\/\/kidsplay.lt\/#\/schema\/logo\/image\/"},"sameAs":["https:\/\/www.facebook.com\/www.kidsplay.lt"]}]}},"_links":{"self":[{"href":"https:\/\/kidsplay.lt\/lv\/wp-json\/wp\/v2\/product\/84608","targetHints":{"allow":["GET"]}}],"collection":[{"href":"https:\/\/kidsplay.lt\/lv\/wp-json\/wp\/v2\/product"}],"about":[{"href":"https:\/\/kidsplay.lt\/lv\/wp-json\/wp\/v2\/types\/product"}],"version-history":[{"count":1,"href":"https:\/\/kidsplay.lt\/lv\/wp-json\/wp\/v2\/product\/84608\/revisions"}],"predecessor-version":[{"id":84609,"href":"https:\/\/kidsplay.lt\/lv\/wp-json\/wp\/v2\/product\/84608\/revisions\/84609"}],"wp:featuredmedia":[{"embeddable":true,"href":"https:\/\/kidsplay.lt\/lv\/wp-json\/wp\/v2\/media\/84610"}],"wp:attachment":[{"href":"https:\/\/kidsplay.lt\/lv\/wp-json\/wp\/v2\/media?parent=84608"}],"wp:term":[{"taxonomy":"product_brand","embeddable":true,"href":"https:\/\/kidsplay.lt\/lv\/wp-json\/wp\/v2\/product_brand?post=84608"},{"taxonomy":"product_cat","embeddable":true,"href":"https:\/\/kidsplay.lt\/lv\/wp-json\/wp\/v2\/product_cat?post=84608"},{"taxonomy":"product_tag","embeddable":true,"href":"https:\/\/kidsplay.lt\/lv\/wp-json\/wp\/v2\/product_tag?post=84608"}],"curies":[{"name":"wp","href":"https:\/\/api.w.org\/{rel}","templated":true}]}}