{"id":84630,"date":"2026-02-22T13:14:16","date_gmt":"2026-02-22T11:14:16","guid":{"rendered":"https:\/\/kidsplay.lt\/produktas\/masterkidz-montessori-smulkiosios-motorikos-slankiojimo-lenta\/"},"modified":"2026-04-07T09:49:07","modified_gmt":"2026-04-07T06:49:07","slug":"masterkidz-montessori-smulkiosios-motorikos-slankiojimo-lenta","status":"publish","type":"product","link":"https:\/\/kidsplay.lt\/lv\/products\/masterkidz-montessori-smulkiosios-motorikos-slankiojimo-lenta\/","title":{"rendered":"MASTERKIDZ Montessori smulkiosios motorikos slankiojimo lenta"},"content":{"rendered":"<p>Edukacin\u0117s lentos i\u0161 Masterkidz leid\u017eia vaikams lavinti daugyb\u0119 \u012fg\u016bd\u017ei\u0173 vienu metu. Kiekviena lenta supa\u017eindina su \u012fvairiomis temomis ir padeda pa\u017einti pasaul\u012f, o special\u016bs r\u0117mai leid\u017eia lengvai keisti lentas bei tvirtai jas pritvirtinti prie sienos.<br \/>\nFunkcijas:<\/p>\n<p>galima tur\u0117ti kelias lentas ir jas lengvai keisti \u2013 r\u0117mai u\u017etikrina stabil\u0173 tvirtinim\u0105 prie sienos<\/p>\n<p>lent\u0105 galima naudoti ir be r\u0117mo, pavyzd\u017eiui, ant stalo ar grind\u0173<\/p>\n<p>slankiojantis labirintas \u012fvairi\u0173 form\u0173 padeda lavinti ankstyvuosius ra\u0161ymo \u012fg\u016bd\u017eius<\/p>\n<p>spalvingos ranken\u0117l\u0117s leid\u017eia mokytis atpa\u017einti spalvas<\/p>\n<p>\u017daislas lavina:<\/p>\n<p>motorik\u0105<\/p>\n<p>sensorinius poj\u016b\u010dius<\/p>\n<p>aki\u0173 ir rank\u0173 koordinacij\u0105<\/p>\n<p>vaizduot\u0119<\/p>\n<p>koncentracij\u0105<\/p>\n<p>smalsum\u0105<\/p>","protected":false},"excerpt":{"rendered":"<p>Edukacin\u0117s lentos i\u0161 Masterkidz leid\u017eia vaikams lavinti daugyb\u0119 \u012fg\u016bd\u017ei\u0173 vienu metu. Kiekviena lenta supa\u017eindina su \u012fvairiomis temomis ir padeda pa\u017einti<\/p>","protected":false},"featured_media":84632,"template":"","meta":{"_acf_changed":false,"_glsr_average":0,"_glsr_ranking":0,"_glsr_reviews":0},"product_brand":[],"product_cat":[673,229],"product_tag":[],"class_list":{"0":"post-84630","1":"product","2":"type-product","3":"status-publish","4":"has-post-thumbnail","6":"product_cat-ugdomosios-priemones","7":"product_cat-zaislai-vaikams","8":"\"style=\"background-color: #2ecc711c;\"","10":"first","11":"instock","12":"purchasable","13":"product-type-simple"},"acf":[],"yoast_head":"<!-- This site is optimized with the Yoast SEO plugin v27.3 - https:\/\/yoast.com\/product\/yoast-seo-wordpress\/ -->\n<title>MASTERKIDZ Montessori smulkiosios motorikos slankiojimo lenta<\/title>\n<meta name=\"description\" content=\"MASTERKIDZ Montessori smulkiosios motorikos slankiojimo lenta - KidsPlay. Did\u017eiausias vaik\u0173 \u017eaisl\u0173 pasirinkimas.\" \/>\n<meta name=\"robots\" content=\"index, follow, max-snippet:-1, max-image-preview:large, max-video-preview:-1\" \/>\n<link rel=\"canonical\" href=\"https:\/\/kidsplay.lt\/lv\/products\/masterkidz-montessori-smulkiosios-motorikos-slankiojimo-lenta\/\" \/>\n<meta property=\"og:locale\" content=\"lv_LV\" \/>\n<meta property=\"og:type\" content=\"article\" \/>\n<meta property=\"og:title\" content=\"MASTERKIDZ Montessori smulkiosios motorikos slankiojimo lenta\" \/>\n<meta property=\"og:description\" content=\"MASTERKIDZ Montessori smulkiosios motorikos slankiojimo lenta - KidsPlay. Did\u017eiausias vaik\u0173 \u017eaisl\u0173 pasirinkimas.\" \/>\n<meta property=\"og:url\" content=\"https:\/\/kidsplay.lt\/lv\/products\/masterkidz-montessori-smulkiosios-motorikos-slankiojimo-lenta\/\" \/>\n<meta property=\"og:site_name\" content=\"KidsPlay\" \/>\n<meta property=\"article:publisher\" content=\"https:\/\/www.facebook.com\/www.kidsplay.lt\" \/>\n<meta property=\"article:modified_time\" content=\"2026-04-07T06:49:07+00:00\" \/>\n<meta property=\"og:image\" content=\"https:\/\/kidsplay.lt\/wp-content\/uploads\/2026\/02\/MASTERKIDZ-Montessori-smulkiosios-motorikos-slankiojimo-lenta.jpg\" \/>\n\t<meta property=\"og:image:width\" content=\"2511\" \/>\n\t<meta property=\"og:image:height\" content=\"2510\" \/>\n\t<meta property=\"og:image:type\" content=\"image\/jpeg\" \/>\n<meta name=\"twitter:card\" content=\"summary_large_image\" \/>\n<meta name=\"twitter:label1\" content=\"Est. reading time\" \/>\n\t<meta name=\"twitter:data1\" content=\"1 min\u016bte\" \/>\n<script type=\"application\/ld+json\" class=\"yoast-schema-graph\">{\"@context\":\"https:\\\/\\\/schema.org\",\"@graph\":[{\"@type\":\"WebPage\",\"@id\":\"https:\\\/\\\/kidsplay.lt\\\/produktas\\\/masterkidz-montessori-smulkiosios-motorikos-slankiojimo-lenta\\\/\",\"url\":\"https:\\\/\\\/kidsplay.lt\\\/produktas\\\/masterkidz-montessori-smulkiosios-motorikos-slankiojimo-lenta\\\/\",\"name\":\"MASTERKIDZ Montessori smulkiosios motorikos slankiojimo lenta\",\"isPartOf\":{\"@id\":\"https:\\\/\\\/kidsplay.lt\\\/#website\"},\"primaryImageOfPage\":{\"@id\":\"https:\\\/\\\/kidsplay.lt\\\/produktas\\\/masterkidz-montessori-smulkiosios-motorikos-slankiojimo-lenta\\\/#primaryimage\"},\"image\":{\"@id\":\"https:\\\/\\\/kidsplay.lt\\\/produktas\\\/masterkidz-montessori-smulkiosios-motorikos-slankiojimo-lenta\\\/#primaryimage\"},\"thumbnailUrl\":\"https:\\\/\\\/kidsplay.lt\\\/wp-content\\\/uploads\\\/2026\\\/02\\\/MASTERKIDZ-Montessori-smulkiosios-motorikos-slankiojimo-lenta.jpg\",\"datePublished\":\"2026-02-22T11:14:16+00:00\",\"dateModified\":\"2026-04-07T06:49:07+00:00\",\"description\":\"MASTERKIDZ Montessori smulkiosios motorikos slankiojimo lenta - KidsPlay. Did\u017eiausias vaik\u0173 \u017eaisl\u0173 pasirinkimas.\",\"breadcrumb\":{\"@id\":\"https:\\\/\\\/kidsplay.lt\\\/produktas\\\/masterkidz-montessori-smulkiosios-motorikos-slankiojimo-lenta\\\/#breadcrumb\"},\"inLanguage\":\"lv-LV\",\"potentialAction\":[{\"@type\":\"ReadAction\",\"target\":[\"https:\\\/\\\/kidsplay.lt\\\/produktas\\\/masterkidz-montessori-smulkiosios-motorikos-slankiojimo-lenta\\\/\"]}]},{\"@type\":\"ImageObject\",\"inLanguage\":\"lv-LV\",\"@id\":\"https:\\\/\\\/kidsplay.lt\\\/produktas\\\/masterkidz-montessori-smulkiosios-motorikos-slankiojimo-lenta\\\/#primaryimage\",\"url\":\"https:\\\/\\\/kidsplay.lt\\\/wp-content\\\/uploads\\\/2026\\\/02\\\/MASTERKIDZ-Montessori-smulkiosios-motorikos-slankiojimo-lenta.jpg\",\"contentUrl\":\"https:\\\/\\\/kidsplay.lt\\\/wp-content\\\/uploads\\\/2026\\\/02\\\/MASTERKIDZ-Montessori-smulkiosios-motorikos-slankiojimo-lenta.jpg\",\"width\":2511,\"height\":2510,\"caption\":\"MASTERKIDZ Montessori smulkiosios motorikos slankiojimo lenta\"},{\"@type\":\"BreadcrumbList\",\"@id\":\"https:\\\/\\\/kidsplay.lt\\\/produktas\\\/masterkidz-montessori-smulkiosios-motorikos-slankiojimo-lenta\\\/#breadcrumb\",\"itemListElement\":[{\"@type\":\"ListItem\",\"position\":1,\"name\":\"Pagrindinis\",\"item\":\"https:\\\/\\\/kidsplay.lt\\\/\"},{\"@type\":\"ListItem\",\"position\":2,\"name\":\"Parduotuv\u0117\",\"item\":\"https:\\\/\\\/kidsplay.lt\\\/parduotuve\\\/\"},{\"@type\":\"ListItem\",\"position\":3,\"name\":\"MASTERKIDZ Montessori smulkiosios motorikos slankiojimo lenta\"}]},{\"@type\":\"WebSite\",\"@id\":\"https:\\\/\\\/kidsplay.lt\\\/#website\",\"url\":\"https:\\\/\\\/kidsplay.lt\\\/\",\"name\":\"Kidsplay.lt\",\"description\":\"\u012evairios prek\u0117s vaikams\",\"publisher\":{\"@id\":\"https:\\\/\\\/kidsplay.lt\\\/#organization\"},\"alternateName\":\"Kidsplay\",\"potentialAction\":[{\"@type\":\"SearchAction\",\"target\":{\"@type\":\"EntryPoint\",\"urlTemplate\":\"https:\\\/\\\/kidsplay.lt\\\/?s={search_term_string}\"},\"query-input\":{\"@type\":\"PropertyValueSpecification\",\"valueRequired\":true,\"valueName\":\"search_term_string\"}}],\"inLanguage\":\"lv-LV\"},{\"@type\":\"Organization\",\"@id\":\"https:\\\/\\\/kidsplay.lt\\\/#organization\",\"name\":\"KidsPlay\",\"url\":\"https:\\\/\\\/kidsplay.lt\\\/\",\"logo\":{\"@type\":\"ImageObject\",\"inLanguage\":\"lv-LV\",\"@id\":\"https:\\\/\\\/kidsplay.lt\\\/#\\\/schema\\\/logo\\\/image\\\/\",\"url\":\"https:\\\/\\\/kidsplay.lt\\\/wp-content\\\/uploads\\\/2023\\\/07\\\/kidsplay-logo.png\",\"contentUrl\":\"https:\\\/\\\/kidsplay.lt\\\/wp-content\\\/uploads\\\/2023\\\/07\\\/kidsplay-logo.png\",\"width\":451,\"height\":98,\"caption\":\"KidsPlay\"},\"image\":{\"@id\":\"https:\\\/\\\/kidsplay.lt\\\/#\\\/schema\\\/logo\\\/image\\\/\"},\"sameAs\":[\"https:\\\/\\\/www.facebook.com\\\/www.kidsplay.lt\"]}]}<\/script>\n<!-- \/ Yoast SEO plugin. -->","yoast_head_json":{"title":"MASTERKIDZ Montessori smulkiosios motorikos slankiojimo lenta","description":"MASTERKIDZ Montessori smulkiosios motorikos slankiojimo lenta - KidsPlay. Did\u017eiausias vaik\u0173 \u017eaisl\u0173 pasirinkimas.","robots":{"index":"index","follow":"follow","max-snippet":"max-snippet:-1","max-image-preview":"max-image-preview:large","max-video-preview":"max-video-preview:-1"},"canonical":"https:\/\/kidsplay.lt\/lv\/products\/masterkidz-montessori-smulkiosios-motorikos-slankiojimo-lenta\/","og_locale":"lv_LV","og_type":"article","og_title":"MASTERKIDZ Montessori smulkiosios motorikos slankiojimo lenta","og_description":"MASTERKIDZ Montessori smulkiosios motorikos slankiojimo lenta - KidsPlay. Did\u017eiausias vaik\u0173 \u017eaisl\u0173 pasirinkimas.","og_url":"https:\/\/kidsplay.lt\/lv\/products\/masterkidz-montessori-smulkiosios-motorikos-slankiojimo-lenta\/","og_site_name":"KidsPlay","article_publisher":"https:\/\/www.facebook.com\/www.kidsplay.lt","article_modified_time":"2026-04-07T06:49:07+00:00","og_image":[{"width":2511,"height":2510,"url":"https:\/\/kidsplay.lt\/wp-content\/uploads\/2026\/02\/MASTERKIDZ-Montessori-smulkiosios-motorikos-slankiojimo-lenta.jpg","type":"image\/jpeg"}],"twitter_card":"summary_large_image","twitter_misc":{"Est. reading time":"1 min\u016bte"},"schema":{"@context":"https:\/\/schema.org","@graph":[{"@type":"WebPage","@id":"https:\/\/kidsplay.lt\/produktas\/masterkidz-montessori-smulkiosios-motorikos-slankiojimo-lenta\/","url":"https:\/\/kidsplay.lt\/produktas\/masterkidz-montessori-smulkiosios-motorikos-slankiojimo-lenta\/","name":"MASTERKIDZ Montessori smulkiosios motorikos slankiojimo lenta","isPartOf":{"@id":"https:\/\/kidsplay.lt\/#website"},"primaryImageOfPage":{"@id":"https:\/\/kidsplay.lt\/produktas\/masterkidz-montessori-smulkiosios-motorikos-slankiojimo-lenta\/#primaryimage"},"image":{"@id":"https:\/\/kidsplay.lt\/produktas\/masterkidz-montessori-smulkiosios-motorikos-slankiojimo-lenta\/#primaryimage"},"thumbnailUrl":"https:\/\/kidsplay.lt\/wp-content\/uploads\/2026\/02\/MASTERKIDZ-Montessori-smulkiosios-motorikos-slankiojimo-lenta.jpg","datePublished":"2026-02-22T11:14:16+00:00","dateModified":"2026-04-07T06:49:07+00:00","description":"MASTERKIDZ Montessori smulkiosios motorikos slankiojimo lenta - KidsPlay. Did\u017eiausias vaik\u0173 \u017eaisl\u0173 pasirinkimas.","breadcrumb":{"@id":"https:\/\/kidsplay.lt\/produktas\/masterkidz-montessori-smulkiosios-motorikos-slankiojimo-lenta\/#breadcrumb"},"inLanguage":"lv-LV","potentialAction":[{"@type":"ReadAction","target":["https:\/\/kidsplay.lt\/produktas\/masterkidz-montessori-smulkiosios-motorikos-slankiojimo-lenta\/"]}]},{"@type":"ImageObject","inLanguage":"lv-LV","@id":"https:\/\/kidsplay.lt\/produktas\/masterkidz-montessori-smulkiosios-motorikos-slankiojimo-lenta\/#primaryimage","url":"https:\/\/kidsplay.lt\/wp-content\/uploads\/2026\/02\/MASTERKIDZ-Montessori-smulkiosios-motorikos-slankiojimo-lenta.jpg","contentUrl":"https:\/\/kidsplay.lt\/wp-content\/uploads\/2026\/02\/MASTERKIDZ-Montessori-smulkiosios-motorikos-slankiojimo-lenta.jpg","width":2511,"height":2510,"caption":"MASTERKIDZ Montessori smulkiosios motorikos slankiojimo lenta"},{"@type":"BreadcrumbList","@id":"https:\/\/kidsplay.lt\/produktas\/masterkidz-montessori-smulkiosios-motorikos-slankiojimo-lenta\/#breadcrumb","itemListElement":[{"@type":"ListItem","position":1,"name":"Pagrindinis","item":"https:\/\/kidsplay.lt\/"},{"@type":"ListItem","position":2,"name":"Parduotuv\u0117","item":"https:\/\/kidsplay.lt\/parduotuve\/"},{"@type":"ListItem","position":3,"name":"MASTERKIDZ Montessori smulkiosios motorikos slankiojimo lenta"}]},{"@type":"WebSite","@id":"https:\/\/kidsplay.lt\/#website","url":"https:\/\/kidsplay.lt\/","name":"B\u0113rnu sp\u0113les.lv","description":"\u012evairios prek\u0117s vaikams","publisher":{"@id":"https:\/\/kidsplay.lt\/#organization"},"alternateName":"Kidsplay","potentialAction":[{"@type":"SearchAction","target":{"@type":"EntryPoint","urlTemplate":"https:\/\/kidsplay.lt\/?s={search_term_string}"},"query-input":{"@type":"PropertyValueSpecification","valueRequired":true,"valueName":"search_term_string"}}],"inLanguage":"lv-LV"},{"@type":"Organization","@id":"https:\/\/kidsplay.lt\/#organization","name":"B\u0113rnu sp\u0113le","url":"https:\/\/kidsplay.lt\/","logo":{"@type":"ImageObject","inLanguage":"lv-LV","@id":"https:\/\/kidsplay.lt\/#\/schema\/logo\/image\/","url":"https:\/\/kidsplay.lt\/wp-content\/uploads\/2023\/07\/kidsplay-logo.png","contentUrl":"https:\/\/kidsplay.lt\/wp-content\/uploads\/2023\/07\/kidsplay-logo.png","width":451,"height":98,"caption":"KidsPlay"},"image":{"@id":"https:\/\/kidsplay.lt\/#\/schema\/logo\/image\/"},"sameAs":["https:\/\/www.facebook.com\/www.kidsplay.lt"]}]}},"_links":{"self":[{"href":"https:\/\/kidsplay.lt\/lv\/wp-json\/wp\/v2\/product\/84630","targetHints":{"allow":["GET"]}}],"collection":[{"href":"https:\/\/kidsplay.lt\/lv\/wp-json\/wp\/v2\/product"}],"about":[{"href":"https:\/\/kidsplay.lt\/lv\/wp-json\/wp\/v2\/types\/product"}],"version-history":[{"count":1,"href":"https:\/\/kidsplay.lt\/lv\/wp-json\/wp\/v2\/product\/84630\/revisions"}],"predecessor-version":[{"id":84631,"href":"https:\/\/kidsplay.lt\/lv\/wp-json\/wp\/v2\/product\/84630\/revisions\/84631"}],"wp:featuredmedia":[{"embeddable":true,"href":"https:\/\/kidsplay.lt\/lv\/wp-json\/wp\/v2\/media\/84632"}],"wp:attachment":[{"href":"https:\/\/kidsplay.lt\/lv\/wp-json\/wp\/v2\/media?parent=84630"}],"wp:term":[{"taxonomy":"product_brand","embeddable":true,"href":"https:\/\/kidsplay.lt\/lv\/wp-json\/wp\/v2\/product_brand?post=84630"},{"taxonomy":"product_cat","embeddable":true,"href":"https:\/\/kidsplay.lt\/lv\/wp-json\/wp\/v2\/product_cat?post=84630"},{"taxonomy":"product_tag","embeddable":true,"href":"https:\/\/kidsplay.lt\/lv\/wp-json\/wp\/v2\/product_tag?post=84630"}],"curies":[{"name":"wp","href":"https:\/\/api.w.org\/{rel}","templated":true}]}}