{"id":84645,"date":"2026-02-22T13:14:51","date_gmt":"2026-02-22T11:14:51","guid":{"rendered":"https:\/\/kidsplay.lt\/produktas\/masterkidz-64-geometriniu-formu-kaisciu-rinkinys-stem-lentoms-2\/"},"modified":"2026-04-07T09:49:13","modified_gmt":"2026-04-07T06:49:13","slug":"masterkidz-64-geometriniu-formu-kaisciu-rinkinys-stem-lentoms-2","status":"publish","type":"product","link":"https:\/\/kidsplay.lt\/lv\/products\/masterkidz-64-geometriniu-formu-kaisciu-rinkinys-stem-lentoms-2\/","title":{"rendered":"MASTERKIDZ 64 \u0123eometrisko formu adatu komplekts STEM t\u0101fel\u0113m"},"content":{"rendered":"<p>\u0160is spalvot\u0173 kai\u0161\u010di\u0173 rinkinys i\u0161 Masterkidz \u017eadins vaik\u0173 vaizduot\u0119. Vaikai mielai kurs gyv\u016bnus, automobilius, paveiksl\u0117lius ir daugyb\u0119 kit\u0173 form\u0173 lentose. Lentos skatina k\u016brybi\u0161k\u0105 \u017eaidim\u0105, login\u012f m\u0105stym\u0105, smulkiosios ir stambiosios motorikos lavinim\u0105, bendradarbiavim\u0105 bei socialin\u0119 s\u0105veik\u0105.<\/p>\n<p>spalvoti kai\u0161\u010diai 4 skirting\u0173 geometrini\u0173 form\u0173 ir 8 spalv\u0173<\/p>\n<p>miklios rankos lengvai \u012fstatys kai\u0161\u010dius \u012f STEM lentas<\/p>\n<p>kai\u0161\u010diai pagaminti i\u0161 vandeniui ir saul\u0117s poveikiui atspari\u0173 med\u017eiag\u0173, tod\u0117l nesideformuoja ir nei\u0161blunka \u2013 puikiai tinka naudoti tiek viduje, tiek lauke<\/p>\n<p>Kai\u0161\u010di\u0173 matmenys:<\/p>\n<p>kvadratas \u2013 5 x 5 x 4,2 cm<\/p>\n<p>apskritimo segmentas \u2013 6 x 4,5 x 4,2 cm<\/p>\n<p>apskritimas \u2013 5 x 5 x 4,2 cm<\/p>\n<p>trikampis \u2013 4,2 x 4,2 x 4,2 cm<\/p>","protected":false},"excerpt":{"rendered":"<p>\u0160is spalvot\u0173 kai\u0161\u010di\u0173 rinkinys i\u0161 Masterkidz \u017eadins vaik\u0173 vaizduot\u0119. Vaikai mielai kurs gyv\u016bnus, automobilius, paveiksl\u0117lius ir daugyb\u0119 kit\u0173 form\u0173 lentose.<\/p>","protected":false},"featured_media":84647,"template":"","meta":{"_acf_changed":false,"_glsr_average":0,"_glsr_ranking":0,"_glsr_reviews":0},"product_brand":[],"product_cat":[673,229],"product_tag":[],"class_list":{"0":"post-84645","1":"product","2":"type-product","3":"status-publish","4":"has-post-thumbnail","6":"product_cat-ugdomosios-priemones","7":"product_cat-zaislai-vaikams","8":"\"style=\"background-color: #2ecc711c;\"","10":"first","11":"instock","12":"purchasable","13":"product-type-simple"},"acf":[],"yoast_head":"<!-- This site is optimized with the Yoast SEO plugin v27.3 - https:\/\/yoast.com\/product\/yoast-seo-wordpress\/ -->\n<title>MASTERKIDZ 64 geometrini\u0173 form\u0173 kai\u0161\u010di\u0173 rinkinys STEM lentoms<\/title>\n<meta name=\"description\" content=\"MASTERKIDZ 64 geometrini\u0173 form\u0173 kai\u0161\u010di\u0173 rinkinys STEM lentoms - KidsPlay. Did\u017eiausias vaik\u0173 \u017eaisl\u0173 pasirinkimas.\" \/>\n<meta name=\"robots\" content=\"index, follow, max-snippet:-1, max-image-preview:large, max-video-preview:-1\" \/>\n<link rel=\"canonical\" href=\"https:\/\/kidsplay.lt\/lv\/products\/masterkidz-64-geometriniu-formu-kaisciu-rinkinys-stem-lentoms-2\/\" \/>\n<meta property=\"og:locale\" content=\"lv_LV\" \/>\n<meta property=\"og:type\" content=\"article\" \/>\n<meta property=\"og:title\" content=\"MASTERKIDZ 64 geometrini\u0173 form\u0173 kai\u0161\u010di\u0173 rinkinys STEM lentoms\" \/>\n<meta property=\"og:description\" content=\"MASTERKIDZ 64 geometrini\u0173 form\u0173 kai\u0161\u010di\u0173 rinkinys STEM lentoms - KidsPlay. Did\u017eiausias vaik\u0173 \u017eaisl\u0173 pasirinkimas.\" \/>\n<meta property=\"og:url\" content=\"https:\/\/kidsplay.lt\/lv\/products\/masterkidz-64-geometriniu-formu-kaisciu-rinkinys-stem-lentoms-2\/\" \/>\n<meta property=\"og:site_name\" content=\"KidsPlay\" \/>\n<meta property=\"article:publisher\" content=\"https:\/\/www.facebook.com\/www.kidsplay.lt\" \/>\n<meta property=\"article:modified_time\" content=\"2026-04-07T06:49:13+00:00\" \/>\n<meta property=\"og:image\" content=\"https:\/\/kidsplay.lt\/wp-content\/uploads\/2026\/02\/MASTERKIDZ-64-geometriniu-formu-kaisciu-rinkinys-STEM-lentoms-5.jpg\" \/>\n\t<meta property=\"og:image:width\" content=\"2500\" \/>\n\t<meta property=\"og:image:height\" content=\"2338\" \/>\n\t<meta property=\"og:image:type\" content=\"image\/jpeg\" \/>\n<meta name=\"twitter:card\" content=\"summary_large_image\" \/>\n<meta name=\"twitter:label1\" content=\"Est. reading time\" \/>\n\t<meta name=\"twitter:data1\" content=\"1 min\u016bte\" \/>\n<script type=\"application\/ld+json\" class=\"yoast-schema-graph\">{\"@context\":\"https:\\\/\\\/schema.org\",\"@graph\":[{\"@type\":\"WebPage\",\"@id\":\"https:\\\/\\\/kidsplay.lt\\\/produktas\\\/masterkidz-64-geometriniu-formu-kaisciu-rinkinys-stem-lentoms-2\\\/\",\"url\":\"https:\\\/\\\/kidsplay.lt\\\/produktas\\\/masterkidz-64-geometriniu-formu-kaisciu-rinkinys-stem-lentoms-2\\\/\",\"name\":\"MASTERKIDZ 64 geometrini\u0173 form\u0173 kai\u0161\u010di\u0173 rinkinys STEM lentoms\",\"isPartOf\":{\"@id\":\"https:\\\/\\\/kidsplay.lt\\\/#website\"},\"primaryImageOfPage\":{\"@id\":\"https:\\\/\\\/kidsplay.lt\\\/produktas\\\/masterkidz-64-geometriniu-formu-kaisciu-rinkinys-stem-lentoms-2\\\/#primaryimage\"},\"image\":{\"@id\":\"https:\\\/\\\/kidsplay.lt\\\/produktas\\\/masterkidz-64-geometriniu-formu-kaisciu-rinkinys-stem-lentoms-2\\\/#primaryimage\"},\"thumbnailUrl\":\"https:\\\/\\\/kidsplay.lt\\\/wp-content\\\/uploads\\\/2026\\\/02\\\/MASTERKIDZ-64-geometriniu-formu-kaisciu-rinkinys-STEM-lentoms-5.jpg\",\"datePublished\":\"2026-02-22T11:14:51+00:00\",\"dateModified\":\"2026-04-07T06:49:13+00:00\",\"description\":\"MASTERKIDZ 64 geometrini\u0173 form\u0173 kai\u0161\u010di\u0173 rinkinys STEM lentoms - KidsPlay. Did\u017eiausias vaik\u0173 \u017eaisl\u0173 pasirinkimas.\",\"breadcrumb\":{\"@id\":\"https:\\\/\\\/kidsplay.lt\\\/produktas\\\/masterkidz-64-geometriniu-formu-kaisciu-rinkinys-stem-lentoms-2\\\/#breadcrumb\"},\"inLanguage\":\"lv-LV\",\"potentialAction\":[{\"@type\":\"ReadAction\",\"target\":[\"https:\\\/\\\/kidsplay.lt\\\/produktas\\\/masterkidz-64-geometriniu-formu-kaisciu-rinkinys-stem-lentoms-2\\\/\"]}]},{\"@type\":\"ImageObject\",\"inLanguage\":\"lv-LV\",\"@id\":\"https:\\\/\\\/kidsplay.lt\\\/produktas\\\/masterkidz-64-geometriniu-formu-kaisciu-rinkinys-stem-lentoms-2\\\/#primaryimage\",\"url\":\"https:\\\/\\\/kidsplay.lt\\\/wp-content\\\/uploads\\\/2026\\\/02\\\/MASTERKIDZ-64-geometriniu-formu-kaisciu-rinkinys-STEM-lentoms-5.jpg\",\"contentUrl\":\"https:\\\/\\\/kidsplay.lt\\\/wp-content\\\/uploads\\\/2026\\\/02\\\/MASTERKIDZ-64-geometriniu-formu-kaisciu-rinkinys-STEM-lentoms-5.jpg\",\"width\":2500,\"height\":2338,\"caption\":\"MASTERKIDZ 64 geometrini\u0173 form\u0173 kai\u0161\u010di\u0173 rinkinys STEM lentoms\"},{\"@type\":\"BreadcrumbList\",\"@id\":\"https:\\\/\\\/kidsplay.lt\\\/produktas\\\/masterkidz-64-geometriniu-formu-kaisciu-rinkinys-stem-lentoms-2\\\/#breadcrumb\",\"itemListElement\":[{\"@type\":\"ListItem\",\"position\":1,\"name\":\"Pagrindinis\",\"item\":\"https:\\\/\\\/kidsplay.lt\\\/\"},{\"@type\":\"ListItem\",\"position\":2,\"name\":\"Parduotuv\u0117\",\"item\":\"https:\\\/\\\/kidsplay.lt\\\/parduotuve\\\/\"},{\"@type\":\"ListItem\",\"position\":3,\"name\":\"MASTERKIDZ 64 geometrini\u0173 form\u0173 kai\u0161\u010di\u0173 rinkinys STEM lentoms\"}]},{\"@type\":\"WebSite\",\"@id\":\"https:\\\/\\\/kidsplay.lt\\\/#website\",\"url\":\"https:\\\/\\\/kidsplay.lt\\\/\",\"name\":\"Kidsplay.lt\",\"description\":\"\u012evairios prek\u0117s vaikams\",\"publisher\":{\"@id\":\"https:\\\/\\\/kidsplay.lt\\\/#organization\"},\"alternateName\":\"Kidsplay\",\"potentialAction\":[{\"@type\":\"SearchAction\",\"target\":{\"@type\":\"EntryPoint\",\"urlTemplate\":\"https:\\\/\\\/kidsplay.lt\\\/?s={search_term_string}\"},\"query-input\":{\"@type\":\"PropertyValueSpecification\",\"valueRequired\":true,\"valueName\":\"search_term_string\"}}],\"inLanguage\":\"lv-LV\"},{\"@type\":\"Organization\",\"@id\":\"https:\\\/\\\/kidsplay.lt\\\/#organization\",\"name\":\"KidsPlay\",\"url\":\"https:\\\/\\\/kidsplay.lt\\\/\",\"logo\":{\"@type\":\"ImageObject\",\"inLanguage\":\"lv-LV\",\"@id\":\"https:\\\/\\\/kidsplay.lt\\\/#\\\/schema\\\/logo\\\/image\\\/\",\"url\":\"https:\\\/\\\/kidsplay.lt\\\/wp-content\\\/uploads\\\/2023\\\/07\\\/kidsplay-logo.png\",\"contentUrl\":\"https:\\\/\\\/kidsplay.lt\\\/wp-content\\\/uploads\\\/2023\\\/07\\\/kidsplay-logo.png\",\"width\":451,\"height\":98,\"caption\":\"KidsPlay\"},\"image\":{\"@id\":\"https:\\\/\\\/kidsplay.lt\\\/#\\\/schema\\\/logo\\\/image\\\/\"},\"sameAs\":[\"https:\\\/\\\/www.facebook.com\\\/www.kidsplay.lt\"]}]}<\/script>\n<!-- \/ Yoast SEO plugin. -->","yoast_head_json":{"title":"MASTERKIDZ 64 \u0123eometrisko formu adatu komplekts STEM t\u0101fel\u0113m","description":"MASTERKIDZ 64 geometrini\u0173 form\u0173 kai\u0161\u010di\u0173 rinkinys STEM lentoms - KidsPlay. Did\u017eiausias vaik\u0173 \u017eaisl\u0173 pasirinkimas.","robots":{"index":"index","follow":"follow","max-snippet":"max-snippet:-1","max-image-preview":"max-image-preview:large","max-video-preview":"max-video-preview:-1"},"canonical":"https:\/\/kidsplay.lt\/lv\/products\/masterkidz-64-geometriniu-formu-kaisciu-rinkinys-stem-lentoms-2\/","og_locale":"lv_LV","og_type":"article","og_title":"MASTERKIDZ 64 geometrini\u0173 form\u0173 kai\u0161\u010di\u0173 rinkinys STEM lentoms","og_description":"MASTERKIDZ 64 geometrini\u0173 form\u0173 kai\u0161\u010di\u0173 rinkinys STEM lentoms - KidsPlay. Did\u017eiausias vaik\u0173 \u017eaisl\u0173 pasirinkimas.","og_url":"https:\/\/kidsplay.lt\/lv\/products\/masterkidz-64-geometriniu-formu-kaisciu-rinkinys-stem-lentoms-2\/","og_site_name":"KidsPlay","article_publisher":"https:\/\/www.facebook.com\/www.kidsplay.lt","article_modified_time":"2026-04-07T06:49:13+00:00","og_image":[{"width":2500,"height":2338,"url":"https:\/\/kidsplay.lt\/wp-content\/uploads\/2026\/02\/MASTERKIDZ-64-geometriniu-formu-kaisciu-rinkinys-STEM-lentoms-5.jpg","type":"image\/jpeg"}],"twitter_card":"summary_large_image","twitter_misc":{"Est. reading time":"1 min\u016bte"},"schema":{"@context":"https:\/\/schema.org","@graph":[{"@type":"WebPage","@id":"https:\/\/kidsplay.lt\/produktas\/masterkidz-64-geometriniu-formu-kaisciu-rinkinys-stem-lentoms-2\/","url":"https:\/\/kidsplay.lt\/produktas\/masterkidz-64-geometriniu-formu-kaisciu-rinkinys-stem-lentoms-2\/","name":"MASTERKIDZ 64 \u0123eometrisko formu adatu komplekts STEM t\u0101fel\u0113m","isPartOf":{"@id":"https:\/\/kidsplay.lt\/#website"},"primaryImageOfPage":{"@id":"https:\/\/kidsplay.lt\/produktas\/masterkidz-64-geometriniu-formu-kaisciu-rinkinys-stem-lentoms-2\/#primaryimage"},"image":{"@id":"https:\/\/kidsplay.lt\/produktas\/masterkidz-64-geometriniu-formu-kaisciu-rinkinys-stem-lentoms-2\/#primaryimage"},"thumbnailUrl":"https:\/\/kidsplay.lt\/wp-content\/uploads\/2026\/02\/MASTERKIDZ-64-geometriniu-formu-kaisciu-rinkinys-STEM-lentoms-5.jpg","datePublished":"2026-02-22T11:14:51+00:00","dateModified":"2026-04-07T06:49:13+00:00","description":"MASTERKIDZ 64 geometrini\u0173 form\u0173 kai\u0161\u010di\u0173 rinkinys STEM lentoms - KidsPlay. Did\u017eiausias vaik\u0173 \u017eaisl\u0173 pasirinkimas.","breadcrumb":{"@id":"https:\/\/kidsplay.lt\/produktas\/masterkidz-64-geometriniu-formu-kaisciu-rinkinys-stem-lentoms-2\/#breadcrumb"},"inLanguage":"lv-LV","potentialAction":[{"@type":"ReadAction","target":["https:\/\/kidsplay.lt\/produktas\/masterkidz-64-geometriniu-formu-kaisciu-rinkinys-stem-lentoms-2\/"]}]},{"@type":"ImageObject","inLanguage":"lv-LV","@id":"https:\/\/kidsplay.lt\/produktas\/masterkidz-64-geometriniu-formu-kaisciu-rinkinys-stem-lentoms-2\/#primaryimage","url":"https:\/\/kidsplay.lt\/wp-content\/uploads\/2026\/02\/MASTERKIDZ-64-geometriniu-formu-kaisciu-rinkinys-STEM-lentoms-5.jpg","contentUrl":"https:\/\/kidsplay.lt\/wp-content\/uploads\/2026\/02\/MASTERKIDZ-64-geometriniu-formu-kaisciu-rinkinys-STEM-lentoms-5.jpg","width":2500,"height":2338,"caption":"MASTERKIDZ 64 geometrini\u0173 form\u0173 kai\u0161\u010di\u0173 rinkinys STEM lentoms"},{"@type":"BreadcrumbList","@id":"https:\/\/kidsplay.lt\/produktas\/masterkidz-64-geometriniu-formu-kaisciu-rinkinys-stem-lentoms-2\/#breadcrumb","itemListElement":[{"@type":"ListItem","position":1,"name":"Pagrindinis","item":"https:\/\/kidsplay.lt\/"},{"@type":"ListItem","position":2,"name":"Parduotuv\u0117","item":"https:\/\/kidsplay.lt\/parduotuve\/"},{"@type":"ListItem","position":3,"name":"MASTERKIDZ 64 geometrini\u0173 form\u0173 kai\u0161\u010di\u0173 rinkinys STEM lentoms"}]},{"@type":"WebSite","@id":"https:\/\/kidsplay.lt\/#website","url":"https:\/\/kidsplay.lt\/","name":"B\u0113rnu sp\u0113les.lv","description":"\u012evairios prek\u0117s vaikams","publisher":{"@id":"https:\/\/kidsplay.lt\/#organization"},"alternateName":"Kidsplay","potentialAction":[{"@type":"SearchAction","target":{"@type":"EntryPoint","urlTemplate":"https:\/\/kidsplay.lt\/?s={search_term_string}"},"query-input":{"@type":"PropertyValueSpecification","valueRequired":true,"valueName":"search_term_string"}}],"inLanguage":"lv-LV"},{"@type":"Organization","@id":"https:\/\/kidsplay.lt\/#organization","name":"B\u0113rnu sp\u0113le","url":"https:\/\/kidsplay.lt\/","logo":{"@type":"ImageObject","inLanguage":"lv-LV","@id":"https:\/\/kidsplay.lt\/#\/schema\/logo\/image\/","url":"https:\/\/kidsplay.lt\/wp-content\/uploads\/2023\/07\/kidsplay-logo.png","contentUrl":"https:\/\/kidsplay.lt\/wp-content\/uploads\/2023\/07\/kidsplay-logo.png","width":451,"height":98,"caption":"KidsPlay"},"image":{"@id":"https:\/\/kidsplay.lt\/#\/schema\/logo\/image\/"},"sameAs":["https:\/\/www.facebook.com\/www.kidsplay.lt"]}]}},"_links":{"self":[{"href":"https:\/\/kidsplay.lt\/lv\/wp-json\/wp\/v2\/product\/84645","targetHints":{"allow":["GET"]}}],"collection":[{"href":"https:\/\/kidsplay.lt\/lv\/wp-json\/wp\/v2\/product"}],"about":[{"href":"https:\/\/kidsplay.lt\/lv\/wp-json\/wp\/v2\/types\/product"}],"version-history":[{"count":2,"href":"https:\/\/kidsplay.lt\/lv\/wp-json\/wp\/v2\/product\/84645\/revisions"}],"predecessor-version":[{"id":85117,"href":"https:\/\/kidsplay.lt\/lv\/wp-json\/wp\/v2\/product\/84645\/revisions\/85117"}],"wp:featuredmedia":[{"embeddable":true,"href":"https:\/\/kidsplay.lt\/lv\/wp-json\/wp\/v2\/media\/84647"}],"wp:attachment":[{"href":"https:\/\/kidsplay.lt\/lv\/wp-json\/wp\/v2\/media?parent=84645"}],"wp:term":[{"taxonomy":"product_brand","embeddable":true,"href":"https:\/\/kidsplay.lt\/lv\/wp-json\/wp\/v2\/product_brand?post=84645"},{"taxonomy":"product_cat","embeddable":true,"href":"https:\/\/kidsplay.lt\/lv\/wp-json\/wp\/v2\/product_cat?post=84645"},{"taxonomy":"product_tag","embeddable":true,"href":"https:\/\/kidsplay.lt\/lv\/wp-json\/wp\/v2\/product_tag?post=84645"}],"curies":[{"name":"wp","href":"https:\/\/api.w.org\/{rel}","templated":true}]}}