{"id":84652,"date":"2026-02-22T13:15:11","date_gmt":"2026-02-22T11:15:11","guid":{"rendered":"https:\/\/kidsplay.lt\/produktas\/masterkidz-moksline-sienine-stem-kurybine-lenta-12080-cm-su-montavimo-panele\/"},"modified":"2026-04-07T09:49:16","modified_gmt":"2026-04-07T06:49:16","slug":"masterkidz-moksline-sienine-stem-kurybine-lenta-12080-cm-su-montavimo-panele","status":"publish","type":"product","link":"https:\/\/kidsplay.lt\/lv\/product\/masterkidz-moksline-sienine-stem-kurybine-lenta-12080-cm-su-montavimo-panele\/","title":{"rendered":"MASTERKIDZ Mokslin\u0117 sienin\u0117 STEM k\u016brybin\u0117 lenta 120&#215;80 cm su montavimo panele"},"content":{"rendered":"<p>\u201eMasterkidz\u201c lauko STEM edukacin\u0117 sienin\u0117 lenta leid\u017eia k\u016brybi\u0161kai \u017eaisti ir tyrin\u0117ti mokslo pasaul\u012f. Pla\u010dios 80&#215;120 cm plok\u0161t\u0117s turi skylutes, \u012f kurias galima \u012fstatyti spalvotus kai\u0161\u010dius, kuriant gra\u017eius ra\u0161tus. Taip pat prie lentos galima tvirtinti \u012fvairias edukacines priemones, krumpliara\u010dius, vamzdyn\u0173 sistemas su pompa ir kitus \u012fdomius elementus.<br \/>\nSu lauko STEM mokom\u0105ja lenta vaikas gal\u0117s k\u016brybi\u0161kai ir edukaci\u0161kai \u017eaisti, kurdamas \u012fvairius ra\u0161tus ir strukt\u016bras i\u0161 daugyb\u0117s element\u0173. Ma\u017eylis gal\u0117s i\u0161laisvinti vaizduot\u0119, kurdamas meistryst\u0117s darbus ar konstruodamas mechanizmus i\u0161 krumpliara\u010di\u0173 ir vamzdyn\u0173 sistem\u0173.<br \/>\nLenta pagaminta i\u0161 med\u017eiag\u0173, atspari\u0173 oro s\u0105lygoms, tod\u0117l nesideformuoja ir nei\u0161blunka.<br \/>\nElementai, suderinami su lenta (parduodami atskirai):<\/p>\n<p>spalvoti kai\u0161\u010diai ME12746 ME14450 ME21113 ME21137 ME21120 ME21144<\/p>\n<p>spalvoti kristalai ME13989<\/p>\n<p>spalvotos virvel\u0117s sujungimui su kai\u0161\u010diais ME14467<\/p>\n<p>spalvoti var\u017etai ME20963 ME29911<\/p>\n<p>geometrin\u0117s fig\u016bros ME14696 ME14702 ME14818 ME14825 ME31181<\/p>\n<p>krumpliara\u010diai ir grandin\u0117s ME13460 ME24343 ME31204<\/p>\n<p>kamuoliuk\u0173 ir vandens trasos ME14788 ME14665 ME15143 ME25043<\/p>\n<p>rinkinys su pompa vamzdyn\u0173 sistemoms kurti ME13149<\/p>\n<p>raid\u017ei\u0173 ir skai\u010di\u0173 rinkinys ME30412 ME30429<\/p>\n<p>Su STEM mokom\u0105ja lenta vaikas i\u0161moks vandens mechanizm\u0173 ir sistem\u0173 veikimo principus, supras, kaip veikia vandens pompa, ir pa\u017eins geometrines formas. Var\u017etai, kuriems yra special\u016bs \u012frankiai, taip pat bus puiki pagalba \u2013 vaikas i\u0161moks taisyklingai naudotis atsuktuvu ir ver\u017eliarak\u010diais, visa tai darant \u017eaid\u017eiant saugiai.<br \/>\nRINKINYJE YRA MONTAVIMO PANEL\u0116!<\/p>","protected":false},"excerpt":{"rendered":"<p>\u201eMasterkidz\u201c lauko STEM edukacin\u0117 sienin\u0117 lenta leid\u017eia k\u016brybi\u0161kai \u017eaisti ir tyrin\u0117ti mokslo pasaul\u012f. Pla\u010dios 80&#215;120 cm plok\u0161t\u0117s turi skylutes, \u012f<\/p>","protected":false},"featured_media":84654,"template":"","meta":{"_acf_changed":false,"_glsr_average":0,"_glsr_ranking":0,"_glsr_reviews":0},"product_brand":[],"product_cat":[673,229],"product_tag":[],"class_list":{"0":"post-84652","1":"product","2":"type-product","3":"status-publish","4":"has-post-thumbnail","6":"product_cat-ugdomosios-priemones","7":"product_cat-zaislai-vaikams","8":"\"style=\"background-color: #2ecc711c;\"","10":"first","11":"instock","12":"purchasable","13":"product-type-simple"},"acf":[],"yoast_head":"<!-- This site is optimized with the Yoast SEO plugin v27.3 - https:\/\/yoast.com\/product\/yoast-seo-wordpress\/ -->\n<title>MASTERKIDZ Mokslin\u0117 sienin\u0117 STEM k\u016brybin\u0117 lenta 120&#215;80 cm su montavimo panele<\/title>\n<meta name=\"description\" content=\"MASTERKIDZ Mokslin\u0117 sienin\u0117 STEM k\u016brybin\u0117 lenta 120&#215;80 cm su montavimo panele - KidsPlay. Did\u017eiausias vaik\u0173 \u017eaisl\u0173 pasirinkimas.\" \/>\n<meta name=\"robots\" content=\"index, follow, max-snippet:-1, max-image-preview:large, max-video-preview:-1\" \/>\n<link rel=\"canonical\" href=\"https:\/\/kidsplay.lt\/lv\/product\/masterkidz-moksline-sienine-stem-kurybine-lenta-12080-cm-su-montavimo-panele\/\" \/>\n<meta property=\"og:locale\" content=\"lv_LV\" \/>\n<meta property=\"og:type\" content=\"article\" \/>\n<meta property=\"og:title\" content=\"MASTERKIDZ Mokslin\u0117 sienin\u0117 STEM k\u016brybin\u0117 lenta 120&#215;80 cm su montavimo panele\" \/>\n<meta property=\"og:description\" content=\"MASTERKIDZ Mokslin\u0117 sienin\u0117 STEM k\u016brybin\u0117 lenta 120&#215;80 cm su montavimo panele - KidsPlay. Did\u017eiausias vaik\u0173 \u017eaisl\u0173 pasirinkimas.\" \/>\n<meta property=\"og:url\" content=\"https:\/\/kidsplay.lt\/lv\/product\/masterkidz-moksline-sienine-stem-kurybine-lenta-12080-cm-su-montavimo-panele\/\" \/>\n<meta property=\"og:site_name\" content=\"KidsPlay\" \/>\n<meta property=\"article:publisher\" content=\"https:\/\/www.facebook.com\/www.kidsplay.lt\" \/>\n<meta property=\"article:modified_time\" content=\"2026-04-07T06:49:16+00:00\" \/>\n<meta property=\"og:image\" content=\"https:\/\/kidsplay.lt\/wp-content\/uploads\/2026\/02\/MASTERKIDZ-Moksline-sienine-STEM-kurybine-lenta-12021580-cm-su-montavimo-panele.jpg\" \/>\n\t<meta property=\"og:image:width\" content=\"2500\" \/>\n\t<meta property=\"og:image:height\" content=\"2500\" \/>\n\t<meta property=\"og:image:type\" content=\"image\/jpeg\" \/>\n<meta name=\"twitter:card\" content=\"summary_large_image\" \/>\n<meta name=\"twitter:label1\" content=\"Est. reading time\" \/>\n\t<meta name=\"twitter:data1\" content=\"1 min\u016bte\" \/>\n<script type=\"application\/ld+json\" class=\"yoast-schema-graph\">{\"@context\":\"https:\\\/\\\/schema.org\",\"@graph\":[{\"@type\":\"WebPage\",\"@id\":\"https:\\\/\\\/kidsplay.lt\\\/produktas\\\/masterkidz-moksline-sienine-stem-kurybine-lenta-12080-cm-su-montavimo-panele\\\/\",\"url\":\"https:\\\/\\\/kidsplay.lt\\\/produktas\\\/masterkidz-moksline-sienine-stem-kurybine-lenta-12080-cm-su-montavimo-panele\\\/\",\"name\":\"MASTERKIDZ Mokslin\u0117 sienin\u0117 STEM k\u016brybin\u0117 lenta 120&#215;80 cm su montavimo panele\",\"isPartOf\":{\"@id\":\"https:\\\/\\\/kidsplay.lt\\\/#website\"},\"primaryImageOfPage\":{\"@id\":\"https:\\\/\\\/kidsplay.lt\\\/produktas\\\/masterkidz-moksline-sienine-stem-kurybine-lenta-12080-cm-su-montavimo-panele\\\/#primaryimage\"},\"image\":{\"@id\":\"https:\\\/\\\/kidsplay.lt\\\/produktas\\\/masterkidz-moksline-sienine-stem-kurybine-lenta-12080-cm-su-montavimo-panele\\\/#primaryimage\"},\"thumbnailUrl\":\"https:\\\/\\\/kidsplay.lt\\\/wp-content\\\/uploads\\\/2026\\\/02\\\/MASTERKIDZ-Moksline-sienine-STEM-kurybine-lenta-12021580-cm-su-montavimo-panele.jpg\",\"datePublished\":\"2026-02-22T11:15:11+00:00\",\"dateModified\":\"2026-04-07T06:49:16+00:00\",\"description\":\"MASTERKIDZ Mokslin\u0117 sienin\u0117 STEM k\u016brybin\u0117 lenta 120&#215;80 cm su montavimo panele - KidsPlay. Did\u017eiausias vaik\u0173 \u017eaisl\u0173 pasirinkimas.\",\"breadcrumb\":{\"@id\":\"https:\\\/\\\/kidsplay.lt\\\/produktas\\\/masterkidz-moksline-sienine-stem-kurybine-lenta-12080-cm-su-montavimo-panele\\\/#breadcrumb\"},\"inLanguage\":\"lv-LV\",\"potentialAction\":[{\"@type\":\"ReadAction\",\"target\":[\"https:\\\/\\\/kidsplay.lt\\\/produktas\\\/masterkidz-moksline-sienine-stem-kurybine-lenta-12080-cm-su-montavimo-panele\\\/\"]}]},{\"@type\":\"ImageObject\",\"inLanguage\":\"lv-LV\",\"@id\":\"https:\\\/\\\/kidsplay.lt\\\/produktas\\\/masterkidz-moksline-sienine-stem-kurybine-lenta-12080-cm-su-montavimo-panele\\\/#primaryimage\",\"url\":\"https:\\\/\\\/kidsplay.lt\\\/wp-content\\\/uploads\\\/2026\\\/02\\\/MASTERKIDZ-Moksline-sienine-STEM-kurybine-lenta-12021580-cm-su-montavimo-panele.jpg\",\"contentUrl\":\"https:\\\/\\\/kidsplay.lt\\\/wp-content\\\/uploads\\\/2026\\\/02\\\/MASTERKIDZ-Moksline-sienine-STEM-kurybine-lenta-12021580-cm-su-montavimo-panele.jpg\",\"width\":2500,\"height\":2500,\"caption\":\"MASTERKIDZ Mokslin\u0117 sienin\u0117 STEM k\u016brybin\u0117 lenta 120&#215;80 cm su montavimo panele\"},{\"@type\":\"BreadcrumbList\",\"@id\":\"https:\\\/\\\/kidsplay.lt\\\/produktas\\\/masterkidz-moksline-sienine-stem-kurybine-lenta-12080-cm-su-montavimo-panele\\\/#breadcrumb\",\"itemListElement\":[{\"@type\":\"ListItem\",\"position\":1,\"name\":\"Pagrindinis\",\"item\":\"https:\\\/\\\/kidsplay.lt\\\/\"},{\"@type\":\"ListItem\",\"position\":2,\"name\":\"Parduotuv\u0117\",\"item\":\"https:\\\/\\\/kidsplay.lt\\\/parduotuve\\\/\"},{\"@type\":\"ListItem\",\"position\":3,\"name\":\"MASTERKIDZ Mokslin\u0117 sienin\u0117 STEM k\u016brybin\u0117 lenta 120&#215;80 cm su montavimo panele\"}]},{\"@type\":\"WebSite\",\"@id\":\"https:\\\/\\\/kidsplay.lt\\\/#website\",\"url\":\"https:\\\/\\\/kidsplay.lt\\\/\",\"name\":\"Kidsplay.lt\",\"description\":\"\u012evairios prek\u0117s vaikams\",\"publisher\":{\"@id\":\"https:\\\/\\\/kidsplay.lt\\\/#organization\"},\"alternateName\":\"Kidsplay\",\"potentialAction\":[{\"@type\":\"SearchAction\",\"target\":{\"@type\":\"EntryPoint\",\"urlTemplate\":\"https:\\\/\\\/kidsplay.lt\\\/?s={search_term_string}\"},\"query-input\":{\"@type\":\"PropertyValueSpecification\",\"valueRequired\":true,\"valueName\":\"search_term_string\"}}],\"inLanguage\":\"lv-LV\"},{\"@type\":\"Organization\",\"@id\":\"https:\\\/\\\/kidsplay.lt\\\/#organization\",\"name\":\"KidsPlay\",\"url\":\"https:\\\/\\\/kidsplay.lt\\\/\",\"logo\":{\"@type\":\"ImageObject\",\"inLanguage\":\"lv-LV\",\"@id\":\"https:\\\/\\\/kidsplay.lt\\\/#\\\/schema\\\/logo\\\/image\\\/\",\"url\":\"https:\\\/\\\/kidsplay.lt\\\/wp-content\\\/uploads\\\/2023\\\/07\\\/kidsplay-logo.png\",\"contentUrl\":\"https:\\\/\\\/kidsplay.lt\\\/wp-content\\\/uploads\\\/2023\\\/07\\\/kidsplay-logo.png\",\"width\":451,\"height\":98,\"caption\":\"KidsPlay\"},\"image\":{\"@id\":\"https:\\\/\\\/kidsplay.lt\\\/#\\\/schema\\\/logo\\\/image\\\/\"},\"sameAs\":[\"https:\\\/\\\/www.facebook.com\\\/www.kidsplay.lt\"]}]}<\/script>\n<!-- \/ Yoast SEO plugin. -->","yoast_head_json":{"title":"MASTERKIDZ Mokslin\u0117 sienin\u0117 STEM k\u016brybin\u0117 lenta 120&#215;80 cm su montavimo panele","description":"MASTERKIDZ Mokslin\u0117 sienin\u0117 STEM k\u016brybin\u0117 lenta 120&#215;80 cm su montavimo panele - KidsPlay. Did\u017eiausias vaik\u0173 \u017eaisl\u0173 pasirinkimas.","robots":{"index":"index","follow":"follow","max-snippet":"max-snippet:-1","max-image-preview":"max-image-preview:large","max-video-preview":"max-video-preview:-1"},"canonical":"https:\/\/kidsplay.lt\/lv\/product\/masterkidz-moksline-sienine-stem-kurybine-lenta-12080-cm-su-montavimo-panele\/","og_locale":"lv_LV","og_type":"article","og_title":"MASTERKIDZ Mokslin\u0117 sienin\u0117 STEM k\u016brybin\u0117 lenta 120&#215;80 cm su montavimo panele","og_description":"MASTERKIDZ Mokslin\u0117 sienin\u0117 STEM k\u016brybin\u0117 lenta 120&#215;80 cm su montavimo panele - KidsPlay. Did\u017eiausias vaik\u0173 \u017eaisl\u0173 pasirinkimas.","og_url":"https:\/\/kidsplay.lt\/lv\/product\/masterkidz-moksline-sienine-stem-kurybine-lenta-12080-cm-su-montavimo-panele\/","og_site_name":"KidsPlay","article_publisher":"https:\/\/www.facebook.com\/www.kidsplay.lt","article_modified_time":"2026-04-07T06:49:16+00:00","og_image":[{"width":2500,"height":2500,"url":"https:\/\/kidsplay.lt\/wp-content\/uploads\/2026\/02\/MASTERKIDZ-Moksline-sienine-STEM-kurybine-lenta-12021580-cm-su-montavimo-panele.jpg","type":"image\/jpeg"}],"twitter_card":"summary_large_image","twitter_misc":{"Est. reading time":"1 min\u016bte"},"schema":{"@context":"https:\/\/schema.org","@graph":[{"@type":"WebPage","@id":"https:\/\/kidsplay.lt\/produktas\/masterkidz-moksline-sienine-stem-kurybine-lenta-12080-cm-su-montavimo-panele\/","url":"https:\/\/kidsplay.lt\/produktas\/masterkidz-moksline-sienine-stem-kurybine-lenta-12080-cm-su-montavimo-panele\/","name":"MASTERKIDZ Mokslin\u0117 sienin\u0117 STEM k\u016brybin\u0117 lenta 120&#215;80 cm su montavimo panele","isPartOf":{"@id":"https:\/\/kidsplay.lt\/#website"},"primaryImageOfPage":{"@id":"https:\/\/kidsplay.lt\/produktas\/masterkidz-moksline-sienine-stem-kurybine-lenta-12080-cm-su-montavimo-panele\/#primaryimage"},"image":{"@id":"https:\/\/kidsplay.lt\/produktas\/masterkidz-moksline-sienine-stem-kurybine-lenta-12080-cm-su-montavimo-panele\/#primaryimage"},"thumbnailUrl":"https:\/\/kidsplay.lt\/wp-content\/uploads\/2026\/02\/MASTERKIDZ-Moksline-sienine-STEM-kurybine-lenta-12021580-cm-su-montavimo-panele.jpg","datePublished":"2026-02-22T11:15:11+00:00","dateModified":"2026-04-07T06:49:16+00:00","description":"MASTERKIDZ Mokslin\u0117 sienin\u0117 STEM k\u016brybin\u0117 lenta 120&#215;80 cm su montavimo panele - KidsPlay. Did\u017eiausias vaik\u0173 \u017eaisl\u0173 pasirinkimas.","breadcrumb":{"@id":"https:\/\/kidsplay.lt\/produktas\/masterkidz-moksline-sienine-stem-kurybine-lenta-12080-cm-su-montavimo-panele\/#breadcrumb"},"inLanguage":"lv-LV","potentialAction":[{"@type":"ReadAction","target":["https:\/\/kidsplay.lt\/produktas\/masterkidz-moksline-sienine-stem-kurybine-lenta-12080-cm-su-montavimo-panele\/"]}]},{"@type":"ImageObject","inLanguage":"lv-LV","@id":"https:\/\/kidsplay.lt\/produktas\/masterkidz-moksline-sienine-stem-kurybine-lenta-12080-cm-su-montavimo-panele\/#primaryimage","url":"https:\/\/kidsplay.lt\/wp-content\/uploads\/2026\/02\/MASTERKIDZ-Moksline-sienine-STEM-kurybine-lenta-12021580-cm-su-montavimo-panele.jpg","contentUrl":"https:\/\/kidsplay.lt\/wp-content\/uploads\/2026\/02\/MASTERKIDZ-Moksline-sienine-STEM-kurybine-lenta-12021580-cm-su-montavimo-panele.jpg","width":2500,"height":2500,"caption":"MASTERKIDZ Mokslin\u0117 sienin\u0117 STEM k\u016brybin\u0117 lenta 120&#215;80 cm su montavimo panele"},{"@type":"BreadcrumbList","@id":"https:\/\/kidsplay.lt\/produktas\/masterkidz-moksline-sienine-stem-kurybine-lenta-12080-cm-su-montavimo-panele\/#breadcrumb","itemListElement":[{"@type":"ListItem","position":1,"name":"Pagrindinis","item":"https:\/\/kidsplay.lt\/"},{"@type":"ListItem","position":2,"name":"Parduotuv\u0117","item":"https:\/\/kidsplay.lt\/parduotuve\/"},{"@type":"ListItem","position":3,"name":"MASTERKIDZ Mokslin\u0117 sienin\u0117 STEM k\u016brybin\u0117 lenta 120&#215;80 cm su montavimo panele"}]},{"@type":"WebSite","@id":"https:\/\/kidsplay.lt\/#website","url":"https:\/\/kidsplay.lt\/","name":"B\u0113rnu sp\u0113les.lv","description":"\u012evairios prek\u0117s vaikams","publisher":{"@id":"https:\/\/kidsplay.lt\/#organization"},"alternateName":"Kidsplay","potentialAction":[{"@type":"SearchAction","target":{"@type":"EntryPoint","urlTemplate":"https:\/\/kidsplay.lt\/?s={search_term_string}"},"query-input":{"@type":"PropertyValueSpecification","valueRequired":true,"valueName":"search_term_string"}}],"inLanguage":"lv-LV"},{"@type":"Organization","@id":"https:\/\/kidsplay.lt\/#organization","name":"B\u0113rnu sp\u0113le","url":"https:\/\/kidsplay.lt\/","logo":{"@type":"ImageObject","inLanguage":"lv-LV","@id":"https:\/\/kidsplay.lt\/#\/schema\/logo\/image\/","url":"https:\/\/kidsplay.lt\/wp-content\/uploads\/2023\/07\/kidsplay-logo.png","contentUrl":"https:\/\/kidsplay.lt\/wp-content\/uploads\/2023\/07\/kidsplay-logo.png","width":451,"height":98,"caption":"KidsPlay"},"image":{"@id":"https:\/\/kidsplay.lt\/#\/schema\/logo\/image\/"},"sameAs":["https:\/\/www.facebook.com\/www.kidsplay.lt"]}]}},"_links":{"self":[{"href":"https:\/\/kidsplay.lt\/lv\/wp-json\/wp\/v2\/product\/84652","targetHints":{"allow":["GET"]}}],"collection":[{"href":"https:\/\/kidsplay.lt\/lv\/wp-json\/wp\/v2\/product"}],"about":[{"href":"https:\/\/kidsplay.lt\/lv\/wp-json\/wp\/v2\/types\/product"}],"version-history":[{"count":1,"href":"https:\/\/kidsplay.lt\/lv\/wp-json\/wp\/v2\/product\/84652\/revisions"}],"predecessor-version":[{"id":84653,"href":"https:\/\/kidsplay.lt\/lv\/wp-json\/wp\/v2\/product\/84652\/revisions\/84653"}],"wp:featuredmedia":[{"embeddable":true,"href":"https:\/\/kidsplay.lt\/lv\/wp-json\/wp\/v2\/media\/84654"}],"wp:attachment":[{"href":"https:\/\/kidsplay.lt\/lv\/wp-json\/wp\/v2\/media?parent=84652"}],"wp:term":[{"taxonomy":"product_brand","embeddable":true,"href":"https:\/\/kidsplay.lt\/lv\/wp-json\/wp\/v2\/product_brand?post=84652"},{"taxonomy":"product_cat","embeddable":true,"href":"https:\/\/kidsplay.lt\/lv\/wp-json\/wp\/v2\/product_cat?post=84652"},{"taxonomy":"product_tag","embeddable":true,"href":"https:\/\/kidsplay.lt\/lv\/wp-json\/wp\/v2\/product_tag?post=84652"}],"curies":[{"name":"wp","href":"https:\/\/api.w.org\/{rel}","templated":true}]}}