{"id":84693,"date":"2026-02-22T13:17:13","date_gmt":"2026-02-22T11:17:13","guid":{"rendered":"https:\/\/kidsplay.lt\/produktas\/masterkidz-kaisciu-ir-virveliu-rinkinys-stem-mokslo-ir-kurybinei-lentai\/"},"modified":"2026-04-13T14:11:33","modified_gmt":"2026-04-13T11:11:33","slug":"masterkidz-kaisciu-ir-virveliu-rinkinys-stem-mokslo-ir-kurybinei-lentai","status":"publish","type":"product","link":"https:\/\/kidsplay.lt\/lv\/products\/masterkidz-kaisciu-ir-virveliu-rinkinys-stem-mokslo-ir-kurybinei-lentai\/","title":{"rendered":"MASTERKIDZ d\u012bbe\u013cu un auklu komplekts STEM zin\u0101tnes un rado\u0161ajai t\u0101felei"},"content":{"rendered":"<p>200 kai\u0161\u010di\u0173 ir 60 spalvot\u0173 virveli\u0173 rinkinys k\u016brybi\u0161kam \u017eaidimui i\u0161 Masterkidz. Tai puikus priedas, leid\u017eiantis ne tik gra\u017eiai dekoruoti STEM lent\u0105 ir kurti \u012fsp\u016bdingus pie\u0161inius, bet ir lavinti vaiko miklum\u0105. \u017daidimas gerina motorinius \u012fg\u016bd\u017eius, login\u012f m\u0105stym\u0105 ir k\u016brybi\u0161kum\u0105.<br \/>\n\u012estatykite kai\u0161\u010dius \u012f reikiamas vietas ir sujunkite juos spalvotomis virvel\u0117mis \u2013 taip galima \u201epie\u0161ti\u201c raides, skai\u010dius, geometrines fig\u016bras ar bet kokias kitas sugalvotas formas.<br \/>\nKai\u0161\u010diai su virvel\u0117mis puikiai tinka k\u016brybiniams paveiksl\u0117liams kurti arba matematikai ir raid\u0117ms mokytis. I\u0161 virveli\u0173 galima sud\u0117lioti matematinius veiksmus lentoje, taip skatinant m\u0105stym\u0105 ir paver\u010diant mokym\u0105si smagiu bei \u012ftraukian\u010diu procesu.<br \/>\nFunkcijas:<\/p>\n<p>rinkinyje yra 200 kai\u0161\u010di\u0173<\/p>\n<p>60 spalvot\u0173 virveli\u0173 (6 skirting\u0173 spalv\u0173)<\/p>\n<p>lavina rank\u0173 miklum\u0105<\/p>\n<p>moko loginio m\u0105stymo<\/p>\n<p>leid\u017eia kurti matematinius veiksmus lentoje<\/p>\n<p>v\u0117rimo veikla stiprina bendruosius motorinius \u012fg\u016bd\u017eius<\/p>","protected":false},"excerpt":{"rendered":"<p>200 kai\u0161\u010di\u0173 ir 60 spalvot\u0173 virveli\u0173 rinkinys k\u016brybi\u0161kam \u017eaidimui i\u0161 Masterkidz. Tai puikus priedas, leid\u017eiantis ne tik gra\u017eiai dekoruoti STEM<\/p>","protected":false},"featured_media":84695,"template":"","meta":{"_acf_changed":false,"_glsr_average":0,"_glsr_ranking":0,"_glsr_reviews":0},"product_brand":[],"product_cat":[673,229],"product_tag":[],"class_list":{"0":"post-84693","1":"product","2":"type-product","3":"status-publish","4":"has-post-thumbnail","6":"product_cat-ugdomosios-priemones","7":"product_cat-zaislai-vaikams","8":"\"style=\"background-color: #2ecc711c;\"","10":"first","11":"instock","12":"purchasable","13":"product-type-simple"},"acf":[],"yoast_head":"<!-- This site is optimized with the Yoast SEO plugin v27.4 - https:\/\/yoast.com\/product\/yoast-seo-wordpress\/ -->\n<title>MASTERKIDZ Kai\u0161\u010di\u0173 ir virveli\u0173 rinkinys STEM mokslo ir k\u016brybinei lentai<\/title>\n<meta name=\"description\" content=\"MASTERKIDZ Kai\u0161\u010di\u0173 ir virveli\u0173 rinkinys STEM mokslo ir k\u016brybinei lentai - KidsPlay. Did\u017eiausias vaik\u0173 \u017eaisl\u0173 pasirinkimas.\" \/>\n<meta name=\"robots\" content=\"index, follow, max-snippet:-1, max-image-preview:large, max-video-preview:-1\" \/>\n<link rel=\"canonical\" href=\"https:\/\/kidsplay.lt\/lv\/products\/masterkidz-kaisciu-ir-virveliu-rinkinys-stem-mokslo-ir-kurybinei-lentai\/\" \/>\n<meta property=\"og:locale\" content=\"lv_LV\" \/>\n<meta property=\"og:type\" content=\"article\" \/>\n<meta property=\"og:title\" content=\"MASTERKIDZ Kai\u0161\u010di\u0173 ir virveli\u0173 rinkinys STEM mokslo ir k\u016brybinei lentai\" \/>\n<meta property=\"og:description\" content=\"MASTERKIDZ Kai\u0161\u010di\u0173 ir virveli\u0173 rinkinys STEM mokslo ir k\u016brybinei lentai - KidsPlay. Did\u017eiausias vaik\u0173 \u017eaisl\u0173 pasirinkimas.\" \/>\n<meta property=\"og:url\" content=\"https:\/\/kidsplay.lt\/lv\/products\/masterkidz-kaisciu-ir-virveliu-rinkinys-stem-mokslo-ir-kurybinei-lentai\/\" \/>\n<meta property=\"og:site_name\" content=\"KidsPlay\" \/>\n<meta property=\"article:publisher\" content=\"https:\/\/www.facebook.com\/www.kidsplay.lt\" \/>\n<meta property=\"article:modified_time\" content=\"2026-04-13T11:11:33+00:00\" \/>\n<meta property=\"og:image\" content=\"https:\/\/kidsplay.lt\/wp-content\/uploads\/2026\/02\/MASTERKIDZ-Kaisciu-ir-virveliu-rinkinys-STEM-mokslo-ir-kurybinei-lentai.jpg\" \/>\n\t<meta property=\"og:image:width\" content=\"1000\" \/>\n\t<meta property=\"og:image:height\" content=\"1000\" \/>\n\t<meta property=\"og:image:type\" content=\"image\/jpeg\" \/>\n<meta name=\"twitter:card\" content=\"summary_large_image\" \/>\n<meta name=\"twitter:label1\" content=\"Est. reading time\" \/>\n\t<meta name=\"twitter:data1\" content=\"1 min\u016bte\" \/>\n<script type=\"application\/ld+json\" class=\"yoast-schema-graph\">{\"@context\":\"https:\\\/\\\/schema.org\",\"@graph\":[{\"@type\":\"WebPage\",\"@id\":\"https:\\\/\\\/kidsplay.lt\\\/produktas\\\/masterkidz-kaisciu-ir-virveliu-rinkinys-stem-mokslo-ir-kurybinei-lentai\\\/\",\"url\":\"https:\\\/\\\/kidsplay.lt\\\/produktas\\\/masterkidz-kaisciu-ir-virveliu-rinkinys-stem-mokslo-ir-kurybinei-lentai\\\/\",\"name\":\"MASTERKIDZ Kai\u0161\u010di\u0173 ir virveli\u0173 rinkinys STEM mokslo ir k\u016brybinei lentai\",\"isPartOf\":{\"@id\":\"https:\\\/\\\/kidsplay.lt\\\/#website\"},\"primaryImageOfPage\":{\"@id\":\"https:\\\/\\\/kidsplay.lt\\\/produktas\\\/masterkidz-kaisciu-ir-virveliu-rinkinys-stem-mokslo-ir-kurybinei-lentai\\\/#primaryimage\"},\"image\":{\"@id\":\"https:\\\/\\\/kidsplay.lt\\\/produktas\\\/masterkidz-kaisciu-ir-virveliu-rinkinys-stem-mokslo-ir-kurybinei-lentai\\\/#primaryimage\"},\"thumbnailUrl\":\"https:\\\/\\\/kidsplay.lt\\\/wp-content\\\/uploads\\\/2026\\\/02\\\/MASTERKIDZ-Kaisciu-ir-virveliu-rinkinys-STEM-mokslo-ir-kurybinei-lentai.jpg\",\"datePublished\":\"2026-02-22T11:17:13+00:00\",\"dateModified\":\"2026-04-13T11:11:33+00:00\",\"description\":\"MASTERKIDZ Kai\u0161\u010di\u0173 ir virveli\u0173 rinkinys STEM mokslo ir k\u016brybinei lentai - KidsPlay. Did\u017eiausias vaik\u0173 \u017eaisl\u0173 pasirinkimas.\",\"breadcrumb\":{\"@id\":\"https:\\\/\\\/kidsplay.lt\\\/produktas\\\/masterkidz-kaisciu-ir-virveliu-rinkinys-stem-mokslo-ir-kurybinei-lentai\\\/#breadcrumb\"},\"inLanguage\":\"lv-LV\",\"potentialAction\":[{\"@type\":\"ReadAction\",\"target\":[\"https:\\\/\\\/kidsplay.lt\\\/produktas\\\/masterkidz-kaisciu-ir-virveliu-rinkinys-stem-mokslo-ir-kurybinei-lentai\\\/\"]}]},{\"@type\":\"ImageObject\",\"inLanguage\":\"lv-LV\",\"@id\":\"https:\\\/\\\/kidsplay.lt\\\/produktas\\\/masterkidz-kaisciu-ir-virveliu-rinkinys-stem-mokslo-ir-kurybinei-lentai\\\/#primaryimage\",\"url\":\"https:\\\/\\\/kidsplay.lt\\\/wp-content\\\/uploads\\\/2026\\\/02\\\/MASTERKIDZ-Kaisciu-ir-virveliu-rinkinys-STEM-mokslo-ir-kurybinei-lentai.jpg\",\"contentUrl\":\"https:\\\/\\\/kidsplay.lt\\\/wp-content\\\/uploads\\\/2026\\\/02\\\/MASTERKIDZ-Kaisciu-ir-virveliu-rinkinys-STEM-mokslo-ir-kurybinei-lentai.jpg\",\"width\":1000,\"height\":1000,\"caption\":\"MASTERKIDZ Kai\u0161\u010di\u0173 ir virveli\u0173 rinkinys STEM mokslo ir k\u016brybinei lentai\"},{\"@type\":\"BreadcrumbList\",\"@id\":\"https:\\\/\\\/kidsplay.lt\\\/produktas\\\/masterkidz-kaisciu-ir-virveliu-rinkinys-stem-mokslo-ir-kurybinei-lentai\\\/#breadcrumb\",\"itemListElement\":[{\"@type\":\"ListItem\",\"position\":1,\"name\":\"Pagrindinis\",\"item\":\"https:\\\/\\\/kidsplay.lt\\\/\"},{\"@type\":\"ListItem\",\"position\":2,\"name\":\"Parduotuv\u0117\",\"item\":\"https:\\\/\\\/kidsplay.lt\\\/parduotuve\\\/\"},{\"@type\":\"ListItem\",\"position\":3,\"name\":\"MASTERKIDZ Kai\u0161\u010di\u0173 ir virveli\u0173 rinkinys STEM mokslo ir k\u016brybinei lentai\"}]},{\"@type\":\"WebSite\",\"@id\":\"https:\\\/\\\/kidsplay.lt\\\/#website\",\"url\":\"https:\\\/\\\/kidsplay.lt\\\/\",\"name\":\"Kidsplay.lt\",\"description\":\"\u012evairios prek\u0117s vaikams\",\"publisher\":{\"@id\":\"https:\\\/\\\/kidsplay.lt\\\/#organization\"},\"alternateName\":\"Kidsplay\",\"potentialAction\":[{\"@type\":\"SearchAction\",\"target\":{\"@type\":\"EntryPoint\",\"urlTemplate\":\"https:\\\/\\\/kidsplay.lt\\\/?s={search_term_string}\"},\"query-input\":{\"@type\":\"PropertyValueSpecification\",\"valueRequired\":true,\"valueName\":\"search_term_string\"}}],\"inLanguage\":\"lv-LV\"},{\"@type\":\"Organization\",\"@id\":\"https:\\\/\\\/kidsplay.lt\\\/#organization\",\"name\":\"KidsPlay\",\"url\":\"https:\\\/\\\/kidsplay.lt\\\/\",\"logo\":{\"@type\":\"ImageObject\",\"inLanguage\":\"lv-LV\",\"@id\":\"https:\\\/\\\/kidsplay.lt\\\/#\\\/schema\\\/logo\\\/image\\\/\",\"url\":\"https:\\\/\\\/kidsplay.lt\\\/wp-content\\\/uploads\\\/2023\\\/07\\\/kidsplay-logo.png\",\"contentUrl\":\"https:\\\/\\\/kidsplay.lt\\\/wp-content\\\/uploads\\\/2023\\\/07\\\/kidsplay-logo.png\",\"width\":451,\"height\":98,\"caption\":\"KidsPlay\"},\"image\":{\"@id\":\"https:\\\/\\\/kidsplay.lt\\\/#\\\/schema\\\/logo\\\/image\\\/\"},\"sameAs\":[\"https:\\\/\\\/www.facebook.com\\\/www.kidsplay.lt\"]}]}<\/script>\n<!-- \/ Yoast SEO plugin. -->","yoast_head_json":{"title":"MASTERKIDZ d\u012bbe\u013cu un auklu komplekts STEM zin\u0101tnes un rado\u0161ajai t\u0101felei","description":"MASTERKIDZ Kai\u0161\u010di\u0173 ir virveli\u0173 rinkinys STEM mokslo ir k\u016brybinei lentai - KidsPlay. Did\u017eiausias vaik\u0173 \u017eaisl\u0173 pasirinkimas.","robots":{"index":"index","follow":"follow","max-snippet":"max-snippet:-1","max-image-preview":"max-image-preview:large","max-video-preview":"max-video-preview:-1"},"canonical":"https:\/\/kidsplay.lt\/lv\/products\/masterkidz-kaisciu-ir-virveliu-rinkinys-stem-mokslo-ir-kurybinei-lentai\/","og_locale":"lv_LV","og_type":"article","og_title":"MASTERKIDZ Kai\u0161\u010di\u0173 ir virveli\u0173 rinkinys STEM mokslo ir k\u016brybinei lentai","og_description":"MASTERKIDZ Kai\u0161\u010di\u0173 ir virveli\u0173 rinkinys STEM mokslo ir k\u016brybinei lentai - KidsPlay. Did\u017eiausias vaik\u0173 \u017eaisl\u0173 pasirinkimas.","og_url":"https:\/\/kidsplay.lt\/lv\/products\/masterkidz-kaisciu-ir-virveliu-rinkinys-stem-mokslo-ir-kurybinei-lentai\/","og_site_name":"KidsPlay","article_publisher":"https:\/\/www.facebook.com\/www.kidsplay.lt","article_modified_time":"2026-04-13T11:11:33+00:00","og_image":[{"width":1000,"height":1000,"url":"https:\/\/kidsplay.lt\/wp-content\/uploads\/2026\/02\/MASTERKIDZ-Kaisciu-ir-virveliu-rinkinys-STEM-mokslo-ir-kurybinei-lentai.jpg","type":"image\/jpeg"}],"twitter_card":"summary_large_image","twitter_misc":{"Est. reading time":"1 min\u016bte"},"schema":{"@context":"https:\/\/schema.org","@graph":[{"@type":"WebPage","@id":"https:\/\/kidsplay.lt\/produktas\/masterkidz-kaisciu-ir-virveliu-rinkinys-stem-mokslo-ir-kurybinei-lentai\/","url":"https:\/\/kidsplay.lt\/produktas\/masterkidz-kaisciu-ir-virveliu-rinkinys-stem-mokslo-ir-kurybinei-lentai\/","name":"MASTERKIDZ d\u012bbe\u013cu un auklu komplekts STEM zin\u0101tnes un rado\u0161ajai t\u0101felei","isPartOf":{"@id":"https:\/\/kidsplay.lt\/#website"},"primaryImageOfPage":{"@id":"https:\/\/kidsplay.lt\/produktas\/masterkidz-kaisciu-ir-virveliu-rinkinys-stem-mokslo-ir-kurybinei-lentai\/#primaryimage"},"image":{"@id":"https:\/\/kidsplay.lt\/produktas\/masterkidz-kaisciu-ir-virveliu-rinkinys-stem-mokslo-ir-kurybinei-lentai\/#primaryimage"},"thumbnailUrl":"https:\/\/kidsplay.lt\/wp-content\/uploads\/2026\/02\/MASTERKIDZ-Kaisciu-ir-virveliu-rinkinys-STEM-mokslo-ir-kurybinei-lentai.jpg","datePublished":"2026-02-22T11:17:13+00:00","dateModified":"2026-04-13T11:11:33+00:00","description":"MASTERKIDZ Kai\u0161\u010di\u0173 ir virveli\u0173 rinkinys STEM mokslo ir k\u016brybinei lentai - KidsPlay. Did\u017eiausias vaik\u0173 \u017eaisl\u0173 pasirinkimas.","breadcrumb":{"@id":"https:\/\/kidsplay.lt\/produktas\/masterkidz-kaisciu-ir-virveliu-rinkinys-stem-mokslo-ir-kurybinei-lentai\/#breadcrumb"},"inLanguage":"lv-LV","potentialAction":[{"@type":"ReadAction","target":["https:\/\/kidsplay.lt\/produktas\/masterkidz-kaisciu-ir-virveliu-rinkinys-stem-mokslo-ir-kurybinei-lentai\/"]}]},{"@type":"ImageObject","inLanguage":"lv-LV","@id":"https:\/\/kidsplay.lt\/produktas\/masterkidz-kaisciu-ir-virveliu-rinkinys-stem-mokslo-ir-kurybinei-lentai\/#primaryimage","url":"https:\/\/kidsplay.lt\/wp-content\/uploads\/2026\/02\/MASTERKIDZ-Kaisciu-ir-virveliu-rinkinys-STEM-mokslo-ir-kurybinei-lentai.jpg","contentUrl":"https:\/\/kidsplay.lt\/wp-content\/uploads\/2026\/02\/MASTERKIDZ-Kaisciu-ir-virveliu-rinkinys-STEM-mokslo-ir-kurybinei-lentai.jpg","width":1000,"height":1000,"caption":"MASTERKIDZ Kai\u0161\u010di\u0173 ir virveli\u0173 rinkinys STEM mokslo ir k\u016brybinei lentai"},{"@type":"BreadcrumbList","@id":"https:\/\/kidsplay.lt\/produktas\/masterkidz-kaisciu-ir-virveliu-rinkinys-stem-mokslo-ir-kurybinei-lentai\/#breadcrumb","itemListElement":[{"@type":"ListItem","position":1,"name":"Pagrindinis","item":"https:\/\/kidsplay.lt\/"},{"@type":"ListItem","position":2,"name":"Parduotuv\u0117","item":"https:\/\/kidsplay.lt\/parduotuve\/"},{"@type":"ListItem","position":3,"name":"MASTERKIDZ Kai\u0161\u010di\u0173 ir virveli\u0173 rinkinys STEM mokslo ir k\u016brybinei lentai"}]},{"@type":"WebSite","@id":"https:\/\/kidsplay.lt\/#website","url":"https:\/\/kidsplay.lt\/","name":"B\u0113rnu sp\u0113les.lv","description":"\u012evairios prek\u0117s vaikams","publisher":{"@id":"https:\/\/kidsplay.lt\/#organization"},"alternateName":"Kidsplay","potentialAction":[{"@type":"SearchAction","target":{"@type":"EntryPoint","urlTemplate":"https:\/\/kidsplay.lt\/?s={search_term_string}"},"query-input":{"@type":"PropertyValueSpecification","valueRequired":true,"valueName":"search_term_string"}}],"inLanguage":"lv-LV"},{"@type":"Organization","@id":"https:\/\/kidsplay.lt\/#organization","name":"B\u0113rnu sp\u0113le","url":"https:\/\/kidsplay.lt\/","logo":{"@type":"ImageObject","inLanguage":"lv-LV","@id":"https:\/\/kidsplay.lt\/#\/schema\/logo\/image\/","url":"https:\/\/kidsplay.lt\/wp-content\/uploads\/2023\/07\/kidsplay-logo.png","contentUrl":"https:\/\/kidsplay.lt\/wp-content\/uploads\/2023\/07\/kidsplay-logo.png","width":451,"height":98,"caption":"KidsPlay"},"image":{"@id":"https:\/\/kidsplay.lt\/#\/schema\/logo\/image\/"},"sameAs":["https:\/\/www.facebook.com\/www.kidsplay.lt"]}]}},"_links":{"self":[{"href":"https:\/\/kidsplay.lt\/lv\/wp-json\/wp\/v2\/product\/84693","targetHints":{"allow":["GET"]}}],"collection":[{"href":"https:\/\/kidsplay.lt\/lv\/wp-json\/wp\/v2\/product"}],"about":[{"href":"https:\/\/kidsplay.lt\/lv\/wp-json\/wp\/v2\/types\/product"}],"version-history":[{"count":1,"href":"https:\/\/kidsplay.lt\/lv\/wp-json\/wp\/v2\/product\/84693\/revisions"}],"predecessor-version":[{"id":84694,"href":"https:\/\/kidsplay.lt\/lv\/wp-json\/wp\/v2\/product\/84693\/revisions\/84694"}],"wp:featuredmedia":[{"embeddable":true,"href":"https:\/\/kidsplay.lt\/lv\/wp-json\/wp\/v2\/media\/84695"}],"wp:attachment":[{"href":"https:\/\/kidsplay.lt\/lv\/wp-json\/wp\/v2\/media?parent=84693"}],"wp:term":[{"taxonomy":"product_brand","embeddable":true,"href":"https:\/\/kidsplay.lt\/lv\/wp-json\/wp\/v2\/product_brand?post=84693"},{"taxonomy":"product_cat","embeddable":true,"href":"https:\/\/kidsplay.lt\/lv\/wp-json\/wp\/v2\/product_cat?post=84693"},{"taxonomy":"product_tag","embeddable":true,"href":"https:\/\/kidsplay.lt\/lv\/wp-json\/wp\/v2\/product_tag?post=84693"}],"curies":[{"name":"wp","href":"https:\/\/api.w.org\/{rel}","templated":true}]}}