{"id":84700,"date":"2026-02-22T13:17:32","date_gmt":"2026-02-22T11:17:32","guid":{"rendered":"https:\/\/kidsplay.lt\/produktas\/masterkidz-lauko-irankiu-laikiklis-stem-lentai\/"},"modified":"2026-04-13T14:11:36","modified_gmt":"2026-04-13T11:11:36","slug":"masterkidz-lauko-irankiu-laikiklis-stem-lentai","status":"publish","type":"product","link":"https:\/\/kidsplay.lt\/lv\/products\/masterkidz-lauko-irankiu-laikiklis-stem-lentai\/","title":{"rendered":"MASTERKIDZ Lauko \u012franki\u0173 laikiklis STEM lentai"},"content":{"rendered":"<p>\u0160is prakti\u0161kas medinis laikiklis su virve i\u0161 Masterkidz \u2013 puikus priedas modulin\u0117ms STEM sienoms ar edukaciniams ve\u017eim\u0117liams. Vaikas gali pakabinti \u012frankius ar kitus priedus, susikurdamas savo tvarking\u0105 ir k\u016brybi\u0161k\u0105 darbo kampel\u012f. Tvirta pu\u0161ies mediena ir HDPE plok\u0161t\u0117 u\u017etikrina atsparum\u0105 pa\u017eeidimams bei oro s\u0105lygoms.<br \/>\nFunkcijas:<\/p>\n<p>skirtas vaikams nuo 3 met\u0173<\/p>\n<p>pagamintas i\u0161 patvarios HDPE med\u017eiagos ir pu\u0161ies medienos \u2013 tinkamas naudoti tiek viduje, tiek lauke<\/p>\n<p>puikiai tinka kabinti \u012frankius, priemones ar kitus edukacinius elementus<\/p>\n<p>kompakti\u0161kas, neu\u017eima daug vietos ir padeda palaikyti tvark\u0105<\/p>\n<p>lengvai tvirtinamas prie STEM sienos 2 var\u017etais<\/p>\n<p>Komplekta saturs:<\/p>\n<p>medinis laikiklis su virve daiktams kabinti<\/p>\n<p>2 tvirtinimo var\u017etai STEM sienoms<\/p>\n<p>Lavina:<\/p>\n<p>organizuotum\u0105<\/p>\n<p>login\u012f m\u0105stym\u0105<\/p>\n<p>savaranki\u0161kum\u0105<\/p>","protected":false},"excerpt":{"rendered":"<p>\u0160is prakti\u0161kas medinis laikiklis su virve i\u0161 Masterkidz \u2013 puikus priedas modulin\u0117ms STEM sienoms ar edukaciniams ve\u017eim\u0117liams. Vaikas gali pakabinti<\/p>","protected":false},"featured_media":84703,"template":"","meta":{"_acf_changed":false,"_glsr_average":0,"_glsr_ranking":0,"_glsr_reviews":0},"product_brand":[],"product_cat":[673,229],"product_tag":[],"class_list":{"0":"post-84700","1":"product","2":"type-product","3":"status-publish","4":"has-post-thumbnail","6":"product_cat-ugdomosios-priemones","7":"product_cat-zaislai-vaikams","8":"\"style=\"background-color: #2ecc711c;\"","10":"first","11":"instock","12":"purchasable","13":"product-type-simple"},"acf":[],"yoast_head":"<!-- This site is optimized with the Yoast SEO plugin v27.3 - https:\/\/yoast.com\/product\/yoast-seo-wordpress\/ -->\n<title>MASTERKIDZ Lauko \u012franki\u0173 laikiklis STEM lentai<\/title>\n<meta name=\"description\" content=\"MASTERKIDZ Lauko \u012franki\u0173 laikiklis STEM lentai - KidsPlay. Did\u017eiausias vaik\u0173 \u017eaisl\u0173 pasirinkimas.\" \/>\n<meta name=\"robots\" content=\"index, follow, max-snippet:-1, max-image-preview:large, max-video-preview:-1\" \/>\n<link rel=\"canonical\" href=\"https:\/\/kidsplay.lt\/lv\/products\/masterkidz-lauko-irankiu-laikiklis-stem-lentai\/\" \/>\n<meta property=\"og:locale\" content=\"lv_LV\" \/>\n<meta property=\"og:type\" content=\"article\" \/>\n<meta property=\"og:title\" content=\"MASTERKIDZ Lauko \u012franki\u0173 laikiklis STEM lentai\" \/>\n<meta property=\"og:description\" content=\"MASTERKIDZ Lauko \u012franki\u0173 laikiklis STEM lentai - KidsPlay. Did\u017eiausias vaik\u0173 \u017eaisl\u0173 pasirinkimas.\" \/>\n<meta property=\"og:url\" content=\"https:\/\/kidsplay.lt\/lv\/products\/masterkidz-lauko-irankiu-laikiklis-stem-lentai\/\" \/>\n<meta property=\"og:site_name\" content=\"KidsPlay\" \/>\n<meta property=\"article:publisher\" content=\"https:\/\/www.facebook.com\/www.kidsplay.lt\" \/>\n<meta property=\"article:modified_time\" content=\"2026-04-13T11:11:36+00:00\" \/>\n<meta property=\"og:image\" content=\"https:\/\/kidsplay.lt\/wp-content\/uploads\/2026\/02\/MASTERKIDZ-Lauko-irankiu-laikiklis-STEM-lentai.jpg\" \/>\n\t<meta property=\"og:image:width\" content=\"1000\" \/>\n\t<meta property=\"og:image:height\" content=\"1000\" \/>\n\t<meta property=\"og:image:type\" content=\"image\/jpeg\" \/>\n<meta name=\"twitter:card\" content=\"summary_large_image\" \/>\n<meta name=\"twitter:label1\" content=\"Est. reading time\" \/>\n\t<meta name=\"twitter:data1\" content=\"1 min\u016bte\" \/>\n<script type=\"application\/ld+json\" class=\"yoast-schema-graph\">{\"@context\":\"https:\\\/\\\/schema.org\",\"@graph\":[{\"@type\":\"WebPage\",\"@id\":\"https:\\\/\\\/kidsplay.lt\\\/produktas\\\/masterkidz-lauko-irankiu-laikiklis-stem-lentai\\\/\",\"url\":\"https:\\\/\\\/kidsplay.lt\\\/produktas\\\/masterkidz-lauko-irankiu-laikiklis-stem-lentai\\\/\",\"name\":\"MASTERKIDZ Lauko \u012franki\u0173 laikiklis STEM lentai\",\"isPartOf\":{\"@id\":\"https:\\\/\\\/kidsplay.lt\\\/#website\"},\"primaryImageOfPage\":{\"@id\":\"https:\\\/\\\/kidsplay.lt\\\/produktas\\\/masterkidz-lauko-irankiu-laikiklis-stem-lentai\\\/#primaryimage\"},\"image\":{\"@id\":\"https:\\\/\\\/kidsplay.lt\\\/produktas\\\/masterkidz-lauko-irankiu-laikiklis-stem-lentai\\\/#primaryimage\"},\"thumbnailUrl\":\"https:\\\/\\\/kidsplay.lt\\\/wp-content\\\/uploads\\\/2026\\\/02\\\/MASTERKIDZ-Lauko-irankiu-laikiklis-STEM-lentai.jpg\",\"datePublished\":\"2026-02-22T11:17:32+00:00\",\"dateModified\":\"2026-04-13T11:11:36+00:00\",\"description\":\"MASTERKIDZ Lauko \u012franki\u0173 laikiklis STEM lentai - KidsPlay. Did\u017eiausias vaik\u0173 \u017eaisl\u0173 pasirinkimas.\",\"breadcrumb\":{\"@id\":\"https:\\\/\\\/kidsplay.lt\\\/produktas\\\/masterkidz-lauko-irankiu-laikiklis-stem-lentai\\\/#breadcrumb\"},\"inLanguage\":\"lv-LV\",\"potentialAction\":[{\"@type\":\"ReadAction\",\"target\":[\"https:\\\/\\\/kidsplay.lt\\\/produktas\\\/masterkidz-lauko-irankiu-laikiklis-stem-lentai\\\/\"]}]},{\"@type\":\"ImageObject\",\"inLanguage\":\"lv-LV\",\"@id\":\"https:\\\/\\\/kidsplay.lt\\\/produktas\\\/masterkidz-lauko-irankiu-laikiklis-stem-lentai\\\/#primaryimage\",\"url\":\"https:\\\/\\\/kidsplay.lt\\\/wp-content\\\/uploads\\\/2026\\\/02\\\/MASTERKIDZ-Lauko-irankiu-laikiklis-STEM-lentai.jpg\",\"contentUrl\":\"https:\\\/\\\/kidsplay.lt\\\/wp-content\\\/uploads\\\/2026\\\/02\\\/MASTERKIDZ-Lauko-irankiu-laikiklis-STEM-lentai.jpg\",\"width\":1000,\"height\":1000,\"caption\":\"MASTERKIDZ Lauko \u012franki\u0173 laikiklis STEM lentai\"},{\"@type\":\"BreadcrumbList\",\"@id\":\"https:\\\/\\\/kidsplay.lt\\\/produktas\\\/masterkidz-lauko-irankiu-laikiklis-stem-lentai\\\/#breadcrumb\",\"itemListElement\":[{\"@type\":\"ListItem\",\"position\":1,\"name\":\"Pagrindinis\",\"item\":\"https:\\\/\\\/kidsplay.lt\\\/\"},{\"@type\":\"ListItem\",\"position\":2,\"name\":\"Parduotuv\u0117\",\"item\":\"https:\\\/\\\/kidsplay.lt\\\/parduotuve\\\/\"},{\"@type\":\"ListItem\",\"position\":3,\"name\":\"MASTERKIDZ Lauko \u012franki\u0173 laikiklis STEM lentai\"}]},{\"@type\":\"WebSite\",\"@id\":\"https:\\\/\\\/kidsplay.lt\\\/#website\",\"url\":\"https:\\\/\\\/kidsplay.lt\\\/\",\"name\":\"Kidsplay.lt\",\"description\":\"\u012evairios prek\u0117s vaikams\",\"publisher\":{\"@id\":\"https:\\\/\\\/kidsplay.lt\\\/#organization\"},\"alternateName\":\"Kidsplay\",\"potentialAction\":[{\"@type\":\"SearchAction\",\"target\":{\"@type\":\"EntryPoint\",\"urlTemplate\":\"https:\\\/\\\/kidsplay.lt\\\/?s={search_term_string}\"},\"query-input\":{\"@type\":\"PropertyValueSpecification\",\"valueRequired\":true,\"valueName\":\"search_term_string\"}}],\"inLanguage\":\"lv-LV\"},{\"@type\":\"Organization\",\"@id\":\"https:\\\/\\\/kidsplay.lt\\\/#organization\",\"name\":\"KidsPlay\",\"url\":\"https:\\\/\\\/kidsplay.lt\\\/\",\"logo\":{\"@type\":\"ImageObject\",\"inLanguage\":\"lv-LV\",\"@id\":\"https:\\\/\\\/kidsplay.lt\\\/#\\\/schema\\\/logo\\\/image\\\/\",\"url\":\"https:\\\/\\\/kidsplay.lt\\\/wp-content\\\/uploads\\\/2023\\\/07\\\/kidsplay-logo.png\",\"contentUrl\":\"https:\\\/\\\/kidsplay.lt\\\/wp-content\\\/uploads\\\/2023\\\/07\\\/kidsplay-logo.png\",\"width\":451,\"height\":98,\"caption\":\"KidsPlay\"},\"image\":{\"@id\":\"https:\\\/\\\/kidsplay.lt\\\/#\\\/schema\\\/logo\\\/image\\\/\"},\"sameAs\":[\"https:\\\/\\\/www.facebook.com\\\/www.kidsplay.lt\"]}]}<\/script>\n<!-- \/ Yoast SEO plugin. -->","yoast_head_json":{"title":"MASTERKIDZ Lauko \u012franki\u0173 laikiklis STEM lentai","description":"MASTERKIDZ Lauko \u012franki\u0173 laikiklis STEM lentai - KidsPlay. Did\u017eiausias vaik\u0173 \u017eaisl\u0173 pasirinkimas.","robots":{"index":"index","follow":"follow","max-snippet":"max-snippet:-1","max-image-preview":"max-image-preview:large","max-video-preview":"max-video-preview:-1"},"canonical":"https:\/\/kidsplay.lt\/lv\/products\/masterkidz-lauko-irankiu-laikiklis-stem-lentai\/","og_locale":"lv_LV","og_type":"article","og_title":"MASTERKIDZ Lauko \u012franki\u0173 laikiklis STEM lentai","og_description":"MASTERKIDZ Lauko \u012franki\u0173 laikiklis STEM lentai - KidsPlay. Did\u017eiausias vaik\u0173 \u017eaisl\u0173 pasirinkimas.","og_url":"https:\/\/kidsplay.lt\/lv\/products\/masterkidz-lauko-irankiu-laikiklis-stem-lentai\/","og_site_name":"KidsPlay","article_publisher":"https:\/\/www.facebook.com\/www.kidsplay.lt","article_modified_time":"2026-04-13T11:11:36+00:00","og_image":[{"width":1000,"height":1000,"url":"https:\/\/kidsplay.lt\/wp-content\/uploads\/2026\/02\/MASTERKIDZ-Lauko-irankiu-laikiklis-STEM-lentai.jpg","type":"image\/jpeg"}],"twitter_card":"summary_large_image","twitter_misc":{"Est. reading time":"1 min\u016bte"},"schema":{"@context":"https:\/\/schema.org","@graph":[{"@type":"WebPage","@id":"https:\/\/kidsplay.lt\/produktas\/masterkidz-lauko-irankiu-laikiklis-stem-lentai\/","url":"https:\/\/kidsplay.lt\/produktas\/masterkidz-lauko-irankiu-laikiklis-stem-lentai\/","name":"MASTERKIDZ Lauko \u012franki\u0173 laikiklis STEM lentai","isPartOf":{"@id":"https:\/\/kidsplay.lt\/#website"},"primaryImageOfPage":{"@id":"https:\/\/kidsplay.lt\/produktas\/masterkidz-lauko-irankiu-laikiklis-stem-lentai\/#primaryimage"},"image":{"@id":"https:\/\/kidsplay.lt\/produktas\/masterkidz-lauko-irankiu-laikiklis-stem-lentai\/#primaryimage"},"thumbnailUrl":"https:\/\/kidsplay.lt\/wp-content\/uploads\/2026\/02\/MASTERKIDZ-Lauko-irankiu-laikiklis-STEM-lentai.jpg","datePublished":"2026-02-22T11:17:32+00:00","dateModified":"2026-04-13T11:11:36+00:00","description":"MASTERKIDZ Lauko \u012franki\u0173 laikiklis STEM lentai - KidsPlay. Did\u017eiausias vaik\u0173 \u017eaisl\u0173 pasirinkimas.","breadcrumb":{"@id":"https:\/\/kidsplay.lt\/produktas\/masterkidz-lauko-irankiu-laikiklis-stem-lentai\/#breadcrumb"},"inLanguage":"lv-LV","potentialAction":[{"@type":"ReadAction","target":["https:\/\/kidsplay.lt\/produktas\/masterkidz-lauko-irankiu-laikiklis-stem-lentai\/"]}]},{"@type":"ImageObject","inLanguage":"lv-LV","@id":"https:\/\/kidsplay.lt\/produktas\/masterkidz-lauko-irankiu-laikiklis-stem-lentai\/#primaryimage","url":"https:\/\/kidsplay.lt\/wp-content\/uploads\/2026\/02\/MASTERKIDZ-Lauko-irankiu-laikiklis-STEM-lentai.jpg","contentUrl":"https:\/\/kidsplay.lt\/wp-content\/uploads\/2026\/02\/MASTERKIDZ-Lauko-irankiu-laikiklis-STEM-lentai.jpg","width":1000,"height":1000,"caption":"MASTERKIDZ Lauko \u012franki\u0173 laikiklis STEM lentai"},{"@type":"BreadcrumbList","@id":"https:\/\/kidsplay.lt\/produktas\/masterkidz-lauko-irankiu-laikiklis-stem-lentai\/#breadcrumb","itemListElement":[{"@type":"ListItem","position":1,"name":"Pagrindinis","item":"https:\/\/kidsplay.lt\/"},{"@type":"ListItem","position":2,"name":"Parduotuv\u0117","item":"https:\/\/kidsplay.lt\/parduotuve\/"},{"@type":"ListItem","position":3,"name":"MASTERKIDZ Lauko \u012franki\u0173 laikiklis STEM lentai"}]},{"@type":"WebSite","@id":"https:\/\/kidsplay.lt\/#website","url":"https:\/\/kidsplay.lt\/","name":"B\u0113rnu sp\u0113les.lv","description":"\u012evairios prek\u0117s vaikams","publisher":{"@id":"https:\/\/kidsplay.lt\/#organization"},"alternateName":"Kidsplay","potentialAction":[{"@type":"SearchAction","target":{"@type":"EntryPoint","urlTemplate":"https:\/\/kidsplay.lt\/?s={search_term_string}"},"query-input":{"@type":"PropertyValueSpecification","valueRequired":true,"valueName":"search_term_string"}}],"inLanguage":"lv-LV"},{"@type":"Organization","@id":"https:\/\/kidsplay.lt\/#organization","name":"B\u0113rnu sp\u0113le","url":"https:\/\/kidsplay.lt\/","logo":{"@type":"ImageObject","inLanguage":"lv-LV","@id":"https:\/\/kidsplay.lt\/#\/schema\/logo\/image\/","url":"https:\/\/kidsplay.lt\/wp-content\/uploads\/2023\/07\/kidsplay-logo.png","contentUrl":"https:\/\/kidsplay.lt\/wp-content\/uploads\/2023\/07\/kidsplay-logo.png","width":451,"height":98,"caption":"KidsPlay"},"image":{"@id":"https:\/\/kidsplay.lt\/#\/schema\/logo\/image\/"},"sameAs":["https:\/\/www.facebook.com\/www.kidsplay.lt"]}]}},"_links":{"self":[{"href":"https:\/\/kidsplay.lt\/lv\/wp-json\/wp\/v2\/product\/84700","targetHints":{"allow":["GET"]}}],"collection":[{"href":"https:\/\/kidsplay.lt\/lv\/wp-json\/wp\/v2\/product"}],"about":[{"href":"https:\/\/kidsplay.lt\/lv\/wp-json\/wp\/v2\/types\/product"}],"version-history":[{"count":1,"href":"https:\/\/kidsplay.lt\/lv\/wp-json\/wp\/v2\/product\/84700\/revisions"}],"predecessor-version":[{"id":84701,"href":"https:\/\/kidsplay.lt\/lv\/wp-json\/wp\/v2\/product\/84700\/revisions\/84701"}],"wp:featuredmedia":[{"embeddable":true,"href":"https:\/\/kidsplay.lt\/lv\/wp-json\/wp\/v2\/media\/84703"}],"wp:attachment":[{"href":"https:\/\/kidsplay.lt\/lv\/wp-json\/wp\/v2\/media?parent=84700"}],"wp:term":[{"taxonomy":"product_brand","embeddable":true,"href":"https:\/\/kidsplay.lt\/lv\/wp-json\/wp\/v2\/product_brand?post=84700"},{"taxonomy":"product_cat","embeddable":true,"href":"https:\/\/kidsplay.lt\/lv\/wp-json\/wp\/v2\/product_cat?post=84700"},{"taxonomy":"product_tag","embeddable":true,"href":"https:\/\/kidsplay.lt\/lv\/wp-json\/wp\/v2\/product_tag?post=84700"}],"curies":[{"name":"wp","href":"https:\/\/api.w.org\/{rel}","templated":true}]}}