{"id":84708,"date":"2026-02-22T13:17:51","date_gmt":"2026-02-22T11:17:51","guid":{"rendered":"https:\/\/kidsplay.lt\/produktas\/masterkidz-skaidri-abecele-52-spalvotos-raides-led-panelems\/"},"modified":"2026-04-07T09:49:43","modified_gmt":"2026-04-07T06:49:43","slug":"masterkidz-skaidri-abecele-52-spalvotos-raides-led-panelems","status":"publish","type":"product","link":"https:\/\/kidsplay.lt\/lv\/products\/masterkidz-skaidri-abecele-52-spalvotos-raides-led-panelems\/","title":{"rendered":"MASTERKIDZ Skaidri ab\u0117c\u0117l\u0117 \u2013 52 spalvotos raid\u0117s LED panel\u0117ms"},"content":{"rendered":"<p>Sveiki atvyk\u0119 \u012f \u017eod\u017ei\u0173 pasaul\u012f, kuriame skaitymo mokymasis tampa spalvingu ir vizualiu nuotykiu su skaidri\u0173 raid\u017ei\u0173 rinkiniu i\u0161 Masterkidz! \u0160ie spalvoti elementai sukurti specialiai \u017eaidimui su \u0161viesa \u2013 ant LED \u0161viesos paneli\u0173 jie atrodo \u012fsp\u016bdingai, pritraukia vaik\u0173 d\u0117mes\u012f ir padeda lengviau \u012fsiminti raid\u017ei\u0173 formas.<br \/>\nD\u0117l unikalios konstrukcijos su i\u0161kiliu kra\u0161teliu vaikai gali tiesiog \u201epajusti\u201c kiekvien\u0105 raid\u0119 pir\u0161tais \u2013 tai svarbus sensorinio mokymo elementas ir puikus pasiruo\u0161imas ra\u0161ymui. Rinkinyje yra did\u017eiosios ir ma\u017eosios raid\u0117s, tod\u0117l galima kurti pirmuosius \u017eod\u017eius, poruoti raides ir atsekti j\u0173 formas. Tai puiki mokymo priemon\u0117 tiek namuose, tiek dar\u017eelyje, paver\u010dianti ab\u0117c\u0117l\u0119 ap\u010diuopiamu pa\u017einimo d\u017eiaugsmu.<br \/>\nFunkcijas:<\/p>\n<p>tinka vaikams nuo 3 met\u0173<\/p>\n<p>raid\u0117s pagamintos i\u0161 itin tvirtos, skaidrios med\u017eiagos ry\u0161ki\u0173 spalv\u0173: raudonos, geltonos ir m\u0117lynos \u2013 ap\u0161vietus sukuria nuostab\u0173 efekt\u0105<\/p>\n<p>kiekviena raid\u0117 turi ai\u0161k\u0173, sustiprint\u0105 i\u0161orin\u012f kra\u0161t\u0105, padedant\u012f pa\u017einti form\u0105 per lyt\u0117jim\u0105<\/p>\n<p>rinkinyje yra ir did\u017eiosios, ir ma\u017eosios raid\u0117s \u2013 visapusi\u0161kam ab\u0117c\u0117l\u0117s mokymuisi<\/p>\n<p>did\u017eiosios raid\u0117s apie 47 mm auk\u0161\u010dio, ma\u017eosios \u2013 apie 32 mm \u2013 patogios ikimokyklinio am\u017eiaus vaik\u0173 rankoms<\/p>\n<p>galima naudoti ant \u0161viesos paneli\u0173, kinetiniame sm\u0117lyje ar kont\u016br\u0173 atsekimui<\/p>\n<p>i\u0161 viso 52 raid\u0117s \u2013 galima poruoti (pvz., \u201eA\u201c ir \u201ea\u201c) bei kurti paprastus \u017eod\u017eius, tokius kaip \u201eCAT\u201c ar \u201eHOUSE\u201c<\/p>\n<p>Rinkin\u012f sudaro:<\/p>\n<p>1 x did\u017ei\u0173j\u0173 raid\u017ei\u0173 rinkinys (A\u2013Z) \u2013 26 vnt.<\/p>\n<p>1 x ma\u017e\u0173j\u0173 raid\u017ei\u0173 rinkinys (a\u2013z) \u2013 26 vnt.<\/p>\n<p>Lavina:<\/p>\n<p>skaitymo ir ra\u0161ymo \u012fg\u016bd\u017eius<\/p>\n<p>grafomotorik\u0105<\/p>\n<p>vizualin\u012f suvokim\u0105<\/p>\n<p>rank\u0173 ir aki\u0173 koordinacij\u0105<\/p>\n<p>raumen\u0173 atmint\u012f<\/p>","protected":false},"excerpt":{"rendered":"<p>Sveiki atvyk\u0119 \u012f \u017eod\u017ei\u0173 pasaul\u012f, kuriame skaitymo mokymasis tampa spalvingu ir vizualiu nuotykiu su skaidri\u0173 raid\u017ei\u0173 rinkiniu i\u0161 Masterkidz! \u0160ie<\/p>","protected":false},"featured_media":84710,"template":"","meta":{"_acf_changed":false,"_glsr_average":0,"_glsr_ranking":0,"_glsr_reviews":0},"product_brand":[],"product_cat":[673,229],"product_tag":[],"class_list":{"0":"post-84708","1":"product","2":"type-product","3":"status-publish","4":"has-post-thumbnail","6":"product_cat-ugdomosios-priemones","7":"product_cat-zaislai-vaikams","8":"\"style=\"background-color: #2ecc711c;\"","10":"first","11":"instock","12":"purchasable","13":"product-type-simple"},"acf":[],"yoast_head":"<!-- This site is optimized with the Yoast SEO plugin v27.3 - https:\/\/yoast.com\/product\/yoast-seo-wordpress\/ -->\n<title>MASTERKIDZ Skaidri ab\u0117c\u0117l\u0117 \u2013 52 spalvotos raid\u0117s LED panel\u0117ms<\/title>\n<meta name=\"description\" content=\"MASTERKIDZ Skaidri ab\u0117c\u0117l\u0117 \u2013 52 spalvotos raid\u0117s LED panel\u0117ms - KidsPlay. Did\u017eiausias vaik\u0173 \u017eaisl\u0173 pasirinkimas.\" \/>\n<meta name=\"robots\" content=\"index, follow, max-snippet:-1, max-image-preview:large, max-video-preview:-1\" \/>\n<link rel=\"canonical\" href=\"https:\/\/kidsplay.lt\/lv\/products\/masterkidz-skaidri-abecele-52-spalvotos-raides-led-panelems\/\" \/>\n<meta property=\"og:locale\" content=\"lv_LV\" \/>\n<meta property=\"og:type\" content=\"article\" \/>\n<meta property=\"og:title\" content=\"MASTERKIDZ Skaidri ab\u0117c\u0117l\u0117 \u2013 52 spalvotos raid\u0117s LED panel\u0117ms\" \/>\n<meta property=\"og:description\" content=\"MASTERKIDZ Skaidri ab\u0117c\u0117l\u0117 \u2013 52 spalvotos raid\u0117s LED panel\u0117ms - KidsPlay. Did\u017eiausias vaik\u0173 \u017eaisl\u0173 pasirinkimas.\" \/>\n<meta property=\"og:url\" content=\"https:\/\/kidsplay.lt\/lv\/products\/masterkidz-skaidri-abecele-52-spalvotos-raides-led-panelems\/\" \/>\n<meta property=\"og:site_name\" content=\"KidsPlay\" \/>\n<meta property=\"article:publisher\" content=\"https:\/\/www.facebook.com\/www.kidsplay.lt\" \/>\n<meta property=\"article:modified_time\" content=\"2026-04-07T06:49:43+00:00\" \/>\n<meta property=\"og:image\" content=\"https:\/\/kidsplay.lt\/wp-content\/uploads\/2026\/02\/MASTERKIDZ-Skaidri-abecele-\u2013-52-spalvotos-raides-LED-panelems.jpg\" \/>\n\t<meta property=\"og:image:width\" content=\"1000\" \/>\n\t<meta property=\"og:image:height\" content=\"1000\" \/>\n\t<meta property=\"og:image:type\" content=\"image\/jpeg\" \/>\n<meta name=\"twitter:card\" content=\"summary_large_image\" \/>\n<meta name=\"twitter:label1\" content=\"Est. reading time\" \/>\n\t<meta name=\"twitter:data1\" content=\"1 min\u016bte\" \/>\n<script type=\"application\/ld+json\" class=\"yoast-schema-graph\">{\"@context\":\"https:\\\/\\\/schema.org\",\"@graph\":[{\"@type\":\"WebPage\",\"@id\":\"https:\\\/\\\/kidsplay.lt\\\/produktas\\\/masterkidz-skaidri-abecele-52-spalvotos-raides-led-panelems\\\/\",\"url\":\"https:\\\/\\\/kidsplay.lt\\\/produktas\\\/masterkidz-skaidri-abecele-52-spalvotos-raides-led-panelems\\\/\",\"name\":\"MASTERKIDZ Skaidri ab\u0117c\u0117l\u0117 \u2013 52 spalvotos raid\u0117s LED panel\u0117ms\",\"isPartOf\":{\"@id\":\"https:\\\/\\\/kidsplay.lt\\\/#website\"},\"primaryImageOfPage\":{\"@id\":\"https:\\\/\\\/kidsplay.lt\\\/produktas\\\/masterkidz-skaidri-abecele-52-spalvotos-raides-led-panelems\\\/#primaryimage\"},\"image\":{\"@id\":\"https:\\\/\\\/kidsplay.lt\\\/produktas\\\/masterkidz-skaidri-abecele-52-spalvotos-raides-led-panelems\\\/#primaryimage\"},\"thumbnailUrl\":\"https:\\\/\\\/kidsplay.lt\\\/wp-content\\\/uploads\\\/2026\\\/02\\\/MASTERKIDZ-Skaidri-abecele-\u2013-52-spalvotos-raides-LED-panelems.jpg\",\"datePublished\":\"2026-02-22T11:17:51+00:00\",\"dateModified\":\"2026-04-07T06:49:43+00:00\",\"description\":\"MASTERKIDZ Skaidri ab\u0117c\u0117l\u0117 \u2013 52 spalvotos raid\u0117s LED panel\u0117ms - KidsPlay. Did\u017eiausias vaik\u0173 \u017eaisl\u0173 pasirinkimas.\",\"breadcrumb\":{\"@id\":\"https:\\\/\\\/kidsplay.lt\\\/produktas\\\/masterkidz-skaidri-abecele-52-spalvotos-raides-led-panelems\\\/#breadcrumb\"},\"inLanguage\":\"lv-LV\",\"potentialAction\":[{\"@type\":\"ReadAction\",\"target\":[\"https:\\\/\\\/kidsplay.lt\\\/produktas\\\/masterkidz-skaidri-abecele-52-spalvotos-raides-led-panelems\\\/\"]}]},{\"@type\":\"ImageObject\",\"inLanguage\":\"lv-LV\",\"@id\":\"https:\\\/\\\/kidsplay.lt\\\/produktas\\\/masterkidz-skaidri-abecele-52-spalvotos-raides-led-panelems\\\/#primaryimage\",\"url\":\"https:\\\/\\\/kidsplay.lt\\\/wp-content\\\/uploads\\\/2026\\\/02\\\/MASTERKIDZ-Skaidri-abecele-\u2013-52-spalvotos-raides-LED-panelems.jpg\",\"contentUrl\":\"https:\\\/\\\/kidsplay.lt\\\/wp-content\\\/uploads\\\/2026\\\/02\\\/MASTERKIDZ-Skaidri-abecele-\u2013-52-spalvotos-raides-LED-panelems.jpg\",\"width\":1000,\"height\":1000,\"caption\":\"MASTERKIDZ Skaidri ab\u0117c\u0117l\u0117 \u2013 52 spalvotos raid\u0117s LED panel\u0117ms\"},{\"@type\":\"BreadcrumbList\",\"@id\":\"https:\\\/\\\/kidsplay.lt\\\/produktas\\\/masterkidz-skaidri-abecele-52-spalvotos-raides-led-panelems\\\/#breadcrumb\",\"itemListElement\":[{\"@type\":\"ListItem\",\"position\":1,\"name\":\"Pagrindinis\",\"item\":\"https:\\\/\\\/kidsplay.lt\\\/\"},{\"@type\":\"ListItem\",\"position\":2,\"name\":\"Parduotuv\u0117\",\"item\":\"https:\\\/\\\/kidsplay.lt\\\/parduotuve\\\/\"},{\"@type\":\"ListItem\",\"position\":3,\"name\":\"MASTERKIDZ Skaidri ab\u0117c\u0117l\u0117 \u2013 52 spalvotos raid\u0117s LED panel\u0117ms\"}]},{\"@type\":\"WebSite\",\"@id\":\"https:\\\/\\\/kidsplay.lt\\\/#website\",\"url\":\"https:\\\/\\\/kidsplay.lt\\\/\",\"name\":\"Kidsplay.lt\",\"description\":\"\u012evairios prek\u0117s vaikams\",\"publisher\":{\"@id\":\"https:\\\/\\\/kidsplay.lt\\\/#organization\"},\"alternateName\":\"Kidsplay\",\"potentialAction\":[{\"@type\":\"SearchAction\",\"target\":{\"@type\":\"EntryPoint\",\"urlTemplate\":\"https:\\\/\\\/kidsplay.lt\\\/?s={search_term_string}\"},\"query-input\":{\"@type\":\"PropertyValueSpecification\",\"valueRequired\":true,\"valueName\":\"search_term_string\"}}],\"inLanguage\":\"lv-LV\"},{\"@type\":\"Organization\",\"@id\":\"https:\\\/\\\/kidsplay.lt\\\/#organization\",\"name\":\"KidsPlay\",\"url\":\"https:\\\/\\\/kidsplay.lt\\\/\",\"logo\":{\"@type\":\"ImageObject\",\"inLanguage\":\"lv-LV\",\"@id\":\"https:\\\/\\\/kidsplay.lt\\\/#\\\/schema\\\/logo\\\/image\\\/\",\"url\":\"https:\\\/\\\/kidsplay.lt\\\/wp-content\\\/uploads\\\/2023\\\/07\\\/kidsplay-logo.png\",\"contentUrl\":\"https:\\\/\\\/kidsplay.lt\\\/wp-content\\\/uploads\\\/2023\\\/07\\\/kidsplay-logo.png\",\"width\":451,\"height\":98,\"caption\":\"KidsPlay\"},\"image\":{\"@id\":\"https:\\\/\\\/kidsplay.lt\\\/#\\\/schema\\\/logo\\\/image\\\/\"},\"sameAs\":[\"https:\\\/\\\/www.facebook.com\\\/www.kidsplay.lt\"]}]}<\/script>\n<!-- \/ Yoast SEO plugin. -->","yoast_head_json":{"title":"MASTERKIDZ Skaidri ab\u0117c\u0117l\u0117 \u2013 52 spalvotos raid\u0117s LED panel\u0117ms","description":"MASTERKIDZ Skaidri ab\u0117c\u0117l\u0117 \u2013 52 spalvotos raid\u0117s LED panel\u0117ms - KidsPlay. Did\u017eiausias vaik\u0173 \u017eaisl\u0173 pasirinkimas.","robots":{"index":"index","follow":"follow","max-snippet":"max-snippet:-1","max-image-preview":"max-image-preview:large","max-video-preview":"max-video-preview:-1"},"canonical":"https:\/\/kidsplay.lt\/lv\/products\/masterkidz-skaidri-abecele-52-spalvotos-raides-led-panelems\/","og_locale":"lv_LV","og_type":"article","og_title":"MASTERKIDZ Skaidri ab\u0117c\u0117l\u0117 \u2013 52 spalvotos raid\u0117s LED panel\u0117ms","og_description":"MASTERKIDZ Skaidri ab\u0117c\u0117l\u0117 \u2013 52 spalvotos raid\u0117s LED panel\u0117ms - KidsPlay. Did\u017eiausias vaik\u0173 \u017eaisl\u0173 pasirinkimas.","og_url":"https:\/\/kidsplay.lt\/lv\/products\/masterkidz-skaidri-abecele-52-spalvotos-raides-led-panelems\/","og_site_name":"KidsPlay","article_publisher":"https:\/\/www.facebook.com\/www.kidsplay.lt","article_modified_time":"2026-04-07T06:49:43+00:00","og_image":[{"width":1000,"height":1000,"url":"https:\/\/kidsplay.lt\/wp-content\/uploads\/2026\/02\/MASTERKIDZ-Skaidri-abecele-\u2013-52-spalvotos-raides-LED-panelems.jpg","type":"image\/jpeg"}],"twitter_card":"summary_large_image","twitter_misc":{"Est. reading time":"1 min\u016bte"},"schema":{"@context":"https:\/\/schema.org","@graph":[{"@type":"WebPage","@id":"https:\/\/kidsplay.lt\/produktas\/masterkidz-skaidri-abecele-52-spalvotos-raides-led-panelems\/","url":"https:\/\/kidsplay.lt\/produktas\/masterkidz-skaidri-abecele-52-spalvotos-raides-led-panelems\/","name":"MASTERKIDZ Skaidri ab\u0117c\u0117l\u0117 \u2013 52 spalvotos raid\u0117s LED panel\u0117ms","isPartOf":{"@id":"https:\/\/kidsplay.lt\/#website"},"primaryImageOfPage":{"@id":"https:\/\/kidsplay.lt\/produktas\/masterkidz-skaidri-abecele-52-spalvotos-raides-led-panelems\/#primaryimage"},"image":{"@id":"https:\/\/kidsplay.lt\/produktas\/masterkidz-skaidri-abecele-52-spalvotos-raides-led-panelems\/#primaryimage"},"thumbnailUrl":"https:\/\/kidsplay.lt\/wp-content\/uploads\/2026\/02\/MASTERKIDZ-Skaidri-abecele-\u2013-52-spalvotos-raides-LED-panelems.jpg","datePublished":"2026-02-22T11:17:51+00:00","dateModified":"2026-04-07T06:49:43+00:00","description":"MASTERKIDZ Skaidri ab\u0117c\u0117l\u0117 \u2013 52 spalvotos raid\u0117s LED panel\u0117ms - KidsPlay. Did\u017eiausias vaik\u0173 \u017eaisl\u0173 pasirinkimas.","breadcrumb":{"@id":"https:\/\/kidsplay.lt\/produktas\/masterkidz-skaidri-abecele-52-spalvotos-raides-led-panelems\/#breadcrumb"},"inLanguage":"lv-LV","potentialAction":[{"@type":"ReadAction","target":["https:\/\/kidsplay.lt\/produktas\/masterkidz-skaidri-abecele-52-spalvotos-raides-led-panelems\/"]}]},{"@type":"ImageObject","inLanguage":"lv-LV","@id":"https:\/\/kidsplay.lt\/produktas\/masterkidz-skaidri-abecele-52-spalvotos-raides-led-panelems\/#primaryimage","url":"https:\/\/kidsplay.lt\/wp-content\/uploads\/2026\/02\/MASTERKIDZ-Skaidri-abecele-\u2013-52-spalvotos-raides-LED-panelems.jpg","contentUrl":"https:\/\/kidsplay.lt\/wp-content\/uploads\/2026\/02\/MASTERKIDZ-Skaidri-abecele-\u2013-52-spalvotos-raides-LED-panelems.jpg","width":1000,"height":1000,"caption":"MASTERKIDZ Skaidri ab\u0117c\u0117l\u0117 \u2013 52 spalvotos raid\u0117s LED panel\u0117ms"},{"@type":"BreadcrumbList","@id":"https:\/\/kidsplay.lt\/produktas\/masterkidz-skaidri-abecele-52-spalvotos-raides-led-panelems\/#breadcrumb","itemListElement":[{"@type":"ListItem","position":1,"name":"Pagrindinis","item":"https:\/\/kidsplay.lt\/"},{"@type":"ListItem","position":2,"name":"Parduotuv\u0117","item":"https:\/\/kidsplay.lt\/parduotuve\/"},{"@type":"ListItem","position":3,"name":"MASTERKIDZ Skaidri ab\u0117c\u0117l\u0117 \u2013 52 spalvotos raid\u0117s LED panel\u0117ms"}]},{"@type":"WebSite","@id":"https:\/\/kidsplay.lt\/#website","url":"https:\/\/kidsplay.lt\/","name":"B\u0113rnu sp\u0113les.lv","description":"\u012evairios prek\u0117s vaikams","publisher":{"@id":"https:\/\/kidsplay.lt\/#organization"},"alternateName":"Kidsplay","potentialAction":[{"@type":"SearchAction","target":{"@type":"EntryPoint","urlTemplate":"https:\/\/kidsplay.lt\/?s={search_term_string}"},"query-input":{"@type":"PropertyValueSpecification","valueRequired":true,"valueName":"search_term_string"}}],"inLanguage":"lv-LV"},{"@type":"Organization","@id":"https:\/\/kidsplay.lt\/#organization","name":"B\u0113rnu sp\u0113le","url":"https:\/\/kidsplay.lt\/","logo":{"@type":"ImageObject","inLanguage":"lv-LV","@id":"https:\/\/kidsplay.lt\/#\/schema\/logo\/image\/","url":"https:\/\/kidsplay.lt\/wp-content\/uploads\/2023\/07\/kidsplay-logo.png","contentUrl":"https:\/\/kidsplay.lt\/wp-content\/uploads\/2023\/07\/kidsplay-logo.png","width":451,"height":98,"caption":"KidsPlay"},"image":{"@id":"https:\/\/kidsplay.lt\/#\/schema\/logo\/image\/"},"sameAs":["https:\/\/www.facebook.com\/www.kidsplay.lt"]}]}},"_links":{"self":[{"href":"https:\/\/kidsplay.lt\/lv\/wp-json\/wp\/v2\/product\/84708","targetHints":{"allow":["GET"]}}],"collection":[{"href":"https:\/\/kidsplay.lt\/lv\/wp-json\/wp\/v2\/product"}],"about":[{"href":"https:\/\/kidsplay.lt\/lv\/wp-json\/wp\/v2\/types\/product"}],"version-history":[{"count":1,"href":"https:\/\/kidsplay.lt\/lv\/wp-json\/wp\/v2\/product\/84708\/revisions"}],"predecessor-version":[{"id":84709,"href":"https:\/\/kidsplay.lt\/lv\/wp-json\/wp\/v2\/product\/84708\/revisions\/84709"}],"wp:featuredmedia":[{"embeddable":true,"href":"https:\/\/kidsplay.lt\/lv\/wp-json\/wp\/v2\/media\/84710"}],"wp:attachment":[{"href":"https:\/\/kidsplay.lt\/lv\/wp-json\/wp\/v2\/media?parent=84708"}],"wp:term":[{"taxonomy":"product_brand","embeddable":true,"href":"https:\/\/kidsplay.lt\/lv\/wp-json\/wp\/v2\/product_brand?post=84708"},{"taxonomy":"product_cat","embeddable":true,"href":"https:\/\/kidsplay.lt\/lv\/wp-json\/wp\/v2\/product_cat?post=84708"},{"taxonomy":"product_tag","embeddable":true,"href":"https:\/\/kidsplay.lt\/lv\/wp-json\/wp\/v2\/product_tag?post=84708"}],"curies":[{"name":"wp","href":"https:\/\/api.w.org\/{rel}","templated":true}]}}