{"id":84724,"date":"2026-02-22T13:18:40","date_gmt":"2026-02-22T11:18:40","guid":{"rendered":"https:\/\/kidsplay.lt\/produktas\/masterkidz-5-mediniu-paletes-su-spalvotais-lesiais\/"},"modified":"2026-04-07T09:49:49","modified_gmt":"2026-04-07T06:49:49","slug":"masterkidz-5-mediniu-paletes-su-spalvotais-lesiais","status":"publish","type":"product","link":"https:\/\/kidsplay.lt\/lv\/products\/masterkidz-5-mediniu-paletes-su-spalvotais-lesiais\/","title":{"rendered":"MASTERKIDZ 5 koka paletes ar kr\u0101sain\u0101m l\u0113c\u0101m"},"content":{"rendered":"<p>Atraskite kartu su vaiku \u012fsp\u016bding\u0105 mokslo pasaul\u012f su unikaliu steb\u0117jimo rinkiniu i\u0161 garsaus prek\u0117s \u017eenklo Masterkidz, kuris paprast\u0105 \u017eaidim\u0105 paver\u010dia tikra fizikos pamoka! Penki tvirti mediniai \u012frankiai leid\u017eia ma\u017eiesiems eksperimentuoti mai\u0161ant pagrindines spalvas, steb\u0117ti gamt\u0105 per didinam\u0105j\u012f stikl\u0105 ir tyrin\u0117ti savo emocijas saugiame veidrodyje.<br \/>\nErgonomi\u0161ka forma puikiai tinka ma\u017eoms rankyt\u0117ms, o \u017eaismingos grafikos ant ranken\u0173 padeda intuityviai suprasti kiekvieno \u012frankio paskirt\u012f. D\u0117l auk\u0161tos kokyb\u0117s gamybos ir ekologi\u0161k\u0173 med\u017eiag\u0173 rinkinys puikiai tinka ilgoms valandoms smagi\u0173 eksperiment\u0173 tiek viduje, tiek lauke. Tai puiki dovana, sujungianti ner\u016bpesting\u0105 \u017eaidim\u0105 su vertingu sensoriniu ugdymu ir \u017eadinanti nat\u016bral\u0173 vaiko smalsum\u0105.<br \/>\nFunkcijas:<\/p>\n<p>skirtas vaikams nuo 3 met\u0173<\/p>\n<p>rankenos pagamintos i\u0161 auk\u0161tos kokyb\u0117s, kruop\u0161\u010diai nu\u0161lifuotos medienos \u2013 patvarios ir saugios<\/p>\n<p>u\u017eapvalinti kra\u0161tai ir saugios, ned\u016b\u017etan\u010dios med\u017eiagos (veidrodis)<\/p>\n<p>lengva konstrukcija, pritaikyta ma\u017e\u0173 vaik\u0173 rankoms<\/p>\n<p>kiekvienas elementas turi skylut\u0119 rankenoje \u2013 patogu pakabinti ant kabliuko ar edukacin\u0117s lentos<\/p>\n<p>Rinkin\u012f sudaro:<\/p>\n<p>1 x didinamasis stiklas su geltonu l\u0119\u0161iu \u2013 pasauliui \u0161iltomis spalvomis steb\u0117ti<\/p>\n<p>1 x didinamasis stiklas su raudonu l\u0119\u0161iu \u2013 spalv\u0173 eksperimentams<\/p>\n<p>1 x didinamasis stiklas su m\u0117lynu l\u0119\u0161iu \u2013 tyrin\u0117ti \u0161altus atspalvius<\/p>\n<p>1 x klasikinis didinamasis stiklas su vabzd\u017ei\u0173 grafika \u2013 gamtos steb\u0117jimui<\/p>\n<p>1 x saugus veidrodis su veidelio grafika \u2013 mimik\u0173 ir emocij\u0173 pa\u017einimui<\/p>\n<p>\u017daislas lavina:<\/p>\n<p>vizualin\u012f suvokim\u0105<\/p>\n<p>prie\u017easties ir pasekm\u0117s supratim\u0105<\/p>\n<p>nat\u016bral\u0173 smalsum\u0105<\/p>\n<p>emocin\u012f intelekt\u0105<\/p>\n<p>smulki\u0105j\u0105 motorik\u0105<\/p>","protected":false},"excerpt":{"rendered":"<p>Atraskite kartu su vaiku \u012fsp\u016bding\u0105 mokslo pasaul\u012f su unikaliu steb\u0117jimo rinkiniu i\u0161 garsaus prek\u0117s \u017eenklo Masterkidz, kuris paprast\u0105 \u017eaidim\u0105 paver\u010dia<\/p>","protected":false},"featured_media":84726,"template":"","meta":{"_acf_changed":false,"_glsr_average":0,"_glsr_ranking":0,"_glsr_reviews":0},"product_brand":[],"product_cat":[673,229],"product_tag":[],"class_list":{"0":"post-84724","1":"product","2":"type-product","3":"status-publish","4":"has-post-thumbnail","6":"product_cat-ugdomosios-priemones","7":"product_cat-zaislai-vaikams","8":"\"style=\"background-color: #2ecc711c;\"","10":"first","11":"instock","12":"purchasable","13":"product-type-simple"},"acf":[],"yoast_head":"<!-- This site is optimized with the Yoast SEO plugin v27.3 - https:\/\/yoast.com\/product\/yoast-seo-wordpress\/ -->\n<title>MASTERKIDZ 5 medini\u0173 palet\u0117s su spalvotais l\u0119\u0161iais<\/title>\n<meta name=\"description\" content=\"MASTERKIDZ 5 medini\u0173 palet\u0117s su spalvotais l\u0119\u0161iais - KidsPlay. Did\u017eiausias vaik\u0173 \u017eaisl\u0173 pasirinkimas.\" \/>\n<meta name=\"robots\" content=\"index, follow, max-snippet:-1, max-image-preview:large, max-video-preview:-1\" \/>\n<link rel=\"canonical\" href=\"https:\/\/kidsplay.lt\/lv\/products\/masterkidz-5-mediniu-paletes-su-spalvotais-lesiais\/\" \/>\n<meta property=\"og:locale\" content=\"lv_LV\" \/>\n<meta property=\"og:type\" content=\"article\" \/>\n<meta property=\"og:title\" content=\"MASTERKIDZ 5 medini\u0173 palet\u0117s su spalvotais l\u0119\u0161iais\" \/>\n<meta property=\"og:description\" content=\"MASTERKIDZ 5 medini\u0173 palet\u0117s su spalvotais l\u0119\u0161iais - KidsPlay. Did\u017eiausias vaik\u0173 \u017eaisl\u0173 pasirinkimas.\" \/>\n<meta property=\"og:url\" content=\"https:\/\/kidsplay.lt\/lv\/products\/masterkidz-5-mediniu-paletes-su-spalvotais-lesiais\/\" \/>\n<meta property=\"og:site_name\" content=\"KidsPlay\" \/>\n<meta property=\"article:publisher\" content=\"https:\/\/www.facebook.com\/www.kidsplay.lt\" \/>\n<meta property=\"article:modified_time\" content=\"2026-04-07T06:49:49+00:00\" \/>\n<meta property=\"og:image\" content=\"https:\/\/kidsplay.lt\/wp-content\/uploads\/2026\/02\/MASTERKIDZ-5-mediniu-paletes-su-spalvotais-lesiais.jpg\" \/>\n\t<meta property=\"og:image:width\" content=\"1000\" \/>\n\t<meta property=\"og:image:height\" content=\"1000\" \/>\n\t<meta property=\"og:image:type\" content=\"image\/jpeg\" \/>\n<meta name=\"twitter:card\" content=\"summary_large_image\" \/>\n<meta name=\"twitter:label1\" content=\"Est. reading time\" \/>\n\t<meta name=\"twitter:data1\" content=\"1 min\u016bte\" \/>\n<script type=\"application\/ld+json\" class=\"yoast-schema-graph\">{\"@context\":\"https:\\\/\\\/schema.org\",\"@graph\":[{\"@type\":\"WebPage\",\"@id\":\"https:\\\/\\\/kidsplay.lt\\\/produktas\\\/masterkidz-5-mediniu-paletes-su-spalvotais-lesiais\\\/\",\"url\":\"https:\\\/\\\/kidsplay.lt\\\/produktas\\\/masterkidz-5-mediniu-paletes-su-spalvotais-lesiais\\\/\",\"name\":\"MASTERKIDZ 5 medini\u0173 palet\u0117s su spalvotais l\u0119\u0161iais\",\"isPartOf\":{\"@id\":\"https:\\\/\\\/kidsplay.lt\\\/#website\"},\"primaryImageOfPage\":{\"@id\":\"https:\\\/\\\/kidsplay.lt\\\/produktas\\\/masterkidz-5-mediniu-paletes-su-spalvotais-lesiais\\\/#primaryimage\"},\"image\":{\"@id\":\"https:\\\/\\\/kidsplay.lt\\\/produktas\\\/masterkidz-5-mediniu-paletes-su-spalvotais-lesiais\\\/#primaryimage\"},\"thumbnailUrl\":\"https:\\\/\\\/kidsplay.lt\\\/wp-content\\\/uploads\\\/2026\\\/02\\\/MASTERKIDZ-5-mediniu-paletes-su-spalvotais-lesiais.jpg\",\"datePublished\":\"2026-02-22T11:18:40+00:00\",\"dateModified\":\"2026-04-07T06:49:49+00:00\",\"description\":\"MASTERKIDZ 5 medini\u0173 palet\u0117s su spalvotais l\u0119\u0161iais - KidsPlay. Did\u017eiausias vaik\u0173 \u017eaisl\u0173 pasirinkimas.\",\"breadcrumb\":{\"@id\":\"https:\\\/\\\/kidsplay.lt\\\/produktas\\\/masterkidz-5-mediniu-paletes-su-spalvotais-lesiais\\\/#breadcrumb\"},\"inLanguage\":\"lv-LV\",\"potentialAction\":[{\"@type\":\"ReadAction\",\"target\":[\"https:\\\/\\\/kidsplay.lt\\\/produktas\\\/masterkidz-5-mediniu-paletes-su-spalvotais-lesiais\\\/\"]}]},{\"@type\":\"ImageObject\",\"inLanguage\":\"lv-LV\",\"@id\":\"https:\\\/\\\/kidsplay.lt\\\/produktas\\\/masterkidz-5-mediniu-paletes-su-spalvotais-lesiais\\\/#primaryimage\",\"url\":\"https:\\\/\\\/kidsplay.lt\\\/wp-content\\\/uploads\\\/2026\\\/02\\\/MASTERKIDZ-5-mediniu-paletes-su-spalvotais-lesiais.jpg\",\"contentUrl\":\"https:\\\/\\\/kidsplay.lt\\\/wp-content\\\/uploads\\\/2026\\\/02\\\/MASTERKIDZ-5-mediniu-paletes-su-spalvotais-lesiais.jpg\",\"width\":1000,\"height\":1000,\"caption\":\"MASTERKIDZ 5 medini\u0173 palet\u0117s su spalvotais l\u0119\u0161iais\"},{\"@type\":\"BreadcrumbList\",\"@id\":\"https:\\\/\\\/kidsplay.lt\\\/produktas\\\/masterkidz-5-mediniu-paletes-su-spalvotais-lesiais\\\/#breadcrumb\",\"itemListElement\":[{\"@type\":\"ListItem\",\"position\":1,\"name\":\"Pagrindinis\",\"item\":\"https:\\\/\\\/kidsplay.lt\\\/\"},{\"@type\":\"ListItem\",\"position\":2,\"name\":\"Parduotuv\u0117\",\"item\":\"https:\\\/\\\/kidsplay.lt\\\/parduotuve\\\/\"},{\"@type\":\"ListItem\",\"position\":3,\"name\":\"MASTERKIDZ 5 medini\u0173 palet\u0117s su spalvotais l\u0119\u0161iais\"}]},{\"@type\":\"WebSite\",\"@id\":\"https:\\\/\\\/kidsplay.lt\\\/#website\",\"url\":\"https:\\\/\\\/kidsplay.lt\\\/\",\"name\":\"Kidsplay.lt\",\"description\":\"\u012evairios prek\u0117s vaikams\",\"publisher\":{\"@id\":\"https:\\\/\\\/kidsplay.lt\\\/#organization\"},\"alternateName\":\"Kidsplay\",\"potentialAction\":[{\"@type\":\"SearchAction\",\"target\":{\"@type\":\"EntryPoint\",\"urlTemplate\":\"https:\\\/\\\/kidsplay.lt\\\/?s={search_term_string}\"},\"query-input\":{\"@type\":\"PropertyValueSpecification\",\"valueRequired\":true,\"valueName\":\"search_term_string\"}}],\"inLanguage\":\"lv-LV\"},{\"@type\":\"Organization\",\"@id\":\"https:\\\/\\\/kidsplay.lt\\\/#organization\",\"name\":\"KidsPlay\",\"url\":\"https:\\\/\\\/kidsplay.lt\\\/\",\"logo\":{\"@type\":\"ImageObject\",\"inLanguage\":\"lv-LV\",\"@id\":\"https:\\\/\\\/kidsplay.lt\\\/#\\\/schema\\\/logo\\\/image\\\/\",\"url\":\"https:\\\/\\\/kidsplay.lt\\\/wp-content\\\/uploads\\\/2023\\\/07\\\/kidsplay-logo.png\",\"contentUrl\":\"https:\\\/\\\/kidsplay.lt\\\/wp-content\\\/uploads\\\/2023\\\/07\\\/kidsplay-logo.png\",\"width\":451,\"height\":98,\"caption\":\"KidsPlay\"},\"image\":{\"@id\":\"https:\\\/\\\/kidsplay.lt\\\/#\\\/schema\\\/logo\\\/image\\\/\"},\"sameAs\":[\"https:\\\/\\\/www.facebook.com\\\/www.kidsplay.lt\"]}]}<\/script>\n<!-- \/ Yoast SEO plugin. -->","yoast_head_json":{"title":"MASTERKIDZ 5 koka paletes ar kr\u0101sain\u0101m l\u0113c\u0101m","description":"MASTERKIDZ 5 medini\u0173 palet\u0117s su spalvotais l\u0119\u0161iais - KidsPlay. Did\u017eiausias vaik\u0173 \u017eaisl\u0173 pasirinkimas.","robots":{"index":"index","follow":"follow","max-snippet":"max-snippet:-1","max-image-preview":"max-image-preview:large","max-video-preview":"max-video-preview:-1"},"canonical":"https:\/\/kidsplay.lt\/lv\/products\/masterkidz-5-mediniu-paletes-su-spalvotais-lesiais\/","og_locale":"lv_LV","og_type":"article","og_title":"MASTERKIDZ 5 medini\u0173 palet\u0117s su spalvotais l\u0119\u0161iais","og_description":"MASTERKIDZ 5 medini\u0173 palet\u0117s su spalvotais l\u0119\u0161iais - KidsPlay. Did\u017eiausias vaik\u0173 \u017eaisl\u0173 pasirinkimas.","og_url":"https:\/\/kidsplay.lt\/lv\/products\/masterkidz-5-mediniu-paletes-su-spalvotais-lesiais\/","og_site_name":"KidsPlay","article_publisher":"https:\/\/www.facebook.com\/www.kidsplay.lt","article_modified_time":"2026-04-07T06:49:49+00:00","og_image":[{"width":1000,"height":1000,"url":"https:\/\/kidsplay.lt\/wp-content\/uploads\/2026\/02\/MASTERKIDZ-5-mediniu-paletes-su-spalvotais-lesiais.jpg","type":"image\/jpeg"}],"twitter_card":"summary_large_image","twitter_misc":{"Est. reading time":"1 min\u016bte"},"schema":{"@context":"https:\/\/schema.org","@graph":[{"@type":"WebPage","@id":"https:\/\/kidsplay.lt\/produktas\/masterkidz-5-mediniu-paletes-su-spalvotais-lesiais\/","url":"https:\/\/kidsplay.lt\/produktas\/masterkidz-5-mediniu-paletes-su-spalvotais-lesiais\/","name":"MASTERKIDZ 5 koka paletes ar kr\u0101sain\u0101m l\u0113c\u0101m","isPartOf":{"@id":"https:\/\/kidsplay.lt\/#website"},"primaryImageOfPage":{"@id":"https:\/\/kidsplay.lt\/produktas\/masterkidz-5-mediniu-paletes-su-spalvotais-lesiais\/#primaryimage"},"image":{"@id":"https:\/\/kidsplay.lt\/produktas\/masterkidz-5-mediniu-paletes-su-spalvotais-lesiais\/#primaryimage"},"thumbnailUrl":"https:\/\/kidsplay.lt\/wp-content\/uploads\/2026\/02\/MASTERKIDZ-5-mediniu-paletes-su-spalvotais-lesiais.jpg","datePublished":"2026-02-22T11:18:40+00:00","dateModified":"2026-04-07T06:49:49+00:00","description":"MASTERKIDZ 5 medini\u0173 palet\u0117s su spalvotais l\u0119\u0161iais - KidsPlay. Did\u017eiausias vaik\u0173 \u017eaisl\u0173 pasirinkimas.","breadcrumb":{"@id":"https:\/\/kidsplay.lt\/produktas\/masterkidz-5-mediniu-paletes-su-spalvotais-lesiais\/#breadcrumb"},"inLanguage":"lv-LV","potentialAction":[{"@type":"ReadAction","target":["https:\/\/kidsplay.lt\/produktas\/masterkidz-5-mediniu-paletes-su-spalvotais-lesiais\/"]}]},{"@type":"ImageObject","inLanguage":"lv-LV","@id":"https:\/\/kidsplay.lt\/produktas\/masterkidz-5-mediniu-paletes-su-spalvotais-lesiais\/#primaryimage","url":"https:\/\/kidsplay.lt\/wp-content\/uploads\/2026\/02\/MASTERKIDZ-5-mediniu-paletes-su-spalvotais-lesiais.jpg","contentUrl":"https:\/\/kidsplay.lt\/wp-content\/uploads\/2026\/02\/MASTERKIDZ-5-mediniu-paletes-su-spalvotais-lesiais.jpg","width":1000,"height":1000,"caption":"MASTERKIDZ 5 medini\u0173 palet\u0117s su spalvotais l\u0119\u0161iais"},{"@type":"BreadcrumbList","@id":"https:\/\/kidsplay.lt\/produktas\/masterkidz-5-mediniu-paletes-su-spalvotais-lesiais\/#breadcrumb","itemListElement":[{"@type":"ListItem","position":1,"name":"Pagrindinis","item":"https:\/\/kidsplay.lt\/"},{"@type":"ListItem","position":2,"name":"Parduotuv\u0117","item":"https:\/\/kidsplay.lt\/parduotuve\/"},{"@type":"ListItem","position":3,"name":"MASTERKIDZ 5 medini\u0173 palet\u0117s su spalvotais l\u0119\u0161iais"}]},{"@type":"WebSite","@id":"https:\/\/kidsplay.lt\/#website","url":"https:\/\/kidsplay.lt\/","name":"B\u0113rnu sp\u0113les.lv","description":"\u012evairios prek\u0117s vaikams","publisher":{"@id":"https:\/\/kidsplay.lt\/#organization"},"alternateName":"Kidsplay","potentialAction":[{"@type":"SearchAction","target":{"@type":"EntryPoint","urlTemplate":"https:\/\/kidsplay.lt\/?s={search_term_string}"},"query-input":{"@type":"PropertyValueSpecification","valueRequired":true,"valueName":"search_term_string"}}],"inLanguage":"lv-LV"},{"@type":"Organization","@id":"https:\/\/kidsplay.lt\/#organization","name":"B\u0113rnu sp\u0113le","url":"https:\/\/kidsplay.lt\/","logo":{"@type":"ImageObject","inLanguage":"lv-LV","@id":"https:\/\/kidsplay.lt\/#\/schema\/logo\/image\/","url":"https:\/\/kidsplay.lt\/wp-content\/uploads\/2023\/07\/kidsplay-logo.png","contentUrl":"https:\/\/kidsplay.lt\/wp-content\/uploads\/2023\/07\/kidsplay-logo.png","width":451,"height":98,"caption":"KidsPlay"},"image":{"@id":"https:\/\/kidsplay.lt\/#\/schema\/logo\/image\/"},"sameAs":["https:\/\/www.facebook.com\/www.kidsplay.lt"]}]}},"_links":{"self":[{"href":"https:\/\/kidsplay.lt\/lv\/wp-json\/wp\/v2\/product\/84724","targetHints":{"allow":["GET"]}}],"collection":[{"href":"https:\/\/kidsplay.lt\/lv\/wp-json\/wp\/v2\/product"}],"about":[{"href":"https:\/\/kidsplay.lt\/lv\/wp-json\/wp\/v2\/types\/product"}],"version-history":[{"count":1,"href":"https:\/\/kidsplay.lt\/lv\/wp-json\/wp\/v2\/product\/84724\/revisions"}],"predecessor-version":[{"id":84725,"href":"https:\/\/kidsplay.lt\/lv\/wp-json\/wp\/v2\/product\/84724\/revisions\/84725"}],"wp:featuredmedia":[{"embeddable":true,"href":"https:\/\/kidsplay.lt\/lv\/wp-json\/wp\/v2\/media\/84726"}],"wp:attachment":[{"href":"https:\/\/kidsplay.lt\/lv\/wp-json\/wp\/v2\/media?parent=84724"}],"wp:term":[{"taxonomy":"product_brand","embeddable":true,"href":"https:\/\/kidsplay.lt\/lv\/wp-json\/wp\/v2\/product_brand?post=84724"},{"taxonomy":"product_cat","embeddable":true,"href":"https:\/\/kidsplay.lt\/lv\/wp-json\/wp\/v2\/product_cat?post=84724"},{"taxonomy":"product_tag","embeddable":true,"href":"https:\/\/kidsplay.lt\/lv\/wp-json\/wp\/v2\/product_tag?post=84724"}],"curies":[{"name":"wp","href":"https:\/\/api.w.org\/{rel}","templated":true}]}}