{"id":84745,"date":"2026-02-22T13:20:08","date_gmt":"2026-02-22T11:20:08","guid":{"rendered":"https:\/\/kidsplay.lt\/produktas\/masterkidz-bongu-muzikinis-instrumentas-bugnai-stem-priedams\/"},"modified":"2026-04-13T14:11:50","modified_gmt":"2026-04-13T11:11:50","slug":"masterkidz-bongu-muzikinis-instrumentas-bugnai-stem-priedams","status":"publish","type":"product","link":"https:\/\/kidsplay.lt\/lv\/products\/masterkidz-bongu-muzikinis-instrumentas-bugnai-stem-priedams\/","title":{"rendered":"MASTERKIDZ Bongo m\u016bzikas instruments \u2013 bungas STEM piederumiem"},"content":{"rendered":"<p>Atraskite ritmin\u012f bong\u0173 pasaul\u012f, montuojam\u0105 ant STEM panel\u0117s i\u0161 Masterkidz, kartu su vaiku \u2013 tai du tvirti b\u016bgneliai, kurie \u0161velniai stuksenant pir\u0161tais ar delnais skleid\u017eia skirtingus tonus, skatindami kurti savus ritmus ir improvizuotus koncertus. \u0160is panel\u0117s priedas leid\u017eia ma\u017eyliams eksperimentuoti su garsais \u017eaidim\u0173 aik\u0161tel\u0117je, dar\u017eelyje ar sode, ugdant meil\u0119 muzikai per \u017eaidim\u0105. D\u0117l pakreiptos konstrukcijos ir lengvo tvirtinimo prie STEM sienos jis puikiai tinka aktyviems tyrin\u0117tojams.<br \/>\nFunkcijas:<\/p>\n<p>skirtas vaikams nuo 3 met\u0173<\/p>\n<p>dviej\u0173 bong\u0173 rinkinys su skirtingais tonais \u2013 stuksenant centre ar kra\u0161tuose i\u0161gaunami \u012fvair\u016bs garsai<\/p>\n<p>pagamintas i\u0161 patvaraus HDPE plastiko \u2013 atsparus oro s\u0105lygoms, tinkamas naudoti lauke<\/p>\n<p>modulin\u0117 konstrukcija, tinkama tvirtinti prie sienos ar STEM ve\u017eim\u0117lio, reguliuojamo auk\u0161\u010dio<\/p>\n<p>pakreipta panel\u0117, leid\u017eianti lengvai pasiekti ma\u017eoms rankoms<\/p>\n<p>Rinkin\u012f sudaro:<\/p>\n<p>bong\u0173 rinkinys<\/p>\n<p>8 tvirtinimo var\u017etai<\/p>\n<p>Rota\u013clietu lav\u012bna:<\/p>\n<p>login\u012f m\u0105stym\u0105<\/p>\n<p>motorik\u0105<\/p>\n<p>ritma izj\u016bta<\/p>\n<p>koncentracij\u0105<\/p>\n<p>socialinius \u012fg\u016bd\u017eius<\/p>","protected":false},"excerpt":{"rendered":"<p>Atraskite ritmin\u012f bong\u0173 pasaul\u012f, montuojam\u0105 ant STEM panel\u0117s i\u0161 Masterkidz, kartu su vaiku \u2013 tai du tvirti b\u016bgneliai, kurie \u0161velniai<\/p>","protected":false},"featured_media":84747,"template":"","meta":{"_acf_changed":false,"_glsr_average":0,"_glsr_ranking":0,"_glsr_reviews":0},"product_brand":[],"product_cat":[673,229],"product_tag":[],"class_list":{"0":"post-84745","1":"product","2":"type-product","3":"status-publish","4":"has-post-thumbnail","6":"product_cat-ugdomosios-priemones","7":"product_cat-zaislai-vaikams","8":"\"style=\"background-color: #2ecc711c;\"","10":"first","11":"instock","12":"purchasable","13":"product-type-simple"},"acf":[],"yoast_head":"<!-- This site is optimized with the Yoast SEO plugin v27.4 - https:\/\/yoast.com\/product\/yoast-seo-wordpress\/ -->\n<title>MASTERKIDZ Bong\u0173 muzikinis instrumentas \u2013 b\u016bgnai STEM priedams<\/title>\n<meta name=\"description\" content=\"MASTERKIDZ Bong\u0173 muzikinis instrumentas \u2013 b\u016bgnai STEM priedams - KidsPlay. Did\u017eiausias vaik\u0173 \u017eaisl\u0173 pasirinkimas.\" \/>\n<meta name=\"robots\" content=\"index, follow, max-snippet:-1, max-image-preview:large, max-video-preview:-1\" \/>\n<link rel=\"canonical\" href=\"https:\/\/kidsplay.lt\/lv\/products\/masterkidz-bongu-muzikinis-instrumentas-bugnai-stem-priedams\/\" \/>\n<meta property=\"og:locale\" content=\"lv_LV\" \/>\n<meta property=\"og:type\" content=\"article\" \/>\n<meta property=\"og:title\" content=\"MASTERKIDZ Bong\u0173 muzikinis instrumentas \u2013 b\u016bgnai STEM priedams\" \/>\n<meta property=\"og:description\" content=\"MASTERKIDZ Bong\u0173 muzikinis instrumentas \u2013 b\u016bgnai STEM priedams - KidsPlay. Did\u017eiausias vaik\u0173 \u017eaisl\u0173 pasirinkimas.\" \/>\n<meta property=\"og:url\" content=\"https:\/\/kidsplay.lt\/lv\/products\/masterkidz-bongu-muzikinis-instrumentas-bugnai-stem-priedams\/\" \/>\n<meta property=\"og:site_name\" content=\"KidsPlay\" \/>\n<meta property=\"article:publisher\" content=\"https:\/\/www.facebook.com\/www.kidsplay.lt\" \/>\n<meta property=\"article:modified_time\" content=\"2026-04-13T11:11:50+00:00\" \/>\n<meta property=\"og:image\" content=\"https:\/\/kidsplay.lt\/wp-content\/uploads\/2026\/02\/MASTERKIDZ-Bongu-muzikinis-instrumentas-\u2013-bugnai-STEM-priedams.jpg\" \/>\n\t<meta property=\"og:image:width\" content=\"1000\" \/>\n\t<meta property=\"og:image:height\" content=\"1000\" \/>\n\t<meta property=\"og:image:type\" content=\"image\/jpeg\" \/>\n<meta name=\"twitter:card\" content=\"summary_large_image\" \/>\n<meta name=\"twitter:label1\" content=\"Est. reading time\" \/>\n\t<meta name=\"twitter:data1\" content=\"1 min\u016bte\" \/>\n<script type=\"application\/ld+json\" class=\"yoast-schema-graph\">{\"@context\":\"https:\\\/\\\/schema.org\",\"@graph\":[{\"@type\":\"WebPage\",\"@id\":\"https:\\\/\\\/kidsplay.lt\\\/produktas\\\/masterkidz-bongu-muzikinis-instrumentas-bugnai-stem-priedams\\\/\",\"url\":\"https:\\\/\\\/kidsplay.lt\\\/produktas\\\/masterkidz-bongu-muzikinis-instrumentas-bugnai-stem-priedams\\\/\",\"name\":\"MASTERKIDZ Bong\u0173 muzikinis instrumentas \u2013 b\u016bgnai STEM priedams\",\"isPartOf\":{\"@id\":\"https:\\\/\\\/kidsplay.lt\\\/#website\"},\"primaryImageOfPage\":{\"@id\":\"https:\\\/\\\/kidsplay.lt\\\/produktas\\\/masterkidz-bongu-muzikinis-instrumentas-bugnai-stem-priedams\\\/#primaryimage\"},\"image\":{\"@id\":\"https:\\\/\\\/kidsplay.lt\\\/produktas\\\/masterkidz-bongu-muzikinis-instrumentas-bugnai-stem-priedams\\\/#primaryimage\"},\"thumbnailUrl\":\"https:\\\/\\\/kidsplay.lt\\\/wp-content\\\/uploads\\\/2026\\\/02\\\/MASTERKIDZ-Bongu-muzikinis-instrumentas-\u2013-bugnai-STEM-priedams.jpg\",\"datePublished\":\"2026-02-22T11:20:08+00:00\",\"dateModified\":\"2026-04-13T11:11:50+00:00\",\"description\":\"MASTERKIDZ Bong\u0173 muzikinis instrumentas \u2013 b\u016bgnai STEM priedams - KidsPlay. Did\u017eiausias vaik\u0173 \u017eaisl\u0173 pasirinkimas.\",\"breadcrumb\":{\"@id\":\"https:\\\/\\\/kidsplay.lt\\\/produktas\\\/masterkidz-bongu-muzikinis-instrumentas-bugnai-stem-priedams\\\/#breadcrumb\"},\"inLanguage\":\"lv-LV\",\"potentialAction\":[{\"@type\":\"ReadAction\",\"target\":[\"https:\\\/\\\/kidsplay.lt\\\/produktas\\\/masterkidz-bongu-muzikinis-instrumentas-bugnai-stem-priedams\\\/\"]}]},{\"@type\":\"ImageObject\",\"inLanguage\":\"lv-LV\",\"@id\":\"https:\\\/\\\/kidsplay.lt\\\/produktas\\\/masterkidz-bongu-muzikinis-instrumentas-bugnai-stem-priedams\\\/#primaryimage\",\"url\":\"https:\\\/\\\/kidsplay.lt\\\/wp-content\\\/uploads\\\/2026\\\/02\\\/MASTERKIDZ-Bongu-muzikinis-instrumentas-\u2013-bugnai-STEM-priedams.jpg\",\"contentUrl\":\"https:\\\/\\\/kidsplay.lt\\\/wp-content\\\/uploads\\\/2026\\\/02\\\/MASTERKIDZ-Bongu-muzikinis-instrumentas-\u2013-bugnai-STEM-priedams.jpg\",\"width\":1000,\"height\":1000,\"caption\":\"MASTERKIDZ Bong\u0173 muzikinis instrumentas \u2013 b\u016bgnai STEM priedams\"},{\"@type\":\"BreadcrumbList\",\"@id\":\"https:\\\/\\\/kidsplay.lt\\\/produktas\\\/masterkidz-bongu-muzikinis-instrumentas-bugnai-stem-priedams\\\/#breadcrumb\",\"itemListElement\":[{\"@type\":\"ListItem\",\"position\":1,\"name\":\"Pagrindinis\",\"item\":\"https:\\\/\\\/kidsplay.lt\\\/\"},{\"@type\":\"ListItem\",\"position\":2,\"name\":\"Parduotuv\u0117\",\"item\":\"https:\\\/\\\/kidsplay.lt\\\/parduotuve\\\/\"},{\"@type\":\"ListItem\",\"position\":3,\"name\":\"MASTERKIDZ Bong\u0173 muzikinis instrumentas \u2013 b\u016bgnai STEM priedams\"}]},{\"@type\":\"WebSite\",\"@id\":\"https:\\\/\\\/kidsplay.lt\\\/#website\",\"url\":\"https:\\\/\\\/kidsplay.lt\\\/\",\"name\":\"Kidsplay.lt\",\"description\":\"\u012evairios prek\u0117s vaikams\",\"publisher\":{\"@id\":\"https:\\\/\\\/kidsplay.lt\\\/#organization\"},\"alternateName\":\"Kidsplay\",\"potentialAction\":[{\"@type\":\"SearchAction\",\"target\":{\"@type\":\"EntryPoint\",\"urlTemplate\":\"https:\\\/\\\/kidsplay.lt\\\/?s={search_term_string}\"},\"query-input\":{\"@type\":\"PropertyValueSpecification\",\"valueRequired\":true,\"valueName\":\"search_term_string\"}}],\"inLanguage\":\"lv-LV\"},{\"@type\":\"Organization\",\"@id\":\"https:\\\/\\\/kidsplay.lt\\\/#organization\",\"name\":\"KidsPlay\",\"url\":\"https:\\\/\\\/kidsplay.lt\\\/\",\"logo\":{\"@type\":\"ImageObject\",\"inLanguage\":\"lv-LV\",\"@id\":\"https:\\\/\\\/kidsplay.lt\\\/#\\\/schema\\\/logo\\\/image\\\/\",\"url\":\"https:\\\/\\\/kidsplay.lt\\\/wp-content\\\/uploads\\\/2023\\\/07\\\/kidsplay-logo.png\",\"contentUrl\":\"https:\\\/\\\/kidsplay.lt\\\/wp-content\\\/uploads\\\/2023\\\/07\\\/kidsplay-logo.png\",\"width\":451,\"height\":98,\"caption\":\"KidsPlay\"},\"image\":{\"@id\":\"https:\\\/\\\/kidsplay.lt\\\/#\\\/schema\\\/logo\\\/image\\\/\"},\"sameAs\":[\"https:\\\/\\\/www.facebook.com\\\/www.kidsplay.lt\"]}]}<\/script>\n<!-- \/ Yoast SEO plugin. -->","yoast_head_json":{"title":"MASTERKIDZ Bongo m\u016bzikas instruments \u2013 bungas STEM piederumiem","description":"MASTERKIDZ Bong\u0173 muzikinis instrumentas \u2013 b\u016bgnai STEM priedams - KidsPlay. Did\u017eiausias vaik\u0173 \u017eaisl\u0173 pasirinkimas.","robots":{"index":"index","follow":"follow","max-snippet":"max-snippet:-1","max-image-preview":"max-image-preview:large","max-video-preview":"max-video-preview:-1"},"canonical":"https:\/\/kidsplay.lt\/lv\/products\/masterkidz-bongu-muzikinis-instrumentas-bugnai-stem-priedams\/","og_locale":"lv_LV","og_type":"article","og_title":"MASTERKIDZ Bong\u0173 muzikinis instrumentas \u2013 b\u016bgnai STEM priedams","og_description":"MASTERKIDZ Bong\u0173 muzikinis instrumentas \u2013 b\u016bgnai STEM priedams - KidsPlay. Did\u017eiausias vaik\u0173 \u017eaisl\u0173 pasirinkimas.","og_url":"https:\/\/kidsplay.lt\/lv\/products\/masterkidz-bongu-muzikinis-instrumentas-bugnai-stem-priedams\/","og_site_name":"KidsPlay","article_publisher":"https:\/\/www.facebook.com\/www.kidsplay.lt","article_modified_time":"2026-04-13T11:11:50+00:00","og_image":[{"width":1000,"height":1000,"url":"https:\/\/kidsplay.lt\/wp-content\/uploads\/2026\/02\/MASTERKIDZ-Bongu-muzikinis-instrumentas-\u2013-bugnai-STEM-priedams.jpg","type":"image\/jpeg"}],"twitter_card":"summary_large_image","twitter_misc":{"Est. reading time":"1 min\u016bte"},"schema":{"@context":"https:\/\/schema.org","@graph":[{"@type":"WebPage","@id":"https:\/\/kidsplay.lt\/produktas\/masterkidz-bongu-muzikinis-instrumentas-bugnai-stem-priedams\/","url":"https:\/\/kidsplay.lt\/produktas\/masterkidz-bongu-muzikinis-instrumentas-bugnai-stem-priedams\/","name":"MASTERKIDZ Bongo m\u016bzikas instruments \u2013 bungas STEM piederumiem","isPartOf":{"@id":"https:\/\/kidsplay.lt\/#website"},"primaryImageOfPage":{"@id":"https:\/\/kidsplay.lt\/produktas\/masterkidz-bongu-muzikinis-instrumentas-bugnai-stem-priedams\/#primaryimage"},"image":{"@id":"https:\/\/kidsplay.lt\/produktas\/masterkidz-bongu-muzikinis-instrumentas-bugnai-stem-priedams\/#primaryimage"},"thumbnailUrl":"https:\/\/kidsplay.lt\/wp-content\/uploads\/2026\/02\/MASTERKIDZ-Bongu-muzikinis-instrumentas-\u2013-bugnai-STEM-priedams.jpg","datePublished":"2026-02-22T11:20:08+00:00","dateModified":"2026-04-13T11:11:50+00:00","description":"MASTERKIDZ Bong\u0173 muzikinis instrumentas \u2013 b\u016bgnai STEM priedams - KidsPlay. Did\u017eiausias vaik\u0173 \u017eaisl\u0173 pasirinkimas.","breadcrumb":{"@id":"https:\/\/kidsplay.lt\/produktas\/masterkidz-bongu-muzikinis-instrumentas-bugnai-stem-priedams\/#breadcrumb"},"inLanguage":"lv-LV","potentialAction":[{"@type":"ReadAction","target":["https:\/\/kidsplay.lt\/produktas\/masterkidz-bongu-muzikinis-instrumentas-bugnai-stem-priedams\/"]}]},{"@type":"ImageObject","inLanguage":"lv-LV","@id":"https:\/\/kidsplay.lt\/produktas\/masterkidz-bongu-muzikinis-instrumentas-bugnai-stem-priedams\/#primaryimage","url":"https:\/\/kidsplay.lt\/wp-content\/uploads\/2026\/02\/MASTERKIDZ-Bongu-muzikinis-instrumentas-\u2013-bugnai-STEM-priedams.jpg","contentUrl":"https:\/\/kidsplay.lt\/wp-content\/uploads\/2026\/02\/MASTERKIDZ-Bongu-muzikinis-instrumentas-\u2013-bugnai-STEM-priedams.jpg","width":1000,"height":1000,"caption":"MASTERKIDZ Bong\u0173 muzikinis instrumentas \u2013 b\u016bgnai STEM priedams"},{"@type":"BreadcrumbList","@id":"https:\/\/kidsplay.lt\/produktas\/masterkidz-bongu-muzikinis-instrumentas-bugnai-stem-priedams\/#breadcrumb","itemListElement":[{"@type":"ListItem","position":1,"name":"Pagrindinis","item":"https:\/\/kidsplay.lt\/"},{"@type":"ListItem","position":2,"name":"Parduotuv\u0117","item":"https:\/\/kidsplay.lt\/parduotuve\/"},{"@type":"ListItem","position":3,"name":"MASTERKIDZ Bong\u0173 muzikinis instrumentas \u2013 b\u016bgnai STEM priedams"}]},{"@type":"WebSite","@id":"https:\/\/kidsplay.lt\/#website","url":"https:\/\/kidsplay.lt\/","name":"B\u0113rnu sp\u0113les.lv","description":"\u012evairios prek\u0117s vaikams","publisher":{"@id":"https:\/\/kidsplay.lt\/#organization"},"alternateName":"Kidsplay","potentialAction":[{"@type":"SearchAction","target":{"@type":"EntryPoint","urlTemplate":"https:\/\/kidsplay.lt\/?s={search_term_string}"},"query-input":{"@type":"PropertyValueSpecification","valueRequired":true,"valueName":"search_term_string"}}],"inLanguage":"lv-LV"},{"@type":"Organization","@id":"https:\/\/kidsplay.lt\/#organization","name":"B\u0113rnu sp\u0113le","url":"https:\/\/kidsplay.lt\/","logo":{"@type":"ImageObject","inLanguage":"lv-LV","@id":"https:\/\/kidsplay.lt\/#\/schema\/logo\/image\/","url":"https:\/\/kidsplay.lt\/wp-content\/uploads\/2023\/07\/kidsplay-logo.png","contentUrl":"https:\/\/kidsplay.lt\/wp-content\/uploads\/2023\/07\/kidsplay-logo.png","width":451,"height":98,"caption":"KidsPlay"},"image":{"@id":"https:\/\/kidsplay.lt\/#\/schema\/logo\/image\/"},"sameAs":["https:\/\/www.facebook.com\/www.kidsplay.lt"]}]}},"_links":{"self":[{"href":"https:\/\/kidsplay.lt\/lv\/wp-json\/wp\/v2\/product\/84745","targetHints":{"allow":["GET"]}}],"collection":[{"href":"https:\/\/kidsplay.lt\/lv\/wp-json\/wp\/v2\/product"}],"about":[{"href":"https:\/\/kidsplay.lt\/lv\/wp-json\/wp\/v2\/types\/product"}],"version-history":[{"count":1,"href":"https:\/\/kidsplay.lt\/lv\/wp-json\/wp\/v2\/product\/84745\/revisions"}],"predecessor-version":[{"id":84746,"href":"https:\/\/kidsplay.lt\/lv\/wp-json\/wp\/v2\/product\/84745\/revisions\/84746"}],"wp:featuredmedia":[{"embeddable":true,"href":"https:\/\/kidsplay.lt\/lv\/wp-json\/wp\/v2\/media\/84747"}],"wp:attachment":[{"href":"https:\/\/kidsplay.lt\/lv\/wp-json\/wp\/v2\/media?parent=84745"}],"wp:term":[{"taxonomy":"product_brand","embeddable":true,"href":"https:\/\/kidsplay.lt\/lv\/wp-json\/wp\/v2\/product_brand?post=84745"},{"taxonomy":"product_cat","embeddable":true,"href":"https:\/\/kidsplay.lt\/lv\/wp-json\/wp\/v2\/product_cat?post=84745"},{"taxonomy":"product_tag","embeddable":true,"href":"https:\/\/kidsplay.lt\/lv\/wp-json\/wp\/v2\/product_tag?post=84745"}],"curies":[{"name":"wp","href":"https:\/\/api.w.org\/{rel}","templated":true}]}}