{"id":84830,"date":"2026-02-22T13:25:46","date_gmt":"2026-02-22T11:25:46","guid":{"rendered":"https:\/\/kidsplay.lt\/produktas\/big-paspiriama-ergonomiska-masinyte-azure-spalvos\/"},"modified":"2026-04-13T14:12:19","modified_gmt":"2026-04-13T11:12:19","slug":"big-paspiriama-ergonomiska-masinyte-azure-spalvos","status":"publish","type":"product","link":"https:\/\/kidsplay.lt\/lv\/products\/big-paspiriama-ergonomiska-masinyte-azure-spalvos\/","title":{"rendered":"LIELS ergonomisks skrejritenis debeszil\u0101 kr\u0101s\u0101"},"content":{"rendered":"<p>BIG Bobby Car Neo azure spalvos \u2013 ergonomi\u0161kas paspirtukas i\u0161 BIG-Spielwarenfabrik \u2013 puikus pasirinkimas ma\u017eiesiems vairuotojams. \u0160is paspirtukas derina saugum\u0105, komfort\u0105 ir modern\u0173 dizain\u0105, tod\u0117l vaikai gali m\u0117gautis smagiu jud\u0117jimu tiek viduje, tiek lauke.<br \/>\nFunkcijas:<\/p>\n<p>skirtas vaikams nuo 1 iki 5 met\u0173<\/p>\n<p>saugus vairavimas \u2013 neslystantis vairas u\u017etikrina tvirt\u0105 sukibim\u0105, o mechaninis signalas suteikia \u017eaidimui realisti\u0161kumo<\/p>\n<p>komfortas \u2013 specialiai profiliuota s\u0117dyn\u0117 su \u012fduba keliams leid\u017eia patogiai va\u017eiuoti net vyresniems vaikams<\/p>\n<p>tyl\u016bs ratai \u2013 sklandus ir tylus va\u017eiavimas, tinkamas naudoti tiek viduje, tiek lauke<\/p>\n<p>patvarumas \u2013 tvirta konstrukcija ir nusid\u0117v\u0117jimui atspar\u016bs ratai u\u017etikrina ilgaam\u017ei\u0161kum\u0105<\/p>\n<p>funkcionalumas \u2013 priekyje ir gale yra vilkimo kabliai, leid\u017eiantys prijungti papildomus priedus<\/p>\n<p>Rota\u013clietu lav\u012bna:<\/p>\n<p>motorin\u0119 koordinacij\u0105 \u2013 va\u017ein\u0117jimas paspirtuku padeda lavinti judesius ir pusiausvyr\u0105<\/p>\n<p>savaranki\u0161kum\u0105 ir pasitik\u0117jim\u0105 savimi \u2013 vaikai mokosi valdyti judesius ir vairuoti<\/p>\n<p>vaizduot\u0119 ir k\u016brybi\u0161kum\u0105 \u2013 \u017eaid\u017eiant galima kurti \u012fvairias situacijas<\/p>\n<p>fizin\u012f aktyvum\u0105 \u2013 skatina jud\u0117jim\u0105 ir sveik\u0105 gyvenimo b\u016bd\u0105<\/p>","protected":false},"excerpt":{"rendered":"<p>BIG Bobby Car Neo azure spalvos \u2013 ergonomi\u0161kas paspirtukas i\u0161 BIG-Spielwarenfabrik \u2013 puikus pasirinkimas ma\u017eiesiems vairuotojams. \u0160is paspirtukas derina saugum\u0105,<\/p>","protected":false},"featured_media":84832,"template":"","meta":{"_acf_changed":false,"_glsr_average":0,"_glsr_ranking":0,"_glsr_reviews":0},"product_brand":[],"product_cat":[237,238],"product_tag":[],"class_list":{"0":"post-84830","1":"product","2":"type-product","3":"status-publish","4":"has-post-thumbnail","6":"product_cat-judejimo-priemones","7":"product_cat-stumdomos-masineles","8":"\"style=\"background-color: #2ecc711c;\"","10":"first","11":"instock","12":"purchasable","13":"product-type-simple"},"acf":[],"yoast_head":"<!-- This site is optimized with the Yoast SEO plugin v27.4 - https:\/\/yoast.com\/product\/yoast-seo-wordpress\/ -->\n<title>BIG paspiriama ergonomi\u0161ka ma\u0161inyt\u0117 azure spalvos<\/title>\n<meta name=\"description\" content=\"BIG paspiriama ergonomi\u0161ka ma\u0161inyt\u0117 azure spalvos - KidsPlay. Did\u017eiausias vaik\u0173 \u017eaisl\u0173 pasirinkimas.\" \/>\n<meta name=\"robots\" content=\"index, follow, max-snippet:-1, max-image-preview:large, max-video-preview:-1\" \/>\n<link rel=\"canonical\" href=\"https:\/\/kidsplay.lt\/lv\/products\/big-paspiriama-ergonomiska-masinyte-azure-spalvos\/\" \/>\n<meta property=\"og:locale\" content=\"lv_LV\" \/>\n<meta property=\"og:type\" content=\"article\" \/>\n<meta property=\"og:title\" content=\"BIG paspiriama ergonomi\u0161ka ma\u0161inyt\u0117 azure spalvos\" \/>\n<meta property=\"og:description\" content=\"BIG paspiriama ergonomi\u0161ka ma\u0161inyt\u0117 azure spalvos - KidsPlay. Did\u017eiausias vaik\u0173 \u017eaisl\u0173 pasirinkimas.\" \/>\n<meta property=\"og:url\" content=\"https:\/\/kidsplay.lt\/lv\/products\/big-paspiriama-ergonomiska-masinyte-azure-spalvos\/\" \/>\n<meta property=\"og:site_name\" content=\"KidsPlay\" \/>\n<meta property=\"article:publisher\" content=\"https:\/\/www.facebook.com\/www.kidsplay.lt\" \/>\n<meta property=\"article:modified_time\" content=\"2026-04-13T11:12:19+00:00\" \/>\n<meta property=\"og:image\" content=\"https:\/\/kidsplay.lt\/wp-content\/uploads\/2026\/02\/BIG-paspiriama-ergonomiska-masinyte-azure-spalvos.jpg\" \/>\n\t<meta property=\"og:image:width\" content=\"2560\" \/>\n\t<meta property=\"og:image:height\" content=\"2169\" \/>\n\t<meta property=\"og:image:type\" content=\"image\/jpeg\" \/>\n<meta name=\"twitter:card\" content=\"summary_large_image\" \/>\n<meta name=\"twitter:label1\" content=\"Est. reading time\" \/>\n\t<meta name=\"twitter:data1\" content=\"1 min\u016bte\" \/>\n<script type=\"application\/ld+json\" class=\"yoast-schema-graph\">{\"@context\":\"https:\\\/\\\/schema.org\",\"@graph\":[{\"@type\":\"WebPage\",\"@id\":\"https:\\\/\\\/kidsplay.lt\\\/produktas\\\/big-paspiriama-ergonomiska-masinyte-azure-spalvos\\\/\",\"url\":\"https:\\\/\\\/kidsplay.lt\\\/produktas\\\/big-paspiriama-ergonomiska-masinyte-azure-spalvos\\\/\",\"name\":\"BIG paspiriama ergonomi\u0161ka ma\u0161inyt\u0117 azure spalvos\",\"isPartOf\":{\"@id\":\"https:\\\/\\\/kidsplay.lt\\\/#website\"},\"primaryImageOfPage\":{\"@id\":\"https:\\\/\\\/kidsplay.lt\\\/produktas\\\/big-paspiriama-ergonomiska-masinyte-azure-spalvos\\\/#primaryimage\"},\"image\":{\"@id\":\"https:\\\/\\\/kidsplay.lt\\\/produktas\\\/big-paspiriama-ergonomiska-masinyte-azure-spalvos\\\/#primaryimage\"},\"thumbnailUrl\":\"https:\\\/\\\/kidsplay.lt\\\/wp-content\\\/uploads\\\/2026\\\/02\\\/BIG-paspiriama-ergonomiska-masinyte-azure-spalvos.jpg\",\"datePublished\":\"2026-02-22T11:25:46+00:00\",\"dateModified\":\"2026-04-13T11:12:19+00:00\",\"description\":\"BIG paspiriama ergonomi\u0161ka ma\u0161inyt\u0117 azure spalvos - KidsPlay. Did\u017eiausias vaik\u0173 \u017eaisl\u0173 pasirinkimas.\",\"breadcrumb\":{\"@id\":\"https:\\\/\\\/kidsplay.lt\\\/produktas\\\/big-paspiriama-ergonomiska-masinyte-azure-spalvos\\\/#breadcrumb\"},\"inLanguage\":\"lv-LV\",\"potentialAction\":[{\"@type\":\"ReadAction\",\"target\":[\"https:\\\/\\\/kidsplay.lt\\\/produktas\\\/big-paspiriama-ergonomiska-masinyte-azure-spalvos\\\/\"]}]},{\"@type\":\"ImageObject\",\"inLanguage\":\"lv-LV\",\"@id\":\"https:\\\/\\\/kidsplay.lt\\\/produktas\\\/big-paspiriama-ergonomiska-masinyte-azure-spalvos\\\/#primaryimage\",\"url\":\"https:\\\/\\\/kidsplay.lt\\\/wp-content\\\/uploads\\\/2026\\\/02\\\/BIG-paspiriama-ergonomiska-masinyte-azure-spalvos.jpg\",\"contentUrl\":\"https:\\\/\\\/kidsplay.lt\\\/wp-content\\\/uploads\\\/2026\\\/02\\\/BIG-paspiriama-ergonomiska-masinyte-azure-spalvos.jpg\",\"width\":2560,\"height\":2169,\"caption\":\"BIG paspiriama ergonomi\u0161ka ma\u0161inyt\u0117 azure spalvos\"},{\"@type\":\"BreadcrumbList\",\"@id\":\"https:\\\/\\\/kidsplay.lt\\\/produktas\\\/big-paspiriama-ergonomiska-masinyte-azure-spalvos\\\/#breadcrumb\",\"itemListElement\":[{\"@type\":\"ListItem\",\"position\":1,\"name\":\"Pagrindinis\",\"item\":\"https:\\\/\\\/kidsplay.lt\\\/\"},{\"@type\":\"ListItem\",\"position\":2,\"name\":\"Parduotuv\u0117\",\"item\":\"https:\\\/\\\/kidsplay.lt\\\/parduotuve\\\/\"},{\"@type\":\"ListItem\",\"position\":3,\"name\":\"BIG paspiriama ergonomi\u0161ka ma\u0161inyt\u0117 azure spalvos\"}]},{\"@type\":\"WebSite\",\"@id\":\"https:\\\/\\\/kidsplay.lt\\\/#website\",\"url\":\"https:\\\/\\\/kidsplay.lt\\\/\",\"name\":\"Kidsplay.lt\",\"description\":\"\u012evairios prek\u0117s vaikams\",\"publisher\":{\"@id\":\"https:\\\/\\\/kidsplay.lt\\\/#organization\"},\"alternateName\":\"Kidsplay\",\"potentialAction\":[{\"@type\":\"SearchAction\",\"target\":{\"@type\":\"EntryPoint\",\"urlTemplate\":\"https:\\\/\\\/kidsplay.lt\\\/?s={search_term_string}\"},\"query-input\":{\"@type\":\"PropertyValueSpecification\",\"valueRequired\":true,\"valueName\":\"search_term_string\"}}],\"inLanguage\":\"lv-LV\"},{\"@type\":\"Organization\",\"@id\":\"https:\\\/\\\/kidsplay.lt\\\/#organization\",\"name\":\"KidsPlay\",\"url\":\"https:\\\/\\\/kidsplay.lt\\\/\",\"logo\":{\"@type\":\"ImageObject\",\"inLanguage\":\"lv-LV\",\"@id\":\"https:\\\/\\\/kidsplay.lt\\\/#\\\/schema\\\/logo\\\/image\\\/\",\"url\":\"https:\\\/\\\/kidsplay.lt\\\/wp-content\\\/uploads\\\/2023\\\/07\\\/kidsplay-logo.png\",\"contentUrl\":\"https:\\\/\\\/kidsplay.lt\\\/wp-content\\\/uploads\\\/2023\\\/07\\\/kidsplay-logo.png\",\"width\":451,\"height\":98,\"caption\":\"KidsPlay\"},\"image\":{\"@id\":\"https:\\\/\\\/kidsplay.lt\\\/#\\\/schema\\\/logo\\\/image\\\/\"},\"sameAs\":[\"https:\\\/\\\/www.facebook.com\\\/www.kidsplay.lt\"]}]}<\/script>\n<!-- \/ Yoast SEO plugin. -->","yoast_head_json":{"title":"LIELS ergonomisks skrejritenis debeszil\u0101 kr\u0101s\u0101","description":"BIG paspiriama ergonomi\u0161ka ma\u0161inyt\u0117 azure spalvos - KidsPlay. Did\u017eiausias vaik\u0173 \u017eaisl\u0173 pasirinkimas.","robots":{"index":"index","follow":"follow","max-snippet":"max-snippet:-1","max-image-preview":"max-image-preview:large","max-video-preview":"max-video-preview:-1"},"canonical":"https:\/\/kidsplay.lt\/lv\/products\/big-paspiriama-ergonomiska-masinyte-azure-spalvos\/","og_locale":"lv_LV","og_type":"article","og_title":"BIG paspiriama ergonomi\u0161ka ma\u0161inyt\u0117 azure spalvos","og_description":"BIG paspiriama ergonomi\u0161ka ma\u0161inyt\u0117 azure spalvos - KidsPlay. Did\u017eiausias vaik\u0173 \u017eaisl\u0173 pasirinkimas.","og_url":"https:\/\/kidsplay.lt\/lv\/products\/big-paspiriama-ergonomiska-masinyte-azure-spalvos\/","og_site_name":"KidsPlay","article_publisher":"https:\/\/www.facebook.com\/www.kidsplay.lt","article_modified_time":"2026-04-13T11:12:19+00:00","og_image":[{"width":2560,"height":2169,"url":"https:\/\/kidsplay.lt\/wp-content\/uploads\/2026\/02\/BIG-paspiriama-ergonomiska-masinyte-azure-spalvos.jpg","type":"image\/jpeg"}],"twitter_card":"summary_large_image","twitter_misc":{"Est. reading time":"1 min\u016bte"},"schema":{"@context":"https:\/\/schema.org","@graph":[{"@type":"WebPage","@id":"https:\/\/kidsplay.lt\/produktas\/big-paspiriama-ergonomiska-masinyte-azure-spalvos\/","url":"https:\/\/kidsplay.lt\/produktas\/big-paspiriama-ergonomiska-masinyte-azure-spalvos\/","name":"LIELS ergonomisks skrejritenis debeszil\u0101 kr\u0101s\u0101","isPartOf":{"@id":"https:\/\/kidsplay.lt\/#website"},"primaryImageOfPage":{"@id":"https:\/\/kidsplay.lt\/produktas\/big-paspiriama-ergonomiska-masinyte-azure-spalvos\/#primaryimage"},"image":{"@id":"https:\/\/kidsplay.lt\/produktas\/big-paspiriama-ergonomiska-masinyte-azure-spalvos\/#primaryimage"},"thumbnailUrl":"https:\/\/kidsplay.lt\/wp-content\/uploads\/2026\/02\/BIG-paspiriama-ergonomiska-masinyte-azure-spalvos.jpg","datePublished":"2026-02-22T11:25:46+00:00","dateModified":"2026-04-13T11:12:19+00:00","description":"BIG paspiriama ergonomi\u0161ka ma\u0161inyt\u0117 azure spalvos - KidsPlay. Did\u017eiausias vaik\u0173 \u017eaisl\u0173 pasirinkimas.","breadcrumb":{"@id":"https:\/\/kidsplay.lt\/produktas\/big-paspiriama-ergonomiska-masinyte-azure-spalvos\/#breadcrumb"},"inLanguage":"lv-LV","potentialAction":[{"@type":"ReadAction","target":["https:\/\/kidsplay.lt\/produktas\/big-paspiriama-ergonomiska-masinyte-azure-spalvos\/"]}]},{"@type":"ImageObject","inLanguage":"lv-LV","@id":"https:\/\/kidsplay.lt\/produktas\/big-paspiriama-ergonomiska-masinyte-azure-spalvos\/#primaryimage","url":"https:\/\/kidsplay.lt\/wp-content\/uploads\/2026\/02\/BIG-paspiriama-ergonomiska-masinyte-azure-spalvos.jpg","contentUrl":"https:\/\/kidsplay.lt\/wp-content\/uploads\/2026\/02\/BIG-paspiriama-ergonomiska-masinyte-azure-spalvos.jpg","width":2560,"height":2169,"caption":"BIG paspiriama ergonomi\u0161ka ma\u0161inyt\u0117 azure spalvos"},{"@type":"BreadcrumbList","@id":"https:\/\/kidsplay.lt\/produktas\/big-paspiriama-ergonomiska-masinyte-azure-spalvos\/#breadcrumb","itemListElement":[{"@type":"ListItem","position":1,"name":"Pagrindinis","item":"https:\/\/kidsplay.lt\/"},{"@type":"ListItem","position":2,"name":"Parduotuv\u0117","item":"https:\/\/kidsplay.lt\/parduotuve\/"},{"@type":"ListItem","position":3,"name":"BIG paspiriama ergonomi\u0161ka ma\u0161inyt\u0117 azure spalvos"}]},{"@type":"WebSite","@id":"https:\/\/kidsplay.lt\/#website","url":"https:\/\/kidsplay.lt\/","name":"B\u0113rnu sp\u0113les.lv","description":"\u012evairios prek\u0117s vaikams","publisher":{"@id":"https:\/\/kidsplay.lt\/#organization"},"alternateName":"Kidsplay","potentialAction":[{"@type":"SearchAction","target":{"@type":"EntryPoint","urlTemplate":"https:\/\/kidsplay.lt\/?s={search_term_string}"},"query-input":{"@type":"PropertyValueSpecification","valueRequired":true,"valueName":"search_term_string"}}],"inLanguage":"lv-LV"},{"@type":"Organization","@id":"https:\/\/kidsplay.lt\/#organization","name":"B\u0113rnu sp\u0113le","url":"https:\/\/kidsplay.lt\/","logo":{"@type":"ImageObject","inLanguage":"lv-LV","@id":"https:\/\/kidsplay.lt\/#\/schema\/logo\/image\/","url":"https:\/\/kidsplay.lt\/wp-content\/uploads\/2023\/07\/kidsplay-logo.png","contentUrl":"https:\/\/kidsplay.lt\/wp-content\/uploads\/2023\/07\/kidsplay-logo.png","width":451,"height":98,"caption":"KidsPlay"},"image":{"@id":"https:\/\/kidsplay.lt\/#\/schema\/logo\/image\/"},"sameAs":["https:\/\/www.facebook.com\/www.kidsplay.lt"]}]}},"_links":{"self":[{"href":"https:\/\/kidsplay.lt\/lv\/wp-json\/wp\/v2\/product\/84830","targetHints":{"allow":["GET"]}}],"collection":[{"href":"https:\/\/kidsplay.lt\/lv\/wp-json\/wp\/v2\/product"}],"about":[{"href":"https:\/\/kidsplay.lt\/lv\/wp-json\/wp\/v2\/types\/product"}],"version-history":[{"count":1,"href":"https:\/\/kidsplay.lt\/lv\/wp-json\/wp\/v2\/product\/84830\/revisions"}],"predecessor-version":[{"id":84831,"href":"https:\/\/kidsplay.lt\/lv\/wp-json\/wp\/v2\/product\/84830\/revisions\/84831"}],"wp:featuredmedia":[{"embeddable":true,"href":"https:\/\/kidsplay.lt\/lv\/wp-json\/wp\/v2\/media\/84832"}],"wp:attachment":[{"href":"https:\/\/kidsplay.lt\/lv\/wp-json\/wp\/v2\/media?parent=84830"}],"wp:term":[{"taxonomy":"product_brand","embeddable":true,"href":"https:\/\/kidsplay.lt\/lv\/wp-json\/wp\/v2\/product_brand?post=84830"},{"taxonomy":"product_cat","embeddable":true,"href":"https:\/\/kidsplay.lt\/lv\/wp-json\/wp\/v2\/product_cat?post=84830"},{"taxonomy":"product_tag","embeddable":true,"href":"https:\/\/kidsplay.lt\/lv\/wp-json\/wp\/v2\/product_tag?post=84830"}],"curies":[{"name":"wp","href":"https:\/\/api.w.org\/{rel}","templated":true}]}}