{"id":84844,"date":"2026-02-22T13:26:23","date_gmt":"2026-02-22T11:26:23","guid":{"rendered":"https:\/\/kidsplay.lt\/produktas\/big-interaktyvus-vairas-su-8-garsais\/"},"modified":"2026-03-23T08:02:10","modified_gmt":"2026-03-23T06:02:10","slug":"big-interaktyvus-vairas-su-8-garsais","status":"publish","type":"product","link":"https:\/\/kidsplay.lt\/lv\/product\/big-interaktyvus-vairas-su-8-garsais\/","title":{"rendered":"LIELA interakt\u012bva st\u016bre ar 8 ska\u0146\u0101m"},"content":{"rendered":"<p>BIG Bobby Car Racing \u2013 tai pa\u017eangus vairas su \u0161viesos ir garso efektais, paver\u010diantis paprast\u0105 va\u017eiavim\u0105 tikromis lenktyn\u0117mis. \u012erengtas LED avarinis signalas, pos\u016bkiai ir priekiniai \u017eibintai suteikia itin realisti\u0161k\u0105 vairavimo patirt\u012f. Elektroninis garsinis signalas, radijas su BIG Bobby Car dainele ir \u017eaidim\u0173 telefonas leid\u017eia vaikams pasijusti tikrais vairuotojais. Centrinis u\u017eraktas ir u\u017evedimo mygtukas su tikrovi\u0161ku variklio garsu dar labiau sustiprina \u012fsitraukim\u0105. Tai idealus aksesuaras BIG Bobby Car paspirtukui, pakeliantis vaik\u0173 vairavimo \u017eaidimus \u012f visi\u0161kai nauj\u0105 lyg\u012f.<br \/>\nRaksturojums:<\/p>\n<p> \tDe\u0161in\u0117s ir kair\u0117s pus\u0117s LED avariniai \u017eibintai su \u0161viesos efektais<br \/>\n \tLED pos\u016bkiai (de\u0161inys + kairys)<br \/>\n \tRealisti\u0161ki priekiniai \u017eibintai<br \/>\n \tElektroninis garsinis signalas<br \/>\n \tIntegruotas radijas su BIG Bobby Car dainele<br \/>\n \tIntegruotas \u017eaidim\u0173 telefonas<br \/>\n \tCentrinis u\u017eraktas<br \/>\n \tStart\/stop mygtukas su tikrovi\u0161ku variklio garsu<br \/>\n \tTvirta konstrukcija \u2013 BIG prek\u0117s \u017eenklo kokyb\u0117<br \/>\n \tPakuot\u0117s matmenys: 19,3 \u00d7 19,3 \u00d7 10,5 cm<br \/>\n \tProdukto matmenys: 46 \u00d7 22,5 \u00d7 24 cm<\/p>\n<p>Rinkinyje yra:<\/p>\n<p> \tBIG Bobby Car Racing vairas su multimedijos pultu<br \/>\n \tLED modulis (avariniai \u017eibintai, pos\u016bkiai, priekiniai \u017eibintai)<br \/>\n \tGarso modulis (garsinis signalas, radijas, variklio garsas)<br \/>\n \tTvirtinimo elementai BIG Bobby Car paspirtukui<\/p>\n<p>\u017daislas lavina:<\/p>\n<p> \tVaizduot\u0119 ir k\u016brybin\u012f vaidmen\u0173 \u017eaidim\u0105<br \/>\n \tAki\u0173\u2013rank\u0173 koordinacij\u0105<br \/>\n \tRank\u0173 miklum\u0105 ir judesi\u0173 tikslum\u0105<br \/>\n \tPrie\u017easties\u2013pasekm\u0117s suvokim\u0105<br \/>\n \tSocialinius \u012fg\u016bd\u017eius \u017eaid\u017eiant \u201evairavimo\u201c \u017eaidimus<\/p>","protected":false},"excerpt":{"rendered":"<p>BIG Bobby Car Racing \u2013 tai pa\u017eangus vairas su \u0161viesos ir garso efektais, paver\u010diantis paprast\u0105 va\u017eiavim\u0105 tikromis lenktyn\u0117mis. \u012erengtas LED<\/p>","protected":false},"featured_media":84846,"template":"","meta":{"_acf_changed":false,"_glsr_average":0,"_glsr_ranking":0,"_glsr_reviews":0},"product_brand":[],"product_cat":[237,238],"product_tag":[],"class_list":{"0":"post-84844","1":"product","2":"type-product","3":"status-publish","4":"has-post-thumbnail","6":"product_cat-judejimo-priemones","7":"product_cat-stumdomos-masineles","8":"\"style=\"background-color: #2ecc711c;\"","10":"first","11":"outofstock","12":"purchasable","13":"product-type-simple"},"acf":[],"yoast_head":"<!-- This site is optimized with the Yoast SEO plugin v27.3 - https:\/\/yoast.com\/product\/yoast-seo-wordpress\/ -->\n<title>BIG interaktyvus vairas su 8 garsais<\/title>\n<meta name=\"description\" content=\"BIG interaktyvus vairas su 8 garsais - KidsPlay. Did\u017eiausias vaik\u0173 \u017eaisl\u0173 pasirinkimas.\" \/>\n<meta name=\"robots\" content=\"index, follow, max-snippet:-1, max-image-preview:large, max-video-preview:-1\" \/>\n<link rel=\"canonical\" href=\"https:\/\/kidsplay.lt\/lv\/product\/big-interaktyvus-vairas-su-8-garsais\/\" \/>\n<meta property=\"og:locale\" content=\"lv_LV\" \/>\n<meta property=\"og:type\" content=\"article\" \/>\n<meta property=\"og:title\" content=\"BIG interaktyvus vairas su 8 garsais\" \/>\n<meta property=\"og:description\" content=\"BIG interaktyvus vairas su 8 garsais - KidsPlay. Did\u017eiausias vaik\u0173 \u017eaisl\u0173 pasirinkimas.\" \/>\n<meta property=\"og:url\" content=\"https:\/\/kidsplay.lt\/lv\/product\/big-interaktyvus-vairas-su-8-garsais\/\" \/>\n<meta property=\"og:site_name\" content=\"KidsPlay\" \/>\n<meta property=\"article:publisher\" content=\"https:\/\/www.facebook.com\/www.kidsplay.lt\" \/>\n<meta property=\"article:modified_time\" content=\"2026-03-23T06:02:10+00:00\" \/>\n<meta property=\"og:image\" content=\"https:\/\/kidsplay.lt\/wp-content\/uploads\/2026\/02\/BIG-interaktyvus-vairas-su-8-garsais.jpg\" \/>\n\t<meta property=\"og:image:width\" content=\"1000\" \/>\n\t<meta property=\"og:image:height\" content=\"1000\" \/>\n\t<meta property=\"og:image:type\" content=\"image\/jpeg\" \/>\n<meta name=\"twitter:card\" content=\"summary_large_image\" \/>\n<meta name=\"twitter:label1\" content=\"Est. reading time\" \/>\n\t<meta name=\"twitter:data1\" content=\"1 min\u016bte\" \/>\n<script type=\"application\/ld+json\" class=\"yoast-schema-graph\">{\"@context\":\"https:\\\/\\\/schema.org\",\"@graph\":[{\"@type\":\"WebPage\",\"@id\":\"https:\\\/\\\/kidsplay.lt\\\/produktas\\\/big-interaktyvus-vairas-su-8-garsais\\\/\",\"url\":\"https:\\\/\\\/kidsplay.lt\\\/produktas\\\/big-interaktyvus-vairas-su-8-garsais\\\/\",\"name\":\"BIG interaktyvus vairas su 8 garsais\",\"isPartOf\":{\"@id\":\"https:\\\/\\\/kidsplay.lt\\\/#website\"},\"primaryImageOfPage\":{\"@id\":\"https:\\\/\\\/kidsplay.lt\\\/produktas\\\/big-interaktyvus-vairas-su-8-garsais\\\/#primaryimage\"},\"image\":{\"@id\":\"https:\\\/\\\/kidsplay.lt\\\/produktas\\\/big-interaktyvus-vairas-su-8-garsais\\\/#primaryimage\"},\"thumbnailUrl\":\"https:\\\/\\\/kidsplay.lt\\\/wp-content\\\/uploads\\\/2026\\\/02\\\/BIG-interaktyvus-vairas-su-8-garsais.jpg\",\"datePublished\":\"2026-02-22T11:26:23+00:00\",\"dateModified\":\"2026-03-23T06:02:10+00:00\",\"description\":\"BIG interaktyvus vairas su 8 garsais - KidsPlay. Did\u017eiausias vaik\u0173 \u017eaisl\u0173 pasirinkimas.\",\"breadcrumb\":{\"@id\":\"https:\\\/\\\/kidsplay.lt\\\/produktas\\\/big-interaktyvus-vairas-su-8-garsais\\\/#breadcrumb\"},\"inLanguage\":\"lv-LV\",\"potentialAction\":[{\"@type\":\"ReadAction\",\"target\":[\"https:\\\/\\\/kidsplay.lt\\\/produktas\\\/big-interaktyvus-vairas-su-8-garsais\\\/\"]}]},{\"@type\":\"ImageObject\",\"inLanguage\":\"lv-LV\",\"@id\":\"https:\\\/\\\/kidsplay.lt\\\/produktas\\\/big-interaktyvus-vairas-su-8-garsais\\\/#primaryimage\",\"url\":\"https:\\\/\\\/kidsplay.lt\\\/wp-content\\\/uploads\\\/2026\\\/02\\\/BIG-interaktyvus-vairas-su-8-garsais.jpg\",\"contentUrl\":\"https:\\\/\\\/kidsplay.lt\\\/wp-content\\\/uploads\\\/2026\\\/02\\\/BIG-interaktyvus-vairas-su-8-garsais.jpg\",\"width\":1000,\"height\":1000,\"caption\":\"BIG interaktyvus vairas su 8 garsais\"},{\"@type\":\"BreadcrumbList\",\"@id\":\"https:\\\/\\\/kidsplay.lt\\\/produktas\\\/big-interaktyvus-vairas-su-8-garsais\\\/#breadcrumb\",\"itemListElement\":[{\"@type\":\"ListItem\",\"position\":1,\"name\":\"Pagrindinis\",\"item\":\"https:\\\/\\\/kidsplay.lt\\\/\"},{\"@type\":\"ListItem\",\"position\":2,\"name\":\"Parduotuv\u0117\",\"item\":\"https:\\\/\\\/kidsplay.lt\\\/parduotuve\\\/\"},{\"@type\":\"ListItem\",\"position\":3,\"name\":\"BIG interaktyvus vairas su 8 garsais\"}]},{\"@type\":\"WebSite\",\"@id\":\"https:\\\/\\\/kidsplay.lt\\\/#website\",\"url\":\"https:\\\/\\\/kidsplay.lt\\\/\",\"name\":\"Kidsplay.lt\",\"description\":\"\u012evairios prek\u0117s vaikams\",\"publisher\":{\"@id\":\"https:\\\/\\\/kidsplay.lt\\\/#organization\"},\"alternateName\":\"Kidsplay\",\"potentialAction\":[{\"@type\":\"SearchAction\",\"target\":{\"@type\":\"EntryPoint\",\"urlTemplate\":\"https:\\\/\\\/kidsplay.lt\\\/?s={search_term_string}\"},\"query-input\":{\"@type\":\"PropertyValueSpecification\",\"valueRequired\":true,\"valueName\":\"search_term_string\"}}],\"inLanguage\":\"lv-LV\"},{\"@type\":\"Organization\",\"@id\":\"https:\\\/\\\/kidsplay.lt\\\/#organization\",\"name\":\"KidsPlay\",\"url\":\"https:\\\/\\\/kidsplay.lt\\\/\",\"logo\":{\"@type\":\"ImageObject\",\"inLanguage\":\"lv-LV\",\"@id\":\"https:\\\/\\\/kidsplay.lt\\\/#\\\/schema\\\/logo\\\/image\\\/\",\"url\":\"https:\\\/\\\/kidsplay.lt\\\/wp-content\\\/uploads\\\/2023\\\/07\\\/kidsplay-logo.png\",\"contentUrl\":\"https:\\\/\\\/kidsplay.lt\\\/wp-content\\\/uploads\\\/2023\\\/07\\\/kidsplay-logo.png\",\"width\":451,\"height\":98,\"caption\":\"KidsPlay\"},\"image\":{\"@id\":\"https:\\\/\\\/kidsplay.lt\\\/#\\\/schema\\\/logo\\\/image\\\/\"},\"sameAs\":[\"https:\\\/\\\/www.facebook.com\\\/www.kidsplay.lt\"]}]}<\/script>\n<!-- \/ Yoast SEO plugin. -->","yoast_head_json":{"title":"LIELA interakt\u012bva st\u016bre ar 8 ska\u0146\u0101m","description":"BIG interaktyvus vairas su 8 garsais - KidsPlay. Did\u017eiausias vaik\u0173 \u017eaisl\u0173 pasirinkimas.","robots":{"index":"index","follow":"follow","max-snippet":"max-snippet:-1","max-image-preview":"max-image-preview:large","max-video-preview":"max-video-preview:-1"},"canonical":"https:\/\/kidsplay.lt\/lv\/product\/big-interaktyvus-vairas-su-8-garsais\/","og_locale":"lv_LV","og_type":"article","og_title":"BIG interaktyvus vairas su 8 garsais","og_description":"BIG interaktyvus vairas su 8 garsais - KidsPlay. Did\u017eiausias vaik\u0173 \u017eaisl\u0173 pasirinkimas.","og_url":"https:\/\/kidsplay.lt\/lv\/product\/big-interaktyvus-vairas-su-8-garsais\/","og_site_name":"KidsPlay","article_publisher":"https:\/\/www.facebook.com\/www.kidsplay.lt","article_modified_time":"2026-03-23T06:02:10+00:00","og_image":[{"width":1000,"height":1000,"url":"https:\/\/kidsplay.lt\/wp-content\/uploads\/2026\/02\/BIG-interaktyvus-vairas-su-8-garsais.jpg","type":"image\/jpeg"}],"twitter_card":"summary_large_image","twitter_misc":{"Est. reading time":"1 min\u016bte"},"schema":{"@context":"https:\/\/schema.org","@graph":[{"@type":"WebPage","@id":"https:\/\/kidsplay.lt\/produktas\/big-interaktyvus-vairas-su-8-garsais\/","url":"https:\/\/kidsplay.lt\/produktas\/big-interaktyvus-vairas-su-8-garsais\/","name":"LIELA interakt\u012bva st\u016bre ar 8 ska\u0146\u0101m","isPartOf":{"@id":"https:\/\/kidsplay.lt\/#website"},"primaryImageOfPage":{"@id":"https:\/\/kidsplay.lt\/produktas\/big-interaktyvus-vairas-su-8-garsais\/#primaryimage"},"image":{"@id":"https:\/\/kidsplay.lt\/produktas\/big-interaktyvus-vairas-su-8-garsais\/#primaryimage"},"thumbnailUrl":"https:\/\/kidsplay.lt\/wp-content\/uploads\/2026\/02\/BIG-interaktyvus-vairas-su-8-garsais.jpg","datePublished":"2026-02-22T11:26:23+00:00","dateModified":"2026-03-23T06:02:10+00:00","description":"BIG interaktyvus vairas su 8 garsais - KidsPlay. Did\u017eiausias vaik\u0173 \u017eaisl\u0173 pasirinkimas.","breadcrumb":{"@id":"https:\/\/kidsplay.lt\/produktas\/big-interaktyvus-vairas-su-8-garsais\/#breadcrumb"},"inLanguage":"lv-LV","potentialAction":[{"@type":"ReadAction","target":["https:\/\/kidsplay.lt\/produktas\/big-interaktyvus-vairas-su-8-garsais\/"]}]},{"@type":"ImageObject","inLanguage":"lv-LV","@id":"https:\/\/kidsplay.lt\/produktas\/big-interaktyvus-vairas-su-8-garsais\/#primaryimage","url":"https:\/\/kidsplay.lt\/wp-content\/uploads\/2026\/02\/BIG-interaktyvus-vairas-su-8-garsais.jpg","contentUrl":"https:\/\/kidsplay.lt\/wp-content\/uploads\/2026\/02\/BIG-interaktyvus-vairas-su-8-garsais.jpg","width":1000,"height":1000,"caption":"BIG interaktyvus vairas su 8 garsais"},{"@type":"BreadcrumbList","@id":"https:\/\/kidsplay.lt\/produktas\/big-interaktyvus-vairas-su-8-garsais\/#breadcrumb","itemListElement":[{"@type":"ListItem","position":1,"name":"Pagrindinis","item":"https:\/\/kidsplay.lt\/"},{"@type":"ListItem","position":2,"name":"Parduotuv\u0117","item":"https:\/\/kidsplay.lt\/parduotuve\/"},{"@type":"ListItem","position":3,"name":"BIG interaktyvus vairas su 8 garsais"}]},{"@type":"WebSite","@id":"https:\/\/kidsplay.lt\/#website","url":"https:\/\/kidsplay.lt\/","name":"B\u0113rnu sp\u0113les.lv","description":"\u012evairios prek\u0117s vaikams","publisher":{"@id":"https:\/\/kidsplay.lt\/#organization"},"alternateName":"Kidsplay","potentialAction":[{"@type":"SearchAction","target":{"@type":"EntryPoint","urlTemplate":"https:\/\/kidsplay.lt\/?s={search_term_string}"},"query-input":{"@type":"PropertyValueSpecification","valueRequired":true,"valueName":"search_term_string"}}],"inLanguage":"lv-LV"},{"@type":"Organization","@id":"https:\/\/kidsplay.lt\/#organization","name":"B\u0113rnu sp\u0113le","url":"https:\/\/kidsplay.lt\/","logo":{"@type":"ImageObject","inLanguage":"lv-LV","@id":"https:\/\/kidsplay.lt\/#\/schema\/logo\/image\/","url":"https:\/\/kidsplay.lt\/wp-content\/uploads\/2023\/07\/kidsplay-logo.png","contentUrl":"https:\/\/kidsplay.lt\/wp-content\/uploads\/2023\/07\/kidsplay-logo.png","width":451,"height":98,"caption":"KidsPlay"},"image":{"@id":"https:\/\/kidsplay.lt\/#\/schema\/logo\/image\/"},"sameAs":["https:\/\/www.facebook.com\/www.kidsplay.lt"]}]}},"_links":{"self":[{"href":"https:\/\/kidsplay.lt\/lv\/wp-json\/wp\/v2\/product\/84844","targetHints":{"allow":["GET"]}}],"collection":[{"href":"https:\/\/kidsplay.lt\/lv\/wp-json\/wp\/v2\/product"}],"about":[{"href":"https:\/\/kidsplay.lt\/lv\/wp-json\/wp\/v2\/types\/product"}],"version-history":[{"count":1,"href":"https:\/\/kidsplay.lt\/lv\/wp-json\/wp\/v2\/product\/84844\/revisions"}],"predecessor-version":[{"id":84845,"href":"https:\/\/kidsplay.lt\/lv\/wp-json\/wp\/v2\/product\/84844\/revisions\/84845"}],"wp:featuredmedia":[{"embeddable":true,"href":"https:\/\/kidsplay.lt\/lv\/wp-json\/wp\/v2\/media\/84846"}],"wp:attachment":[{"href":"https:\/\/kidsplay.lt\/lv\/wp-json\/wp\/v2\/media?parent=84844"}],"wp:term":[{"taxonomy":"product_brand","embeddable":true,"href":"https:\/\/kidsplay.lt\/lv\/wp-json\/wp\/v2\/product_brand?post=84844"},{"taxonomy":"product_cat","embeddable":true,"href":"https:\/\/kidsplay.lt\/lv\/wp-json\/wp\/v2\/product_cat?post=84844"},{"taxonomy":"product_tag","embeddable":true,"href":"https:\/\/kidsplay.lt\/lv\/wp-json\/wp\/v2\/product_tag?post=84844"}],"curies":[{"name":"wp","href":"https:\/\/api.w.org\/{rel}","templated":true}]}}