{"id":84851,"date":"2026-02-22T13:26:43","date_gmt":"2026-02-22T11:26:43","guid":{"rendered":"https:\/\/kidsplay.lt\/produktas\/woopie-interaktyvus-vaiku-dulkiu-siurblys-su-siurbimo-funkcija\/"},"modified":"2026-02-28T17:30:16","modified_gmt":"2026-02-28T15:30:16","slug":"woopie-interaktyvus-vaiku-dulkiu-siurblys-su-siurbimo-funkcija","status":"publish","type":"product","link":"https:\/\/kidsplay.lt\/lv\/products\/woopie-interaktyvus-vaiku-dulkiu-siurblys-su-siurbimo-funkcija\/","title":{"rendered":"WOOPIE interaktyvus vaik\u0173 dulki\u0173 siurblys su siurbimo funkcija"},"content":{"rendered":"<p>WOOPIE dulki\u0173 siurblys \u2013 puikus pasirinkimas ma\u017eiesiems nam\u0173 pagalbininkams. Siurbimo funkcija ir realisti\u0161ki garsai dar labiau \u012ftraukia \u012f \u017eaidim\u0105 ir leid\u017eia vaikams jaustis lyg tikriems tvarkytojams. Nuimamas dirbtini\u0173 \u0161iuk\u0161li\u0173 konteineris lengvai i\u0161tu\u0161tinamas. Siurblys turi reguliuojam\u0105 \u0161epet\u012f, tod\u0117l vaikai gali keisti kamp\u0105 siurbdami. \u017daislas pagamintas i\u0161 auk\u0161tos kokyb\u0117s, vaikams saugi\u0173 med\u017eiag\u0173. Patogi rankena leid\u017eia lengvai ne\u0161ioti siurbl\u012f i\u0161 vienos vietos \u012f kit\u0105. Tai puiki dovana vaikams, m\u0117gstantiems m\u0117gd\u017eioti t\u0117vus \u2013 juk kuris ma\u017eylis nenori b\u016bti \u201esuaug\u0119s\u201c?<br \/>\nRaksturojums:<\/p>\n<p> \tTinka vaikams nuo 3 met\u0173<br \/>\n \tDulki\u0173 siurblys turi siurbimo funkcij\u0105<br \/>\n \t\u017daislas skleid\u017eia tikro prietaiso garsus<br \/>\n \tReguliuojamas \u0161epetys<br \/>\n \tPagamintas i\u0161 auk\u0161tos kokyb\u0117s, vaikams saugi\u0173 med\u017eiag\u0173<br \/>\n \tReikalingi elementai: 3 \u00d7 AA (nepridedami)<\/p>\n<p>Rota\u013clietu lav\u012bna:<\/p>\n<p> \tRank\u0173 miklum\u0105<br \/>\n \tK\u016brybi\u0161kum\u0105<br \/>\n \tJudesi\u0173 tikslum\u0105<br \/>\n \tVikrum\u0105<\/p>","protected":false},"excerpt":{"rendered":"<p>WOOPIE dulki\u0173 siurblys \u2013 puikus pasirinkimas ma\u017eiesiems nam\u0173 pagalbininkams. Siurbimo funkcija ir realisti\u0161ki garsai dar labiau \u012ftraukia \u012f \u017eaidim\u0105 ir<\/p>","protected":false},"featured_media":84853,"template":"","meta":{"_acf_changed":false,"_glsr_average":0,"_glsr_ranking":0,"_glsr_reviews":0},"product_brand":[],"product_cat":[896,399,229],"product_tag":[],"class_list":{"0":"post-84851","1":"product","2":"type-product","3":"status-publish","4":"has-post-thumbnail","6":"product_cat-namu-ukis-vaidmenu-zaidimai","7":"product_cat-vaidmenu-zaidimai-2","8":"product_cat-zaislai-vaikams","9":"\"style=\"background-color: #2ecc711c;\"","11":"first","12":"outofstock","13":"purchasable","14":"product-type-simple"},"acf":[],"yoast_head":"<!-- This site is optimized with the Yoast SEO plugin v27.4 - https:\/\/yoast.com\/product\/yoast-seo-wordpress\/ -->\n<title>WOOPIE interaktyvus vaik\u0173 dulki\u0173 siurblys su siurbimo funkcija<\/title>\n<meta name=\"description\" content=\"WOOPIE interaktyvus vaik\u0173 dulki\u0173 siurblys su siurbimo funkcija - KidsPlay. Did\u017eiausias vaik\u0173 \u017eaisl\u0173 pasirinkimas.\" \/>\n<meta name=\"robots\" content=\"index, follow, max-snippet:-1, max-image-preview:large, max-video-preview:-1\" \/>\n<link rel=\"canonical\" href=\"https:\/\/kidsplay.lt\/lv\/products\/woopie-interaktyvus-vaiku-dulkiu-siurblys-su-siurbimo-funkcija\/\" \/>\n<meta property=\"og:locale\" content=\"lv_LV\" \/>\n<meta property=\"og:type\" content=\"article\" \/>\n<meta property=\"og:title\" content=\"WOOPIE interaktyvus vaik\u0173 dulki\u0173 siurblys su siurbimo funkcija\" \/>\n<meta property=\"og:description\" content=\"WOOPIE interaktyvus vaik\u0173 dulki\u0173 siurblys su siurbimo funkcija - KidsPlay. Did\u017eiausias vaik\u0173 \u017eaisl\u0173 pasirinkimas.\" \/>\n<meta property=\"og:url\" content=\"https:\/\/kidsplay.lt\/lv\/products\/woopie-interaktyvus-vaiku-dulkiu-siurblys-su-siurbimo-funkcija\/\" \/>\n<meta property=\"og:site_name\" content=\"KidsPlay\" \/>\n<meta property=\"article:publisher\" content=\"https:\/\/www.facebook.com\/www.kidsplay.lt\" \/>\n<meta property=\"article:modified_time\" content=\"2026-02-28T15:30:16+00:00\" \/>\n<meta property=\"og:image\" content=\"https:\/\/kidsplay.lt\/wp-content\/uploads\/2026\/02\/WOOPIE-interaktyvus-vaiku-dulkiu-siurblys-su-siurbimo-funkcija.jpg\" \/>\n\t<meta property=\"og:image:width\" content=\"1420\" \/>\n\t<meta property=\"og:image:height\" content=\"1420\" \/>\n\t<meta property=\"og:image:type\" content=\"image\/jpeg\" \/>\n<meta name=\"twitter:card\" content=\"summary_large_image\" \/>\n<meta name=\"twitter:label1\" content=\"Est. reading time\" \/>\n\t<meta name=\"twitter:data1\" content=\"1 min\u016bte\" \/>\n<script type=\"application\/ld+json\" class=\"yoast-schema-graph\">{\"@context\":\"https:\\\/\\\/schema.org\",\"@graph\":[{\"@type\":\"WebPage\",\"@id\":\"https:\\\/\\\/kidsplay.lt\\\/produktas\\\/woopie-interaktyvus-vaiku-dulkiu-siurblys-su-siurbimo-funkcija\\\/\",\"url\":\"https:\\\/\\\/kidsplay.lt\\\/produktas\\\/woopie-interaktyvus-vaiku-dulkiu-siurblys-su-siurbimo-funkcija\\\/\",\"name\":\"WOOPIE interaktyvus vaik\u0173 dulki\u0173 siurblys su siurbimo funkcija\",\"isPartOf\":{\"@id\":\"https:\\\/\\\/kidsplay.lt\\\/#website\"},\"primaryImageOfPage\":{\"@id\":\"https:\\\/\\\/kidsplay.lt\\\/produktas\\\/woopie-interaktyvus-vaiku-dulkiu-siurblys-su-siurbimo-funkcija\\\/#primaryimage\"},\"image\":{\"@id\":\"https:\\\/\\\/kidsplay.lt\\\/produktas\\\/woopie-interaktyvus-vaiku-dulkiu-siurblys-su-siurbimo-funkcija\\\/#primaryimage\"},\"thumbnailUrl\":\"https:\\\/\\\/kidsplay.lt\\\/wp-content\\\/uploads\\\/2026\\\/02\\\/WOOPIE-interaktyvus-vaiku-dulkiu-siurblys-su-siurbimo-funkcija.jpg\",\"datePublished\":\"2026-02-22T11:26:43+00:00\",\"dateModified\":\"2026-02-28T15:30:16+00:00\",\"description\":\"WOOPIE interaktyvus vaik\u0173 dulki\u0173 siurblys su siurbimo funkcija - KidsPlay. Did\u017eiausias vaik\u0173 \u017eaisl\u0173 pasirinkimas.\",\"breadcrumb\":{\"@id\":\"https:\\\/\\\/kidsplay.lt\\\/produktas\\\/woopie-interaktyvus-vaiku-dulkiu-siurblys-su-siurbimo-funkcija\\\/#breadcrumb\"},\"inLanguage\":\"lv-LV\",\"potentialAction\":[{\"@type\":\"ReadAction\",\"target\":[\"https:\\\/\\\/kidsplay.lt\\\/produktas\\\/woopie-interaktyvus-vaiku-dulkiu-siurblys-su-siurbimo-funkcija\\\/\"]}]},{\"@type\":\"ImageObject\",\"inLanguage\":\"lv-LV\",\"@id\":\"https:\\\/\\\/kidsplay.lt\\\/produktas\\\/woopie-interaktyvus-vaiku-dulkiu-siurblys-su-siurbimo-funkcija\\\/#primaryimage\",\"url\":\"https:\\\/\\\/kidsplay.lt\\\/wp-content\\\/uploads\\\/2026\\\/02\\\/WOOPIE-interaktyvus-vaiku-dulkiu-siurblys-su-siurbimo-funkcija.jpg\",\"contentUrl\":\"https:\\\/\\\/kidsplay.lt\\\/wp-content\\\/uploads\\\/2026\\\/02\\\/WOOPIE-interaktyvus-vaiku-dulkiu-siurblys-su-siurbimo-funkcija.jpg\",\"width\":1420,\"height\":1420,\"caption\":\"WOOPIE interaktyvus vaik\u0173 dulki\u0173 siurblys su siurbimo funkcija\"},{\"@type\":\"BreadcrumbList\",\"@id\":\"https:\\\/\\\/kidsplay.lt\\\/produktas\\\/woopie-interaktyvus-vaiku-dulkiu-siurblys-su-siurbimo-funkcija\\\/#breadcrumb\",\"itemListElement\":[{\"@type\":\"ListItem\",\"position\":1,\"name\":\"Pagrindinis\",\"item\":\"https:\\\/\\\/kidsplay.lt\\\/\"},{\"@type\":\"ListItem\",\"position\":2,\"name\":\"Parduotuv\u0117\",\"item\":\"https:\\\/\\\/kidsplay.lt\\\/parduotuve\\\/\"},{\"@type\":\"ListItem\",\"position\":3,\"name\":\"WOOPIE interaktyvus vaik\u0173 dulki\u0173 siurblys su siurbimo funkcija\"}]},{\"@type\":\"WebSite\",\"@id\":\"https:\\\/\\\/kidsplay.lt\\\/#website\",\"url\":\"https:\\\/\\\/kidsplay.lt\\\/\",\"name\":\"Kidsplay.lt\",\"description\":\"\u012evairios prek\u0117s vaikams\",\"publisher\":{\"@id\":\"https:\\\/\\\/kidsplay.lt\\\/#organization\"},\"alternateName\":\"Kidsplay\",\"potentialAction\":[{\"@type\":\"SearchAction\",\"target\":{\"@type\":\"EntryPoint\",\"urlTemplate\":\"https:\\\/\\\/kidsplay.lt\\\/?s={search_term_string}\"},\"query-input\":{\"@type\":\"PropertyValueSpecification\",\"valueRequired\":true,\"valueName\":\"search_term_string\"}}],\"inLanguage\":\"lv-LV\"},{\"@type\":\"Organization\",\"@id\":\"https:\\\/\\\/kidsplay.lt\\\/#organization\",\"name\":\"KidsPlay\",\"url\":\"https:\\\/\\\/kidsplay.lt\\\/\",\"logo\":{\"@type\":\"ImageObject\",\"inLanguage\":\"lv-LV\",\"@id\":\"https:\\\/\\\/kidsplay.lt\\\/#\\\/schema\\\/logo\\\/image\\\/\",\"url\":\"https:\\\/\\\/kidsplay.lt\\\/wp-content\\\/uploads\\\/2023\\\/07\\\/kidsplay-logo.png\",\"contentUrl\":\"https:\\\/\\\/kidsplay.lt\\\/wp-content\\\/uploads\\\/2023\\\/07\\\/kidsplay-logo.png\",\"width\":451,\"height\":98,\"caption\":\"KidsPlay\"},\"image\":{\"@id\":\"https:\\\/\\\/kidsplay.lt\\\/#\\\/schema\\\/logo\\\/image\\\/\"},\"sameAs\":[\"https:\\\/\\\/www.facebook.com\\\/www.kidsplay.lt\"]}]}<\/script>\n<!-- \/ Yoast SEO plugin. -->","yoast_head_json":{"title":"WOOPIE interaktyvus vaik\u0173 dulki\u0173 siurblys su siurbimo funkcija","description":"WOOPIE interaktyvus vaik\u0173 dulki\u0173 siurblys su siurbimo funkcija - KidsPlay. Did\u017eiausias vaik\u0173 \u017eaisl\u0173 pasirinkimas.","robots":{"index":"index","follow":"follow","max-snippet":"max-snippet:-1","max-image-preview":"max-image-preview:large","max-video-preview":"max-video-preview:-1"},"canonical":"https:\/\/kidsplay.lt\/lv\/products\/woopie-interaktyvus-vaiku-dulkiu-siurblys-su-siurbimo-funkcija\/","og_locale":"lv_LV","og_type":"article","og_title":"WOOPIE interaktyvus vaik\u0173 dulki\u0173 siurblys su siurbimo funkcija","og_description":"WOOPIE interaktyvus vaik\u0173 dulki\u0173 siurblys su siurbimo funkcija - KidsPlay. Did\u017eiausias vaik\u0173 \u017eaisl\u0173 pasirinkimas.","og_url":"https:\/\/kidsplay.lt\/lv\/products\/woopie-interaktyvus-vaiku-dulkiu-siurblys-su-siurbimo-funkcija\/","og_site_name":"KidsPlay","article_publisher":"https:\/\/www.facebook.com\/www.kidsplay.lt","article_modified_time":"2026-02-28T15:30:16+00:00","og_image":[{"width":1420,"height":1420,"url":"https:\/\/kidsplay.lt\/wp-content\/uploads\/2026\/02\/WOOPIE-interaktyvus-vaiku-dulkiu-siurblys-su-siurbimo-funkcija.jpg","type":"image\/jpeg"}],"twitter_card":"summary_large_image","twitter_misc":{"Est. reading time":"1 min\u016bte"},"schema":{"@context":"https:\/\/schema.org","@graph":[{"@type":"WebPage","@id":"https:\/\/kidsplay.lt\/produktas\/woopie-interaktyvus-vaiku-dulkiu-siurblys-su-siurbimo-funkcija\/","url":"https:\/\/kidsplay.lt\/produktas\/woopie-interaktyvus-vaiku-dulkiu-siurblys-su-siurbimo-funkcija\/","name":"WOOPIE interaktyvus vaik\u0173 dulki\u0173 siurblys su siurbimo funkcija","isPartOf":{"@id":"https:\/\/kidsplay.lt\/#website"},"primaryImageOfPage":{"@id":"https:\/\/kidsplay.lt\/produktas\/woopie-interaktyvus-vaiku-dulkiu-siurblys-su-siurbimo-funkcija\/#primaryimage"},"image":{"@id":"https:\/\/kidsplay.lt\/produktas\/woopie-interaktyvus-vaiku-dulkiu-siurblys-su-siurbimo-funkcija\/#primaryimage"},"thumbnailUrl":"https:\/\/kidsplay.lt\/wp-content\/uploads\/2026\/02\/WOOPIE-interaktyvus-vaiku-dulkiu-siurblys-su-siurbimo-funkcija.jpg","datePublished":"2026-02-22T11:26:43+00:00","dateModified":"2026-02-28T15:30:16+00:00","description":"WOOPIE interaktyvus vaik\u0173 dulki\u0173 siurblys su siurbimo funkcija - KidsPlay. Did\u017eiausias vaik\u0173 \u017eaisl\u0173 pasirinkimas.","breadcrumb":{"@id":"https:\/\/kidsplay.lt\/produktas\/woopie-interaktyvus-vaiku-dulkiu-siurblys-su-siurbimo-funkcija\/#breadcrumb"},"inLanguage":"lv-LV","potentialAction":[{"@type":"ReadAction","target":["https:\/\/kidsplay.lt\/produktas\/woopie-interaktyvus-vaiku-dulkiu-siurblys-su-siurbimo-funkcija\/"]}]},{"@type":"ImageObject","inLanguage":"lv-LV","@id":"https:\/\/kidsplay.lt\/produktas\/woopie-interaktyvus-vaiku-dulkiu-siurblys-su-siurbimo-funkcija\/#primaryimage","url":"https:\/\/kidsplay.lt\/wp-content\/uploads\/2026\/02\/WOOPIE-interaktyvus-vaiku-dulkiu-siurblys-su-siurbimo-funkcija.jpg","contentUrl":"https:\/\/kidsplay.lt\/wp-content\/uploads\/2026\/02\/WOOPIE-interaktyvus-vaiku-dulkiu-siurblys-su-siurbimo-funkcija.jpg","width":1420,"height":1420,"caption":"WOOPIE interaktyvus vaik\u0173 dulki\u0173 siurblys su siurbimo funkcija"},{"@type":"BreadcrumbList","@id":"https:\/\/kidsplay.lt\/produktas\/woopie-interaktyvus-vaiku-dulkiu-siurblys-su-siurbimo-funkcija\/#breadcrumb","itemListElement":[{"@type":"ListItem","position":1,"name":"Pagrindinis","item":"https:\/\/kidsplay.lt\/"},{"@type":"ListItem","position":2,"name":"Parduotuv\u0117","item":"https:\/\/kidsplay.lt\/parduotuve\/"},{"@type":"ListItem","position":3,"name":"WOOPIE interaktyvus vaik\u0173 dulki\u0173 siurblys su siurbimo funkcija"}]},{"@type":"WebSite","@id":"https:\/\/kidsplay.lt\/#website","url":"https:\/\/kidsplay.lt\/","name":"B\u0113rnu sp\u0113les.lv","description":"\u012evairios prek\u0117s vaikams","publisher":{"@id":"https:\/\/kidsplay.lt\/#organization"},"alternateName":"Kidsplay","potentialAction":[{"@type":"SearchAction","target":{"@type":"EntryPoint","urlTemplate":"https:\/\/kidsplay.lt\/?s={search_term_string}"},"query-input":{"@type":"PropertyValueSpecification","valueRequired":true,"valueName":"search_term_string"}}],"inLanguage":"lv-LV"},{"@type":"Organization","@id":"https:\/\/kidsplay.lt\/#organization","name":"B\u0113rnu sp\u0113le","url":"https:\/\/kidsplay.lt\/","logo":{"@type":"ImageObject","inLanguage":"lv-LV","@id":"https:\/\/kidsplay.lt\/#\/schema\/logo\/image\/","url":"https:\/\/kidsplay.lt\/wp-content\/uploads\/2023\/07\/kidsplay-logo.png","contentUrl":"https:\/\/kidsplay.lt\/wp-content\/uploads\/2023\/07\/kidsplay-logo.png","width":451,"height":98,"caption":"KidsPlay"},"image":{"@id":"https:\/\/kidsplay.lt\/#\/schema\/logo\/image\/"},"sameAs":["https:\/\/www.facebook.com\/www.kidsplay.lt"]}]}},"_links":{"self":[{"href":"https:\/\/kidsplay.lt\/lv\/wp-json\/wp\/v2\/product\/84851","targetHints":{"allow":["GET"]}}],"collection":[{"href":"https:\/\/kidsplay.lt\/lv\/wp-json\/wp\/v2\/product"}],"about":[{"href":"https:\/\/kidsplay.lt\/lv\/wp-json\/wp\/v2\/types\/product"}],"version-history":[{"count":1,"href":"https:\/\/kidsplay.lt\/lv\/wp-json\/wp\/v2\/product\/84851\/revisions"}],"predecessor-version":[{"id":84852,"href":"https:\/\/kidsplay.lt\/lv\/wp-json\/wp\/v2\/product\/84851\/revisions\/84852"}],"wp:featuredmedia":[{"embeddable":true,"href":"https:\/\/kidsplay.lt\/lv\/wp-json\/wp\/v2\/media\/84853"}],"wp:attachment":[{"href":"https:\/\/kidsplay.lt\/lv\/wp-json\/wp\/v2\/media?parent=84851"}],"wp:term":[{"taxonomy":"product_brand","embeddable":true,"href":"https:\/\/kidsplay.lt\/lv\/wp-json\/wp\/v2\/product_brand?post=84851"},{"taxonomy":"product_cat","embeddable":true,"href":"https:\/\/kidsplay.lt\/lv\/wp-json\/wp\/v2\/product_cat?post=84851"},{"taxonomy":"product_tag","embeddable":true,"href":"https:\/\/kidsplay.lt\/lv\/wp-json\/wp\/v2\/product_tag?post=84851"}],"curies":[{"name":"wp","href":"https:\/\/api.w.org\/{rel}","templated":true}]}}