{"id":84866,"date":"2026-02-22T13:27:44","date_gmt":"2026-02-22T11:27:44","guid":{"rendered":"https:\/\/kidsplay.lt\/produktas\/viga-medinis-tualetinis-staliukas-su-aksesuarais\/"},"modified":"2026-04-13T14:12:33","modified_gmt":"2026-04-13T11:12:33","slug":"viga-medinis-tualetinis-staliukas-su-aksesuarais","status":"publish","type":"product","link":"https:\/\/kidsplay.lt\/lv\/products\/viga-medinis-tualetinis-staliukas-su-aksesuarais\/","title":{"rendered":"Viga medinis tualetinis staliukas su aksesuarais"},"content":{"rendered":"<p>\u0160is nuostabus Viga medinis tualetinis staliukas \u2013 tai idealus \u017eaidim\u0173 rinkinys kiekvienai mergaitei, m\u0117gstan\u010diai puo\u0161tis, \u017eaisti \u201enamus\u201c ar gro\u017eio salon\u0105. Pastelin\u0117s spalvos, saugus veidrodis ir gausyb\u0117 \u017eavi\u0173 aksesuar\u0173 suteiks vaikui daug d\u017eiaugsmo ir ilgas valandas k\u016brybi\u0161ko \u017eaidimo. \u0160is \u017eavingas medinis staliukas \u2013 ne tik \u017eaislas, bet ir vartai \u012f fantazijos bei vaidmen\u0173 \u017eaidim\u0173 pasaul\u012f.<\/p>\n<p>Raksturojums:<\/p>\n<p> \t\u017daislas skirtas vaikams nuo 3 met\u0173<br \/>\n \tTualetinis staliukas su veidrod\u017eiu \u2013 saugus veidrodis eleganti\u0161kame ro\u017einiame r\u0117me su dekoratyvine kar\u016bna<br \/>\n \tErdvi stal\u010diuko vieta \u2013 puikiai tinka ma\u017eosios princes\u0117s aksesuarams ir \u201elobiams\u201c<br \/>\n \t\u017daislas neturi a\u0161tri\u0173 briaun\u0173<br \/>\n \tDa\u017eytas netoksi\u0161kais, vaikams saugiais da\u017eais<\/p>\n<p>Komplekt\u0101 ietilpst:<\/p>\n<p> \tL\u016bpda\u017eis<br \/>\n \t\u0160ukos<br \/>\n \tAki\u0173 \u0161e\u0161\u0117li\u0173 palet\u0117<br \/>\n \tAki\u0173 pie\u0161tukas<br \/>\n \tPlauk\u0173 tiesintuvas<br \/>\n \t\u0160epetys<br \/>\n \tPuderis su veidrod\u0117liu<br \/>\n \tKaroliai<br \/>\n \tStal\u010diukas<br \/>\n \tDidelis veidrodis<\/p>\n<p>Rota\u013clietu lav\u012bna:<\/p>\n<p> \tK\u016brybi\u0161kum\u0105<br \/>\n \tVikrum\u0105<br \/>\n \tVaizduot\u0119<br \/>\n \tRoku-acu koordin\u0101cija<br \/>\n \tRank\u0173 lankstum\u0105<\/p>","protected":false},"excerpt":{"rendered":"<p>\u0160is nuostabus Viga medinis tualetinis staliukas \u2013 tai idealus \u017eaidim\u0173 rinkinys kiekvienai mergaitei, m\u0117gstan\u010diai puo\u0161tis, \u017eaisti \u201enamus\u201c ar gro\u017eio salon\u0105.<\/p>","protected":false},"featured_media":84868,"template":"","meta":{"_acf_changed":false,"_glsr_average":0,"_glsr_ranking":0,"_glsr_reviews":0},"product_brand":[],"product_cat":[403,399,229],"product_tag":[],"class_list":{"0":"post-84866","1":"product","2":"type-product","3":"status-publish","4":"has-post-thumbnail","6":"product_cat-mada-ir-grozis","7":"product_cat-vaidmenu-zaidimai-2","8":"product_cat-zaislai-vaikams","9":"\"style=\"background-color: #2ecc711c;\"","11":"first","12":"instock","13":"purchasable","14":"product-type-simple"},"acf":[],"yoast_head":"<!-- This site is optimized with the Yoast SEO plugin v27.4 - https:\/\/yoast.com\/product\/yoast-seo-wordpress\/ -->\n<title>Viga medinis tualetinis staliukas su aksesuarais<\/title>\n<meta name=\"description\" content=\"Viga medinis tualetinis staliukas su aksesuarais - KidsPlay. Did\u017eiausias vaik\u0173 \u017eaisl\u0173 pasirinkimas.\" \/>\n<meta name=\"robots\" content=\"index, follow, max-snippet:-1, max-image-preview:large, max-video-preview:-1\" \/>\n<link rel=\"canonical\" href=\"https:\/\/kidsplay.lt\/lv\/products\/viga-medinis-tualetinis-staliukas-su-aksesuarais\/\" \/>\n<meta property=\"og:locale\" content=\"lv_LV\" \/>\n<meta property=\"og:type\" content=\"article\" \/>\n<meta property=\"og:title\" content=\"Viga medinis tualetinis staliukas su aksesuarais\" \/>\n<meta property=\"og:description\" content=\"Viga medinis tualetinis staliukas su aksesuarais - KidsPlay. Did\u017eiausias vaik\u0173 \u017eaisl\u0173 pasirinkimas.\" \/>\n<meta property=\"og:url\" content=\"https:\/\/kidsplay.lt\/lv\/products\/viga-medinis-tualetinis-staliukas-su-aksesuarais\/\" \/>\n<meta property=\"og:site_name\" content=\"KidsPlay\" \/>\n<meta property=\"article:publisher\" content=\"https:\/\/www.facebook.com\/www.kidsplay.lt\" \/>\n<meta property=\"article:modified_time\" content=\"2026-04-13T11:12:33+00:00\" \/>\n<meta property=\"og:image\" content=\"https:\/\/kidsplay.lt\/wp-content\/uploads\/2026\/02\/Viga-medinis-tualetinis-staliukas-su-aksesuarais.jpg\" \/>\n\t<meta property=\"og:image:width\" content=\"1000\" \/>\n\t<meta property=\"og:image:height\" content=\"1000\" \/>\n\t<meta property=\"og:image:type\" content=\"image\/jpeg\" \/>\n<meta name=\"twitter:card\" content=\"summary_large_image\" \/>\n<meta name=\"twitter:label1\" content=\"Est. reading time\" \/>\n\t<meta name=\"twitter:data1\" content=\"1 min\u016bte\" \/>\n<script type=\"application\/ld+json\" class=\"yoast-schema-graph\">{\"@context\":\"https:\\\/\\\/schema.org\",\"@graph\":[{\"@type\":\"WebPage\",\"@id\":\"https:\\\/\\\/kidsplay.lt\\\/produktas\\\/viga-medinis-tualetinis-staliukas-su-aksesuarais\\\/\",\"url\":\"https:\\\/\\\/kidsplay.lt\\\/produktas\\\/viga-medinis-tualetinis-staliukas-su-aksesuarais\\\/\",\"name\":\"Viga medinis tualetinis staliukas su aksesuarais\",\"isPartOf\":{\"@id\":\"https:\\\/\\\/kidsplay.lt\\\/#website\"},\"primaryImageOfPage\":{\"@id\":\"https:\\\/\\\/kidsplay.lt\\\/produktas\\\/viga-medinis-tualetinis-staliukas-su-aksesuarais\\\/#primaryimage\"},\"image\":{\"@id\":\"https:\\\/\\\/kidsplay.lt\\\/produktas\\\/viga-medinis-tualetinis-staliukas-su-aksesuarais\\\/#primaryimage\"},\"thumbnailUrl\":\"https:\\\/\\\/kidsplay.lt\\\/wp-content\\\/uploads\\\/2026\\\/02\\\/Viga-medinis-tualetinis-staliukas-su-aksesuarais.jpg\",\"datePublished\":\"2026-02-22T11:27:44+00:00\",\"dateModified\":\"2026-04-13T11:12:33+00:00\",\"description\":\"Viga medinis tualetinis staliukas su aksesuarais - KidsPlay. Did\u017eiausias vaik\u0173 \u017eaisl\u0173 pasirinkimas.\",\"breadcrumb\":{\"@id\":\"https:\\\/\\\/kidsplay.lt\\\/produktas\\\/viga-medinis-tualetinis-staliukas-su-aksesuarais\\\/#breadcrumb\"},\"inLanguage\":\"lv-LV\",\"potentialAction\":[{\"@type\":\"ReadAction\",\"target\":[\"https:\\\/\\\/kidsplay.lt\\\/produktas\\\/viga-medinis-tualetinis-staliukas-su-aksesuarais\\\/\"]}]},{\"@type\":\"ImageObject\",\"inLanguage\":\"lv-LV\",\"@id\":\"https:\\\/\\\/kidsplay.lt\\\/produktas\\\/viga-medinis-tualetinis-staliukas-su-aksesuarais\\\/#primaryimage\",\"url\":\"https:\\\/\\\/kidsplay.lt\\\/wp-content\\\/uploads\\\/2026\\\/02\\\/Viga-medinis-tualetinis-staliukas-su-aksesuarais.jpg\",\"contentUrl\":\"https:\\\/\\\/kidsplay.lt\\\/wp-content\\\/uploads\\\/2026\\\/02\\\/Viga-medinis-tualetinis-staliukas-su-aksesuarais.jpg\",\"width\":1000,\"height\":1000,\"caption\":\"Viga medinis tualetinis staliukas su aksesuarais\"},{\"@type\":\"BreadcrumbList\",\"@id\":\"https:\\\/\\\/kidsplay.lt\\\/produktas\\\/viga-medinis-tualetinis-staliukas-su-aksesuarais\\\/#breadcrumb\",\"itemListElement\":[{\"@type\":\"ListItem\",\"position\":1,\"name\":\"Pagrindinis\",\"item\":\"https:\\\/\\\/kidsplay.lt\\\/\"},{\"@type\":\"ListItem\",\"position\":2,\"name\":\"Parduotuv\u0117\",\"item\":\"https:\\\/\\\/kidsplay.lt\\\/parduotuve\\\/\"},{\"@type\":\"ListItem\",\"position\":3,\"name\":\"Viga medinis tualetinis staliukas su aksesuarais\"}]},{\"@type\":\"WebSite\",\"@id\":\"https:\\\/\\\/kidsplay.lt\\\/#website\",\"url\":\"https:\\\/\\\/kidsplay.lt\\\/\",\"name\":\"Kidsplay.lt\",\"description\":\"\u012evairios prek\u0117s vaikams\",\"publisher\":{\"@id\":\"https:\\\/\\\/kidsplay.lt\\\/#organization\"},\"alternateName\":\"Kidsplay\",\"potentialAction\":[{\"@type\":\"SearchAction\",\"target\":{\"@type\":\"EntryPoint\",\"urlTemplate\":\"https:\\\/\\\/kidsplay.lt\\\/?s={search_term_string}\"},\"query-input\":{\"@type\":\"PropertyValueSpecification\",\"valueRequired\":true,\"valueName\":\"search_term_string\"}}],\"inLanguage\":\"lv-LV\"},{\"@type\":\"Organization\",\"@id\":\"https:\\\/\\\/kidsplay.lt\\\/#organization\",\"name\":\"KidsPlay\",\"url\":\"https:\\\/\\\/kidsplay.lt\\\/\",\"logo\":{\"@type\":\"ImageObject\",\"inLanguage\":\"lv-LV\",\"@id\":\"https:\\\/\\\/kidsplay.lt\\\/#\\\/schema\\\/logo\\\/image\\\/\",\"url\":\"https:\\\/\\\/kidsplay.lt\\\/wp-content\\\/uploads\\\/2023\\\/07\\\/kidsplay-logo.png\",\"contentUrl\":\"https:\\\/\\\/kidsplay.lt\\\/wp-content\\\/uploads\\\/2023\\\/07\\\/kidsplay-logo.png\",\"width\":451,\"height\":98,\"caption\":\"KidsPlay\"},\"image\":{\"@id\":\"https:\\\/\\\/kidsplay.lt\\\/#\\\/schema\\\/logo\\\/image\\\/\"},\"sameAs\":[\"https:\\\/\\\/www.facebook.com\\\/www.kidsplay.lt\"]}]}<\/script>\n<!-- \/ Yoast SEO plugin. -->","yoast_head_json":{"title":"Viga medinis tualetinis staliukas su aksesuarais","description":"Viga medinis tualetinis staliukas su aksesuarais - KidsPlay. Did\u017eiausias vaik\u0173 \u017eaisl\u0173 pasirinkimas.","robots":{"index":"index","follow":"follow","max-snippet":"max-snippet:-1","max-image-preview":"max-image-preview:large","max-video-preview":"max-video-preview:-1"},"canonical":"https:\/\/kidsplay.lt\/lv\/products\/viga-medinis-tualetinis-staliukas-su-aksesuarais\/","og_locale":"lv_LV","og_type":"article","og_title":"Viga medinis tualetinis staliukas su aksesuarais","og_description":"Viga medinis tualetinis staliukas su aksesuarais - KidsPlay. Did\u017eiausias vaik\u0173 \u017eaisl\u0173 pasirinkimas.","og_url":"https:\/\/kidsplay.lt\/lv\/products\/viga-medinis-tualetinis-staliukas-su-aksesuarais\/","og_site_name":"KidsPlay","article_publisher":"https:\/\/www.facebook.com\/www.kidsplay.lt","article_modified_time":"2026-04-13T11:12:33+00:00","og_image":[{"width":1000,"height":1000,"url":"https:\/\/kidsplay.lt\/wp-content\/uploads\/2026\/02\/Viga-medinis-tualetinis-staliukas-su-aksesuarais.jpg","type":"image\/jpeg"}],"twitter_card":"summary_large_image","twitter_misc":{"Est. reading time":"1 min\u016bte"},"schema":{"@context":"https:\/\/schema.org","@graph":[{"@type":"WebPage","@id":"https:\/\/kidsplay.lt\/produktas\/viga-medinis-tualetinis-staliukas-su-aksesuarais\/","url":"https:\/\/kidsplay.lt\/produktas\/viga-medinis-tualetinis-staliukas-su-aksesuarais\/","name":"Viga medinis tualetinis staliukas su aksesuarais","isPartOf":{"@id":"https:\/\/kidsplay.lt\/#website"},"primaryImageOfPage":{"@id":"https:\/\/kidsplay.lt\/produktas\/viga-medinis-tualetinis-staliukas-su-aksesuarais\/#primaryimage"},"image":{"@id":"https:\/\/kidsplay.lt\/produktas\/viga-medinis-tualetinis-staliukas-su-aksesuarais\/#primaryimage"},"thumbnailUrl":"https:\/\/kidsplay.lt\/wp-content\/uploads\/2026\/02\/Viga-medinis-tualetinis-staliukas-su-aksesuarais.jpg","datePublished":"2026-02-22T11:27:44+00:00","dateModified":"2026-04-13T11:12:33+00:00","description":"Viga medinis tualetinis staliukas su aksesuarais - KidsPlay. Did\u017eiausias vaik\u0173 \u017eaisl\u0173 pasirinkimas.","breadcrumb":{"@id":"https:\/\/kidsplay.lt\/produktas\/viga-medinis-tualetinis-staliukas-su-aksesuarais\/#breadcrumb"},"inLanguage":"lv-LV","potentialAction":[{"@type":"ReadAction","target":["https:\/\/kidsplay.lt\/produktas\/viga-medinis-tualetinis-staliukas-su-aksesuarais\/"]}]},{"@type":"ImageObject","inLanguage":"lv-LV","@id":"https:\/\/kidsplay.lt\/produktas\/viga-medinis-tualetinis-staliukas-su-aksesuarais\/#primaryimage","url":"https:\/\/kidsplay.lt\/wp-content\/uploads\/2026\/02\/Viga-medinis-tualetinis-staliukas-su-aksesuarais.jpg","contentUrl":"https:\/\/kidsplay.lt\/wp-content\/uploads\/2026\/02\/Viga-medinis-tualetinis-staliukas-su-aksesuarais.jpg","width":1000,"height":1000,"caption":"Viga medinis tualetinis staliukas su aksesuarais"},{"@type":"BreadcrumbList","@id":"https:\/\/kidsplay.lt\/produktas\/viga-medinis-tualetinis-staliukas-su-aksesuarais\/#breadcrumb","itemListElement":[{"@type":"ListItem","position":1,"name":"Pagrindinis","item":"https:\/\/kidsplay.lt\/"},{"@type":"ListItem","position":2,"name":"Parduotuv\u0117","item":"https:\/\/kidsplay.lt\/parduotuve\/"},{"@type":"ListItem","position":3,"name":"Viga medinis tualetinis staliukas su aksesuarais"}]},{"@type":"WebSite","@id":"https:\/\/kidsplay.lt\/#website","url":"https:\/\/kidsplay.lt\/","name":"B\u0113rnu sp\u0113les.lv","description":"\u012evairios prek\u0117s vaikams","publisher":{"@id":"https:\/\/kidsplay.lt\/#organization"},"alternateName":"Kidsplay","potentialAction":[{"@type":"SearchAction","target":{"@type":"EntryPoint","urlTemplate":"https:\/\/kidsplay.lt\/?s={search_term_string}"},"query-input":{"@type":"PropertyValueSpecification","valueRequired":true,"valueName":"search_term_string"}}],"inLanguage":"lv-LV"},{"@type":"Organization","@id":"https:\/\/kidsplay.lt\/#organization","name":"B\u0113rnu sp\u0113le","url":"https:\/\/kidsplay.lt\/","logo":{"@type":"ImageObject","inLanguage":"lv-LV","@id":"https:\/\/kidsplay.lt\/#\/schema\/logo\/image\/","url":"https:\/\/kidsplay.lt\/wp-content\/uploads\/2023\/07\/kidsplay-logo.png","contentUrl":"https:\/\/kidsplay.lt\/wp-content\/uploads\/2023\/07\/kidsplay-logo.png","width":451,"height":98,"caption":"KidsPlay"},"image":{"@id":"https:\/\/kidsplay.lt\/#\/schema\/logo\/image\/"},"sameAs":["https:\/\/www.facebook.com\/www.kidsplay.lt"]}]}},"_links":{"self":[{"href":"https:\/\/kidsplay.lt\/lv\/wp-json\/wp\/v2\/product\/84866","targetHints":{"allow":["GET"]}}],"collection":[{"href":"https:\/\/kidsplay.lt\/lv\/wp-json\/wp\/v2\/product"}],"about":[{"href":"https:\/\/kidsplay.lt\/lv\/wp-json\/wp\/v2\/types\/product"}],"version-history":[{"count":1,"href":"https:\/\/kidsplay.lt\/lv\/wp-json\/wp\/v2\/product\/84866\/revisions"}],"predecessor-version":[{"id":84867,"href":"https:\/\/kidsplay.lt\/lv\/wp-json\/wp\/v2\/product\/84866\/revisions\/84867"}],"wp:featuredmedia":[{"embeddable":true,"href":"https:\/\/kidsplay.lt\/lv\/wp-json\/wp\/v2\/media\/84868"}],"wp:attachment":[{"href":"https:\/\/kidsplay.lt\/lv\/wp-json\/wp\/v2\/media?parent=84866"}],"wp:term":[{"taxonomy":"product_brand","embeddable":true,"href":"https:\/\/kidsplay.lt\/lv\/wp-json\/wp\/v2\/product_brand?post=84866"},{"taxonomy":"product_cat","embeddable":true,"href":"https:\/\/kidsplay.lt\/lv\/wp-json\/wp\/v2\/product_cat?post=84866"},{"taxonomy":"product_tag","embeddable":true,"href":"https:\/\/kidsplay.lt\/lv\/wp-json\/wp\/v2\/product_tag?post=84866"}],"curies":[{"name":"wp","href":"https:\/\/api.w.org\/{rel}","templated":true}]}}