{"id":84877,"date":"2026-02-22T13:28:21","date_gmt":"2026-02-22T11:28:21","guid":{"rendered":"https:\/\/kidsplay.lt\/produktas\/little-tikes-sodo-namelis-patio-su-magisku-skambuciu-tamsiai-melynas-ir-zalias\/"},"modified":"2026-03-17T17:30:12","modified_gmt":"2026-03-17T15:30:12","slug":"little-tikes-sodo-namelis-patio-su-magisku-skambuciu-tamsiai-melynas-ir-zalias","status":"publish","type":"product","link":"https:\/\/kidsplay.lt\/lv\/products\/little-tikes-sodo-namelis-patio-su-magisku-skambuciu-tamsiai-melynas-ir-zalias\/","title":{"rendered":"Little Tikes sodo namelis PATIO su magi\u0161ku skambu\u010diu, tamsiai m\u0117lynas ir \u017ealias"},"content":{"rendered":"<p>PATIO pikniko namelis su magi\u0161ku skambu\u010diu i\u0161 garsaus Little Tikes prek\u0117s \u017eenklo \u2013 tai svajoni\u0173 \u017eaidim\u0173 erdv\u0117 j\u016bs\u0173 vaikui, puikiai tinkanti bet kuriam sodui ar kiemui. Ma\u017eieji virtuv\u0117s \u0161efai su d\u017eiaugsmu dalinsis savo \u201enamuose pagamintais\u201c patiekalais ir dar labiau d\u017eiaugsis, kai kas nors juos pagirs. T\u0117vai taip pat bus patenkinti matydami, kaip vaikai mokosi atsakomyb\u0117s u\u017e savo ma\u017e\u0105 namel\u012f, tvarkydamiesi po kiekvieno \u201ekulinarinio nuotykio\u201c. Namelis turi daug smagi\u0173 pried\u0173: l\u0117k\u0161tes, puodelius, stalo \u012frankius ir maisto produkt\u0173 imitacijas.<\/p>\n<p>Raksturojums:<\/p>\n<p> \tSkambutis plastikiniame namelyje skleid\u017eia 6 linksmus garsus<br \/>\n \tAtidaromos \u012f\u0117jimo durys turi pa\u0161to ang\u0105 lai\u0161kams<br \/>\n \tNamelio viduje yra visa b\u016btina \u201evirtuv\u0117s \u012franga\u201c, \u012fskaitant virykl\u0119 su degikliais<br \/>\n \tPer plat\u0173 lang\u0105 vaikai gali patiekti maist\u0105 tiesiai ant pikniko stalo, integruoto \u012f namel\u012f<\/p>\n<p>\u017daislas lavina:<\/p>\n<p> \tMotorin\u0119 koordinacij\u0105<br \/>\n \tSmalk\u0101s motorikas prasmes<br \/>\n \tVaizduot\u0119<\/p>","protected":false},"excerpt":{"rendered":"<p>PATIO pikniko namelis su magi\u0161ku skambu\u010diu i\u0161 garsaus Little Tikes prek\u0117s \u017eenklo \u2013 tai svajoni\u0173 \u017eaidim\u0173 erdv\u0117 j\u016bs\u0173 vaikui, puikiai<\/p>","protected":false},"featured_media":84879,"template":"","meta":{"_acf_changed":false,"_glsr_average":0,"_glsr_ranking":0,"_glsr_reviews":0},"product_brand":[],"product_cat":[233,234],"product_tag":[],"class_list":{"0":"post-84877","1":"product","2":"type-product","3":"status-publish","4":"has-post-thumbnail","6":"product_cat-lauko-pramogos","7":"product_cat-vaikiski-nameliai","8":"\"style=\"background-color: #2ecc711c;\"","10":"first","11":"outofstock","12":"purchasable","13":"product-type-simple"},"acf":[],"yoast_head":"<!-- This site is optimized with the Yoast SEO plugin v27.3 - https:\/\/yoast.com\/product\/yoast-seo-wordpress\/ -->\n<title>Little Tikes sodo namelis PATIO su magi\u0161ku skambu\u010diu, tamsiai m\u0117lynas ir \u017ealias<\/title>\n<meta name=\"description\" content=\"Little Tikes sodo namelis PATIO su magi\u0161ku skambu\u010diu, tamsiai m\u0117lynas ir \u017ealias - KidsPlay. Did\u017eiausias vaik\u0173 \u017eaisl\u0173 pasirinkimas.\" \/>\n<meta name=\"robots\" content=\"index, follow, max-snippet:-1, max-image-preview:large, max-video-preview:-1\" \/>\n<link rel=\"canonical\" href=\"https:\/\/kidsplay.lt\/lv\/products\/little-tikes-sodo-namelis-patio-su-magisku-skambuciu-tamsiai-melynas-ir-zalias\/\" \/>\n<meta property=\"og:locale\" content=\"lv_LV\" \/>\n<meta property=\"og:type\" content=\"article\" \/>\n<meta property=\"og:title\" content=\"Little Tikes sodo namelis PATIO su magi\u0161ku skambu\u010diu, tamsiai m\u0117lynas ir \u017ealias\" \/>\n<meta property=\"og:description\" content=\"Little Tikes sodo namelis PATIO su magi\u0161ku skambu\u010diu, tamsiai m\u0117lynas ir \u017ealias - KidsPlay. Did\u017eiausias vaik\u0173 \u017eaisl\u0173 pasirinkimas.\" \/>\n<meta property=\"og:url\" content=\"https:\/\/kidsplay.lt\/lv\/products\/little-tikes-sodo-namelis-patio-su-magisku-skambuciu-tamsiai-melynas-ir-zalias\/\" \/>\n<meta property=\"og:site_name\" content=\"KidsPlay\" \/>\n<meta property=\"article:publisher\" content=\"https:\/\/www.facebook.com\/www.kidsplay.lt\" \/>\n<meta property=\"article:modified_time\" content=\"2026-03-17T15:30:12+00:00\" \/>\n<meta property=\"og:image\" content=\"https:\/\/kidsplay.lt\/wp-content\/uploads\/2026\/02\/Little-Tikes-sodo-namelis-PATIO-su-magisku-skambuciu-tamsiai-melynas-ir-zalias.jpg\" \/>\n\t<meta property=\"og:image:width\" content=\"1200\" \/>\n\t<meta property=\"og:image:height\" content=\"1200\" \/>\n\t<meta property=\"og:image:type\" content=\"image\/jpeg\" \/>\n<meta name=\"twitter:card\" content=\"summary_large_image\" \/>\n<meta name=\"twitter:label1\" content=\"Est. reading time\" \/>\n\t<meta name=\"twitter:data1\" content=\"1 min\u016bte\" \/>\n<script type=\"application\/ld+json\" class=\"yoast-schema-graph\">{\"@context\":\"https:\\\/\\\/schema.org\",\"@graph\":[{\"@type\":\"WebPage\",\"@id\":\"https:\\\/\\\/kidsplay.lt\\\/produktas\\\/little-tikes-sodo-namelis-patio-su-magisku-skambuciu-tamsiai-melynas-ir-zalias\\\/\",\"url\":\"https:\\\/\\\/kidsplay.lt\\\/produktas\\\/little-tikes-sodo-namelis-patio-su-magisku-skambuciu-tamsiai-melynas-ir-zalias\\\/\",\"name\":\"Little Tikes sodo namelis PATIO su magi\u0161ku skambu\u010diu, tamsiai m\u0117lynas ir \u017ealias\",\"isPartOf\":{\"@id\":\"https:\\\/\\\/kidsplay.lt\\\/#website\"},\"primaryImageOfPage\":{\"@id\":\"https:\\\/\\\/kidsplay.lt\\\/produktas\\\/little-tikes-sodo-namelis-patio-su-magisku-skambuciu-tamsiai-melynas-ir-zalias\\\/#primaryimage\"},\"image\":{\"@id\":\"https:\\\/\\\/kidsplay.lt\\\/produktas\\\/little-tikes-sodo-namelis-patio-su-magisku-skambuciu-tamsiai-melynas-ir-zalias\\\/#primaryimage\"},\"thumbnailUrl\":\"https:\\\/\\\/kidsplay.lt\\\/wp-content\\\/uploads\\\/2026\\\/02\\\/Little-Tikes-sodo-namelis-PATIO-su-magisku-skambuciu-tamsiai-melynas-ir-zalias.jpg\",\"datePublished\":\"2026-02-22T11:28:21+00:00\",\"dateModified\":\"2026-03-17T15:30:12+00:00\",\"description\":\"Little Tikes sodo namelis PATIO su magi\u0161ku skambu\u010diu, tamsiai m\u0117lynas ir \u017ealias - KidsPlay. Did\u017eiausias vaik\u0173 \u017eaisl\u0173 pasirinkimas.\",\"breadcrumb\":{\"@id\":\"https:\\\/\\\/kidsplay.lt\\\/produktas\\\/little-tikes-sodo-namelis-patio-su-magisku-skambuciu-tamsiai-melynas-ir-zalias\\\/#breadcrumb\"},\"inLanguage\":\"lv-LV\",\"potentialAction\":[{\"@type\":\"ReadAction\",\"target\":[\"https:\\\/\\\/kidsplay.lt\\\/produktas\\\/little-tikes-sodo-namelis-patio-su-magisku-skambuciu-tamsiai-melynas-ir-zalias\\\/\"]}]},{\"@type\":\"ImageObject\",\"inLanguage\":\"lv-LV\",\"@id\":\"https:\\\/\\\/kidsplay.lt\\\/produktas\\\/little-tikes-sodo-namelis-patio-su-magisku-skambuciu-tamsiai-melynas-ir-zalias\\\/#primaryimage\",\"url\":\"https:\\\/\\\/kidsplay.lt\\\/wp-content\\\/uploads\\\/2026\\\/02\\\/Little-Tikes-sodo-namelis-PATIO-su-magisku-skambuciu-tamsiai-melynas-ir-zalias.jpg\",\"contentUrl\":\"https:\\\/\\\/kidsplay.lt\\\/wp-content\\\/uploads\\\/2026\\\/02\\\/Little-Tikes-sodo-namelis-PATIO-su-magisku-skambuciu-tamsiai-melynas-ir-zalias.jpg\",\"width\":1200,\"height\":1200,\"caption\":\"Little Tikes sodo namelis PATIO su magi\u0161ku skambu\u010diu\"},{\"@type\":\"BreadcrumbList\",\"@id\":\"https:\\\/\\\/kidsplay.lt\\\/produktas\\\/little-tikes-sodo-namelis-patio-su-magisku-skambuciu-tamsiai-melynas-ir-zalias\\\/#breadcrumb\",\"itemListElement\":[{\"@type\":\"ListItem\",\"position\":1,\"name\":\"Pagrindinis\",\"item\":\"https:\\\/\\\/kidsplay.lt\\\/\"},{\"@type\":\"ListItem\",\"position\":2,\"name\":\"Parduotuv\u0117\",\"item\":\"https:\\\/\\\/kidsplay.lt\\\/parduotuve\\\/\"},{\"@type\":\"ListItem\",\"position\":3,\"name\":\"Little Tikes sodo namelis PATIO su magi\u0161ku skambu\u010diu, tamsiai m\u0117lynas ir \u017ealias\"}]},{\"@type\":\"WebSite\",\"@id\":\"https:\\\/\\\/kidsplay.lt\\\/#website\",\"url\":\"https:\\\/\\\/kidsplay.lt\\\/\",\"name\":\"Kidsplay.lt\",\"description\":\"\u012evairios prek\u0117s vaikams\",\"publisher\":{\"@id\":\"https:\\\/\\\/kidsplay.lt\\\/#organization\"},\"alternateName\":\"Kidsplay\",\"potentialAction\":[{\"@type\":\"SearchAction\",\"target\":{\"@type\":\"EntryPoint\",\"urlTemplate\":\"https:\\\/\\\/kidsplay.lt\\\/?s={search_term_string}\"},\"query-input\":{\"@type\":\"PropertyValueSpecification\",\"valueRequired\":true,\"valueName\":\"search_term_string\"}}],\"inLanguage\":\"lv-LV\"},{\"@type\":\"Organization\",\"@id\":\"https:\\\/\\\/kidsplay.lt\\\/#organization\",\"name\":\"KidsPlay\",\"url\":\"https:\\\/\\\/kidsplay.lt\\\/\",\"logo\":{\"@type\":\"ImageObject\",\"inLanguage\":\"lv-LV\",\"@id\":\"https:\\\/\\\/kidsplay.lt\\\/#\\\/schema\\\/logo\\\/image\\\/\",\"url\":\"https:\\\/\\\/kidsplay.lt\\\/wp-content\\\/uploads\\\/2023\\\/07\\\/kidsplay-logo.png\",\"contentUrl\":\"https:\\\/\\\/kidsplay.lt\\\/wp-content\\\/uploads\\\/2023\\\/07\\\/kidsplay-logo.png\",\"width\":451,\"height\":98,\"caption\":\"KidsPlay\"},\"image\":{\"@id\":\"https:\\\/\\\/kidsplay.lt\\\/#\\\/schema\\\/logo\\\/image\\\/\"},\"sameAs\":[\"https:\\\/\\\/www.facebook.com\\\/www.kidsplay.lt\"]}]}<\/script>\n<!-- \/ Yoast SEO plugin. -->","yoast_head_json":{"title":"Little Tikes sodo namelis PATIO su magi\u0161ku skambu\u010diu, tamsiai m\u0117lynas ir \u017ealias","description":"Little Tikes sodo namelis PATIO su magi\u0161ku skambu\u010diu, tamsiai m\u0117lynas ir \u017ealias - KidsPlay. Did\u017eiausias vaik\u0173 \u017eaisl\u0173 pasirinkimas.","robots":{"index":"index","follow":"follow","max-snippet":"max-snippet:-1","max-image-preview":"max-image-preview:large","max-video-preview":"max-video-preview:-1"},"canonical":"https:\/\/kidsplay.lt\/lv\/products\/little-tikes-sodo-namelis-patio-su-magisku-skambuciu-tamsiai-melynas-ir-zalias\/","og_locale":"lv_LV","og_type":"article","og_title":"Little Tikes sodo namelis PATIO su magi\u0161ku skambu\u010diu, tamsiai m\u0117lynas ir \u017ealias","og_description":"Little Tikes sodo namelis PATIO su magi\u0161ku skambu\u010diu, tamsiai m\u0117lynas ir \u017ealias - KidsPlay. Did\u017eiausias vaik\u0173 \u017eaisl\u0173 pasirinkimas.","og_url":"https:\/\/kidsplay.lt\/lv\/products\/little-tikes-sodo-namelis-patio-su-magisku-skambuciu-tamsiai-melynas-ir-zalias\/","og_site_name":"KidsPlay","article_publisher":"https:\/\/www.facebook.com\/www.kidsplay.lt","article_modified_time":"2026-03-17T15:30:12+00:00","og_image":[{"width":1200,"height":1200,"url":"https:\/\/kidsplay.lt\/wp-content\/uploads\/2026\/02\/Little-Tikes-sodo-namelis-PATIO-su-magisku-skambuciu-tamsiai-melynas-ir-zalias.jpg","type":"image\/jpeg"}],"twitter_card":"summary_large_image","twitter_misc":{"Est. reading time":"1 min\u016bte"},"schema":{"@context":"https:\/\/schema.org","@graph":[{"@type":"WebPage","@id":"https:\/\/kidsplay.lt\/produktas\/little-tikes-sodo-namelis-patio-su-magisku-skambuciu-tamsiai-melynas-ir-zalias\/","url":"https:\/\/kidsplay.lt\/produktas\/little-tikes-sodo-namelis-patio-su-magisku-skambuciu-tamsiai-melynas-ir-zalias\/","name":"Little Tikes sodo namelis PATIO su magi\u0161ku skambu\u010diu, tamsiai m\u0117lynas ir \u017ealias","isPartOf":{"@id":"https:\/\/kidsplay.lt\/#website"},"primaryImageOfPage":{"@id":"https:\/\/kidsplay.lt\/produktas\/little-tikes-sodo-namelis-patio-su-magisku-skambuciu-tamsiai-melynas-ir-zalias\/#primaryimage"},"image":{"@id":"https:\/\/kidsplay.lt\/produktas\/little-tikes-sodo-namelis-patio-su-magisku-skambuciu-tamsiai-melynas-ir-zalias\/#primaryimage"},"thumbnailUrl":"https:\/\/kidsplay.lt\/wp-content\/uploads\/2026\/02\/Little-Tikes-sodo-namelis-PATIO-su-magisku-skambuciu-tamsiai-melynas-ir-zalias.jpg","datePublished":"2026-02-22T11:28:21+00:00","dateModified":"2026-03-17T15:30:12+00:00","description":"Little Tikes sodo namelis PATIO su magi\u0161ku skambu\u010diu, tamsiai m\u0117lynas ir \u017ealias - KidsPlay. Did\u017eiausias vaik\u0173 \u017eaisl\u0173 pasirinkimas.","breadcrumb":{"@id":"https:\/\/kidsplay.lt\/produktas\/little-tikes-sodo-namelis-patio-su-magisku-skambuciu-tamsiai-melynas-ir-zalias\/#breadcrumb"},"inLanguage":"lv-LV","potentialAction":[{"@type":"ReadAction","target":["https:\/\/kidsplay.lt\/produktas\/little-tikes-sodo-namelis-patio-su-magisku-skambuciu-tamsiai-melynas-ir-zalias\/"]}]},{"@type":"ImageObject","inLanguage":"lv-LV","@id":"https:\/\/kidsplay.lt\/produktas\/little-tikes-sodo-namelis-patio-su-magisku-skambuciu-tamsiai-melynas-ir-zalias\/#primaryimage","url":"https:\/\/kidsplay.lt\/wp-content\/uploads\/2026\/02\/Little-Tikes-sodo-namelis-PATIO-su-magisku-skambuciu-tamsiai-melynas-ir-zalias.jpg","contentUrl":"https:\/\/kidsplay.lt\/wp-content\/uploads\/2026\/02\/Little-Tikes-sodo-namelis-PATIO-su-magisku-skambuciu-tamsiai-melynas-ir-zalias.jpg","width":1200,"height":1200,"caption":"Little Tikes sodo namelis PATIO su magi\u0161ku skambu\u010diu"},{"@type":"BreadcrumbList","@id":"https:\/\/kidsplay.lt\/produktas\/little-tikes-sodo-namelis-patio-su-magisku-skambuciu-tamsiai-melynas-ir-zalias\/#breadcrumb","itemListElement":[{"@type":"ListItem","position":1,"name":"Pagrindinis","item":"https:\/\/kidsplay.lt\/"},{"@type":"ListItem","position":2,"name":"Parduotuv\u0117","item":"https:\/\/kidsplay.lt\/parduotuve\/"},{"@type":"ListItem","position":3,"name":"Little Tikes sodo namelis PATIO su magi\u0161ku skambu\u010diu, tamsiai m\u0117lynas ir \u017ealias"}]},{"@type":"WebSite","@id":"https:\/\/kidsplay.lt\/#website","url":"https:\/\/kidsplay.lt\/","name":"B\u0113rnu sp\u0113les.lv","description":"\u012evairios prek\u0117s vaikams","publisher":{"@id":"https:\/\/kidsplay.lt\/#organization"},"alternateName":"Kidsplay","potentialAction":[{"@type":"SearchAction","target":{"@type":"EntryPoint","urlTemplate":"https:\/\/kidsplay.lt\/?s={search_term_string}"},"query-input":{"@type":"PropertyValueSpecification","valueRequired":true,"valueName":"search_term_string"}}],"inLanguage":"lv-LV"},{"@type":"Organization","@id":"https:\/\/kidsplay.lt\/#organization","name":"B\u0113rnu sp\u0113le","url":"https:\/\/kidsplay.lt\/","logo":{"@type":"ImageObject","inLanguage":"lv-LV","@id":"https:\/\/kidsplay.lt\/#\/schema\/logo\/image\/","url":"https:\/\/kidsplay.lt\/wp-content\/uploads\/2023\/07\/kidsplay-logo.png","contentUrl":"https:\/\/kidsplay.lt\/wp-content\/uploads\/2023\/07\/kidsplay-logo.png","width":451,"height":98,"caption":"KidsPlay"},"image":{"@id":"https:\/\/kidsplay.lt\/#\/schema\/logo\/image\/"},"sameAs":["https:\/\/www.facebook.com\/www.kidsplay.lt"]}]}},"_links":{"self":[{"href":"https:\/\/kidsplay.lt\/lv\/wp-json\/wp\/v2\/product\/84877","targetHints":{"allow":["GET"]}}],"collection":[{"href":"https:\/\/kidsplay.lt\/lv\/wp-json\/wp\/v2\/product"}],"about":[{"href":"https:\/\/kidsplay.lt\/lv\/wp-json\/wp\/v2\/types\/product"}],"version-history":[{"count":1,"href":"https:\/\/kidsplay.lt\/lv\/wp-json\/wp\/v2\/product\/84877\/revisions"}],"predecessor-version":[{"id":84878,"href":"https:\/\/kidsplay.lt\/lv\/wp-json\/wp\/v2\/product\/84877\/revisions\/84878"}],"wp:featuredmedia":[{"embeddable":true,"href":"https:\/\/kidsplay.lt\/lv\/wp-json\/wp\/v2\/media\/84879"}],"wp:attachment":[{"href":"https:\/\/kidsplay.lt\/lv\/wp-json\/wp\/v2\/media?parent=84877"}],"wp:term":[{"taxonomy":"product_brand","embeddable":true,"href":"https:\/\/kidsplay.lt\/lv\/wp-json\/wp\/v2\/product_brand?post=84877"},{"taxonomy":"product_cat","embeddable":true,"href":"https:\/\/kidsplay.lt\/lv\/wp-json\/wp\/v2\/product_cat?post=84877"},{"taxonomy":"product_tag","embeddable":true,"href":"https:\/\/kidsplay.lt\/lv\/wp-json\/wp\/v2\/product_tag?post=84877"}],"curies":[{"name":"wp","href":"https:\/\/api.w.org\/{rel}","templated":true}]}}