{"id":84957,"date":"2026-02-22T13:35:01","date_gmt":"2026-02-22T11:35:01","guid":{"rendered":"https:\/\/kidsplay.lt\/produktas\/classic-world-2-in-1-medinis-barskutis-maraka-vaivorykste-1-vnt\/"},"modified":"2026-04-13T14:13:04","modified_gmt":"2026-04-13T11:13:04","slug":"classic-world-2-in-1-medinis-barskutis-maraka-vaivorykste-1-vnt","status":"publish","type":"product","link":"https:\/\/kidsplay.lt\/lv\/products\/classic-world-2-in-1-medinis-barskutis-maraka-vaivorykste-1-vnt\/","title":{"rendered":"CLASSIC WORLD 2-in-1 medinis bar\u0161kutis\u2013maraka \u201eVaivoryk\u0161t\u0117\u201c, 1 vnt."},"content":{"rendered":"<p>Classic World 2-in-1 medinis bar\u0161kutis\u2013maraka \u2013 puiki dovana kiekvienam ma\u017eajam muzikos gerb\u0117jui. Vaikai gali kurti savo ritmus ir \u017eingsnis po \u017eingsnio atrasti muzikos pasaul\u012f. \u017daidimo metu ma\u017eyliai stebi viduje \u0161okin\u0117jan\u010dius karoliukus, kurie traukia ak\u012f ir skatina smalsum\u0105. \u0160ie nuostab\u016bs marakai padeda lavinti ritm\u0105 ir stimuliuoja poj\u016b\u010dius.<\/p>\n<p>Raksturojums:<\/p>\n<p> \tTinka vaikams nuo 10 m\u0117nesi\u0173<br \/>\n \t2 viename \u2013 bar\u0161kutis ir marakai<br \/>\n \tPagamintas i\u0161 med\u017eio<br \/>\n \t6 skirtingos spalvos<br \/>\n \tBe a\u0161tri\u0173 briaun\u0173<br \/>\n \tDraugi\u0161kas aplinkai produktas<br \/>\n \tDa\u017eytas netoksi\u0161kais, vaikams visi\u0161kai saugiais da\u017eais<\/p>\n<p>Rota\u013clietu lav\u012bna:<\/p>\n<p> \tVaizduot\u0119<br \/>\n \tK\u016brybi\u0161kum\u0105<br \/>\n \tJautrum\u0105 muzikiniams \u012fsp\u016bd\u017eiams<br \/>\n \tKlaus\u0105<br \/>\n \tReg\u0105<\/p>\n<p>Kaina nurodyta u\u017e 1 vnt. Spalva parenkama atsitiktinai.<\/p>","protected":false},"excerpt":{"rendered":"<p>Classic World 2-in-1 medinis bar\u0161kutis\u2013maraka \u2013 puiki dovana kiekvienam ma\u017eajam muzikos gerb\u0117jui. Vaikai gali kurti savo ritmus ir \u017eingsnis po<\/p>","protected":false},"featured_media":84959,"template":"","meta":{"_acf_changed":false,"_glsr_average":0,"_glsr_ranking":0,"_glsr_reviews":0},"product_brand":[],"product_cat":[449,229],"product_tag":[],"class_list":{"0":"post-84957","1":"product","2":"type-product","3":"status-publish","4":"has-post-thumbnail","6":"product_cat-muzikiniai","7":"product_cat-zaislai-vaikams","8":"\"style=\"background-color: #2ecc711c;\"","10":"first","11":"instock","12":"purchasable","13":"product-type-simple"},"acf":[],"yoast_head":"<!-- This site is optimized with the Yoast SEO plugin v27.3 - https:\/\/yoast.com\/product\/yoast-seo-wordpress\/ -->\n<title>CLASSIC WORLD 2-in-1 medinis bar\u0161kutis\u2013maraka \u201eVaivoryk\u0161t\u0117\u201c, 1 vnt.<\/title>\n<meta name=\"description\" content=\"CLASSIC WORLD 2-in-1 medinis bar\u0161kutis\u2013maraka \u201eVaivoryk\u0161t\u0117\u201c, 1 vnt. - KidsPlay. Did\u017eiausias vaik\u0173 \u017eaisl\u0173 pasirinkimas.\" \/>\n<meta name=\"robots\" content=\"index, follow, max-snippet:-1, max-image-preview:large, max-video-preview:-1\" \/>\n<link rel=\"canonical\" href=\"https:\/\/kidsplay.lt\/lv\/products\/classic-world-2-in-1-medinis-barskutis-maraka-vaivorykste-1-vnt\/\" \/>\n<meta property=\"og:locale\" content=\"lv_LV\" \/>\n<meta property=\"og:type\" content=\"article\" \/>\n<meta property=\"og:title\" content=\"CLASSIC WORLD 2-in-1 medinis bar\u0161kutis\u2013maraka \u201eVaivoryk\u0161t\u0117\u201c, 1 vnt.\" \/>\n<meta property=\"og:description\" content=\"CLASSIC WORLD 2-in-1 medinis bar\u0161kutis\u2013maraka \u201eVaivoryk\u0161t\u0117\u201c, 1 vnt. - KidsPlay. Did\u017eiausias vaik\u0173 \u017eaisl\u0173 pasirinkimas.\" \/>\n<meta property=\"og:url\" content=\"https:\/\/kidsplay.lt\/lv\/products\/classic-world-2-in-1-medinis-barskutis-maraka-vaivorykste-1-vnt\/\" \/>\n<meta property=\"og:site_name\" content=\"KidsPlay\" \/>\n<meta property=\"article:publisher\" content=\"https:\/\/www.facebook.com\/www.kidsplay.lt\" \/>\n<meta property=\"article:modified_time\" content=\"2026-04-13T11:13:04+00:00\" \/>\n<meta property=\"og:image\" content=\"https:\/\/kidsplay.lt\/wp-content\/uploads\/2026\/02\/CLASSIC-WORLD-2-in-1-medinis-barskutis\u2013maraka-\u201eVaivorykste-1-vnt.jpg\" \/>\n\t<meta property=\"og:image:width\" content=\"1000\" \/>\n\t<meta property=\"og:image:height\" content=\"1000\" \/>\n\t<meta property=\"og:image:type\" content=\"image\/jpeg\" \/>\n<meta name=\"twitter:card\" content=\"summary_large_image\" \/>\n<meta name=\"twitter:label1\" content=\"Est. reading time\" \/>\n\t<meta name=\"twitter:data1\" content=\"1 min\u016bte\" \/>\n<script type=\"application\/ld+json\" class=\"yoast-schema-graph\">{\"@context\":\"https:\\\/\\\/schema.org\",\"@graph\":[{\"@type\":\"WebPage\",\"@id\":\"https:\\\/\\\/kidsplay.lt\\\/produktas\\\/classic-world-2-in-1-medinis-barskutis-maraka-vaivorykste-1-vnt\\\/\",\"url\":\"https:\\\/\\\/kidsplay.lt\\\/produktas\\\/classic-world-2-in-1-medinis-barskutis-maraka-vaivorykste-1-vnt\\\/\",\"name\":\"CLASSIC WORLD 2-in-1 medinis bar\u0161kutis\u2013maraka \u201eVaivoryk\u0161t\u0117\u201c, 1 vnt.\",\"isPartOf\":{\"@id\":\"https:\\\/\\\/kidsplay.lt\\\/#website\"},\"primaryImageOfPage\":{\"@id\":\"https:\\\/\\\/kidsplay.lt\\\/produktas\\\/classic-world-2-in-1-medinis-barskutis-maraka-vaivorykste-1-vnt\\\/#primaryimage\"},\"image\":{\"@id\":\"https:\\\/\\\/kidsplay.lt\\\/produktas\\\/classic-world-2-in-1-medinis-barskutis-maraka-vaivorykste-1-vnt\\\/#primaryimage\"},\"thumbnailUrl\":\"https:\\\/\\\/kidsplay.lt\\\/wp-content\\\/uploads\\\/2026\\\/02\\\/CLASSIC-WORLD-2-in-1-medinis-barskutis\u2013maraka-\u201eVaivorykste-1-vnt.jpg\",\"datePublished\":\"2026-02-22T11:35:01+00:00\",\"dateModified\":\"2026-04-13T11:13:04+00:00\",\"description\":\"CLASSIC WORLD 2-in-1 medinis bar\u0161kutis\u2013maraka \u201eVaivoryk\u0161t\u0117\u201c, 1 vnt. - KidsPlay. Did\u017eiausias vaik\u0173 \u017eaisl\u0173 pasirinkimas.\",\"breadcrumb\":{\"@id\":\"https:\\\/\\\/kidsplay.lt\\\/produktas\\\/classic-world-2-in-1-medinis-barskutis-maraka-vaivorykste-1-vnt\\\/#breadcrumb\"},\"inLanguage\":\"lv-LV\",\"potentialAction\":[{\"@type\":\"ReadAction\",\"target\":[\"https:\\\/\\\/kidsplay.lt\\\/produktas\\\/classic-world-2-in-1-medinis-barskutis-maraka-vaivorykste-1-vnt\\\/\"]}]},{\"@type\":\"ImageObject\",\"inLanguage\":\"lv-LV\",\"@id\":\"https:\\\/\\\/kidsplay.lt\\\/produktas\\\/classic-world-2-in-1-medinis-barskutis-maraka-vaivorykste-1-vnt\\\/#primaryimage\",\"url\":\"https:\\\/\\\/kidsplay.lt\\\/wp-content\\\/uploads\\\/2026\\\/02\\\/CLASSIC-WORLD-2-in-1-medinis-barskutis\u2013maraka-\u201eVaivorykste-1-vnt.jpg\",\"contentUrl\":\"https:\\\/\\\/kidsplay.lt\\\/wp-content\\\/uploads\\\/2026\\\/02\\\/CLASSIC-WORLD-2-in-1-medinis-barskutis\u2013maraka-\u201eVaivorykste-1-vnt.jpg\",\"width\":1000,\"height\":1000,\"caption\":\"CLASSIC WORLD 2-in-1 medinis bar\u0161kutis\u2013maraka \u201eVaivoryk\u0161t\u0117\u201c\"},{\"@type\":\"BreadcrumbList\",\"@id\":\"https:\\\/\\\/kidsplay.lt\\\/produktas\\\/classic-world-2-in-1-medinis-barskutis-maraka-vaivorykste-1-vnt\\\/#breadcrumb\",\"itemListElement\":[{\"@type\":\"ListItem\",\"position\":1,\"name\":\"Pagrindinis\",\"item\":\"https:\\\/\\\/kidsplay.lt\\\/\"},{\"@type\":\"ListItem\",\"position\":2,\"name\":\"Parduotuv\u0117\",\"item\":\"https:\\\/\\\/kidsplay.lt\\\/parduotuve\\\/\"},{\"@type\":\"ListItem\",\"position\":3,\"name\":\"CLASSIC WORLD 2-in-1 medinis bar\u0161kutis\u2013maraka \u201eVaivoryk\u0161t\u0117\u201c, 1 vnt.\"}]},{\"@type\":\"WebSite\",\"@id\":\"https:\\\/\\\/kidsplay.lt\\\/#website\",\"url\":\"https:\\\/\\\/kidsplay.lt\\\/\",\"name\":\"Kidsplay.lt\",\"description\":\"\u012evairios prek\u0117s vaikams\",\"publisher\":{\"@id\":\"https:\\\/\\\/kidsplay.lt\\\/#organization\"},\"alternateName\":\"Kidsplay\",\"potentialAction\":[{\"@type\":\"SearchAction\",\"target\":{\"@type\":\"EntryPoint\",\"urlTemplate\":\"https:\\\/\\\/kidsplay.lt\\\/?s={search_term_string}\"},\"query-input\":{\"@type\":\"PropertyValueSpecification\",\"valueRequired\":true,\"valueName\":\"search_term_string\"}}],\"inLanguage\":\"lv-LV\"},{\"@type\":\"Organization\",\"@id\":\"https:\\\/\\\/kidsplay.lt\\\/#organization\",\"name\":\"KidsPlay\",\"url\":\"https:\\\/\\\/kidsplay.lt\\\/\",\"logo\":{\"@type\":\"ImageObject\",\"inLanguage\":\"lv-LV\",\"@id\":\"https:\\\/\\\/kidsplay.lt\\\/#\\\/schema\\\/logo\\\/image\\\/\",\"url\":\"https:\\\/\\\/kidsplay.lt\\\/wp-content\\\/uploads\\\/2023\\\/07\\\/kidsplay-logo.png\",\"contentUrl\":\"https:\\\/\\\/kidsplay.lt\\\/wp-content\\\/uploads\\\/2023\\\/07\\\/kidsplay-logo.png\",\"width\":451,\"height\":98,\"caption\":\"KidsPlay\"},\"image\":{\"@id\":\"https:\\\/\\\/kidsplay.lt\\\/#\\\/schema\\\/logo\\\/image\\\/\"},\"sameAs\":[\"https:\\\/\\\/www.facebook.com\\\/www.kidsplay.lt\"]}]}<\/script>\n<!-- \/ Yoast SEO plugin. -->","yoast_head_json":{"title":"CLASSIC WORLD 2-in-1 medinis bar\u0161kutis\u2013maraka \u201eVaivoryk\u0161t\u0117\u201c, 1 vnt.","description":"CLASSIC WORLD 2-in-1 medinis bar\u0161kutis\u2013maraka \u201eVaivoryk\u0161t\u0117\u201c, 1 vnt. - KidsPlay. Did\u017eiausias vaik\u0173 \u017eaisl\u0173 pasirinkimas.","robots":{"index":"index","follow":"follow","max-snippet":"max-snippet:-1","max-image-preview":"max-image-preview:large","max-video-preview":"max-video-preview:-1"},"canonical":"https:\/\/kidsplay.lt\/lv\/products\/classic-world-2-in-1-medinis-barskutis-maraka-vaivorykste-1-vnt\/","og_locale":"lv_LV","og_type":"article","og_title":"CLASSIC WORLD 2-in-1 medinis bar\u0161kutis\u2013maraka \u201eVaivoryk\u0161t\u0117\u201c, 1 vnt.","og_description":"CLASSIC WORLD 2-in-1 medinis bar\u0161kutis\u2013maraka \u201eVaivoryk\u0161t\u0117\u201c, 1 vnt. - KidsPlay. Did\u017eiausias vaik\u0173 \u017eaisl\u0173 pasirinkimas.","og_url":"https:\/\/kidsplay.lt\/lv\/products\/classic-world-2-in-1-medinis-barskutis-maraka-vaivorykste-1-vnt\/","og_site_name":"KidsPlay","article_publisher":"https:\/\/www.facebook.com\/www.kidsplay.lt","article_modified_time":"2026-04-13T11:13:04+00:00","og_image":[{"width":1000,"height":1000,"url":"https:\/\/kidsplay.lt\/wp-content\/uploads\/2026\/02\/CLASSIC-WORLD-2-in-1-medinis-barskutis\u2013maraka-\u201eVaivorykste-1-vnt.jpg","type":"image\/jpeg"}],"twitter_card":"summary_large_image","twitter_misc":{"Est. reading time":"1 min\u016bte"},"schema":{"@context":"https:\/\/schema.org","@graph":[{"@type":"WebPage","@id":"https:\/\/kidsplay.lt\/produktas\/classic-world-2-in-1-medinis-barskutis-maraka-vaivorykste-1-vnt\/","url":"https:\/\/kidsplay.lt\/produktas\/classic-world-2-in-1-medinis-barskutis-maraka-vaivorykste-1-vnt\/","name":"CLASSIC WORLD 2-in-1 medinis bar\u0161kutis\u2013maraka \u201eVaivoryk\u0161t\u0117\u201c, 1 vnt.","isPartOf":{"@id":"https:\/\/kidsplay.lt\/#website"},"primaryImageOfPage":{"@id":"https:\/\/kidsplay.lt\/produktas\/classic-world-2-in-1-medinis-barskutis-maraka-vaivorykste-1-vnt\/#primaryimage"},"image":{"@id":"https:\/\/kidsplay.lt\/produktas\/classic-world-2-in-1-medinis-barskutis-maraka-vaivorykste-1-vnt\/#primaryimage"},"thumbnailUrl":"https:\/\/kidsplay.lt\/wp-content\/uploads\/2026\/02\/CLASSIC-WORLD-2-in-1-medinis-barskutis\u2013maraka-\u201eVaivorykste-1-vnt.jpg","datePublished":"2026-02-22T11:35:01+00:00","dateModified":"2026-04-13T11:13:04+00:00","description":"CLASSIC WORLD 2-in-1 medinis bar\u0161kutis\u2013maraka \u201eVaivoryk\u0161t\u0117\u201c, 1 vnt. - KidsPlay. Did\u017eiausias vaik\u0173 \u017eaisl\u0173 pasirinkimas.","breadcrumb":{"@id":"https:\/\/kidsplay.lt\/produktas\/classic-world-2-in-1-medinis-barskutis-maraka-vaivorykste-1-vnt\/#breadcrumb"},"inLanguage":"lv-LV","potentialAction":[{"@type":"ReadAction","target":["https:\/\/kidsplay.lt\/produktas\/classic-world-2-in-1-medinis-barskutis-maraka-vaivorykste-1-vnt\/"]}]},{"@type":"ImageObject","inLanguage":"lv-LV","@id":"https:\/\/kidsplay.lt\/produktas\/classic-world-2-in-1-medinis-barskutis-maraka-vaivorykste-1-vnt\/#primaryimage","url":"https:\/\/kidsplay.lt\/wp-content\/uploads\/2026\/02\/CLASSIC-WORLD-2-in-1-medinis-barskutis\u2013maraka-\u201eVaivorykste-1-vnt.jpg","contentUrl":"https:\/\/kidsplay.lt\/wp-content\/uploads\/2026\/02\/CLASSIC-WORLD-2-in-1-medinis-barskutis\u2013maraka-\u201eVaivorykste-1-vnt.jpg","width":1000,"height":1000,"caption":"CLASSIC WORLD 2-in-1 medinis bar\u0161kutis\u2013maraka \u201eVaivoryk\u0161t\u0117\u201c"},{"@type":"BreadcrumbList","@id":"https:\/\/kidsplay.lt\/produktas\/classic-world-2-in-1-medinis-barskutis-maraka-vaivorykste-1-vnt\/#breadcrumb","itemListElement":[{"@type":"ListItem","position":1,"name":"Pagrindinis","item":"https:\/\/kidsplay.lt\/"},{"@type":"ListItem","position":2,"name":"Parduotuv\u0117","item":"https:\/\/kidsplay.lt\/parduotuve\/"},{"@type":"ListItem","position":3,"name":"CLASSIC WORLD 2-in-1 medinis bar\u0161kutis\u2013maraka \u201eVaivoryk\u0161t\u0117\u201c, 1 vnt."}]},{"@type":"WebSite","@id":"https:\/\/kidsplay.lt\/#website","url":"https:\/\/kidsplay.lt\/","name":"B\u0113rnu sp\u0113les.lv","description":"\u012evairios prek\u0117s vaikams","publisher":{"@id":"https:\/\/kidsplay.lt\/#organization"},"alternateName":"Kidsplay","potentialAction":[{"@type":"SearchAction","target":{"@type":"EntryPoint","urlTemplate":"https:\/\/kidsplay.lt\/?s={search_term_string}"},"query-input":{"@type":"PropertyValueSpecification","valueRequired":true,"valueName":"search_term_string"}}],"inLanguage":"lv-LV"},{"@type":"Organization","@id":"https:\/\/kidsplay.lt\/#organization","name":"B\u0113rnu sp\u0113le","url":"https:\/\/kidsplay.lt\/","logo":{"@type":"ImageObject","inLanguage":"lv-LV","@id":"https:\/\/kidsplay.lt\/#\/schema\/logo\/image\/","url":"https:\/\/kidsplay.lt\/wp-content\/uploads\/2023\/07\/kidsplay-logo.png","contentUrl":"https:\/\/kidsplay.lt\/wp-content\/uploads\/2023\/07\/kidsplay-logo.png","width":451,"height":98,"caption":"KidsPlay"},"image":{"@id":"https:\/\/kidsplay.lt\/#\/schema\/logo\/image\/"},"sameAs":["https:\/\/www.facebook.com\/www.kidsplay.lt"]}]}},"_links":{"self":[{"href":"https:\/\/kidsplay.lt\/lv\/wp-json\/wp\/v2\/product\/84957","targetHints":{"allow":["GET"]}}],"collection":[{"href":"https:\/\/kidsplay.lt\/lv\/wp-json\/wp\/v2\/product"}],"about":[{"href":"https:\/\/kidsplay.lt\/lv\/wp-json\/wp\/v2\/types\/product"}],"version-history":[{"count":1,"href":"https:\/\/kidsplay.lt\/lv\/wp-json\/wp\/v2\/product\/84957\/revisions"}],"predecessor-version":[{"id":84958,"href":"https:\/\/kidsplay.lt\/lv\/wp-json\/wp\/v2\/product\/84957\/revisions\/84958"}],"wp:featuredmedia":[{"embeddable":true,"href":"https:\/\/kidsplay.lt\/lv\/wp-json\/wp\/v2\/media\/84959"}],"wp:attachment":[{"href":"https:\/\/kidsplay.lt\/lv\/wp-json\/wp\/v2\/media?parent=84957"}],"wp:term":[{"taxonomy":"product_brand","embeddable":true,"href":"https:\/\/kidsplay.lt\/lv\/wp-json\/wp\/v2\/product_brand?post=84957"},{"taxonomy":"product_cat","embeddable":true,"href":"https:\/\/kidsplay.lt\/lv\/wp-json\/wp\/v2\/product_cat?post=84957"},{"taxonomy":"product_tag","embeddable":true,"href":"https:\/\/kidsplay.lt\/lv\/wp-json\/wp\/v2\/product_tag?post=84957"}],"curies":[{"name":"wp","href":"https:\/\/api.w.org\/{rel}","templated":true}]}}