{"id":84971,"date":"2026-02-22T13:35:24","date_gmt":"2026-02-22T11:35:24","guid":{"rendered":"https:\/\/kidsplay.lt\/produktas\/woopie-royal-lele-lily-30-cm-ilgi-sviesus-plaukai-elegantiska-turkio-suknele\/"},"modified":"2026-04-07T09:51:15","modified_gmt":"2026-04-07T06:51:15","slug":"woopie-royal-lele-lily-30-cm-ilgi-sviesus-plaukai-elegantiska-turkio-suknele","status":"publish","type":"product","link":"https:\/\/kidsplay.lt\/lv\/products\/woopie-royal-lele-lily-30-cm-ilgi-sviesus-plaukai-elegantiska-turkio-suknele\/","title":{"rendered":"WOOPIE ROYAL l\u0117l\u0117 Lily, 30 cm, ilgi \u0161vies\u016bs plaukai, eleganti\u0161ka turkio suknel\u0117"},"content":{"rendered":"<p>Susipa\u017einkite su nuostabi\u0105ja Woopie Royal l\u0117le Lily, kuri \u017eavi savo nesenstan\u010diu stiliumi ir i\u0161skirtine elegancija. \u0160i \u017eavinga ilgaplauk\u0117 blondin\u0117 vilki pasaki\u0161k\u0105 turkio spalvos puo\u0161ni\u0105 suknel\u0119, \u0161velniai \u017e\u0117rin\u010di\u0105 blizgu\u010diais. Lengvas tiulio sijonas suteikia aprangai \u017eavesio ir lengvumo, o auksiniai aksesuarai \u2013 v\u0117rinys ir dir\u017eas \u2013 pabr\u0117\u017eia jos karali\u0161k\u0105 \u012fvaizd\u012f. I\u0161vaizd\u0105 u\u017ebaigia eleganti\u0161ki auksiniai auk\u0161takulniai, d\u0117l kuri\u0173 l\u0117l\u0117 atrodo kaip tikra pokylio \u017evaig\u017ed\u0117.<\/p>\n<p>Tai tobula \u017eaidim\u0173 draug\u0117 kiekvienai ma\u017eajai svajotojai, mylin\u010diai mad\u0105, elegancij\u0105 ir pasak\u0173 pasaul\u012f.<\/p>\n<p>Raksturojums:<\/p>\n<p> \tB\u0113rniem no 3 gadu vecuma<br \/>\n \tL\u0117l\u0117 ~30 cm auk\u0161\u010dio, su judan\u010diomis gal\u016bn\u0117mis<br \/>\n \tIlgi, \u0161vies\u016bs plaukai<br \/>\n \tPasaki\u0161ka turkio spalvos puo\u0161ni suknel\u0117 su \u017e\u0117rin\u010diu tiuliu<br \/>\n \tAuksiniai aksesuarai: v\u0117rinys, dir\u017eas ir eleganti\u0161ki auk\u0161takulniai<\/p>\n<p>Rinkinyje yra:<\/p>\n<p> \tL\u0117l\u0117 Lily su turkio spalvos suknele<br \/>\n \tAuksinis v\u0117rinys<br \/>\n \tAuksinis dir\u017eas<br \/>\n \tBateli\u0173 pora<\/p>\n<p>\u017daislas lavina:<\/p>\n<p> \tMotorinius \u012fg\u016bd\u017eius<br \/>\n \tK\u016brybi\u0161kum\u0105<br \/>\n \tSavaranki\u0161kum\u0105<br \/>\n \tSocialinius \u012fg\u016bd\u017eius<\/p>","protected":false},"excerpt":{"rendered":"<p>Susipa\u017einkite su nuostabi\u0105ja Woopie Royal l\u0117le Lily, kuri \u017eavi savo nesenstan\u010diu stiliumi ir i\u0161skirtine elegancija. \u0160i \u017eavinga ilgaplauk\u0117 blondin\u0117 vilki<\/p>","protected":false},"featured_media":84973,"template":"","meta":{"_acf_changed":false,"_glsr_average":0,"_glsr_ranking":0,"_glsr_reviews":0},"product_brand":[],"product_cat":[443,229],"product_tag":[],"class_list":{"0":"post-84971","1":"product","2":"type-product","3":"status-publish","4":"has-post-thumbnail","6":"product_cat-leles-ir-priedai","7":"product_cat-zaislai-vaikams","8":"\"style=\"background-color: #2ecc711c;\"","10":"first","11":"instock","12":"purchasable","13":"product-type-simple"},"acf":[],"yoast_head":"<!-- This site is optimized with the Yoast SEO plugin v27.3 - https:\/\/yoast.com\/product\/yoast-seo-wordpress\/ -->\n<title>WOOPIE ROYAL l\u0117l\u0117 Lily, 30 cm, ilgi \u0161vies\u016bs plaukai, eleganti\u0161ka turkio suknel\u0117<\/title>\n<meta name=\"description\" content=\"WOOPIE ROYAL l\u0117l\u0117 Lily, 30 cm, ilgi \u0161vies\u016bs plaukai, eleganti\u0161ka turkio suknel\u0117 - KidsPlay. Did\u017eiausias vaik\u0173 \u017eaisl\u0173 pasirinkimas.\" \/>\n<meta name=\"robots\" content=\"index, follow, max-snippet:-1, max-image-preview:large, max-video-preview:-1\" \/>\n<link rel=\"canonical\" href=\"https:\/\/kidsplay.lt\/lv\/products\/woopie-royal-lele-lily-30-cm-ilgi-sviesus-plaukai-elegantiska-turkio-suknele\/\" \/>\n<meta property=\"og:locale\" content=\"lv_LV\" \/>\n<meta property=\"og:type\" content=\"article\" \/>\n<meta property=\"og:title\" content=\"WOOPIE ROYAL l\u0117l\u0117 Lily, 30 cm, ilgi \u0161vies\u016bs plaukai, eleganti\u0161ka turkio suknel\u0117\" \/>\n<meta property=\"og:description\" content=\"WOOPIE ROYAL l\u0117l\u0117 Lily, 30 cm, ilgi \u0161vies\u016bs plaukai, eleganti\u0161ka turkio suknel\u0117 - KidsPlay. Did\u017eiausias vaik\u0173 \u017eaisl\u0173 pasirinkimas.\" \/>\n<meta property=\"og:url\" content=\"https:\/\/kidsplay.lt\/lv\/products\/woopie-royal-lele-lily-30-cm-ilgi-sviesus-plaukai-elegantiska-turkio-suknele\/\" \/>\n<meta property=\"og:site_name\" content=\"KidsPlay\" \/>\n<meta property=\"article:publisher\" content=\"https:\/\/www.facebook.com\/www.kidsplay.lt\" \/>\n<meta property=\"article:modified_time\" content=\"2026-04-07T06:51:15+00:00\" \/>\n<meta property=\"og:image\" content=\"https:\/\/kidsplay.lt\/wp-content\/uploads\/2026\/02\/WOOPIE-ROYAL-lele-Lily-30-cm-ilgi-sviesus-plaukai-elegantiska-turkio-suknele.jpg\" \/>\n\t<meta property=\"og:image:width\" content=\"1000\" \/>\n\t<meta property=\"og:image:height\" content=\"1000\" \/>\n\t<meta property=\"og:image:type\" content=\"image\/jpeg\" \/>\n<meta name=\"twitter:card\" content=\"summary_large_image\" \/>\n<meta name=\"twitter:label1\" content=\"Est. reading time\" \/>\n\t<meta name=\"twitter:data1\" content=\"1 min\u016bte\" \/>\n<script type=\"application\/ld+json\" class=\"yoast-schema-graph\">{\"@context\":\"https:\\\/\\\/schema.org\",\"@graph\":[{\"@type\":\"WebPage\",\"@id\":\"https:\\\/\\\/kidsplay.lt\\\/produktas\\\/woopie-royal-lele-lily-30-cm-ilgi-sviesus-plaukai-elegantiska-turkio-suknele\\\/\",\"url\":\"https:\\\/\\\/kidsplay.lt\\\/produktas\\\/woopie-royal-lele-lily-30-cm-ilgi-sviesus-plaukai-elegantiska-turkio-suknele\\\/\",\"name\":\"WOOPIE ROYAL l\u0117l\u0117 Lily, 30 cm, ilgi \u0161vies\u016bs plaukai, eleganti\u0161ka turkio suknel\u0117\",\"isPartOf\":{\"@id\":\"https:\\\/\\\/kidsplay.lt\\\/#website\"},\"primaryImageOfPage\":{\"@id\":\"https:\\\/\\\/kidsplay.lt\\\/produktas\\\/woopie-royal-lele-lily-30-cm-ilgi-sviesus-plaukai-elegantiska-turkio-suknele\\\/#primaryimage\"},\"image\":{\"@id\":\"https:\\\/\\\/kidsplay.lt\\\/produktas\\\/woopie-royal-lele-lily-30-cm-ilgi-sviesus-plaukai-elegantiska-turkio-suknele\\\/#primaryimage\"},\"thumbnailUrl\":\"https:\\\/\\\/kidsplay.lt\\\/wp-content\\\/uploads\\\/2026\\\/02\\\/WOOPIE-ROYAL-lele-Lily-30-cm-ilgi-sviesus-plaukai-elegantiska-turkio-suknele.jpg\",\"datePublished\":\"2026-02-22T11:35:24+00:00\",\"dateModified\":\"2026-04-07T06:51:15+00:00\",\"description\":\"WOOPIE ROYAL l\u0117l\u0117 Lily, 30 cm, ilgi \u0161vies\u016bs plaukai, eleganti\u0161ka turkio suknel\u0117 - KidsPlay. Did\u017eiausias vaik\u0173 \u017eaisl\u0173 pasirinkimas.\",\"breadcrumb\":{\"@id\":\"https:\\\/\\\/kidsplay.lt\\\/produktas\\\/woopie-royal-lele-lily-30-cm-ilgi-sviesus-plaukai-elegantiska-turkio-suknele\\\/#breadcrumb\"},\"inLanguage\":\"lv-LV\",\"potentialAction\":[{\"@type\":\"ReadAction\",\"target\":[\"https:\\\/\\\/kidsplay.lt\\\/produktas\\\/woopie-royal-lele-lily-30-cm-ilgi-sviesus-plaukai-elegantiska-turkio-suknele\\\/\"]}]},{\"@type\":\"ImageObject\",\"inLanguage\":\"lv-LV\",\"@id\":\"https:\\\/\\\/kidsplay.lt\\\/produktas\\\/woopie-royal-lele-lily-30-cm-ilgi-sviesus-plaukai-elegantiska-turkio-suknele\\\/#primaryimage\",\"url\":\"https:\\\/\\\/kidsplay.lt\\\/wp-content\\\/uploads\\\/2026\\\/02\\\/WOOPIE-ROYAL-lele-Lily-30-cm-ilgi-sviesus-plaukai-elegantiska-turkio-suknele.jpg\",\"contentUrl\":\"https:\\\/\\\/kidsplay.lt\\\/wp-content\\\/uploads\\\/2026\\\/02\\\/WOOPIE-ROYAL-lele-Lily-30-cm-ilgi-sviesus-plaukai-elegantiska-turkio-suknele.jpg\",\"width\":1000,\"height\":1000,\"caption\":\"WOOPIE ROYAL l\u0117l\u0117 Lily\"},{\"@type\":\"BreadcrumbList\",\"@id\":\"https:\\\/\\\/kidsplay.lt\\\/produktas\\\/woopie-royal-lele-lily-30-cm-ilgi-sviesus-plaukai-elegantiska-turkio-suknele\\\/#breadcrumb\",\"itemListElement\":[{\"@type\":\"ListItem\",\"position\":1,\"name\":\"Pagrindinis\",\"item\":\"https:\\\/\\\/kidsplay.lt\\\/\"},{\"@type\":\"ListItem\",\"position\":2,\"name\":\"Parduotuv\u0117\",\"item\":\"https:\\\/\\\/kidsplay.lt\\\/parduotuve\\\/\"},{\"@type\":\"ListItem\",\"position\":3,\"name\":\"WOOPIE ROYAL l\u0117l\u0117 Lily, 30 cm, ilgi \u0161vies\u016bs plaukai, eleganti\u0161ka turkio suknel\u0117\"}]},{\"@type\":\"WebSite\",\"@id\":\"https:\\\/\\\/kidsplay.lt\\\/#website\",\"url\":\"https:\\\/\\\/kidsplay.lt\\\/\",\"name\":\"Kidsplay.lt\",\"description\":\"\u012evairios prek\u0117s vaikams\",\"publisher\":{\"@id\":\"https:\\\/\\\/kidsplay.lt\\\/#organization\"},\"alternateName\":\"Kidsplay\",\"potentialAction\":[{\"@type\":\"SearchAction\",\"target\":{\"@type\":\"EntryPoint\",\"urlTemplate\":\"https:\\\/\\\/kidsplay.lt\\\/?s={search_term_string}\"},\"query-input\":{\"@type\":\"PropertyValueSpecification\",\"valueRequired\":true,\"valueName\":\"search_term_string\"}}],\"inLanguage\":\"lv-LV\"},{\"@type\":\"Organization\",\"@id\":\"https:\\\/\\\/kidsplay.lt\\\/#organization\",\"name\":\"KidsPlay\",\"url\":\"https:\\\/\\\/kidsplay.lt\\\/\",\"logo\":{\"@type\":\"ImageObject\",\"inLanguage\":\"lv-LV\",\"@id\":\"https:\\\/\\\/kidsplay.lt\\\/#\\\/schema\\\/logo\\\/image\\\/\",\"url\":\"https:\\\/\\\/kidsplay.lt\\\/wp-content\\\/uploads\\\/2023\\\/07\\\/kidsplay-logo.png\",\"contentUrl\":\"https:\\\/\\\/kidsplay.lt\\\/wp-content\\\/uploads\\\/2023\\\/07\\\/kidsplay-logo.png\",\"width\":451,\"height\":98,\"caption\":\"KidsPlay\"},\"image\":{\"@id\":\"https:\\\/\\\/kidsplay.lt\\\/#\\\/schema\\\/logo\\\/image\\\/\"},\"sameAs\":[\"https:\\\/\\\/www.facebook.com\\\/www.kidsplay.lt\"]}]}<\/script>\n<!-- \/ Yoast SEO plugin. -->","yoast_head_json":{"title":"WOOPIE ROYAL l\u0117l\u0117 Lily, 30 cm, ilgi \u0161vies\u016bs plaukai, eleganti\u0161ka turkio suknel\u0117","description":"WOOPIE ROYAL l\u0117l\u0117 Lily, 30 cm, ilgi \u0161vies\u016bs plaukai, eleganti\u0161ka turkio suknel\u0117 - KidsPlay. Did\u017eiausias vaik\u0173 \u017eaisl\u0173 pasirinkimas.","robots":{"index":"index","follow":"follow","max-snippet":"max-snippet:-1","max-image-preview":"max-image-preview:large","max-video-preview":"max-video-preview:-1"},"canonical":"https:\/\/kidsplay.lt\/lv\/products\/woopie-royal-lele-lily-30-cm-ilgi-sviesus-plaukai-elegantiska-turkio-suknele\/","og_locale":"lv_LV","og_type":"article","og_title":"WOOPIE ROYAL l\u0117l\u0117 Lily, 30 cm, ilgi \u0161vies\u016bs plaukai, eleganti\u0161ka turkio suknel\u0117","og_description":"WOOPIE ROYAL l\u0117l\u0117 Lily, 30 cm, ilgi \u0161vies\u016bs plaukai, eleganti\u0161ka turkio suknel\u0117 - KidsPlay. Did\u017eiausias vaik\u0173 \u017eaisl\u0173 pasirinkimas.","og_url":"https:\/\/kidsplay.lt\/lv\/products\/woopie-royal-lele-lily-30-cm-ilgi-sviesus-plaukai-elegantiska-turkio-suknele\/","og_site_name":"KidsPlay","article_publisher":"https:\/\/www.facebook.com\/www.kidsplay.lt","article_modified_time":"2026-04-07T06:51:15+00:00","og_image":[{"width":1000,"height":1000,"url":"https:\/\/kidsplay.lt\/wp-content\/uploads\/2026\/02\/WOOPIE-ROYAL-lele-Lily-30-cm-ilgi-sviesus-plaukai-elegantiska-turkio-suknele.jpg","type":"image\/jpeg"}],"twitter_card":"summary_large_image","twitter_misc":{"Est. reading time":"1 min\u016bte"},"schema":{"@context":"https:\/\/schema.org","@graph":[{"@type":"WebPage","@id":"https:\/\/kidsplay.lt\/produktas\/woopie-royal-lele-lily-30-cm-ilgi-sviesus-plaukai-elegantiska-turkio-suknele\/","url":"https:\/\/kidsplay.lt\/produktas\/woopie-royal-lele-lily-30-cm-ilgi-sviesus-plaukai-elegantiska-turkio-suknele\/","name":"WOOPIE ROYAL l\u0117l\u0117 Lily, 30 cm, ilgi \u0161vies\u016bs plaukai, eleganti\u0161ka turkio suknel\u0117","isPartOf":{"@id":"https:\/\/kidsplay.lt\/#website"},"primaryImageOfPage":{"@id":"https:\/\/kidsplay.lt\/produktas\/woopie-royal-lele-lily-30-cm-ilgi-sviesus-plaukai-elegantiska-turkio-suknele\/#primaryimage"},"image":{"@id":"https:\/\/kidsplay.lt\/produktas\/woopie-royal-lele-lily-30-cm-ilgi-sviesus-plaukai-elegantiska-turkio-suknele\/#primaryimage"},"thumbnailUrl":"https:\/\/kidsplay.lt\/wp-content\/uploads\/2026\/02\/WOOPIE-ROYAL-lele-Lily-30-cm-ilgi-sviesus-plaukai-elegantiska-turkio-suknele.jpg","datePublished":"2026-02-22T11:35:24+00:00","dateModified":"2026-04-07T06:51:15+00:00","description":"WOOPIE ROYAL l\u0117l\u0117 Lily, 30 cm, ilgi \u0161vies\u016bs plaukai, eleganti\u0161ka turkio suknel\u0117 - KidsPlay. Did\u017eiausias vaik\u0173 \u017eaisl\u0173 pasirinkimas.","breadcrumb":{"@id":"https:\/\/kidsplay.lt\/produktas\/woopie-royal-lele-lily-30-cm-ilgi-sviesus-plaukai-elegantiska-turkio-suknele\/#breadcrumb"},"inLanguage":"lv-LV","potentialAction":[{"@type":"ReadAction","target":["https:\/\/kidsplay.lt\/produktas\/woopie-royal-lele-lily-30-cm-ilgi-sviesus-plaukai-elegantiska-turkio-suknele\/"]}]},{"@type":"ImageObject","inLanguage":"lv-LV","@id":"https:\/\/kidsplay.lt\/produktas\/woopie-royal-lele-lily-30-cm-ilgi-sviesus-plaukai-elegantiska-turkio-suknele\/#primaryimage","url":"https:\/\/kidsplay.lt\/wp-content\/uploads\/2026\/02\/WOOPIE-ROYAL-lele-Lily-30-cm-ilgi-sviesus-plaukai-elegantiska-turkio-suknele.jpg","contentUrl":"https:\/\/kidsplay.lt\/wp-content\/uploads\/2026\/02\/WOOPIE-ROYAL-lele-Lily-30-cm-ilgi-sviesus-plaukai-elegantiska-turkio-suknele.jpg","width":1000,"height":1000,"caption":"WOOPIE ROYAL l\u0117l\u0117 Lily"},{"@type":"BreadcrumbList","@id":"https:\/\/kidsplay.lt\/produktas\/woopie-royal-lele-lily-30-cm-ilgi-sviesus-plaukai-elegantiska-turkio-suknele\/#breadcrumb","itemListElement":[{"@type":"ListItem","position":1,"name":"Pagrindinis","item":"https:\/\/kidsplay.lt\/"},{"@type":"ListItem","position":2,"name":"Parduotuv\u0117","item":"https:\/\/kidsplay.lt\/parduotuve\/"},{"@type":"ListItem","position":3,"name":"WOOPIE ROYAL l\u0117l\u0117 Lily, 30 cm, ilgi \u0161vies\u016bs plaukai, eleganti\u0161ka turkio suknel\u0117"}]},{"@type":"WebSite","@id":"https:\/\/kidsplay.lt\/#website","url":"https:\/\/kidsplay.lt\/","name":"B\u0113rnu sp\u0113les.lv","description":"\u012evairios prek\u0117s vaikams","publisher":{"@id":"https:\/\/kidsplay.lt\/#organization"},"alternateName":"Kidsplay","potentialAction":[{"@type":"SearchAction","target":{"@type":"EntryPoint","urlTemplate":"https:\/\/kidsplay.lt\/?s={search_term_string}"},"query-input":{"@type":"PropertyValueSpecification","valueRequired":true,"valueName":"search_term_string"}}],"inLanguage":"lv-LV"},{"@type":"Organization","@id":"https:\/\/kidsplay.lt\/#organization","name":"B\u0113rnu sp\u0113le","url":"https:\/\/kidsplay.lt\/","logo":{"@type":"ImageObject","inLanguage":"lv-LV","@id":"https:\/\/kidsplay.lt\/#\/schema\/logo\/image\/","url":"https:\/\/kidsplay.lt\/wp-content\/uploads\/2023\/07\/kidsplay-logo.png","contentUrl":"https:\/\/kidsplay.lt\/wp-content\/uploads\/2023\/07\/kidsplay-logo.png","width":451,"height":98,"caption":"KidsPlay"},"image":{"@id":"https:\/\/kidsplay.lt\/#\/schema\/logo\/image\/"},"sameAs":["https:\/\/www.facebook.com\/www.kidsplay.lt"]}]}},"_links":{"self":[{"href":"https:\/\/kidsplay.lt\/lv\/wp-json\/wp\/v2\/product\/84971","targetHints":{"allow":["GET"]}}],"collection":[{"href":"https:\/\/kidsplay.lt\/lv\/wp-json\/wp\/v2\/product"}],"about":[{"href":"https:\/\/kidsplay.lt\/lv\/wp-json\/wp\/v2\/types\/product"}],"version-history":[{"count":1,"href":"https:\/\/kidsplay.lt\/lv\/wp-json\/wp\/v2\/product\/84971\/revisions"}],"predecessor-version":[{"id":84972,"href":"https:\/\/kidsplay.lt\/lv\/wp-json\/wp\/v2\/product\/84971\/revisions\/84972"}],"wp:featuredmedia":[{"embeddable":true,"href":"https:\/\/kidsplay.lt\/lv\/wp-json\/wp\/v2\/media\/84973"}],"wp:attachment":[{"href":"https:\/\/kidsplay.lt\/lv\/wp-json\/wp\/v2\/media?parent=84971"}],"wp:term":[{"taxonomy":"product_brand","embeddable":true,"href":"https:\/\/kidsplay.lt\/lv\/wp-json\/wp\/v2\/product_brand?post=84971"},{"taxonomy":"product_cat","embeddable":true,"href":"https:\/\/kidsplay.lt\/lv\/wp-json\/wp\/v2\/product_cat?post=84971"},{"taxonomy":"product_tag","embeddable":true,"href":"https:\/\/kidsplay.lt\/lv\/wp-json\/wp\/v2\/product_tag?post=84971"}],"curies":[{"name":"wp","href":"https:\/\/api.w.org\/{rel}","templated":true}]}}