{"id":84976,"date":"2026-02-22T13:35:47","date_gmt":"2026-02-22T11:35:47","guid":{"rendered":"https:\/\/kidsplay.lt\/produktas\/polarb-medines-virtuvines-svarstykles\/"},"modified":"2026-04-07T09:51:18","modified_gmt":"2026-04-07T06:51:18","slug":"polarb-medines-virtuvines-svarstykles","status":"publish","type":"product","link":"https:\/\/kidsplay.lt\/lv\/products\/polarb-medines-virtuvines-svarstykles\/","title":{"rendered":"PolarB koka virtuves svari"},"content":{"rendered":"<p>PolarB medin\u0117s virtuvin\u0117s svarstykl\u0117s \u2013 tai puikus edukacinis \u017eaislas ma\u017eiesiems, supa\u017eindinantis su svorio, pusiausvyros ir skai\u010di\u0173 pasauliu. D\u0117l judan\u010dios svirties vaikai gali steb\u0117ti, kaip svarstykl\u0117s reaguoja \u012f skirtingus daiktus, taip intuityviai suprasdami pagrindinius fizikos principus.<\/p>\n<p>Tai idealus \u017eaislas \u017eaid\u017eiant parduotuv\u0119 ar virtuv\u0119, kuris mokym\u0105 paver\u010dia maloniu ir \u012ftraukian\u010diu u\u017esi\u0117mimu.<\/p>\n<p>Vaisiai \u012f komplekt\u0105 ne\u012feina.<\/p>\n<p>Raksturojums:<\/p>\n<p> \tTinka vaikams nuo 3 met\u0173<br \/>\n \t\u017daislo matmenys: 13,5 \u00d7 11 \u00d7 14,5 cm<br \/>\n \tPagaminta i\u0161 saugi\u0173 ir patvari\u0173 med\u017eiag\u0173<br \/>\n \tPuikiai tinka \u017eaidimams \u201eparduotuv\u0117\u201c ar \u201evirtuv\u0117\u201c<\/p>\n<p>\u017daislas lavina:<\/p>\n<p> \tMatematin\u012f m\u0105stym\u0105: padeda suprasti skai\u010diavim\u0105, svor\u012f ir pusiausvyr\u0105<br \/>\n \tSmulki\u0105j\u0105 motorik\u0105: svarstykli\u0173 element\u0173 valdymas lavina tikslius rank\u0173 judesius<br \/>\n \tK\u016brybi\u0161kum\u0105 ir vaizduot\u0119: skatina kurti \u012fvairius \u017eaidimo scenarijus<br \/>\n \tSocialinius \u012fg\u016bd\u017eius: \u017eaid\u017eiant su kitais vaikais ugdomas bendravimas, dalijimasis ir bendradarbiavimas<\/p>","protected":false},"excerpt":{"rendered":"<p>PolarB medin\u0117s virtuvin\u0117s svarstykl\u0117s \u2013 tai puikus edukacinis \u017eaislas ma\u017eiesiems, supa\u017eindinantis su svorio, pusiausvyros ir skai\u010di\u0173 pasauliu. D\u0117l judan\u010dios svirties<\/p>","protected":false},"featured_media":84978,"template":"","meta":{"_acf_changed":false,"_glsr_average":0,"_glsr_ranking":0,"_glsr_reviews":0},"product_brand":[],"product_cat":[399,229],"product_tag":[],"class_list":{"0":"post-84976","1":"product","2":"type-product","3":"status-publish","4":"has-post-thumbnail","6":"product_cat-vaidmenu-zaidimai-2","7":"product_cat-zaislai-vaikams","8":"\"style=\"background-color: #2ecc711c;\"","10":"first","11":"instock","12":"purchasable","13":"product-type-simple"},"acf":[],"yoast_head":"<!-- This site is optimized with the Yoast SEO plugin v27.3 - https:\/\/yoast.com\/product\/yoast-seo-wordpress\/ -->\n<title>PolarB medin\u0117s virtuvin\u0117s svarstykl\u0117s<\/title>\n<meta name=\"description\" content=\"PolarB medin\u0117s virtuvin\u0117s svarstykl\u0117s - KidsPlay. Did\u017eiausias vaik\u0173 \u017eaisl\u0173 pasirinkimas.\" \/>\n<meta name=\"robots\" content=\"index, follow, max-snippet:-1, max-image-preview:large, max-video-preview:-1\" \/>\n<link rel=\"canonical\" href=\"https:\/\/kidsplay.lt\/lv\/products\/polarb-medines-virtuvines-svarstykles\/\" \/>\n<meta property=\"og:locale\" content=\"lv_LV\" \/>\n<meta property=\"og:type\" content=\"article\" \/>\n<meta property=\"og:title\" content=\"PolarB medin\u0117s virtuvin\u0117s svarstykl\u0117s\" \/>\n<meta property=\"og:description\" content=\"PolarB medin\u0117s virtuvin\u0117s svarstykl\u0117s - KidsPlay. Did\u017eiausias vaik\u0173 \u017eaisl\u0173 pasirinkimas.\" \/>\n<meta property=\"og:url\" content=\"https:\/\/kidsplay.lt\/lv\/products\/polarb-medines-virtuvines-svarstykles\/\" \/>\n<meta property=\"og:site_name\" content=\"KidsPlay\" \/>\n<meta property=\"article:publisher\" content=\"https:\/\/www.facebook.com\/www.kidsplay.lt\" \/>\n<meta property=\"article:modified_time\" content=\"2026-04-07T06:51:18+00:00\" \/>\n<meta property=\"og:image\" content=\"https:\/\/kidsplay.lt\/wp-content\/uploads\/2026\/02\/PolarB-medines-virtuvines-svarstykles.jpg\" \/>\n\t<meta property=\"og:image:width\" content=\"2500\" \/>\n\t<meta property=\"og:image:height\" content=\"2500\" \/>\n\t<meta property=\"og:image:type\" content=\"image\/jpeg\" \/>\n<meta name=\"twitter:card\" content=\"summary_large_image\" \/>\n<meta name=\"twitter:label1\" content=\"Est. reading time\" \/>\n\t<meta name=\"twitter:data1\" content=\"1 min\u016bte\" \/>\n<script type=\"application\/ld+json\" class=\"yoast-schema-graph\">{\"@context\":\"https:\\\/\\\/schema.org\",\"@graph\":[{\"@type\":\"WebPage\",\"@id\":\"https:\\\/\\\/kidsplay.lt\\\/produktas\\\/polarb-medines-virtuvines-svarstykles\\\/\",\"url\":\"https:\\\/\\\/kidsplay.lt\\\/produktas\\\/polarb-medines-virtuvines-svarstykles\\\/\",\"name\":\"PolarB medin\u0117s virtuvin\u0117s svarstykl\u0117s\",\"isPartOf\":{\"@id\":\"https:\\\/\\\/kidsplay.lt\\\/#website\"},\"primaryImageOfPage\":{\"@id\":\"https:\\\/\\\/kidsplay.lt\\\/produktas\\\/polarb-medines-virtuvines-svarstykles\\\/#primaryimage\"},\"image\":{\"@id\":\"https:\\\/\\\/kidsplay.lt\\\/produktas\\\/polarb-medines-virtuvines-svarstykles\\\/#primaryimage\"},\"thumbnailUrl\":\"https:\\\/\\\/kidsplay.lt\\\/wp-content\\\/uploads\\\/2026\\\/02\\\/PolarB-medines-virtuvines-svarstykles.jpg\",\"datePublished\":\"2026-02-22T11:35:47+00:00\",\"dateModified\":\"2026-04-07T06:51:18+00:00\",\"description\":\"PolarB medin\u0117s virtuvin\u0117s svarstykl\u0117s - KidsPlay. Did\u017eiausias vaik\u0173 \u017eaisl\u0173 pasirinkimas.\",\"breadcrumb\":{\"@id\":\"https:\\\/\\\/kidsplay.lt\\\/produktas\\\/polarb-medines-virtuvines-svarstykles\\\/#breadcrumb\"},\"inLanguage\":\"lv-LV\",\"potentialAction\":[{\"@type\":\"ReadAction\",\"target\":[\"https:\\\/\\\/kidsplay.lt\\\/produktas\\\/polarb-medines-virtuvines-svarstykles\\\/\"]}]},{\"@type\":\"ImageObject\",\"inLanguage\":\"lv-LV\",\"@id\":\"https:\\\/\\\/kidsplay.lt\\\/produktas\\\/polarb-medines-virtuvines-svarstykles\\\/#primaryimage\",\"url\":\"https:\\\/\\\/kidsplay.lt\\\/wp-content\\\/uploads\\\/2026\\\/02\\\/PolarB-medines-virtuvines-svarstykles.jpg\",\"contentUrl\":\"https:\\\/\\\/kidsplay.lt\\\/wp-content\\\/uploads\\\/2026\\\/02\\\/PolarB-medines-virtuvines-svarstykles.jpg\",\"width\":2500,\"height\":2500,\"caption\":\"PolarB medin\u0117s virtuvin\u0117s svarstykl\u0117s\"},{\"@type\":\"BreadcrumbList\",\"@id\":\"https:\\\/\\\/kidsplay.lt\\\/produktas\\\/polarb-medines-virtuvines-svarstykles\\\/#breadcrumb\",\"itemListElement\":[{\"@type\":\"ListItem\",\"position\":1,\"name\":\"Pagrindinis\",\"item\":\"https:\\\/\\\/kidsplay.lt\\\/\"},{\"@type\":\"ListItem\",\"position\":2,\"name\":\"Parduotuv\u0117\",\"item\":\"https:\\\/\\\/kidsplay.lt\\\/parduotuve\\\/\"},{\"@type\":\"ListItem\",\"position\":3,\"name\":\"PolarB medin\u0117s virtuvin\u0117s svarstykl\u0117s\"}]},{\"@type\":\"WebSite\",\"@id\":\"https:\\\/\\\/kidsplay.lt\\\/#website\",\"url\":\"https:\\\/\\\/kidsplay.lt\\\/\",\"name\":\"Kidsplay.lt\",\"description\":\"\u012evairios prek\u0117s vaikams\",\"publisher\":{\"@id\":\"https:\\\/\\\/kidsplay.lt\\\/#organization\"},\"alternateName\":\"Kidsplay\",\"potentialAction\":[{\"@type\":\"SearchAction\",\"target\":{\"@type\":\"EntryPoint\",\"urlTemplate\":\"https:\\\/\\\/kidsplay.lt\\\/?s={search_term_string}\"},\"query-input\":{\"@type\":\"PropertyValueSpecification\",\"valueRequired\":true,\"valueName\":\"search_term_string\"}}],\"inLanguage\":\"lv-LV\"},{\"@type\":\"Organization\",\"@id\":\"https:\\\/\\\/kidsplay.lt\\\/#organization\",\"name\":\"KidsPlay\",\"url\":\"https:\\\/\\\/kidsplay.lt\\\/\",\"logo\":{\"@type\":\"ImageObject\",\"inLanguage\":\"lv-LV\",\"@id\":\"https:\\\/\\\/kidsplay.lt\\\/#\\\/schema\\\/logo\\\/image\\\/\",\"url\":\"https:\\\/\\\/kidsplay.lt\\\/wp-content\\\/uploads\\\/2023\\\/07\\\/kidsplay-logo.png\",\"contentUrl\":\"https:\\\/\\\/kidsplay.lt\\\/wp-content\\\/uploads\\\/2023\\\/07\\\/kidsplay-logo.png\",\"width\":451,\"height\":98,\"caption\":\"KidsPlay\"},\"image\":{\"@id\":\"https:\\\/\\\/kidsplay.lt\\\/#\\\/schema\\\/logo\\\/image\\\/\"},\"sameAs\":[\"https:\\\/\\\/www.facebook.com\\\/www.kidsplay.lt\"]}]}<\/script>\n<!-- \/ Yoast SEO plugin. -->","yoast_head_json":{"title":"PolarB koka virtuves svari","description":"PolarB medin\u0117s virtuvin\u0117s svarstykl\u0117s - KidsPlay. Did\u017eiausias vaik\u0173 \u017eaisl\u0173 pasirinkimas.","robots":{"index":"index","follow":"follow","max-snippet":"max-snippet:-1","max-image-preview":"max-image-preview:large","max-video-preview":"max-video-preview:-1"},"canonical":"https:\/\/kidsplay.lt\/lv\/products\/polarb-medines-virtuvines-svarstykles\/","og_locale":"lv_LV","og_type":"article","og_title":"PolarB medin\u0117s virtuvin\u0117s svarstykl\u0117s","og_description":"PolarB medin\u0117s virtuvin\u0117s svarstykl\u0117s - KidsPlay. Did\u017eiausias vaik\u0173 \u017eaisl\u0173 pasirinkimas.","og_url":"https:\/\/kidsplay.lt\/lv\/products\/polarb-medines-virtuvines-svarstykles\/","og_site_name":"KidsPlay","article_publisher":"https:\/\/www.facebook.com\/www.kidsplay.lt","article_modified_time":"2026-04-07T06:51:18+00:00","og_image":[{"width":2500,"height":2500,"url":"https:\/\/kidsplay.lt\/wp-content\/uploads\/2026\/02\/PolarB-medines-virtuvines-svarstykles.jpg","type":"image\/jpeg"}],"twitter_card":"summary_large_image","twitter_misc":{"Est. reading time":"1 min\u016bte"},"schema":{"@context":"https:\/\/schema.org","@graph":[{"@type":"WebPage","@id":"https:\/\/kidsplay.lt\/produktas\/polarb-medines-virtuvines-svarstykles\/","url":"https:\/\/kidsplay.lt\/produktas\/polarb-medines-virtuvines-svarstykles\/","name":"PolarB koka virtuves svari","isPartOf":{"@id":"https:\/\/kidsplay.lt\/#website"},"primaryImageOfPage":{"@id":"https:\/\/kidsplay.lt\/produktas\/polarb-medines-virtuvines-svarstykles\/#primaryimage"},"image":{"@id":"https:\/\/kidsplay.lt\/produktas\/polarb-medines-virtuvines-svarstykles\/#primaryimage"},"thumbnailUrl":"https:\/\/kidsplay.lt\/wp-content\/uploads\/2026\/02\/PolarB-medines-virtuvines-svarstykles.jpg","datePublished":"2026-02-22T11:35:47+00:00","dateModified":"2026-04-07T06:51:18+00:00","description":"PolarB medin\u0117s virtuvin\u0117s svarstykl\u0117s - KidsPlay. Did\u017eiausias vaik\u0173 \u017eaisl\u0173 pasirinkimas.","breadcrumb":{"@id":"https:\/\/kidsplay.lt\/produktas\/polarb-medines-virtuvines-svarstykles\/#breadcrumb"},"inLanguage":"lv-LV","potentialAction":[{"@type":"ReadAction","target":["https:\/\/kidsplay.lt\/produktas\/polarb-medines-virtuvines-svarstykles\/"]}]},{"@type":"ImageObject","inLanguage":"lv-LV","@id":"https:\/\/kidsplay.lt\/produktas\/polarb-medines-virtuvines-svarstykles\/#primaryimage","url":"https:\/\/kidsplay.lt\/wp-content\/uploads\/2026\/02\/PolarB-medines-virtuvines-svarstykles.jpg","contentUrl":"https:\/\/kidsplay.lt\/wp-content\/uploads\/2026\/02\/PolarB-medines-virtuvines-svarstykles.jpg","width":2500,"height":2500,"caption":"PolarB medin\u0117s virtuvin\u0117s svarstykl\u0117s"},{"@type":"BreadcrumbList","@id":"https:\/\/kidsplay.lt\/produktas\/polarb-medines-virtuvines-svarstykles\/#breadcrumb","itemListElement":[{"@type":"ListItem","position":1,"name":"Pagrindinis","item":"https:\/\/kidsplay.lt\/"},{"@type":"ListItem","position":2,"name":"Parduotuv\u0117","item":"https:\/\/kidsplay.lt\/parduotuve\/"},{"@type":"ListItem","position":3,"name":"PolarB medin\u0117s virtuvin\u0117s svarstykl\u0117s"}]},{"@type":"WebSite","@id":"https:\/\/kidsplay.lt\/#website","url":"https:\/\/kidsplay.lt\/","name":"B\u0113rnu sp\u0113les.lv","description":"\u012evairios prek\u0117s vaikams","publisher":{"@id":"https:\/\/kidsplay.lt\/#organization"},"alternateName":"Kidsplay","potentialAction":[{"@type":"SearchAction","target":{"@type":"EntryPoint","urlTemplate":"https:\/\/kidsplay.lt\/?s={search_term_string}"},"query-input":{"@type":"PropertyValueSpecification","valueRequired":true,"valueName":"search_term_string"}}],"inLanguage":"lv-LV"},{"@type":"Organization","@id":"https:\/\/kidsplay.lt\/#organization","name":"B\u0113rnu sp\u0113le","url":"https:\/\/kidsplay.lt\/","logo":{"@type":"ImageObject","inLanguage":"lv-LV","@id":"https:\/\/kidsplay.lt\/#\/schema\/logo\/image\/","url":"https:\/\/kidsplay.lt\/wp-content\/uploads\/2023\/07\/kidsplay-logo.png","contentUrl":"https:\/\/kidsplay.lt\/wp-content\/uploads\/2023\/07\/kidsplay-logo.png","width":451,"height":98,"caption":"KidsPlay"},"image":{"@id":"https:\/\/kidsplay.lt\/#\/schema\/logo\/image\/"},"sameAs":["https:\/\/www.facebook.com\/www.kidsplay.lt"]}]}},"_links":{"self":[{"href":"https:\/\/kidsplay.lt\/lv\/wp-json\/wp\/v2\/product\/84976","targetHints":{"allow":["GET"]}}],"collection":[{"href":"https:\/\/kidsplay.lt\/lv\/wp-json\/wp\/v2\/product"}],"about":[{"href":"https:\/\/kidsplay.lt\/lv\/wp-json\/wp\/v2\/types\/product"}],"version-history":[{"count":1,"href":"https:\/\/kidsplay.lt\/lv\/wp-json\/wp\/v2\/product\/84976\/revisions"}],"predecessor-version":[{"id":84977,"href":"https:\/\/kidsplay.lt\/lv\/wp-json\/wp\/v2\/product\/84976\/revisions\/84977"}],"wp:featuredmedia":[{"embeddable":true,"href":"https:\/\/kidsplay.lt\/lv\/wp-json\/wp\/v2\/media\/84978"}],"wp:attachment":[{"href":"https:\/\/kidsplay.lt\/lv\/wp-json\/wp\/v2\/media?parent=84976"}],"wp:term":[{"taxonomy":"product_brand","embeddable":true,"href":"https:\/\/kidsplay.lt\/lv\/wp-json\/wp\/v2\/product_brand?post=84976"},{"taxonomy":"product_cat","embeddable":true,"href":"https:\/\/kidsplay.lt\/lv\/wp-json\/wp\/v2\/product_cat?post=84976"},{"taxonomy":"product_tag","embeddable":true,"href":"https:\/\/kidsplay.lt\/lv\/wp-json\/wp\/v2\/product_tag?post=84976"}],"curies":[{"name":"wp","href":"https:\/\/api.w.org\/{rel}","templated":true}]}}