{"id":85360,"date":"2026-02-22T14:07:41","date_gmt":"2026-02-22T12:07:41","guid":{"rendered":"https:\/\/kidsplay.lt\/produktas\/big-reguliuojamas-bobby-automobiliu-vaziuoti-tow-kabeline\/"},"modified":"2026-04-07T10:12:21","modified_gmt":"2026-04-07T07:12:21","slug":"big-reguliuojamas-bobby-automobiliu-vaziuoti-tow-kabeline","status":"publish","type":"product","link":"https:\/\/kidsplay.lt\/lv\/products\/big-reguliuojamas-bobby-automobiliu-vaziuoti-tow-kabeline\/","title":{"rendered":"BIG Reguliuojamas Bobby Automobili\u0173 Va\u017eiuoti Tow Kabelin\u0117"},"content":{"rendered":"<p>Puikus sprendimas, kai ma\u017eos p\u0117dos pavargsta arba kai reikia paramos lipant \u012f kaln\u0105.<\/p>\n<p>BIG Red Tow Rope\u00a0su geltona rankena jis tinka visoms BIG Bobby Car transporto priemon\u0117ms su vilkimo rankena. Jis taip pat lengvai telpa ki\u0161en\u0117je, kai nenaudojamas.<\/p>\n<p>Raksturojums:<\/p>\n<p> \tIlgis 85cm.<br \/>\n \tAuk\u0161tos kokyb\u0117s.<br \/>\n \tPatvarus kabelis.<br \/>\n \tPadeda vaikui\u00a0sunkesni\u0173 mar\u0161rut\u0173 \u012fveikime.<\/p>\n<p>Voki\u0161ka kokyb\u0117 ir patikimumas &#8211; \u0161iuos du terminus labai tiksliai gali apib\u016bdinti \u017eaisl\u0173 gamintojas\u00a0DID\u017d\u201e. \u012emon\u0117, kuri yra \u012fsik\u016brusi u\u017esienyje, specializuojasi labai skirting\u0173 tip\u0173 \u017eaisluose. Verta atskirti j\u0173 va\u017eiavimus, bet ir sm\u0117lio d\u0117\u017ees bei dvira\u010dius. Jie taip pat si\u016blo kalad\u0117les, \u012fvairius rokerius, roges ir kitus \u017eaislus.<\/p>","protected":false},"excerpt":{"rendered":"<p>Puikus sprendimas, kai ma\u017eos p\u0117dos pavargsta arba kai reikia paramos lipant \u012f kaln\u0105. BIG Red Tow Rope\u00a0su geltona rankena jis<\/p>","protected":false},"featured_media":75187,"template":"","meta":{"_acf_changed":false,"_glsr_average":0,"_glsr_ranking":0,"_glsr_reviews":0},"product_brand":[],"product_cat":[237,433],"product_tag":[],"class_list":{"0":"post-85360","1":"product","2":"type-product","3":"status-publish","4":"has-post-thumbnail","6":"product_cat-judejimo-priemones","7":"product_cat-priedai-judejimo-priemones","8":"\"style=\"background-color: #2ecc711c;\"","10":"first","11":"instock","12":"purchasable","13":"product-type-simple"},"acf":[],"yoast_head":"<!-- This site is optimized with the Yoast SEO plugin v27.3 - https:\/\/yoast.com\/product\/yoast-seo-wordpress\/ -->\n<title>BIG Reguliuojamas Bobby Automobili\u0173 Va\u017eiuoti Tow Kabelin\u0117<\/title>\n<meta name=\"description\" content=\"BIG Reguliuojamas Bobby Automobili\u0173 Va\u017eiuoti Tow Kabelin\u0117 - KidsPlay. Did\u017eiausias vaik\u0173 \u017eaisl\u0173 pasirinkimas.\" \/>\n<meta name=\"robots\" content=\"index, follow, max-snippet:-1, max-image-preview:large, max-video-preview:-1\" \/>\n<link rel=\"canonical\" href=\"https:\/\/kidsplay.lt\/lv\/products\/big-reguliuojamas-bobby-automobiliu-vaziuoti-tow-kabeline\/\" \/>\n<meta property=\"og:locale\" content=\"lv_LV\" \/>\n<meta property=\"og:type\" content=\"article\" \/>\n<meta property=\"og:title\" content=\"BIG Reguliuojamas Bobby Automobili\u0173 Va\u017eiuoti Tow Kabelin\u0117\" \/>\n<meta property=\"og:description\" content=\"BIG Reguliuojamas Bobby Automobili\u0173 Va\u017eiuoti Tow Kabelin\u0117 - KidsPlay. Did\u017eiausias vaik\u0173 \u017eaisl\u0173 pasirinkimas.\" \/>\n<meta property=\"og:url\" content=\"https:\/\/kidsplay.lt\/lv\/products\/big-reguliuojamas-bobby-automobiliu-vaziuoti-tow-kabeline\/\" \/>\n<meta property=\"og:site_name\" content=\"KidsPlay\" \/>\n<meta property=\"article:publisher\" content=\"https:\/\/www.facebook.com\/www.kidsplay.lt\" \/>\n<meta property=\"article:modified_time\" content=\"2026-04-07T07:12:21+00:00\" \/>\n<meta property=\"og:image\" content=\"https:\/\/kidsplay.lt\/wp-content\/uploads\/2025\/10\/BIG-Reguliuojamas-Bobby-Automobiliu-Vaziuoti-Tow-Kabeline.jpg\" \/>\n\t<meta property=\"og:image:width\" content=\"914\" \/>\n\t<meta property=\"og:image:height\" content=\"914\" \/>\n\t<meta property=\"og:image:type\" content=\"image\/jpeg\" \/>\n<meta name=\"twitter:card\" content=\"summary_large_image\" \/>\n<meta name=\"twitter:label1\" content=\"Est. reading time\" \/>\n\t<meta name=\"twitter:data1\" content=\"1 min\u016bte\" \/>\n<script type=\"application\/ld+json\" class=\"yoast-schema-graph\">{\"@context\":\"https:\\\/\\\/schema.org\",\"@graph\":[{\"@type\":\"WebPage\",\"@id\":\"https:\\\/\\\/kidsplay.lt\\\/produktas\\\/big-reguliuojamas-bobby-automobiliu-vaziuoti-tow-kabeline\\\/\",\"url\":\"https:\\\/\\\/kidsplay.lt\\\/produktas\\\/big-reguliuojamas-bobby-automobiliu-vaziuoti-tow-kabeline\\\/\",\"name\":\"BIG Reguliuojamas Bobby Automobili\u0173 Va\u017eiuoti Tow Kabelin\u0117\",\"isPartOf\":{\"@id\":\"https:\\\/\\\/kidsplay.lt\\\/#website\"},\"primaryImageOfPage\":{\"@id\":\"https:\\\/\\\/kidsplay.lt\\\/produktas\\\/big-reguliuojamas-bobby-automobiliu-vaziuoti-tow-kabeline\\\/#primaryimage\"},\"image\":{\"@id\":\"https:\\\/\\\/kidsplay.lt\\\/produktas\\\/big-reguliuojamas-bobby-automobiliu-vaziuoti-tow-kabeline\\\/#primaryimage\"},\"thumbnailUrl\":\"https:\\\/\\\/kidsplay.lt\\\/wp-content\\\/uploads\\\/2025\\\/10\\\/BIG-Reguliuojamas-Bobby-Automobiliu-Vaziuoti-Tow-Kabeline.jpg\",\"datePublished\":\"2026-02-22T12:07:41+00:00\",\"dateModified\":\"2026-04-07T07:12:21+00:00\",\"description\":\"BIG Reguliuojamas Bobby Automobili\u0173 Va\u017eiuoti Tow Kabelin\u0117 - KidsPlay. Did\u017eiausias vaik\u0173 \u017eaisl\u0173 pasirinkimas.\",\"breadcrumb\":{\"@id\":\"https:\\\/\\\/kidsplay.lt\\\/produktas\\\/big-reguliuojamas-bobby-automobiliu-vaziuoti-tow-kabeline\\\/#breadcrumb\"},\"inLanguage\":\"lv-LV\",\"potentialAction\":[{\"@type\":\"ReadAction\",\"target\":[\"https:\\\/\\\/kidsplay.lt\\\/produktas\\\/big-reguliuojamas-bobby-automobiliu-vaziuoti-tow-kabeline\\\/\"]}]},{\"@type\":\"ImageObject\",\"inLanguage\":\"lv-LV\",\"@id\":\"https:\\\/\\\/kidsplay.lt\\\/produktas\\\/big-reguliuojamas-bobby-automobiliu-vaziuoti-tow-kabeline\\\/#primaryimage\",\"url\":\"https:\\\/\\\/kidsplay.lt\\\/wp-content\\\/uploads\\\/2025\\\/10\\\/BIG-Reguliuojamas-Bobby-Automobiliu-Vaziuoti-Tow-Kabeline.jpg\",\"contentUrl\":\"https:\\\/\\\/kidsplay.lt\\\/wp-content\\\/uploads\\\/2025\\\/10\\\/BIG-Reguliuojamas-Bobby-Automobiliu-Vaziuoti-Tow-Kabeline.jpg\",\"width\":914,\"height\":914,\"caption\":\"BIG Reguliuojamas Bobby Automobili\u0173 Va\u017eiuoti Tow Kabelin\u0117\"},{\"@type\":\"BreadcrumbList\",\"@id\":\"https:\\\/\\\/kidsplay.lt\\\/produktas\\\/big-reguliuojamas-bobby-automobiliu-vaziuoti-tow-kabeline\\\/#breadcrumb\",\"itemListElement\":[{\"@type\":\"ListItem\",\"position\":1,\"name\":\"Pagrindinis\",\"item\":\"https:\\\/\\\/kidsplay.lt\\\/\"},{\"@type\":\"ListItem\",\"position\":2,\"name\":\"Parduotuv\u0117\",\"item\":\"https:\\\/\\\/kidsplay.lt\\\/parduotuve\\\/\"},{\"@type\":\"ListItem\",\"position\":3,\"name\":\"BIG Reguliuojamas Bobby Automobili\u0173 Va\u017eiuoti Tow Kabelin\u0117\"}]},{\"@type\":\"WebSite\",\"@id\":\"https:\\\/\\\/kidsplay.lt\\\/#website\",\"url\":\"https:\\\/\\\/kidsplay.lt\\\/\",\"name\":\"Kidsplay.lt\",\"description\":\"\u012evairios prek\u0117s vaikams\",\"publisher\":{\"@id\":\"https:\\\/\\\/kidsplay.lt\\\/#organization\"},\"alternateName\":\"Kidsplay\",\"potentialAction\":[{\"@type\":\"SearchAction\",\"target\":{\"@type\":\"EntryPoint\",\"urlTemplate\":\"https:\\\/\\\/kidsplay.lt\\\/?s={search_term_string}\"},\"query-input\":{\"@type\":\"PropertyValueSpecification\",\"valueRequired\":true,\"valueName\":\"search_term_string\"}}],\"inLanguage\":\"lv-LV\"},{\"@type\":\"Organization\",\"@id\":\"https:\\\/\\\/kidsplay.lt\\\/#organization\",\"name\":\"KidsPlay\",\"url\":\"https:\\\/\\\/kidsplay.lt\\\/\",\"logo\":{\"@type\":\"ImageObject\",\"inLanguage\":\"lv-LV\",\"@id\":\"https:\\\/\\\/kidsplay.lt\\\/#\\\/schema\\\/logo\\\/image\\\/\",\"url\":\"https:\\\/\\\/kidsplay.lt\\\/wp-content\\\/uploads\\\/2023\\\/07\\\/kidsplay-logo.png\",\"contentUrl\":\"https:\\\/\\\/kidsplay.lt\\\/wp-content\\\/uploads\\\/2023\\\/07\\\/kidsplay-logo.png\",\"width\":451,\"height\":98,\"caption\":\"KidsPlay\"},\"image\":{\"@id\":\"https:\\\/\\\/kidsplay.lt\\\/#\\\/schema\\\/logo\\\/image\\\/\"},\"sameAs\":[\"https:\\\/\\\/www.facebook.com\\\/www.kidsplay.lt\"]}]}<\/script>\n<!-- \/ Yoast SEO plugin. -->","yoast_head_json":{"title":"BIG Reguliuojamas Bobby Automobili\u0173 Va\u017eiuoti Tow Kabelin\u0117","description":"BIG Reguliuojamas Bobby Automobili\u0173 Va\u017eiuoti Tow Kabelin\u0117 - KidsPlay. Did\u017eiausias vaik\u0173 \u017eaisl\u0173 pasirinkimas.","robots":{"index":"index","follow":"follow","max-snippet":"max-snippet:-1","max-image-preview":"max-image-preview:large","max-video-preview":"max-video-preview:-1"},"canonical":"https:\/\/kidsplay.lt\/lv\/products\/big-reguliuojamas-bobby-automobiliu-vaziuoti-tow-kabeline\/","og_locale":"lv_LV","og_type":"article","og_title":"BIG Reguliuojamas Bobby Automobili\u0173 Va\u017eiuoti Tow Kabelin\u0117","og_description":"BIG Reguliuojamas Bobby Automobili\u0173 Va\u017eiuoti Tow Kabelin\u0117 - KidsPlay. Did\u017eiausias vaik\u0173 \u017eaisl\u0173 pasirinkimas.","og_url":"https:\/\/kidsplay.lt\/lv\/products\/big-reguliuojamas-bobby-automobiliu-vaziuoti-tow-kabeline\/","og_site_name":"KidsPlay","article_publisher":"https:\/\/www.facebook.com\/www.kidsplay.lt","article_modified_time":"2026-04-07T07:12:21+00:00","og_image":[{"width":914,"height":914,"url":"https:\/\/kidsplay.lt\/wp-content\/uploads\/2025\/10\/BIG-Reguliuojamas-Bobby-Automobiliu-Vaziuoti-Tow-Kabeline.jpg","type":"image\/jpeg"}],"twitter_card":"summary_large_image","twitter_misc":{"Est. reading time":"1 min\u016bte"},"schema":{"@context":"https:\/\/schema.org","@graph":[{"@type":"WebPage","@id":"https:\/\/kidsplay.lt\/produktas\/big-reguliuojamas-bobby-automobiliu-vaziuoti-tow-kabeline\/","url":"https:\/\/kidsplay.lt\/produktas\/big-reguliuojamas-bobby-automobiliu-vaziuoti-tow-kabeline\/","name":"BIG Reguliuojamas Bobby Automobili\u0173 Va\u017eiuoti Tow Kabelin\u0117","isPartOf":{"@id":"https:\/\/kidsplay.lt\/#website"},"primaryImageOfPage":{"@id":"https:\/\/kidsplay.lt\/produktas\/big-reguliuojamas-bobby-automobiliu-vaziuoti-tow-kabeline\/#primaryimage"},"image":{"@id":"https:\/\/kidsplay.lt\/produktas\/big-reguliuojamas-bobby-automobiliu-vaziuoti-tow-kabeline\/#primaryimage"},"thumbnailUrl":"https:\/\/kidsplay.lt\/wp-content\/uploads\/2025\/10\/BIG-Reguliuojamas-Bobby-Automobiliu-Vaziuoti-Tow-Kabeline.jpg","datePublished":"2026-02-22T12:07:41+00:00","dateModified":"2026-04-07T07:12:21+00:00","description":"BIG Reguliuojamas Bobby Automobili\u0173 Va\u017eiuoti Tow Kabelin\u0117 - KidsPlay. Did\u017eiausias vaik\u0173 \u017eaisl\u0173 pasirinkimas.","breadcrumb":{"@id":"https:\/\/kidsplay.lt\/produktas\/big-reguliuojamas-bobby-automobiliu-vaziuoti-tow-kabeline\/#breadcrumb"},"inLanguage":"lv-LV","potentialAction":[{"@type":"ReadAction","target":["https:\/\/kidsplay.lt\/produktas\/big-reguliuojamas-bobby-automobiliu-vaziuoti-tow-kabeline\/"]}]},{"@type":"ImageObject","inLanguage":"lv-LV","@id":"https:\/\/kidsplay.lt\/produktas\/big-reguliuojamas-bobby-automobiliu-vaziuoti-tow-kabeline\/#primaryimage","url":"https:\/\/kidsplay.lt\/wp-content\/uploads\/2025\/10\/BIG-Reguliuojamas-Bobby-Automobiliu-Vaziuoti-Tow-Kabeline.jpg","contentUrl":"https:\/\/kidsplay.lt\/wp-content\/uploads\/2025\/10\/BIG-Reguliuojamas-Bobby-Automobiliu-Vaziuoti-Tow-Kabeline.jpg","width":914,"height":914,"caption":"BIG Reguliuojamas Bobby Automobili\u0173 Va\u017eiuoti Tow Kabelin\u0117"},{"@type":"BreadcrumbList","@id":"https:\/\/kidsplay.lt\/produktas\/big-reguliuojamas-bobby-automobiliu-vaziuoti-tow-kabeline\/#breadcrumb","itemListElement":[{"@type":"ListItem","position":1,"name":"Pagrindinis","item":"https:\/\/kidsplay.lt\/"},{"@type":"ListItem","position":2,"name":"Parduotuv\u0117","item":"https:\/\/kidsplay.lt\/parduotuve\/"},{"@type":"ListItem","position":3,"name":"BIG Reguliuojamas Bobby Automobili\u0173 Va\u017eiuoti Tow Kabelin\u0117"}]},{"@type":"WebSite","@id":"https:\/\/kidsplay.lt\/#website","url":"https:\/\/kidsplay.lt\/","name":"B\u0113rnu sp\u0113les.lv","description":"\u012evairios prek\u0117s vaikams","publisher":{"@id":"https:\/\/kidsplay.lt\/#organization"},"alternateName":"Kidsplay","potentialAction":[{"@type":"SearchAction","target":{"@type":"EntryPoint","urlTemplate":"https:\/\/kidsplay.lt\/?s={search_term_string}"},"query-input":{"@type":"PropertyValueSpecification","valueRequired":true,"valueName":"search_term_string"}}],"inLanguage":"lv-LV"},{"@type":"Organization","@id":"https:\/\/kidsplay.lt\/#organization","name":"B\u0113rnu sp\u0113le","url":"https:\/\/kidsplay.lt\/","logo":{"@type":"ImageObject","inLanguage":"lv-LV","@id":"https:\/\/kidsplay.lt\/#\/schema\/logo\/image\/","url":"https:\/\/kidsplay.lt\/wp-content\/uploads\/2023\/07\/kidsplay-logo.png","contentUrl":"https:\/\/kidsplay.lt\/wp-content\/uploads\/2023\/07\/kidsplay-logo.png","width":451,"height":98,"caption":"KidsPlay"},"image":{"@id":"https:\/\/kidsplay.lt\/#\/schema\/logo\/image\/"},"sameAs":["https:\/\/www.facebook.com\/www.kidsplay.lt"]}]}},"_links":{"self":[{"href":"https:\/\/kidsplay.lt\/lv\/wp-json\/wp\/v2\/product\/85360","targetHints":{"allow":["GET"]}}],"collection":[{"href":"https:\/\/kidsplay.lt\/lv\/wp-json\/wp\/v2\/product"}],"about":[{"href":"https:\/\/kidsplay.lt\/lv\/wp-json\/wp\/v2\/types\/product"}],"version-history":[{"count":1,"href":"https:\/\/kidsplay.lt\/lv\/wp-json\/wp\/v2\/product\/85360\/revisions"}],"predecessor-version":[{"id":85361,"href":"https:\/\/kidsplay.lt\/lv\/wp-json\/wp\/v2\/product\/85360\/revisions\/85361"}],"wp:featuredmedia":[{"embeddable":true,"href":"https:\/\/kidsplay.lt\/lv\/wp-json\/wp\/v2\/media\/75187"}],"wp:attachment":[{"href":"https:\/\/kidsplay.lt\/lv\/wp-json\/wp\/v2\/media?parent=85360"}],"wp:term":[{"taxonomy":"product_brand","embeddable":true,"href":"https:\/\/kidsplay.lt\/lv\/wp-json\/wp\/v2\/product_brand?post=85360"},{"taxonomy":"product_cat","embeddable":true,"href":"https:\/\/kidsplay.lt\/lv\/wp-json\/wp\/v2\/product_cat?post=85360"},{"taxonomy":"product_tag","embeddable":true,"href":"https:\/\/kidsplay.lt\/lv\/wp-json\/wp\/v2\/product_tag?post=85360"}],"curies":[{"name":"wp","href":"https:\/\/api.w.org\/{rel}","templated":true}]}}