{"id":85362,"date":"2026-02-22T14:07:50","date_gmt":"2026-02-22T12:07:50","guid":{"rendered":"https:\/\/kidsplay.lt\/produktas\/falk-komatsu-pedalinis-traktorius-ekskavatorius-kausas-priekaba\/"},"modified":"2026-04-07T10:12:26","modified_gmt":"2026-04-07T07:12:26","slug":"falk-komatsu-pedalinis-traktorius-ekskavatorius-kausas-priekaba","status":"publish","type":"product","link":"https:\/\/kidsplay.lt\/lv\/products\/falk-komatsu-pedalinis-traktorius-ekskavatorius-kausas-priekaba\/","title":{"rendered":"FALK KOMATSU ped\u0101\u013cu traktors-ekskavators-kauss-piekabe"},"content":{"rendered":"<p>Svajojate apie tobul\u0105 dovan\u0105 jaunam statybin\u0117s technikos entuziastui?\u00a0\u017dinomo gamintojo FALK KOMATSU ekskavatoriaus pedalinis traktorius\u00a0\u2013 puikus pasirinkimas! \u0160i kruop\u0161\u010diai pagaminta transporto priemon\u0117 prad\u017eiugins kiekvien\u0105 vaik\u0105. Modernus Komatsu Digger pedalinis traktorius su\u00a0kau\u0161u, krautuvu ir priekaba\u00a0garantuoja valandas fantasti\u0161k\u0173 pramog\u0173. Pagamintas i\u0161\u00a0auk\u0161tos kokyb\u0117s plastiko\u00a0, jis u\u017etikrina patvarum\u0105 ir saugum\u0105 kiekvieno nuotykio metu. \u0160is modelis, dekoruotas\u00a0originaliomis Komatsu spalvomis\u00a0, tinka vaikams\u00a0nuo 3 met\u0173 am\u017eiaus\u00a0. Kiekvienas ma\u017eas operatorius pamils \u200b\u200b\u0161i\u0105 transporto priemon\u0119, kuri su\u017eadins j\u0173 vaizduot\u0119 ir suteiks daug pramog\u0173 lauke!<\/p>\n<p>Rakstur\u012bgs:<\/p>\n<p> \t&#8211; vaikams\u00a0nuo 3 met\u0173 am\u017eiaus\u00a0,<br \/>\n \t&#8211;\u00a0\u00a0maksimali apkrova iki\u00a050\u00a0kg,<br \/>\n \t&#8211;\u00a0signalas\u00a0ant vairo,<br \/>\n \t&#8211;\u00a0grandinin\u0117 pavara\u00a0prie galin\u0117s a\u0161ies,<br \/>\n \t&#8211; nuimama\u00a0CLAAS priekaba,<br \/>\n \t&#8211;\u00a0vairuojama priekin\u0117 a\u0161is,<br \/>\n \t&#8211;\u00a0priekinis judantis kau\u0161as\u00a0,<br \/>\n \t&#8211; \u012frengtas funkcionalus krautuvas,<br \/>\n \t&#8211; ratai pagaminti i\u0161\u00a0auk\u0161tos kokyb\u0117s plastiko,<br \/>\n \t&#8211;\u00a0stabilus\u00a0ir\u00a0saugus\u00a0,<br \/>\n \t&#8211; produktas daliniam surinkimui.<\/p>\n<p>\u201eFalk\u201c\u00a0\u00a0yra pirmaujantis auk\u0161tos kokyb\u0117s pedalais varom\u0173 transporto priemoni\u0173 gamintojas Europoje. J\u0173 gamini\u0173 asortiment\u0105 sudaro licencijuoti traktoriai i\u0161 toki\u0173 preki\u0173 \u017eenkl\u0173 kaip\u00a0\u201eClaas\u201c, \u201eRenault\u201c, \u201eMcCormick\u201c, \u201eKubota\u201c, \u201eCase IH\u201c\u00a0ir kit\u0173. Visos transporto priemon\u0117s gaminamos Pranc\u016bzijoje i\u0161 auk\u0161tos kokyb\u0117s med\u017eiag\u0173.<\/p>","protected":false},"excerpt":{"rendered":"<p>Svajojate apie tobul\u0105 dovan\u0105 jaunam statybin\u0117s technikos entuziastui?\u00a0\u017dinomo gamintojo FALK KOMATSU ekskavatoriaus pedalinis traktorius\u00a0\u2013 puikus pasirinkimas! \u0160i kruop\u0161\u010diai pagaminta transporto<\/p>","protected":false},"featured_media":77918,"template":"","meta":{"_acf_changed":false,"_glsr_average":0,"_glsr_ranking":0,"_glsr_reviews":0},"product_brand":[],"product_cat":[237,393],"product_tag":[],"class_list":{"0":"post-85362","1":"product","2":"type-product","3":"status-publish","4":"has-post-thumbnail","6":"product_cat-judejimo-priemones","7":"product_cat-zaisliniai-traktoriai","8":"\"style=\"background-color: #2ecc711c;\"","10":"first","11":"instock","12":"purchasable","13":"product-type-simple"},"acf":[],"yoast_head":"<!-- This site is optimized with the Yoast SEO plugin v27.3 - https:\/\/yoast.com\/product\/yoast-seo-wordpress\/ -->\n<title>FALK KOMATSU pedalinis traktorius-ekskavatorius-kau\u0161as-priekaba<\/title>\n<meta name=\"description\" content=\"FALK KOMATSU pedalinis traktorius-ekskavatorius-kau\u0161as-priekaba - KidsPlay. Did\u017eiausias vaik\u0173 \u017eaisl\u0173 pasirinkimas.\" \/>\n<meta name=\"robots\" content=\"index, follow, max-snippet:-1, max-image-preview:large, max-video-preview:-1\" \/>\n<link rel=\"canonical\" href=\"https:\/\/kidsplay.lt\/lv\/products\/falk-komatsu-pedalinis-traktorius-ekskavatorius-kausas-priekaba\/\" \/>\n<meta property=\"og:locale\" content=\"lv_LV\" \/>\n<meta property=\"og:type\" content=\"article\" \/>\n<meta property=\"og:title\" content=\"FALK KOMATSU pedalinis traktorius-ekskavatorius-kau\u0161as-priekaba\" \/>\n<meta property=\"og:description\" content=\"FALK KOMATSU pedalinis traktorius-ekskavatorius-kau\u0161as-priekaba - KidsPlay. Did\u017eiausias vaik\u0173 \u017eaisl\u0173 pasirinkimas.\" \/>\n<meta property=\"og:url\" content=\"https:\/\/kidsplay.lt\/lv\/products\/falk-komatsu-pedalinis-traktorius-ekskavatorius-kausas-priekaba\/\" \/>\n<meta property=\"og:site_name\" content=\"KidsPlay\" \/>\n<meta property=\"article:publisher\" content=\"https:\/\/www.facebook.com\/www.kidsplay.lt\" \/>\n<meta property=\"article:modified_time\" content=\"2026-04-07T07:12:26+00:00\" \/>\n<meta property=\"og:image\" content=\"https:\/\/kidsplay.lt\/wp-content\/uploads\/2025\/10\/FALK-KOMATSU-pedalinis-traktorius-ekskavatorius-kausas-priekaba.jpg\" \/>\n\t<meta property=\"og:image:width\" content=\"2500\" \/>\n\t<meta property=\"og:image:height\" content=\"2500\" \/>\n\t<meta property=\"og:image:type\" content=\"image\/jpeg\" \/>\n<meta name=\"twitter:card\" content=\"summary_large_image\" \/>\n<meta name=\"twitter:label1\" content=\"Est. reading time\" \/>\n\t<meta name=\"twitter:data1\" content=\"1 min\u016bte\" \/>\n<script type=\"application\/ld+json\" class=\"yoast-schema-graph\">{\"@context\":\"https:\\\/\\\/schema.org\",\"@graph\":[{\"@type\":\"WebPage\",\"@id\":\"https:\\\/\\\/kidsplay.lt\\\/produktas\\\/falk-komatsu-pedalinis-traktorius-ekskavatorius-kausas-priekaba\\\/\",\"url\":\"https:\\\/\\\/kidsplay.lt\\\/produktas\\\/falk-komatsu-pedalinis-traktorius-ekskavatorius-kausas-priekaba\\\/\",\"name\":\"FALK KOMATSU pedalinis traktorius-ekskavatorius-kau\u0161as-priekaba\",\"isPartOf\":{\"@id\":\"https:\\\/\\\/kidsplay.lt\\\/#website\"},\"primaryImageOfPage\":{\"@id\":\"https:\\\/\\\/kidsplay.lt\\\/produktas\\\/falk-komatsu-pedalinis-traktorius-ekskavatorius-kausas-priekaba\\\/#primaryimage\"},\"image\":{\"@id\":\"https:\\\/\\\/kidsplay.lt\\\/produktas\\\/falk-komatsu-pedalinis-traktorius-ekskavatorius-kausas-priekaba\\\/#primaryimage\"},\"thumbnailUrl\":\"https:\\\/\\\/kidsplay.lt\\\/wp-content\\\/uploads\\\/2025\\\/10\\\/FALK-KOMATSU-pedalinis-traktorius-ekskavatorius-kausas-priekaba.jpg\",\"datePublished\":\"2026-02-22T12:07:50+00:00\",\"dateModified\":\"2026-04-07T07:12:26+00:00\",\"description\":\"FALK KOMATSU pedalinis traktorius-ekskavatorius-kau\u0161as-priekaba - KidsPlay. Did\u017eiausias vaik\u0173 \u017eaisl\u0173 pasirinkimas.\",\"breadcrumb\":{\"@id\":\"https:\\\/\\\/kidsplay.lt\\\/produktas\\\/falk-komatsu-pedalinis-traktorius-ekskavatorius-kausas-priekaba\\\/#breadcrumb\"},\"inLanguage\":\"lv-LV\",\"potentialAction\":[{\"@type\":\"ReadAction\",\"target\":[\"https:\\\/\\\/kidsplay.lt\\\/produktas\\\/falk-komatsu-pedalinis-traktorius-ekskavatorius-kausas-priekaba\\\/\"]}]},{\"@type\":\"ImageObject\",\"inLanguage\":\"lv-LV\",\"@id\":\"https:\\\/\\\/kidsplay.lt\\\/produktas\\\/falk-komatsu-pedalinis-traktorius-ekskavatorius-kausas-priekaba\\\/#primaryimage\",\"url\":\"https:\\\/\\\/kidsplay.lt\\\/wp-content\\\/uploads\\\/2025\\\/10\\\/FALK-KOMATSU-pedalinis-traktorius-ekskavatorius-kausas-priekaba.jpg\",\"contentUrl\":\"https:\\\/\\\/kidsplay.lt\\\/wp-content\\\/uploads\\\/2025\\\/10\\\/FALK-KOMATSU-pedalinis-traktorius-ekskavatorius-kausas-priekaba.jpg\",\"width\":2500,\"height\":2500,\"caption\":\"FALK KOMATSU pedalinis traktorius-ekskavatorius-kau\u0161as-priekaba\"},{\"@type\":\"BreadcrumbList\",\"@id\":\"https:\\\/\\\/kidsplay.lt\\\/produktas\\\/falk-komatsu-pedalinis-traktorius-ekskavatorius-kausas-priekaba\\\/#breadcrumb\",\"itemListElement\":[{\"@type\":\"ListItem\",\"position\":1,\"name\":\"Pagrindinis\",\"item\":\"https:\\\/\\\/kidsplay.lt\\\/\"},{\"@type\":\"ListItem\",\"position\":2,\"name\":\"Parduotuv\u0117\",\"item\":\"https:\\\/\\\/kidsplay.lt\\\/parduotuve\\\/\"},{\"@type\":\"ListItem\",\"position\":3,\"name\":\"FALK KOMATSU pedalinis traktorius-ekskavatorius-kau\u0161as-priekaba\"}]},{\"@type\":\"WebSite\",\"@id\":\"https:\\\/\\\/kidsplay.lt\\\/#website\",\"url\":\"https:\\\/\\\/kidsplay.lt\\\/\",\"name\":\"Kidsplay.lt\",\"description\":\"\u012evairios prek\u0117s vaikams\",\"publisher\":{\"@id\":\"https:\\\/\\\/kidsplay.lt\\\/#organization\"},\"alternateName\":\"Kidsplay\",\"potentialAction\":[{\"@type\":\"SearchAction\",\"target\":{\"@type\":\"EntryPoint\",\"urlTemplate\":\"https:\\\/\\\/kidsplay.lt\\\/?s={search_term_string}\"},\"query-input\":{\"@type\":\"PropertyValueSpecification\",\"valueRequired\":true,\"valueName\":\"search_term_string\"}}],\"inLanguage\":\"lv-LV\"},{\"@type\":\"Organization\",\"@id\":\"https:\\\/\\\/kidsplay.lt\\\/#organization\",\"name\":\"KidsPlay\",\"url\":\"https:\\\/\\\/kidsplay.lt\\\/\",\"logo\":{\"@type\":\"ImageObject\",\"inLanguage\":\"lv-LV\",\"@id\":\"https:\\\/\\\/kidsplay.lt\\\/#\\\/schema\\\/logo\\\/image\\\/\",\"url\":\"https:\\\/\\\/kidsplay.lt\\\/wp-content\\\/uploads\\\/2023\\\/07\\\/kidsplay-logo.png\",\"contentUrl\":\"https:\\\/\\\/kidsplay.lt\\\/wp-content\\\/uploads\\\/2023\\\/07\\\/kidsplay-logo.png\",\"width\":451,\"height\":98,\"caption\":\"KidsPlay\"},\"image\":{\"@id\":\"https:\\\/\\\/kidsplay.lt\\\/#\\\/schema\\\/logo\\\/image\\\/\"},\"sameAs\":[\"https:\\\/\\\/www.facebook.com\\\/www.kidsplay.lt\"]}]}<\/script>\n<!-- \/ Yoast SEO plugin. -->","yoast_head_json":{"title":"FALK KOMATSU ped\u0101\u013cu traktors-ekskavators-kauss-piekabe","description":"FALK KOMATSU pedalinis traktorius-ekskavatorius-kau\u0161as-priekaba - KidsPlay. Did\u017eiausias vaik\u0173 \u017eaisl\u0173 pasirinkimas.","robots":{"index":"index","follow":"follow","max-snippet":"max-snippet:-1","max-image-preview":"max-image-preview:large","max-video-preview":"max-video-preview:-1"},"canonical":"https:\/\/kidsplay.lt\/lv\/products\/falk-komatsu-pedalinis-traktorius-ekskavatorius-kausas-priekaba\/","og_locale":"lv_LV","og_type":"article","og_title":"FALK KOMATSU pedalinis traktorius-ekskavatorius-kau\u0161as-priekaba","og_description":"FALK KOMATSU pedalinis traktorius-ekskavatorius-kau\u0161as-priekaba - KidsPlay. Did\u017eiausias vaik\u0173 \u017eaisl\u0173 pasirinkimas.","og_url":"https:\/\/kidsplay.lt\/lv\/products\/falk-komatsu-pedalinis-traktorius-ekskavatorius-kausas-priekaba\/","og_site_name":"KidsPlay","article_publisher":"https:\/\/www.facebook.com\/www.kidsplay.lt","article_modified_time":"2026-04-07T07:12:26+00:00","og_image":[{"width":2500,"height":2500,"url":"https:\/\/kidsplay.lt\/wp-content\/uploads\/2025\/10\/FALK-KOMATSU-pedalinis-traktorius-ekskavatorius-kausas-priekaba.jpg","type":"image\/jpeg"}],"twitter_card":"summary_large_image","twitter_misc":{"Est. reading time":"1 min\u016bte"},"schema":{"@context":"https:\/\/schema.org","@graph":[{"@type":"WebPage","@id":"https:\/\/kidsplay.lt\/produktas\/falk-komatsu-pedalinis-traktorius-ekskavatorius-kausas-priekaba\/","url":"https:\/\/kidsplay.lt\/produktas\/falk-komatsu-pedalinis-traktorius-ekskavatorius-kausas-priekaba\/","name":"FALK KOMATSU ped\u0101\u013cu traktors-ekskavators-kauss-piekabe","isPartOf":{"@id":"https:\/\/kidsplay.lt\/#website"},"primaryImageOfPage":{"@id":"https:\/\/kidsplay.lt\/produktas\/falk-komatsu-pedalinis-traktorius-ekskavatorius-kausas-priekaba\/#primaryimage"},"image":{"@id":"https:\/\/kidsplay.lt\/produktas\/falk-komatsu-pedalinis-traktorius-ekskavatorius-kausas-priekaba\/#primaryimage"},"thumbnailUrl":"https:\/\/kidsplay.lt\/wp-content\/uploads\/2025\/10\/FALK-KOMATSU-pedalinis-traktorius-ekskavatorius-kausas-priekaba.jpg","datePublished":"2026-02-22T12:07:50+00:00","dateModified":"2026-04-07T07:12:26+00:00","description":"FALK KOMATSU pedalinis traktorius-ekskavatorius-kau\u0161as-priekaba - KidsPlay. Did\u017eiausias vaik\u0173 \u017eaisl\u0173 pasirinkimas.","breadcrumb":{"@id":"https:\/\/kidsplay.lt\/produktas\/falk-komatsu-pedalinis-traktorius-ekskavatorius-kausas-priekaba\/#breadcrumb"},"inLanguage":"lv-LV","potentialAction":[{"@type":"ReadAction","target":["https:\/\/kidsplay.lt\/produktas\/falk-komatsu-pedalinis-traktorius-ekskavatorius-kausas-priekaba\/"]}]},{"@type":"ImageObject","inLanguage":"lv-LV","@id":"https:\/\/kidsplay.lt\/produktas\/falk-komatsu-pedalinis-traktorius-ekskavatorius-kausas-priekaba\/#primaryimage","url":"https:\/\/kidsplay.lt\/wp-content\/uploads\/2025\/10\/FALK-KOMATSU-pedalinis-traktorius-ekskavatorius-kausas-priekaba.jpg","contentUrl":"https:\/\/kidsplay.lt\/wp-content\/uploads\/2025\/10\/FALK-KOMATSU-pedalinis-traktorius-ekskavatorius-kausas-priekaba.jpg","width":2500,"height":2500,"caption":"FALK KOMATSU pedalinis traktorius-ekskavatorius-kau\u0161as-priekaba"},{"@type":"BreadcrumbList","@id":"https:\/\/kidsplay.lt\/produktas\/falk-komatsu-pedalinis-traktorius-ekskavatorius-kausas-priekaba\/#breadcrumb","itemListElement":[{"@type":"ListItem","position":1,"name":"Pagrindinis","item":"https:\/\/kidsplay.lt\/"},{"@type":"ListItem","position":2,"name":"Parduotuv\u0117","item":"https:\/\/kidsplay.lt\/parduotuve\/"},{"@type":"ListItem","position":3,"name":"FALK KOMATSU pedalinis traktorius-ekskavatorius-kau\u0161as-priekaba"}]},{"@type":"WebSite","@id":"https:\/\/kidsplay.lt\/#website","url":"https:\/\/kidsplay.lt\/","name":"B\u0113rnu sp\u0113les.lv","description":"\u012evairios prek\u0117s vaikams","publisher":{"@id":"https:\/\/kidsplay.lt\/#organization"},"alternateName":"Kidsplay","potentialAction":[{"@type":"SearchAction","target":{"@type":"EntryPoint","urlTemplate":"https:\/\/kidsplay.lt\/?s={search_term_string}"},"query-input":{"@type":"PropertyValueSpecification","valueRequired":true,"valueName":"search_term_string"}}],"inLanguage":"lv-LV"},{"@type":"Organization","@id":"https:\/\/kidsplay.lt\/#organization","name":"B\u0113rnu sp\u0113le","url":"https:\/\/kidsplay.lt\/","logo":{"@type":"ImageObject","inLanguage":"lv-LV","@id":"https:\/\/kidsplay.lt\/#\/schema\/logo\/image\/","url":"https:\/\/kidsplay.lt\/wp-content\/uploads\/2023\/07\/kidsplay-logo.png","contentUrl":"https:\/\/kidsplay.lt\/wp-content\/uploads\/2023\/07\/kidsplay-logo.png","width":451,"height":98,"caption":"KidsPlay"},"image":{"@id":"https:\/\/kidsplay.lt\/#\/schema\/logo\/image\/"},"sameAs":["https:\/\/www.facebook.com\/www.kidsplay.lt"]}]}},"_links":{"self":[{"href":"https:\/\/kidsplay.lt\/lv\/wp-json\/wp\/v2\/product\/85362","targetHints":{"allow":["GET"]}}],"collection":[{"href":"https:\/\/kidsplay.lt\/lv\/wp-json\/wp\/v2\/product"}],"about":[{"href":"https:\/\/kidsplay.lt\/lv\/wp-json\/wp\/v2\/types\/product"}],"version-history":[{"count":1,"href":"https:\/\/kidsplay.lt\/lv\/wp-json\/wp\/v2\/product\/85362\/revisions"}],"predecessor-version":[{"id":85363,"href":"https:\/\/kidsplay.lt\/lv\/wp-json\/wp\/v2\/product\/85362\/revisions\/85363"}],"wp:featuredmedia":[{"embeddable":true,"href":"https:\/\/kidsplay.lt\/lv\/wp-json\/wp\/v2\/media\/77918"}],"wp:attachment":[{"href":"https:\/\/kidsplay.lt\/lv\/wp-json\/wp\/v2\/media?parent=85362"}],"wp:term":[{"taxonomy":"product_brand","embeddable":true,"href":"https:\/\/kidsplay.lt\/lv\/wp-json\/wp\/v2\/product_brand?post=85362"},{"taxonomy":"product_cat","embeddable":true,"href":"https:\/\/kidsplay.lt\/lv\/wp-json\/wp\/v2\/product_cat?post=85362"},{"taxonomy":"product_tag","embeddable":true,"href":"https:\/\/kidsplay.lt\/lv\/wp-json\/wp\/v2\/product_tag?post=85362"}],"curies":[{"name":"wp","href":"https:\/\/api.w.org\/{rel}","templated":true}]}}