{"id":85376,"date":"2026-02-22T14:09:22","date_gmt":"2026-02-22T12:09:22","guid":{"rendered":"https:\/\/kidsplay.lt\/produktas\/big-mega-savivarcio-galios-darbuotojas\/"},"modified":"2026-04-13T14:33:51","modified_gmt":"2026-04-13T11:33:51","slug":"big-mega-savivarcio-galios-darbuotojas","status":"publish","type":"product","link":"https:\/\/kidsplay.lt\/lv\/products\/big-mega-savivarcio-galios-darbuotojas\/","title":{"rendered":"LIELS Mega pa\u0161izg\u0101z\u0113ja elektroener\u0123ijas darbinieks"},"content":{"rendered":"<p>Mega Power Worker savivartis\u00a0i\u0161 mark\u0117s\u00a0DID\u017d\u00a0tai \u017eaislas aktyviems vaikams. Sukurtas turint omenyje ma\u017eas rankenas, \u0161is savivartis yra didesnis nei bet kada anks\u010diau ir pranoksta visus l\u016bkes\u010dius d\u0117l did\u017eiul\u0117s savivar\u010dio d\u0117\u017e\u0117s. Jis gali gabenti vis\u0173 r\u016b\u0161i\u0173 krovinius, nesvarbu, ar tai b\u016bt\u0173 sm\u0117lis, vanduo ar kiti \u017eaislai.<\/p>\n<p>Raksturojums:<\/p>\n<p> \t&#8211; \u017eaislas\u00a0vaikams nuo 2 met\u0173 am\u017eiaus,<br \/>\n \t&#8211;\u00a0did\u017eiul\u0117 krovini\u0173 erdv\u0117,\u00a0kuris laikosi iki\u00a013 litr\u0173\u00a0ir jis gali transportuoti\u00a0kroviniai, sveriantys iki 25 kg<br \/>\n \t&#8211; savivar\u010dio d\u0117\u017e\u0119 galima lengvai pakreipti patogia rankena<br \/>\n \t&#8211; ry\u0161kiai geltonos spalvos ir modern\u016bs lipdukai tai daro\u00a0atrodo, kad tai tikras savivartis<br \/>\n \t&#8211; 65 cm ilgio, tai yra 30% ilgesnis nei jos ma\u017eesnis brolis i\u0161 BIG Power Worker Maxi serijos<br \/>\n \t&#8211; statyba\u00a06 rat\u0173 labai geram stabilumui<br \/>\n \t&#8211;\u00a0sunkiasvor\u0117s padangos,\u00a0kurie nepalieka \u017eymi\u0173 ant grind\u0173 ir yra \u0161veln\u016bs grind\u0173 dangai<br \/>\n \t&#8211;\u00a0lengvai valomas po tekan\u010diu vandeniu, puikiai tinka \u017eaisti vaik\u0173 kambaryje ir lauke<br \/>\n \t&#8211; Pagaminta Vokietijoje<\/p>\n<p>Rota\u013clieta att\u012bst\u0101s:<\/p>\n<p> \t&#8211;\u00a0grub\u016bs motoriniai \u012fg\u016bd\u017eiai<br \/>\n \t&#8211; koordinavimas<br \/>\n \t&#8211; pasitik\u0117jimas savimi<br \/>\n \t&#8211; atradimas ir tyrin\u0117jimas<\/p>","protected":false},"excerpt":{"rendered":"<p>Mega Power Worker savivartis\u00a0i\u0161 mark\u0117s\u00a0DID\u017d\u00a0tai \u017eaislas aktyviems vaikams. Sukurtas turint omenyje ma\u017eas rankenas, \u0161is savivartis yra didesnis nei bet kada<\/p>","protected":false},"featured_media":57711,"template":"","meta":{"_acf_changed":false,"_glsr_average":0,"_glsr_ranking":0,"_glsr_reviews":0},"product_brand":[],"product_cat":[448,229],"product_tag":[],"class_list":{"0":"post-85376","1":"product","2":"type-product","3":"status-publish","4":"has-post-thumbnail","6":"product_cat-automobiliai-ir-transportas","7":"product_cat-zaislai-vaikams","8":"\"style=\"background-color: #2ecc711c;\"","10":"first","11":"instock","12":"purchasable","13":"product-type-simple"},"acf":[],"yoast_head":"<!-- This site is optimized with the Yoast SEO plugin v27.4 - https:\/\/yoast.com\/product\/yoast-seo-wordpress\/ -->\n<title>BIG Mega savivar\u010dio galios darbuotojas<\/title>\n<meta name=\"description\" content=\"BIG Mega savivar\u010dio galios darbuotojas - KidsPlay. Did\u017eiausias vaik\u0173 \u017eaisl\u0173 pasirinkimas.\" \/>\n<meta name=\"robots\" content=\"index, follow, max-snippet:-1, max-image-preview:large, max-video-preview:-1\" \/>\n<link rel=\"canonical\" href=\"https:\/\/kidsplay.lt\/lv\/products\/big-mega-savivarcio-galios-darbuotojas\/\" \/>\n<meta property=\"og:locale\" content=\"lv_LV\" \/>\n<meta property=\"og:type\" content=\"article\" \/>\n<meta property=\"og:title\" content=\"BIG Mega savivar\u010dio galios darbuotojas\" \/>\n<meta property=\"og:description\" content=\"BIG Mega savivar\u010dio galios darbuotojas - KidsPlay. Did\u017eiausias vaik\u0173 \u017eaisl\u0173 pasirinkimas.\" \/>\n<meta property=\"og:url\" content=\"https:\/\/kidsplay.lt\/lv\/products\/big-mega-savivarcio-galios-darbuotojas\/\" \/>\n<meta property=\"og:site_name\" content=\"KidsPlay\" \/>\n<meta property=\"article:publisher\" content=\"https:\/\/www.facebook.com\/www.kidsplay.lt\" \/>\n<meta property=\"article:modified_time\" content=\"2026-04-13T11:33:51+00:00\" \/>\n<meta property=\"og:image\" content=\"https:\/\/kidsplay.lt\/wp-content\/uploads\/2024\/10\/Didelis-\u201eMega-Power-Worker-savivartis-800x800.jpg\" \/>\n\t<meta property=\"og:image:width\" content=\"800\" \/>\n\t<meta property=\"og:image:height\" content=\"800\" \/>\n\t<meta property=\"og:image:type\" content=\"image\/jpeg\" \/>\n<meta name=\"twitter:card\" content=\"summary_large_image\" \/>\n<meta name=\"twitter:label1\" content=\"Est. reading time\" \/>\n\t<meta name=\"twitter:data1\" content=\"1 min\u016bte\" \/>\n<script type=\"application\/ld+json\" class=\"yoast-schema-graph\">{\"@context\":\"https:\\\/\\\/schema.org\",\"@graph\":[{\"@type\":\"WebPage\",\"@id\":\"https:\\\/\\\/kidsplay.lt\\\/produktas\\\/big-mega-savivarcio-galios-darbuotojas\\\/\",\"url\":\"https:\\\/\\\/kidsplay.lt\\\/produktas\\\/big-mega-savivarcio-galios-darbuotojas\\\/\",\"name\":\"BIG Mega savivar\u010dio galios darbuotojas\",\"isPartOf\":{\"@id\":\"https:\\\/\\\/kidsplay.lt\\\/#website\"},\"primaryImageOfPage\":{\"@id\":\"https:\\\/\\\/kidsplay.lt\\\/produktas\\\/big-mega-savivarcio-galios-darbuotojas\\\/#primaryimage\"},\"image\":{\"@id\":\"https:\\\/\\\/kidsplay.lt\\\/produktas\\\/big-mega-savivarcio-galios-darbuotojas\\\/#primaryimage\"},\"thumbnailUrl\":\"https:\\\/\\\/kidsplay.lt\\\/wp-content\\\/uploads\\\/2024\\\/10\\\/Didelis-\u201eMega-Power-Worker-savivartis.jpg\",\"datePublished\":\"2026-02-22T12:09:22+00:00\",\"dateModified\":\"2026-04-13T11:33:51+00:00\",\"description\":\"BIG Mega savivar\u010dio galios darbuotojas - KidsPlay. Did\u017eiausias vaik\u0173 \u017eaisl\u0173 pasirinkimas.\",\"breadcrumb\":{\"@id\":\"https:\\\/\\\/kidsplay.lt\\\/produktas\\\/big-mega-savivarcio-galios-darbuotojas\\\/#breadcrumb\"},\"inLanguage\":\"lv-LV\",\"potentialAction\":[{\"@type\":\"ReadAction\",\"target\":[\"https:\\\/\\\/kidsplay.lt\\\/produktas\\\/big-mega-savivarcio-galios-darbuotojas\\\/\"]}]},{\"@type\":\"ImageObject\",\"inLanguage\":\"lv-LV\",\"@id\":\"https:\\\/\\\/kidsplay.lt\\\/produktas\\\/big-mega-savivarcio-galios-darbuotojas\\\/#primaryimage\",\"url\":\"https:\\\/\\\/kidsplay.lt\\\/wp-content\\\/uploads\\\/2024\\\/10\\\/Didelis-\u201eMega-Power-Worker-savivartis.jpg\",\"contentUrl\":\"https:\\\/\\\/kidsplay.lt\\\/wp-content\\\/uploads\\\/2024\\\/10\\\/Didelis-\u201eMega-Power-Worker-savivartis.jpg\",\"width\":2560,\"height\":2560,\"caption\":\"BIG Mega savivar\u010dio galios darbuotojas\"},{\"@type\":\"BreadcrumbList\",\"@id\":\"https:\\\/\\\/kidsplay.lt\\\/produktas\\\/big-mega-savivarcio-galios-darbuotojas\\\/#breadcrumb\",\"itemListElement\":[{\"@type\":\"ListItem\",\"position\":1,\"name\":\"Pagrindinis\",\"item\":\"https:\\\/\\\/kidsplay.lt\\\/\"},{\"@type\":\"ListItem\",\"position\":2,\"name\":\"Parduotuv\u0117\",\"item\":\"https:\\\/\\\/kidsplay.lt\\\/parduotuve\\\/\"},{\"@type\":\"ListItem\",\"position\":3,\"name\":\"BIG Mega savivar\u010dio galios darbuotojas\"}]},{\"@type\":\"WebSite\",\"@id\":\"https:\\\/\\\/kidsplay.lt\\\/#website\",\"url\":\"https:\\\/\\\/kidsplay.lt\\\/\",\"name\":\"Kidsplay.lt\",\"description\":\"\u012evairios prek\u0117s vaikams\",\"publisher\":{\"@id\":\"https:\\\/\\\/kidsplay.lt\\\/#organization\"},\"alternateName\":\"Kidsplay\",\"potentialAction\":[{\"@type\":\"SearchAction\",\"target\":{\"@type\":\"EntryPoint\",\"urlTemplate\":\"https:\\\/\\\/kidsplay.lt\\\/?s={search_term_string}\"},\"query-input\":{\"@type\":\"PropertyValueSpecification\",\"valueRequired\":true,\"valueName\":\"search_term_string\"}}],\"inLanguage\":\"lv-LV\"},{\"@type\":\"Organization\",\"@id\":\"https:\\\/\\\/kidsplay.lt\\\/#organization\",\"name\":\"KidsPlay\",\"url\":\"https:\\\/\\\/kidsplay.lt\\\/\",\"logo\":{\"@type\":\"ImageObject\",\"inLanguage\":\"lv-LV\",\"@id\":\"https:\\\/\\\/kidsplay.lt\\\/#\\\/schema\\\/logo\\\/image\\\/\",\"url\":\"https:\\\/\\\/kidsplay.lt\\\/wp-content\\\/uploads\\\/2023\\\/07\\\/kidsplay-logo.png\",\"contentUrl\":\"https:\\\/\\\/kidsplay.lt\\\/wp-content\\\/uploads\\\/2023\\\/07\\\/kidsplay-logo.png\",\"width\":451,\"height\":98,\"caption\":\"KidsPlay\"},\"image\":{\"@id\":\"https:\\\/\\\/kidsplay.lt\\\/#\\\/schema\\\/logo\\\/image\\\/\"},\"sameAs\":[\"https:\\\/\\\/www.facebook.com\\\/www.kidsplay.lt\"]}]}<\/script>\n<!-- \/ Yoast SEO plugin. -->","yoast_head_json":{"title":"LIELS Mega pa\u0161izg\u0101z\u0113ja elektroener\u0123ijas darbinieks","description":"BIG Mega savivar\u010dio galios darbuotojas - KidsPlay. Did\u017eiausias vaik\u0173 \u017eaisl\u0173 pasirinkimas.","robots":{"index":"index","follow":"follow","max-snippet":"max-snippet:-1","max-image-preview":"max-image-preview:large","max-video-preview":"max-video-preview:-1"},"canonical":"https:\/\/kidsplay.lt\/lv\/products\/big-mega-savivarcio-galios-darbuotojas\/","og_locale":"lv_LV","og_type":"article","og_title":"BIG Mega savivar\u010dio galios darbuotojas","og_description":"BIG Mega savivar\u010dio galios darbuotojas - KidsPlay. Did\u017eiausias vaik\u0173 \u017eaisl\u0173 pasirinkimas.","og_url":"https:\/\/kidsplay.lt\/lv\/products\/big-mega-savivarcio-galios-darbuotojas\/","og_site_name":"KidsPlay","article_publisher":"https:\/\/www.facebook.com\/www.kidsplay.lt","article_modified_time":"2026-04-13T11:33:51+00:00","og_image":[{"width":800,"height":800,"url":"https:\/\/kidsplay.lt\/wp-content\/uploads\/2024\/10\/Didelis-\u201eMega-Power-Worker-savivartis-800x800.jpg","type":"image\/jpeg"}],"twitter_card":"summary_large_image","twitter_misc":{"Est. reading time":"1 min\u016bte"},"schema":{"@context":"https:\/\/schema.org","@graph":[{"@type":"WebPage","@id":"https:\/\/kidsplay.lt\/produktas\/big-mega-savivarcio-galios-darbuotojas\/","url":"https:\/\/kidsplay.lt\/produktas\/big-mega-savivarcio-galios-darbuotojas\/","name":"LIELS Mega pa\u0161izg\u0101z\u0113ja elektroener\u0123ijas darbinieks","isPartOf":{"@id":"https:\/\/kidsplay.lt\/#website"},"primaryImageOfPage":{"@id":"https:\/\/kidsplay.lt\/produktas\/big-mega-savivarcio-galios-darbuotojas\/#primaryimage"},"image":{"@id":"https:\/\/kidsplay.lt\/produktas\/big-mega-savivarcio-galios-darbuotojas\/#primaryimage"},"thumbnailUrl":"https:\/\/kidsplay.lt\/wp-content\/uploads\/2024\/10\/Didelis-\u201eMega-Power-Worker-savivartis.jpg","datePublished":"2026-02-22T12:09:22+00:00","dateModified":"2026-04-13T11:33:51+00:00","description":"BIG Mega savivar\u010dio galios darbuotojas - KidsPlay. Did\u017eiausias vaik\u0173 \u017eaisl\u0173 pasirinkimas.","breadcrumb":{"@id":"https:\/\/kidsplay.lt\/produktas\/big-mega-savivarcio-galios-darbuotojas\/#breadcrumb"},"inLanguage":"lv-LV","potentialAction":[{"@type":"ReadAction","target":["https:\/\/kidsplay.lt\/produktas\/big-mega-savivarcio-galios-darbuotojas\/"]}]},{"@type":"ImageObject","inLanguage":"lv-LV","@id":"https:\/\/kidsplay.lt\/produktas\/big-mega-savivarcio-galios-darbuotojas\/#primaryimage","url":"https:\/\/kidsplay.lt\/wp-content\/uploads\/2024\/10\/Didelis-\u201eMega-Power-Worker-savivartis.jpg","contentUrl":"https:\/\/kidsplay.lt\/wp-content\/uploads\/2024\/10\/Didelis-\u201eMega-Power-Worker-savivartis.jpg","width":2560,"height":2560,"caption":"BIG Mega savivar\u010dio galios darbuotojas"},{"@type":"BreadcrumbList","@id":"https:\/\/kidsplay.lt\/produktas\/big-mega-savivarcio-galios-darbuotojas\/#breadcrumb","itemListElement":[{"@type":"ListItem","position":1,"name":"Pagrindinis","item":"https:\/\/kidsplay.lt\/"},{"@type":"ListItem","position":2,"name":"Parduotuv\u0117","item":"https:\/\/kidsplay.lt\/parduotuve\/"},{"@type":"ListItem","position":3,"name":"BIG Mega savivar\u010dio galios darbuotojas"}]},{"@type":"WebSite","@id":"https:\/\/kidsplay.lt\/#website","url":"https:\/\/kidsplay.lt\/","name":"B\u0113rnu sp\u0113les.lv","description":"\u012evairios prek\u0117s vaikams","publisher":{"@id":"https:\/\/kidsplay.lt\/#organization"},"alternateName":"Kidsplay","potentialAction":[{"@type":"SearchAction","target":{"@type":"EntryPoint","urlTemplate":"https:\/\/kidsplay.lt\/?s={search_term_string}"},"query-input":{"@type":"PropertyValueSpecification","valueRequired":true,"valueName":"search_term_string"}}],"inLanguage":"lv-LV"},{"@type":"Organization","@id":"https:\/\/kidsplay.lt\/#organization","name":"B\u0113rnu sp\u0113le","url":"https:\/\/kidsplay.lt\/","logo":{"@type":"ImageObject","inLanguage":"lv-LV","@id":"https:\/\/kidsplay.lt\/#\/schema\/logo\/image\/","url":"https:\/\/kidsplay.lt\/wp-content\/uploads\/2023\/07\/kidsplay-logo.png","contentUrl":"https:\/\/kidsplay.lt\/wp-content\/uploads\/2023\/07\/kidsplay-logo.png","width":451,"height":98,"caption":"KidsPlay"},"image":{"@id":"https:\/\/kidsplay.lt\/#\/schema\/logo\/image\/"},"sameAs":["https:\/\/www.facebook.com\/www.kidsplay.lt"]}]}},"_links":{"self":[{"href":"https:\/\/kidsplay.lt\/lv\/wp-json\/wp\/v2\/product\/85376","targetHints":{"allow":["GET"]}}],"collection":[{"href":"https:\/\/kidsplay.lt\/lv\/wp-json\/wp\/v2\/product"}],"about":[{"href":"https:\/\/kidsplay.lt\/lv\/wp-json\/wp\/v2\/types\/product"}],"version-history":[{"count":1,"href":"https:\/\/kidsplay.lt\/lv\/wp-json\/wp\/v2\/product\/85376\/revisions"}],"predecessor-version":[{"id":85377,"href":"https:\/\/kidsplay.lt\/lv\/wp-json\/wp\/v2\/product\/85376\/revisions\/85377"}],"wp:featuredmedia":[{"embeddable":true,"href":"https:\/\/kidsplay.lt\/lv\/wp-json\/wp\/v2\/media\/57711"}],"wp:attachment":[{"href":"https:\/\/kidsplay.lt\/lv\/wp-json\/wp\/v2\/media?parent=85376"}],"wp:term":[{"taxonomy":"product_brand","embeddable":true,"href":"https:\/\/kidsplay.lt\/lv\/wp-json\/wp\/v2\/product_brand?post=85376"},{"taxonomy":"product_cat","embeddable":true,"href":"https:\/\/kidsplay.lt\/lv\/wp-json\/wp\/v2\/product_cat?post=85376"},{"taxonomy":"product_tag","embeddable":true,"href":"https:\/\/kidsplay.lt\/lv\/wp-json\/wp\/v2\/product_tag?post=85376"}],"curies":[{"name":"wp","href":"https:\/\/api.w.org\/{rel}","templated":true}]}}