{"id":85718,"date":"2026-02-22T14:29:08","date_gmt":"2026-02-22T12:29:08","guid":{"rendered":"https:\/\/kidsplay.lt\/produktas\/rozinis-paspiriamas-automobilis\/"},"modified":"2026-04-20T08:23:04","modified_gmt":"2026-04-20T05:23:04","slug":"rozinis-paspiriamas-automobilis","status":"publish","type":"product","link":"https:\/\/kidsplay.lt\/lv\/products\/rozinis-paspiriamas-automobilis\/","title":{"rendered":"Roz\u0101 stumjama automa\u0161\u012bna"},"content":{"rendered":"<p>Bobby Car Classic Flower va\u017eiuojamasis \u017eaislas\u00a0yra \u017eavinga ir spalvinga transporto priemon\u0117 vaikams\u00a0nuo 12 m\u0117nesi\u0173 am\u017eiaus\u00a0, sukurta garsios Vokietijos kompanijos\u00a0Big\u00a0. Va\u017eiuojamas \u017eaislas yra\u00a0automobilio formos su vairu su garso signalu\u00a0,\u00a0vilkimo rankena ir priekabos kabliu\u00a0. Va\u017eiavimas yra\u00a0stabilus, saugus ir patogus d\u0117l \u017eemo svorio centro, kont\u016bruotos s\u0117dyn\u0117s ir besisukan\u010di\u0173 rat\u0173.\u00a0Puikiai tinka smalsiems vaikams, kurie mokosi vaik\u0161\u010dioti ir lavina\u00a0motorinius \u012fg\u016bd\u017eius bei koordinacij\u0105.<\/p>\n<p>Raksturojums:<\/p>\n<p> \t&#8211; \u017eaislas vaikams nuo\u00a012 m\u0117nesi\u0173\u00a0am\u017eiaus,<br \/>\n \t&#8211; jis yra\u00a0stabilus, saugus ir patogus\u00a0d\u0117l \u017eemo svorio centro, kont\u016brin\u0117s s\u0117dyn\u0117s ir besisukan\u010di\u0173 rat\u0173,<br \/>\n \t&#8211; vaikai ant jodin\u0117jimo gali \u017eaisti dviem pozicijomis:\u00a0s\u0117d\u0117dami arba kl\u016bp\u0117dami, atsistumdami kojomis<br \/>\n \t&#8211;\u00a0lavina vaiko motorik\u0105, koordinacij\u0105 ir vaizduot\u0119\u00a0, o taip pat suteikia daug d\u017eiaugsmo<br \/>\n \t&#8211;\u00a0Jis yra patvarus ir lengvai pri\u017ei\u016brimas,\u00a0nes pagamintas i\u0161 auk\u0161tos kokyb\u0117s med\u017eiag\u0173<br \/>\n \t&#8211; su juo galite\u00a0\u017eaisti tiek viduje, tiek lauke,\u00a0nes nebrai\u017eo grind\u0173<br \/>\n \t&#8211; Jojimo \u017eaislas yra\u00a0ro\u017ein\u0117s spalvos su g\u0117li\u0173 ra\u0161tu\u00a0, kuris suteikia \u017eavesio ir originalumo<br \/>\n \t&#8211; galima prijungti prie\u00a0BIG Bobby Car priekabos,\u00a0kad b\u016bt\u0173 smagiau<br \/>\n \t&#8211;\u00a0DID\u017dIAUSIAI pasiva\u017ein\u0117jimai tinkami ir dar\u017eeliams\u00a0d\u0117l savo patvarumo ir patrauklumo<br \/>\n \t&#8211; maksimali\u00a0apkrova 50 kg<br \/>\n \t&#8211; pagaminta Vokietijoje<\/p>\n<p>BIG\u00a0\u00a0priklauso dideliam\u00a0 koncernui\u00a0Simba Dickie\u00a0Group \u00a0\u2013 linija apima labai \u012fvairius ir inovatyvius \u017eaislus, kurie skatina vaik\u0173 motorini\u0173 \u012fg\u016bd\u017ei\u0173 vystym\u0105si.\u00a0BIG\u00a0produktai\u00a0\u00a0\u00a0si\u016blo daugyb\u0119 pramog\u0173 id\u0117j\u0173. \u010cia rasite automobili\u0173, pasiva\u017ein\u0117jim\u0173, rokeri\u0173, traktori\u0173, val\u010di\u0173, \u010diuo\u017eykl\u0173, vandens transporto priemoni\u0173 ir sm\u0117lio d\u0117\u017ei\u0173. BIG \u017eaislai yra labai auk\u0161tos kokyb\u0117s. Jie pagaminti Vokietijoje i\u0161 auk\u0161tos kokyb\u0117s, UV spinduliams atspari\u0173 med\u017eiag\u0173. M\u016bs\u0173 \u017eaisl\u0173 saugumas garantuojamas ir patvirtintas LGA\/T\u00dcV testais.<\/p>","protected":false},"excerpt":{"rendered":"<p>Bobby Car Classic Flower va\u017eiuojamasis \u017eaislas\u00a0yra \u017eavinga ir spalvinga transporto priemon\u0117 vaikams\u00a0nuo 12 m\u0117nesi\u0173 am\u017eiaus\u00a0, sukurta garsios Vokietijos kompanijos\u00a0Big\u00a0. Va\u017eiuojamas<\/p>","protected":false},"featured_media":60561,"template":"","meta":{"_acf_changed":false,"_glsr_average":0,"_glsr_ranking":0,"_glsr_reviews":0},"product_brand":[],"product_cat":[237,238],"product_tag":[],"class_list":{"0":"post-85718","1":"product","2":"type-product","3":"status-publish","4":"has-post-thumbnail","6":"product_cat-judejimo-priemones","7":"product_cat-stumdomos-masineles","8":"\"style=\"background-color: #2ecc711c;\"","10":"first","11":"instock","12":"purchasable","13":"product-type-simple"},"acf":[],"yoast_head":"<!-- This site is optimized with the Yoast SEO plugin v27.4 - https:\/\/yoast.com\/product\/yoast-seo-wordpress\/ -->\n<title>Ro\u017einis paspiriamas automobilis<\/title>\n<meta name=\"description\" content=\"Ro\u017einis paspiriamas automobilis - KidsPlay. Did\u017eiausias vaik\u0173 \u017eaisl\u0173 pasirinkimas.\" \/>\n<meta name=\"robots\" content=\"index, follow, max-snippet:-1, max-image-preview:large, max-video-preview:-1\" \/>\n<link rel=\"canonical\" href=\"https:\/\/kidsplay.lt\/lv\/products\/rozinis-paspiriamas-automobilis\/\" \/>\n<meta property=\"og:locale\" content=\"lv_LV\" \/>\n<meta property=\"og:type\" content=\"article\" \/>\n<meta property=\"og:title\" content=\"Ro\u017einis paspiriamas automobilis\" \/>\n<meta property=\"og:description\" content=\"Ro\u017einis paspiriamas automobilis - KidsPlay. Did\u017eiausias vaik\u0173 \u017eaisl\u0173 pasirinkimas.\" \/>\n<meta property=\"og:url\" content=\"https:\/\/kidsplay.lt\/lv\/products\/rozinis-paspiriamas-automobilis\/\" \/>\n<meta property=\"og:site_name\" content=\"KidsPlay\" \/>\n<meta property=\"article:publisher\" content=\"https:\/\/www.facebook.com\/www.kidsplay.lt\" \/>\n<meta property=\"article:modified_time\" content=\"2026-04-20T05:23:04+00:00\" \/>\n<meta property=\"og:image\" content=\"https:\/\/kidsplay.lt\/wp-content\/uploads\/2025\/03\/Rozinis-paspiriamas-automobilis.jpg\" \/>\n\t<meta property=\"og:image:width\" content=\"800\" \/>\n\t<meta property=\"og:image:height\" content=\"800\" \/>\n\t<meta property=\"og:image:type\" content=\"image\/jpeg\" \/>\n<meta name=\"twitter:card\" content=\"summary_large_image\" \/>\n<meta name=\"twitter:label1\" content=\"Est. reading time\" \/>\n\t<meta name=\"twitter:data1\" content=\"2 min\u016btes\" \/>\n<script type=\"application\/ld+json\" class=\"yoast-schema-graph\">{\"@context\":\"https:\\\/\\\/schema.org\",\"@graph\":[{\"@type\":\"WebPage\",\"@id\":\"https:\\\/\\\/kidsplay.lt\\\/produktas\\\/rozinis-paspiriamas-automobilis\\\/\",\"url\":\"https:\\\/\\\/kidsplay.lt\\\/produktas\\\/rozinis-paspiriamas-automobilis\\\/\",\"name\":\"Ro\u017einis paspiriamas automobilis\",\"isPartOf\":{\"@id\":\"https:\\\/\\\/kidsplay.lt\\\/#website\"},\"primaryImageOfPage\":{\"@id\":\"https:\\\/\\\/kidsplay.lt\\\/produktas\\\/rozinis-paspiriamas-automobilis\\\/#primaryimage\"},\"image\":{\"@id\":\"https:\\\/\\\/kidsplay.lt\\\/produktas\\\/rozinis-paspiriamas-automobilis\\\/#primaryimage\"},\"thumbnailUrl\":\"https:\\\/\\\/kidsplay.lt\\\/wp-content\\\/uploads\\\/2025\\\/03\\\/Rozinis-paspiriamas-automobilis.jpg\",\"datePublished\":\"2026-02-22T12:29:08+00:00\",\"dateModified\":\"2026-04-20T05:23:04+00:00\",\"description\":\"Ro\u017einis paspiriamas automobilis - KidsPlay. Did\u017eiausias vaik\u0173 \u017eaisl\u0173 pasirinkimas.\",\"breadcrumb\":{\"@id\":\"https:\\\/\\\/kidsplay.lt\\\/produktas\\\/rozinis-paspiriamas-automobilis\\\/#breadcrumb\"},\"inLanguage\":\"lv-LV\",\"potentialAction\":[{\"@type\":\"ReadAction\",\"target\":[\"https:\\\/\\\/kidsplay.lt\\\/produktas\\\/rozinis-paspiriamas-automobilis\\\/\"]}]},{\"@type\":\"ImageObject\",\"inLanguage\":\"lv-LV\",\"@id\":\"https:\\\/\\\/kidsplay.lt\\\/produktas\\\/rozinis-paspiriamas-automobilis\\\/#primaryimage\",\"url\":\"https:\\\/\\\/kidsplay.lt\\\/wp-content\\\/uploads\\\/2025\\\/03\\\/Rozinis-paspiriamas-automobilis.jpg\",\"contentUrl\":\"https:\\\/\\\/kidsplay.lt\\\/wp-content\\\/uploads\\\/2025\\\/03\\\/Rozinis-paspiriamas-automobilis.jpg\",\"width\":2560,\"height\":2560,\"caption\":\"Ro\u017einis paspiriamas automobilis\"},{\"@type\":\"BreadcrumbList\",\"@id\":\"https:\\\/\\\/kidsplay.lt\\\/produktas\\\/rozinis-paspiriamas-automobilis\\\/#breadcrumb\",\"itemListElement\":[{\"@type\":\"ListItem\",\"position\":1,\"name\":\"Pagrindinis\",\"item\":\"https:\\\/\\\/kidsplay.lt\\\/\"},{\"@type\":\"ListItem\",\"position\":2,\"name\":\"Parduotuv\u0117\",\"item\":\"https:\\\/\\\/kidsplay.lt\\\/parduotuve\\\/\"},{\"@type\":\"ListItem\",\"position\":3,\"name\":\"Ro\u017einis paspiriamas automobilis\"}]},{\"@type\":\"WebSite\",\"@id\":\"https:\\\/\\\/kidsplay.lt\\\/#website\",\"url\":\"https:\\\/\\\/kidsplay.lt\\\/\",\"name\":\"Kidsplay.lt\",\"description\":\"\u012evairios prek\u0117s vaikams\",\"publisher\":{\"@id\":\"https:\\\/\\\/kidsplay.lt\\\/#organization\"},\"alternateName\":\"Kidsplay\",\"potentialAction\":[{\"@type\":\"SearchAction\",\"target\":{\"@type\":\"EntryPoint\",\"urlTemplate\":\"https:\\\/\\\/kidsplay.lt\\\/?s={search_term_string}\"},\"query-input\":{\"@type\":\"PropertyValueSpecification\",\"valueRequired\":true,\"valueName\":\"search_term_string\"}}],\"inLanguage\":\"lv-LV\"},{\"@type\":\"Organization\",\"@id\":\"https:\\\/\\\/kidsplay.lt\\\/#organization\",\"name\":\"KidsPlay\",\"url\":\"https:\\\/\\\/kidsplay.lt\\\/\",\"logo\":{\"@type\":\"ImageObject\",\"inLanguage\":\"lv-LV\",\"@id\":\"https:\\\/\\\/kidsplay.lt\\\/#\\\/schema\\\/logo\\\/image\\\/\",\"url\":\"https:\\\/\\\/kidsplay.lt\\\/wp-content\\\/uploads\\\/2023\\\/07\\\/kidsplay-logo.png\",\"contentUrl\":\"https:\\\/\\\/kidsplay.lt\\\/wp-content\\\/uploads\\\/2023\\\/07\\\/kidsplay-logo.png\",\"width\":451,\"height\":98,\"caption\":\"KidsPlay\"},\"image\":{\"@id\":\"https:\\\/\\\/kidsplay.lt\\\/#\\\/schema\\\/logo\\\/image\\\/\"},\"sameAs\":[\"https:\\\/\\\/www.facebook.com\\\/www.kidsplay.lt\"]}]}<\/script>\n<!-- \/ Yoast SEO plugin. -->","yoast_head_json":{"title":"Roz\u0101 stumjama automa\u0161\u012bna","description":"Ro\u017einis paspiriamas automobilis - KidsPlay. Did\u017eiausias vaik\u0173 \u017eaisl\u0173 pasirinkimas.","robots":{"index":"index","follow":"follow","max-snippet":"max-snippet:-1","max-image-preview":"max-image-preview:large","max-video-preview":"max-video-preview:-1"},"canonical":"https:\/\/kidsplay.lt\/lv\/products\/rozinis-paspiriamas-automobilis\/","og_locale":"lv_LV","og_type":"article","og_title":"Ro\u017einis paspiriamas automobilis","og_description":"Ro\u017einis paspiriamas automobilis - KidsPlay. Did\u017eiausias vaik\u0173 \u017eaisl\u0173 pasirinkimas.","og_url":"https:\/\/kidsplay.lt\/lv\/products\/rozinis-paspiriamas-automobilis\/","og_site_name":"KidsPlay","article_publisher":"https:\/\/www.facebook.com\/www.kidsplay.lt","article_modified_time":"2026-04-20T05:23:04+00:00","og_image":[{"url":"https:\/\/kidsplay.lt\/wp-content\/uploads\/2025\/03\/Rozinis-paspiriamas-automobilis.jpg","width":800,"height":800,"type":"image\/jpeg"}],"twitter_card":"summary_large_image","twitter_misc":{"Est. reading time":"2 min\u016btes"},"schema":{"@context":"https:\/\/schema.org","@graph":[{"@type":"WebPage","@id":"https:\/\/kidsplay.lt\/produktas\/rozinis-paspiriamas-automobilis\/","url":"https:\/\/kidsplay.lt\/produktas\/rozinis-paspiriamas-automobilis\/","name":"Roz\u0101 stumjama automa\u0161\u012bna","isPartOf":{"@id":"https:\/\/kidsplay.lt\/#website"},"primaryImageOfPage":{"@id":"https:\/\/kidsplay.lt\/produktas\/rozinis-paspiriamas-automobilis\/#primaryimage"},"image":{"@id":"https:\/\/kidsplay.lt\/produktas\/rozinis-paspiriamas-automobilis\/#primaryimage"},"thumbnailUrl":"https:\/\/kidsplay.lt\/wp-content\/uploads\/2025\/03\/Rozinis-paspiriamas-automobilis.jpg","datePublished":"2026-02-22T12:29:08+00:00","dateModified":"2026-04-20T05:23:04+00:00","description":"Ro\u017einis paspiriamas automobilis - KidsPlay. Did\u017eiausias vaik\u0173 \u017eaisl\u0173 pasirinkimas.","breadcrumb":{"@id":"https:\/\/kidsplay.lt\/produktas\/rozinis-paspiriamas-automobilis\/#breadcrumb"},"inLanguage":"lv-LV","potentialAction":[{"@type":"ReadAction","target":["https:\/\/kidsplay.lt\/produktas\/rozinis-paspiriamas-automobilis\/"]}]},{"@type":"ImageObject","inLanguage":"lv-LV","@id":"https:\/\/kidsplay.lt\/produktas\/rozinis-paspiriamas-automobilis\/#primaryimage","url":"https:\/\/kidsplay.lt\/wp-content\/uploads\/2025\/03\/Rozinis-paspiriamas-automobilis.jpg","contentUrl":"https:\/\/kidsplay.lt\/wp-content\/uploads\/2025\/03\/Rozinis-paspiriamas-automobilis.jpg","width":2560,"height":2560,"caption":"Ro\u017einis paspiriamas automobilis"},{"@type":"BreadcrumbList","@id":"https:\/\/kidsplay.lt\/produktas\/rozinis-paspiriamas-automobilis\/#breadcrumb","itemListElement":[{"@type":"ListItem","position":1,"name":"Pagrindinis","item":"https:\/\/kidsplay.lt\/"},{"@type":"ListItem","position":2,"name":"Parduotuv\u0117","item":"https:\/\/kidsplay.lt\/parduotuve\/"},{"@type":"ListItem","position":3,"name":"Ro\u017einis paspiriamas automobilis"}]},{"@type":"WebSite","@id":"https:\/\/kidsplay.lt\/#website","url":"https:\/\/kidsplay.lt\/","name":"B\u0113rnu sp\u0113les.lv","description":"\u012evairios prek\u0117s vaikams","publisher":{"@id":"https:\/\/kidsplay.lt\/#organization"},"alternateName":"Kidsplay","potentialAction":[{"@type":"SearchAction","target":{"@type":"EntryPoint","urlTemplate":"https:\/\/kidsplay.lt\/?s={search_term_string}"},"query-input":{"@type":"PropertyValueSpecification","valueRequired":true,"valueName":"search_term_string"}}],"inLanguage":"lv-LV"},{"@type":"Organization","@id":"https:\/\/kidsplay.lt\/#organization","name":"B\u0113rnu sp\u0113le","url":"https:\/\/kidsplay.lt\/","logo":{"@type":"ImageObject","inLanguage":"lv-LV","@id":"https:\/\/kidsplay.lt\/#\/schema\/logo\/image\/","url":"https:\/\/kidsplay.lt\/wp-content\/uploads\/2023\/07\/kidsplay-logo.png","contentUrl":"https:\/\/kidsplay.lt\/wp-content\/uploads\/2023\/07\/kidsplay-logo.png","width":451,"height":98,"caption":"KidsPlay"},"image":{"@id":"https:\/\/kidsplay.lt\/#\/schema\/logo\/image\/"},"sameAs":["https:\/\/www.facebook.com\/www.kidsplay.lt"]}]}},"_links":{"self":[{"href":"https:\/\/kidsplay.lt\/lv\/wp-json\/wp\/v2\/product\/85718","targetHints":{"allow":["GET"]}}],"collection":[{"href":"https:\/\/kidsplay.lt\/lv\/wp-json\/wp\/v2\/product"}],"about":[{"href":"https:\/\/kidsplay.lt\/lv\/wp-json\/wp\/v2\/types\/product"}],"version-history":[{"count":1,"href":"https:\/\/kidsplay.lt\/lv\/wp-json\/wp\/v2\/product\/85718\/revisions"}],"predecessor-version":[{"id":85719,"href":"https:\/\/kidsplay.lt\/lv\/wp-json\/wp\/v2\/product\/85718\/revisions\/85719"}],"wp:featuredmedia":[{"embeddable":true,"href":"https:\/\/kidsplay.lt\/lv\/wp-json\/wp\/v2\/media\/60561"}],"wp:attachment":[{"href":"https:\/\/kidsplay.lt\/lv\/wp-json\/wp\/v2\/media?parent=85718"}],"wp:term":[{"taxonomy":"product_brand","embeddable":true,"href":"https:\/\/kidsplay.lt\/lv\/wp-json\/wp\/v2\/product_brand?post=85718"},{"taxonomy":"product_cat","embeddable":true,"href":"https:\/\/kidsplay.lt\/lv\/wp-json\/wp\/v2\/product_cat?post=85718"},{"taxonomy":"product_tag","embeddable":true,"href":"https:\/\/kidsplay.lt\/lv\/wp-json\/wp\/v2\/product_tag?post=85718"}],"curies":[{"name":"wp","href":"https:\/\/api.w.org\/{rel}","templated":true}]}}