{"id":85738,"date":"2026-02-22T14:31:01","date_gmt":"2026-02-22T12:31:01","guid":{"rendered":"https:\/\/kidsplay.lt\/produktas\/woopie-royal-ispaniskos-marcia-interaktyvios-kudikiu-leles\/"},"modified":"2026-03-11T17:30:37","modified_gmt":"2026-03-11T15:30:37","slug":"woopie-royal-ispaniskos-marcia-interaktyvios-kudikiu-leles","status":"publish","type":"product","link":"https:\/\/kidsplay.lt\/lv\/products\/woopie-royal-ispaniskos-marcia-interaktyvios-kudikiu-leles\/","title":{"rendered":"WOOPIE ROYAL ispani\u0161kos Marcia interaktyvios k\u016bdiki\u0173 l\u0117l\u0117s"},"content":{"rendered":"<p>Interaktyvi l\u0117l\u0117\u00a0i\u0161\u00a0WOOPIE\u00a0prek\u0117s \u017eenklo i\u0161\u00a0ROYAL\u00a0serijos yra kaip tikras vaikas! \u017daisdamas su l\u0117le, j\u016bs\u0173 vaikas lavina empatijos\u00a0ir atsakomyb\u0117s\u00a0jausm\u0105\u00a0!\u00a0L\u0117l\u0117 yra mink\u0161ta liesti, o jos gra\u017eios akys traukia vaiko d\u0117mes\u012f. Neabejotinas\u00a0l\u0117l\u0117s privalumas \u2013 gra\u017e\u016bs, ilgi ir \u017evilgantys plaukai\u00a0, puikiai tinkantys \u0161ukavimui. D\u0117l puikios plauk\u0173 kokyb\u0117s j\u016bs\u0173 vaikas gali pasinerti \u012f savo k\u016brybi\u0161kum\u0105 kurdamas \u012fvairias \u0161ukuosenas. L\u0117l\u0117s rankyt\u0117s yra rafinuotos,\u00a0subtil\u016bs nageliai suteikia\u00a0realizmo , o\u00a0\u0161iek tiek paraud\u0119 skruostai\u00a0pary\u0161kina l\u0117l\u0117s gro\u017e\u012f. Rinkin\u012f sudaro\u00a0daugyb\u0117 detali\u0173\u00a0\u2013 nesibaigiantys \u017eaidimai, j\u016bs\u0173 ma\u017eylis bus laimingas, o j\u016bs jausit\u0117s ram\u016bs \u017einodami, kad jie kokybi\u0161kai leid\u017eia laik\u0105 \u017eaisdami. M\u016bs\u0173\u00a0l\u0117l\u0117s\u00a0pagamintos\u00a0su ne\u012ftik\u0117tinu tikslumu\u00a0ir\u00a0d\u0117mesiu\u00a0detal\u0117ms\u00a0, kad atrodyt\u0173 lyg tikros.\u00a0L\u0117l\u0117 vilki\u00a0ro\u017ein\u0119 suknel\u0119 su \u017eavingais raukiniais. Suknel\u0117 yra i\u0161kirpta ties juosmeniu ir papuo\u0161ta spalvingu ra\u0161tu. Aprang\u0105 u\u017ebaigia ro\u017einiai bateliai ir deranti galvos juosta\u00a0.<\/p>\n<p>Rakstur\u012bgs:<\/p>\n<p> \t&#8211;\u00a0\u017daislas nuo\u00a03 met\u0173 am\u017eiaus<br \/>\n \t&#8211;\u00a0Interaktyvi\u00a0l\u0117l\u0117, reaguojanti \u012f dirgiklius<br \/>\n \t&#8211; Nuimami drabu\u017eiai,\u00a0lengvai skalbiami\u00a0skalbimo ma\u0161inoje<br \/>\n \t&#8211;\u00a0Judan\u010dios rankos\u00a0,\u00a0kojos\u00a0ir galva &#8211; mink\u0161tas silikonas<br \/>\n \t&#8211; D\u0117mesys kiekvienai detalei &#8211; L\u0117l\u0117s viduje yra pagaminta i\u0161 mink\u0161to pliu\u0161o<br \/>\n \t&#8211; S\u0117di savaranki\u0161kai<br \/>\n \t&#8211; Ilgos, gra\u017eios blakstienos<br \/>\n \t&#8211; Garso sistema veikia su 3 AA baterijomis (\u00a0\u012f komplekt\u0105 ne\u012feina\u00a0)<\/p>\n<p>Funkcijas:<\/p>\n<p> \t-Ji juokiasi, kai j\u0105 i\u0161vemi.<br \/>\n \t&#8211; Apkabintas skleid\u017eia laimingus garsus<br \/>\n \t-Skleida verksmo gars\u0105<br \/>\n \t&#8211; Pad\u0117tas ant plok\u0161\u010dio nardymo vamzdelio ir skleid\u017eia miego garsus<br \/>\n \t&#8211; Kai l\u0117l\u0117 pajunta sm\u016bg\u012f, ji pradeda verkti.<br \/>\n \t-Pad\u0117jus ant pilvuko, jis pradeda skleisti nepasitenkinimo garsus.<\/p>\n<p>Komplekt\u0101 ietilpst:<\/p>\n<p> \t-1 butelis l\u0117lei<br \/>\n \t-1 \u010diulptukas<br \/>\n \t-1 pliu\u0161inis \u017eaislas<br \/>\n \t-1 sauskeln\u0117s<\/p>","protected":false},"excerpt":{"rendered":"<p>Interaktyvi l\u0117l\u0117\u00a0i\u0161\u00a0WOOPIE\u00a0prek\u0117s \u017eenklo i\u0161\u00a0ROYAL\u00a0serijos yra kaip tikras vaikas! \u017daisdamas su l\u0117le, j\u016bs\u0173 vaikas lavina empatijos\u00a0ir atsakomyb\u0117s\u00a0jausm\u0105\u00a0!\u00a0L\u0117l\u0117 yra mink\u0161ta liesti, o<\/p>","protected":false},"featured_media":62493,"template":"","meta":{"_acf_changed":false,"_glsr_average":0,"_glsr_ranking":0,"_glsr_reviews":0},"product_brand":[],"product_cat":[443,229],"product_tag":[],"class_list":{"0":"post-85738","1":"product","2":"type-product","3":"status-publish","4":"has-post-thumbnail","6":"product_cat-leles-ir-priedai","7":"product_cat-zaislai-vaikams","8":"\"style=\"background-color: #2ecc711c;\"","10":"first","11":"outofstock","12":"purchasable","13":"product-type-simple"},"acf":[],"yoast_head":"<!-- This site is optimized with the Yoast SEO plugin v27.4 - https:\/\/yoast.com\/product\/yoast-seo-wordpress\/ -->\n<title>WOOPIE ROYAL ispani\u0161kos Marcia interaktyvios k\u016bdiki\u0173 l\u0117l\u0117s<\/title>\n<meta name=\"description\" content=\"WOOPIE ROYAL ispani\u0161kos Marcia interaktyvios k\u016bdiki\u0173 l\u0117l\u0117s - KidsPlay. Did\u017eiausias vaik\u0173 \u017eaisl\u0173 pasirinkimas.\" \/>\n<meta name=\"robots\" content=\"index, follow, max-snippet:-1, max-image-preview:large, max-video-preview:-1\" \/>\n<link rel=\"canonical\" href=\"https:\/\/kidsplay.lt\/lv\/products\/woopie-royal-ispaniskos-marcia-interaktyvios-kudikiu-leles\/\" \/>\n<meta property=\"og:locale\" content=\"lv_LV\" \/>\n<meta property=\"og:type\" content=\"article\" \/>\n<meta property=\"og:title\" content=\"WOOPIE ROYAL ispani\u0161kos Marcia interaktyvios k\u016bdiki\u0173 l\u0117l\u0117s\" \/>\n<meta property=\"og:description\" content=\"WOOPIE ROYAL ispani\u0161kos Marcia interaktyvios k\u016bdiki\u0173 l\u0117l\u0117s - KidsPlay. Did\u017eiausias vaik\u0173 \u017eaisl\u0173 pasirinkimas.\" \/>\n<meta property=\"og:url\" content=\"https:\/\/kidsplay.lt\/lv\/products\/woopie-royal-ispaniskos-marcia-interaktyvios-kudikiu-leles\/\" \/>\n<meta property=\"og:site_name\" content=\"KidsPlay\" \/>\n<meta property=\"article:publisher\" content=\"https:\/\/www.facebook.com\/www.kidsplay.lt\" \/>\n<meta property=\"article:modified_time\" content=\"2026-03-11T15:30:37+00:00\" \/>\n<meta property=\"og:image\" content=\"https:\/\/kidsplay.lt\/wp-content\/uploads\/2025\/09\/WOOPIE-ROYAL-ispaniskos-Marcia-interaktyvios-kudikiu-leles.jpg\" \/>\n\t<meta property=\"og:image:width\" content=\"2500\" \/>\n\t<meta property=\"og:image:height\" content=\"2500\" \/>\n\t<meta property=\"og:image:type\" content=\"image\/jpeg\" \/>\n<meta name=\"twitter:card\" content=\"summary_large_image\" \/>\n<meta name=\"twitter:label1\" content=\"Est. reading time\" \/>\n\t<meta name=\"twitter:data1\" content=\"2 min\u016btes\" \/>\n<script type=\"application\/ld+json\" class=\"yoast-schema-graph\">{\"@context\":\"https:\\\/\\\/schema.org\",\"@graph\":[{\"@type\":\"WebPage\",\"@id\":\"https:\\\/\\\/kidsplay.lt\\\/produktas\\\/woopie-royal-ispaniskos-marcia-interaktyvios-kudikiu-leles\\\/\",\"url\":\"https:\\\/\\\/kidsplay.lt\\\/produktas\\\/woopie-royal-ispaniskos-marcia-interaktyvios-kudikiu-leles\\\/\",\"name\":\"WOOPIE ROYAL ispani\u0161kos Marcia interaktyvios k\u016bdiki\u0173 l\u0117l\u0117s\",\"isPartOf\":{\"@id\":\"https:\\\/\\\/kidsplay.lt\\\/#website\"},\"primaryImageOfPage\":{\"@id\":\"https:\\\/\\\/kidsplay.lt\\\/produktas\\\/woopie-royal-ispaniskos-marcia-interaktyvios-kudikiu-leles\\\/#primaryimage\"},\"image\":{\"@id\":\"https:\\\/\\\/kidsplay.lt\\\/produktas\\\/woopie-royal-ispaniskos-marcia-interaktyvios-kudikiu-leles\\\/#primaryimage\"},\"thumbnailUrl\":\"https:\\\/\\\/kidsplay.lt\\\/wp-content\\\/uploads\\\/2025\\\/09\\\/WOOPIE-ROYAL-ispaniskos-Marcia-interaktyvios-kudikiu-leles.jpg\",\"datePublished\":\"2026-02-22T12:31:01+00:00\",\"dateModified\":\"2026-03-11T15:30:37+00:00\",\"description\":\"WOOPIE ROYAL ispani\u0161kos Marcia interaktyvios k\u016bdiki\u0173 l\u0117l\u0117s - KidsPlay. Did\u017eiausias vaik\u0173 \u017eaisl\u0173 pasirinkimas.\",\"breadcrumb\":{\"@id\":\"https:\\\/\\\/kidsplay.lt\\\/produktas\\\/woopie-royal-ispaniskos-marcia-interaktyvios-kudikiu-leles\\\/#breadcrumb\"},\"inLanguage\":\"lv-LV\",\"potentialAction\":[{\"@type\":\"ReadAction\",\"target\":[\"https:\\\/\\\/kidsplay.lt\\\/produktas\\\/woopie-royal-ispaniskos-marcia-interaktyvios-kudikiu-leles\\\/\"]}]},{\"@type\":\"ImageObject\",\"inLanguage\":\"lv-LV\",\"@id\":\"https:\\\/\\\/kidsplay.lt\\\/produktas\\\/woopie-royal-ispaniskos-marcia-interaktyvios-kudikiu-leles\\\/#primaryimage\",\"url\":\"https:\\\/\\\/kidsplay.lt\\\/wp-content\\\/uploads\\\/2025\\\/09\\\/WOOPIE-ROYAL-ispaniskos-Marcia-interaktyvios-kudikiu-leles.jpg\",\"contentUrl\":\"https:\\\/\\\/kidsplay.lt\\\/wp-content\\\/uploads\\\/2025\\\/09\\\/WOOPIE-ROYAL-ispaniskos-Marcia-interaktyvios-kudikiu-leles.jpg\",\"width\":2500,\"height\":2500,\"caption\":\"WOOPIE ROYAL ispani\u0161kos Marcia interaktyvios k\u016bdiki\u0173 l\u0117l\u0117s\"},{\"@type\":\"BreadcrumbList\",\"@id\":\"https:\\\/\\\/kidsplay.lt\\\/produktas\\\/woopie-royal-ispaniskos-marcia-interaktyvios-kudikiu-leles\\\/#breadcrumb\",\"itemListElement\":[{\"@type\":\"ListItem\",\"position\":1,\"name\":\"Pagrindinis\",\"item\":\"https:\\\/\\\/kidsplay.lt\\\/\"},{\"@type\":\"ListItem\",\"position\":2,\"name\":\"Parduotuv\u0117\",\"item\":\"https:\\\/\\\/kidsplay.lt\\\/parduotuve\\\/\"},{\"@type\":\"ListItem\",\"position\":3,\"name\":\"WOOPIE ROYAL ispani\u0161kos Marcia interaktyvios k\u016bdiki\u0173 l\u0117l\u0117s\"}]},{\"@type\":\"WebSite\",\"@id\":\"https:\\\/\\\/kidsplay.lt\\\/#website\",\"url\":\"https:\\\/\\\/kidsplay.lt\\\/\",\"name\":\"Kidsplay.lt\",\"description\":\"\u012evairios prek\u0117s vaikams\",\"publisher\":{\"@id\":\"https:\\\/\\\/kidsplay.lt\\\/#organization\"},\"alternateName\":\"Kidsplay\",\"potentialAction\":[{\"@type\":\"SearchAction\",\"target\":{\"@type\":\"EntryPoint\",\"urlTemplate\":\"https:\\\/\\\/kidsplay.lt\\\/?s={search_term_string}\"},\"query-input\":{\"@type\":\"PropertyValueSpecification\",\"valueRequired\":true,\"valueName\":\"search_term_string\"}}],\"inLanguage\":\"lv-LV\"},{\"@type\":\"Organization\",\"@id\":\"https:\\\/\\\/kidsplay.lt\\\/#organization\",\"name\":\"KidsPlay\",\"url\":\"https:\\\/\\\/kidsplay.lt\\\/\",\"logo\":{\"@type\":\"ImageObject\",\"inLanguage\":\"lv-LV\",\"@id\":\"https:\\\/\\\/kidsplay.lt\\\/#\\\/schema\\\/logo\\\/image\\\/\",\"url\":\"https:\\\/\\\/kidsplay.lt\\\/wp-content\\\/uploads\\\/2023\\\/07\\\/kidsplay-logo.png\",\"contentUrl\":\"https:\\\/\\\/kidsplay.lt\\\/wp-content\\\/uploads\\\/2023\\\/07\\\/kidsplay-logo.png\",\"width\":451,\"height\":98,\"caption\":\"KidsPlay\"},\"image\":{\"@id\":\"https:\\\/\\\/kidsplay.lt\\\/#\\\/schema\\\/logo\\\/image\\\/\"},\"sameAs\":[\"https:\\\/\\\/www.facebook.com\\\/www.kidsplay.lt\"]}]}<\/script>\n<!-- \/ Yoast SEO plugin. -->","yoast_head_json":{"title":"WOOPIE ROYAL ispani\u0161kos Marcia interaktyvios k\u016bdiki\u0173 l\u0117l\u0117s","description":"WOOPIE ROYAL ispani\u0161kos Marcia interaktyvios k\u016bdiki\u0173 l\u0117l\u0117s - KidsPlay. Did\u017eiausias vaik\u0173 \u017eaisl\u0173 pasirinkimas.","robots":{"index":"index","follow":"follow","max-snippet":"max-snippet:-1","max-image-preview":"max-image-preview:large","max-video-preview":"max-video-preview:-1"},"canonical":"https:\/\/kidsplay.lt\/lv\/products\/woopie-royal-ispaniskos-marcia-interaktyvios-kudikiu-leles\/","og_locale":"lv_LV","og_type":"article","og_title":"WOOPIE ROYAL ispani\u0161kos Marcia interaktyvios k\u016bdiki\u0173 l\u0117l\u0117s","og_description":"WOOPIE ROYAL ispani\u0161kos Marcia interaktyvios k\u016bdiki\u0173 l\u0117l\u0117s - KidsPlay. Did\u017eiausias vaik\u0173 \u017eaisl\u0173 pasirinkimas.","og_url":"https:\/\/kidsplay.lt\/lv\/products\/woopie-royal-ispaniskos-marcia-interaktyvios-kudikiu-leles\/","og_site_name":"KidsPlay","article_publisher":"https:\/\/www.facebook.com\/www.kidsplay.lt","article_modified_time":"2026-03-11T15:30:37+00:00","og_image":[{"width":2500,"height":2500,"url":"https:\/\/kidsplay.lt\/wp-content\/uploads\/2025\/09\/WOOPIE-ROYAL-ispaniskos-Marcia-interaktyvios-kudikiu-leles.jpg","type":"image\/jpeg"}],"twitter_card":"summary_large_image","twitter_misc":{"Est. reading time":"2 min\u016btes"},"schema":{"@context":"https:\/\/schema.org","@graph":[{"@type":"WebPage","@id":"https:\/\/kidsplay.lt\/produktas\/woopie-royal-ispaniskos-marcia-interaktyvios-kudikiu-leles\/","url":"https:\/\/kidsplay.lt\/produktas\/woopie-royal-ispaniskos-marcia-interaktyvios-kudikiu-leles\/","name":"WOOPIE ROYAL ispani\u0161kos Marcia interaktyvios k\u016bdiki\u0173 l\u0117l\u0117s","isPartOf":{"@id":"https:\/\/kidsplay.lt\/#website"},"primaryImageOfPage":{"@id":"https:\/\/kidsplay.lt\/produktas\/woopie-royal-ispaniskos-marcia-interaktyvios-kudikiu-leles\/#primaryimage"},"image":{"@id":"https:\/\/kidsplay.lt\/produktas\/woopie-royal-ispaniskos-marcia-interaktyvios-kudikiu-leles\/#primaryimage"},"thumbnailUrl":"https:\/\/kidsplay.lt\/wp-content\/uploads\/2025\/09\/WOOPIE-ROYAL-ispaniskos-Marcia-interaktyvios-kudikiu-leles.jpg","datePublished":"2026-02-22T12:31:01+00:00","dateModified":"2026-03-11T15:30:37+00:00","description":"WOOPIE ROYAL ispani\u0161kos Marcia interaktyvios k\u016bdiki\u0173 l\u0117l\u0117s - KidsPlay. Did\u017eiausias vaik\u0173 \u017eaisl\u0173 pasirinkimas.","breadcrumb":{"@id":"https:\/\/kidsplay.lt\/produktas\/woopie-royal-ispaniskos-marcia-interaktyvios-kudikiu-leles\/#breadcrumb"},"inLanguage":"lv-LV","potentialAction":[{"@type":"ReadAction","target":["https:\/\/kidsplay.lt\/produktas\/woopie-royal-ispaniskos-marcia-interaktyvios-kudikiu-leles\/"]}]},{"@type":"ImageObject","inLanguage":"lv-LV","@id":"https:\/\/kidsplay.lt\/produktas\/woopie-royal-ispaniskos-marcia-interaktyvios-kudikiu-leles\/#primaryimage","url":"https:\/\/kidsplay.lt\/wp-content\/uploads\/2025\/09\/WOOPIE-ROYAL-ispaniskos-Marcia-interaktyvios-kudikiu-leles.jpg","contentUrl":"https:\/\/kidsplay.lt\/wp-content\/uploads\/2025\/09\/WOOPIE-ROYAL-ispaniskos-Marcia-interaktyvios-kudikiu-leles.jpg","width":2500,"height":2500,"caption":"WOOPIE ROYAL ispani\u0161kos Marcia interaktyvios k\u016bdiki\u0173 l\u0117l\u0117s"},{"@type":"BreadcrumbList","@id":"https:\/\/kidsplay.lt\/produktas\/woopie-royal-ispaniskos-marcia-interaktyvios-kudikiu-leles\/#breadcrumb","itemListElement":[{"@type":"ListItem","position":1,"name":"Pagrindinis","item":"https:\/\/kidsplay.lt\/"},{"@type":"ListItem","position":2,"name":"Parduotuv\u0117","item":"https:\/\/kidsplay.lt\/parduotuve\/"},{"@type":"ListItem","position":3,"name":"WOOPIE ROYAL ispani\u0161kos Marcia interaktyvios k\u016bdiki\u0173 l\u0117l\u0117s"}]},{"@type":"WebSite","@id":"https:\/\/kidsplay.lt\/#website","url":"https:\/\/kidsplay.lt\/","name":"B\u0113rnu sp\u0113les.lv","description":"\u012evairios prek\u0117s vaikams","publisher":{"@id":"https:\/\/kidsplay.lt\/#organization"},"alternateName":"Kidsplay","potentialAction":[{"@type":"SearchAction","target":{"@type":"EntryPoint","urlTemplate":"https:\/\/kidsplay.lt\/?s={search_term_string}"},"query-input":{"@type":"PropertyValueSpecification","valueRequired":true,"valueName":"search_term_string"}}],"inLanguage":"lv-LV"},{"@type":"Organization","@id":"https:\/\/kidsplay.lt\/#organization","name":"B\u0113rnu sp\u0113le","url":"https:\/\/kidsplay.lt\/","logo":{"@type":"ImageObject","inLanguage":"lv-LV","@id":"https:\/\/kidsplay.lt\/#\/schema\/logo\/image\/","url":"https:\/\/kidsplay.lt\/wp-content\/uploads\/2023\/07\/kidsplay-logo.png","contentUrl":"https:\/\/kidsplay.lt\/wp-content\/uploads\/2023\/07\/kidsplay-logo.png","width":451,"height":98,"caption":"KidsPlay"},"image":{"@id":"https:\/\/kidsplay.lt\/#\/schema\/logo\/image\/"},"sameAs":["https:\/\/www.facebook.com\/www.kidsplay.lt"]}]}},"_links":{"self":[{"href":"https:\/\/kidsplay.lt\/lv\/wp-json\/wp\/v2\/product\/85738","targetHints":{"allow":["GET"]}}],"collection":[{"href":"https:\/\/kidsplay.lt\/lv\/wp-json\/wp\/v2\/product"}],"about":[{"href":"https:\/\/kidsplay.lt\/lv\/wp-json\/wp\/v2\/types\/product"}],"version-history":[{"count":1,"href":"https:\/\/kidsplay.lt\/lv\/wp-json\/wp\/v2\/product\/85738\/revisions"}],"predecessor-version":[{"id":85739,"href":"https:\/\/kidsplay.lt\/lv\/wp-json\/wp\/v2\/product\/85738\/revisions\/85739"}],"wp:featuredmedia":[{"embeddable":true,"href":"https:\/\/kidsplay.lt\/lv\/wp-json\/wp\/v2\/media\/62493"}],"wp:attachment":[{"href":"https:\/\/kidsplay.lt\/lv\/wp-json\/wp\/v2\/media?parent=85738"}],"wp:term":[{"taxonomy":"product_brand","embeddable":true,"href":"https:\/\/kidsplay.lt\/lv\/wp-json\/wp\/v2\/product_brand?post=85738"},{"taxonomy":"product_cat","embeddable":true,"href":"https:\/\/kidsplay.lt\/lv\/wp-json\/wp\/v2\/product_cat?post=85738"},{"taxonomy":"product_tag","embeddable":true,"href":"https:\/\/kidsplay.lt\/lv\/wp-json\/wp\/v2\/product_tag?post=85738"}],"curies":[{"name":"wp","href":"https:\/\/api.w.org\/{rel}","templated":true}]}}