{"id":85756,"date":"2026-02-22T14:31:52","date_gmt":"2026-02-22T12:31:52","guid":{"rendered":"https:\/\/kidsplay.lt\/produktas\/paspiriamas-traktorius-su-priekaba-krautuvu-ir-kausu\/"},"modified":"2026-04-07T10:34:43","modified_gmt":"2026-04-07T07:34:43","slug":"paspiriamas-traktorius-su-priekaba-krautuvu-ir-kausu","status":"publish","type":"product","link":"https:\/\/kidsplay.lt\/lv\/products\/paspiriamas-traktorius-su-priekaba-krautuvu-ir-kausu\/","title":{"rendered":"Stumjamais traktors ar piekabi, iekr\u0101v\u0113ju un kausu"},"content":{"rendered":"<p>Je\u017adzik klas\u0117s traktorius\u00a0su\u00a0Falk\u00a0priekaba yra daugelio ma\u017e\u0173j\u0173 traktorinink\u0173 svajon\u0117s i\u0161sipildymas. Pagaminta kruop\u0161\u010diai, atkreipiant d\u0117mes\u012f \u012f smulkiausias detales. Joks tikras \u016bkininkas tokio dalyko nepaniekint\u0173. CLAAS\u00a0traktorius\u00a0su kau\u0161u, krautuvu ir priekaba\u00a0pagamintas i\u0161 auk\u0161\u010diausios kokyb\u0117s med\u017eiag\u0173. Transporto priemon\u0117 skirta vaikams\u00a0nuo 12 m\u0117nesi\u0173 am\u017eiaus\u00a0. Transporto priemon\u0117je sumontuota\u00a0nuimama priekaba\u00a0su skydais ir\u00a0vairas su garso signalu\u00a0.<\/p>\n<p>Raksturojums:<\/p>\n<p> \t&#8211;\u00a0nuo 12 m\u0117nesi\u0173\u00a0,<br \/>\n \t&#8211;\u00a0maksimali apkrova 25 kg,<br \/>\n \t&#8211;\u00a0garsinis signalas\u00a0vaire,<br \/>\n \t&#8211; nuimama\u00a0priekaba<br \/>\n \t&#8211; kilnojamas \u0161auk\u0161tas<br \/>\n \t&#8211;\u00a0valdoma priekin\u0117 a\u0161is,<br \/>\n \t&#8211; ratai pagaminti i\u0161\u00a0auk\u0161tos kokyb\u0117s plastiko\u00a0,<br \/>\n \t&#8211;\u00a0stabilus ir saugus,<br \/>\n \t&#8211; gaminys daliniam surinkimui.<\/p>","protected":false},"excerpt":{"rendered":"<p>Je\u017adzik klas\u0117s traktorius\u00a0su\u00a0Falk\u00a0priekaba yra daugelio ma\u017e\u0173j\u0173 traktorinink\u0173 svajon\u0117s i\u0161sipildymas. Pagaminta kruop\u0161\u010diai, atkreipiant d\u0117mes\u012f \u012f smulkiausias detales. Joks tikras \u016bkininkas tokio<\/p>","protected":false},"featured_media":57601,"template":"","meta":{"_acf_changed":false,"_glsr_average":0,"_glsr_ranking":0,"_glsr_reviews":0},"product_brand":[],"product_cat":[237,238],"product_tag":[],"class_list":{"0":"post-85756","1":"product","2":"type-product","3":"status-publish","4":"has-post-thumbnail","6":"product_cat-judejimo-priemones","7":"product_cat-stumdomos-masineles","8":"\"style=\"background-color: #2ecc711c;\"","10":"first","11":"instock","12":"sale","13":"purchasable","14":"product-type-simple"},"acf":[],"yoast_head":"<!-- This site is optimized with the Yoast SEO plugin v27.3 - https:\/\/yoast.com\/product\/yoast-seo-wordpress\/ -->\n<title>Paspiriamas traktorius su priekaba, krautuvu ir kau\u0161u<\/title>\n<meta name=\"description\" content=\"Paspiriamas traktorius su priekaba, krautuvu ir kau\u0161u - KidsPlay. Did\u017eiausias vaik\u0173 \u017eaisl\u0173 pasirinkimas.\" \/>\n<meta name=\"robots\" content=\"index, follow, max-snippet:-1, max-image-preview:large, max-video-preview:-1\" \/>\n<link rel=\"canonical\" href=\"https:\/\/kidsplay.lt\/lv\/products\/paspiriamas-traktorius-su-priekaba-krautuvu-ir-kausu\/\" \/>\n<meta property=\"og:locale\" content=\"lv_LV\" \/>\n<meta property=\"og:type\" content=\"article\" \/>\n<meta property=\"og:title\" content=\"Paspiriamas traktorius su priekaba, krautuvu ir kau\u0161u\" \/>\n<meta property=\"og:description\" content=\"Paspiriamas traktorius su priekaba, krautuvu ir kau\u0161u - KidsPlay. Did\u017eiausias vaik\u0173 \u017eaisl\u0173 pasirinkimas.\" \/>\n<meta property=\"og:url\" content=\"https:\/\/kidsplay.lt\/lv\/products\/paspiriamas-traktorius-su-priekaba-krautuvu-ir-kausu\/\" \/>\n<meta property=\"og:site_name\" content=\"KidsPlay\" \/>\n<meta property=\"article:publisher\" content=\"https:\/\/www.facebook.com\/www.kidsplay.lt\" \/>\n<meta property=\"article:modified_time\" content=\"2026-04-07T07:34:43+00:00\" \/>\n<meta property=\"og:image\" content=\"https:\/\/kidsplay.lt\/wp-content\/uploads\/2024\/10\/Paspiriamas-traktorius-su-priekaba-krautuvu-ir-kausu.jpg\" \/>\n\t<meta property=\"og:image:width\" content=\"2560\" \/>\n\t<meta property=\"og:image:height\" content=\"1275\" \/>\n\t<meta property=\"og:image:type\" content=\"image\/jpeg\" \/>\n<meta name=\"twitter:card\" content=\"summary_large_image\" \/>\n<meta name=\"twitter:label1\" content=\"Est. reading time\" \/>\n\t<meta name=\"twitter:data1\" content=\"1 min\u016bte\" \/>\n<script type=\"application\/ld+json\" class=\"yoast-schema-graph\">{\"@context\":\"https:\\\/\\\/schema.org\",\"@graph\":[{\"@type\":\"WebPage\",\"@id\":\"https:\\\/\\\/kidsplay.lt\\\/produktas\\\/paspiriamas-traktorius-su-priekaba-krautuvu-ir-kausu\\\/\",\"url\":\"https:\\\/\\\/kidsplay.lt\\\/produktas\\\/paspiriamas-traktorius-su-priekaba-krautuvu-ir-kausu\\\/\",\"name\":\"Paspiriamas traktorius su priekaba, krautuvu ir kau\u0161u\",\"isPartOf\":{\"@id\":\"https:\\\/\\\/kidsplay.lt\\\/#website\"},\"primaryImageOfPage\":{\"@id\":\"https:\\\/\\\/kidsplay.lt\\\/produktas\\\/paspiriamas-traktorius-su-priekaba-krautuvu-ir-kausu\\\/#primaryimage\"},\"image\":{\"@id\":\"https:\\\/\\\/kidsplay.lt\\\/produktas\\\/paspiriamas-traktorius-su-priekaba-krautuvu-ir-kausu\\\/#primaryimage\"},\"thumbnailUrl\":\"https:\\\/\\\/kidsplay.lt\\\/wp-content\\\/uploads\\\/2024\\\/10\\\/Paspiriamas-traktorius-su-priekaba-krautuvu-ir-kausu.jpg\",\"datePublished\":\"2026-02-22T12:31:52+00:00\",\"dateModified\":\"2026-04-07T07:34:43+00:00\",\"description\":\"Paspiriamas traktorius su priekaba, krautuvu ir kau\u0161u - KidsPlay. Did\u017eiausias vaik\u0173 \u017eaisl\u0173 pasirinkimas.\",\"breadcrumb\":{\"@id\":\"https:\\\/\\\/kidsplay.lt\\\/produktas\\\/paspiriamas-traktorius-su-priekaba-krautuvu-ir-kausu\\\/#breadcrumb\"},\"inLanguage\":\"lv-LV\",\"potentialAction\":[{\"@type\":\"ReadAction\",\"target\":[\"https:\\\/\\\/kidsplay.lt\\\/produktas\\\/paspiriamas-traktorius-su-priekaba-krautuvu-ir-kausu\\\/\"]}]},{\"@type\":\"ImageObject\",\"inLanguage\":\"lv-LV\",\"@id\":\"https:\\\/\\\/kidsplay.lt\\\/produktas\\\/paspiriamas-traktorius-su-priekaba-krautuvu-ir-kausu\\\/#primaryimage\",\"url\":\"https:\\\/\\\/kidsplay.lt\\\/wp-content\\\/uploads\\\/2024\\\/10\\\/Paspiriamas-traktorius-su-priekaba-krautuvu-ir-kausu.jpg\",\"contentUrl\":\"https:\\\/\\\/kidsplay.lt\\\/wp-content\\\/uploads\\\/2024\\\/10\\\/Paspiriamas-traktorius-su-priekaba-krautuvu-ir-kausu.jpg\",\"width\":2560,\"height\":1275,\"caption\":\"Paspiriamas traktorius su priekaba\"},{\"@type\":\"BreadcrumbList\",\"@id\":\"https:\\\/\\\/kidsplay.lt\\\/produktas\\\/paspiriamas-traktorius-su-priekaba-krautuvu-ir-kausu\\\/#breadcrumb\",\"itemListElement\":[{\"@type\":\"ListItem\",\"position\":1,\"name\":\"Pagrindinis\",\"item\":\"https:\\\/\\\/kidsplay.lt\\\/\"},{\"@type\":\"ListItem\",\"position\":2,\"name\":\"Parduotuv\u0117\",\"item\":\"https:\\\/\\\/kidsplay.lt\\\/parduotuve\\\/\"},{\"@type\":\"ListItem\",\"position\":3,\"name\":\"Paspiriamas traktorius su priekaba, krautuvu ir kau\u0161u\"}]},{\"@type\":\"WebSite\",\"@id\":\"https:\\\/\\\/kidsplay.lt\\\/#website\",\"url\":\"https:\\\/\\\/kidsplay.lt\\\/\",\"name\":\"Kidsplay.lt\",\"description\":\"\u012evairios prek\u0117s vaikams\",\"publisher\":{\"@id\":\"https:\\\/\\\/kidsplay.lt\\\/#organization\"},\"alternateName\":\"Kidsplay\",\"potentialAction\":[{\"@type\":\"SearchAction\",\"target\":{\"@type\":\"EntryPoint\",\"urlTemplate\":\"https:\\\/\\\/kidsplay.lt\\\/?s={search_term_string}\"},\"query-input\":{\"@type\":\"PropertyValueSpecification\",\"valueRequired\":true,\"valueName\":\"search_term_string\"}}],\"inLanguage\":\"lv-LV\"},{\"@type\":\"Organization\",\"@id\":\"https:\\\/\\\/kidsplay.lt\\\/#organization\",\"name\":\"KidsPlay\",\"url\":\"https:\\\/\\\/kidsplay.lt\\\/\",\"logo\":{\"@type\":\"ImageObject\",\"inLanguage\":\"lv-LV\",\"@id\":\"https:\\\/\\\/kidsplay.lt\\\/#\\\/schema\\\/logo\\\/image\\\/\",\"url\":\"https:\\\/\\\/kidsplay.lt\\\/wp-content\\\/uploads\\\/2023\\\/07\\\/kidsplay-logo.png\",\"contentUrl\":\"https:\\\/\\\/kidsplay.lt\\\/wp-content\\\/uploads\\\/2023\\\/07\\\/kidsplay-logo.png\",\"width\":451,\"height\":98,\"caption\":\"KidsPlay\"},\"image\":{\"@id\":\"https:\\\/\\\/kidsplay.lt\\\/#\\\/schema\\\/logo\\\/image\\\/\"},\"sameAs\":[\"https:\\\/\\\/www.facebook.com\\\/www.kidsplay.lt\"]}]}<\/script>\n<!-- \/ Yoast SEO plugin. -->","yoast_head_json":{"title":"Stumjamais traktors ar piekabi, iekr\u0101v\u0113ju un kausu","description":"Paspiriamas traktorius su priekaba, krautuvu ir kau\u0161u - KidsPlay. Did\u017eiausias vaik\u0173 \u017eaisl\u0173 pasirinkimas.","robots":{"index":"index","follow":"follow","max-snippet":"max-snippet:-1","max-image-preview":"max-image-preview:large","max-video-preview":"max-video-preview:-1"},"canonical":"https:\/\/kidsplay.lt\/lv\/products\/paspiriamas-traktorius-su-priekaba-krautuvu-ir-kausu\/","og_locale":"lv_LV","og_type":"article","og_title":"Paspiriamas traktorius su priekaba, krautuvu ir kau\u0161u","og_description":"Paspiriamas traktorius su priekaba, krautuvu ir kau\u0161u - KidsPlay. Did\u017eiausias vaik\u0173 \u017eaisl\u0173 pasirinkimas.","og_url":"https:\/\/kidsplay.lt\/lv\/products\/paspiriamas-traktorius-su-priekaba-krautuvu-ir-kausu\/","og_site_name":"KidsPlay","article_publisher":"https:\/\/www.facebook.com\/www.kidsplay.lt","article_modified_time":"2026-04-07T07:34:43+00:00","og_image":[{"width":2560,"height":1275,"url":"https:\/\/kidsplay.lt\/wp-content\/uploads\/2024\/10\/Paspiriamas-traktorius-su-priekaba-krautuvu-ir-kausu.jpg","type":"image\/jpeg"}],"twitter_card":"summary_large_image","twitter_misc":{"Est. reading time":"1 min\u016bte"},"schema":{"@context":"https:\/\/schema.org","@graph":[{"@type":"WebPage","@id":"https:\/\/kidsplay.lt\/produktas\/paspiriamas-traktorius-su-priekaba-krautuvu-ir-kausu\/","url":"https:\/\/kidsplay.lt\/produktas\/paspiriamas-traktorius-su-priekaba-krautuvu-ir-kausu\/","name":"Stumjamais traktors ar piekabi, iekr\u0101v\u0113ju un kausu","isPartOf":{"@id":"https:\/\/kidsplay.lt\/#website"},"primaryImageOfPage":{"@id":"https:\/\/kidsplay.lt\/produktas\/paspiriamas-traktorius-su-priekaba-krautuvu-ir-kausu\/#primaryimage"},"image":{"@id":"https:\/\/kidsplay.lt\/produktas\/paspiriamas-traktorius-su-priekaba-krautuvu-ir-kausu\/#primaryimage"},"thumbnailUrl":"https:\/\/kidsplay.lt\/wp-content\/uploads\/2024\/10\/Paspiriamas-traktorius-su-priekaba-krautuvu-ir-kausu.jpg","datePublished":"2026-02-22T12:31:52+00:00","dateModified":"2026-04-07T07:34:43+00:00","description":"Paspiriamas traktorius su priekaba, krautuvu ir kau\u0161u - KidsPlay. Did\u017eiausias vaik\u0173 \u017eaisl\u0173 pasirinkimas.","breadcrumb":{"@id":"https:\/\/kidsplay.lt\/produktas\/paspiriamas-traktorius-su-priekaba-krautuvu-ir-kausu\/#breadcrumb"},"inLanguage":"lv-LV","potentialAction":[{"@type":"ReadAction","target":["https:\/\/kidsplay.lt\/produktas\/paspiriamas-traktorius-su-priekaba-krautuvu-ir-kausu\/"]}]},{"@type":"ImageObject","inLanguage":"lv-LV","@id":"https:\/\/kidsplay.lt\/produktas\/paspiriamas-traktorius-su-priekaba-krautuvu-ir-kausu\/#primaryimage","url":"https:\/\/kidsplay.lt\/wp-content\/uploads\/2024\/10\/Paspiriamas-traktorius-su-priekaba-krautuvu-ir-kausu.jpg","contentUrl":"https:\/\/kidsplay.lt\/wp-content\/uploads\/2024\/10\/Paspiriamas-traktorius-su-priekaba-krautuvu-ir-kausu.jpg","width":2560,"height":1275,"caption":"Paspiriamas traktorius su priekaba"},{"@type":"BreadcrumbList","@id":"https:\/\/kidsplay.lt\/produktas\/paspiriamas-traktorius-su-priekaba-krautuvu-ir-kausu\/#breadcrumb","itemListElement":[{"@type":"ListItem","position":1,"name":"Pagrindinis","item":"https:\/\/kidsplay.lt\/"},{"@type":"ListItem","position":2,"name":"Parduotuv\u0117","item":"https:\/\/kidsplay.lt\/parduotuve\/"},{"@type":"ListItem","position":3,"name":"Paspiriamas traktorius su priekaba, krautuvu ir kau\u0161u"}]},{"@type":"WebSite","@id":"https:\/\/kidsplay.lt\/#website","url":"https:\/\/kidsplay.lt\/","name":"B\u0113rnu sp\u0113les.lv","description":"\u012evairios prek\u0117s vaikams","publisher":{"@id":"https:\/\/kidsplay.lt\/#organization"},"alternateName":"Kidsplay","potentialAction":[{"@type":"SearchAction","target":{"@type":"EntryPoint","urlTemplate":"https:\/\/kidsplay.lt\/?s={search_term_string}"},"query-input":{"@type":"PropertyValueSpecification","valueRequired":true,"valueName":"search_term_string"}}],"inLanguage":"lv-LV"},{"@type":"Organization","@id":"https:\/\/kidsplay.lt\/#organization","name":"B\u0113rnu sp\u0113le","url":"https:\/\/kidsplay.lt\/","logo":{"@type":"ImageObject","inLanguage":"lv-LV","@id":"https:\/\/kidsplay.lt\/#\/schema\/logo\/image\/","url":"https:\/\/kidsplay.lt\/wp-content\/uploads\/2023\/07\/kidsplay-logo.png","contentUrl":"https:\/\/kidsplay.lt\/wp-content\/uploads\/2023\/07\/kidsplay-logo.png","width":451,"height":98,"caption":"KidsPlay"},"image":{"@id":"https:\/\/kidsplay.lt\/#\/schema\/logo\/image\/"},"sameAs":["https:\/\/www.facebook.com\/www.kidsplay.lt"]}]}},"_links":{"self":[{"href":"https:\/\/kidsplay.lt\/lv\/wp-json\/wp\/v2\/product\/85756","targetHints":{"allow":["GET"]}}],"collection":[{"href":"https:\/\/kidsplay.lt\/lv\/wp-json\/wp\/v2\/product"}],"about":[{"href":"https:\/\/kidsplay.lt\/lv\/wp-json\/wp\/v2\/types\/product"}],"version-history":[{"count":1,"href":"https:\/\/kidsplay.lt\/lv\/wp-json\/wp\/v2\/product\/85756\/revisions"}],"predecessor-version":[{"id":85757,"href":"https:\/\/kidsplay.lt\/lv\/wp-json\/wp\/v2\/product\/85756\/revisions\/85757"}],"wp:featuredmedia":[{"embeddable":true,"href":"https:\/\/kidsplay.lt\/lv\/wp-json\/wp\/v2\/media\/57601"}],"wp:attachment":[{"href":"https:\/\/kidsplay.lt\/lv\/wp-json\/wp\/v2\/media?parent=85756"}],"wp:term":[{"taxonomy":"product_brand","embeddable":true,"href":"https:\/\/kidsplay.lt\/lv\/wp-json\/wp\/v2\/product_brand?post=85756"},{"taxonomy":"product_cat","embeddable":true,"href":"https:\/\/kidsplay.lt\/lv\/wp-json\/wp\/v2\/product_cat?post=85756"},{"taxonomy":"product_tag","embeddable":true,"href":"https:\/\/kidsplay.lt\/lv\/wp-json\/wp\/v2\/product_tag?post=85756"}],"curies":[{"name":"wp","href":"https:\/\/api.w.org\/{rel}","templated":true}]}}