{"id":86657,"date":"2026-02-23T09:57:14","date_gmt":"2026-02-23T07:57:14","guid":{"rendered":"https:\/\/kidsplay.lt\/produktas\/pro550-rozinis-triratis-dviratis\/"},"modified":"2026-04-10T09:08:04","modified_gmt":"2026-04-10T06:08:04","slug":"pro550-rozinis-triratis-dviratis","status":"publish","type":"product","link":"https:\/\/kidsplay.lt\/lv\/products\/pro550-rozinis-triratis-dviratis\/","title":{"rendered":"PRO550 Ro\u017einis triratis dviratis"},"content":{"rendered":"<p>Tvirtas triratis vaikams puikiai prisitaiko prie augan\u010dio ma\u017eylio poreiki\u0173. PRO550 modelis turi daug funkcij\u0173 ir patogum\u0173, kurie leid\u017eia lengvai pritaikyti dvirat\u012f skirtingiems vaiko raidos etapams. Su \u0161iuo trira\u010diu vaikas pamils va\u017ein\u0117jim\u0105 ir daugiau laiko leis gryname ore \u2013 tai teigiamai veikia jo vystym\u0105si ir sveikat\u0105.<\/p>\n<p>Dviratis gali b\u016bti transformuojamas \u012fvairiais b\u016bdais, tod\u0117l \u201eauga\u201c kartu su vaiku \u2013 nereikia keisti \u012f nauj\u0105. Augant vaikui, galima nuimti st\u016bmimo ranken\u0105 ir leisti jam va\u017eiuoti savaranki\u0161kai. Auk\u0161tos kokyb\u0117s pripu\u010diami ratai u\u017etikrina komfort\u0105, o penki\u0173 ta\u0161k\u0173 saugos dir\u017eai ir galini\u0173 rat\u0173 stabd\u017eiai suteikia papildomo saugumo.<br \/>\nKod\u0117l rekomenduojame PRO550 trirat\u012f:<\/p>\n<p> \tgalimyb\u0117 t\u0117vams valdyti dvirat\u012f st\u016bmimo rankena,<br \/>\n \tgalinio rato u\u017eraktas (stov\u0117jimo stabdis),<br \/>\n \t5 ta\u0161k\u0173 saugos dir\u017eai,<br \/>\n \tdideli pripu\u010diami guminiai ratai,<br \/>\n \tstogelis su UV filtru apsaugai nuo saul\u0117s,<br \/>\n \tpakojai ma\u017eesniems vaikams (lengvai nuimami),<br \/>\n \tpasukama s\u0117dyn\u0117 \u2013 galima atsukti vaik\u0105 \u012f t\u0117vus,<br \/>\n \tgalimyb\u0117 modifikuoti dvirat\u012f pagal vaiko raid\u0105 ir poreikius.<\/p>\n<p>Trira\u010dio i\u0161matavimai:<\/p>\n<p> \trat\u0173 skersmuo: 25 cm<br \/>\n \ts\u0117dyn\u0117s dydis: 40 cm<br \/>\n \tbendras auk\u0161tis: 105 cm<br \/>\n \tauk\u0161tis iki s\u0117dyn\u0117s: 30 cm<br \/>\n \tilgis: 65 cm<br \/>\n \tplotis: 50 cm<br \/>\n \trat\u0173 tarpas: 45 cm<br \/>\n \tatstumas nuo s\u0117dyn\u0117s iki pedal\u0173: 40 cm<br \/>\n \tatlo\u0161o auk\u0161tis: 35 cm<\/p>\n<p>Pakuot\u0117s duomenys:<\/p>\n<p> \tpakuot\u0117s dydis: 74 \u00d7 39 \u00d7 36 cm<br \/>\n \tsvoris: 12,6 kg<\/p>","protected":false},"excerpt":{"rendered":"<p>Tvirtas triratis vaikams puikiai prisitaiko prie augan\u010dio ma\u017eylio poreiki\u0173. PRO550 modelis turi daug funkcij\u0173 ir patogum\u0173, kurie leid\u017eia lengvai pritaikyti<\/p>","protected":false},"featured_media":86659,"template":"","meta":{"_acf_changed":false,"_glsr_average":0,"_glsr_ranking":0,"_glsr_reviews":0},"product_brand":[],"product_cat":[237,239],"product_tag":[],"class_list":{"0":"post-86657","1":"product","2":"type-product","3":"status-publish","4":"has-post-thumbnail","6":"product_cat-judejimo-priemones","7":"product_cat-triratukai","8":"\"style=\"background-color: #2ecc711c;\"","10":"first","11":"instock","12":"purchasable","13":"product-type-simple"},"acf":[],"yoast_head":"<!-- This site is optimized with the Yoast SEO plugin v27.3 - https:\/\/yoast.com\/product\/yoast-seo-wordpress\/ -->\n<title>PRO550 Ro\u017einis triratis dviratis<\/title>\n<meta name=\"description\" content=\"PRO550 Ro\u017einis triratis dviratis - KidsPlay. Did\u017eiausias vaik\u0173 \u017eaisl\u0173 pasirinkimas.\" \/>\n<meta name=\"robots\" content=\"index, follow, max-snippet:-1, max-image-preview:large, max-video-preview:-1\" \/>\n<link rel=\"canonical\" href=\"https:\/\/kidsplay.lt\/lv\/products\/pro550-rozinis-triratis-dviratis\/\" \/>\n<meta property=\"og:locale\" content=\"lv_LV\" \/>\n<meta property=\"og:type\" content=\"article\" \/>\n<meta property=\"og:title\" content=\"PRO550 Ro\u017einis triratis dviratis\" \/>\n<meta property=\"og:description\" content=\"PRO550 Ro\u017einis triratis dviratis - KidsPlay. Did\u017eiausias vaik\u0173 \u017eaisl\u0173 pasirinkimas.\" \/>\n<meta property=\"og:url\" content=\"https:\/\/kidsplay.lt\/lv\/products\/pro550-rozinis-triratis-dviratis\/\" \/>\n<meta property=\"og:site_name\" content=\"KidsPlay\" \/>\n<meta property=\"article:publisher\" content=\"https:\/\/www.facebook.com\/www.kidsplay.lt\" \/>\n<meta property=\"article:modified_time\" content=\"2026-04-10T06:08:04+00:00\" \/>\n<meta property=\"og:image\" content=\"https:\/\/kidsplay.lt\/wp-content\/uploads\/2026\/02\/PRO550-Rozinis-triratis-dviratis.png\" \/>\n\t<meta property=\"og:image:width\" content=\"1000\" \/>\n\t<meta property=\"og:image:height\" content=\"707\" \/>\n\t<meta property=\"og:image:type\" content=\"image\/png\" \/>\n<meta name=\"twitter:card\" content=\"summary_large_image\" \/>\n<meta name=\"twitter:label1\" content=\"Est. reading time\" \/>\n\t<meta name=\"twitter:data1\" content=\"1 min\u016bte\" \/>\n<script type=\"application\/ld+json\" class=\"yoast-schema-graph\">{\"@context\":\"https:\\\/\\\/schema.org\",\"@graph\":[{\"@type\":\"WebPage\",\"@id\":\"https:\\\/\\\/kidsplay.lt\\\/produktas\\\/pro550-rozinis-triratis-dviratis\\\/\",\"url\":\"https:\\\/\\\/kidsplay.lt\\\/produktas\\\/pro550-rozinis-triratis-dviratis\\\/\",\"name\":\"PRO550 Ro\u017einis triratis dviratis\",\"isPartOf\":{\"@id\":\"https:\\\/\\\/kidsplay.lt\\\/#website\"},\"primaryImageOfPage\":{\"@id\":\"https:\\\/\\\/kidsplay.lt\\\/produktas\\\/pro550-rozinis-triratis-dviratis\\\/#primaryimage\"},\"image\":{\"@id\":\"https:\\\/\\\/kidsplay.lt\\\/produktas\\\/pro550-rozinis-triratis-dviratis\\\/#primaryimage\"},\"thumbnailUrl\":\"https:\\\/\\\/kidsplay.lt\\\/wp-content\\\/uploads\\\/2026\\\/02\\\/PRO550-Rozinis-triratis-dviratis.png\",\"datePublished\":\"2026-02-23T07:57:14+00:00\",\"dateModified\":\"2026-04-10T06:08:04+00:00\",\"description\":\"PRO550 Ro\u017einis triratis dviratis - KidsPlay. Did\u017eiausias vaik\u0173 \u017eaisl\u0173 pasirinkimas.\",\"breadcrumb\":{\"@id\":\"https:\\\/\\\/kidsplay.lt\\\/produktas\\\/pro550-rozinis-triratis-dviratis\\\/#breadcrumb\"},\"inLanguage\":\"lv-LV\",\"potentialAction\":[{\"@type\":\"ReadAction\",\"target\":[\"https:\\\/\\\/kidsplay.lt\\\/produktas\\\/pro550-rozinis-triratis-dviratis\\\/\"]}]},{\"@type\":\"ImageObject\",\"inLanguage\":\"lv-LV\",\"@id\":\"https:\\\/\\\/kidsplay.lt\\\/produktas\\\/pro550-rozinis-triratis-dviratis\\\/#primaryimage\",\"url\":\"https:\\\/\\\/kidsplay.lt\\\/wp-content\\\/uploads\\\/2026\\\/02\\\/PRO550-Rozinis-triratis-dviratis.png\",\"contentUrl\":\"https:\\\/\\\/kidsplay.lt\\\/wp-content\\\/uploads\\\/2026\\\/02\\\/PRO550-Rozinis-triratis-dviratis.png\",\"width\":1000,\"height\":707,\"caption\":\"PRO550 Ro\u017einis triratis dviratis\"},{\"@type\":\"BreadcrumbList\",\"@id\":\"https:\\\/\\\/kidsplay.lt\\\/produktas\\\/pro550-rozinis-triratis-dviratis\\\/#breadcrumb\",\"itemListElement\":[{\"@type\":\"ListItem\",\"position\":1,\"name\":\"Pagrindinis\",\"item\":\"https:\\\/\\\/kidsplay.lt\\\/\"},{\"@type\":\"ListItem\",\"position\":2,\"name\":\"Parduotuv\u0117\",\"item\":\"https:\\\/\\\/kidsplay.lt\\\/parduotuve\\\/\"},{\"@type\":\"ListItem\",\"position\":3,\"name\":\"PRO550 Ro\u017einis triratis dviratis\"}]},{\"@type\":\"WebSite\",\"@id\":\"https:\\\/\\\/kidsplay.lt\\\/#website\",\"url\":\"https:\\\/\\\/kidsplay.lt\\\/\",\"name\":\"Kidsplay.lt\",\"description\":\"\u012evairios prek\u0117s vaikams\",\"publisher\":{\"@id\":\"https:\\\/\\\/kidsplay.lt\\\/#organization\"},\"alternateName\":\"Kidsplay\",\"potentialAction\":[{\"@type\":\"SearchAction\",\"target\":{\"@type\":\"EntryPoint\",\"urlTemplate\":\"https:\\\/\\\/kidsplay.lt\\\/?s={search_term_string}\"},\"query-input\":{\"@type\":\"PropertyValueSpecification\",\"valueRequired\":true,\"valueName\":\"search_term_string\"}}],\"inLanguage\":\"lv-LV\"},{\"@type\":\"Organization\",\"@id\":\"https:\\\/\\\/kidsplay.lt\\\/#organization\",\"name\":\"KidsPlay\",\"url\":\"https:\\\/\\\/kidsplay.lt\\\/\",\"logo\":{\"@type\":\"ImageObject\",\"inLanguage\":\"lv-LV\",\"@id\":\"https:\\\/\\\/kidsplay.lt\\\/#\\\/schema\\\/logo\\\/image\\\/\",\"url\":\"https:\\\/\\\/kidsplay.lt\\\/wp-content\\\/uploads\\\/2023\\\/07\\\/kidsplay-logo.png\",\"contentUrl\":\"https:\\\/\\\/kidsplay.lt\\\/wp-content\\\/uploads\\\/2023\\\/07\\\/kidsplay-logo.png\",\"width\":451,\"height\":98,\"caption\":\"KidsPlay\"},\"image\":{\"@id\":\"https:\\\/\\\/kidsplay.lt\\\/#\\\/schema\\\/logo\\\/image\\\/\"},\"sameAs\":[\"https:\\\/\\\/www.facebook.com\\\/www.kidsplay.lt\"]}]}<\/script>\n<!-- \/ Yoast SEO plugin. -->","yoast_head_json":{"title":"PRO550 Ro\u017einis triratis dviratis","description":"PRO550 Ro\u017einis triratis dviratis - KidsPlay. Did\u017eiausias vaik\u0173 \u017eaisl\u0173 pasirinkimas.","robots":{"index":"index","follow":"follow","max-snippet":"max-snippet:-1","max-image-preview":"max-image-preview:large","max-video-preview":"max-video-preview:-1"},"canonical":"https:\/\/kidsplay.lt\/lv\/products\/pro550-rozinis-triratis-dviratis\/","og_locale":"lv_LV","og_type":"article","og_title":"PRO550 Ro\u017einis triratis dviratis","og_description":"PRO550 Ro\u017einis triratis dviratis - KidsPlay. Did\u017eiausias vaik\u0173 \u017eaisl\u0173 pasirinkimas.","og_url":"https:\/\/kidsplay.lt\/lv\/products\/pro550-rozinis-triratis-dviratis\/","og_site_name":"KidsPlay","article_publisher":"https:\/\/www.facebook.com\/www.kidsplay.lt","article_modified_time":"2026-04-10T06:08:04+00:00","og_image":[{"width":1000,"height":707,"url":"https:\/\/kidsplay.lt\/wp-content\/uploads\/2026\/02\/PRO550-Rozinis-triratis-dviratis.png","type":"image\/png"}],"twitter_card":"summary_large_image","twitter_misc":{"Est. reading time":"1 min\u016bte"},"schema":{"@context":"https:\/\/schema.org","@graph":[{"@type":"WebPage","@id":"https:\/\/kidsplay.lt\/produktas\/pro550-rozinis-triratis-dviratis\/","url":"https:\/\/kidsplay.lt\/produktas\/pro550-rozinis-triratis-dviratis\/","name":"PRO550 Ro\u017einis triratis dviratis","isPartOf":{"@id":"https:\/\/kidsplay.lt\/#website"},"primaryImageOfPage":{"@id":"https:\/\/kidsplay.lt\/produktas\/pro550-rozinis-triratis-dviratis\/#primaryimage"},"image":{"@id":"https:\/\/kidsplay.lt\/produktas\/pro550-rozinis-triratis-dviratis\/#primaryimage"},"thumbnailUrl":"https:\/\/kidsplay.lt\/wp-content\/uploads\/2026\/02\/PRO550-Rozinis-triratis-dviratis.png","datePublished":"2026-02-23T07:57:14+00:00","dateModified":"2026-04-10T06:08:04+00:00","description":"PRO550 Ro\u017einis triratis dviratis - KidsPlay. Did\u017eiausias vaik\u0173 \u017eaisl\u0173 pasirinkimas.","breadcrumb":{"@id":"https:\/\/kidsplay.lt\/produktas\/pro550-rozinis-triratis-dviratis\/#breadcrumb"},"inLanguage":"lv-LV","potentialAction":[{"@type":"ReadAction","target":["https:\/\/kidsplay.lt\/produktas\/pro550-rozinis-triratis-dviratis\/"]}]},{"@type":"ImageObject","inLanguage":"lv-LV","@id":"https:\/\/kidsplay.lt\/produktas\/pro550-rozinis-triratis-dviratis\/#primaryimage","url":"https:\/\/kidsplay.lt\/wp-content\/uploads\/2026\/02\/PRO550-Rozinis-triratis-dviratis.png","contentUrl":"https:\/\/kidsplay.lt\/wp-content\/uploads\/2026\/02\/PRO550-Rozinis-triratis-dviratis.png","width":1000,"height":707,"caption":"PRO550 Ro\u017einis triratis dviratis"},{"@type":"BreadcrumbList","@id":"https:\/\/kidsplay.lt\/produktas\/pro550-rozinis-triratis-dviratis\/#breadcrumb","itemListElement":[{"@type":"ListItem","position":1,"name":"Pagrindinis","item":"https:\/\/kidsplay.lt\/"},{"@type":"ListItem","position":2,"name":"Parduotuv\u0117","item":"https:\/\/kidsplay.lt\/parduotuve\/"},{"@type":"ListItem","position":3,"name":"PRO550 Ro\u017einis triratis dviratis"}]},{"@type":"WebSite","@id":"https:\/\/kidsplay.lt\/#website","url":"https:\/\/kidsplay.lt\/","name":"B\u0113rnu sp\u0113les.lv","description":"\u012evairios prek\u0117s vaikams","publisher":{"@id":"https:\/\/kidsplay.lt\/#organization"},"alternateName":"Kidsplay","potentialAction":[{"@type":"SearchAction","target":{"@type":"EntryPoint","urlTemplate":"https:\/\/kidsplay.lt\/?s={search_term_string}"},"query-input":{"@type":"PropertyValueSpecification","valueRequired":true,"valueName":"search_term_string"}}],"inLanguage":"lv-LV"},{"@type":"Organization","@id":"https:\/\/kidsplay.lt\/#organization","name":"B\u0113rnu sp\u0113le","url":"https:\/\/kidsplay.lt\/","logo":{"@type":"ImageObject","inLanguage":"lv-LV","@id":"https:\/\/kidsplay.lt\/#\/schema\/logo\/image\/","url":"https:\/\/kidsplay.lt\/wp-content\/uploads\/2023\/07\/kidsplay-logo.png","contentUrl":"https:\/\/kidsplay.lt\/wp-content\/uploads\/2023\/07\/kidsplay-logo.png","width":451,"height":98,"caption":"KidsPlay"},"image":{"@id":"https:\/\/kidsplay.lt\/#\/schema\/logo\/image\/"},"sameAs":["https:\/\/www.facebook.com\/www.kidsplay.lt"]}]}},"_links":{"self":[{"href":"https:\/\/kidsplay.lt\/lv\/wp-json\/wp\/v2\/product\/86657","targetHints":{"allow":["GET"]}}],"collection":[{"href":"https:\/\/kidsplay.lt\/lv\/wp-json\/wp\/v2\/product"}],"about":[{"href":"https:\/\/kidsplay.lt\/lv\/wp-json\/wp\/v2\/types\/product"}],"version-history":[{"count":1,"href":"https:\/\/kidsplay.lt\/lv\/wp-json\/wp\/v2\/product\/86657\/revisions"}],"predecessor-version":[{"id":86658,"href":"https:\/\/kidsplay.lt\/lv\/wp-json\/wp\/v2\/product\/86657\/revisions\/86658"}],"wp:featuredmedia":[{"embeddable":true,"href":"https:\/\/kidsplay.lt\/lv\/wp-json\/wp\/v2\/media\/86659"}],"wp:attachment":[{"href":"https:\/\/kidsplay.lt\/lv\/wp-json\/wp\/v2\/media?parent=86657"}],"wp:term":[{"taxonomy":"product_brand","embeddable":true,"href":"https:\/\/kidsplay.lt\/lv\/wp-json\/wp\/v2\/product_brand?post=86657"},{"taxonomy":"product_cat","embeddable":true,"href":"https:\/\/kidsplay.lt\/lv\/wp-json\/wp\/v2\/product_cat?post=86657"},{"taxonomy":"product_tag","embeddable":true,"href":"https:\/\/kidsplay.lt\/lv\/wp-json\/wp\/v2\/product_tag?post=86657"}],"curies":[{"name":"wp","href":"https:\/\/api.w.org\/{rel}","templated":true}]}}