{"id":86751,"date":"2026-02-23T10:01:56","date_gmt":"2026-02-23T08:01:56","guid":{"rendered":"https:\/\/kidsplay.lt\/produktas\/pro100-rozinis-triratukas\/"},"modified":"2026-04-10T09:28:52","modified_gmt":"2026-04-10T06:28:52","slug":"pro100-rozinis-triratukas","status":"publish","type":"product","link":"https:\/\/kidsplay.lt\/lv\/products\/pro100-rozinis-triratukas\/","title":{"rendered":"PRO100 roz\u0101 tr\u012bsritenis"},"content":{"rendered":"<p>Ie\u0161kote triratuko, kuris nuo pat ma\u017eens skatint\u0173 vaik\u0105 jud\u0117ti ir m\u0117gautis aktyviu laisvalaikiu? PRO100 triratukas su trimis ratukais yra puikus pasirinkimas \u2013 patogus, stabilus ir lengvai pritaikomas augan\u010diam vaikui.<\/p>\n<p>\u0160is modelis yra daugiafunkcis, tod\u0117l \u201eauga\u201c kartu su ma\u017eyliu. J\u012f galima modifikuoti pagal vaiko \u012fg\u016bd\u017eius ir poreikius, o ro\u017ein\u0117 spalva ir krep\u0161inio formos priekinis krep\u0161elis suteikia \u017eaismingumo bei i\u0161skirtinumo.<br \/>\nKas nustebins PRO100 triratuke?<\/p>\n<p> \tsulankstomos pakojos<br \/>\n \tskambutis<br \/>\n \treguliuojamo auk\u0161\u010dio vairas<br \/>\n \tpriekyje ma\u017eas krep\u0161elis, gale \u2013 daiktad\u0117\u017e\u0117<br \/>\n \tpatogi st\u016bmimo rankena t\u0117vams (nuimama)<br \/>\n \ttvirti, dideli EVA ratukai<br \/>\n \tsumontuoti saugos dir\u017eai<\/p>\n<p>Visi \u0161ie priedai padeda vaikui mokytis savaranki\u0161kumo, o t\u0117vams \u2013 u\u017etikrinti saugi\u0105 kelion\u0119.<\/p>\n<p>PRO100 triratukas pagamintas i\u0161 auk\u0161tos kokyb\u0117s med\u017eiag\u0173, pasi\u017eymi stabilumu ir saugumu. Konstrukcija suma\u017eina rizik\u0105 prarasti pusiausvyr\u0105, tod\u0117l vaikas gali dr\u0105siai mokytis va\u017eiuoti.<\/p>\n<p>\u0160is triratukas tikrai auga kartu su j\u016bs\u0173 vaiku!<\/p>\n<p>Triratuko matmenys<\/p>\n<p> \ttriratuko matmenys: 95 \u00d7 48 \u00d7 90 cm<br \/>\n \tvairo ilgis: 80 cm<br \/>\n \trat\u0173 skersmuo: galiniai 22 cm, priekiniai 26 cm<br \/>\n \ts\u0117dyn\u0117s plotis: 23 cm<br \/>\n \ts\u0117dyn\u0117s gylis: 15 cm<br \/>\n \tbendras auk\u0161tis: 90 cm<br \/>\n \trat\u0173 baz\u0117: 35 cm<br \/>\n \tatstumas nuo s\u0117dyn\u0117s centro iki pedal\u0173: 35 cm<br \/>\n \tvairo plotis: 40 cm<br \/>\n \tvairo ranken\u0173 plotis: 7 cm<\/p>\n<p>Papildoma informacija<\/p>\n<p> \tmaksimali apkrova: 25 kg<br \/>\n \ttinkamas vaikams nuo 6 iki 60 m\u0117nesi\u0173<br \/>\n \tpakuot\u0117s matmenys: 66 \u00d7 32 \u00d7 26 cm<br \/>\n \tsvoris: 6 kg<\/p>","protected":false},"excerpt":{"rendered":"<p>Ie\u0161kote triratuko, kuris nuo pat ma\u017eens skatint\u0173 vaik\u0105 jud\u0117ti ir m\u0117gautis aktyviu laisvalaikiu? PRO100 triratukas su trimis ratukais yra puikus<\/p>","protected":false},"featured_media":86753,"template":"","meta":{"_acf_changed":false,"_glsr_average":0,"_glsr_ranking":0,"_glsr_reviews":0},"product_brand":[],"product_cat":[237,239],"product_tag":[],"class_list":{"0":"post-86751","1":"product","2":"type-product","3":"status-publish","4":"has-post-thumbnail","6":"product_cat-judejimo-priemones","7":"product_cat-triratukai","8":"\"style=\"background-color: #2ecc711c;\"","10":"first","11":"instock","12":"purchasable","13":"product-type-simple"},"acf":[],"yoast_head":"<!-- This site is optimized with the Yoast SEO plugin v27.3 - https:\/\/yoast.com\/product\/yoast-seo-wordpress\/ -->\n<title>PRO100 Ro\u017einis triratukas<\/title>\n<meta name=\"description\" content=\"PRO100 Ro\u017einis triratukas - KidsPlay. Did\u017eiausias vaik\u0173 \u017eaisl\u0173 pasirinkimas.\" \/>\n<meta name=\"robots\" content=\"index, follow, max-snippet:-1, max-image-preview:large, max-video-preview:-1\" \/>\n<link rel=\"canonical\" href=\"https:\/\/kidsplay.lt\/lv\/products\/pro100-rozinis-triratukas\/\" \/>\n<meta property=\"og:locale\" content=\"lv_LV\" \/>\n<meta property=\"og:type\" content=\"article\" \/>\n<meta property=\"og:title\" content=\"PRO100 Ro\u017einis triratukas\" \/>\n<meta property=\"og:description\" content=\"PRO100 Ro\u017einis triratukas - KidsPlay. Did\u017eiausias vaik\u0173 \u017eaisl\u0173 pasirinkimas.\" \/>\n<meta property=\"og:url\" content=\"https:\/\/kidsplay.lt\/lv\/products\/pro100-rozinis-triratukas\/\" \/>\n<meta property=\"og:site_name\" content=\"KidsPlay\" \/>\n<meta property=\"article:publisher\" content=\"https:\/\/www.facebook.com\/www.kidsplay.lt\" \/>\n<meta property=\"article:modified_time\" content=\"2026-04-10T06:28:52+00:00\" \/>\n<meta property=\"og:image\" content=\"https:\/\/kidsplay.lt\/wp-content\/uploads\/2026\/02\/PRO100-Rozinis-triratukas.jpg\" \/>\n\t<meta property=\"og:image:width\" content=\"1000\" \/>\n\t<meta property=\"og:image:height\" content=\"750\" \/>\n\t<meta property=\"og:image:type\" content=\"image\/jpeg\" \/>\n<meta name=\"twitter:card\" content=\"summary_large_image\" \/>\n<meta name=\"twitter:label1\" content=\"Est. reading time\" \/>\n\t<meta name=\"twitter:data1\" content=\"1 min\u016bte\" \/>\n<script type=\"application\/ld+json\" class=\"yoast-schema-graph\">{\"@context\":\"https:\\\/\\\/schema.org\",\"@graph\":[{\"@type\":\"WebPage\",\"@id\":\"https:\\\/\\\/kidsplay.lt\\\/produktas\\\/pro100-rozinis-triratukas\\\/\",\"url\":\"https:\\\/\\\/kidsplay.lt\\\/produktas\\\/pro100-rozinis-triratukas\\\/\",\"name\":\"PRO100 Ro\u017einis triratukas\",\"isPartOf\":{\"@id\":\"https:\\\/\\\/kidsplay.lt\\\/#website\"},\"primaryImageOfPage\":{\"@id\":\"https:\\\/\\\/kidsplay.lt\\\/produktas\\\/pro100-rozinis-triratukas\\\/#primaryimage\"},\"image\":{\"@id\":\"https:\\\/\\\/kidsplay.lt\\\/produktas\\\/pro100-rozinis-triratukas\\\/#primaryimage\"},\"thumbnailUrl\":\"https:\\\/\\\/kidsplay.lt\\\/wp-content\\\/uploads\\\/2026\\\/02\\\/PRO100-Rozinis-triratukas.jpg\",\"datePublished\":\"2026-02-23T08:01:56+00:00\",\"dateModified\":\"2026-04-10T06:28:52+00:00\",\"description\":\"PRO100 Ro\u017einis triratukas - KidsPlay. Did\u017eiausias vaik\u0173 \u017eaisl\u0173 pasirinkimas.\",\"breadcrumb\":{\"@id\":\"https:\\\/\\\/kidsplay.lt\\\/produktas\\\/pro100-rozinis-triratukas\\\/#breadcrumb\"},\"inLanguage\":\"lv-LV\",\"potentialAction\":[{\"@type\":\"ReadAction\",\"target\":[\"https:\\\/\\\/kidsplay.lt\\\/produktas\\\/pro100-rozinis-triratukas\\\/\"]}]},{\"@type\":\"ImageObject\",\"inLanguage\":\"lv-LV\",\"@id\":\"https:\\\/\\\/kidsplay.lt\\\/produktas\\\/pro100-rozinis-triratukas\\\/#primaryimage\",\"url\":\"https:\\\/\\\/kidsplay.lt\\\/wp-content\\\/uploads\\\/2026\\\/02\\\/PRO100-Rozinis-triratukas.jpg\",\"contentUrl\":\"https:\\\/\\\/kidsplay.lt\\\/wp-content\\\/uploads\\\/2026\\\/02\\\/PRO100-Rozinis-triratukas.jpg\",\"width\":1000,\"height\":750,\"caption\":\"PRO100 Ro\u017einis triratukas\"},{\"@type\":\"BreadcrumbList\",\"@id\":\"https:\\\/\\\/kidsplay.lt\\\/produktas\\\/pro100-rozinis-triratukas\\\/#breadcrumb\",\"itemListElement\":[{\"@type\":\"ListItem\",\"position\":1,\"name\":\"Pagrindinis\",\"item\":\"https:\\\/\\\/kidsplay.lt\\\/\"},{\"@type\":\"ListItem\",\"position\":2,\"name\":\"Parduotuv\u0117\",\"item\":\"https:\\\/\\\/kidsplay.lt\\\/parduotuve\\\/\"},{\"@type\":\"ListItem\",\"position\":3,\"name\":\"PRO100 Ro\u017einis triratukas\"}]},{\"@type\":\"WebSite\",\"@id\":\"https:\\\/\\\/kidsplay.lt\\\/#website\",\"url\":\"https:\\\/\\\/kidsplay.lt\\\/\",\"name\":\"Kidsplay.lt\",\"description\":\"\u012evairios prek\u0117s vaikams\",\"publisher\":{\"@id\":\"https:\\\/\\\/kidsplay.lt\\\/#organization\"},\"alternateName\":\"Kidsplay\",\"potentialAction\":[{\"@type\":\"SearchAction\",\"target\":{\"@type\":\"EntryPoint\",\"urlTemplate\":\"https:\\\/\\\/kidsplay.lt\\\/?s={search_term_string}\"},\"query-input\":{\"@type\":\"PropertyValueSpecification\",\"valueRequired\":true,\"valueName\":\"search_term_string\"}}],\"inLanguage\":\"lv-LV\"},{\"@type\":\"Organization\",\"@id\":\"https:\\\/\\\/kidsplay.lt\\\/#organization\",\"name\":\"KidsPlay\",\"url\":\"https:\\\/\\\/kidsplay.lt\\\/\",\"logo\":{\"@type\":\"ImageObject\",\"inLanguage\":\"lv-LV\",\"@id\":\"https:\\\/\\\/kidsplay.lt\\\/#\\\/schema\\\/logo\\\/image\\\/\",\"url\":\"https:\\\/\\\/kidsplay.lt\\\/wp-content\\\/uploads\\\/2023\\\/07\\\/kidsplay-logo.png\",\"contentUrl\":\"https:\\\/\\\/kidsplay.lt\\\/wp-content\\\/uploads\\\/2023\\\/07\\\/kidsplay-logo.png\",\"width\":451,\"height\":98,\"caption\":\"KidsPlay\"},\"image\":{\"@id\":\"https:\\\/\\\/kidsplay.lt\\\/#\\\/schema\\\/logo\\\/image\\\/\"},\"sameAs\":[\"https:\\\/\\\/www.facebook.com\\\/www.kidsplay.lt\"]}]}<\/script>\n<!-- \/ Yoast SEO plugin. -->","yoast_head_json":{"title":"PRO100 roz\u0101 tr\u012bsritenis","description":"PRO100 Ro\u017einis triratukas - KidsPlay. Did\u017eiausias vaik\u0173 \u017eaisl\u0173 pasirinkimas.","robots":{"index":"index","follow":"follow","max-snippet":"max-snippet:-1","max-image-preview":"max-image-preview:large","max-video-preview":"max-video-preview:-1"},"canonical":"https:\/\/kidsplay.lt\/lv\/products\/pro100-rozinis-triratukas\/","og_locale":"lv_LV","og_type":"article","og_title":"PRO100 Ro\u017einis triratukas","og_description":"PRO100 Ro\u017einis triratukas - KidsPlay. Did\u017eiausias vaik\u0173 \u017eaisl\u0173 pasirinkimas.","og_url":"https:\/\/kidsplay.lt\/lv\/products\/pro100-rozinis-triratukas\/","og_site_name":"KidsPlay","article_publisher":"https:\/\/www.facebook.com\/www.kidsplay.lt","article_modified_time":"2026-04-10T06:28:52+00:00","og_image":[{"width":1000,"height":750,"url":"https:\/\/kidsplay.lt\/wp-content\/uploads\/2026\/02\/PRO100-Rozinis-triratukas.jpg","type":"image\/jpeg"}],"twitter_card":"summary_large_image","twitter_misc":{"Est. reading time":"1 min\u016bte"},"schema":{"@context":"https:\/\/schema.org","@graph":[{"@type":"WebPage","@id":"https:\/\/kidsplay.lt\/produktas\/pro100-rozinis-triratukas\/","url":"https:\/\/kidsplay.lt\/produktas\/pro100-rozinis-triratukas\/","name":"PRO100 roz\u0101 tr\u012bsritenis","isPartOf":{"@id":"https:\/\/kidsplay.lt\/#website"},"primaryImageOfPage":{"@id":"https:\/\/kidsplay.lt\/produktas\/pro100-rozinis-triratukas\/#primaryimage"},"image":{"@id":"https:\/\/kidsplay.lt\/produktas\/pro100-rozinis-triratukas\/#primaryimage"},"thumbnailUrl":"https:\/\/kidsplay.lt\/wp-content\/uploads\/2026\/02\/PRO100-Rozinis-triratukas.jpg","datePublished":"2026-02-23T08:01:56+00:00","dateModified":"2026-04-10T06:28:52+00:00","description":"PRO100 Ro\u017einis triratukas - KidsPlay. Did\u017eiausias vaik\u0173 \u017eaisl\u0173 pasirinkimas.","breadcrumb":{"@id":"https:\/\/kidsplay.lt\/produktas\/pro100-rozinis-triratukas\/#breadcrumb"},"inLanguage":"lv-LV","potentialAction":[{"@type":"ReadAction","target":["https:\/\/kidsplay.lt\/produktas\/pro100-rozinis-triratukas\/"]}]},{"@type":"ImageObject","inLanguage":"lv-LV","@id":"https:\/\/kidsplay.lt\/produktas\/pro100-rozinis-triratukas\/#primaryimage","url":"https:\/\/kidsplay.lt\/wp-content\/uploads\/2026\/02\/PRO100-Rozinis-triratukas.jpg","contentUrl":"https:\/\/kidsplay.lt\/wp-content\/uploads\/2026\/02\/PRO100-Rozinis-triratukas.jpg","width":1000,"height":750,"caption":"PRO100 Ro\u017einis triratukas"},{"@type":"BreadcrumbList","@id":"https:\/\/kidsplay.lt\/produktas\/pro100-rozinis-triratukas\/#breadcrumb","itemListElement":[{"@type":"ListItem","position":1,"name":"Pagrindinis","item":"https:\/\/kidsplay.lt\/"},{"@type":"ListItem","position":2,"name":"Parduotuv\u0117","item":"https:\/\/kidsplay.lt\/parduotuve\/"},{"@type":"ListItem","position":3,"name":"PRO100 Ro\u017einis triratukas"}]},{"@type":"WebSite","@id":"https:\/\/kidsplay.lt\/#website","url":"https:\/\/kidsplay.lt\/","name":"B\u0113rnu sp\u0113les.lv","description":"\u012evairios prek\u0117s vaikams","publisher":{"@id":"https:\/\/kidsplay.lt\/#organization"},"alternateName":"Kidsplay","potentialAction":[{"@type":"SearchAction","target":{"@type":"EntryPoint","urlTemplate":"https:\/\/kidsplay.lt\/?s={search_term_string}"},"query-input":{"@type":"PropertyValueSpecification","valueRequired":true,"valueName":"search_term_string"}}],"inLanguage":"lv-LV"},{"@type":"Organization","@id":"https:\/\/kidsplay.lt\/#organization","name":"B\u0113rnu sp\u0113le","url":"https:\/\/kidsplay.lt\/","logo":{"@type":"ImageObject","inLanguage":"lv-LV","@id":"https:\/\/kidsplay.lt\/#\/schema\/logo\/image\/","url":"https:\/\/kidsplay.lt\/wp-content\/uploads\/2023\/07\/kidsplay-logo.png","contentUrl":"https:\/\/kidsplay.lt\/wp-content\/uploads\/2023\/07\/kidsplay-logo.png","width":451,"height":98,"caption":"KidsPlay"},"image":{"@id":"https:\/\/kidsplay.lt\/#\/schema\/logo\/image\/"},"sameAs":["https:\/\/www.facebook.com\/www.kidsplay.lt"]}]}},"_links":{"self":[{"href":"https:\/\/kidsplay.lt\/lv\/wp-json\/wp\/v2\/product\/86751","targetHints":{"allow":["GET"]}}],"collection":[{"href":"https:\/\/kidsplay.lt\/lv\/wp-json\/wp\/v2\/product"}],"about":[{"href":"https:\/\/kidsplay.lt\/lv\/wp-json\/wp\/v2\/types\/product"}],"version-history":[{"count":1,"href":"https:\/\/kidsplay.lt\/lv\/wp-json\/wp\/v2\/product\/86751\/revisions"}],"predecessor-version":[{"id":86752,"href":"https:\/\/kidsplay.lt\/lv\/wp-json\/wp\/v2\/product\/86751\/revisions\/86752"}],"wp:featuredmedia":[{"embeddable":true,"href":"https:\/\/kidsplay.lt\/lv\/wp-json\/wp\/v2\/media\/86753"}],"wp:attachment":[{"href":"https:\/\/kidsplay.lt\/lv\/wp-json\/wp\/v2\/media?parent=86751"}],"wp:term":[{"taxonomy":"product_brand","embeddable":true,"href":"https:\/\/kidsplay.lt\/lv\/wp-json\/wp\/v2\/product_brand?post=86751"},{"taxonomy":"product_cat","embeddable":true,"href":"https:\/\/kidsplay.lt\/lv\/wp-json\/wp\/v2\/product_cat?post=86751"},{"taxonomy":"product_tag","embeddable":true,"href":"https:\/\/kidsplay.lt\/lv\/wp-json\/wp\/v2\/product_tag?post=86751"}],"curies":[{"name":"wp","href":"https:\/\/api.w.org\/{rel}","templated":true}]}}